{"id":4937,"date":"2020-04-13T15:41:40","date_gmt":"2020-04-13T15:41:40","guid":{"rendered":"https:\/\/lhchosting.com\/hosna\/?post_type=product&#038;p=4937"},"modified":"2021-12-19T09:21:31","modified_gmt":"2021-12-19T09:21:31","slug":"bosch-boulonneuse-gds-18v-li-ht-sans-fil-650-nm-1-2-2bat-4-0ah","status":"publish","type":"product","link":"https:\/\/eurlhosnakamel.dz\/dz\/produit\/bosch-boulonneuse-gds-18v-li-ht-sans-fil-650-nm-1-2-2bat-4-0ah\/","title":{"rendered":"Boulonneuse sans fil 18 V 650 Nm (2 Batteries 5.0 Ah, GAL 1880 CV) GDS 18 V-LI HT"},"content":{"rendered":"<h4><strong>Caract\u00e9ristiques techniques<\/strong><\/h4>\n<table width=\"457\">\n<thead>\n<tr>\n<td colspan=\"2\"><strong>Les caract\u00e9ristiques les plus importantes<\/strong><\/td>\n<\/tr>\n<\/thead>\n<tbody>\n<tr>\n<td>R\u00e9gime \u00e0 vide<\/td>\n<td>0-1.900 t\/min<\/td>\n<\/tr>\n<tr>\n<td>Couple, maxi<\/td>\n<td>650 Nm<\/td>\n<\/tr>\n<tr>\n<td>Fr\u00e9quence de frappe<\/td>\n<td>0-2.100 cps\/min<\/td>\n<\/tr>\n<tr>\n<td>Tension de la batterie<\/td>\n<td>18 V<\/td>\n<\/tr>\n<tr>\n<td>Porte-outils<\/td>\n<td>Carr\u00e9 m\u00e2le de 1\/2&#8243;<\/td>\n<\/tr>\n<tr>\n<td>Dimensions de l\u2019emballage (longueur x largeur x hauteur)<\/td>\n<td>235 x 290 x 100 mm<\/td>\n<\/tr>\n<tr>\n<td>Poids avec batterie<\/td>\n<td>3 kg<\/td>\n<\/tr>\n<\/tbody>\n<\/table>\n<p>&nbsp;<\/p>\n<table width=\"457\">\n<thead>\n<tr>\n<td colspan=\"2\"><strong>Diam\u00e8tre de la vis<\/strong><\/td>\n<\/tr>\n<\/thead>\n<tbody>\n<tr>\n<td>\u00d8 des vis<\/td>\n<td>M 12 \u2013 M 20<\/td>\n<\/tr>\n<\/tbody>\n<\/table>\n<p>Information sur les bruits\/vibrations<\/p>\n<p>Valeurs totales des vibrations (somme de vecteurs de trois sens)<\/p>\n<table width=\"457\">\n<thead>\n<tr>\n<td colspan=\"2\"><strong>Serrage de vis et d&#8217;\u00e9crous de taille maximale autoris\u00e9e<\/strong><\/td>\n<\/tr>\n<\/thead>\n<tbody>\n<tr>\n<td>Valeur d&#8217;\u00e9mission vibratoire ah<\/td>\n<td>12,5 m\/s\u00b2<\/td>\n<\/tr>\n<tr>\n<td>Incertitude K<\/td>\n<td>3,4 m\/s\u00b2<\/td>\n<\/tr>\n<\/tbody>\n<\/table>\n<h4><strong>Avantages<\/strong><\/h4>\n<h4><strong>La plus puissante des boulonneuses sans-fil 18 V<\/strong><\/h4>\n<ul>\n<li>Couple \u00e9lev\u00e9 (650 Nm) pour les applications de vissage exigeantes dans le m\u00e9tal (M 12 &#8211; M 20) et le b\u00e9ton<\/li>\n<li>Extr\u00eamement robuste et r\u00e9sistante gr\u00e2ce \u00e0 l\u2019engrenage enti\u00e8rement m\u00e9tallique et au carter en m\u00e9tal<\/li>\n<li>Avec ses 3,0 kg, une des boulonneuses \u00ab\u00a0couple \u00e9lev\u00e9\u00a0\u00bb les plus l\u00e9g\u00e8res<\/li>\n<\/ul>\n<p>&nbsp;<\/p>\n","protected":false},"excerpt":{"rendered":"<h4><strong>Dans bo\u00eete en carton<\/strong><\/h4>\n<h4><strong>La plus puissante des boulonneuses sans-fil 18 V<\/strong><\/h4>\n<p><img decoding=\"async\" class=\"alignnone size-medium wp-image-4951\" src=\"https:\/\/lhchosting.com\/hosna\/wp-content\/uploads\/2020\/04\/BOSCH-BOULONNEUSE-GDS18V-LI-ICONE-300x117.jpg\" alt=\"\" width=\"300\" height=\"117\" srcset=\"https:\/\/eurlhosnakamel.dz\/dz\/wp-content\/uploads\/2020\/04\/BOSCH-BOULONNEUSE-GDS18V-LI-ICONE-300x117.jpg 300w, https:\/\/eurlhosnakamel.dz\/dz\/wp-content\/uploads\/2020\/04\/BOSCH-BOULONNEUSE-GDS18V-LI-ICONE-500x196.jpg 500w, https:\/\/eurlhosnakamel.dz\/dz\/wp-content\/uploads\/2020\/04\/BOSCH-BOULONNEUSE-GDS18V-LI-ICONE-370x145.jpg 370w, https:\/\/eurlhosnakamel.dz\/dz\/wp-content\/uploads\/2020\/04\/BOSCH-BOULONNEUSE-GDS18V-LI-ICONE-200x78.jpg 200w, https:\/\/eurlhosnakamel.dz\/dz\/wp-content\/uploads\/2020\/04\/BOSCH-BOULONNEUSE-GDS18V-LI-ICONE.jpg 585w\" sizes=\"(max-width: 300px) 100vw, 300px\" \/><\/p>\n","protected":false},"featured_media":4943,"template":"","meta":[],"product_cat":[405,443],"product_tag":[825,2390],"class_list":{"0":"post-4937","1":"product","2":"type-product","3":"status-publish","4":"has-post-thumbnail","6":"product_cat-outillage","7":"product_cat-outillage-sans-fil","8":"product_tag-bosch-boulonneuse-gds18v-li-ht-s-fil-650nm-1-2-2bat-4-0ah","9":"product_tag-gds-18-v-li-ht","10":"product_brand-bosch-outillage","12":"first","13":"instock","14":"shipping-taxable","15":"product-type-simple","16":"col-xs-6 col-sm-4","17":"col-md-3 col-lg-3","18":"un-4-cols"},"yoast_head":"<!-- This site is optimized with the Yoast SEO plugin v22.5 - https:\/\/yoast.com\/wordpress\/plugins\/seo\/ -->\n<title>Boulonneuse sans fil 18 V 650 Nm (2 Batteries 5.0 Ah, GAL 1880 CV) GDS 18 V-LI HT - EURL HOSNA KAMEL<\/title>\n<meta name=\"description\" content=\"Boulonneuse sans fil 18 V 650 Nm (2 Batteries 5.0 Ah, GAL 1880 CV) GDS 18 V-LI HT - EURL HOSNA KAMEL\" \/>\n<meta name=\"robots\" content=\"index, follow, max-snippet:-1, max-image-preview:large, max-video-preview:-1\" \/>\n<link rel=\"canonical\" href=\"https:\/\/eurlhosnakamel.dz\/dz\/produit\/bosch-boulonneuse-gds-18v-li-ht-sans-fil-650-nm-1-2-2bat-4-0ah\/\" \/>\n<meta property=\"og:locale\" content=\"fr_FR\" \/>\n<meta property=\"og:type\" content=\"article\" \/>\n<meta property=\"og:title\" content=\"Boulonneuse sans fil 18 V 650 Nm (2 Batteries 5.0 Ah, GAL 1880 CV) GDS 18 V-LI HT - EURL HOSNA KAMEL\" \/>\n<meta property=\"og:description\" content=\"Boulonneuse sans fil 18 V 650 Nm (2 Batteries 5.0 Ah, GAL 1880 CV) GDS 18 V-LI HT - EURL HOSNA KAMEL\" \/>\n<meta property=\"og:url\" content=\"https:\/\/eurlhosnakamel.dz\/dz\/produit\/bosch-boulonneuse-gds-18v-li-ht-sans-fil-650-nm-1-2-2bat-4-0ah\/\" \/>\n<meta property=\"og:site_name\" content=\"EURL HOSNA KAMEL\" \/>\n<meta property=\"article:publisher\" content=\"https:\/\/www.facebook.com\/Eurl.Hosna.DZ\/\" \/>\n<meta property=\"article:modified_time\" content=\"2021-12-19T09:21:31+00:00\" \/>\n<meta property=\"og:image\" content=\"https:\/\/eurlhosnakamel.dz\/dz\/wp-content\/uploads\/2020\/04\/BOSCH-BOULONNEUSE-GDS18V-LI.jpg\" \/>\n\t<meta property=\"og:image:width\" content=\"512\" \/>\n\t<meta property=\"og:image:height\" content=\"512\" \/>\n\t<meta property=\"og:image:type\" content=\"image\/jpeg\" \/>\n<meta name=\"twitter:card\" content=\"summary_large_image\" \/>\n<meta name=\"twitter:label1\" content=\"Dur\u00e9e de lecture estim\u00e9e\" \/>\n\t<meta name=\"twitter:data1\" content=\"1 minute\" \/>\n<script type=\"application\/ld+json\" class=\"yoast-schema-graph\">{\"@context\":\"https:\/\/schema.org\",\"@graph\":[{\"@type\":\"WebPage\",\"@id\":\"https:\/\/eurlhosnakamel.dz\/dz\/produit\/bosch-boulonneuse-gds-18v-li-ht-sans-fil-650-nm-1-2-2bat-4-0ah\/\",\"url\":\"https:\/\/eurlhosnakamel.dz\/dz\/produit\/bosch-boulonneuse-gds-18v-li-ht-sans-fil-650-nm-1-2-2bat-4-0ah\/\",\"name\":\"Boulonneuse sans fil 18 V 650 Nm (2 Batteries 5.0 Ah, GAL 1880 CV) GDS 18 V-LI HT - EURL HOSNA KAMEL\",\"isPartOf\":{\"@id\":\"https:\/\/eurlhosnakamel.dz\/dz\/#website\"},\"primaryImageOfPage\":{\"@id\":\"https:\/\/eurlhosnakamel.dz\/dz\/produit\/bosch-boulonneuse-gds-18v-li-ht-sans-fil-650-nm-1-2-2bat-4-0ah\/#primaryimage\"},\"image\":{\"@id\":\"https:\/\/eurlhosnakamel.dz\/dz\/produit\/bosch-boulonneuse-gds-18v-li-ht-sans-fil-650-nm-1-2-2bat-4-0ah\/#primaryimage\"},\"thumbnailUrl\":\"https:\/\/eurlhosnakamel.dz\/dz\/wp-content\/uploads\/2020\/04\/BOSCH-BOULONNEUSE-GDS18V-LI.jpg\",\"datePublished\":\"2020-04-13T15:41:40+00:00\",\"dateModified\":\"2021-12-19T09:21:31+00:00\",\"description\":\"Boulonneuse sans fil 18 V 650 Nm (2 Batteries 5.0 Ah, GAL 1880 CV) GDS 18 V-LI HT - EURL HOSNA KAMEL\",\"breadcrumb\":{\"@id\":\"https:\/\/eurlhosnakamel.dz\/dz\/produit\/bosch-boulonneuse-gds-18v-li-ht-sans-fil-650-nm-1-2-2bat-4-0ah\/#breadcrumb\"},\"inLanguage\":\"fr-FR\",\"potentialAction\":[{\"@type\":\"ReadAction\",\"target\":[\"https:\/\/eurlhosnakamel.dz\/dz\/produit\/bosch-boulonneuse-gds-18v-li-ht-sans-fil-650-nm-1-2-2bat-4-0ah\/\"]}]},{\"@type\":\"ImageObject\",\"inLanguage\":\"fr-FR\",\"@id\":\"https:\/\/eurlhosnakamel.dz\/dz\/produit\/bosch-boulonneuse-gds-18v-li-ht-sans-fil-650-nm-1-2-2bat-4-0ah\/#primaryimage\",\"url\":\"https:\/\/eurlhosnakamel.dz\/dz\/wp-content\/uploads\/2020\/04\/BOSCH-BOULONNEUSE-GDS18V-LI.jpg\",\"contentUrl\":\"https:\/\/eurlhosnakamel.dz\/dz\/wp-content\/uploads\/2020\/04\/BOSCH-BOULONNEUSE-GDS18V-LI.jpg\",\"width\":512,\"height\":512},{\"@type\":\"BreadcrumbList\",\"@id\":\"https:\/\/eurlhosnakamel.dz\/dz\/produit\/bosch-boulonneuse-gds-18v-li-ht-sans-fil-650-nm-1-2-2bat-4-0ah\/#breadcrumb\",\"itemListElement\":[{\"@type\":\"ListItem\",\"position\":1,\"name\":\"Accueil\",\"item\":\"https:\/\/eurlhosnakamel.dz\/dz\/\"},{\"@type\":\"ListItem\",\"position\":2,\"name\":\"Shop\",\"item\":\"https:\/\/eurlhosnakamel.dz\/dz\/shop\/\"},{\"@type\":\"ListItem\",\"position\":3,\"name\":\"Boulonneuse sans fil 18 V 650 Nm (2 Batteries 5.0 Ah, GAL 1880 CV) GDS 18 V-LI HT\"}]},{\"@type\":\"WebSite\",\"@id\":\"https:\/\/eurlhosnakamel.dz\/dz\/#website\",\"url\":\"https:\/\/eurlhosnakamel.dz\/dz\/\",\"name\":\"EURL HOSNA KAMEL\",\"description\":\"Fournisseur Premium d&#039;Outillages Professionnels en Alg\u00e9rie -\",\"publisher\":{\"@id\":\"https:\/\/eurlhosnakamel.dz\/dz\/#organization\"},\"potentialAction\":[{\"@type\":\"SearchAction\",\"target\":{\"@type\":\"EntryPoint\",\"urlTemplate\":\"https:\/\/eurlhosnakamel.dz\/dz\/?s={search_term_string}\"},\"query-input\":\"required name=search_term_string\"}],\"inLanguage\":\"fr-FR\"},{\"@type\":\"Organization\",\"@id\":\"https:\/\/eurlhosnakamel.dz\/dz\/#organization\",\"name\":\"EURL HOSNA KAMEL - Bosch alg\u00e9rie\",\"url\":\"https:\/\/eurlhosnakamel.dz\/dz\/\",\"logo\":{\"@type\":\"ImageObject\",\"inLanguage\":\"fr-FR\",\"@id\":\"https:\/\/eurlhosnakamel.dz\/dz\/#\/schema\/logo\/image\/\",\"url\":\"https:\/\/eurlhosnakamel.dz\/wp-content\/uploads\/2020\/04\/LOGO-HOSNA1.png\",\"contentUrl\":\"https:\/\/eurlhosnakamel.dz\/wp-content\/uploads\/2020\/04\/LOGO-HOSNA1.png\",\"width\":120,\"height\":127,\"caption\":\"EURL HOSNA KAMEL - Bosch alg\u00e9rie\"},\"image\":{\"@id\":\"https:\/\/eurlhosnakamel.dz\/dz\/#\/schema\/logo\/image\/\"},\"sameAs\":[\"https:\/\/www.facebook.com\/Eurl.Hosna.DZ\/\"]}]}<\/script>\n<!-- \/ Yoast SEO plugin. -->","yoast_head_json":{"title":"Boulonneuse sans fil 18 V 650 Nm (2 Batteries 5.0 Ah, GAL 1880 CV) GDS 18 V-LI HT - EURL HOSNA KAMEL","description":"Boulonneuse sans fil 18 V 650 Nm (2 Batteries 5.0 Ah, GAL 1880 CV) GDS 18 V-LI HT - EURL HOSNA KAMEL","robots":{"index":"index","follow":"follow","max-snippet":"max-snippet:-1","max-image-preview":"max-image-preview:large","max-video-preview":"max-video-preview:-1"},"canonical":"https:\/\/eurlhosnakamel.dz\/dz\/produit\/bosch-boulonneuse-gds-18v-li-ht-sans-fil-650-nm-1-2-2bat-4-0ah\/","og_locale":"fr_FR","og_type":"article","og_title":"Boulonneuse sans fil 18 V 650 Nm (2 Batteries 5.0 Ah, GAL 1880 CV) GDS 18 V-LI HT - EURL HOSNA KAMEL","og_description":"Boulonneuse sans fil 18 V 650 Nm (2 Batteries 5.0 Ah, GAL 1880 CV) GDS 18 V-LI HT - EURL HOSNA KAMEL","og_url":"https:\/\/eurlhosnakamel.dz\/dz\/produit\/bosch-boulonneuse-gds-18v-li-ht-sans-fil-650-nm-1-2-2bat-4-0ah\/","og_site_name":"EURL HOSNA KAMEL","article_publisher":"https:\/\/www.facebook.com\/Eurl.Hosna.DZ\/","article_modified_time":"2021-12-19T09:21:31+00:00","og_image":[{"width":512,"height":512,"url":"https:\/\/eurlhosnakamel.dz\/dz\/wp-content\/uploads\/2020\/04\/BOSCH-BOULONNEUSE-GDS18V-LI.jpg","type":"image\/jpeg"}],"twitter_card":"summary_large_image","twitter_misc":{"Dur\u00e9e de lecture estim\u00e9e":"1 minute"},"schema":{"@context":"https:\/\/schema.org","@graph":[{"@type":"WebPage","@id":"https:\/\/eurlhosnakamel.dz\/dz\/produit\/bosch-boulonneuse-gds-18v-li-ht-sans-fil-650-nm-1-2-2bat-4-0ah\/","url":"https:\/\/eurlhosnakamel.dz\/dz\/produit\/bosch-boulonneuse-gds-18v-li-ht-sans-fil-650-nm-1-2-2bat-4-0ah\/","name":"Boulonneuse sans fil 18 V 650 Nm (2 Batteries 5.0 Ah, GAL 1880 CV) GDS 18 V-LI HT - EURL HOSNA KAMEL","isPartOf":{"@id":"https:\/\/eurlhosnakamel.dz\/dz\/#website"},"primaryImageOfPage":{"@id":"https:\/\/eurlhosnakamel.dz\/dz\/produit\/bosch-boulonneuse-gds-18v-li-ht-sans-fil-650-nm-1-2-2bat-4-0ah\/#primaryimage"},"image":{"@id":"https:\/\/eurlhosnakamel.dz\/dz\/produit\/bosch-boulonneuse-gds-18v-li-ht-sans-fil-650-nm-1-2-2bat-4-0ah\/#primaryimage"},"thumbnailUrl":"https:\/\/eurlhosnakamel.dz\/dz\/wp-content\/uploads\/2020\/04\/BOSCH-BOULONNEUSE-GDS18V-LI.jpg","datePublished":"2020-04-13T15:41:40+00:00","dateModified":"2021-12-19T09:21:31+00:00","description":"Boulonneuse sans fil 18 V 650 Nm (2 Batteries 5.0 Ah, GAL 1880 CV) GDS 18 V-LI HT - EURL HOSNA KAMEL","breadcrumb":{"@id":"https:\/\/eurlhosnakamel.dz\/dz\/produit\/bosch-boulonneuse-gds-18v-li-ht-sans-fil-650-nm-1-2-2bat-4-0ah\/#breadcrumb"},"inLanguage":"fr-FR","potentialAction":[{"@type":"ReadAction","target":["https:\/\/eurlhosnakamel.dz\/dz\/produit\/bosch-boulonneuse-gds-18v-li-ht-sans-fil-650-nm-1-2-2bat-4-0ah\/"]}]},{"@type":"ImageObject","inLanguage":"fr-FR","@id":"https:\/\/eurlhosnakamel.dz\/dz\/produit\/bosch-boulonneuse-gds-18v-li-ht-sans-fil-650-nm-1-2-2bat-4-0ah\/#primaryimage","url":"https:\/\/eurlhosnakamel.dz\/dz\/wp-content\/uploads\/2020\/04\/BOSCH-BOULONNEUSE-GDS18V-LI.jpg","contentUrl":"https:\/\/eurlhosnakamel.dz\/dz\/wp-content\/uploads\/2020\/04\/BOSCH-BOULONNEUSE-GDS18V-LI.jpg","width":512,"height":512},{"@type":"BreadcrumbList","@id":"https:\/\/eurlhosnakamel.dz\/dz\/produit\/bosch-boulonneuse-gds-18v-li-ht-sans-fil-650-nm-1-2-2bat-4-0ah\/#breadcrumb","itemListElement":[{"@type":"ListItem","position":1,"name":"Accueil","item":"https:\/\/eurlhosnakamel.dz\/dz\/"},{"@type":"ListItem","position":2,"name":"Shop","item":"https:\/\/eurlhosnakamel.dz\/dz\/shop\/"},{"@type":"ListItem","position":3,"name":"Boulonneuse sans fil 18 V 650 Nm (2 Batteries 5.0 Ah, GAL 1880 CV) GDS 18 V-LI HT"}]},{"@type":"WebSite","@id":"https:\/\/eurlhosnakamel.dz\/dz\/#website","url":"https:\/\/eurlhosnakamel.dz\/dz\/","name":"EURL HOSNA KAMEL","description":"Fournisseur Premium d&#039;Outillages Professionnels en Alg\u00e9rie -","publisher":{"@id":"https:\/\/eurlhosnakamel.dz\/dz\/#organization"},"potentialAction":[{"@type":"SearchAction","target":{"@type":"EntryPoint","urlTemplate":"https:\/\/eurlhosnakamel.dz\/dz\/?s={search_term_string}"},"query-input":"required name=search_term_string"}],"inLanguage":"fr-FR"},{"@type":"Organization","@id":"https:\/\/eurlhosnakamel.dz\/dz\/#organization","name":"EURL HOSNA KAMEL - Bosch alg\u00e9rie","url":"https:\/\/eurlhosnakamel.dz\/dz\/","logo":{"@type":"ImageObject","inLanguage":"fr-FR","@id":"https:\/\/eurlhosnakamel.dz\/dz\/#\/schema\/logo\/image\/","url":"https:\/\/eurlhosnakamel.dz\/wp-content\/uploads\/2020\/04\/LOGO-HOSNA1.png","contentUrl":"https:\/\/eurlhosnakamel.dz\/wp-content\/uploads\/2020\/04\/LOGO-HOSNA1.png","width":120,"height":127,"caption":"EURL HOSNA KAMEL - Bosch alg\u00e9rie"},"image":{"@id":"https:\/\/eurlhosnakamel.dz\/dz\/#\/schema\/logo\/image\/"},"sameAs":["https:\/\/www.facebook.com\/Eurl.Hosna.DZ\/"]}]}},"_links":{"self":[{"href":"https:\/\/eurlhosnakamel.dz\/dz\/wp-json\/wp\/v2\/product\/4937","targetHints":{"allow":["GET"]}}],"collection":[{"href":"https:\/\/eurlhosnakamel.dz\/dz\/wp-json\/wp\/v2\/product"}],"about":[{"href":"https:\/\/eurlhosnakamel.dz\/dz\/wp-json\/wp\/v2\/types\/product"}],"wp:featuredmedia":[{"embeddable":true,"href":"https:\/\/eurlhosnakamel.dz\/dz\/wp-json\/wp\/v2\/media\/4943"}],"wp:attachment":[{"href":"https:\/\/eurlhosnakamel.dz\/dz\/wp-json\/wp\/v2\/media?parent=4937"}],"wp:term":[{"taxonomy":"product_cat","embeddable":true,"href":"https:\/\/eurlhosnakamel.dz\/dz\/wp-json\/wp\/v2\/product_cat?post=4937"},{"taxonomy":"product_tag","embeddable":true,"href":"https:\/\/eurlhosnakamel.dz\/dz\/wp-json\/wp\/v2\/product_tag?post=4937"}],"curies":[{"name":"wp","href":"https:\/\/api.w.org\/{rel}","templated":true}]}}