{"id":4987,"date":"2020-04-14T13:08:31","date_gmt":"2020-04-14T13:08:31","guid":{"rendered":"https:\/\/lhchosting.com\/hosna\/?post_type=product&#038;p=4987"},"modified":"2021-12-19T09:21:14","modified_gmt":"2021-12-19T09:21:14","slug":"bosch-boulonneuse-gds-30-electrique-1-920w-1000nm-m8-m30","status":"publish","type":"product","link":"https:\/\/eurlhosnakamel.dz\/dz\/produit\/bosch-boulonneuse-gds-30-electrique-1-920w-1000nm-m8-m30\/","title":{"rendered":"Boulonneuse 920 Watts 1000 Nm M8-M30 GDS 30"},"content":{"rendered":"<h4><strong>Caract\u00e9ristiques techniques<\/strong><\/h4>\n<table width=\"457\">\n<thead>\n<tr>\n<td colspan=\"2\"><strong>Les caract\u00e9ristiques les plus importantes<\/strong><\/td>\n<\/tr>\n<\/thead>\n<tbody>\n<tr>\n<td>Puissance absorb\u00e9e nominale<\/td>\n<td>920 W<\/td>\n<\/tr>\n<tr>\n<td>Couple maxi. (vissage en force)<\/td>\n<td>1\u00a0000 Nm<\/td>\n<\/tr>\n<tr>\n<td>Couple maxi. (vissage en douceur)<\/td>\n<td>500 Nm<\/td>\n<\/tr>\n<tr>\n<td>Porte-outils<\/td>\n<td>Carr\u00e9 m\u00e2le de 1&#8243;<\/td>\n<\/tr>\n<tr>\n<td>Vitesse de rotation nominale<\/td>\n<td>860 tr\/min<\/td>\n<\/tr>\n<tr>\n<td>Poids<\/td>\n<td>7,3 kg<\/td>\n<\/tr>\n<tr>\n<td>Dimensions de l\u2019outil (longueur)<\/td>\n<td>431 mm<\/td>\n<\/tr>\n<tr>\n<td>Dimensions de l\u2019outil (hauteur)<\/td>\n<td>436 mm<\/td>\n<\/tr>\n<tr>\n<td>Dimensions de l\u2019emballage (longueur x largeur x hauteur)<\/td>\n<td>310 x 455 x 143 mm<\/td>\n<\/tr>\n<tr>\n<td>Tension, \u00e9lectrique<\/td>\n<td>230 V<\/td>\n<\/tr>\n<\/tbody>\n<\/table>\n<p>&nbsp;<\/p>\n<table width=\"457\">\n<thead>\n<tr>\n<td colspan=\"2\"><strong>Vissage<\/strong><\/td>\n<\/tr>\n<\/thead>\n<tbody>\n<tr>\n<td>\u00d8 des vis<\/td>\n<td>maxi. M-30<\/td>\n<\/tr>\n<\/tbody>\n<\/table>\n<p>Information sur les bruits\/vibrations<\/p>\n<p>Valeurs totales des vibrations (somme de vecteurs de trois sens)<\/p>\n<table width=\"457\">\n<thead>\n<tr>\n<td colspan=\"2\"><\/td>\n<\/tr>\n<\/thead>\n<tbody>\n<tr>\n<td><strong>Niveau de pression acoustique<\/strong><\/td>\n<td><strong>100 dB(A)<\/strong><\/td>\n<\/tr>\n<tr>\n<td>Niveau de puissance acoustique<\/td>\n<td>113 dB(A)<\/td>\n<\/tr>\n<tr>\n<td>Incertitude K<\/td>\n<td>3 dB<\/td>\n<\/tr>\n<\/tbody>\n<\/table>\n<p>&nbsp;<\/p>\n<table width=\"457\">\n<thead>\n<tr>\n<td colspan=\"2\"><strong>Serrage de vis et d&#8217;\u00e9crous de taille maximale autoris\u00e9e<\/strong><\/td>\n<\/tr>\n<\/thead>\n<tbody>\n<tr>\n<td>Valeur d&#8217;\u00e9mission vibratoire ah<\/td>\n<td>4 m\/s\u00b2<\/td>\n<\/tr>\n<tr>\n<td>Incertitude K<\/td>\n<td>0,5 m\/s\u00b2<\/td>\n<\/tr>\n<\/tbody>\n<\/table>\n<h4><strong>Avantages<\/strong><\/h4>\n<p>Boulonneuse extr\u00eamement puissante pour les vissages les plus exigeants<\/p>\n<ul>\n<li>Puissant moteur de 920 W et couple maximal de 1 000 Nm pour le vissage tout en puissance de vis de diam\u00e8tre inf\u00e9rieur ou \u00e9gal \u00e0 M30<\/li>\n<li>Poign\u00e9e suppl\u00e9mentaire \u00e0 plateau d\u2019appui pouvant \u00eatre fix\u00e9e dans deux positions pour un confort d\u2019utilisation maximal<\/li>\n<li>Crochet int\u00e9gr\u00e9 pour fixer la boulonneuse \u00e0 un enrouleur \u00e0 ressort<\/li>\n<\/ul>\n<p>La GDS 30 Professional est une boulonneuse filaire extr\u00eamement puissante pour les vissages les plus exigeants. Son moteur tr\u00e8s puissant de 920 W et son couple maximal de 1 000 Nm permettent de visser tout en puissance des vis de diam\u00e8tre inf\u00e9rieur ou \u00e9gal \u00e0 M30. Elle comporte \u00e9galement une poign\u00e9e suppl\u00e9mentaire avec plateau d\u2019appui qui peut \u00eatre fix\u00e9e dans deux positions pour un confort d\u2019utilisation maximal. Cette boulonneuse poss\u00e8de aussi un crochet permettant de la fixer \u00e0 un enrouleur \u00e0 ressort.<\/p>\n<p>Cet outil \u00e9lectroportatif est con\u00e7u pour les vissages tr\u00e8s exigeants dans le b\u00e9ton et le m\u00e9tal, les gros assemblages sur camions, engins de BTP et v\u00e9hicules utilitaires ainsi que dans l\u2019industrie p\u00e9trochimique et autres industries lourdes.<\/p>\n<p>La GDS 30 Professional est dot\u00e9e d\u2019un porte-outil \u00e0 carr\u00e9 m\u00e2le de 1&#8243;.<\/p>\n","protected":false},"excerpt":{"rendered":"<h4><strong>Dans un coffret de transport, avec pack d\u2019accessoires.<\/strong><\/h4>\n<h4><strong>Boulonneuse extr\u00eamement puissante pour les vissages les plus exigeants.<\/strong><\/h4>\n<p><img decoding=\"async\" class=\"alignnone size-medium wp-image-4993\" src=\"https:\/\/lhchosting.com\/hosna\/wp-content\/uploads\/2020\/04\/BOSCH-BOULONNEUSE-GDS30-ELECTRIQUE-icone-eurl-hosna-kamel-algerie-300x80.jpg\" alt=\"\" width=\"300\" height=\"80\" srcset=\"https:\/\/eurlhosnakamel.dz\/dz\/wp-content\/uploads\/2020\/04\/BOSCH-BOULONNEUSE-GDS30-ELECTRIQUE-icone-eurl-hosna-kamel-algerie-300x80.jpg 300w, https:\/\/eurlhosnakamel.dz\/dz\/wp-content\/uploads\/2020\/04\/BOSCH-BOULONNEUSE-GDS30-ELECTRIQUE-icone-eurl-hosna-kamel-algerie-370x99.jpg 370w, https:\/\/eurlhosnakamel.dz\/dz\/wp-content\/uploads\/2020\/04\/BOSCH-BOULONNEUSE-GDS30-ELECTRIQUE-icone-eurl-hosna-kamel-algerie-200x53.jpg 200w, https:\/\/eurlhosnakamel.dz\/dz\/wp-content\/uploads\/2020\/04\/BOSCH-BOULONNEUSE-GDS30-ELECTRIQUE-icone-eurl-hosna-kamel-algerie.jpg 462w\" sizes=\"(max-width: 300px) 100vw, 300px\" \/><\/p>\n","protected":false},"featured_media":4989,"template":"","meta":[],"product_cat":[405,441],"product_tag":[833,2417],"class_list":{"0":"post-4987","1":"product","2":"type-product","3":"status-publish","4":"has-post-thumbnail","6":"product_cat-outillage","7":"product_cat-outillage-filaire","8":"product_tag-bosch-boulonneuse-gds-30-electrique-1-920w-1000nm-m8-m30","9":"product_tag-gds-30","10":"product_brand-bosch-outillage","12":"first","13":"instock","14":"shipping-taxable","15":"product-type-simple","16":"col-xs-6 col-sm-4","17":"col-md-3 col-lg-3","18":"un-4-cols"},"yoast_head":"<!-- This site is optimized with the Yoast SEO plugin v22.5 - https:\/\/yoast.com\/wordpress\/plugins\/seo\/ -->\n<title>Boulonneuse 920 Watts 1000 Nm M8-M30 GDS 30 - EURL HOSNA KAMEL<\/title>\n<meta name=\"description\" content=\"Boulonneuse 920 Watts 1000 Nm M8-M30 GDS 30 - EURL HOSNA KAMEL\" \/>\n<meta name=\"robots\" content=\"index, follow, max-snippet:-1, max-image-preview:large, max-video-preview:-1\" \/>\n<link rel=\"canonical\" href=\"https:\/\/eurlhosnakamel.dz\/dz\/produit\/bosch-boulonneuse-gds-30-electrique-1-920w-1000nm-m8-m30\/\" \/>\n<meta property=\"og:locale\" content=\"fr_FR\" \/>\n<meta property=\"og:type\" content=\"article\" \/>\n<meta property=\"og:title\" content=\"Boulonneuse 920 Watts 1000 Nm M8-M30 GDS 30 - EURL HOSNA KAMEL\" \/>\n<meta property=\"og:description\" content=\"Boulonneuse 920 Watts 1000 Nm M8-M30 GDS 30 - EURL HOSNA KAMEL\" \/>\n<meta property=\"og:url\" content=\"https:\/\/eurlhosnakamel.dz\/dz\/produit\/bosch-boulonneuse-gds-30-electrique-1-920w-1000nm-m8-m30\/\" \/>\n<meta property=\"og:site_name\" content=\"EURL HOSNA KAMEL\" \/>\n<meta property=\"article:publisher\" content=\"https:\/\/www.facebook.com\/Eurl.Hosna.DZ\/\" \/>\n<meta property=\"article:modified_time\" content=\"2021-12-19T09:21:14+00:00\" \/>\n<meta property=\"og:image\" content=\"https:\/\/eurlhosnakamel.dz\/dz\/wp-content\/uploads\/2020\/04\/BOSCH-BOULONNEUSE-GDS30-ELECTRIQUE-eurl-hosna-kamel-algerie.jpg\" \/>\n\t<meta property=\"og:image:width\" content=\"512\" \/>\n\t<meta property=\"og:image:height\" content=\"512\" \/>\n\t<meta property=\"og:image:type\" content=\"image\/jpeg\" \/>\n<meta name=\"twitter:card\" content=\"summary_large_image\" \/>\n<meta name=\"twitter:label1\" content=\"Dur\u00e9e de lecture estim\u00e9e\" \/>\n\t<meta name=\"twitter:data1\" content=\"2 minutes\" \/>\n<script type=\"application\/ld+json\" class=\"yoast-schema-graph\">{\"@context\":\"https:\/\/schema.org\",\"@graph\":[{\"@type\":\"WebPage\",\"@id\":\"https:\/\/eurlhosnakamel.dz\/dz\/produit\/bosch-boulonneuse-gds-30-electrique-1-920w-1000nm-m8-m30\/\",\"url\":\"https:\/\/eurlhosnakamel.dz\/dz\/produit\/bosch-boulonneuse-gds-30-electrique-1-920w-1000nm-m8-m30\/\",\"name\":\"Boulonneuse 920 Watts 1000 Nm M8-M30 GDS 30 - EURL HOSNA KAMEL\",\"isPartOf\":{\"@id\":\"https:\/\/eurlhosnakamel.dz\/dz\/#website\"},\"primaryImageOfPage\":{\"@id\":\"https:\/\/eurlhosnakamel.dz\/dz\/produit\/bosch-boulonneuse-gds-30-electrique-1-920w-1000nm-m8-m30\/#primaryimage\"},\"image\":{\"@id\":\"https:\/\/eurlhosnakamel.dz\/dz\/produit\/bosch-boulonneuse-gds-30-electrique-1-920w-1000nm-m8-m30\/#primaryimage\"},\"thumbnailUrl\":\"https:\/\/eurlhosnakamel.dz\/dz\/wp-content\/uploads\/2020\/04\/BOSCH-BOULONNEUSE-GDS30-ELECTRIQUE-eurl-hosna-kamel-algerie.jpg\",\"datePublished\":\"2020-04-14T13:08:31+00:00\",\"dateModified\":\"2021-12-19T09:21:14+00:00\",\"description\":\"Boulonneuse 920 Watts 1000 Nm M8-M30 GDS 30 - EURL HOSNA KAMEL\",\"breadcrumb\":{\"@id\":\"https:\/\/eurlhosnakamel.dz\/dz\/produit\/bosch-boulonneuse-gds-30-electrique-1-920w-1000nm-m8-m30\/#breadcrumb\"},\"inLanguage\":\"fr-FR\",\"potentialAction\":[{\"@type\":\"ReadAction\",\"target\":[\"https:\/\/eurlhosnakamel.dz\/dz\/produit\/bosch-boulonneuse-gds-30-electrique-1-920w-1000nm-m8-m30\/\"]}]},{\"@type\":\"ImageObject\",\"inLanguage\":\"fr-FR\",\"@id\":\"https:\/\/eurlhosnakamel.dz\/dz\/produit\/bosch-boulonneuse-gds-30-electrique-1-920w-1000nm-m8-m30\/#primaryimage\",\"url\":\"https:\/\/eurlhosnakamel.dz\/dz\/wp-content\/uploads\/2020\/04\/BOSCH-BOULONNEUSE-GDS30-ELECTRIQUE-eurl-hosna-kamel-algerie.jpg\",\"contentUrl\":\"https:\/\/eurlhosnakamel.dz\/dz\/wp-content\/uploads\/2020\/04\/BOSCH-BOULONNEUSE-GDS30-ELECTRIQUE-eurl-hosna-kamel-algerie.jpg\",\"width\":512,\"height\":512},{\"@type\":\"BreadcrumbList\",\"@id\":\"https:\/\/eurlhosnakamel.dz\/dz\/produit\/bosch-boulonneuse-gds-30-electrique-1-920w-1000nm-m8-m30\/#breadcrumb\",\"itemListElement\":[{\"@type\":\"ListItem\",\"position\":1,\"name\":\"Accueil\",\"item\":\"https:\/\/eurlhosnakamel.dz\/dz\/\"},{\"@type\":\"ListItem\",\"position\":2,\"name\":\"Shop\",\"item\":\"https:\/\/eurlhosnakamel.dz\/dz\/shop\/\"},{\"@type\":\"ListItem\",\"position\":3,\"name\":\"Boulonneuse 920 Watts 1000 Nm M8-M30 GDS 30\"}]},{\"@type\":\"WebSite\",\"@id\":\"https:\/\/eurlhosnakamel.dz\/dz\/#website\",\"url\":\"https:\/\/eurlhosnakamel.dz\/dz\/\",\"name\":\"EURL HOSNA KAMEL\",\"description\":\"Fournisseur Premium d&#039;Outillages Professionnels en Alg\u00e9rie -\",\"publisher\":{\"@id\":\"https:\/\/eurlhosnakamel.dz\/dz\/#organization\"},\"potentialAction\":[{\"@type\":\"SearchAction\",\"target\":{\"@type\":\"EntryPoint\",\"urlTemplate\":\"https:\/\/eurlhosnakamel.dz\/dz\/?s={search_term_string}\"},\"query-input\":\"required name=search_term_string\"}],\"inLanguage\":\"fr-FR\"},{\"@type\":\"Organization\",\"@id\":\"https:\/\/eurlhosnakamel.dz\/dz\/#organization\",\"name\":\"EURL HOSNA KAMEL - Bosch alg\u00e9rie\",\"url\":\"https:\/\/eurlhosnakamel.dz\/dz\/\",\"logo\":{\"@type\":\"ImageObject\",\"inLanguage\":\"fr-FR\",\"@id\":\"https:\/\/eurlhosnakamel.dz\/dz\/#\/schema\/logo\/image\/\",\"url\":\"https:\/\/eurlhosnakamel.dz\/wp-content\/uploads\/2020\/04\/LOGO-HOSNA1.png\",\"contentUrl\":\"https:\/\/eurlhosnakamel.dz\/wp-content\/uploads\/2020\/04\/LOGO-HOSNA1.png\",\"width\":120,\"height\":127,\"caption\":\"EURL HOSNA KAMEL - Bosch alg\u00e9rie\"},\"image\":{\"@id\":\"https:\/\/eurlhosnakamel.dz\/dz\/#\/schema\/logo\/image\/\"},\"sameAs\":[\"https:\/\/www.facebook.com\/Eurl.Hosna.DZ\/\"]}]}<\/script>\n<!-- \/ Yoast SEO plugin. -->","yoast_head_json":{"title":"Boulonneuse 920 Watts 1000 Nm M8-M30 GDS 30 - EURL HOSNA KAMEL","description":"Boulonneuse 920 Watts 1000 Nm M8-M30 GDS 30 - EURL HOSNA KAMEL","robots":{"index":"index","follow":"follow","max-snippet":"max-snippet:-1","max-image-preview":"max-image-preview:large","max-video-preview":"max-video-preview:-1"},"canonical":"https:\/\/eurlhosnakamel.dz\/dz\/produit\/bosch-boulonneuse-gds-30-electrique-1-920w-1000nm-m8-m30\/","og_locale":"fr_FR","og_type":"article","og_title":"Boulonneuse 920 Watts 1000 Nm M8-M30 GDS 30 - EURL HOSNA KAMEL","og_description":"Boulonneuse 920 Watts 1000 Nm M8-M30 GDS 30 - EURL HOSNA KAMEL","og_url":"https:\/\/eurlhosnakamel.dz\/dz\/produit\/bosch-boulonneuse-gds-30-electrique-1-920w-1000nm-m8-m30\/","og_site_name":"EURL HOSNA KAMEL","article_publisher":"https:\/\/www.facebook.com\/Eurl.Hosna.DZ\/","article_modified_time":"2021-12-19T09:21:14+00:00","og_image":[{"width":512,"height":512,"url":"https:\/\/eurlhosnakamel.dz\/dz\/wp-content\/uploads\/2020\/04\/BOSCH-BOULONNEUSE-GDS30-ELECTRIQUE-eurl-hosna-kamel-algerie.jpg","type":"image\/jpeg"}],"twitter_card":"summary_large_image","twitter_misc":{"Dur\u00e9e de lecture estim\u00e9e":"2 minutes"},"schema":{"@context":"https:\/\/schema.org","@graph":[{"@type":"WebPage","@id":"https:\/\/eurlhosnakamel.dz\/dz\/produit\/bosch-boulonneuse-gds-30-electrique-1-920w-1000nm-m8-m30\/","url":"https:\/\/eurlhosnakamel.dz\/dz\/produit\/bosch-boulonneuse-gds-30-electrique-1-920w-1000nm-m8-m30\/","name":"Boulonneuse 920 Watts 1000 Nm M8-M30 GDS 30 - EURL HOSNA KAMEL","isPartOf":{"@id":"https:\/\/eurlhosnakamel.dz\/dz\/#website"},"primaryImageOfPage":{"@id":"https:\/\/eurlhosnakamel.dz\/dz\/produit\/bosch-boulonneuse-gds-30-electrique-1-920w-1000nm-m8-m30\/#primaryimage"},"image":{"@id":"https:\/\/eurlhosnakamel.dz\/dz\/produit\/bosch-boulonneuse-gds-30-electrique-1-920w-1000nm-m8-m30\/#primaryimage"},"thumbnailUrl":"https:\/\/eurlhosnakamel.dz\/dz\/wp-content\/uploads\/2020\/04\/BOSCH-BOULONNEUSE-GDS30-ELECTRIQUE-eurl-hosna-kamel-algerie.jpg","datePublished":"2020-04-14T13:08:31+00:00","dateModified":"2021-12-19T09:21:14+00:00","description":"Boulonneuse 920 Watts 1000 Nm M8-M30 GDS 30 - EURL HOSNA KAMEL","breadcrumb":{"@id":"https:\/\/eurlhosnakamel.dz\/dz\/produit\/bosch-boulonneuse-gds-30-electrique-1-920w-1000nm-m8-m30\/#breadcrumb"},"inLanguage":"fr-FR","potentialAction":[{"@type":"ReadAction","target":["https:\/\/eurlhosnakamel.dz\/dz\/produit\/bosch-boulonneuse-gds-30-electrique-1-920w-1000nm-m8-m30\/"]}]},{"@type":"ImageObject","inLanguage":"fr-FR","@id":"https:\/\/eurlhosnakamel.dz\/dz\/produit\/bosch-boulonneuse-gds-30-electrique-1-920w-1000nm-m8-m30\/#primaryimage","url":"https:\/\/eurlhosnakamel.dz\/dz\/wp-content\/uploads\/2020\/04\/BOSCH-BOULONNEUSE-GDS30-ELECTRIQUE-eurl-hosna-kamel-algerie.jpg","contentUrl":"https:\/\/eurlhosnakamel.dz\/dz\/wp-content\/uploads\/2020\/04\/BOSCH-BOULONNEUSE-GDS30-ELECTRIQUE-eurl-hosna-kamel-algerie.jpg","width":512,"height":512},{"@type":"BreadcrumbList","@id":"https:\/\/eurlhosnakamel.dz\/dz\/produit\/bosch-boulonneuse-gds-30-electrique-1-920w-1000nm-m8-m30\/#breadcrumb","itemListElement":[{"@type":"ListItem","position":1,"name":"Accueil","item":"https:\/\/eurlhosnakamel.dz\/dz\/"},{"@type":"ListItem","position":2,"name":"Shop","item":"https:\/\/eurlhosnakamel.dz\/dz\/shop\/"},{"@type":"ListItem","position":3,"name":"Boulonneuse 920 Watts 1000 Nm M8-M30 GDS 30"}]},{"@type":"WebSite","@id":"https:\/\/eurlhosnakamel.dz\/dz\/#website","url":"https:\/\/eurlhosnakamel.dz\/dz\/","name":"EURL HOSNA KAMEL","description":"Fournisseur Premium d&#039;Outillages Professionnels en Alg\u00e9rie -","publisher":{"@id":"https:\/\/eurlhosnakamel.dz\/dz\/#organization"},"potentialAction":[{"@type":"SearchAction","target":{"@type":"EntryPoint","urlTemplate":"https:\/\/eurlhosnakamel.dz\/dz\/?s={search_term_string}"},"query-input":"required name=search_term_string"}],"inLanguage":"fr-FR"},{"@type":"Organization","@id":"https:\/\/eurlhosnakamel.dz\/dz\/#organization","name":"EURL HOSNA KAMEL - Bosch alg\u00e9rie","url":"https:\/\/eurlhosnakamel.dz\/dz\/","logo":{"@type":"ImageObject","inLanguage":"fr-FR","@id":"https:\/\/eurlhosnakamel.dz\/dz\/#\/schema\/logo\/image\/","url":"https:\/\/eurlhosnakamel.dz\/wp-content\/uploads\/2020\/04\/LOGO-HOSNA1.png","contentUrl":"https:\/\/eurlhosnakamel.dz\/wp-content\/uploads\/2020\/04\/LOGO-HOSNA1.png","width":120,"height":127,"caption":"EURL HOSNA KAMEL - Bosch alg\u00e9rie"},"image":{"@id":"https:\/\/eurlhosnakamel.dz\/dz\/#\/schema\/logo\/image\/"},"sameAs":["https:\/\/www.facebook.com\/Eurl.Hosna.DZ\/"]}]}},"_links":{"self":[{"href":"https:\/\/eurlhosnakamel.dz\/dz\/wp-json\/wp\/v2\/product\/4987","targetHints":{"allow":["GET"]}}],"collection":[{"href":"https:\/\/eurlhosnakamel.dz\/dz\/wp-json\/wp\/v2\/product"}],"about":[{"href":"https:\/\/eurlhosnakamel.dz\/dz\/wp-json\/wp\/v2\/types\/product"}],"wp:featuredmedia":[{"embeddable":true,"href":"https:\/\/eurlhosnakamel.dz\/dz\/wp-json\/wp\/v2\/media\/4989"}],"wp:attachment":[{"href":"https:\/\/eurlhosnakamel.dz\/dz\/wp-json\/wp\/v2\/media?parent=4987"}],"wp:term":[{"taxonomy":"product_cat","embeddable":true,"href":"https:\/\/eurlhosnakamel.dz\/dz\/wp-json\/wp\/v2\/product_cat?post=4987"},{"taxonomy":"product_tag","embeddable":true,"href":"https:\/\/eurlhosnakamel.dz\/dz\/wp-json\/wp\/v2\/product_tag?post=4987"}],"curies":[{"name":"wp","href":"https:\/\/api.w.org\/{rel}","templated":true}]}}