{"id":5023,"date":"2020-04-14T13:58:51","date_gmt":"2020-04-14T13:58:51","guid":{"rendered":"https:\/\/lhchosting.com\/hosna\/?post_type=product&#038;p=5023"},"modified":"2020-04-14T13:58:52","modified_gmt":"2020-04-14T13:58:52","slug":"invertec-170s","status":"publish","type":"product","link":"https:\/\/eurlhosnakamel.dz\/dz\/produit\/invertec-170s\/","title":{"rendered":"Invertec\u00ae 170S"},"content":{"rendered":"<p><span style=\"color: #000000; font-family: Arial;\"><b><u>Descriptif produit<\/u><\/b><\/span><\/p>\n<p><b><\/b><span style=\"color: #000000; font-family: Arial;\"><b>Pour \u00e9lectrodes de 3,2 mm en intensif et 4 mm occasionnel.<br \/>\n<\/b><\/span><span style=\"color: #000000; font-family: Arial;\"><b>2 modes de soudage (SOFT ET CRISP) ventilateur d\u00e9brayable, soudage Lift TIG et fonction &#8220;Arc Force auto-adaptatif.<br \/>\n<\/b><\/span><span style=\"color: #000000; font-family: Arial;\"><b>Fonction minimise les projections et supprime tout risque de collage.<br \/>\n<\/b><\/span><span style=\"color: #000000; font-family: Arial;\"><b>La robustesse de sa carrosserie utilisable dans les environnements les plus difficiles.<br \/>\n<\/b><\/span><span style=\"color: #000000; font-family: Arial;\"><b>Portable et l\u00e9g\u00e8re.<br \/>\n<\/b><\/span><span style=\"color: #000000; font-family: Arial;\"><b>Poign\u00e9e ergonomique.<br \/>\n<\/b><\/span><span style=\"color: #000000; font-family: Arial;\"><b>Bandouli\u00e8re de transport.<br \/>\n<\/b><\/span><span style=\"color: #000000; font-family: Arial;\"><b>Excellentes caract\u00e9ristiques d&#8217;arc avec \u00e9lectrodes rutiles, basiques et cellulosiques<br \/>\n<\/b><\/span><span style=\"color: #000000; font-family: Arial;\"><b>Alimentation 230V monophas\u00e9.<br \/>\n<\/b><\/span><span style=\"color: #000000; font-family: Arial;\"><b>Surintensit\u00e9 \u00e0 l&#8217;amor\u00e7age.<br \/>\n<\/b><\/span><span style=\"color: #000000; font-family: Arial;\"><b>Possibilit\u00e9 de brancher sur un groupe \u00e9lectrog\u00e8ne.<br \/>\n<\/b><\/span><span style=\"color: #000000; font-family: Arial;\"><b>Syst\u00e8me de compensation des variations de r\u00e9seau.<\/b><\/span><\/p>\n","protected":false},"excerpt":{"rendered":"<p><span style=\"color: #000000; font-family: Arial;\"><b>Alimentation : 230\/1\/50-60.<br \/>\n<\/b><\/span><span style=\"color: #000000; font-family: Arial;\"><b>Fusible (A) : 16.<br \/>\n<\/b><\/span><span style=\"color: #000000; font-family: Arial;\"><b>Gamme de courant de 10 \u00e0 160 A \u00e0 35%<br \/>\n<\/b><\/span><span style=\"color: #000000; font-family: Arial;\"><b>Poids : 7 kg.<\/b><\/span><\/p>\n","protected":false},"featured_media":5025,"template":"","meta":[],"product_cat":[835],"product_tag":[855],"class_list":{"0":"post-5023","1":"product","2":"type-product","3":"status-publish","4":"has-post-thumbnail","6":"product_cat-poste-arc-soudage","7":"product_tag-invertec-170s","8":"product_brand-lincoln-electric","10":"first","11":"instock","12":"shipping-taxable","13":"product-type-simple","14":"col-xs-6 col-sm-4","15":"col-md-3 col-lg-3","16":"un-4-cols"},"yoast_head":"<!-- This site is optimized with the Yoast SEO plugin v22.5 - https:\/\/yoast.com\/wordpress\/plugins\/seo\/ -->\n<title>Invertec\u00ae 170S - EURL HOSNA KAMEL<\/title>\n<meta name=\"description\" content=\"Invertec\u00ae 170S - EURL HOSNA KAMEL\" \/>\n<meta name=\"robots\" content=\"index, follow, max-snippet:-1, max-image-preview:large, max-video-preview:-1\" \/>\n<link rel=\"canonical\" href=\"https:\/\/eurlhosnakamel.dz\/dz\/produit\/invertec-170s\/\" \/>\n<meta property=\"og:locale\" content=\"fr_FR\" \/>\n<meta property=\"og:type\" content=\"article\" \/>\n<meta property=\"og:title\" content=\"Invertec\u00ae 170S - EURL HOSNA KAMEL\" \/>\n<meta property=\"og:description\" content=\"Invertec\u00ae 170S - EURL HOSNA KAMEL\" \/>\n<meta property=\"og:url\" content=\"https:\/\/eurlhosnakamel.dz\/dz\/produit\/invertec-170s\/\" \/>\n<meta property=\"og:site_name\" content=\"EURL HOSNA KAMEL\" \/>\n<meta property=\"article:publisher\" content=\"https:\/\/www.facebook.com\/Eurl.Hosna.DZ\/\" \/>\n<meta property=\"article:modified_time\" content=\"2020-04-14T13:58:52+00:00\" \/>\n<meta property=\"og:image\" content=\"https:\/\/eurlhosnakamel.dz\/dz\/wp-content\/uploads\/2020\/04\/Invertec\u00ae-170S-Lincoln-eurl-hosna-kamel-algerie.jpg\" \/>\n\t<meta property=\"og:image:width\" content=\"512\" \/>\n\t<meta property=\"og:image:height\" content=\"512\" \/>\n\t<meta property=\"og:image:type\" content=\"image\/jpeg\" \/>\n<meta name=\"twitter:card\" content=\"summary_large_image\" \/>\n<script type=\"application\/ld+json\" class=\"yoast-schema-graph\">{\"@context\":\"https:\/\/schema.org\",\"@graph\":[{\"@type\":\"WebPage\",\"@id\":\"https:\/\/eurlhosnakamel.dz\/dz\/produit\/invertec-170s\/\",\"url\":\"https:\/\/eurlhosnakamel.dz\/dz\/produit\/invertec-170s\/\",\"name\":\"Invertec\u00ae 170S - EURL HOSNA KAMEL\",\"isPartOf\":{\"@id\":\"https:\/\/eurlhosnakamel.dz\/dz\/#website\"},\"primaryImageOfPage\":{\"@id\":\"https:\/\/eurlhosnakamel.dz\/dz\/produit\/invertec-170s\/#primaryimage\"},\"image\":{\"@id\":\"https:\/\/eurlhosnakamel.dz\/dz\/produit\/invertec-170s\/#primaryimage\"},\"thumbnailUrl\":\"https:\/\/eurlhosnakamel.dz\/dz\/wp-content\/uploads\/2020\/04\/Invertec\u00ae-170S-Lincoln-eurl-hosna-kamel-algerie.jpg\",\"datePublished\":\"2020-04-14T13:58:51+00:00\",\"dateModified\":\"2020-04-14T13:58:52+00:00\",\"description\":\"Invertec\u00ae 170S - EURL HOSNA KAMEL\",\"breadcrumb\":{\"@id\":\"https:\/\/eurlhosnakamel.dz\/dz\/produit\/invertec-170s\/#breadcrumb\"},\"inLanguage\":\"fr-FR\",\"potentialAction\":[{\"@type\":\"ReadAction\",\"target\":[\"https:\/\/eurlhosnakamel.dz\/dz\/produit\/invertec-170s\/\"]}]},{\"@type\":\"ImageObject\",\"inLanguage\":\"fr-FR\",\"@id\":\"https:\/\/eurlhosnakamel.dz\/dz\/produit\/invertec-170s\/#primaryimage\",\"url\":\"https:\/\/eurlhosnakamel.dz\/dz\/wp-content\/uploads\/2020\/04\/Invertec\u00ae-170S-Lincoln-eurl-hosna-kamel-algerie.jpg\",\"contentUrl\":\"https:\/\/eurlhosnakamel.dz\/dz\/wp-content\/uploads\/2020\/04\/Invertec\u00ae-170S-Lincoln-eurl-hosna-kamel-algerie.jpg\",\"width\":512,\"height\":512},{\"@type\":\"BreadcrumbList\",\"@id\":\"https:\/\/eurlhosnakamel.dz\/dz\/produit\/invertec-170s\/#breadcrumb\",\"itemListElement\":[{\"@type\":\"ListItem\",\"position\":1,\"name\":\"Accueil\",\"item\":\"https:\/\/eurlhosnakamel.dz\/dz\/\"},{\"@type\":\"ListItem\",\"position\":2,\"name\":\"Shop\",\"item\":\"https:\/\/eurlhosnakamel.dz\/dz\/shop\/\"},{\"@type\":\"ListItem\",\"position\":3,\"name\":\"Invertec\u00ae 170S\"}]},{\"@type\":\"WebSite\",\"@id\":\"https:\/\/eurlhosnakamel.dz\/dz\/#website\",\"url\":\"https:\/\/eurlhosnakamel.dz\/dz\/\",\"name\":\"EURL HOSNA KAMEL\",\"description\":\"Fournisseur Premium d&#039;Outillages Professionnels en Alg\u00e9rie -\",\"publisher\":{\"@id\":\"https:\/\/eurlhosnakamel.dz\/dz\/#organization\"},\"potentialAction\":[{\"@type\":\"SearchAction\",\"target\":{\"@type\":\"EntryPoint\",\"urlTemplate\":\"https:\/\/eurlhosnakamel.dz\/dz\/?s={search_term_string}\"},\"query-input\":\"required name=search_term_string\"}],\"inLanguage\":\"fr-FR\"},{\"@type\":\"Organization\",\"@id\":\"https:\/\/eurlhosnakamel.dz\/dz\/#organization\",\"name\":\"EURL HOSNA KAMEL - Bosch alg\u00e9rie\",\"url\":\"https:\/\/eurlhosnakamel.dz\/dz\/\",\"logo\":{\"@type\":\"ImageObject\",\"inLanguage\":\"fr-FR\",\"@id\":\"https:\/\/eurlhosnakamel.dz\/dz\/#\/schema\/logo\/image\/\",\"url\":\"https:\/\/eurlhosnakamel.dz\/wp-content\/uploads\/2020\/04\/LOGO-HOSNA1.png\",\"contentUrl\":\"https:\/\/eurlhosnakamel.dz\/wp-content\/uploads\/2020\/04\/LOGO-HOSNA1.png\",\"width\":120,\"height\":127,\"caption\":\"EURL HOSNA KAMEL - Bosch alg\u00e9rie\"},\"image\":{\"@id\":\"https:\/\/eurlhosnakamel.dz\/dz\/#\/schema\/logo\/image\/\"},\"sameAs\":[\"https:\/\/www.facebook.com\/Eurl.Hosna.DZ\/\"]}]}<\/script>\n<!-- \/ Yoast SEO plugin. -->","yoast_head_json":{"title":"Invertec\u00ae 170S - EURL HOSNA KAMEL","description":"Invertec\u00ae 170S - EURL HOSNA KAMEL","robots":{"index":"index","follow":"follow","max-snippet":"max-snippet:-1","max-image-preview":"max-image-preview:large","max-video-preview":"max-video-preview:-1"},"canonical":"https:\/\/eurlhosnakamel.dz\/dz\/produit\/invertec-170s\/","og_locale":"fr_FR","og_type":"article","og_title":"Invertec\u00ae 170S - EURL HOSNA KAMEL","og_description":"Invertec\u00ae 170S - EURL HOSNA KAMEL","og_url":"https:\/\/eurlhosnakamel.dz\/dz\/produit\/invertec-170s\/","og_site_name":"EURL HOSNA KAMEL","article_publisher":"https:\/\/www.facebook.com\/Eurl.Hosna.DZ\/","article_modified_time":"2020-04-14T13:58:52+00:00","og_image":[{"width":512,"height":512,"url":"https:\/\/eurlhosnakamel.dz\/dz\/wp-content\/uploads\/2020\/04\/Invertec\u00ae-170S-Lincoln-eurl-hosna-kamel-algerie.jpg","type":"image\/jpeg"}],"twitter_card":"summary_large_image","schema":{"@context":"https:\/\/schema.org","@graph":[{"@type":"WebPage","@id":"https:\/\/eurlhosnakamel.dz\/dz\/produit\/invertec-170s\/","url":"https:\/\/eurlhosnakamel.dz\/dz\/produit\/invertec-170s\/","name":"Invertec\u00ae 170S - EURL HOSNA KAMEL","isPartOf":{"@id":"https:\/\/eurlhosnakamel.dz\/dz\/#website"},"primaryImageOfPage":{"@id":"https:\/\/eurlhosnakamel.dz\/dz\/produit\/invertec-170s\/#primaryimage"},"image":{"@id":"https:\/\/eurlhosnakamel.dz\/dz\/produit\/invertec-170s\/#primaryimage"},"thumbnailUrl":"https:\/\/eurlhosnakamel.dz\/dz\/wp-content\/uploads\/2020\/04\/Invertec\u00ae-170S-Lincoln-eurl-hosna-kamel-algerie.jpg","datePublished":"2020-04-14T13:58:51+00:00","dateModified":"2020-04-14T13:58:52+00:00","description":"Invertec\u00ae 170S - EURL HOSNA KAMEL","breadcrumb":{"@id":"https:\/\/eurlhosnakamel.dz\/dz\/produit\/invertec-170s\/#breadcrumb"},"inLanguage":"fr-FR","potentialAction":[{"@type":"ReadAction","target":["https:\/\/eurlhosnakamel.dz\/dz\/produit\/invertec-170s\/"]}]},{"@type":"ImageObject","inLanguage":"fr-FR","@id":"https:\/\/eurlhosnakamel.dz\/dz\/produit\/invertec-170s\/#primaryimage","url":"https:\/\/eurlhosnakamel.dz\/dz\/wp-content\/uploads\/2020\/04\/Invertec\u00ae-170S-Lincoln-eurl-hosna-kamel-algerie.jpg","contentUrl":"https:\/\/eurlhosnakamel.dz\/dz\/wp-content\/uploads\/2020\/04\/Invertec\u00ae-170S-Lincoln-eurl-hosna-kamel-algerie.jpg","width":512,"height":512},{"@type":"BreadcrumbList","@id":"https:\/\/eurlhosnakamel.dz\/dz\/produit\/invertec-170s\/#breadcrumb","itemListElement":[{"@type":"ListItem","position":1,"name":"Accueil","item":"https:\/\/eurlhosnakamel.dz\/dz\/"},{"@type":"ListItem","position":2,"name":"Shop","item":"https:\/\/eurlhosnakamel.dz\/dz\/shop\/"},{"@type":"ListItem","position":3,"name":"Invertec\u00ae 170S"}]},{"@type":"WebSite","@id":"https:\/\/eurlhosnakamel.dz\/dz\/#website","url":"https:\/\/eurlhosnakamel.dz\/dz\/","name":"EURL HOSNA KAMEL","description":"Fournisseur Premium d&#039;Outillages Professionnels en Alg\u00e9rie -","publisher":{"@id":"https:\/\/eurlhosnakamel.dz\/dz\/#organization"},"potentialAction":[{"@type":"SearchAction","target":{"@type":"EntryPoint","urlTemplate":"https:\/\/eurlhosnakamel.dz\/dz\/?s={search_term_string}"},"query-input":"required name=search_term_string"}],"inLanguage":"fr-FR"},{"@type":"Organization","@id":"https:\/\/eurlhosnakamel.dz\/dz\/#organization","name":"EURL HOSNA KAMEL - Bosch alg\u00e9rie","url":"https:\/\/eurlhosnakamel.dz\/dz\/","logo":{"@type":"ImageObject","inLanguage":"fr-FR","@id":"https:\/\/eurlhosnakamel.dz\/dz\/#\/schema\/logo\/image\/","url":"https:\/\/eurlhosnakamel.dz\/wp-content\/uploads\/2020\/04\/LOGO-HOSNA1.png","contentUrl":"https:\/\/eurlhosnakamel.dz\/wp-content\/uploads\/2020\/04\/LOGO-HOSNA1.png","width":120,"height":127,"caption":"EURL HOSNA KAMEL - Bosch alg\u00e9rie"},"image":{"@id":"https:\/\/eurlhosnakamel.dz\/dz\/#\/schema\/logo\/image\/"},"sameAs":["https:\/\/www.facebook.com\/Eurl.Hosna.DZ\/"]}]}},"_links":{"self":[{"href":"https:\/\/eurlhosnakamel.dz\/dz\/wp-json\/wp\/v2\/product\/5023","targetHints":{"allow":["GET"]}}],"collection":[{"href":"https:\/\/eurlhosnakamel.dz\/dz\/wp-json\/wp\/v2\/product"}],"about":[{"href":"https:\/\/eurlhosnakamel.dz\/dz\/wp-json\/wp\/v2\/types\/product"}],"wp:featuredmedia":[{"embeddable":true,"href":"https:\/\/eurlhosnakamel.dz\/dz\/wp-json\/wp\/v2\/media\/5025"}],"wp:attachment":[{"href":"https:\/\/eurlhosnakamel.dz\/dz\/wp-json\/wp\/v2\/media?parent=5023"}],"wp:term":[{"taxonomy":"product_cat","embeddable":true,"href":"https:\/\/eurlhosnakamel.dz\/dz\/wp-json\/wp\/v2\/product_cat?post=5023"},{"taxonomy":"product_tag","embeddable":true,"href":"https:\/\/eurlhosnakamel.dz\/dz\/wp-json\/wp\/v2\/product_tag?post=5023"}],"curies":[{"name":"wp","href":"https:\/\/api.w.org\/{rel}","templated":true}]}}