{"id":5051,"date":"2020-04-14T14:24:26","date_gmt":"2020-04-14T14:24:26","guid":{"rendered":"https:\/\/lhchosting.com\/hosna\/?post_type=product&#038;p=5051"},"modified":"2020-04-14T14:24:26","modified_gmt":"2020-04-14T14:24:26","slug":"precision-tig-225","status":"publish","type":"product","link":"https:\/\/eurlhosnakamel.dz\/dz\/produit\/precision-tig-225\/","title":{"rendered":"Precision TIG 225"},"content":{"rendered":"<p><strong><span style=\"color: #000000; font-family: Arial;\"><u>Descriptif produit<\/u><\/span><\/strong><\/p>\n<p><strong><span style=\"color: #000000; font-family: Arial;\"><br \/>\n<\/span><\/strong><strong><span style=\"color: #000000; font-family: Arial;\">Sortie pr\u00e9cise de courant constant .Soudage TIG (GTAW) c.a.\/c.c. \u00e0 onde carr\u00e9e de registre complet.<br \/>\n<\/span><\/strong><strong><span style=\"color: #000000; font-family: Arial;\">Version am\u00e9lior\u00e9e de la technologie brevet\u00e9e Micro Start II\u2122 pour son registre de contr\u00f4le de sortie du Minimum le plus bas (5 amps) au Maximum le plus \u00e9lev\u00e9 (230 amps).<br \/>\n<\/span><\/strong><strong><span style=\"color: #000000; font-family: Arial;\">Stabilisation de haute fr\u00e9quence int\u00e9gr\u00e9e pour d\u00e9marrage TIG c.c. et soudage TIG c.a. continu.<br \/>\n<\/span><\/strong><strong><span style=\"color: #000000; font-family: Arial;\">Soudage \u00e0 la baguette (capacit\u00e9 SMAW). Un nouveau chariot (avec compartiment pour bouteille de gaz) est disponible pour installation sur le terrain<br \/>\n<\/span><\/strong><strong><span style=\"color: #000000; font-family: Arial;\">La PRECISION TIG a brevet\u00e9 des dispositions int\u00e9gr\u00e9es pour le rangement de composants de soudure et de maniement de c\u00e2bles.<br \/>\n<\/span><\/strong><strong><span style=\"color: #000000; font-family: Arial;\">Contr\u00f4le pr\u00e9 &#8211; r\u00e9glable, Auto-Balance\u2122 ajustable.Ventilateur sur besoin (F.A.N.).<br \/>\n<\/span><\/strong><strong><span style=\"color: #000000; font-family: Arial;\">Minuteur pour pr\u00e9 &#8211; \u00e9coulement fix\u00e9 et l\u2019apr\u00e8s \u00e9coulement variable du gaz de protection.<br \/>\n<\/span><\/strong><strong><span style=\"color: #000000; font-family: Arial;\">Contr\u00f4le de TIG \u00e0 impulsions \u00e0 un seul bouton int\u00e9gr\u00e9 et facile \u00e0 installer avec une lumi\u00e8re clignotante qui indique le r\u00e9glage de la fr\u00e9quence des impulsions.<br \/>\n<\/span><\/strong><strong><span style=\"color: #000000; font-family: Arial;\">Connexion de c\u00e2ble d\u2019\u00e9lectrode Twist-Mate sans outils. C\u00e2ble de collier de serrage de travail int\u00e9gr\u00e9 attach\u00e9 en permanence.<\/span><\/strong><\/p>\n","protected":false},"excerpt":{"rendered":"<p><strong><span style=\"color: #000000; font-family: Arial;\">Courant alternatif (AC) et continu (DC)<br \/>\n<\/span><\/strong><strong><span style=\"color: #000000; font-family: Arial;\">Alimentation : 230V<br \/>\n<\/span><\/strong><strong><span style=\"color: #000000; font-family: Arial;\">Gamme de courant\u00a0 5A \u00e0 230A<\/span><\/strong><\/p>\n","protected":false},"featured_media":5053,"template":"","meta":[],"product_cat":[837],"product_tag":[869],"class_list":{"0":"post-5051","1":"product","2":"type-product","3":"status-publish","4":"has-post-thumbnail","6":"product_cat-poste-tig","7":"product_tag-precision-tig-225","8":"product_brand-lincoln-electric","10":"first","11":"instock","12":"shipping-taxable","13":"product-type-simple","14":"col-xs-6 col-sm-4","15":"col-md-3 col-lg-3","16":"un-4-cols"},"yoast_head":"<!-- This site is optimized with the Yoast SEO plugin v22.5 - https:\/\/yoast.com\/wordpress\/plugins\/seo\/ -->\n<title>Precision TIG 225 - EURL HOSNA KAMEL<\/title>\n<meta name=\"description\" content=\"Precision TIG 225 - EURL HOSNA KAMEL\" \/>\n<meta name=\"robots\" content=\"index, follow, max-snippet:-1, max-image-preview:large, max-video-preview:-1\" \/>\n<link rel=\"canonical\" href=\"https:\/\/eurlhosnakamel.dz\/dz\/produit\/precision-tig-225\/\" \/>\n<meta property=\"og:locale\" content=\"fr_FR\" \/>\n<meta property=\"og:type\" content=\"article\" \/>\n<meta property=\"og:title\" content=\"Precision TIG 225 - EURL HOSNA KAMEL\" \/>\n<meta property=\"og:description\" content=\"Precision TIG 225 - EURL HOSNA KAMEL\" \/>\n<meta property=\"og:url\" content=\"https:\/\/eurlhosnakamel.dz\/dz\/produit\/precision-tig-225\/\" \/>\n<meta property=\"og:site_name\" content=\"EURL HOSNA KAMEL\" \/>\n<meta property=\"article:publisher\" content=\"https:\/\/www.facebook.com\/Eurl.Hosna.DZ\/\" \/>\n<meta property=\"og:image\" content=\"https:\/\/eurlhosnakamel.dz\/dz\/wp-content\/uploads\/2020\/04\/Precision-TIG-225-Lincoln-eurl-hosna-kamel-algerie.jpeg.jpg\" \/>\n\t<meta property=\"og:image:width\" content=\"512\" \/>\n\t<meta property=\"og:image:height\" content=\"512\" \/>\n\t<meta property=\"og:image:type\" content=\"image\/jpeg\" \/>\n<meta name=\"twitter:card\" content=\"summary_large_image\" \/>\n<meta name=\"twitter:label1\" content=\"Dur\u00e9e de lecture estim\u00e9e\" \/>\n\t<meta name=\"twitter:data1\" content=\"1 minute\" \/>\n<script type=\"application\/ld+json\" class=\"yoast-schema-graph\">{\"@context\":\"https:\/\/schema.org\",\"@graph\":[{\"@type\":\"WebPage\",\"@id\":\"https:\/\/eurlhosnakamel.dz\/dz\/produit\/precision-tig-225\/\",\"url\":\"https:\/\/eurlhosnakamel.dz\/dz\/produit\/precision-tig-225\/\",\"name\":\"Precision TIG 225 - EURL HOSNA KAMEL\",\"isPartOf\":{\"@id\":\"https:\/\/eurlhosnakamel.dz\/dz\/#website\"},\"primaryImageOfPage\":{\"@id\":\"https:\/\/eurlhosnakamel.dz\/dz\/produit\/precision-tig-225\/#primaryimage\"},\"image\":{\"@id\":\"https:\/\/eurlhosnakamel.dz\/dz\/produit\/precision-tig-225\/#primaryimage\"},\"thumbnailUrl\":\"https:\/\/eurlhosnakamel.dz\/dz\/wp-content\/uploads\/2020\/04\/Precision-TIG-225-Lincoln-eurl-hosna-kamel-algerie.jpeg.jpg\",\"datePublished\":\"2020-04-14T14:24:26+00:00\",\"dateModified\":\"2020-04-14T14:24:26+00:00\",\"description\":\"Precision TIG 225 - EURL HOSNA KAMEL\",\"breadcrumb\":{\"@id\":\"https:\/\/eurlhosnakamel.dz\/dz\/produit\/precision-tig-225\/#breadcrumb\"},\"inLanguage\":\"fr-FR\",\"potentialAction\":[{\"@type\":\"ReadAction\",\"target\":[\"https:\/\/eurlhosnakamel.dz\/dz\/produit\/precision-tig-225\/\"]}]},{\"@type\":\"ImageObject\",\"inLanguage\":\"fr-FR\",\"@id\":\"https:\/\/eurlhosnakamel.dz\/dz\/produit\/precision-tig-225\/#primaryimage\",\"url\":\"https:\/\/eurlhosnakamel.dz\/dz\/wp-content\/uploads\/2020\/04\/Precision-TIG-225-Lincoln-eurl-hosna-kamel-algerie.jpeg.jpg\",\"contentUrl\":\"https:\/\/eurlhosnakamel.dz\/dz\/wp-content\/uploads\/2020\/04\/Precision-TIG-225-Lincoln-eurl-hosna-kamel-algerie.jpeg.jpg\",\"width\":512,\"height\":512},{\"@type\":\"BreadcrumbList\",\"@id\":\"https:\/\/eurlhosnakamel.dz\/dz\/produit\/precision-tig-225\/#breadcrumb\",\"itemListElement\":[{\"@type\":\"ListItem\",\"position\":1,\"name\":\"Accueil\",\"item\":\"https:\/\/eurlhosnakamel.dz\/dz\/\"},{\"@type\":\"ListItem\",\"position\":2,\"name\":\"Shop\",\"item\":\"https:\/\/eurlhosnakamel.dz\/dz\/shop\/\"},{\"@type\":\"ListItem\",\"position\":3,\"name\":\"Precision TIG 225\"}]},{\"@type\":\"WebSite\",\"@id\":\"https:\/\/eurlhosnakamel.dz\/dz\/#website\",\"url\":\"https:\/\/eurlhosnakamel.dz\/dz\/\",\"name\":\"EURL HOSNA KAMEL\",\"description\":\"Fournisseur Premium d&#039;Outillages Professionnels en Alg\u00e9rie -\",\"publisher\":{\"@id\":\"https:\/\/eurlhosnakamel.dz\/dz\/#organization\"},\"potentialAction\":[{\"@type\":\"SearchAction\",\"target\":{\"@type\":\"EntryPoint\",\"urlTemplate\":\"https:\/\/eurlhosnakamel.dz\/dz\/?s={search_term_string}\"},\"query-input\":\"required name=search_term_string\"}],\"inLanguage\":\"fr-FR\"},{\"@type\":\"Organization\",\"@id\":\"https:\/\/eurlhosnakamel.dz\/dz\/#organization\",\"name\":\"EURL HOSNA KAMEL - Bosch alg\u00e9rie\",\"url\":\"https:\/\/eurlhosnakamel.dz\/dz\/\",\"logo\":{\"@type\":\"ImageObject\",\"inLanguage\":\"fr-FR\",\"@id\":\"https:\/\/eurlhosnakamel.dz\/dz\/#\/schema\/logo\/image\/\",\"url\":\"https:\/\/eurlhosnakamel.dz\/wp-content\/uploads\/2020\/04\/LOGO-HOSNA1.png\",\"contentUrl\":\"https:\/\/eurlhosnakamel.dz\/wp-content\/uploads\/2020\/04\/LOGO-HOSNA1.png\",\"width\":120,\"height\":127,\"caption\":\"EURL HOSNA KAMEL - Bosch alg\u00e9rie\"},\"image\":{\"@id\":\"https:\/\/eurlhosnakamel.dz\/dz\/#\/schema\/logo\/image\/\"},\"sameAs\":[\"https:\/\/www.facebook.com\/Eurl.Hosna.DZ\/\"]}]}<\/script>\n<!-- \/ Yoast SEO plugin. -->","yoast_head_json":{"title":"Precision TIG 225 - EURL HOSNA KAMEL","description":"Precision TIG 225 - EURL HOSNA KAMEL","robots":{"index":"index","follow":"follow","max-snippet":"max-snippet:-1","max-image-preview":"max-image-preview:large","max-video-preview":"max-video-preview:-1"},"canonical":"https:\/\/eurlhosnakamel.dz\/dz\/produit\/precision-tig-225\/","og_locale":"fr_FR","og_type":"article","og_title":"Precision TIG 225 - EURL HOSNA KAMEL","og_description":"Precision TIG 225 - EURL HOSNA KAMEL","og_url":"https:\/\/eurlhosnakamel.dz\/dz\/produit\/precision-tig-225\/","og_site_name":"EURL HOSNA KAMEL","article_publisher":"https:\/\/www.facebook.com\/Eurl.Hosna.DZ\/","og_image":[{"width":512,"height":512,"url":"https:\/\/eurlhosnakamel.dz\/dz\/wp-content\/uploads\/2020\/04\/Precision-TIG-225-Lincoln-eurl-hosna-kamel-algerie.jpeg.jpg","type":"image\/jpeg"}],"twitter_card":"summary_large_image","twitter_misc":{"Dur\u00e9e de lecture estim\u00e9e":"1 minute"},"schema":{"@context":"https:\/\/schema.org","@graph":[{"@type":"WebPage","@id":"https:\/\/eurlhosnakamel.dz\/dz\/produit\/precision-tig-225\/","url":"https:\/\/eurlhosnakamel.dz\/dz\/produit\/precision-tig-225\/","name":"Precision TIG 225 - EURL HOSNA KAMEL","isPartOf":{"@id":"https:\/\/eurlhosnakamel.dz\/dz\/#website"},"primaryImageOfPage":{"@id":"https:\/\/eurlhosnakamel.dz\/dz\/produit\/precision-tig-225\/#primaryimage"},"image":{"@id":"https:\/\/eurlhosnakamel.dz\/dz\/produit\/precision-tig-225\/#primaryimage"},"thumbnailUrl":"https:\/\/eurlhosnakamel.dz\/dz\/wp-content\/uploads\/2020\/04\/Precision-TIG-225-Lincoln-eurl-hosna-kamel-algerie.jpeg.jpg","datePublished":"2020-04-14T14:24:26+00:00","dateModified":"2020-04-14T14:24:26+00:00","description":"Precision TIG 225 - EURL HOSNA KAMEL","breadcrumb":{"@id":"https:\/\/eurlhosnakamel.dz\/dz\/produit\/precision-tig-225\/#breadcrumb"},"inLanguage":"fr-FR","potentialAction":[{"@type":"ReadAction","target":["https:\/\/eurlhosnakamel.dz\/dz\/produit\/precision-tig-225\/"]}]},{"@type":"ImageObject","inLanguage":"fr-FR","@id":"https:\/\/eurlhosnakamel.dz\/dz\/produit\/precision-tig-225\/#primaryimage","url":"https:\/\/eurlhosnakamel.dz\/dz\/wp-content\/uploads\/2020\/04\/Precision-TIG-225-Lincoln-eurl-hosna-kamel-algerie.jpeg.jpg","contentUrl":"https:\/\/eurlhosnakamel.dz\/dz\/wp-content\/uploads\/2020\/04\/Precision-TIG-225-Lincoln-eurl-hosna-kamel-algerie.jpeg.jpg","width":512,"height":512},{"@type":"BreadcrumbList","@id":"https:\/\/eurlhosnakamel.dz\/dz\/produit\/precision-tig-225\/#breadcrumb","itemListElement":[{"@type":"ListItem","position":1,"name":"Accueil","item":"https:\/\/eurlhosnakamel.dz\/dz\/"},{"@type":"ListItem","position":2,"name":"Shop","item":"https:\/\/eurlhosnakamel.dz\/dz\/shop\/"},{"@type":"ListItem","position":3,"name":"Precision TIG 225"}]},{"@type":"WebSite","@id":"https:\/\/eurlhosnakamel.dz\/dz\/#website","url":"https:\/\/eurlhosnakamel.dz\/dz\/","name":"EURL HOSNA KAMEL","description":"Fournisseur Premium d&#039;Outillages Professionnels en Alg\u00e9rie -","publisher":{"@id":"https:\/\/eurlhosnakamel.dz\/dz\/#organization"},"potentialAction":[{"@type":"SearchAction","target":{"@type":"EntryPoint","urlTemplate":"https:\/\/eurlhosnakamel.dz\/dz\/?s={search_term_string}"},"query-input":"required name=search_term_string"}],"inLanguage":"fr-FR"},{"@type":"Organization","@id":"https:\/\/eurlhosnakamel.dz\/dz\/#organization","name":"EURL HOSNA KAMEL - Bosch alg\u00e9rie","url":"https:\/\/eurlhosnakamel.dz\/dz\/","logo":{"@type":"ImageObject","inLanguage":"fr-FR","@id":"https:\/\/eurlhosnakamel.dz\/dz\/#\/schema\/logo\/image\/","url":"https:\/\/eurlhosnakamel.dz\/wp-content\/uploads\/2020\/04\/LOGO-HOSNA1.png","contentUrl":"https:\/\/eurlhosnakamel.dz\/wp-content\/uploads\/2020\/04\/LOGO-HOSNA1.png","width":120,"height":127,"caption":"EURL HOSNA KAMEL - Bosch alg\u00e9rie"},"image":{"@id":"https:\/\/eurlhosnakamel.dz\/dz\/#\/schema\/logo\/image\/"},"sameAs":["https:\/\/www.facebook.com\/Eurl.Hosna.DZ\/"]}]}},"_links":{"self":[{"href":"https:\/\/eurlhosnakamel.dz\/dz\/wp-json\/wp\/v2\/product\/5051","targetHints":{"allow":["GET"]}}],"collection":[{"href":"https:\/\/eurlhosnakamel.dz\/dz\/wp-json\/wp\/v2\/product"}],"about":[{"href":"https:\/\/eurlhosnakamel.dz\/dz\/wp-json\/wp\/v2\/types\/product"}],"wp:featuredmedia":[{"embeddable":true,"href":"https:\/\/eurlhosnakamel.dz\/dz\/wp-json\/wp\/v2\/media\/5053"}],"wp:attachment":[{"href":"https:\/\/eurlhosnakamel.dz\/dz\/wp-json\/wp\/v2\/media?parent=5051"}],"wp:term":[{"taxonomy":"product_cat","embeddable":true,"href":"https:\/\/eurlhosnakamel.dz\/dz\/wp-json\/wp\/v2\/product_cat?post=5051"},{"taxonomy":"product_tag","embeddable":true,"href":"https:\/\/eurlhosnakamel.dz\/dz\/wp-json\/wp\/v2\/product_tag?post=5051"}],"curies":[{"name":"wp","href":"https:\/\/api.w.org\/{rel}","templated":true}]}}