{"id":5073,"date":"2020-04-14T14:43:02","date_gmt":"2020-04-14T14:43:02","guid":{"rendered":"https:\/\/lhchosting.com\/hosna\/?post_type=product&#038;p=5073"},"modified":"2020-04-14T14:43:02","modified_gmt":"2020-04-14T14:43:02","slug":"powertec-425s","status":"publish","type":"product","link":"https:\/\/eurlhosnakamel.dz\/dz\/produit\/powertec-425s\/","title":{"rendered":"Powertec\u00ae 425S"},"content":{"rendered":"<p><strong><span style=\"color: #000000; font-family: Arial;\"><u>Descriptif produit<\/u><\/span><\/strong><\/p>\n<p><strong><span style=\"color: #000000; font-family: Arial;\"><br \/>\n<\/span><\/strong><strong><span style=\"color: #000000; font-family: Arial;\">Un maximum des combinaisons: Quatre niveaux de puissance et 3 d\u00e9vidoirs diff\u00e9rents permettront de r\u00e9pondre \u00e0 votre attente, quel que soit votre besoin.<br \/>\n<\/span><\/strong><strong><span style=\"color: #000000; font-family: Arial;\">Caract\u00e9ristiques d\u2019arc exceptionnelles avec un m\u00e9lange gazeux Argon\/CO2 <\/span><\/strong><strong><span style=\"color: #000000; font-family: Arial;\">ou avec 100% de C022..<br \/>\n<\/span><\/strong><strong><span style=\"color: #000000; font-family: Arial;\">Amor\u00e7age performant<br \/>\n<\/span><\/strong><strong><span style=\"color: #000000; font-family: Arial;\">Excellente stabilit\u00e9 d\u2019arc<br \/>\n<\/span><\/strong><strong><span style=\"color: #000000; font-family: Arial;\">D\u00e9lai de stabilisation r\u00e9duit.<br \/>\n<\/span><\/strong><strong><span style=\"color: #000000; font-family: Arial;\">Projections minimes<br \/>\n<\/span><\/strong><strong><span style=\"color: #000000; font-family: Arial;\">Syst\u00e8me d\u2019entra\u00eenement: D\u00e9vidage tr\u00e8s performant, gr\u00e2ce \u00e0 2 ou 4 galets de gros diam\u00e8tres associ\u00e9s \u00e0 un puissant moteur de 90W.<br \/>\n<\/span><\/strong><strong><span style=\"color: #000000; font-family: Arial;\">S\u00e9lecteurs de tension: Nombreuses positions pour un r\u00e9glage pr\u00e9cis de la tension.<br \/>\n<\/span><\/strong><strong><span style=\"color: #000000; font-family: Arial;\">Mode synergique (d\u00e9vidoir LF24M Pro): Pour un r\u00e9glage optimal, et une ma\u00eetrise parfaite du proc\u00e9d\u00e9 selectionn\u00e9.<br \/>\n<\/span><\/strong><strong><span style=\"color: #000000; font-family: Arial;\">Afficheurs num\u00e9riques: Voltm\u00e8tre et Amp\u00e8rem\u00e8tre pour un meilleur<br \/>\n<\/span><\/strong><strong><span style=\"color: #000000; font-family: Arial;\">contr\u00f4le des param\u00e8tres (en option sur le LF22M).<br \/>\n<\/span><\/strong><strong><span style=\"color: #000000; font-family: Arial;\">R\u00e9gulation \u00e9lectronique du d\u00e9vidage: Assure une vitesse de d\u00e9vidage constante.<br \/>\n<\/span><\/strong><span style=\"color: #000000; font-family: Arial;\"><span style=\"color: #000000; font-family: Arial;\"><b>Man\u0153uvrabilit\u00e9: Plateforme \u00e9quip\u00e9e de grosses roues, poign\u00e9e <\/b><\/span><\/span><strong><span style=\"color: #000000; font-family: Arial;\">en acier et crochet de levage pour faciliter le d\u00e9placement du g\u00e9n\u00e9rateur.<\/span><\/strong><\/p>\n","protected":false},"excerpt":{"rendered":"<p><strong><span style=\"color: #000000; font-family: Arial;\">Alimentation : 230\/400V\/3\/50-60Hz<br \/>\n<\/span><\/strong><strong><span style=\"color: #000000; font-family: Arial;\">Fusible (A) : 50\/32A<br \/>\n<\/span><\/strong><strong><span style=\"color: #000000; font-family: Arial;\">Gamme de courant de 30-420A \u00e0 40%<br \/>\n<\/span><\/strong><strong><span style=\"color: #000000; font-family: Arial;\">Poids : 151kg.<\/span><\/strong><\/p>\n","protected":false},"featured_media":5075,"template":"","meta":[],"product_cat":[839],"product_tag":[879],"class_list":{"0":"post-5073","1":"product","2":"type-product","3":"status-publish","4":"has-post-thumbnail","6":"product_cat-poste-mig","7":"product_tag-powertec-425s","8":"product_brand-lincoln-electric","10":"first","11":"instock","12":"shipping-taxable","13":"product-type-simple","14":"col-xs-6 col-sm-4","15":"col-md-3 col-lg-3","16":"un-4-cols"},"yoast_head":"<!-- This site is optimized with the Yoast SEO plugin v22.5 - https:\/\/yoast.com\/wordpress\/plugins\/seo\/ -->\n<title>Powertec\u00ae 425S - EURL HOSNA KAMEL<\/title>\n<meta name=\"description\" content=\"Powertec\u00ae 425S - EURL HOSNA KAMEL\" \/>\n<meta name=\"robots\" content=\"index, follow, max-snippet:-1, max-image-preview:large, max-video-preview:-1\" \/>\n<link rel=\"canonical\" href=\"https:\/\/eurlhosnakamel.dz\/dz\/produit\/powertec-425s\/\" \/>\n<meta property=\"og:locale\" content=\"fr_FR\" \/>\n<meta property=\"og:type\" content=\"article\" \/>\n<meta property=\"og:title\" content=\"Powertec\u00ae 425S - EURL HOSNA KAMEL\" \/>\n<meta property=\"og:description\" content=\"Powertec\u00ae 425S - EURL HOSNA KAMEL\" \/>\n<meta property=\"og:url\" content=\"https:\/\/eurlhosnakamel.dz\/dz\/produit\/powertec-425s\/\" \/>\n<meta property=\"og:site_name\" content=\"EURL HOSNA KAMEL\" \/>\n<meta property=\"article:publisher\" content=\"https:\/\/www.facebook.com\/Eurl.Hosna.DZ\/\" \/>\n<meta property=\"og:image\" content=\"https:\/\/eurlhosnakamel.dz\/dz\/wp-content\/uploads\/2020\/04\/Powertec\u00ae-425S-Lincoln-eurl-hosna-kamel-algerie.jpeg.jpg\" \/>\n\t<meta property=\"og:image:width\" content=\"512\" \/>\n\t<meta property=\"og:image:height\" content=\"512\" \/>\n\t<meta property=\"og:image:type\" content=\"image\/jpeg\" \/>\n<meta name=\"twitter:card\" content=\"summary_large_image\" \/>\n<meta name=\"twitter:label1\" content=\"Dur\u00e9e de lecture estim\u00e9e\" \/>\n\t<meta name=\"twitter:data1\" content=\"1 minute\" \/>\n<script type=\"application\/ld+json\" class=\"yoast-schema-graph\">{\"@context\":\"https:\/\/schema.org\",\"@graph\":[{\"@type\":\"WebPage\",\"@id\":\"https:\/\/eurlhosnakamel.dz\/dz\/produit\/powertec-425s\/\",\"url\":\"https:\/\/eurlhosnakamel.dz\/dz\/produit\/powertec-425s\/\",\"name\":\"Powertec\u00ae 425S - EURL HOSNA KAMEL\",\"isPartOf\":{\"@id\":\"https:\/\/eurlhosnakamel.dz\/dz\/#website\"},\"primaryImageOfPage\":{\"@id\":\"https:\/\/eurlhosnakamel.dz\/dz\/produit\/powertec-425s\/#primaryimage\"},\"image\":{\"@id\":\"https:\/\/eurlhosnakamel.dz\/dz\/produit\/powertec-425s\/#primaryimage\"},\"thumbnailUrl\":\"https:\/\/eurlhosnakamel.dz\/dz\/wp-content\/uploads\/2020\/04\/Powertec\u00ae-425S-Lincoln-eurl-hosna-kamel-algerie.jpeg.jpg\",\"datePublished\":\"2020-04-14T14:43:02+00:00\",\"dateModified\":\"2020-04-14T14:43:02+00:00\",\"description\":\"Powertec\u00ae 425S - EURL HOSNA KAMEL\",\"breadcrumb\":{\"@id\":\"https:\/\/eurlhosnakamel.dz\/dz\/produit\/powertec-425s\/#breadcrumb\"},\"inLanguage\":\"fr-FR\",\"potentialAction\":[{\"@type\":\"ReadAction\",\"target\":[\"https:\/\/eurlhosnakamel.dz\/dz\/produit\/powertec-425s\/\"]}]},{\"@type\":\"ImageObject\",\"inLanguage\":\"fr-FR\",\"@id\":\"https:\/\/eurlhosnakamel.dz\/dz\/produit\/powertec-425s\/#primaryimage\",\"url\":\"https:\/\/eurlhosnakamel.dz\/dz\/wp-content\/uploads\/2020\/04\/Powertec\u00ae-425S-Lincoln-eurl-hosna-kamel-algerie.jpeg.jpg\",\"contentUrl\":\"https:\/\/eurlhosnakamel.dz\/dz\/wp-content\/uploads\/2020\/04\/Powertec\u00ae-425S-Lincoln-eurl-hosna-kamel-algerie.jpeg.jpg\",\"width\":512,\"height\":512},{\"@type\":\"BreadcrumbList\",\"@id\":\"https:\/\/eurlhosnakamel.dz\/dz\/produit\/powertec-425s\/#breadcrumb\",\"itemListElement\":[{\"@type\":\"ListItem\",\"position\":1,\"name\":\"Accueil\",\"item\":\"https:\/\/eurlhosnakamel.dz\/dz\/\"},{\"@type\":\"ListItem\",\"position\":2,\"name\":\"Shop\",\"item\":\"https:\/\/eurlhosnakamel.dz\/dz\/shop\/\"},{\"@type\":\"ListItem\",\"position\":3,\"name\":\"Powertec\u00ae 425S\"}]},{\"@type\":\"WebSite\",\"@id\":\"https:\/\/eurlhosnakamel.dz\/dz\/#website\",\"url\":\"https:\/\/eurlhosnakamel.dz\/dz\/\",\"name\":\"EURL HOSNA KAMEL\",\"description\":\"Fournisseur Premium d&#039;Outillages Professionnels en Alg\u00e9rie -\",\"publisher\":{\"@id\":\"https:\/\/eurlhosnakamel.dz\/dz\/#organization\"},\"potentialAction\":[{\"@type\":\"SearchAction\",\"target\":{\"@type\":\"EntryPoint\",\"urlTemplate\":\"https:\/\/eurlhosnakamel.dz\/dz\/?s={search_term_string}\"},\"query-input\":\"required name=search_term_string\"}],\"inLanguage\":\"fr-FR\"},{\"@type\":\"Organization\",\"@id\":\"https:\/\/eurlhosnakamel.dz\/dz\/#organization\",\"name\":\"EURL HOSNA KAMEL - Bosch alg\u00e9rie\",\"url\":\"https:\/\/eurlhosnakamel.dz\/dz\/\",\"logo\":{\"@type\":\"ImageObject\",\"inLanguage\":\"fr-FR\",\"@id\":\"https:\/\/eurlhosnakamel.dz\/dz\/#\/schema\/logo\/image\/\",\"url\":\"https:\/\/eurlhosnakamel.dz\/wp-content\/uploads\/2020\/04\/LOGO-HOSNA1.png\",\"contentUrl\":\"https:\/\/eurlhosnakamel.dz\/wp-content\/uploads\/2020\/04\/LOGO-HOSNA1.png\",\"width\":120,\"height\":127,\"caption\":\"EURL HOSNA KAMEL - Bosch alg\u00e9rie\"},\"image\":{\"@id\":\"https:\/\/eurlhosnakamel.dz\/dz\/#\/schema\/logo\/image\/\"},\"sameAs\":[\"https:\/\/www.facebook.com\/Eurl.Hosna.DZ\/\"]}]}<\/script>\n<!-- \/ Yoast SEO plugin. -->","yoast_head_json":{"title":"Powertec\u00ae 425S - EURL HOSNA KAMEL","description":"Powertec\u00ae 425S - EURL HOSNA KAMEL","robots":{"index":"index","follow":"follow","max-snippet":"max-snippet:-1","max-image-preview":"max-image-preview:large","max-video-preview":"max-video-preview:-1"},"canonical":"https:\/\/eurlhosnakamel.dz\/dz\/produit\/powertec-425s\/","og_locale":"fr_FR","og_type":"article","og_title":"Powertec\u00ae 425S - EURL HOSNA KAMEL","og_description":"Powertec\u00ae 425S - EURL HOSNA KAMEL","og_url":"https:\/\/eurlhosnakamel.dz\/dz\/produit\/powertec-425s\/","og_site_name":"EURL HOSNA KAMEL","article_publisher":"https:\/\/www.facebook.com\/Eurl.Hosna.DZ\/","og_image":[{"width":512,"height":512,"url":"https:\/\/eurlhosnakamel.dz\/dz\/wp-content\/uploads\/2020\/04\/Powertec\u00ae-425S-Lincoln-eurl-hosna-kamel-algerie.jpeg.jpg","type":"image\/jpeg"}],"twitter_card":"summary_large_image","twitter_misc":{"Dur\u00e9e de lecture estim\u00e9e":"1 minute"},"schema":{"@context":"https:\/\/schema.org","@graph":[{"@type":"WebPage","@id":"https:\/\/eurlhosnakamel.dz\/dz\/produit\/powertec-425s\/","url":"https:\/\/eurlhosnakamel.dz\/dz\/produit\/powertec-425s\/","name":"Powertec\u00ae 425S - EURL HOSNA KAMEL","isPartOf":{"@id":"https:\/\/eurlhosnakamel.dz\/dz\/#website"},"primaryImageOfPage":{"@id":"https:\/\/eurlhosnakamel.dz\/dz\/produit\/powertec-425s\/#primaryimage"},"image":{"@id":"https:\/\/eurlhosnakamel.dz\/dz\/produit\/powertec-425s\/#primaryimage"},"thumbnailUrl":"https:\/\/eurlhosnakamel.dz\/dz\/wp-content\/uploads\/2020\/04\/Powertec\u00ae-425S-Lincoln-eurl-hosna-kamel-algerie.jpeg.jpg","datePublished":"2020-04-14T14:43:02+00:00","dateModified":"2020-04-14T14:43:02+00:00","description":"Powertec\u00ae 425S - EURL HOSNA KAMEL","breadcrumb":{"@id":"https:\/\/eurlhosnakamel.dz\/dz\/produit\/powertec-425s\/#breadcrumb"},"inLanguage":"fr-FR","potentialAction":[{"@type":"ReadAction","target":["https:\/\/eurlhosnakamel.dz\/dz\/produit\/powertec-425s\/"]}]},{"@type":"ImageObject","inLanguage":"fr-FR","@id":"https:\/\/eurlhosnakamel.dz\/dz\/produit\/powertec-425s\/#primaryimage","url":"https:\/\/eurlhosnakamel.dz\/dz\/wp-content\/uploads\/2020\/04\/Powertec\u00ae-425S-Lincoln-eurl-hosna-kamel-algerie.jpeg.jpg","contentUrl":"https:\/\/eurlhosnakamel.dz\/dz\/wp-content\/uploads\/2020\/04\/Powertec\u00ae-425S-Lincoln-eurl-hosna-kamel-algerie.jpeg.jpg","width":512,"height":512},{"@type":"BreadcrumbList","@id":"https:\/\/eurlhosnakamel.dz\/dz\/produit\/powertec-425s\/#breadcrumb","itemListElement":[{"@type":"ListItem","position":1,"name":"Accueil","item":"https:\/\/eurlhosnakamel.dz\/dz\/"},{"@type":"ListItem","position":2,"name":"Shop","item":"https:\/\/eurlhosnakamel.dz\/dz\/shop\/"},{"@type":"ListItem","position":3,"name":"Powertec\u00ae 425S"}]},{"@type":"WebSite","@id":"https:\/\/eurlhosnakamel.dz\/dz\/#website","url":"https:\/\/eurlhosnakamel.dz\/dz\/","name":"EURL HOSNA KAMEL","description":"Fournisseur Premium d&#039;Outillages Professionnels en Alg\u00e9rie -","publisher":{"@id":"https:\/\/eurlhosnakamel.dz\/dz\/#organization"},"potentialAction":[{"@type":"SearchAction","target":{"@type":"EntryPoint","urlTemplate":"https:\/\/eurlhosnakamel.dz\/dz\/?s={search_term_string}"},"query-input":"required name=search_term_string"}],"inLanguage":"fr-FR"},{"@type":"Organization","@id":"https:\/\/eurlhosnakamel.dz\/dz\/#organization","name":"EURL HOSNA KAMEL - Bosch alg\u00e9rie","url":"https:\/\/eurlhosnakamel.dz\/dz\/","logo":{"@type":"ImageObject","inLanguage":"fr-FR","@id":"https:\/\/eurlhosnakamel.dz\/dz\/#\/schema\/logo\/image\/","url":"https:\/\/eurlhosnakamel.dz\/wp-content\/uploads\/2020\/04\/LOGO-HOSNA1.png","contentUrl":"https:\/\/eurlhosnakamel.dz\/wp-content\/uploads\/2020\/04\/LOGO-HOSNA1.png","width":120,"height":127,"caption":"EURL HOSNA KAMEL - Bosch alg\u00e9rie"},"image":{"@id":"https:\/\/eurlhosnakamel.dz\/dz\/#\/schema\/logo\/image\/"},"sameAs":["https:\/\/www.facebook.com\/Eurl.Hosna.DZ\/"]}]}},"_links":{"self":[{"href":"https:\/\/eurlhosnakamel.dz\/dz\/wp-json\/wp\/v2\/product\/5073","targetHints":{"allow":["GET"]}}],"collection":[{"href":"https:\/\/eurlhosnakamel.dz\/dz\/wp-json\/wp\/v2\/product"}],"about":[{"href":"https:\/\/eurlhosnakamel.dz\/dz\/wp-json\/wp\/v2\/types\/product"}],"wp:featuredmedia":[{"embeddable":true,"href":"https:\/\/eurlhosnakamel.dz\/dz\/wp-json\/wp\/v2\/media\/5075"}],"wp:attachment":[{"href":"https:\/\/eurlhosnakamel.dz\/dz\/wp-json\/wp\/v2\/media?parent=5073"}],"wp:term":[{"taxonomy":"product_cat","embeddable":true,"href":"https:\/\/eurlhosnakamel.dz\/dz\/wp-json\/wp\/v2\/product_cat?post=5073"},{"taxonomy":"product_tag","embeddable":true,"href":"https:\/\/eurlhosnakamel.dz\/dz\/wp-json\/wp\/v2\/product_tag?post=5073"}],"curies":[{"name":"wp","href":"https:\/\/api.w.org\/{rel}","templated":true}]}}