{"id":5107,"date":"2020-04-14T14:58:36","date_gmt":"2020-04-14T14:58:36","guid":{"rendered":"https:\/\/lhchosting.com\/hosna\/?post_type=product&#038;p=5107"},"modified":"2020-04-14T14:58:36","modified_gmt":"2020-04-14T14:58:36","slug":"vantage-300","status":"publish","type":"product","link":"https:\/\/eurlhosnakamel.dz\/dz\/produit\/vantage-300\/","title":{"rendered":"Vantage\u00ae 300"},"content":{"rendered":"<p><span style=\"color: #000000; font-family: 'Trebuchet MS';\"><b><u>Descriptif produit<\/u><\/b><\/span><\/p>\n<p><span style=\"color: #000000; font-family: 'Trebuchet MS';\"><b><br \/>\n<\/b><\/span><span style=\"color: #000000; font-family: 'Trebuchet MS';\"><b>Le VANTAGE\u00ae 300 est un source de puissance de soudage c.c.<\/b><\/span><span style=\"color: #000000; font-family: 'Trebuchet MS';\"><b>\u00e0 proc\u00e9d\u00e9s multiples et \u00e0 moteur diesel ainsi qu\u2019un g\u00e9n\u00e9rateur de <\/b><\/span><span style=\"color: #000000; font-family: 'Trebuchet MS';\"><b>puissance c.a. de 120 \/ 240 volts. Le moteur fait fonctionner un <\/b><\/span><span style=\"color: #000000; font-family: 'Trebuchet MS';\"><b>g\u00e9n\u00e9rateur qui fournit une puissance triphas\u00e9e pour le circuit de <\/b><\/span><span style=\"color: #000000; font-family: 'Trebuchet MS';\"><b>soudage c.c. et une puissance monophas\u00e9e et puissance <\/b><\/span><span style=\"color: #000000; font-family: 'Trebuchet MS';\"><b>Triphas\u00e9e pour les sorties auxiliaires c.a. Le syst\u00e8me de contr\u00f4le de <\/b><\/span><span style=\"color: #000000; font-family: 'Trebuchet MS';\"><b>soudage c.c. fonctionne avec la technologie d\u2019avant-garde Chopper <\/b><\/span><span style=\"color: #000000; font-family: 'Trebuchet MS';\"><b>Technology (CT\u2122) pour un soudage sup\u00e9rieur.<br \/>\n<\/b><\/span><span style=\"color: #000000; font-family: 'Trebuchet MS';\"><b>Excellentes caract\u00e9ristiques de soudage <\/b><\/span><span style=\"color: #000000; font-family: 'Trebuchet MS';\"><b>en mode CC Electrode enrob\u00e9e, CC-Electrode pipe en verticale descendante, CV MIG\/MAG, fil fourr\u00e9 avec ou sans gaz, TIG au touch\u00e9 <\/b><\/span><span style=\"color: #000000; font-family: 'Trebuchet MS';\"><b>Gougeage arc air 6.3 mm<br \/>\n<\/b><\/span><span style=\"color: #000000; font-family: 'Trebuchet MS';\"><b>Proc\u00e9d\u00e9 sp\u00e9cifique d\u00e9di\u00e9 au soudage Pipe.<\/b><\/span><\/p>\n","protected":false},"excerpt":{"rendered":"<p><span style=\"color: #000000; font-family: 'Trebuchet MS';\"><b>Registre de Sortie: 20 \u00e0 400 AMPS \/ 60%<br \/>\n<\/b><\/span><span style=\"color: #000000; font-family: 'Trebuchet MS';\"><b>Moteur Diesel Kubota refroidi \u00e0 l\u2019eau avec aspiration naturelle<br \/>\n<\/b><\/span><span style=\"color: #000000; font-family: 'Trebuchet MS';\"><b>4 cylindres 22 HP 1800 RPM<\/b><\/span><\/p>\n","protected":false},"featured_media":5109,"template":"","meta":[],"product_cat":[843],"product_tag":[891],"class_list":{"0":"post-5107","1":"product","2":"type-product","3":"status-publish","4":"has-post-thumbnail","6":"product_cat-groupe-autonome","7":"product_tag-vantage-300","8":"product_brand-lincoln-electric","10":"first","11":"instock","12":"shipping-taxable","13":"product-type-simple","14":"col-xs-6 col-sm-4","15":"col-md-3 col-lg-3","16":"un-4-cols"},"yoast_head":"<!-- This site is optimized with the Yoast SEO plugin v22.5 - https:\/\/yoast.com\/wordpress\/plugins\/seo\/ -->\n<title>Vantage\u00ae 300 - EURL HOSNA KAMEL<\/title>\n<meta name=\"description\" content=\"Vantage\u00ae 300 - EURL HOSNA KAMEL\" \/>\n<meta name=\"robots\" content=\"index, follow, max-snippet:-1, max-image-preview:large, max-video-preview:-1\" \/>\n<link rel=\"canonical\" href=\"https:\/\/eurlhosnakamel.dz\/dz\/produit\/vantage-300\/\" \/>\n<meta property=\"og:locale\" content=\"fr_FR\" \/>\n<meta property=\"og:type\" content=\"article\" \/>\n<meta property=\"og:title\" content=\"Vantage\u00ae 300 - EURL HOSNA KAMEL\" \/>\n<meta property=\"og:description\" content=\"Vantage\u00ae 300 - EURL HOSNA KAMEL\" \/>\n<meta property=\"og:url\" content=\"https:\/\/eurlhosnakamel.dz\/dz\/produit\/vantage-300\/\" \/>\n<meta property=\"og:site_name\" content=\"EURL HOSNA KAMEL\" \/>\n<meta property=\"article:publisher\" content=\"https:\/\/www.facebook.com\/Eurl.Hosna.DZ\/\" \/>\n<meta property=\"og:image\" content=\"https:\/\/eurlhosnakamel.dz\/dz\/wp-content\/uploads\/2020\/04\/Vantage\u00ae-300-Lincoln-eurl-hosna-kamel-algerie.jpeg.jpg\" \/>\n\t<meta property=\"og:image:width\" content=\"512\" \/>\n\t<meta property=\"og:image:height\" content=\"512\" \/>\n\t<meta property=\"og:image:type\" content=\"image\/jpeg\" \/>\n<meta name=\"twitter:card\" content=\"summary_large_image\" \/>\n<meta name=\"twitter:label1\" content=\"Dur\u00e9e de lecture estim\u00e9e\" \/>\n\t<meta name=\"twitter:data1\" content=\"1 minute\" \/>\n<script type=\"application\/ld+json\" class=\"yoast-schema-graph\">{\"@context\":\"https:\/\/schema.org\",\"@graph\":[{\"@type\":\"WebPage\",\"@id\":\"https:\/\/eurlhosnakamel.dz\/dz\/produit\/vantage-300\/\",\"url\":\"https:\/\/eurlhosnakamel.dz\/dz\/produit\/vantage-300\/\",\"name\":\"Vantage\u00ae 300 - EURL HOSNA KAMEL\",\"isPartOf\":{\"@id\":\"https:\/\/eurlhosnakamel.dz\/dz\/#website\"},\"primaryImageOfPage\":{\"@id\":\"https:\/\/eurlhosnakamel.dz\/dz\/produit\/vantage-300\/#primaryimage\"},\"image\":{\"@id\":\"https:\/\/eurlhosnakamel.dz\/dz\/produit\/vantage-300\/#primaryimage\"},\"thumbnailUrl\":\"https:\/\/eurlhosnakamel.dz\/dz\/wp-content\/uploads\/2020\/04\/Vantage\u00ae-300-Lincoln-eurl-hosna-kamel-algerie.jpeg.jpg\",\"datePublished\":\"2020-04-14T14:58:36+00:00\",\"dateModified\":\"2020-04-14T14:58:36+00:00\",\"description\":\"Vantage\u00ae 300 - EURL HOSNA KAMEL\",\"breadcrumb\":{\"@id\":\"https:\/\/eurlhosnakamel.dz\/dz\/produit\/vantage-300\/#breadcrumb\"},\"inLanguage\":\"fr-FR\",\"potentialAction\":[{\"@type\":\"ReadAction\",\"target\":[\"https:\/\/eurlhosnakamel.dz\/dz\/produit\/vantage-300\/\"]}]},{\"@type\":\"ImageObject\",\"inLanguage\":\"fr-FR\",\"@id\":\"https:\/\/eurlhosnakamel.dz\/dz\/produit\/vantage-300\/#primaryimage\",\"url\":\"https:\/\/eurlhosnakamel.dz\/dz\/wp-content\/uploads\/2020\/04\/Vantage\u00ae-300-Lincoln-eurl-hosna-kamel-algerie.jpeg.jpg\",\"contentUrl\":\"https:\/\/eurlhosnakamel.dz\/dz\/wp-content\/uploads\/2020\/04\/Vantage\u00ae-300-Lincoln-eurl-hosna-kamel-algerie.jpeg.jpg\",\"width\":512,\"height\":512},{\"@type\":\"BreadcrumbList\",\"@id\":\"https:\/\/eurlhosnakamel.dz\/dz\/produit\/vantage-300\/#breadcrumb\",\"itemListElement\":[{\"@type\":\"ListItem\",\"position\":1,\"name\":\"Accueil\",\"item\":\"https:\/\/eurlhosnakamel.dz\/dz\/\"},{\"@type\":\"ListItem\",\"position\":2,\"name\":\"Shop\",\"item\":\"https:\/\/eurlhosnakamel.dz\/dz\/shop\/\"},{\"@type\":\"ListItem\",\"position\":3,\"name\":\"Vantage\u00ae 300\"}]},{\"@type\":\"WebSite\",\"@id\":\"https:\/\/eurlhosnakamel.dz\/dz\/#website\",\"url\":\"https:\/\/eurlhosnakamel.dz\/dz\/\",\"name\":\"EURL HOSNA KAMEL\",\"description\":\"Fournisseur Premium d&#039;Outillages Professionnels en Alg\u00e9rie -\",\"publisher\":{\"@id\":\"https:\/\/eurlhosnakamel.dz\/dz\/#organization\"},\"potentialAction\":[{\"@type\":\"SearchAction\",\"target\":{\"@type\":\"EntryPoint\",\"urlTemplate\":\"https:\/\/eurlhosnakamel.dz\/dz\/?s={search_term_string}\"},\"query-input\":\"required name=search_term_string\"}],\"inLanguage\":\"fr-FR\"},{\"@type\":\"Organization\",\"@id\":\"https:\/\/eurlhosnakamel.dz\/dz\/#organization\",\"name\":\"EURL HOSNA KAMEL - Bosch alg\u00e9rie\",\"url\":\"https:\/\/eurlhosnakamel.dz\/dz\/\",\"logo\":{\"@type\":\"ImageObject\",\"inLanguage\":\"fr-FR\",\"@id\":\"https:\/\/eurlhosnakamel.dz\/dz\/#\/schema\/logo\/image\/\",\"url\":\"https:\/\/eurlhosnakamel.dz\/wp-content\/uploads\/2020\/04\/LOGO-HOSNA1.png\",\"contentUrl\":\"https:\/\/eurlhosnakamel.dz\/wp-content\/uploads\/2020\/04\/LOGO-HOSNA1.png\",\"width\":120,\"height\":127,\"caption\":\"EURL HOSNA KAMEL - Bosch alg\u00e9rie\"},\"image\":{\"@id\":\"https:\/\/eurlhosnakamel.dz\/dz\/#\/schema\/logo\/image\/\"},\"sameAs\":[\"https:\/\/www.facebook.com\/Eurl.Hosna.DZ\/\"]}]}<\/script>\n<!-- \/ Yoast SEO plugin. -->","yoast_head_json":{"title":"Vantage\u00ae 300 - EURL HOSNA KAMEL","description":"Vantage\u00ae 300 - EURL HOSNA KAMEL","robots":{"index":"index","follow":"follow","max-snippet":"max-snippet:-1","max-image-preview":"max-image-preview:large","max-video-preview":"max-video-preview:-1"},"canonical":"https:\/\/eurlhosnakamel.dz\/dz\/produit\/vantage-300\/","og_locale":"fr_FR","og_type":"article","og_title":"Vantage\u00ae 300 - EURL HOSNA KAMEL","og_description":"Vantage\u00ae 300 - EURL HOSNA KAMEL","og_url":"https:\/\/eurlhosnakamel.dz\/dz\/produit\/vantage-300\/","og_site_name":"EURL HOSNA KAMEL","article_publisher":"https:\/\/www.facebook.com\/Eurl.Hosna.DZ\/","og_image":[{"width":512,"height":512,"url":"https:\/\/eurlhosnakamel.dz\/dz\/wp-content\/uploads\/2020\/04\/Vantage\u00ae-300-Lincoln-eurl-hosna-kamel-algerie.jpeg.jpg","type":"image\/jpeg"}],"twitter_card":"summary_large_image","twitter_misc":{"Dur\u00e9e de lecture estim\u00e9e":"1 minute"},"schema":{"@context":"https:\/\/schema.org","@graph":[{"@type":"WebPage","@id":"https:\/\/eurlhosnakamel.dz\/dz\/produit\/vantage-300\/","url":"https:\/\/eurlhosnakamel.dz\/dz\/produit\/vantage-300\/","name":"Vantage\u00ae 300 - EURL HOSNA KAMEL","isPartOf":{"@id":"https:\/\/eurlhosnakamel.dz\/dz\/#website"},"primaryImageOfPage":{"@id":"https:\/\/eurlhosnakamel.dz\/dz\/produit\/vantage-300\/#primaryimage"},"image":{"@id":"https:\/\/eurlhosnakamel.dz\/dz\/produit\/vantage-300\/#primaryimage"},"thumbnailUrl":"https:\/\/eurlhosnakamel.dz\/dz\/wp-content\/uploads\/2020\/04\/Vantage\u00ae-300-Lincoln-eurl-hosna-kamel-algerie.jpeg.jpg","datePublished":"2020-04-14T14:58:36+00:00","dateModified":"2020-04-14T14:58:36+00:00","description":"Vantage\u00ae 300 - EURL HOSNA KAMEL","breadcrumb":{"@id":"https:\/\/eurlhosnakamel.dz\/dz\/produit\/vantage-300\/#breadcrumb"},"inLanguage":"fr-FR","potentialAction":[{"@type":"ReadAction","target":["https:\/\/eurlhosnakamel.dz\/dz\/produit\/vantage-300\/"]}]},{"@type":"ImageObject","inLanguage":"fr-FR","@id":"https:\/\/eurlhosnakamel.dz\/dz\/produit\/vantage-300\/#primaryimage","url":"https:\/\/eurlhosnakamel.dz\/dz\/wp-content\/uploads\/2020\/04\/Vantage\u00ae-300-Lincoln-eurl-hosna-kamel-algerie.jpeg.jpg","contentUrl":"https:\/\/eurlhosnakamel.dz\/dz\/wp-content\/uploads\/2020\/04\/Vantage\u00ae-300-Lincoln-eurl-hosna-kamel-algerie.jpeg.jpg","width":512,"height":512},{"@type":"BreadcrumbList","@id":"https:\/\/eurlhosnakamel.dz\/dz\/produit\/vantage-300\/#breadcrumb","itemListElement":[{"@type":"ListItem","position":1,"name":"Accueil","item":"https:\/\/eurlhosnakamel.dz\/dz\/"},{"@type":"ListItem","position":2,"name":"Shop","item":"https:\/\/eurlhosnakamel.dz\/dz\/shop\/"},{"@type":"ListItem","position":3,"name":"Vantage\u00ae 300"}]},{"@type":"WebSite","@id":"https:\/\/eurlhosnakamel.dz\/dz\/#website","url":"https:\/\/eurlhosnakamel.dz\/dz\/","name":"EURL HOSNA KAMEL","description":"Fournisseur Premium d&#039;Outillages Professionnels en Alg\u00e9rie -","publisher":{"@id":"https:\/\/eurlhosnakamel.dz\/dz\/#organization"},"potentialAction":[{"@type":"SearchAction","target":{"@type":"EntryPoint","urlTemplate":"https:\/\/eurlhosnakamel.dz\/dz\/?s={search_term_string}"},"query-input":"required name=search_term_string"}],"inLanguage":"fr-FR"},{"@type":"Organization","@id":"https:\/\/eurlhosnakamel.dz\/dz\/#organization","name":"EURL HOSNA KAMEL - Bosch alg\u00e9rie","url":"https:\/\/eurlhosnakamel.dz\/dz\/","logo":{"@type":"ImageObject","inLanguage":"fr-FR","@id":"https:\/\/eurlhosnakamel.dz\/dz\/#\/schema\/logo\/image\/","url":"https:\/\/eurlhosnakamel.dz\/wp-content\/uploads\/2020\/04\/LOGO-HOSNA1.png","contentUrl":"https:\/\/eurlhosnakamel.dz\/wp-content\/uploads\/2020\/04\/LOGO-HOSNA1.png","width":120,"height":127,"caption":"EURL HOSNA KAMEL - Bosch alg\u00e9rie"},"image":{"@id":"https:\/\/eurlhosnakamel.dz\/dz\/#\/schema\/logo\/image\/"},"sameAs":["https:\/\/www.facebook.com\/Eurl.Hosna.DZ\/"]}]}},"_links":{"self":[{"href":"https:\/\/eurlhosnakamel.dz\/dz\/wp-json\/wp\/v2\/product\/5107","targetHints":{"allow":["GET"]}}],"collection":[{"href":"https:\/\/eurlhosnakamel.dz\/dz\/wp-json\/wp\/v2\/product"}],"about":[{"href":"https:\/\/eurlhosnakamel.dz\/dz\/wp-json\/wp\/v2\/types\/product"}],"wp:featuredmedia":[{"embeddable":true,"href":"https:\/\/eurlhosnakamel.dz\/dz\/wp-json\/wp\/v2\/media\/5109"}],"wp:attachment":[{"href":"https:\/\/eurlhosnakamel.dz\/dz\/wp-json\/wp\/v2\/media?parent=5107"}],"wp:term":[{"taxonomy":"product_cat","embeddable":true,"href":"https:\/\/eurlhosnakamel.dz\/dz\/wp-json\/wp\/v2\/product_cat?post=5107"},{"taxonomy":"product_tag","embeddable":true,"href":"https:\/\/eurlhosnakamel.dz\/dz\/wp-json\/wp\/v2\/product_tag?post=5107"}],"curies":[{"name":"wp","href":"https:\/\/api.w.org\/{rel}","templated":true}]}}