{"id":5137,"date":"2020-04-14T15:22:24","date_gmt":"2020-04-14T15:22:24","guid":{"rendered":"https:\/\/lhchosting.com\/hosna\/?post_type=product&#038;p=5137"},"modified":"2021-12-19T09:20:40","modified_gmt":"2021-12-19T09:20:40","slug":"bosch-decapeur-thermique-ghg-180-1800w-3-positions","status":"publish","type":"product","link":"https:\/\/eurlhosnakamel.dz\/dz\/produit\/bosch-decapeur-thermique-ghg-180-1800w-3-positions\/","title":{"rendered":"D\u00e9capeur thermique 1800 Watts GHG 180"},"content":{"rendered":"<h4><strong>Caract\u00e9ristiques techniques<\/strong><\/h4>\n<table style=\"height: 326px\" width=\"357\">\n<thead>\n<tr>\n<td colspan=\"2\"><strong>Donn\u00e9es suppl\u00e9mentaires<\/strong><\/td>\n<\/tr>\n<\/thead>\n<tbody>\n<tr>\n<td>Puissance absorb\u00e9e nominale*<\/td>\n<td>0\u00a0W<\/td>\n<\/tr>\n<tr>\n<td>Poids<\/td>\n<td>0,75\u00a0kg<\/td>\n<\/tr>\n<tr>\n<td>Dimensions de l\u2019outil (largeur)<\/td>\n<td>86\u00a0mm<\/td>\n<\/tr>\n<tr>\n<td>Dimensions de l\u2019outil (longueur)<\/td>\n<td>238\u00a0mm<\/td>\n<\/tr>\n<tr>\n<td>Dimensions de l\u2019outil (hauteur)<\/td>\n<td>244\u00a0mm<\/td>\n<\/tr>\n<\/tbody>\n<\/table>\n<p>&nbsp;<\/p>\n<table style=\"height: 383px\" width=\"439\">\n<thead>\n<tr>\n<td colspan=\"2\"><strong>Caract\u00e9ristiques, utilisation<\/strong><\/td>\n<\/tr>\n<\/thead>\n<tbody>\n<tr>\n<td>Temp\u00e9rature de travail*<\/td>\n<td>60 \u2013 550\u00a0\u00b0C<\/td>\n<\/tr>\n<tr>\n<td>D\u00e9bit d\u2019air*<\/td>\n<td>350 \u2013 550\u00a0l\/min<\/td>\n<\/tr>\n<tr>\n<td>Dur\u00e9e de pr\u00e9chauffage<\/td>\n<td>1\u00a0min<\/td>\n<\/tr>\n<tr>\n<td>R\u00e9gulation en continu de la temp\u00e9rature<\/td>\n<td>&#8211;<\/td>\n<\/tr>\n<tr>\n<td>Niveau froid,50\u00b0 C<\/td>\n<td>&#8211;<\/td>\n<\/tr>\n<tr>\n<td>Contr\u00f4le du d\u00e9bit d\u2019air<\/td>\n<td>3 \u00e9tages<\/td>\n<\/tr>\n<\/tbody>\n<\/table>\n<p>* Donn\u00e9es mises en surbrillance<\/p>\n<p>Le niveau sonore pond\u00e9r\u00e9 A de l&#8217;outil \u00e9lectroportatif est typiquement de : niveau de pression acoustique 70 dB(A) ; niveau de puissance acoustique dB(A). Incertitude K = 3 dB.<\/p>\n<h4><strong>Avantages<\/strong><\/h4>\n<p>Produit de la chaleur \u00e0 volont\u00e9<\/p>\n<ul>\n<li>Puissant : 1 800 W avec 3 r\u00e9glages de temp\u00e9rature (60\/350\/550 \u00b0C) pour r\u00e9pondre aux besoins de multiples applications<\/li>\n<li>Endurant : test\u00e9 selon les normes Bosch pour permettre une utilisation en continu pendant 500 heures<\/li>\n<li>S\u00fbr \u00e0 100 % : protection contre la surchauffe assurant une utilisation sans risque en cas de blocage de la soufflerie<\/li>\n<\/ul>\n<h4><strong>Ce qui est inclus dans ce paquet<\/strong><\/h4>\n<p>GHG 180 Professional<\/p>\n<p>R\u00e9f\u00e9rence:\u00a00\u00a0601\u00a094D\u00a0020<\/p>\n","protected":false},"excerpt":{"rendered":"<h4><strong>Produit de la chaleur \u00e0 volont\u00e9.<\/strong><\/h4>\n<p><img decoding=\"async\" class=\"alignnone size-medium wp-image-5153\" src=\"https:\/\/lhchosting.com\/hosna\/wp-content\/uploads\/2020\/04\/BOSCH-DECAPEUR-THERMIQUE-GHG180-1800W-3-POSITIONS-icone-eurl-hosna-kamel-algerie-300x77.jpg\" alt=\"\" width=\"300\" height=\"77\" srcset=\"https:\/\/eurlhosnakamel.dz\/dz\/wp-content\/uploads\/2020\/04\/BOSCH-DECAPEUR-THERMIQUE-GHG180-1800W-3-POSITIONS-icone-eurl-hosna-kamel-algerie-300x77.jpg 300w, https:\/\/eurlhosnakamel.dz\/dz\/wp-content\/uploads\/2020\/04\/BOSCH-DECAPEUR-THERMIQUE-GHG180-1800W-3-POSITIONS-icone-eurl-hosna-kamel-algerie-370x95.jpg 370w, https:\/\/eurlhosnakamel.dz\/dz\/wp-content\/uploads\/2020\/04\/BOSCH-DECAPEUR-THERMIQUE-GHG180-1800W-3-POSITIONS-icone-eurl-hosna-kamel-algerie-200x51.jpg 200w, https:\/\/eurlhosnakamel.dz\/dz\/wp-content\/uploads\/2020\/04\/BOSCH-DECAPEUR-THERMIQUE-GHG180-1800W-3-POSITIONS-icone-eurl-hosna-kamel-algerie.jpg 448w\" sizes=\"(max-width: 300px) 100vw, 300px\" \/><\/p>\n","protected":false},"featured_media":5141,"template":"","meta":[],"product_cat":[405,441],"product_tag":[903,2458],"class_list":{"0":"post-5137","1":"product","2":"type-product","3":"status-publish","4":"has-post-thumbnail","6":"product_cat-outillage","7":"product_cat-outillage-filaire","8":"product_tag-bosch-decapeur-thermique-ghg180-1800w-3-positions","9":"product_tag-ghg-180","10":"product_brand-bosch-outillage","12":"first","13":"instock","14":"shipping-taxable","15":"product-type-simple","16":"col-xs-6 col-sm-4","17":"col-md-3 col-lg-3","18":"un-4-cols"},"yoast_head":"<!-- This site is optimized with the Yoast SEO plugin v22.5 - https:\/\/yoast.com\/wordpress\/plugins\/seo\/ -->\n<title>D\u00e9capeur thermique 1800 Watts GHG 180 - EURL HOSNA KAMEL<\/title>\n<meta name=\"description\" content=\"D\u00e9capeur thermique 1800 Watts GHG 180 - EURL HOSNA KAMEL\" \/>\n<meta name=\"robots\" content=\"index, follow, max-snippet:-1, max-image-preview:large, max-video-preview:-1\" \/>\n<link rel=\"canonical\" href=\"https:\/\/eurlhosnakamel.dz\/dz\/produit\/bosch-decapeur-thermique-ghg-180-1800w-3-positions\/\" \/>\n<meta property=\"og:locale\" content=\"fr_FR\" \/>\n<meta property=\"og:type\" content=\"article\" \/>\n<meta property=\"og:title\" content=\"D\u00e9capeur thermique 1800 Watts GHG 180 - EURL HOSNA KAMEL\" \/>\n<meta property=\"og:description\" content=\"D\u00e9capeur thermique 1800 Watts GHG 180 - EURL HOSNA KAMEL\" \/>\n<meta property=\"og:url\" content=\"https:\/\/eurlhosnakamel.dz\/dz\/produit\/bosch-decapeur-thermique-ghg-180-1800w-3-positions\/\" \/>\n<meta property=\"og:site_name\" content=\"EURL HOSNA KAMEL\" \/>\n<meta property=\"article:publisher\" content=\"https:\/\/www.facebook.com\/Eurl.Hosna.DZ\/\" \/>\n<meta property=\"article:modified_time\" content=\"2021-12-19T09:20:40+00:00\" \/>\n<meta property=\"og:image\" content=\"https:\/\/eurlhosnakamel.dz\/dz\/wp-content\/uploads\/2020\/04\/BOSCH-DECAPEUR-THERMIQUE-GHG180-1800W-3-POSITIONS-eurl-hosna-kamel-algerie.jpg\" \/>\n\t<meta property=\"og:image:width\" content=\"512\" \/>\n\t<meta property=\"og:image:height\" content=\"512\" \/>\n\t<meta property=\"og:image:type\" content=\"image\/jpeg\" \/>\n<meta name=\"twitter:card\" content=\"summary_large_image\" \/>\n<meta name=\"twitter:label1\" content=\"Dur\u00e9e de lecture estim\u00e9e\" \/>\n\t<meta name=\"twitter:data1\" content=\"1 minute\" \/>\n<script type=\"application\/ld+json\" class=\"yoast-schema-graph\">{\"@context\":\"https:\/\/schema.org\",\"@graph\":[{\"@type\":\"WebPage\",\"@id\":\"https:\/\/eurlhosnakamel.dz\/dz\/produit\/bosch-decapeur-thermique-ghg-180-1800w-3-positions\/\",\"url\":\"https:\/\/eurlhosnakamel.dz\/dz\/produit\/bosch-decapeur-thermique-ghg-180-1800w-3-positions\/\",\"name\":\"D\u00e9capeur thermique 1800 Watts GHG 180 - EURL HOSNA KAMEL\",\"isPartOf\":{\"@id\":\"https:\/\/eurlhosnakamel.dz\/dz\/#website\"},\"primaryImageOfPage\":{\"@id\":\"https:\/\/eurlhosnakamel.dz\/dz\/produit\/bosch-decapeur-thermique-ghg-180-1800w-3-positions\/#primaryimage\"},\"image\":{\"@id\":\"https:\/\/eurlhosnakamel.dz\/dz\/produit\/bosch-decapeur-thermique-ghg-180-1800w-3-positions\/#primaryimage\"},\"thumbnailUrl\":\"https:\/\/eurlhosnakamel.dz\/dz\/wp-content\/uploads\/2020\/04\/BOSCH-DECAPEUR-THERMIQUE-GHG180-1800W-3-POSITIONS-eurl-hosna-kamel-algerie.jpg\",\"datePublished\":\"2020-04-14T15:22:24+00:00\",\"dateModified\":\"2021-12-19T09:20:40+00:00\",\"description\":\"D\u00e9capeur thermique 1800 Watts GHG 180 - EURL HOSNA KAMEL\",\"breadcrumb\":{\"@id\":\"https:\/\/eurlhosnakamel.dz\/dz\/produit\/bosch-decapeur-thermique-ghg-180-1800w-3-positions\/#breadcrumb\"},\"inLanguage\":\"fr-FR\",\"potentialAction\":[{\"@type\":\"ReadAction\",\"target\":[\"https:\/\/eurlhosnakamel.dz\/dz\/produit\/bosch-decapeur-thermique-ghg-180-1800w-3-positions\/\"]}]},{\"@type\":\"ImageObject\",\"inLanguage\":\"fr-FR\",\"@id\":\"https:\/\/eurlhosnakamel.dz\/dz\/produit\/bosch-decapeur-thermique-ghg-180-1800w-3-positions\/#primaryimage\",\"url\":\"https:\/\/eurlhosnakamel.dz\/dz\/wp-content\/uploads\/2020\/04\/BOSCH-DECAPEUR-THERMIQUE-GHG180-1800W-3-POSITIONS-eurl-hosna-kamel-algerie.jpg\",\"contentUrl\":\"https:\/\/eurlhosnakamel.dz\/dz\/wp-content\/uploads\/2020\/04\/BOSCH-DECAPEUR-THERMIQUE-GHG180-1800W-3-POSITIONS-eurl-hosna-kamel-algerie.jpg\",\"width\":512,\"height\":512},{\"@type\":\"BreadcrumbList\",\"@id\":\"https:\/\/eurlhosnakamel.dz\/dz\/produit\/bosch-decapeur-thermique-ghg-180-1800w-3-positions\/#breadcrumb\",\"itemListElement\":[{\"@type\":\"ListItem\",\"position\":1,\"name\":\"Accueil\",\"item\":\"https:\/\/eurlhosnakamel.dz\/dz\/\"},{\"@type\":\"ListItem\",\"position\":2,\"name\":\"Shop\",\"item\":\"https:\/\/eurlhosnakamel.dz\/dz\/shop\/\"},{\"@type\":\"ListItem\",\"position\":3,\"name\":\"D\u00e9capeur thermique 1800 Watts GHG 180\"}]},{\"@type\":\"WebSite\",\"@id\":\"https:\/\/eurlhosnakamel.dz\/dz\/#website\",\"url\":\"https:\/\/eurlhosnakamel.dz\/dz\/\",\"name\":\"EURL HOSNA KAMEL\",\"description\":\"Fournisseur Premium d&#039;Outillages Professionnels en Alg\u00e9rie -\",\"publisher\":{\"@id\":\"https:\/\/eurlhosnakamel.dz\/dz\/#organization\"},\"potentialAction\":[{\"@type\":\"SearchAction\",\"target\":{\"@type\":\"EntryPoint\",\"urlTemplate\":\"https:\/\/eurlhosnakamel.dz\/dz\/?s={search_term_string}\"},\"query-input\":\"required name=search_term_string\"}],\"inLanguage\":\"fr-FR\"},{\"@type\":\"Organization\",\"@id\":\"https:\/\/eurlhosnakamel.dz\/dz\/#organization\",\"name\":\"EURL HOSNA KAMEL - Bosch alg\u00e9rie\",\"url\":\"https:\/\/eurlhosnakamel.dz\/dz\/\",\"logo\":{\"@type\":\"ImageObject\",\"inLanguage\":\"fr-FR\",\"@id\":\"https:\/\/eurlhosnakamel.dz\/dz\/#\/schema\/logo\/image\/\",\"url\":\"https:\/\/eurlhosnakamel.dz\/wp-content\/uploads\/2020\/04\/LOGO-HOSNA1.png\",\"contentUrl\":\"https:\/\/eurlhosnakamel.dz\/wp-content\/uploads\/2020\/04\/LOGO-HOSNA1.png\",\"width\":120,\"height\":127,\"caption\":\"EURL HOSNA KAMEL - Bosch alg\u00e9rie\"},\"image\":{\"@id\":\"https:\/\/eurlhosnakamel.dz\/dz\/#\/schema\/logo\/image\/\"},\"sameAs\":[\"https:\/\/www.facebook.com\/Eurl.Hosna.DZ\/\"]}]}<\/script>\n<!-- \/ Yoast SEO plugin. -->","yoast_head_json":{"title":"D\u00e9capeur thermique 1800 Watts GHG 180 - EURL HOSNA KAMEL","description":"D\u00e9capeur thermique 1800 Watts GHG 180 - EURL HOSNA KAMEL","robots":{"index":"index","follow":"follow","max-snippet":"max-snippet:-1","max-image-preview":"max-image-preview:large","max-video-preview":"max-video-preview:-1"},"canonical":"https:\/\/eurlhosnakamel.dz\/dz\/produit\/bosch-decapeur-thermique-ghg-180-1800w-3-positions\/","og_locale":"fr_FR","og_type":"article","og_title":"D\u00e9capeur thermique 1800 Watts GHG 180 - EURL HOSNA KAMEL","og_description":"D\u00e9capeur thermique 1800 Watts GHG 180 - EURL HOSNA KAMEL","og_url":"https:\/\/eurlhosnakamel.dz\/dz\/produit\/bosch-decapeur-thermique-ghg-180-1800w-3-positions\/","og_site_name":"EURL HOSNA KAMEL","article_publisher":"https:\/\/www.facebook.com\/Eurl.Hosna.DZ\/","article_modified_time":"2021-12-19T09:20:40+00:00","og_image":[{"width":512,"height":512,"url":"https:\/\/eurlhosnakamel.dz\/dz\/wp-content\/uploads\/2020\/04\/BOSCH-DECAPEUR-THERMIQUE-GHG180-1800W-3-POSITIONS-eurl-hosna-kamel-algerie.jpg","type":"image\/jpeg"}],"twitter_card":"summary_large_image","twitter_misc":{"Dur\u00e9e de lecture estim\u00e9e":"1 minute"},"schema":{"@context":"https:\/\/schema.org","@graph":[{"@type":"WebPage","@id":"https:\/\/eurlhosnakamel.dz\/dz\/produit\/bosch-decapeur-thermique-ghg-180-1800w-3-positions\/","url":"https:\/\/eurlhosnakamel.dz\/dz\/produit\/bosch-decapeur-thermique-ghg-180-1800w-3-positions\/","name":"D\u00e9capeur thermique 1800 Watts GHG 180 - EURL HOSNA KAMEL","isPartOf":{"@id":"https:\/\/eurlhosnakamel.dz\/dz\/#website"},"primaryImageOfPage":{"@id":"https:\/\/eurlhosnakamel.dz\/dz\/produit\/bosch-decapeur-thermique-ghg-180-1800w-3-positions\/#primaryimage"},"image":{"@id":"https:\/\/eurlhosnakamel.dz\/dz\/produit\/bosch-decapeur-thermique-ghg-180-1800w-3-positions\/#primaryimage"},"thumbnailUrl":"https:\/\/eurlhosnakamel.dz\/dz\/wp-content\/uploads\/2020\/04\/BOSCH-DECAPEUR-THERMIQUE-GHG180-1800W-3-POSITIONS-eurl-hosna-kamel-algerie.jpg","datePublished":"2020-04-14T15:22:24+00:00","dateModified":"2021-12-19T09:20:40+00:00","description":"D\u00e9capeur thermique 1800 Watts GHG 180 - EURL HOSNA KAMEL","breadcrumb":{"@id":"https:\/\/eurlhosnakamel.dz\/dz\/produit\/bosch-decapeur-thermique-ghg-180-1800w-3-positions\/#breadcrumb"},"inLanguage":"fr-FR","potentialAction":[{"@type":"ReadAction","target":["https:\/\/eurlhosnakamel.dz\/dz\/produit\/bosch-decapeur-thermique-ghg-180-1800w-3-positions\/"]}]},{"@type":"ImageObject","inLanguage":"fr-FR","@id":"https:\/\/eurlhosnakamel.dz\/dz\/produit\/bosch-decapeur-thermique-ghg-180-1800w-3-positions\/#primaryimage","url":"https:\/\/eurlhosnakamel.dz\/dz\/wp-content\/uploads\/2020\/04\/BOSCH-DECAPEUR-THERMIQUE-GHG180-1800W-3-POSITIONS-eurl-hosna-kamel-algerie.jpg","contentUrl":"https:\/\/eurlhosnakamel.dz\/dz\/wp-content\/uploads\/2020\/04\/BOSCH-DECAPEUR-THERMIQUE-GHG180-1800W-3-POSITIONS-eurl-hosna-kamel-algerie.jpg","width":512,"height":512},{"@type":"BreadcrumbList","@id":"https:\/\/eurlhosnakamel.dz\/dz\/produit\/bosch-decapeur-thermique-ghg-180-1800w-3-positions\/#breadcrumb","itemListElement":[{"@type":"ListItem","position":1,"name":"Accueil","item":"https:\/\/eurlhosnakamel.dz\/dz\/"},{"@type":"ListItem","position":2,"name":"Shop","item":"https:\/\/eurlhosnakamel.dz\/dz\/shop\/"},{"@type":"ListItem","position":3,"name":"D\u00e9capeur thermique 1800 Watts GHG 180"}]},{"@type":"WebSite","@id":"https:\/\/eurlhosnakamel.dz\/dz\/#website","url":"https:\/\/eurlhosnakamel.dz\/dz\/","name":"EURL HOSNA KAMEL","description":"Fournisseur Premium d&#039;Outillages Professionnels en Alg\u00e9rie -","publisher":{"@id":"https:\/\/eurlhosnakamel.dz\/dz\/#organization"},"potentialAction":[{"@type":"SearchAction","target":{"@type":"EntryPoint","urlTemplate":"https:\/\/eurlhosnakamel.dz\/dz\/?s={search_term_string}"},"query-input":"required name=search_term_string"}],"inLanguage":"fr-FR"},{"@type":"Organization","@id":"https:\/\/eurlhosnakamel.dz\/dz\/#organization","name":"EURL HOSNA KAMEL - Bosch alg\u00e9rie","url":"https:\/\/eurlhosnakamel.dz\/dz\/","logo":{"@type":"ImageObject","inLanguage":"fr-FR","@id":"https:\/\/eurlhosnakamel.dz\/dz\/#\/schema\/logo\/image\/","url":"https:\/\/eurlhosnakamel.dz\/wp-content\/uploads\/2020\/04\/LOGO-HOSNA1.png","contentUrl":"https:\/\/eurlhosnakamel.dz\/wp-content\/uploads\/2020\/04\/LOGO-HOSNA1.png","width":120,"height":127,"caption":"EURL HOSNA KAMEL - Bosch alg\u00e9rie"},"image":{"@id":"https:\/\/eurlhosnakamel.dz\/dz\/#\/schema\/logo\/image\/"},"sameAs":["https:\/\/www.facebook.com\/Eurl.Hosna.DZ\/"]}]}},"_links":{"self":[{"href":"https:\/\/eurlhosnakamel.dz\/dz\/wp-json\/wp\/v2\/product\/5137","targetHints":{"allow":["GET"]}}],"collection":[{"href":"https:\/\/eurlhosnakamel.dz\/dz\/wp-json\/wp\/v2\/product"}],"about":[{"href":"https:\/\/eurlhosnakamel.dz\/dz\/wp-json\/wp\/v2\/types\/product"}],"wp:featuredmedia":[{"embeddable":true,"href":"https:\/\/eurlhosnakamel.dz\/dz\/wp-json\/wp\/v2\/media\/5141"}],"wp:attachment":[{"href":"https:\/\/eurlhosnakamel.dz\/dz\/wp-json\/wp\/v2\/media?parent=5137"}],"wp:term":[{"taxonomy":"product_cat","embeddable":true,"href":"https:\/\/eurlhosnakamel.dz\/dz\/wp-json\/wp\/v2\/product_cat?post=5137"},{"taxonomy":"product_tag","embeddable":true,"href":"https:\/\/eurlhosnakamel.dz\/dz\/wp-json\/wp\/v2\/product_tag?post=5137"}],"curies":[{"name":"wp","href":"https:\/\/api.w.org\/{rel}","templated":true}]}}