{"id":5189,"date":"2020-04-14T15:50:20","date_gmt":"2020-04-14T15:50:20","guid":{"rendered":"https:\/\/lhchosting.com\/hosna\/?post_type=product&#038;p=5189"},"modified":"2021-12-19T09:20:31","modified_gmt":"2021-12-19T09:20:31","slug":"bosch-defonceuse-gof-1250-ce-80-mm-1250w","status":"publish","type":"product","link":"https:\/\/eurlhosnakamel.dz\/dz\/produit\/bosch-defonceuse-gof-1250-ce-80-mm-1250w\/","title":{"rendered":"D\u00e9foncesue 8 mm 1250 Watts GOF 1250 CE"},"content":{"rendered":"<h4><strong>Caract\u00e9ristiques techniques<\/strong><\/h4>\n<table width=\"750\">\n<thead>\n<tr>\n<td colspan=\"2\"><strong>Donn\u00e9es suppl\u00e9mentaires<\/strong><\/td>\n<\/tr>\n<\/thead>\n<tbody>\n<tr>\n<td>R\u00e9gime \u00e0 vide*<\/td>\n<td>10,000 \u2013 24,000\u00a0t\/min<\/td>\n<\/tr>\n<tr>\n<td>Puissance absorb\u00e9e nominale*<\/td>\n<td>1\u00a0250\u00a0W<\/td>\n<\/tr>\n<tr>\n<td>Porte-outils*<\/td>\n<td>6 \u2013 8.0\u00a0mm<\/td>\n<\/tr>\n<tr>\n<td>Course du berceau<\/td>\n<td>60\u00a0mm<\/td>\n<\/tr>\n<tr>\n<td>\u00d8 bague de copiage<\/td>\n<td>17\u00a0mm<\/td>\n<\/tr>\n<tr>\n<td>\u00d8 pince de serrage<\/td>\n<td>8\u00a0mm<\/td>\n<\/tr>\n<tr>\n<td>Poids<\/td>\n<td>3,6\u00a0kg<\/td>\n<\/tr>\n<tr>\n<td>Dimensions de l\u2019outil (largeur)<\/td>\n<td>370\u00a0mm<\/td>\n<\/tr>\n<tr>\n<td>Dimensions de l\u2019outil (longueur)<\/td>\n<td>170\u00a0mm<\/td>\n<\/tr>\n<tr>\n<td>Dimensions de l\u2019outil (hauteur)<\/td>\n<td>270\u00a0mm<\/td>\n<\/tr>\n<\/tbody>\n<\/table>\n<p>&nbsp;<\/p>\n<table width=\"750\">\n<thead>\n<tr>\n<td colspan=\"2\"><strong>Valeurs totales des vibrations (Pon\u00e7age de bois massif)<\/strong><\/td>\n<\/tr>\n<\/thead>\n<tbody>\n<tr>\n<td>Valeur d\u2019\u00e9mission vibratoire ah<\/td>\n<td>5,5\u00a0m\/s\u00b2<\/td>\n<\/tr>\n<tr>\n<td>Incertitude K<\/td>\n<td>2,5\u00a0m\/s\u00b2<\/td>\n<\/tr>\n<\/tbody>\n<\/table>\n<p>* Donn\u00e9es mises en surbrillance<\/p>\n<p>Le niveau sonore pond\u00e9r\u00e9 A de l&#8217;outil \u00e9lectroportatif est typiquement de : niveau de pression acoustique 78 dB(A) ; niveau de puissance acoustique 100 dB(A). Incertitude K = 3 dB.<\/p>\n<h4><strong>Avantages<\/strong><\/h4>\n<p>D\u00e9fonceuse maniable dot\u00e9e d&#8217;une puissance d&#8217;entra\u00eenement \u00e9lev\u00e9e<\/p>\n<ul>\n<li>Poign\u00e9e ergonomique pour diff\u00e9rentes positions de prise en main en fonction des travaux effectu\u00e9s<\/li>\n<li>Syst\u00e8me brevet\u00e9 de r\u00e9glage de la profondeur de fraisage par paliers de 1\/10 mm avec fonction de plong\u00e9e fixe<\/li>\n<li>Nouveau dispositif brevet\u00e9 de blocage de broche avec position de rangement et de repos facile gr\u00e2ce au couvercle de capot plat pour un changement rapide de fraise<\/li>\n<\/ul>\n<h4><strong>Ce qui est inclus dans ce paquet<\/strong><\/h4>\n<p>avec pack d\u2019accessoires<\/p>\n<p>R\u00e9f\u00e9rence:\u00a00\u00a0601\u00a0626\u00a0000<\/p>\n<ul>\n<li>Cl\u00e9 plate de 19 mm (r\u00e9f. pi\u00e8ce de rechange 1 907 950 511)<\/li>\n<li>But\u00e9e parall\u00e8le avec r\u00e9glage microm\u00e9trique 2 607 001 387<\/li>\n<li>Adaptateur de bague de copiage (r\u00e9f. pi\u00e8ce de rechange 2 610 991 370)<\/li>\n<li>Pince avec \u00e9crou de serrage 8 mm 2 608 570 102<\/li>\n<\/ul>\n","protected":false},"excerpt":{"rendered":"<h4><strong>D\u00e9fonceuse maniable dot\u00e9e d&#8217;une puissance d&#8217;entra\u00eenement \u00e9lev\u00e9e.<\/strong><\/h4>\n<p><img decoding=\"async\" class=\"alignnone size-medium wp-image-5195\" src=\"https:\/\/lhchosting.com\/hosna\/wp-content\/uploads\/2020\/04\/BOSCH-DEFONCEUSE-GOF1250CE-80mm-1250W-icone-eurl-hosna-kamel-algerie-300x123.jpg\" alt=\"\" width=\"300\" height=\"123\" srcset=\"https:\/\/eurlhosnakamel.dz\/dz\/wp-content\/uploads\/2020\/04\/BOSCH-DEFONCEUSE-GOF1250CE-80mm-1250W-icone-eurl-hosna-kamel-algerie-300x123.jpg 300w, https:\/\/eurlhosnakamel.dz\/dz\/wp-content\/uploads\/2020\/04\/BOSCH-DEFONCEUSE-GOF1250CE-80mm-1250W-icone-eurl-hosna-kamel-algerie-500x205.jpg 500w, https:\/\/eurlhosnakamel.dz\/dz\/wp-content\/uploads\/2020\/04\/BOSCH-DEFONCEUSE-GOF1250CE-80mm-1250W-icone-eurl-hosna-kamel-algerie-370x152.jpg 370w, https:\/\/eurlhosnakamel.dz\/dz\/wp-content\/uploads\/2020\/04\/BOSCH-DEFONCEUSE-GOF1250CE-80mm-1250W-icone-eurl-hosna-kamel-algerie-200x82.jpg 200w, https:\/\/eurlhosnakamel.dz\/dz\/wp-content\/uploads\/2020\/04\/BOSCH-DEFONCEUSE-GOF1250CE-80mm-1250W-icone-eurl-hosna-kamel-algerie.jpg 558w\" sizes=\"(max-width: 300px) 100vw, 300px\" \/><\/p>\n","protected":false},"featured_media":5191,"template":"","meta":[],"product_cat":[405,441],"product_tag":[915,2448],"class_list":{"0":"post-5189","1":"product","2":"type-product","3":"status-publish","4":"has-post-thumbnail","6":"product_cat-outillage","7":"product_cat-outillage-filaire","8":"product_tag-bosch-defonceuse-gof-1250-ce-80-mm-1250w","9":"product_tag-gof-1250-ce","10":"product_brand-bosch-outillage","12":"first","13":"instock","14":"shipping-taxable","15":"product-type-simple","16":"col-xs-6 col-sm-4","17":"col-md-3 col-lg-3","18":"un-4-cols"},"yoast_head":"<!-- This site is optimized with the Yoast SEO plugin v22.5 - https:\/\/yoast.com\/wordpress\/plugins\/seo\/ -->\n<title>D\u00e9foncesue 8 mm 1250 Watts GOF 1250 CE - EURL HOSNA KAMEL<\/title>\n<meta name=\"description\" content=\"D\u00e9foncesue 8 mm 1250 Watts GOF 1250 CE - EURL HOSNA KAMEL\" \/>\n<meta name=\"robots\" content=\"index, follow, max-snippet:-1, max-image-preview:large, max-video-preview:-1\" \/>\n<link rel=\"canonical\" href=\"https:\/\/eurlhosnakamel.dz\/dz\/produit\/bosch-defonceuse-gof-1250-ce-80-mm-1250w\/\" \/>\n<meta property=\"og:locale\" content=\"fr_FR\" \/>\n<meta property=\"og:type\" content=\"article\" \/>\n<meta property=\"og:title\" content=\"D\u00e9foncesue 8 mm 1250 Watts GOF 1250 CE - EURL HOSNA KAMEL\" \/>\n<meta property=\"og:description\" content=\"D\u00e9foncesue 8 mm 1250 Watts GOF 1250 CE - EURL HOSNA KAMEL\" \/>\n<meta property=\"og:url\" content=\"https:\/\/eurlhosnakamel.dz\/dz\/produit\/bosch-defonceuse-gof-1250-ce-80-mm-1250w\/\" \/>\n<meta property=\"og:site_name\" content=\"EURL HOSNA KAMEL\" \/>\n<meta property=\"article:publisher\" content=\"https:\/\/www.facebook.com\/Eurl.Hosna.DZ\/\" \/>\n<meta property=\"article:modified_time\" content=\"2021-12-19T09:20:31+00:00\" \/>\n<meta property=\"og:image\" content=\"https:\/\/eurlhosnakamel.dz\/dz\/wp-content\/uploads\/2020\/04\/BOSCH-DEFONCEUSE-GOF1250CE-80mm-1250W-eurl-hosna-kamel-algerie.jpg\" \/>\n\t<meta property=\"og:image:width\" content=\"512\" \/>\n\t<meta property=\"og:image:height\" content=\"512\" \/>\n\t<meta property=\"og:image:type\" content=\"image\/jpeg\" \/>\n<meta name=\"twitter:card\" content=\"summary_large_image\" \/>\n<meta name=\"twitter:label1\" content=\"Dur\u00e9e de lecture estim\u00e9e\" \/>\n\t<meta name=\"twitter:data1\" content=\"1 minute\" \/>\n<script type=\"application\/ld+json\" class=\"yoast-schema-graph\">{\"@context\":\"https:\/\/schema.org\",\"@graph\":[{\"@type\":\"WebPage\",\"@id\":\"https:\/\/eurlhosnakamel.dz\/dz\/produit\/bosch-defonceuse-gof-1250-ce-80-mm-1250w\/\",\"url\":\"https:\/\/eurlhosnakamel.dz\/dz\/produit\/bosch-defonceuse-gof-1250-ce-80-mm-1250w\/\",\"name\":\"D\u00e9foncesue 8 mm 1250 Watts GOF 1250 CE - EURL HOSNA KAMEL\",\"isPartOf\":{\"@id\":\"https:\/\/eurlhosnakamel.dz\/dz\/#website\"},\"primaryImageOfPage\":{\"@id\":\"https:\/\/eurlhosnakamel.dz\/dz\/produit\/bosch-defonceuse-gof-1250-ce-80-mm-1250w\/#primaryimage\"},\"image\":{\"@id\":\"https:\/\/eurlhosnakamel.dz\/dz\/produit\/bosch-defonceuse-gof-1250-ce-80-mm-1250w\/#primaryimage\"},\"thumbnailUrl\":\"https:\/\/eurlhosnakamel.dz\/dz\/wp-content\/uploads\/2020\/04\/BOSCH-DEFONCEUSE-GOF1250CE-80mm-1250W-eurl-hosna-kamel-algerie.jpg\",\"datePublished\":\"2020-04-14T15:50:20+00:00\",\"dateModified\":\"2021-12-19T09:20:31+00:00\",\"description\":\"D\u00e9foncesue 8 mm 1250 Watts GOF 1250 CE - EURL HOSNA KAMEL\",\"breadcrumb\":{\"@id\":\"https:\/\/eurlhosnakamel.dz\/dz\/produit\/bosch-defonceuse-gof-1250-ce-80-mm-1250w\/#breadcrumb\"},\"inLanguage\":\"fr-FR\",\"potentialAction\":[{\"@type\":\"ReadAction\",\"target\":[\"https:\/\/eurlhosnakamel.dz\/dz\/produit\/bosch-defonceuse-gof-1250-ce-80-mm-1250w\/\"]}]},{\"@type\":\"ImageObject\",\"inLanguage\":\"fr-FR\",\"@id\":\"https:\/\/eurlhosnakamel.dz\/dz\/produit\/bosch-defonceuse-gof-1250-ce-80-mm-1250w\/#primaryimage\",\"url\":\"https:\/\/eurlhosnakamel.dz\/dz\/wp-content\/uploads\/2020\/04\/BOSCH-DEFONCEUSE-GOF1250CE-80mm-1250W-eurl-hosna-kamel-algerie.jpg\",\"contentUrl\":\"https:\/\/eurlhosnakamel.dz\/dz\/wp-content\/uploads\/2020\/04\/BOSCH-DEFONCEUSE-GOF1250CE-80mm-1250W-eurl-hosna-kamel-algerie.jpg\",\"width\":512,\"height\":512},{\"@type\":\"BreadcrumbList\",\"@id\":\"https:\/\/eurlhosnakamel.dz\/dz\/produit\/bosch-defonceuse-gof-1250-ce-80-mm-1250w\/#breadcrumb\",\"itemListElement\":[{\"@type\":\"ListItem\",\"position\":1,\"name\":\"Accueil\",\"item\":\"https:\/\/eurlhosnakamel.dz\/dz\/\"},{\"@type\":\"ListItem\",\"position\":2,\"name\":\"Shop\",\"item\":\"https:\/\/eurlhosnakamel.dz\/dz\/shop\/\"},{\"@type\":\"ListItem\",\"position\":3,\"name\":\"D\u00e9foncesue 8 mm 1250 Watts GOF 1250 CE\"}]},{\"@type\":\"WebSite\",\"@id\":\"https:\/\/eurlhosnakamel.dz\/dz\/#website\",\"url\":\"https:\/\/eurlhosnakamel.dz\/dz\/\",\"name\":\"EURL HOSNA KAMEL\",\"description\":\"Fournisseur Premium d&#039;Outillages Professionnels en Alg\u00e9rie -\",\"publisher\":{\"@id\":\"https:\/\/eurlhosnakamel.dz\/dz\/#organization\"},\"potentialAction\":[{\"@type\":\"SearchAction\",\"target\":{\"@type\":\"EntryPoint\",\"urlTemplate\":\"https:\/\/eurlhosnakamel.dz\/dz\/?s={search_term_string}\"},\"query-input\":\"required name=search_term_string\"}],\"inLanguage\":\"fr-FR\"},{\"@type\":\"Organization\",\"@id\":\"https:\/\/eurlhosnakamel.dz\/dz\/#organization\",\"name\":\"EURL HOSNA KAMEL - Bosch alg\u00e9rie\",\"url\":\"https:\/\/eurlhosnakamel.dz\/dz\/\",\"logo\":{\"@type\":\"ImageObject\",\"inLanguage\":\"fr-FR\",\"@id\":\"https:\/\/eurlhosnakamel.dz\/dz\/#\/schema\/logo\/image\/\",\"url\":\"https:\/\/eurlhosnakamel.dz\/wp-content\/uploads\/2020\/04\/LOGO-HOSNA1.png\",\"contentUrl\":\"https:\/\/eurlhosnakamel.dz\/wp-content\/uploads\/2020\/04\/LOGO-HOSNA1.png\",\"width\":120,\"height\":127,\"caption\":\"EURL HOSNA KAMEL - Bosch alg\u00e9rie\"},\"image\":{\"@id\":\"https:\/\/eurlhosnakamel.dz\/dz\/#\/schema\/logo\/image\/\"},\"sameAs\":[\"https:\/\/www.facebook.com\/Eurl.Hosna.DZ\/\"]}]}<\/script>\n<!-- \/ Yoast SEO plugin. -->","yoast_head_json":{"title":"D\u00e9foncesue 8 mm 1250 Watts GOF 1250 CE - EURL HOSNA KAMEL","description":"D\u00e9foncesue 8 mm 1250 Watts GOF 1250 CE - EURL HOSNA KAMEL","robots":{"index":"index","follow":"follow","max-snippet":"max-snippet:-1","max-image-preview":"max-image-preview:large","max-video-preview":"max-video-preview:-1"},"canonical":"https:\/\/eurlhosnakamel.dz\/dz\/produit\/bosch-defonceuse-gof-1250-ce-80-mm-1250w\/","og_locale":"fr_FR","og_type":"article","og_title":"D\u00e9foncesue 8 mm 1250 Watts GOF 1250 CE - EURL HOSNA KAMEL","og_description":"D\u00e9foncesue 8 mm 1250 Watts GOF 1250 CE - EURL HOSNA KAMEL","og_url":"https:\/\/eurlhosnakamel.dz\/dz\/produit\/bosch-defonceuse-gof-1250-ce-80-mm-1250w\/","og_site_name":"EURL HOSNA KAMEL","article_publisher":"https:\/\/www.facebook.com\/Eurl.Hosna.DZ\/","article_modified_time":"2021-12-19T09:20:31+00:00","og_image":[{"width":512,"height":512,"url":"https:\/\/eurlhosnakamel.dz\/dz\/wp-content\/uploads\/2020\/04\/BOSCH-DEFONCEUSE-GOF1250CE-80mm-1250W-eurl-hosna-kamel-algerie.jpg","type":"image\/jpeg"}],"twitter_card":"summary_large_image","twitter_misc":{"Dur\u00e9e de lecture estim\u00e9e":"1 minute"},"schema":{"@context":"https:\/\/schema.org","@graph":[{"@type":"WebPage","@id":"https:\/\/eurlhosnakamel.dz\/dz\/produit\/bosch-defonceuse-gof-1250-ce-80-mm-1250w\/","url":"https:\/\/eurlhosnakamel.dz\/dz\/produit\/bosch-defonceuse-gof-1250-ce-80-mm-1250w\/","name":"D\u00e9foncesue 8 mm 1250 Watts GOF 1250 CE - EURL HOSNA KAMEL","isPartOf":{"@id":"https:\/\/eurlhosnakamel.dz\/dz\/#website"},"primaryImageOfPage":{"@id":"https:\/\/eurlhosnakamel.dz\/dz\/produit\/bosch-defonceuse-gof-1250-ce-80-mm-1250w\/#primaryimage"},"image":{"@id":"https:\/\/eurlhosnakamel.dz\/dz\/produit\/bosch-defonceuse-gof-1250-ce-80-mm-1250w\/#primaryimage"},"thumbnailUrl":"https:\/\/eurlhosnakamel.dz\/dz\/wp-content\/uploads\/2020\/04\/BOSCH-DEFONCEUSE-GOF1250CE-80mm-1250W-eurl-hosna-kamel-algerie.jpg","datePublished":"2020-04-14T15:50:20+00:00","dateModified":"2021-12-19T09:20:31+00:00","description":"D\u00e9foncesue 8 mm 1250 Watts GOF 1250 CE - EURL HOSNA KAMEL","breadcrumb":{"@id":"https:\/\/eurlhosnakamel.dz\/dz\/produit\/bosch-defonceuse-gof-1250-ce-80-mm-1250w\/#breadcrumb"},"inLanguage":"fr-FR","potentialAction":[{"@type":"ReadAction","target":["https:\/\/eurlhosnakamel.dz\/dz\/produit\/bosch-defonceuse-gof-1250-ce-80-mm-1250w\/"]}]},{"@type":"ImageObject","inLanguage":"fr-FR","@id":"https:\/\/eurlhosnakamel.dz\/dz\/produit\/bosch-defonceuse-gof-1250-ce-80-mm-1250w\/#primaryimage","url":"https:\/\/eurlhosnakamel.dz\/dz\/wp-content\/uploads\/2020\/04\/BOSCH-DEFONCEUSE-GOF1250CE-80mm-1250W-eurl-hosna-kamel-algerie.jpg","contentUrl":"https:\/\/eurlhosnakamel.dz\/dz\/wp-content\/uploads\/2020\/04\/BOSCH-DEFONCEUSE-GOF1250CE-80mm-1250W-eurl-hosna-kamel-algerie.jpg","width":512,"height":512},{"@type":"BreadcrumbList","@id":"https:\/\/eurlhosnakamel.dz\/dz\/produit\/bosch-defonceuse-gof-1250-ce-80-mm-1250w\/#breadcrumb","itemListElement":[{"@type":"ListItem","position":1,"name":"Accueil","item":"https:\/\/eurlhosnakamel.dz\/dz\/"},{"@type":"ListItem","position":2,"name":"Shop","item":"https:\/\/eurlhosnakamel.dz\/dz\/shop\/"},{"@type":"ListItem","position":3,"name":"D\u00e9foncesue 8 mm 1250 Watts GOF 1250 CE"}]},{"@type":"WebSite","@id":"https:\/\/eurlhosnakamel.dz\/dz\/#website","url":"https:\/\/eurlhosnakamel.dz\/dz\/","name":"EURL HOSNA KAMEL","description":"Fournisseur Premium d&#039;Outillages Professionnels en Alg\u00e9rie -","publisher":{"@id":"https:\/\/eurlhosnakamel.dz\/dz\/#organization"},"potentialAction":[{"@type":"SearchAction","target":{"@type":"EntryPoint","urlTemplate":"https:\/\/eurlhosnakamel.dz\/dz\/?s={search_term_string}"},"query-input":"required name=search_term_string"}],"inLanguage":"fr-FR"},{"@type":"Organization","@id":"https:\/\/eurlhosnakamel.dz\/dz\/#organization","name":"EURL HOSNA KAMEL - Bosch alg\u00e9rie","url":"https:\/\/eurlhosnakamel.dz\/dz\/","logo":{"@type":"ImageObject","inLanguage":"fr-FR","@id":"https:\/\/eurlhosnakamel.dz\/dz\/#\/schema\/logo\/image\/","url":"https:\/\/eurlhosnakamel.dz\/wp-content\/uploads\/2020\/04\/LOGO-HOSNA1.png","contentUrl":"https:\/\/eurlhosnakamel.dz\/wp-content\/uploads\/2020\/04\/LOGO-HOSNA1.png","width":120,"height":127,"caption":"EURL HOSNA KAMEL - Bosch alg\u00e9rie"},"image":{"@id":"https:\/\/eurlhosnakamel.dz\/dz\/#\/schema\/logo\/image\/"},"sameAs":["https:\/\/www.facebook.com\/Eurl.Hosna.DZ\/"]}]}},"_links":{"self":[{"href":"https:\/\/eurlhosnakamel.dz\/dz\/wp-json\/wp\/v2\/product\/5189","targetHints":{"allow":["GET"]}}],"collection":[{"href":"https:\/\/eurlhosnakamel.dz\/dz\/wp-json\/wp\/v2\/product"}],"about":[{"href":"https:\/\/eurlhosnakamel.dz\/dz\/wp-json\/wp\/v2\/types\/product"}],"wp:featuredmedia":[{"embeddable":true,"href":"https:\/\/eurlhosnakamel.dz\/dz\/wp-json\/wp\/v2\/media\/5191"}],"wp:attachment":[{"href":"https:\/\/eurlhosnakamel.dz\/dz\/wp-json\/wp\/v2\/media?parent=5189"}],"wp:term":[{"taxonomy":"product_cat","embeddable":true,"href":"https:\/\/eurlhosnakamel.dz\/dz\/wp-json\/wp\/v2\/product_cat?post=5189"},{"taxonomy":"product_tag","embeddable":true,"href":"https:\/\/eurlhosnakamel.dz\/dz\/wp-json\/wp\/v2\/product_tag?post=5189"}],"curies":[{"name":"wp","href":"https:\/\/api.w.org\/{rel}","templated":true}]}}