{"id":5221,"date":"2020-04-14T16:50:21","date_gmt":"2020-04-14T16:50:21","guid":{"rendered":"https:\/\/lhchosting.com\/hosna\/?post_type=product&#038;p=5221"},"modified":"2021-12-19T09:19:55","modified_gmt":"2021-12-19T09:19:55","slug":"bosch-marteau-perorateur-gbh-2000-2kg-600w-1-7j-20mm","status":"publish","type":"product","link":"https:\/\/eurlhosnakamel.dz\/dz\/produit\/bosch-marteau-perorateur-gbh-2000-2kg-600w-1-7j-20mm\/","title":{"rendered":"Perforateur SDS plus 2 kgs 600 Watts 1.7 J 20 mm GBH 2000"},"content":{"rendered":"<h4><strong>Caract\u00e9ristiques techniques<\/strong><\/h4>\n<table width=\"750\">\n<thead>\n<tr>\n<td colspan=\"2\"><strong>Donn\u00e9es suppl\u00e9mentaires<\/strong><\/td>\n<\/tr>\n<\/thead>\n<tbody>\n<tr>\n<td>Puissance absorb\u00e9e nominale*<\/td>\n<td>600\u00a0W<\/td>\n<\/tr>\n<tr>\n<td>Force de frappe*<\/td>\n<td>0 &#8211; 1.7\u00a0J<\/td>\n<\/tr>\n<tr>\n<td>Fr\u00e9quence de frappe \u00e0 vitesse de rotation nominale<\/td>\n<td>0 \u2013 4,400\u00a0cps\/min<\/td>\n<\/tr>\n<tr>\n<td>Vitesse de rotation nominale<\/td>\n<td>0 \u2013 1,400\u00a0t\/min<\/td>\n<\/tr>\n<tr>\n<td>Poids<\/td>\n<td>2,3\u00a0kg<\/td>\n<\/tr>\n<tr>\n<td>Porte-outils<\/td>\n<td>SDS plus<\/td>\n<\/tr>\n<\/tbody>\n<\/table>\n<p>&nbsp;<\/p>\n<table width=\"750\">\n<thead>\n<tr>\n<td colspan=\"2\"><strong>Plage de per\u00e7age<\/strong><\/td>\n<\/tr>\n<\/thead>\n<tbody>\n<tr>\n<td>\u00d8 de per\u00e7age dans le b\u00e9ton avec forets pour perforateur*<\/td>\n<td>4 \u2013 20\u00a0mm<\/td>\n<\/tr>\n<tr>\n<td>\u00d8 per\u00e7age maxi dans ma\u00e7onnerie, couronnes-tr\u00e9pans<\/td>\n<td>68\u00a0mm<\/td>\n<\/tr>\n<tr>\n<td>\u00d8 de per\u00e7age maxi. dans le m\u00e9tal<\/td>\n<td>13\u00a0mm<\/td>\n<\/tr>\n<\/tbody>\n<\/table>\n<p>* Donn\u00e9es mises en surbrillance<\/p>\n<p>Le niveau sonore pond\u00e9r\u00e9 A de l&#8217;outil \u00e9lectroportatif est typiquement de : niveau de pression acoustique dB(A) ; niveau de puissance acoustique dB(A). Incertitude K = dB.<\/p>\n<h4><strong>Avantages<\/strong><\/h4>\n<p>L\u2019association de puissance et vitesse en une conception compacte<\/p>\n<ul>\n<li>Bloc robuste \u2013 construction modulaire cylindrique pour une fiabilit\u00e9 et une durabilit\u00e9 sup\u00e9rieures<\/li>\n<li>Flexibilit\u00e9 accrue pour les t\u00e2ches de burinage usuelles<\/li>\n<li>Compact, avec un poids de 2,3\u00a0kg pour une utilisation confortable et pratique. Adapt\u00e9 aux applications en hauteur<\/li>\n<\/ul>\n<h4><strong>Ce qui est inclus dans ce paquet<\/strong><\/h4>\n<p>GBH 2000 Professional<\/p>\n<p>R\u00e9f\u00e9rence:\u00a00\u00a0611\u00a025A\u00a04K6<\/p>\n","protected":false},"excerpt":{"rendered":"<h4><strong>L\u2019association de puissance et vitesse en une conception compacte.<\/strong><\/h4>\n<p><img decoding=\"async\" class=\"alignnone size-medium wp-image-5227\" src=\"https:\/\/lhchosting.com\/hosna\/wp-content\/uploads\/2020\/04\/BOSCH-MARTEAU-PER.-GBH2000-2kg-600w-1.7J-20mm-icone-eurl-hosna-kamel-algerie-300x59.jpg\" alt=\"\" width=\"300\" height=\"59\" srcset=\"https:\/\/eurlhosnakamel.dz\/dz\/wp-content\/uploads\/2020\/04\/BOSCH-MARTEAU-PER.-GBH2000-2kg-600w-1.7J-20mm-icone-eurl-hosna-kamel-algerie-300x59.jpg 300w, https:\/\/eurlhosnakamel.dz\/dz\/wp-content\/uploads\/2020\/04\/BOSCH-MARTEAU-PER.-GBH2000-2kg-600w-1.7J-20mm-icone-eurl-hosna-kamel-algerie-500x98.jpg 500w, https:\/\/eurlhosnakamel.dz\/dz\/wp-content\/uploads\/2020\/04\/BOSCH-MARTEAU-PER.-GBH2000-2kg-600w-1.7J-20mm-icone-eurl-hosna-kamel-algerie-370x72.jpg 370w, https:\/\/eurlhosnakamel.dz\/dz\/wp-content\/uploads\/2020\/04\/BOSCH-MARTEAU-PER.-GBH2000-2kg-600w-1.7J-20mm-icone-eurl-hosna-kamel-algerie-200x39.jpg 200w, https:\/\/eurlhosnakamel.dz\/dz\/wp-content\/uploads\/2020\/04\/BOSCH-MARTEAU-PER.-GBH2000-2kg-600w-1.7J-20mm-icone-eurl-hosna-kamel-algerie.jpg 578w\" sizes=\"(max-width: 300px) 100vw, 300px\" \/><\/p>\n","protected":false},"featured_media":5223,"template":"","meta":[],"product_cat":[405,441],"product_tag":[923,2396],"class_list":{"0":"post-5221","1":"product","2":"type-product","3":"status-publish","4":"has-post-thumbnail","6":"product_cat-outillage","7":"product_cat-outillage-filaire","8":"product_tag-bosch-marteau-perorateur-gbh-2000-2kg-600w-1-7j-20mm","9":"product_tag-gbh-2000","10":"product_brand-bosch-outillage","12":"first","13":"instock","14":"shipping-taxable","15":"product-type-simple","16":"col-xs-6 col-sm-4","17":"col-md-3 col-lg-3","18":"un-4-cols"},"yoast_head":"<!-- This site is optimized with the Yoast SEO plugin v22.5 - https:\/\/yoast.com\/wordpress\/plugins\/seo\/ -->\n<title>Perforateur SDS plus 2 kgs 600 Watts 1.7 J 20 mm GBH 2000 - EURL HOSNA KAMEL<\/title>\n<meta name=\"description\" content=\"Perforateur SDS plus 2 kgs 600 Watts 1.7 J 20 mm GBH 2000 - EURL HOSNA KAMEL\" \/>\n<meta name=\"robots\" content=\"index, follow, max-snippet:-1, max-image-preview:large, max-video-preview:-1\" \/>\n<link rel=\"canonical\" href=\"https:\/\/eurlhosnakamel.dz\/dz\/produit\/bosch-marteau-perorateur-gbh-2000-2kg-600w-1-7j-20mm\/\" \/>\n<meta property=\"og:locale\" content=\"fr_FR\" \/>\n<meta property=\"og:type\" content=\"article\" \/>\n<meta property=\"og:title\" content=\"Perforateur SDS plus 2 kgs 600 Watts 1.7 J 20 mm GBH 2000 - EURL HOSNA KAMEL\" \/>\n<meta property=\"og:description\" content=\"Perforateur SDS plus 2 kgs 600 Watts 1.7 J 20 mm GBH 2000 - EURL HOSNA KAMEL\" \/>\n<meta property=\"og:url\" content=\"https:\/\/eurlhosnakamel.dz\/dz\/produit\/bosch-marteau-perorateur-gbh-2000-2kg-600w-1-7j-20mm\/\" \/>\n<meta property=\"og:site_name\" content=\"EURL HOSNA KAMEL\" \/>\n<meta property=\"article:publisher\" content=\"https:\/\/www.facebook.com\/Eurl.Hosna.DZ\/\" \/>\n<meta property=\"article:modified_time\" content=\"2021-12-19T09:19:55+00:00\" \/>\n<meta property=\"og:image\" content=\"https:\/\/eurlhosnakamel.dz\/dz\/wp-content\/uploads\/2020\/04\/BOSCH-MARTEAU-PER.-GBH2000-2kg-600w-1.7J-20mm-eurl-hosna-kamel-algerie.jpg\" \/>\n\t<meta property=\"og:image:width\" content=\"512\" \/>\n\t<meta property=\"og:image:height\" content=\"512\" \/>\n\t<meta property=\"og:image:type\" content=\"image\/jpeg\" \/>\n<meta name=\"twitter:card\" content=\"summary_large_image\" \/>\n<meta name=\"twitter:label1\" content=\"Dur\u00e9e de lecture estim\u00e9e\" \/>\n\t<meta name=\"twitter:data1\" content=\"1 minute\" \/>\n<script type=\"application\/ld+json\" class=\"yoast-schema-graph\">{\"@context\":\"https:\/\/schema.org\",\"@graph\":[{\"@type\":\"WebPage\",\"@id\":\"https:\/\/eurlhosnakamel.dz\/dz\/produit\/bosch-marteau-perorateur-gbh-2000-2kg-600w-1-7j-20mm\/\",\"url\":\"https:\/\/eurlhosnakamel.dz\/dz\/produit\/bosch-marteau-perorateur-gbh-2000-2kg-600w-1-7j-20mm\/\",\"name\":\"Perforateur SDS plus 2 kgs 600 Watts 1.7 J 20 mm GBH 2000 - EURL HOSNA KAMEL\",\"isPartOf\":{\"@id\":\"https:\/\/eurlhosnakamel.dz\/dz\/#website\"},\"primaryImageOfPage\":{\"@id\":\"https:\/\/eurlhosnakamel.dz\/dz\/produit\/bosch-marteau-perorateur-gbh-2000-2kg-600w-1-7j-20mm\/#primaryimage\"},\"image\":{\"@id\":\"https:\/\/eurlhosnakamel.dz\/dz\/produit\/bosch-marteau-perorateur-gbh-2000-2kg-600w-1-7j-20mm\/#primaryimage\"},\"thumbnailUrl\":\"https:\/\/eurlhosnakamel.dz\/dz\/wp-content\/uploads\/2020\/04\/BOSCH-MARTEAU-PER.-GBH2000-2kg-600w-1.7J-20mm-eurl-hosna-kamel-algerie.jpg\",\"datePublished\":\"2020-04-14T16:50:21+00:00\",\"dateModified\":\"2021-12-19T09:19:55+00:00\",\"description\":\"Perforateur SDS plus 2 kgs 600 Watts 1.7 J 20 mm GBH 2000 - EURL HOSNA KAMEL\",\"breadcrumb\":{\"@id\":\"https:\/\/eurlhosnakamel.dz\/dz\/produit\/bosch-marteau-perorateur-gbh-2000-2kg-600w-1-7j-20mm\/#breadcrumb\"},\"inLanguage\":\"fr-FR\",\"potentialAction\":[{\"@type\":\"ReadAction\",\"target\":[\"https:\/\/eurlhosnakamel.dz\/dz\/produit\/bosch-marteau-perorateur-gbh-2000-2kg-600w-1-7j-20mm\/\"]}]},{\"@type\":\"ImageObject\",\"inLanguage\":\"fr-FR\",\"@id\":\"https:\/\/eurlhosnakamel.dz\/dz\/produit\/bosch-marteau-perorateur-gbh-2000-2kg-600w-1-7j-20mm\/#primaryimage\",\"url\":\"https:\/\/eurlhosnakamel.dz\/dz\/wp-content\/uploads\/2020\/04\/BOSCH-MARTEAU-PER.-GBH2000-2kg-600w-1.7J-20mm-eurl-hosna-kamel-algerie.jpg\",\"contentUrl\":\"https:\/\/eurlhosnakamel.dz\/dz\/wp-content\/uploads\/2020\/04\/BOSCH-MARTEAU-PER.-GBH2000-2kg-600w-1.7J-20mm-eurl-hosna-kamel-algerie.jpg\",\"width\":512,\"height\":512},{\"@type\":\"BreadcrumbList\",\"@id\":\"https:\/\/eurlhosnakamel.dz\/dz\/produit\/bosch-marteau-perorateur-gbh-2000-2kg-600w-1-7j-20mm\/#breadcrumb\",\"itemListElement\":[{\"@type\":\"ListItem\",\"position\":1,\"name\":\"Accueil\",\"item\":\"https:\/\/eurlhosnakamel.dz\/dz\/\"},{\"@type\":\"ListItem\",\"position\":2,\"name\":\"Shop\",\"item\":\"https:\/\/eurlhosnakamel.dz\/dz\/shop\/\"},{\"@type\":\"ListItem\",\"position\":3,\"name\":\"Perforateur SDS plus 2 kgs 600 Watts 1.7 J 20 mm GBH 2000\"}]},{\"@type\":\"WebSite\",\"@id\":\"https:\/\/eurlhosnakamel.dz\/dz\/#website\",\"url\":\"https:\/\/eurlhosnakamel.dz\/dz\/\",\"name\":\"EURL HOSNA KAMEL\",\"description\":\"Fournisseur Premium d&#039;Outillages Professionnels en Alg\u00e9rie -\",\"publisher\":{\"@id\":\"https:\/\/eurlhosnakamel.dz\/dz\/#organization\"},\"potentialAction\":[{\"@type\":\"SearchAction\",\"target\":{\"@type\":\"EntryPoint\",\"urlTemplate\":\"https:\/\/eurlhosnakamel.dz\/dz\/?s={search_term_string}\"},\"query-input\":\"required name=search_term_string\"}],\"inLanguage\":\"fr-FR\"},{\"@type\":\"Organization\",\"@id\":\"https:\/\/eurlhosnakamel.dz\/dz\/#organization\",\"name\":\"EURL HOSNA KAMEL - Bosch alg\u00e9rie\",\"url\":\"https:\/\/eurlhosnakamel.dz\/dz\/\",\"logo\":{\"@type\":\"ImageObject\",\"inLanguage\":\"fr-FR\",\"@id\":\"https:\/\/eurlhosnakamel.dz\/dz\/#\/schema\/logo\/image\/\",\"url\":\"https:\/\/eurlhosnakamel.dz\/wp-content\/uploads\/2020\/04\/LOGO-HOSNA1.png\",\"contentUrl\":\"https:\/\/eurlhosnakamel.dz\/wp-content\/uploads\/2020\/04\/LOGO-HOSNA1.png\",\"width\":120,\"height\":127,\"caption\":\"EURL HOSNA KAMEL - Bosch alg\u00e9rie\"},\"image\":{\"@id\":\"https:\/\/eurlhosnakamel.dz\/dz\/#\/schema\/logo\/image\/\"},\"sameAs\":[\"https:\/\/www.facebook.com\/Eurl.Hosna.DZ\/\"]}]}<\/script>\n<!-- \/ Yoast SEO plugin. -->","yoast_head_json":{"title":"Perforateur SDS plus 2 kgs 600 Watts 1.7 J 20 mm GBH 2000 - EURL HOSNA KAMEL","description":"Perforateur SDS plus 2 kgs 600 Watts 1.7 J 20 mm GBH 2000 - EURL HOSNA KAMEL","robots":{"index":"index","follow":"follow","max-snippet":"max-snippet:-1","max-image-preview":"max-image-preview:large","max-video-preview":"max-video-preview:-1"},"canonical":"https:\/\/eurlhosnakamel.dz\/dz\/produit\/bosch-marteau-perorateur-gbh-2000-2kg-600w-1-7j-20mm\/","og_locale":"fr_FR","og_type":"article","og_title":"Perforateur SDS plus 2 kgs 600 Watts 1.7 J 20 mm GBH 2000 - EURL HOSNA KAMEL","og_description":"Perforateur SDS plus 2 kgs 600 Watts 1.7 J 20 mm GBH 2000 - EURL HOSNA KAMEL","og_url":"https:\/\/eurlhosnakamel.dz\/dz\/produit\/bosch-marteau-perorateur-gbh-2000-2kg-600w-1-7j-20mm\/","og_site_name":"EURL HOSNA KAMEL","article_publisher":"https:\/\/www.facebook.com\/Eurl.Hosna.DZ\/","article_modified_time":"2021-12-19T09:19:55+00:00","og_image":[{"width":512,"height":512,"url":"https:\/\/eurlhosnakamel.dz\/dz\/wp-content\/uploads\/2020\/04\/BOSCH-MARTEAU-PER.-GBH2000-2kg-600w-1.7J-20mm-eurl-hosna-kamel-algerie.jpg","type":"image\/jpeg"}],"twitter_card":"summary_large_image","twitter_misc":{"Dur\u00e9e de lecture estim\u00e9e":"1 minute"},"schema":{"@context":"https:\/\/schema.org","@graph":[{"@type":"WebPage","@id":"https:\/\/eurlhosnakamel.dz\/dz\/produit\/bosch-marteau-perorateur-gbh-2000-2kg-600w-1-7j-20mm\/","url":"https:\/\/eurlhosnakamel.dz\/dz\/produit\/bosch-marteau-perorateur-gbh-2000-2kg-600w-1-7j-20mm\/","name":"Perforateur SDS plus 2 kgs 600 Watts 1.7 J 20 mm GBH 2000 - EURL HOSNA KAMEL","isPartOf":{"@id":"https:\/\/eurlhosnakamel.dz\/dz\/#website"},"primaryImageOfPage":{"@id":"https:\/\/eurlhosnakamel.dz\/dz\/produit\/bosch-marteau-perorateur-gbh-2000-2kg-600w-1-7j-20mm\/#primaryimage"},"image":{"@id":"https:\/\/eurlhosnakamel.dz\/dz\/produit\/bosch-marteau-perorateur-gbh-2000-2kg-600w-1-7j-20mm\/#primaryimage"},"thumbnailUrl":"https:\/\/eurlhosnakamel.dz\/dz\/wp-content\/uploads\/2020\/04\/BOSCH-MARTEAU-PER.-GBH2000-2kg-600w-1.7J-20mm-eurl-hosna-kamel-algerie.jpg","datePublished":"2020-04-14T16:50:21+00:00","dateModified":"2021-12-19T09:19:55+00:00","description":"Perforateur SDS plus 2 kgs 600 Watts 1.7 J 20 mm GBH 2000 - EURL HOSNA KAMEL","breadcrumb":{"@id":"https:\/\/eurlhosnakamel.dz\/dz\/produit\/bosch-marteau-perorateur-gbh-2000-2kg-600w-1-7j-20mm\/#breadcrumb"},"inLanguage":"fr-FR","potentialAction":[{"@type":"ReadAction","target":["https:\/\/eurlhosnakamel.dz\/dz\/produit\/bosch-marteau-perorateur-gbh-2000-2kg-600w-1-7j-20mm\/"]}]},{"@type":"ImageObject","inLanguage":"fr-FR","@id":"https:\/\/eurlhosnakamel.dz\/dz\/produit\/bosch-marteau-perorateur-gbh-2000-2kg-600w-1-7j-20mm\/#primaryimage","url":"https:\/\/eurlhosnakamel.dz\/dz\/wp-content\/uploads\/2020\/04\/BOSCH-MARTEAU-PER.-GBH2000-2kg-600w-1.7J-20mm-eurl-hosna-kamel-algerie.jpg","contentUrl":"https:\/\/eurlhosnakamel.dz\/dz\/wp-content\/uploads\/2020\/04\/BOSCH-MARTEAU-PER.-GBH2000-2kg-600w-1.7J-20mm-eurl-hosna-kamel-algerie.jpg","width":512,"height":512},{"@type":"BreadcrumbList","@id":"https:\/\/eurlhosnakamel.dz\/dz\/produit\/bosch-marteau-perorateur-gbh-2000-2kg-600w-1-7j-20mm\/#breadcrumb","itemListElement":[{"@type":"ListItem","position":1,"name":"Accueil","item":"https:\/\/eurlhosnakamel.dz\/dz\/"},{"@type":"ListItem","position":2,"name":"Shop","item":"https:\/\/eurlhosnakamel.dz\/dz\/shop\/"},{"@type":"ListItem","position":3,"name":"Perforateur SDS plus 2 kgs 600 Watts 1.7 J 20 mm GBH 2000"}]},{"@type":"WebSite","@id":"https:\/\/eurlhosnakamel.dz\/dz\/#website","url":"https:\/\/eurlhosnakamel.dz\/dz\/","name":"EURL HOSNA KAMEL","description":"Fournisseur Premium d&#039;Outillages Professionnels en Alg\u00e9rie -","publisher":{"@id":"https:\/\/eurlhosnakamel.dz\/dz\/#organization"},"potentialAction":[{"@type":"SearchAction","target":{"@type":"EntryPoint","urlTemplate":"https:\/\/eurlhosnakamel.dz\/dz\/?s={search_term_string}"},"query-input":"required name=search_term_string"}],"inLanguage":"fr-FR"},{"@type":"Organization","@id":"https:\/\/eurlhosnakamel.dz\/dz\/#organization","name":"EURL HOSNA KAMEL - Bosch alg\u00e9rie","url":"https:\/\/eurlhosnakamel.dz\/dz\/","logo":{"@type":"ImageObject","inLanguage":"fr-FR","@id":"https:\/\/eurlhosnakamel.dz\/dz\/#\/schema\/logo\/image\/","url":"https:\/\/eurlhosnakamel.dz\/wp-content\/uploads\/2020\/04\/LOGO-HOSNA1.png","contentUrl":"https:\/\/eurlhosnakamel.dz\/wp-content\/uploads\/2020\/04\/LOGO-HOSNA1.png","width":120,"height":127,"caption":"EURL HOSNA KAMEL - Bosch alg\u00e9rie"},"image":{"@id":"https:\/\/eurlhosnakamel.dz\/dz\/#\/schema\/logo\/image\/"},"sameAs":["https:\/\/www.facebook.com\/Eurl.Hosna.DZ\/"]}]}},"_links":{"self":[{"href":"https:\/\/eurlhosnakamel.dz\/dz\/wp-json\/wp\/v2\/product\/5221","targetHints":{"allow":["GET"]}}],"collection":[{"href":"https:\/\/eurlhosnakamel.dz\/dz\/wp-json\/wp\/v2\/product"}],"about":[{"href":"https:\/\/eurlhosnakamel.dz\/dz\/wp-json\/wp\/v2\/types\/product"}],"wp:featuredmedia":[{"embeddable":true,"href":"https:\/\/eurlhosnakamel.dz\/dz\/wp-json\/wp\/v2\/media\/5223"}],"wp:attachment":[{"href":"https:\/\/eurlhosnakamel.dz\/dz\/wp-json\/wp\/v2\/media?parent=5221"}],"wp:term":[{"taxonomy":"product_cat","embeddable":true,"href":"https:\/\/eurlhosnakamel.dz\/dz\/wp-json\/wp\/v2\/product_cat?post=5221"},{"taxonomy":"product_tag","embeddable":true,"href":"https:\/\/eurlhosnakamel.dz\/dz\/wp-json\/wp\/v2\/product_tag?post=5221"}],"curies":[{"name":"wp","href":"https:\/\/api.w.org\/{rel}","templated":true}]}}