{"id":5229,"date":"2020-04-14T17:04:21","date_gmt":"2020-04-14T17:04:21","guid":{"rendered":"https:\/\/lhchosting.com\/hosna\/?post_type=product&#038;p=5229"},"modified":"2021-12-19T09:19:55","modified_gmt":"2021-12-19T09:19:55","slug":"bosch-marteau-perforateur-gbh-2-24-dre-790w-2-7j-24mm","status":"publish","type":"product","link":"https:\/\/eurlhosnakamel.dz\/dz\/produit\/bosch-marteau-perforateur-gbh-2-24-dre-790w-2-7j-24mm\/","title":{"rendered":"Perforateur SDS plus 2 kgs 790 Watts 2,4 J 24 mm GBH 2-24 DRE"},"content":{"rendered":"<h4><strong>Caract\u00e9ristiques techniques<\/strong><\/h4>\n<table width=\"750\">\n<thead>\n<tr>\n<td colspan=\"2\"><strong>Donn\u00e9es suppl\u00e9mentaires<\/strong><\/td>\n<\/tr>\n<\/thead>\n<tbody>\n<tr>\n<td>Puissance absorb\u00e9e nominale*<\/td>\n<td>790\u00a0W<\/td>\n<\/tr>\n<tr>\n<td>Force de frappe*<\/td>\n<td>2.7\u00a0J<\/td>\n<\/tr>\n<tr>\n<td>Fr\u00e9quence de frappe \u00e0 vitesse de rotation nominale<\/td>\n<td>0 \u2013 4,200\u00a0cps\/min<\/td>\n<\/tr>\n<tr>\n<td>Vitesse de rotation nominale<\/td>\n<td>0 \u2013 930\u00a0t\/min<\/td>\n<\/tr>\n<tr>\n<td>Poids*<\/td>\n<td>2,8\u00a0kg<\/td>\n<\/tr>\n<tr>\n<td>Dimensions de l\u2019outil (longueur)<\/td>\n<td>367\u00a0mm<\/td>\n<\/tr>\n<tr>\n<td>Dimensions de l\u2019outil (hauteur)<\/td>\n<td>210\u00a0mm<\/td>\n<\/tr>\n<tr>\n<td>Porte-outils<\/td>\n<td>SDS plus<\/td>\n<\/tr>\n<\/tbody>\n<\/table>\n<p>&nbsp;<\/p>\n<table width=\"750\">\n<thead>\n<tr>\n<td colspan=\"2\"><strong>Plage de per\u00e7age<\/strong><\/td>\n<\/tr>\n<\/thead>\n<tbody>\n<tr>\n<td>\u00d8 per\u00e7age maxi dans ma\u00e7onnerie, couronnes-tr\u00e9pans<\/td>\n<td>68\u00a0mm<\/td>\n<\/tr>\n<tr>\n<td>\u00d8 de per\u00e7age maxi. dans le m\u00e9tal<\/td>\n<td>13\u00a0mm<\/td>\n<\/tr>\n<tr>\n<td>\u00d8 de per\u00e7age maxi. dans le bois<\/td>\n<td>30\u00a0mm<\/td>\n<\/tr>\n<\/tbody>\n<\/table>\n<p>* Donn\u00e9es mises en surbrillance<\/p>\n<p>Le niveau sonore pond\u00e9r\u00e9 A de l&#8217;outil \u00e9lectroportatif est typiquement de : niveau de pression acoustique dB(A) ; niveau de puissance acoustique dB(A). Incertitude K = dB.<\/p>\n<h4><strong>Avantages<\/strong><\/h4>\n<p>La nouvelle r\u00e9f\u00e9rence pour le per\u00e7age du b\u00e9ton\u00a0!<\/p>\n<ul>\n<li>La vitesse de per\u00e7age la plus \u00e9lev\u00e9e de sa cat\u00e9gorie gr\u00e2ce au set de carter d\u2019engrenage optimis\u00e9<\/li>\n<li>Moteur puissant de 790\u00a0W pour une durabilit\u00e9 am\u00e9lior\u00e9e et les travaux exigeants<\/li>\n<li>Interchangeabilit\u00e9 des pi\u00e8ces de rechange et maintenance ais\u00e9e gr\u00e2ce \u00e0 la conception intelligente<\/li>\n<\/ul>\n<h4><strong>Ce qui est inclus dans ce paquet<\/strong><\/h4>\n<p>Dans coffret de transport<\/p>\n<p>R\u00e9f\u00e9rence:\u00a00\u00a0611\u00a0272\u00a01K0<\/p>\n<ul>\n<li>Coffret de transport<\/li>\n<\/ul>\n","protected":false},"excerpt":{"rendered":"<h4><strong>La nouvelle r\u00e9f\u00e9rence pour le per\u00e7age du b\u00e9ton\u00a0!<\/strong><\/h4>\n<p><img decoding=\"async\" class=\"alignnone size-full wp-image-5233\" src=\"https:\/\/lhchosting.com\/hosna\/wp-content\/uploads\/2020\/04\/BOSCH-MARTEAU-PER.-GBH2-24DRE-790W-2.7J-24mm-icone-eurl-hosna-kamel-algerie.jpg\" alt=\"\" width=\"113\" height=\"111\" \/><\/p>\n","protected":false},"featured_media":5231,"template":"","meta":[],"product_cat":[405,441],"product_tag":[925,2398],"class_list":{"0":"post-5229","1":"product","2":"type-product","3":"status-publish","4":"has-post-thumbnail","6":"product_cat-outillage","7":"product_cat-outillage-filaire","8":"product_tag-bosch-marteau-perforateur-gbh-2-24-dre-790w-2-7j-24mm","9":"product_tag-gbh-2-24-dre","10":"product_brand-bosch-outillage","12":"first","13":"instock","14":"shipping-taxable","15":"product-type-simple","16":"col-xs-6 col-sm-4","17":"col-md-3 col-lg-3","18":"un-4-cols"},"yoast_head":"<!-- This site is optimized with the Yoast SEO plugin v22.5 - https:\/\/yoast.com\/wordpress\/plugins\/seo\/ -->\n<title>Perforateur SDS plus 2 kgs 790 Watts 2,4 J 24 mm GBH 2-24 DRE - EURL HOSNA KAMEL<\/title>\n<meta name=\"description\" content=\"Perforateur SDS plus 2 kgs 790 Watts 2,4 J 24 mm GBH 2-24 DRE - EURL HOSNA KAMEL\" \/>\n<meta name=\"robots\" content=\"index, follow, max-snippet:-1, max-image-preview:large, max-video-preview:-1\" \/>\n<link rel=\"canonical\" href=\"https:\/\/eurlhosnakamel.dz\/dz\/produit\/bosch-marteau-perforateur-gbh-2-24-dre-790w-2-7j-24mm\/\" \/>\n<meta property=\"og:locale\" content=\"fr_FR\" \/>\n<meta property=\"og:type\" content=\"article\" \/>\n<meta property=\"og:title\" content=\"Perforateur SDS plus 2 kgs 790 Watts 2,4 J 24 mm GBH 2-24 DRE - EURL HOSNA KAMEL\" \/>\n<meta property=\"og:description\" content=\"Perforateur SDS plus 2 kgs 790 Watts 2,4 J 24 mm GBH 2-24 DRE - EURL HOSNA KAMEL\" \/>\n<meta property=\"og:url\" content=\"https:\/\/eurlhosnakamel.dz\/dz\/produit\/bosch-marteau-perforateur-gbh-2-24-dre-790w-2-7j-24mm\/\" \/>\n<meta property=\"og:site_name\" content=\"EURL HOSNA KAMEL\" \/>\n<meta property=\"article:publisher\" content=\"https:\/\/www.facebook.com\/Eurl.Hosna.DZ\/\" \/>\n<meta property=\"article:modified_time\" content=\"2021-12-19T09:19:55+00:00\" \/>\n<meta property=\"og:image\" content=\"https:\/\/eurlhosnakamel.dz\/dz\/wp-content\/uploads\/2020\/04\/BOSCH-MARTEAU-PER.-GBH2-24DRE-790W-2.7J-24mm-eurl-hosna-kamel-algerie.jpg\" \/>\n\t<meta property=\"og:image:width\" content=\"512\" \/>\n\t<meta property=\"og:image:height\" content=\"512\" \/>\n\t<meta property=\"og:image:type\" content=\"image\/jpeg\" \/>\n<meta name=\"twitter:card\" content=\"summary_large_image\" \/>\n<meta name=\"twitter:label1\" content=\"Dur\u00e9e de lecture estim\u00e9e\" \/>\n\t<meta name=\"twitter:data1\" content=\"1 minute\" \/>\n<script type=\"application\/ld+json\" class=\"yoast-schema-graph\">{\"@context\":\"https:\/\/schema.org\",\"@graph\":[{\"@type\":\"WebPage\",\"@id\":\"https:\/\/eurlhosnakamel.dz\/dz\/produit\/bosch-marteau-perforateur-gbh-2-24-dre-790w-2-7j-24mm\/\",\"url\":\"https:\/\/eurlhosnakamel.dz\/dz\/produit\/bosch-marteau-perforateur-gbh-2-24-dre-790w-2-7j-24mm\/\",\"name\":\"Perforateur SDS plus 2 kgs 790 Watts 2,4 J 24 mm GBH 2-24 DRE - EURL HOSNA KAMEL\",\"isPartOf\":{\"@id\":\"https:\/\/eurlhosnakamel.dz\/dz\/#website\"},\"primaryImageOfPage\":{\"@id\":\"https:\/\/eurlhosnakamel.dz\/dz\/produit\/bosch-marteau-perforateur-gbh-2-24-dre-790w-2-7j-24mm\/#primaryimage\"},\"image\":{\"@id\":\"https:\/\/eurlhosnakamel.dz\/dz\/produit\/bosch-marteau-perforateur-gbh-2-24-dre-790w-2-7j-24mm\/#primaryimage\"},\"thumbnailUrl\":\"https:\/\/eurlhosnakamel.dz\/dz\/wp-content\/uploads\/2020\/04\/BOSCH-MARTEAU-PER.-GBH2-24DRE-790W-2.7J-24mm-eurl-hosna-kamel-algerie.jpg\",\"datePublished\":\"2020-04-14T17:04:21+00:00\",\"dateModified\":\"2021-12-19T09:19:55+00:00\",\"description\":\"Perforateur SDS plus 2 kgs 790 Watts 2,4 J 24 mm GBH 2-24 DRE - EURL HOSNA KAMEL\",\"breadcrumb\":{\"@id\":\"https:\/\/eurlhosnakamel.dz\/dz\/produit\/bosch-marteau-perforateur-gbh-2-24-dre-790w-2-7j-24mm\/#breadcrumb\"},\"inLanguage\":\"fr-FR\",\"potentialAction\":[{\"@type\":\"ReadAction\",\"target\":[\"https:\/\/eurlhosnakamel.dz\/dz\/produit\/bosch-marteau-perforateur-gbh-2-24-dre-790w-2-7j-24mm\/\"]}]},{\"@type\":\"ImageObject\",\"inLanguage\":\"fr-FR\",\"@id\":\"https:\/\/eurlhosnakamel.dz\/dz\/produit\/bosch-marteau-perforateur-gbh-2-24-dre-790w-2-7j-24mm\/#primaryimage\",\"url\":\"https:\/\/eurlhosnakamel.dz\/dz\/wp-content\/uploads\/2020\/04\/BOSCH-MARTEAU-PER.-GBH2-24DRE-790W-2.7J-24mm-eurl-hosna-kamel-algerie.jpg\",\"contentUrl\":\"https:\/\/eurlhosnakamel.dz\/dz\/wp-content\/uploads\/2020\/04\/BOSCH-MARTEAU-PER.-GBH2-24DRE-790W-2.7J-24mm-eurl-hosna-kamel-algerie.jpg\",\"width\":512,\"height\":512},{\"@type\":\"BreadcrumbList\",\"@id\":\"https:\/\/eurlhosnakamel.dz\/dz\/produit\/bosch-marteau-perforateur-gbh-2-24-dre-790w-2-7j-24mm\/#breadcrumb\",\"itemListElement\":[{\"@type\":\"ListItem\",\"position\":1,\"name\":\"Accueil\",\"item\":\"https:\/\/eurlhosnakamel.dz\/dz\/\"},{\"@type\":\"ListItem\",\"position\":2,\"name\":\"Shop\",\"item\":\"https:\/\/eurlhosnakamel.dz\/dz\/shop\/\"},{\"@type\":\"ListItem\",\"position\":3,\"name\":\"Perforateur SDS plus 2 kgs 790 Watts 2,4 J 24 mm GBH 2-24 DRE\"}]},{\"@type\":\"WebSite\",\"@id\":\"https:\/\/eurlhosnakamel.dz\/dz\/#website\",\"url\":\"https:\/\/eurlhosnakamel.dz\/dz\/\",\"name\":\"EURL HOSNA KAMEL\",\"description\":\"Fournisseur Premium d&#039;Outillages Professionnels en Alg\u00e9rie -\",\"publisher\":{\"@id\":\"https:\/\/eurlhosnakamel.dz\/dz\/#organization\"},\"potentialAction\":[{\"@type\":\"SearchAction\",\"target\":{\"@type\":\"EntryPoint\",\"urlTemplate\":\"https:\/\/eurlhosnakamel.dz\/dz\/?s={search_term_string}\"},\"query-input\":\"required name=search_term_string\"}],\"inLanguage\":\"fr-FR\"},{\"@type\":\"Organization\",\"@id\":\"https:\/\/eurlhosnakamel.dz\/dz\/#organization\",\"name\":\"EURL HOSNA KAMEL - Bosch alg\u00e9rie\",\"url\":\"https:\/\/eurlhosnakamel.dz\/dz\/\",\"logo\":{\"@type\":\"ImageObject\",\"inLanguage\":\"fr-FR\",\"@id\":\"https:\/\/eurlhosnakamel.dz\/dz\/#\/schema\/logo\/image\/\",\"url\":\"https:\/\/eurlhosnakamel.dz\/wp-content\/uploads\/2020\/04\/LOGO-HOSNA1.png\",\"contentUrl\":\"https:\/\/eurlhosnakamel.dz\/wp-content\/uploads\/2020\/04\/LOGO-HOSNA1.png\",\"width\":120,\"height\":127,\"caption\":\"EURL HOSNA KAMEL - Bosch alg\u00e9rie\"},\"image\":{\"@id\":\"https:\/\/eurlhosnakamel.dz\/dz\/#\/schema\/logo\/image\/\"},\"sameAs\":[\"https:\/\/www.facebook.com\/Eurl.Hosna.DZ\/\"]}]}<\/script>\n<!-- \/ Yoast SEO plugin. -->","yoast_head_json":{"title":"Perforateur SDS plus 2 kgs 790 Watts 2,4 J 24 mm GBH 2-24 DRE - EURL HOSNA KAMEL","description":"Perforateur SDS plus 2 kgs 790 Watts 2,4 J 24 mm GBH 2-24 DRE - EURL HOSNA KAMEL","robots":{"index":"index","follow":"follow","max-snippet":"max-snippet:-1","max-image-preview":"max-image-preview:large","max-video-preview":"max-video-preview:-1"},"canonical":"https:\/\/eurlhosnakamel.dz\/dz\/produit\/bosch-marteau-perforateur-gbh-2-24-dre-790w-2-7j-24mm\/","og_locale":"fr_FR","og_type":"article","og_title":"Perforateur SDS plus 2 kgs 790 Watts 2,4 J 24 mm GBH 2-24 DRE - EURL HOSNA KAMEL","og_description":"Perforateur SDS plus 2 kgs 790 Watts 2,4 J 24 mm GBH 2-24 DRE - EURL HOSNA KAMEL","og_url":"https:\/\/eurlhosnakamel.dz\/dz\/produit\/bosch-marteau-perforateur-gbh-2-24-dre-790w-2-7j-24mm\/","og_site_name":"EURL HOSNA KAMEL","article_publisher":"https:\/\/www.facebook.com\/Eurl.Hosna.DZ\/","article_modified_time":"2021-12-19T09:19:55+00:00","og_image":[{"width":512,"height":512,"url":"https:\/\/eurlhosnakamel.dz\/dz\/wp-content\/uploads\/2020\/04\/BOSCH-MARTEAU-PER.-GBH2-24DRE-790W-2.7J-24mm-eurl-hosna-kamel-algerie.jpg","type":"image\/jpeg"}],"twitter_card":"summary_large_image","twitter_misc":{"Dur\u00e9e de lecture estim\u00e9e":"1 minute"},"schema":{"@context":"https:\/\/schema.org","@graph":[{"@type":"WebPage","@id":"https:\/\/eurlhosnakamel.dz\/dz\/produit\/bosch-marteau-perforateur-gbh-2-24-dre-790w-2-7j-24mm\/","url":"https:\/\/eurlhosnakamel.dz\/dz\/produit\/bosch-marteau-perforateur-gbh-2-24-dre-790w-2-7j-24mm\/","name":"Perforateur SDS plus 2 kgs 790 Watts 2,4 J 24 mm GBH 2-24 DRE - EURL HOSNA KAMEL","isPartOf":{"@id":"https:\/\/eurlhosnakamel.dz\/dz\/#website"},"primaryImageOfPage":{"@id":"https:\/\/eurlhosnakamel.dz\/dz\/produit\/bosch-marteau-perforateur-gbh-2-24-dre-790w-2-7j-24mm\/#primaryimage"},"image":{"@id":"https:\/\/eurlhosnakamel.dz\/dz\/produit\/bosch-marteau-perforateur-gbh-2-24-dre-790w-2-7j-24mm\/#primaryimage"},"thumbnailUrl":"https:\/\/eurlhosnakamel.dz\/dz\/wp-content\/uploads\/2020\/04\/BOSCH-MARTEAU-PER.-GBH2-24DRE-790W-2.7J-24mm-eurl-hosna-kamel-algerie.jpg","datePublished":"2020-04-14T17:04:21+00:00","dateModified":"2021-12-19T09:19:55+00:00","description":"Perforateur SDS plus 2 kgs 790 Watts 2,4 J 24 mm GBH 2-24 DRE - EURL HOSNA KAMEL","breadcrumb":{"@id":"https:\/\/eurlhosnakamel.dz\/dz\/produit\/bosch-marteau-perforateur-gbh-2-24-dre-790w-2-7j-24mm\/#breadcrumb"},"inLanguage":"fr-FR","potentialAction":[{"@type":"ReadAction","target":["https:\/\/eurlhosnakamel.dz\/dz\/produit\/bosch-marteau-perforateur-gbh-2-24-dre-790w-2-7j-24mm\/"]}]},{"@type":"ImageObject","inLanguage":"fr-FR","@id":"https:\/\/eurlhosnakamel.dz\/dz\/produit\/bosch-marteau-perforateur-gbh-2-24-dre-790w-2-7j-24mm\/#primaryimage","url":"https:\/\/eurlhosnakamel.dz\/dz\/wp-content\/uploads\/2020\/04\/BOSCH-MARTEAU-PER.-GBH2-24DRE-790W-2.7J-24mm-eurl-hosna-kamel-algerie.jpg","contentUrl":"https:\/\/eurlhosnakamel.dz\/dz\/wp-content\/uploads\/2020\/04\/BOSCH-MARTEAU-PER.-GBH2-24DRE-790W-2.7J-24mm-eurl-hosna-kamel-algerie.jpg","width":512,"height":512},{"@type":"BreadcrumbList","@id":"https:\/\/eurlhosnakamel.dz\/dz\/produit\/bosch-marteau-perforateur-gbh-2-24-dre-790w-2-7j-24mm\/#breadcrumb","itemListElement":[{"@type":"ListItem","position":1,"name":"Accueil","item":"https:\/\/eurlhosnakamel.dz\/dz\/"},{"@type":"ListItem","position":2,"name":"Shop","item":"https:\/\/eurlhosnakamel.dz\/dz\/shop\/"},{"@type":"ListItem","position":3,"name":"Perforateur SDS plus 2 kgs 790 Watts 2,4 J 24 mm GBH 2-24 DRE"}]},{"@type":"WebSite","@id":"https:\/\/eurlhosnakamel.dz\/dz\/#website","url":"https:\/\/eurlhosnakamel.dz\/dz\/","name":"EURL HOSNA KAMEL","description":"Fournisseur Premium d&#039;Outillages Professionnels en Alg\u00e9rie -","publisher":{"@id":"https:\/\/eurlhosnakamel.dz\/dz\/#organization"},"potentialAction":[{"@type":"SearchAction","target":{"@type":"EntryPoint","urlTemplate":"https:\/\/eurlhosnakamel.dz\/dz\/?s={search_term_string}"},"query-input":"required name=search_term_string"}],"inLanguage":"fr-FR"},{"@type":"Organization","@id":"https:\/\/eurlhosnakamel.dz\/dz\/#organization","name":"EURL HOSNA KAMEL - Bosch alg\u00e9rie","url":"https:\/\/eurlhosnakamel.dz\/dz\/","logo":{"@type":"ImageObject","inLanguage":"fr-FR","@id":"https:\/\/eurlhosnakamel.dz\/dz\/#\/schema\/logo\/image\/","url":"https:\/\/eurlhosnakamel.dz\/wp-content\/uploads\/2020\/04\/LOGO-HOSNA1.png","contentUrl":"https:\/\/eurlhosnakamel.dz\/wp-content\/uploads\/2020\/04\/LOGO-HOSNA1.png","width":120,"height":127,"caption":"EURL HOSNA KAMEL - Bosch alg\u00e9rie"},"image":{"@id":"https:\/\/eurlhosnakamel.dz\/dz\/#\/schema\/logo\/image\/"},"sameAs":["https:\/\/www.facebook.com\/Eurl.Hosna.DZ\/"]}]}},"_links":{"self":[{"href":"https:\/\/eurlhosnakamel.dz\/dz\/wp-json\/wp\/v2\/product\/5229","targetHints":{"allow":["GET"]}}],"collection":[{"href":"https:\/\/eurlhosnakamel.dz\/dz\/wp-json\/wp\/v2\/product"}],"about":[{"href":"https:\/\/eurlhosnakamel.dz\/dz\/wp-json\/wp\/v2\/types\/product"}],"wp:featuredmedia":[{"embeddable":true,"href":"https:\/\/eurlhosnakamel.dz\/dz\/wp-json\/wp\/v2\/media\/5231"}],"wp:attachment":[{"href":"https:\/\/eurlhosnakamel.dz\/dz\/wp-json\/wp\/v2\/media?parent=5229"}],"wp:term":[{"taxonomy":"product_cat","embeddable":true,"href":"https:\/\/eurlhosnakamel.dz\/dz\/wp-json\/wp\/v2\/product_cat?post=5229"},{"taxonomy":"product_tag","embeddable":true,"href":"https:\/\/eurlhosnakamel.dz\/dz\/wp-json\/wp\/v2\/product_tag?post=5229"}],"curies":[{"name":"wp","href":"https:\/\/api.w.org\/{rel}","templated":true}]}}