{"id":5465,"date":"2020-04-15T12:16:13","date_gmt":"2020-04-15T12:16:13","guid":{"rendered":"https:\/\/lhchosting.com\/hosna\/?post_type=product&#038;p=5465"},"modified":"2021-12-19T09:18:50","modified_gmt":"2021-12-19T09:18:50","slug":"bosch-marteau-perforateur-gbh-5-40-dce-anti-vibration-1150w-40mm","status":"publish","type":"product","link":"https:\/\/eurlhosnakamel.dz\/dz\/produit\/bosch-marteau-perforateur-gbh-5-40-dce-anti-vibration-1150w-40mm\/","title":{"rendered":"Perforateur SDS max 5 Kgs 1150 Watts 8,8 J 40 mm Vibration Control GBH 5-40 DCE"},"content":{"rendered":"<h4><strong>Caract\u00e9ristiques techniques<\/strong><\/h4>\n<table width=\"750\">\n<thead>\n<tr>\n<td colspan=\"2\"><strong>Donn\u00e9es suppl\u00e9mentaires<\/strong><\/td>\n<\/tr>\n<\/thead>\n<tbody>\n<tr>\n<td>Puissance absorb\u00e9e nominale*<\/td>\n<td>1\u00a0150<\/p>\n<p>W<\/td>\n<\/tr>\n<tr>\n<td>Force de frappe*<\/td>\n<td>8.8<\/p>\n<p>J<\/td>\n<\/tr>\n<tr>\n<td>Fr\u00e9quence de frappe \u00e0 vitesse de rotation nominale<\/td>\n<td>1,500 \u2013 3,050\u00a0cps\/min<\/td>\n<\/tr>\n<tr>\n<td>Vitesse de rotation nominale<\/td>\n<td>170 \u2013 340\u00a0t\/min<\/td>\n<\/tr>\n<tr>\n<td>Poids<\/td>\n<td>6,8\u00a0kg<\/td>\n<\/tr>\n<tr>\n<td>Dimensions de l\u2019outil (longueur)<\/td>\n<td>485\u00a0mm<\/td>\n<\/tr>\n<tr>\n<td>Dimensions de l\u2019outil (hauteur)<\/td>\n<td>260\u00a0mm<\/td>\n<\/tr>\n<tr>\n<td>Porte-outils<\/td>\n<td>SDS max<\/td>\n<\/tr>\n<\/tbody>\n<\/table>\n<p>&nbsp;<\/p>\n<table width=\"750\">\n<thead>\n<tr>\n<td colspan=\"2\"><strong>Plage de per\u00e7age<\/strong><\/td>\n<\/tr>\n<\/thead>\n<tbody>\n<tr>\n<td>\u00d8 de per\u00e7age dans le b\u00e9ton avec forets pour perforateur*<\/td>\n<td>12 \u2013 40<\/p>\n<p>mm<\/td>\n<\/tr>\n<tr>\n<td>Plage d\u2019utilisation optimale b\u00e9ton avec forets pour perforateur<\/td>\n<td>18 \u2013 32\u00a0mm<\/td>\n<\/tr>\n<tr>\n<td>\u00d8 de per\u00e7age dans le b\u00e9ton avec forets h\u00e9lico\u00efdaux \u00e0 multi-taillants<\/td>\n<td>45 \u2013 55\u00a0mm<\/td>\n<\/tr>\n<tr>\n<td>Diam\u00e8tre de per\u00e7age dans le b\u00e9ton avec couronnes-tr\u00e9pans<\/td>\n<td>40 \u2013 90\u00a0mm<\/td>\n<\/tr>\n<\/tbody>\n<\/table>\n<p>&nbsp;<\/p>\n<table width=\"750\">\n<thead>\n<tr>\n<td colspan=\"2\"><strong>Valeurs totales des vibrations (Per\u00e7age en frappe du b\u00e9ton)<\/strong><\/td>\n<\/tr>\n<\/thead>\n<tbody>\n<tr>\n<td>Valeur d\u2019\u00e9mission vibratoire ah<\/td>\n<td>10,5\u00a0m\/s\u00b2<\/td>\n<\/tr>\n<tr>\n<td>Incertitude K<\/td>\n<td>1,5\u00a0m\/s\u00b2<\/td>\n<\/tr>\n<\/tbody>\n<\/table>\n<p>&nbsp;<\/p>\n<table width=\"750\">\n<thead>\n<tr>\n<td colspan=\"2\"><strong>Valeurs totales des vibrations (Burinage)<\/strong><\/td>\n<\/tr>\n<\/thead>\n<tbody>\n<tr>\n<td>Valeur d\u2019\u00e9mission vibratoire ah<\/td>\n<td>7,5\u00a0m\/s\u00b2<\/td>\n<\/tr>\n<tr>\n<td>Incertitude K<\/td>\n<td>1,5\u00a0m\/s\u00b2<\/td>\n<\/tr>\n<\/tbody>\n<\/table>\n<p>* Donn\u00e9es mises en surbrillance<\/p>\n<p>Le niveau sonore pond\u00e9r\u00e9 A de l&#8217;outil \u00e9lectroportatif est typiquement de : niveau de pression acoustique 93 dB(A) ; niveau de puissance acoustique 104 dB(A). Incertitude K = 3 dB.<\/p>\n<h4><strong>Avantages<\/strong><\/h4>\n<h4><strong>Le mod\u00e8le universel rapide avec syst\u00e8me de r\u00e9duction des vibrations<\/strong><\/h4>\n<ul>\n<li>Progression de per\u00e7age rapide gr\u00e2ce au moteur de 1 150 W et au puissant m\u00e9canisme de frappe<\/li>\n<li>Le syst\u00e8me d\u2019amortissement des vibrations (Vibration Control) offre un grand confort d\u2019utilisation, m\u00eame en cas d\u2019utilisation prolong\u00e9e<\/li>\n<li>Molette de r\u00e9glage de la fr\u00e9quence de rotation et de frappe pour une performance optimale<\/li>\n<\/ul>\n<h4><strong>Ce qui est inclus dans ce paquet<\/strong><\/h4>\n<p>Dans un coffret de transport, avec pack d\u2019accessoires<\/p>\n<p>R\u00e9f\u00e9rence:\u00a00\u00a0611\u00a0264\u00a0000<\/p>\n<ul>\n<li>Poign\u00e9e suppl\u00e9mentaire 2 602 025 117<\/li>\n<li>Tube de graisse (r\u00e9f. pi\u00e8ce de rechange 1 615 430 010)<\/li>\n<li>Chiffon<\/li>\n<li>Coffret de transport (r\u00e9f. pi\u00e8ce de rechange 1 615 438 460)<\/li>\n<\/ul>\n<p><iframe width=\"720\" height=\"338\" src=\"https:\/\/www.youtube.com\/embed\/in9B_LMkvD0\" frameborder=\"0\" allow=\"accelerometer; autoplay; encrypted-media; gyroscope; picture-in-picture\" allowfullscreen><\/iframe><\/p>\n","protected":false},"excerpt":{"rendered":"<h4><strong>Le mod\u00e8le universel rapide avec syst\u00e8me de r\u00e9duction des vibrations.<\/strong><\/h4>\n<p><img decoding=\"async\" class=\"alignnone size-medium wp-image-5473\" src=\"https:\/\/lhchosting.com\/hosna\/wp-content\/uploads\/2020\/04\/BOSCH-MARTEAU-PER.-GBH5-38D-1050W-1-eurl-hosna-kamel-algerie-1-300x101.jpg\" alt=\"\" width=\"300\" height=\"101\" srcset=\"https:\/\/eurlhosnakamel.dz\/dz\/wp-content\/uploads\/2020\/04\/BOSCH-MARTEAU-PER.-GBH5-38D-1050W-1-eurl-hosna-kamel-algerie-1-300x101.jpg 300w, https:\/\/eurlhosnakamel.dz\/dz\/wp-content\/uploads\/2020\/04\/BOSCH-MARTEAU-PER.-GBH5-38D-1050W-1-eurl-hosna-kamel-algerie-1-200x67.jpg 200w, https:\/\/eurlhosnakamel.dz\/dz\/wp-content\/uploads\/2020\/04\/BOSCH-MARTEAU-PER.-GBH5-38D-1050W-1-eurl-hosna-kamel-algerie-1.jpg 336w\" sizes=\"(max-width: 300px) 100vw, 300px\" \/><\/p>\n","protected":false},"featured_media":10486,"template":"","meta":[],"product_cat":[405,441],"product_tag":[1033,2406],"class_list":{"0":"post-5465","1":"product","2":"type-product","3":"status-publish","4":"has-post-thumbnail","6":"product_cat-outillage","7":"product_cat-outillage-filaire","8":"product_tag-bosch-marteau-perforateur-gbh-5-40-dce-anti-vibration-1150w-40mm","9":"product_tag-gbh-5-40-dce","10":"product_brand-bosch-outillage","12":"first","13":"instock","14":"shipping-taxable","15":"product-type-simple","16":"col-xs-6 col-sm-4","17":"col-md-3 col-lg-3","18":"un-4-cols"},"yoast_head":"<!-- This site is optimized with the Yoast SEO plugin v22.5 - https:\/\/yoast.com\/wordpress\/plugins\/seo\/ -->\n<title>Perforateur SDS max 5 Kgs 1150 Watts 8,8 J 40 mm Vibration Control GBH 5-40 DCE - EURL HOSNA KAMEL<\/title>\n<meta name=\"description\" content=\"Perforateur SDS max 5 Kgs 1150 Watts 8,8 J 40 mm Vibration Control GBH 5-40 DCE - EURL HOSNA KAMEL\" \/>\n<meta name=\"robots\" content=\"index, follow, max-snippet:-1, max-image-preview:large, max-video-preview:-1\" \/>\n<link rel=\"canonical\" href=\"https:\/\/eurlhosnakamel.dz\/dz\/produit\/bosch-marteau-perforateur-gbh-5-40-dce-anti-vibration-1150w-40mm\/\" \/>\n<meta property=\"og:locale\" content=\"fr_FR\" \/>\n<meta property=\"og:type\" content=\"article\" \/>\n<meta property=\"og:title\" content=\"Perforateur SDS max 5 Kgs 1150 Watts 8,8 J 40 mm Vibration Control GBH 5-40 DCE - EURL HOSNA KAMEL\" \/>\n<meta property=\"og:description\" content=\"Perforateur SDS max 5 Kgs 1150 Watts 8,8 J 40 mm Vibration Control GBH 5-40 DCE - EURL HOSNA KAMEL\" \/>\n<meta property=\"og:url\" content=\"https:\/\/eurlhosnakamel.dz\/dz\/produit\/bosch-marteau-perforateur-gbh-5-40-dce-anti-vibration-1150w-40mm\/\" \/>\n<meta property=\"og:site_name\" content=\"EURL HOSNA KAMEL\" \/>\n<meta property=\"article:publisher\" content=\"https:\/\/www.facebook.com\/Eurl.Hosna.DZ\/\" \/>\n<meta property=\"article:modified_time\" content=\"2021-12-19T09:18:50+00:00\" \/>\n<meta property=\"og:image\" content=\"https:\/\/eurlhosnakamel.dz\/dz\/wp-content\/uploads\/2020\/04\/Perforateur-SDS-max-5-Kgs-1150-Watts-88-J-40-mm-Vibration-Control-GBH-5-40-DCE.jpg\" \/>\n\t<meta property=\"og:image:width\" content=\"512\" \/>\n\t<meta property=\"og:image:height\" content=\"512\" \/>\n\t<meta property=\"og:image:type\" content=\"image\/jpeg\" \/>\n<meta name=\"twitter:card\" content=\"summary_large_image\" \/>\n<meta name=\"twitter:label1\" content=\"Dur\u00e9e de lecture estim\u00e9e\" \/>\n\t<meta name=\"twitter:data1\" content=\"1 minute\" \/>\n<script type=\"application\/ld+json\" class=\"yoast-schema-graph\">{\"@context\":\"https:\/\/schema.org\",\"@graph\":[{\"@type\":\"WebPage\",\"@id\":\"https:\/\/eurlhosnakamel.dz\/dz\/produit\/bosch-marteau-perforateur-gbh-5-40-dce-anti-vibration-1150w-40mm\/\",\"url\":\"https:\/\/eurlhosnakamel.dz\/dz\/produit\/bosch-marteau-perforateur-gbh-5-40-dce-anti-vibration-1150w-40mm\/\",\"name\":\"Perforateur SDS max 5 Kgs 1150 Watts 8,8 J 40 mm Vibration Control GBH 5-40 DCE - EURL HOSNA KAMEL\",\"isPartOf\":{\"@id\":\"https:\/\/eurlhosnakamel.dz\/dz\/#website\"},\"primaryImageOfPage\":{\"@id\":\"https:\/\/eurlhosnakamel.dz\/dz\/produit\/bosch-marteau-perforateur-gbh-5-40-dce-anti-vibration-1150w-40mm\/#primaryimage\"},\"image\":{\"@id\":\"https:\/\/eurlhosnakamel.dz\/dz\/produit\/bosch-marteau-perforateur-gbh-5-40-dce-anti-vibration-1150w-40mm\/#primaryimage\"},\"thumbnailUrl\":\"https:\/\/eurlhosnakamel.dz\/dz\/wp-content\/uploads\/2020\/04\/Perforateur-SDS-max-5-Kgs-1150-Watts-88-J-40-mm-Vibration-Control-GBH-5-40-DCE.jpg\",\"datePublished\":\"2020-04-15T12:16:13+00:00\",\"dateModified\":\"2021-12-19T09:18:50+00:00\",\"description\":\"Perforateur SDS max 5 Kgs 1150 Watts 8,8 J 40 mm Vibration Control GBH 5-40 DCE - EURL HOSNA KAMEL\",\"breadcrumb\":{\"@id\":\"https:\/\/eurlhosnakamel.dz\/dz\/produit\/bosch-marteau-perforateur-gbh-5-40-dce-anti-vibration-1150w-40mm\/#breadcrumb\"},\"inLanguage\":\"fr-FR\",\"potentialAction\":[{\"@type\":\"ReadAction\",\"target\":[\"https:\/\/eurlhosnakamel.dz\/dz\/produit\/bosch-marteau-perforateur-gbh-5-40-dce-anti-vibration-1150w-40mm\/\"]}]},{\"@type\":\"ImageObject\",\"inLanguage\":\"fr-FR\",\"@id\":\"https:\/\/eurlhosnakamel.dz\/dz\/produit\/bosch-marteau-perforateur-gbh-5-40-dce-anti-vibration-1150w-40mm\/#primaryimage\",\"url\":\"https:\/\/eurlhosnakamel.dz\/dz\/wp-content\/uploads\/2020\/04\/Perforateur-SDS-max-5-Kgs-1150-Watts-88-J-40-mm-Vibration-Control-GBH-5-40-DCE.jpg\",\"contentUrl\":\"https:\/\/eurlhosnakamel.dz\/dz\/wp-content\/uploads\/2020\/04\/Perforateur-SDS-max-5-Kgs-1150-Watts-88-J-40-mm-Vibration-Control-GBH-5-40-DCE.jpg\",\"width\":512,\"height\":512,\"caption\":\"Bosch Alg\u00e9rie\"},{\"@type\":\"BreadcrumbList\",\"@id\":\"https:\/\/eurlhosnakamel.dz\/dz\/produit\/bosch-marteau-perforateur-gbh-5-40-dce-anti-vibration-1150w-40mm\/#breadcrumb\",\"itemListElement\":[{\"@type\":\"ListItem\",\"position\":1,\"name\":\"Accueil\",\"item\":\"https:\/\/eurlhosnakamel.dz\/dz\/\"},{\"@type\":\"ListItem\",\"position\":2,\"name\":\"Shop\",\"item\":\"https:\/\/eurlhosnakamel.dz\/dz\/shop\/\"},{\"@type\":\"ListItem\",\"position\":3,\"name\":\"Perforateur SDS max 5 Kgs 1150 Watts 8,8 J 40 mm Vibration Control GBH 5-40 DCE\"}]},{\"@type\":\"WebSite\",\"@id\":\"https:\/\/eurlhosnakamel.dz\/dz\/#website\",\"url\":\"https:\/\/eurlhosnakamel.dz\/dz\/\",\"name\":\"EURL HOSNA KAMEL\",\"description\":\"Fournisseur Premium d&#039;Outillages Professionnels en Alg\u00e9rie -\",\"publisher\":{\"@id\":\"https:\/\/eurlhosnakamel.dz\/dz\/#organization\"},\"potentialAction\":[{\"@type\":\"SearchAction\",\"target\":{\"@type\":\"EntryPoint\",\"urlTemplate\":\"https:\/\/eurlhosnakamel.dz\/dz\/?s={search_term_string}\"},\"query-input\":\"required name=search_term_string\"}],\"inLanguage\":\"fr-FR\"},{\"@type\":\"Organization\",\"@id\":\"https:\/\/eurlhosnakamel.dz\/dz\/#organization\",\"name\":\"EURL HOSNA KAMEL - Bosch alg\u00e9rie\",\"url\":\"https:\/\/eurlhosnakamel.dz\/dz\/\",\"logo\":{\"@type\":\"ImageObject\",\"inLanguage\":\"fr-FR\",\"@id\":\"https:\/\/eurlhosnakamel.dz\/dz\/#\/schema\/logo\/image\/\",\"url\":\"https:\/\/eurlhosnakamel.dz\/wp-content\/uploads\/2020\/04\/LOGO-HOSNA1.png\",\"contentUrl\":\"https:\/\/eurlhosnakamel.dz\/wp-content\/uploads\/2020\/04\/LOGO-HOSNA1.png\",\"width\":120,\"height\":127,\"caption\":\"EURL HOSNA KAMEL - Bosch alg\u00e9rie\"},\"image\":{\"@id\":\"https:\/\/eurlhosnakamel.dz\/dz\/#\/schema\/logo\/image\/\"},\"sameAs\":[\"https:\/\/www.facebook.com\/Eurl.Hosna.DZ\/\"]}]}<\/script>\n<!-- \/ Yoast SEO plugin. -->","yoast_head_json":{"title":"Perforateur SDS max 5 Kgs 1150 Watts 8,8 J 40 mm Vibration Control GBH 5-40 DCE - EURL HOSNA KAMEL","description":"Perforateur SDS max 5 Kgs 1150 Watts 8,8 J 40 mm Vibration Control GBH 5-40 DCE - EURL HOSNA KAMEL","robots":{"index":"index","follow":"follow","max-snippet":"max-snippet:-1","max-image-preview":"max-image-preview:large","max-video-preview":"max-video-preview:-1"},"canonical":"https:\/\/eurlhosnakamel.dz\/dz\/produit\/bosch-marteau-perforateur-gbh-5-40-dce-anti-vibration-1150w-40mm\/","og_locale":"fr_FR","og_type":"article","og_title":"Perforateur SDS max 5 Kgs 1150 Watts 8,8 J 40 mm Vibration Control GBH 5-40 DCE - EURL HOSNA KAMEL","og_description":"Perforateur SDS max 5 Kgs 1150 Watts 8,8 J 40 mm Vibration Control GBH 5-40 DCE - EURL HOSNA KAMEL","og_url":"https:\/\/eurlhosnakamel.dz\/dz\/produit\/bosch-marteau-perforateur-gbh-5-40-dce-anti-vibration-1150w-40mm\/","og_site_name":"EURL HOSNA KAMEL","article_publisher":"https:\/\/www.facebook.com\/Eurl.Hosna.DZ\/","article_modified_time":"2021-12-19T09:18:50+00:00","og_image":[{"width":512,"height":512,"url":"https:\/\/eurlhosnakamel.dz\/dz\/wp-content\/uploads\/2020\/04\/Perforateur-SDS-max-5-Kgs-1150-Watts-88-J-40-mm-Vibration-Control-GBH-5-40-DCE.jpg","type":"image\/jpeg"}],"twitter_card":"summary_large_image","twitter_misc":{"Dur\u00e9e de lecture estim\u00e9e":"1 minute"},"schema":{"@context":"https:\/\/schema.org","@graph":[{"@type":"WebPage","@id":"https:\/\/eurlhosnakamel.dz\/dz\/produit\/bosch-marteau-perforateur-gbh-5-40-dce-anti-vibration-1150w-40mm\/","url":"https:\/\/eurlhosnakamel.dz\/dz\/produit\/bosch-marteau-perforateur-gbh-5-40-dce-anti-vibration-1150w-40mm\/","name":"Perforateur SDS max 5 Kgs 1150 Watts 8,8 J 40 mm Vibration Control GBH 5-40 DCE - EURL HOSNA KAMEL","isPartOf":{"@id":"https:\/\/eurlhosnakamel.dz\/dz\/#website"},"primaryImageOfPage":{"@id":"https:\/\/eurlhosnakamel.dz\/dz\/produit\/bosch-marteau-perforateur-gbh-5-40-dce-anti-vibration-1150w-40mm\/#primaryimage"},"image":{"@id":"https:\/\/eurlhosnakamel.dz\/dz\/produit\/bosch-marteau-perforateur-gbh-5-40-dce-anti-vibration-1150w-40mm\/#primaryimage"},"thumbnailUrl":"https:\/\/eurlhosnakamel.dz\/dz\/wp-content\/uploads\/2020\/04\/Perforateur-SDS-max-5-Kgs-1150-Watts-88-J-40-mm-Vibration-Control-GBH-5-40-DCE.jpg","datePublished":"2020-04-15T12:16:13+00:00","dateModified":"2021-12-19T09:18:50+00:00","description":"Perforateur SDS max 5 Kgs 1150 Watts 8,8 J 40 mm Vibration Control GBH 5-40 DCE - EURL HOSNA KAMEL","breadcrumb":{"@id":"https:\/\/eurlhosnakamel.dz\/dz\/produit\/bosch-marteau-perforateur-gbh-5-40-dce-anti-vibration-1150w-40mm\/#breadcrumb"},"inLanguage":"fr-FR","potentialAction":[{"@type":"ReadAction","target":["https:\/\/eurlhosnakamel.dz\/dz\/produit\/bosch-marteau-perforateur-gbh-5-40-dce-anti-vibration-1150w-40mm\/"]}]},{"@type":"ImageObject","inLanguage":"fr-FR","@id":"https:\/\/eurlhosnakamel.dz\/dz\/produit\/bosch-marteau-perforateur-gbh-5-40-dce-anti-vibration-1150w-40mm\/#primaryimage","url":"https:\/\/eurlhosnakamel.dz\/dz\/wp-content\/uploads\/2020\/04\/Perforateur-SDS-max-5-Kgs-1150-Watts-88-J-40-mm-Vibration-Control-GBH-5-40-DCE.jpg","contentUrl":"https:\/\/eurlhosnakamel.dz\/dz\/wp-content\/uploads\/2020\/04\/Perforateur-SDS-max-5-Kgs-1150-Watts-88-J-40-mm-Vibration-Control-GBH-5-40-DCE.jpg","width":512,"height":512,"caption":"Bosch Alg\u00e9rie"},{"@type":"BreadcrumbList","@id":"https:\/\/eurlhosnakamel.dz\/dz\/produit\/bosch-marteau-perforateur-gbh-5-40-dce-anti-vibration-1150w-40mm\/#breadcrumb","itemListElement":[{"@type":"ListItem","position":1,"name":"Accueil","item":"https:\/\/eurlhosnakamel.dz\/dz\/"},{"@type":"ListItem","position":2,"name":"Shop","item":"https:\/\/eurlhosnakamel.dz\/dz\/shop\/"},{"@type":"ListItem","position":3,"name":"Perforateur SDS max 5 Kgs 1150 Watts 8,8 J 40 mm Vibration Control GBH 5-40 DCE"}]},{"@type":"WebSite","@id":"https:\/\/eurlhosnakamel.dz\/dz\/#website","url":"https:\/\/eurlhosnakamel.dz\/dz\/","name":"EURL HOSNA KAMEL","description":"Fournisseur Premium d&#039;Outillages Professionnels en Alg\u00e9rie -","publisher":{"@id":"https:\/\/eurlhosnakamel.dz\/dz\/#organization"},"potentialAction":[{"@type":"SearchAction","target":{"@type":"EntryPoint","urlTemplate":"https:\/\/eurlhosnakamel.dz\/dz\/?s={search_term_string}"},"query-input":"required name=search_term_string"}],"inLanguage":"fr-FR"},{"@type":"Organization","@id":"https:\/\/eurlhosnakamel.dz\/dz\/#organization","name":"EURL HOSNA KAMEL - Bosch alg\u00e9rie","url":"https:\/\/eurlhosnakamel.dz\/dz\/","logo":{"@type":"ImageObject","inLanguage":"fr-FR","@id":"https:\/\/eurlhosnakamel.dz\/dz\/#\/schema\/logo\/image\/","url":"https:\/\/eurlhosnakamel.dz\/wp-content\/uploads\/2020\/04\/LOGO-HOSNA1.png","contentUrl":"https:\/\/eurlhosnakamel.dz\/wp-content\/uploads\/2020\/04\/LOGO-HOSNA1.png","width":120,"height":127,"caption":"EURL HOSNA KAMEL - Bosch alg\u00e9rie"},"image":{"@id":"https:\/\/eurlhosnakamel.dz\/dz\/#\/schema\/logo\/image\/"},"sameAs":["https:\/\/www.facebook.com\/Eurl.Hosna.DZ\/"]}]}},"_links":{"self":[{"href":"https:\/\/eurlhosnakamel.dz\/dz\/wp-json\/wp\/v2\/product\/5465","targetHints":{"allow":["GET"]}}],"collection":[{"href":"https:\/\/eurlhosnakamel.dz\/dz\/wp-json\/wp\/v2\/product"}],"about":[{"href":"https:\/\/eurlhosnakamel.dz\/dz\/wp-json\/wp\/v2\/types\/product"}],"wp:featuredmedia":[{"embeddable":true,"href":"https:\/\/eurlhosnakamel.dz\/dz\/wp-json\/wp\/v2\/media\/10486"}],"wp:attachment":[{"href":"https:\/\/eurlhosnakamel.dz\/dz\/wp-json\/wp\/v2\/media?parent=5465"}],"wp:term":[{"taxonomy":"product_cat","embeddable":true,"href":"https:\/\/eurlhosnakamel.dz\/dz\/wp-json\/wp\/v2\/product_cat?post=5465"},{"taxonomy":"product_tag","embeddable":true,"href":"https:\/\/eurlhosnakamel.dz\/dz\/wp-json\/wp\/v2\/product_tag?post=5465"}],"curies":[{"name":"wp","href":"https:\/\/api.w.org\/{rel}","templated":true}]}}