{"id":5501,"date":"2020-04-15T18:20:47","date_gmt":"2020-04-15T18:20:47","guid":{"rendered":"https:\/\/lhchosting.com\/hosna\/?post_type=product&#038;p=5501"},"modified":"2021-12-19T09:18:18","modified_gmt":"2021-12-19T09:18:18","slug":"bosch-marteau-perforateur-gbh-3-28-dfr-800-w-3-1j-28-mmmandrin","status":"publish","type":"product","link":"https:\/\/eurlhosnakamel.dz\/dz\/produit\/bosch-marteau-perforateur-gbh-3-28-dfr-800-w-3-1j-28-mmmandrin\/","title":{"rendered":"Perforateur SDS plus 3 Kgs 800 Watts 3,1 J 28 mm avec mandrin GBH 3-28 DFR"},"content":{"rendered":"<h4><strong>Caract\u00e9ristiques techniques<\/strong><\/h4>\n<table width=\"457\">\n<thead>\n<tr>\n<td colspan=\"2\"><strong>Les caract\u00e9ristiques les plus importantes<\/strong><\/td>\n<\/tr>\n<\/thead>\n<tbody>\n<tr>\n<td>Puissance absorb\u00e9e nominale<\/td>\n<td>800 W<\/td>\n<\/tr>\n<tr>\n<td>Force de frappe<\/td>\n<td>3,1 J<\/td>\n<\/tr>\n<tr>\n<td>Fr\u00e9quence de frappe \u00e0 vitesse de rotation nominale<\/td>\n<td>0 \u2013 4.000 cps\/min<\/td>\n<\/tr>\n<tr>\n<td>Vitesse de rotation nominale<\/td>\n<td>0 \u2013 900 tr\/min<\/td>\n<\/tr>\n<tr>\n<td>Poids<\/td>\n<td>3,6 kg<\/td>\n<\/tr>\n<tr>\n<td>Dimensions de l\u2019outil (longueur)<\/td>\n<td>354 mm<\/td>\n<\/tr>\n<tr>\n<td>Dimensions de l\u2019outil (hauteur)<\/td>\n<td>233 mm<\/td>\n<\/tr>\n<tr>\n<td>Porte-outils<\/td>\n<td>SDS plus<\/td>\n<\/tr>\n<tr>\n<td>Dimensions de l\u2019emballage (longueur x largeur x hauteur)<\/td>\n<td>360 x 480 x 130 mm<\/td>\n<\/tr>\n<tr>\n<td>Tension, \u00e9lectrique<\/td>\n<td>230 V<\/td>\n<\/tr>\n<tr>\n<td>\u00d8 per\u00e7age dans b\u00e9ton, forets pour perforateur<\/td>\n<td>4 \u2013 28 mm<\/td>\n<\/tr>\n<tr>\n<td>Plage appl. opt. dans b\u00e9ton, forets pour perforateur<\/td>\n<td>12 \u2013 18 mm<\/td>\n<\/tr>\n<tr>\n<td>\u00d8 de per\u00e7age dans le b\u00e9ton avec couronnes-tr\u00e9pans<\/td>\n<td>68 mm<\/td>\n<\/tr>\n<tr>\n<td>\u00d8 per\u00e7age maxi dans ma\u00e7onnerie, couronnes-tr\u00e9pans<\/td>\n<td>82 mm<\/td>\n<\/tr>\n<tr>\n<td>\u00d8 de per\u00e7age maxi. dans le m\u00e9tal<\/td>\n<td>13 mm<\/td>\n<\/tr>\n<tr>\n<td>\u00d8 de per\u00e7age maxi. dans le bois<\/td>\n<td>30 mm<\/td>\n<\/tr>\n<\/tbody>\n<\/table>\n<p>Information sur les bruits\/vibrations<\/p>\n<p>Valeur globale des vibrations (somme vectorielle sur les trois axes) :<\/p>\n<table width=\"457\">\n<thead>\n<tr>\n<td colspan=\"2\"><strong>Per\u00e7age en frappe du b\u00e9ton<\/strong><\/td>\n<\/tr>\n<\/thead>\n<tbody>\n<tr>\n<td>Valeur d&#8217;\u00e9mission vibratoire ah<\/td>\n<td>13 m\/s\u00b2<\/td>\n<\/tr>\n<tr>\n<td>Incertitude K<\/td>\n<td>2 m\/s\u00b2<\/td>\n<\/tr>\n<\/tbody>\n<\/table>\n<p>&nbsp;<\/p>\n<table width=\"457\">\n<thead>\n<tr>\n<td colspan=\"2\"><strong>Burinage<\/strong><\/td>\n<\/tr>\n<\/thead>\n<tbody>\n<tr>\n<td>Valeur d&#8217;\u00e9mission vibratoire ah<\/td>\n<td>9,5 m\/s\u00b2<\/td>\n<\/tr>\n<tr>\n<td>Incertitude K<\/td>\n<td>1,5 m\/s\u00b2<\/td>\n<\/tr>\n<\/tbody>\n<\/table>\n<h4><strong>Avantages<\/strong><\/h4>\n<h4><strong>Le mod\u00e8le le plus polyvalent de la gamme des perforateurs SDS plus Bosch<\/strong><\/h4>\n<ul>\n<li>Carter compact pour de multiples applications dans des espaces \u00e9troits et difficiles d\u2019acc\u00e8s<\/li>\n<li>Forme en L et syst\u00e8me Vibration Control pour un travail en continu sans effort<\/li>\n<li>Tr\u00e8s bon rapport poids\/performance avec un moteur de 800 W et un poids de seulement 3,6 kg<\/li>\n<\/ul>\n<p>Le GBH 3-28 DFR Professional est le mod\u00e8le le plus polyvalent de la gamme des perforateurs SDS plus filaires Bosch. Son carter compact permet une utilisation dans des espaces \u00e9troits et difficiles d\u2019acc\u00e8s. Con\u00e7u pour am\u00e9liorer la praticit\u00e9, sa forme en L assure un bon \u00e9quilibrage des masses et le syst\u00e8me Vibration Control permet de travailler en continu sans effort. Le perforateur dispose \u00e9galement d\u2019un tr\u00e8s bon rapport poids\/performance avec un moteur de 800 W et un poids de seulement 3,6 kg.<\/p>\n<p>Cet outil est con\u00e7u pour les applications de per\u00e7age et burinage l\u00e9ger dans le b\u00e9ton, la ma\u00e7onnerie, le bois et le m\u00e9tal. Il est compatible avec divers dispositifs d\u2019aspiration de poussi\u00e8re.<\/p>\n<p>Le GBH 3-28 DFR Professional dispose \u00e9galement d\u2019un mandrin automatique pour les forets \u00e0 queue cylindrique, d\u2019un mandrin interchangeable (SDS plus), d\u2019une r\u00e9versibilit\u00e9 droite\/gauche, d\u2019un embrayage de s\u00e9curit\u00e9, d\u2019un variateur de vitesse et de la fonction Vario-Lock.<\/p>\n","protected":false},"excerpt":{"rendered":"<h4><strong>Dans un coffret de transport, avec pack d\u2019accessoires<\/strong><\/h4>\n<h4><strong>Le mod\u00e8le le plus polyvalent de la gamme des perforateurs SDS plus Bosch<\/strong><\/h4>\n<p><img decoding=\"async\" class=\"alignnone size-medium wp-image-5513\" src=\"https:\/\/lhchosting.com\/hosna\/wp-content\/uploads\/2020\/04\/BOSCH-MARTEAU-PER.-GBH3-28DFR-800W-3.1J-28mmMANDRIN-icone-eurl-hosna-kamel-algerie-300x121.jpg\" alt=\"\" width=\"300\" height=\"121\" srcset=\"https:\/\/eurlhosnakamel.dz\/dz\/wp-content\/uploads\/2020\/04\/BOSCH-MARTEAU-PER.-GBH3-28DFR-800W-3.1J-28mmMANDRIN-icone-eurl-hosna-kamel-algerie-300x121.jpg 300w, https:\/\/eurlhosnakamel.dz\/dz\/wp-content\/uploads\/2020\/04\/BOSCH-MARTEAU-PER.-GBH3-28DFR-800W-3.1J-28mmMANDRIN-icone-eurl-hosna-kamel-algerie-500x202.jpg 500w, https:\/\/eurlhosnakamel.dz\/dz\/wp-content\/uploads\/2020\/04\/BOSCH-MARTEAU-PER.-GBH3-28DFR-800W-3.1J-28mmMANDRIN-icone-eurl-hosna-kamel-algerie-370x150.jpg 370w, https:\/\/eurlhosnakamel.dz\/dz\/wp-content\/uploads\/2020\/04\/BOSCH-MARTEAU-PER.-GBH3-28DFR-800W-3.1J-28mmMANDRIN-icone-eurl-hosna-kamel-algerie-200x81.jpg 200w, https:\/\/eurlhosnakamel.dz\/dz\/wp-content\/uploads\/2020\/04\/BOSCH-MARTEAU-PER.-GBH3-28DFR-800W-3.1J-28mmMANDRIN-icone-eurl-hosna-kamel-algerie.jpg 551w\" sizes=\"(max-width: 300px) 100vw, 300px\" \/><\/p>\n","protected":false},"featured_media":5503,"template":"","meta":[],"product_cat":[405,441],"product_tag":[1039,2403],"class_list":{"0":"post-5501","1":"product","2":"type-product","3":"status-publish","4":"has-post-thumbnail","6":"product_cat-outillage","7":"product_cat-outillage-filaire","8":"product_tag-bosch-marteau-perforateur-gbh-3-28-dfr-800-w-3-1j-28-mmmandrin","9":"product_tag-gbh-3-28-dfr","10":"product_brand-bosch-outillage","12":"first","13":"instock","14":"shipping-taxable","15":"product-type-simple","16":"col-xs-6 col-sm-4","17":"col-md-3 col-lg-3","18":"un-4-cols"},"yoast_head":"<!-- This site is optimized with the Yoast SEO plugin v22.5 - https:\/\/yoast.com\/wordpress\/plugins\/seo\/ -->\n<title>Perforateur SDS plus 3 Kgs 800 Watts 3,1 J 28 mm avec mandrin GBH 3-28 DFR - EURL HOSNA KAMEL<\/title>\n<meta name=\"description\" content=\"Perforateur SDS plus 3 Kgs 800 Watts 3,1 J 28 mm avec mandrin GBH 3-28 DFR - EURL HOSNA KAMEL\" \/>\n<meta name=\"robots\" content=\"index, follow, max-snippet:-1, max-image-preview:large, max-video-preview:-1\" \/>\n<link rel=\"canonical\" href=\"https:\/\/eurlhosnakamel.dz\/dz\/produit\/bosch-marteau-perforateur-gbh-3-28-dfr-800-w-3-1j-28-mmmandrin\/\" \/>\n<meta property=\"og:locale\" content=\"fr_FR\" \/>\n<meta property=\"og:type\" content=\"article\" \/>\n<meta property=\"og:title\" content=\"Perforateur SDS plus 3 Kgs 800 Watts 3,1 J 28 mm avec mandrin GBH 3-28 DFR - EURL HOSNA KAMEL\" \/>\n<meta property=\"og:description\" content=\"Perforateur SDS plus 3 Kgs 800 Watts 3,1 J 28 mm avec mandrin GBH 3-28 DFR - EURL HOSNA KAMEL\" \/>\n<meta property=\"og:url\" content=\"https:\/\/eurlhosnakamel.dz\/dz\/produit\/bosch-marteau-perforateur-gbh-3-28-dfr-800-w-3-1j-28-mmmandrin\/\" \/>\n<meta property=\"og:site_name\" content=\"EURL HOSNA KAMEL\" \/>\n<meta property=\"article:publisher\" content=\"https:\/\/www.facebook.com\/Eurl.Hosna.DZ\/\" \/>\n<meta property=\"article:modified_time\" content=\"2021-12-19T09:18:18+00:00\" \/>\n<meta property=\"og:image\" content=\"https:\/\/eurlhosnakamel.dz\/dz\/wp-content\/uploads\/2020\/04\/BOSCH-MARTEAU-PER.-GBH3-28DFR-800W-3.1J-28mmMANDRIN-eurl-hosna-kamel-algerie.jpg\" \/>\n\t<meta property=\"og:image:width\" content=\"512\" \/>\n\t<meta property=\"og:image:height\" content=\"512\" \/>\n\t<meta property=\"og:image:type\" content=\"image\/jpeg\" \/>\n<meta name=\"twitter:card\" content=\"summary_large_image\" \/>\n<meta name=\"twitter:label1\" content=\"Dur\u00e9e de lecture estim\u00e9e\" \/>\n\t<meta name=\"twitter:data1\" content=\"2 minutes\" \/>\n<script type=\"application\/ld+json\" class=\"yoast-schema-graph\">{\"@context\":\"https:\/\/schema.org\",\"@graph\":[{\"@type\":\"WebPage\",\"@id\":\"https:\/\/eurlhosnakamel.dz\/dz\/produit\/bosch-marteau-perforateur-gbh-3-28-dfr-800-w-3-1j-28-mmmandrin\/\",\"url\":\"https:\/\/eurlhosnakamel.dz\/dz\/produit\/bosch-marteau-perforateur-gbh-3-28-dfr-800-w-3-1j-28-mmmandrin\/\",\"name\":\"Perforateur SDS plus 3 Kgs 800 Watts 3,1 J 28 mm avec mandrin GBH 3-28 DFR - EURL HOSNA KAMEL\",\"isPartOf\":{\"@id\":\"https:\/\/eurlhosnakamel.dz\/dz\/#website\"},\"primaryImageOfPage\":{\"@id\":\"https:\/\/eurlhosnakamel.dz\/dz\/produit\/bosch-marteau-perforateur-gbh-3-28-dfr-800-w-3-1j-28-mmmandrin\/#primaryimage\"},\"image\":{\"@id\":\"https:\/\/eurlhosnakamel.dz\/dz\/produit\/bosch-marteau-perforateur-gbh-3-28-dfr-800-w-3-1j-28-mmmandrin\/#primaryimage\"},\"thumbnailUrl\":\"https:\/\/eurlhosnakamel.dz\/dz\/wp-content\/uploads\/2020\/04\/BOSCH-MARTEAU-PER.-GBH3-28DFR-800W-3.1J-28mmMANDRIN-eurl-hosna-kamel-algerie.jpg\",\"datePublished\":\"2020-04-15T18:20:47+00:00\",\"dateModified\":\"2021-12-19T09:18:18+00:00\",\"description\":\"Perforateur SDS plus 3 Kgs 800 Watts 3,1 J 28 mm avec mandrin GBH 3-28 DFR - EURL HOSNA KAMEL\",\"breadcrumb\":{\"@id\":\"https:\/\/eurlhosnakamel.dz\/dz\/produit\/bosch-marteau-perforateur-gbh-3-28-dfr-800-w-3-1j-28-mmmandrin\/#breadcrumb\"},\"inLanguage\":\"fr-FR\",\"potentialAction\":[{\"@type\":\"ReadAction\",\"target\":[\"https:\/\/eurlhosnakamel.dz\/dz\/produit\/bosch-marteau-perforateur-gbh-3-28-dfr-800-w-3-1j-28-mmmandrin\/\"]}]},{\"@type\":\"ImageObject\",\"inLanguage\":\"fr-FR\",\"@id\":\"https:\/\/eurlhosnakamel.dz\/dz\/produit\/bosch-marteau-perforateur-gbh-3-28-dfr-800-w-3-1j-28-mmmandrin\/#primaryimage\",\"url\":\"https:\/\/eurlhosnakamel.dz\/dz\/wp-content\/uploads\/2020\/04\/BOSCH-MARTEAU-PER.-GBH3-28DFR-800W-3.1J-28mmMANDRIN-eurl-hosna-kamel-algerie.jpg\",\"contentUrl\":\"https:\/\/eurlhosnakamel.dz\/dz\/wp-content\/uploads\/2020\/04\/BOSCH-MARTEAU-PER.-GBH3-28DFR-800W-3.1J-28mmMANDRIN-eurl-hosna-kamel-algerie.jpg\",\"width\":512,\"height\":512},{\"@type\":\"BreadcrumbList\",\"@id\":\"https:\/\/eurlhosnakamel.dz\/dz\/produit\/bosch-marteau-perforateur-gbh-3-28-dfr-800-w-3-1j-28-mmmandrin\/#breadcrumb\",\"itemListElement\":[{\"@type\":\"ListItem\",\"position\":1,\"name\":\"Accueil\",\"item\":\"https:\/\/eurlhosnakamel.dz\/dz\/\"},{\"@type\":\"ListItem\",\"position\":2,\"name\":\"Shop\",\"item\":\"https:\/\/eurlhosnakamel.dz\/dz\/shop\/\"},{\"@type\":\"ListItem\",\"position\":3,\"name\":\"Perforateur SDS plus 3 Kgs 800 Watts 3,1 J 28 mm avec mandrin GBH 3-28 DFR\"}]},{\"@type\":\"WebSite\",\"@id\":\"https:\/\/eurlhosnakamel.dz\/dz\/#website\",\"url\":\"https:\/\/eurlhosnakamel.dz\/dz\/\",\"name\":\"EURL HOSNA KAMEL\",\"description\":\"Fournisseur Premium d&#039;Outillages Professionnels en Alg\u00e9rie -\",\"publisher\":{\"@id\":\"https:\/\/eurlhosnakamel.dz\/dz\/#organization\"},\"potentialAction\":[{\"@type\":\"SearchAction\",\"target\":{\"@type\":\"EntryPoint\",\"urlTemplate\":\"https:\/\/eurlhosnakamel.dz\/dz\/?s={search_term_string}\"},\"query-input\":\"required name=search_term_string\"}],\"inLanguage\":\"fr-FR\"},{\"@type\":\"Organization\",\"@id\":\"https:\/\/eurlhosnakamel.dz\/dz\/#organization\",\"name\":\"EURL HOSNA KAMEL - Bosch alg\u00e9rie\",\"url\":\"https:\/\/eurlhosnakamel.dz\/dz\/\",\"logo\":{\"@type\":\"ImageObject\",\"inLanguage\":\"fr-FR\",\"@id\":\"https:\/\/eurlhosnakamel.dz\/dz\/#\/schema\/logo\/image\/\",\"url\":\"https:\/\/eurlhosnakamel.dz\/wp-content\/uploads\/2020\/04\/LOGO-HOSNA1.png\",\"contentUrl\":\"https:\/\/eurlhosnakamel.dz\/wp-content\/uploads\/2020\/04\/LOGO-HOSNA1.png\",\"width\":120,\"height\":127,\"caption\":\"EURL HOSNA KAMEL - Bosch alg\u00e9rie\"},\"image\":{\"@id\":\"https:\/\/eurlhosnakamel.dz\/dz\/#\/schema\/logo\/image\/\"},\"sameAs\":[\"https:\/\/www.facebook.com\/Eurl.Hosna.DZ\/\"]}]}<\/script>\n<!-- \/ Yoast SEO plugin. -->","yoast_head_json":{"title":"Perforateur SDS plus 3 Kgs 800 Watts 3,1 J 28 mm avec mandrin GBH 3-28 DFR - EURL HOSNA KAMEL","description":"Perforateur SDS plus 3 Kgs 800 Watts 3,1 J 28 mm avec mandrin GBH 3-28 DFR - EURL HOSNA KAMEL","robots":{"index":"index","follow":"follow","max-snippet":"max-snippet:-1","max-image-preview":"max-image-preview:large","max-video-preview":"max-video-preview:-1"},"canonical":"https:\/\/eurlhosnakamel.dz\/dz\/produit\/bosch-marteau-perforateur-gbh-3-28-dfr-800-w-3-1j-28-mmmandrin\/","og_locale":"fr_FR","og_type":"article","og_title":"Perforateur SDS plus 3 Kgs 800 Watts 3,1 J 28 mm avec mandrin GBH 3-28 DFR - EURL HOSNA KAMEL","og_description":"Perforateur SDS plus 3 Kgs 800 Watts 3,1 J 28 mm avec mandrin GBH 3-28 DFR - EURL HOSNA KAMEL","og_url":"https:\/\/eurlhosnakamel.dz\/dz\/produit\/bosch-marteau-perforateur-gbh-3-28-dfr-800-w-3-1j-28-mmmandrin\/","og_site_name":"EURL HOSNA KAMEL","article_publisher":"https:\/\/www.facebook.com\/Eurl.Hosna.DZ\/","article_modified_time":"2021-12-19T09:18:18+00:00","og_image":[{"width":512,"height":512,"url":"https:\/\/eurlhosnakamel.dz\/dz\/wp-content\/uploads\/2020\/04\/BOSCH-MARTEAU-PER.-GBH3-28DFR-800W-3.1J-28mmMANDRIN-eurl-hosna-kamel-algerie.jpg","type":"image\/jpeg"}],"twitter_card":"summary_large_image","twitter_misc":{"Dur\u00e9e de lecture estim\u00e9e":"2 minutes"},"schema":{"@context":"https:\/\/schema.org","@graph":[{"@type":"WebPage","@id":"https:\/\/eurlhosnakamel.dz\/dz\/produit\/bosch-marteau-perforateur-gbh-3-28-dfr-800-w-3-1j-28-mmmandrin\/","url":"https:\/\/eurlhosnakamel.dz\/dz\/produit\/bosch-marteau-perforateur-gbh-3-28-dfr-800-w-3-1j-28-mmmandrin\/","name":"Perforateur SDS plus 3 Kgs 800 Watts 3,1 J 28 mm avec mandrin GBH 3-28 DFR - EURL HOSNA KAMEL","isPartOf":{"@id":"https:\/\/eurlhosnakamel.dz\/dz\/#website"},"primaryImageOfPage":{"@id":"https:\/\/eurlhosnakamel.dz\/dz\/produit\/bosch-marteau-perforateur-gbh-3-28-dfr-800-w-3-1j-28-mmmandrin\/#primaryimage"},"image":{"@id":"https:\/\/eurlhosnakamel.dz\/dz\/produit\/bosch-marteau-perforateur-gbh-3-28-dfr-800-w-3-1j-28-mmmandrin\/#primaryimage"},"thumbnailUrl":"https:\/\/eurlhosnakamel.dz\/dz\/wp-content\/uploads\/2020\/04\/BOSCH-MARTEAU-PER.-GBH3-28DFR-800W-3.1J-28mmMANDRIN-eurl-hosna-kamel-algerie.jpg","datePublished":"2020-04-15T18:20:47+00:00","dateModified":"2021-12-19T09:18:18+00:00","description":"Perforateur SDS plus 3 Kgs 800 Watts 3,1 J 28 mm avec mandrin GBH 3-28 DFR - EURL HOSNA KAMEL","breadcrumb":{"@id":"https:\/\/eurlhosnakamel.dz\/dz\/produit\/bosch-marteau-perforateur-gbh-3-28-dfr-800-w-3-1j-28-mmmandrin\/#breadcrumb"},"inLanguage":"fr-FR","potentialAction":[{"@type":"ReadAction","target":["https:\/\/eurlhosnakamel.dz\/dz\/produit\/bosch-marteau-perforateur-gbh-3-28-dfr-800-w-3-1j-28-mmmandrin\/"]}]},{"@type":"ImageObject","inLanguage":"fr-FR","@id":"https:\/\/eurlhosnakamel.dz\/dz\/produit\/bosch-marteau-perforateur-gbh-3-28-dfr-800-w-3-1j-28-mmmandrin\/#primaryimage","url":"https:\/\/eurlhosnakamel.dz\/dz\/wp-content\/uploads\/2020\/04\/BOSCH-MARTEAU-PER.-GBH3-28DFR-800W-3.1J-28mmMANDRIN-eurl-hosna-kamel-algerie.jpg","contentUrl":"https:\/\/eurlhosnakamel.dz\/dz\/wp-content\/uploads\/2020\/04\/BOSCH-MARTEAU-PER.-GBH3-28DFR-800W-3.1J-28mmMANDRIN-eurl-hosna-kamel-algerie.jpg","width":512,"height":512},{"@type":"BreadcrumbList","@id":"https:\/\/eurlhosnakamel.dz\/dz\/produit\/bosch-marteau-perforateur-gbh-3-28-dfr-800-w-3-1j-28-mmmandrin\/#breadcrumb","itemListElement":[{"@type":"ListItem","position":1,"name":"Accueil","item":"https:\/\/eurlhosnakamel.dz\/dz\/"},{"@type":"ListItem","position":2,"name":"Shop","item":"https:\/\/eurlhosnakamel.dz\/dz\/shop\/"},{"@type":"ListItem","position":3,"name":"Perforateur SDS plus 3 Kgs 800 Watts 3,1 J 28 mm avec mandrin GBH 3-28 DFR"}]},{"@type":"WebSite","@id":"https:\/\/eurlhosnakamel.dz\/dz\/#website","url":"https:\/\/eurlhosnakamel.dz\/dz\/","name":"EURL HOSNA KAMEL","description":"Fournisseur Premium d&#039;Outillages Professionnels en Alg\u00e9rie -","publisher":{"@id":"https:\/\/eurlhosnakamel.dz\/dz\/#organization"},"potentialAction":[{"@type":"SearchAction","target":{"@type":"EntryPoint","urlTemplate":"https:\/\/eurlhosnakamel.dz\/dz\/?s={search_term_string}"},"query-input":"required name=search_term_string"}],"inLanguage":"fr-FR"},{"@type":"Organization","@id":"https:\/\/eurlhosnakamel.dz\/dz\/#organization","name":"EURL HOSNA KAMEL - Bosch alg\u00e9rie","url":"https:\/\/eurlhosnakamel.dz\/dz\/","logo":{"@type":"ImageObject","inLanguage":"fr-FR","@id":"https:\/\/eurlhosnakamel.dz\/dz\/#\/schema\/logo\/image\/","url":"https:\/\/eurlhosnakamel.dz\/wp-content\/uploads\/2020\/04\/LOGO-HOSNA1.png","contentUrl":"https:\/\/eurlhosnakamel.dz\/wp-content\/uploads\/2020\/04\/LOGO-HOSNA1.png","width":120,"height":127,"caption":"EURL HOSNA KAMEL - Bosch alg\u00e9rie"},"image":{"@id":"https:\/\/eurlhosnakamel.dz\/dz\/#\/schema\/logo\/image\/"},"sameAs":["https:\/\/www.facebook.com\/Eurl.Hosna.DZ\/"]}]}},"_links":{"self":[{"href":"https:\/\/eurlhosnakamel.dz\/dz\/wp-json\/wp\/v2\/product\/5501","targetHints":{"allow":["GET"]}}],"collection":[{"href":"https:\/\/eurlhosnakamel.dz\/dz\/wp-json\/wp\/v2\/product"}],"about":[{"href":"https:\/\/eurlhosnakamel.dz\/dz\/wp-json\/wp\/v2\/types\/product"}],"wp:featuredmedia":[{"embeddable":true,"href":"https:\/\/eurlhosnakamel.dz\/dz\/wp-json\/wp\/v2\/media\/5503"}],"wp:attachment":[{"href":"https:\/\/eurlhosnakamel.dz\/dz\/wp-json\/wp\/v2\/media?parent=5501"}],"wp:term":[{"taxonomy":"product_cat","embeddable":true,"href":"https:\/\/eurlhosnakamel.dz\/dz\/wp-json\/wp\/v2\/product_cat?post=5501"},{"taxonomy":"product_tag","embeddable":true,"href":"https:\/\/eurlhosnakamel.dz\/dz\/wp-json\/wp\/v2\/product_tag?post=5501"}],"curies":[{"name":"wp","href":"https:\/\/api.w.org\/{rel}","templated":true}]}}