{"id":5575,"date":"2020-04-16T14:27:23","date_gmt":"2020-04-16T14:27:23","guid":{"rendered":"https:\/\/lhchosting.com\/hosna\/?post_type=product&#038;p=5575"},"modified":"2021-12-19T09:17:46","modified_gmt":"2021-12-19T09:17:46","slug":"belota-balai-a-gazon-3042-avec-manche","status":"publish","type":"product","link":"https:\/\/eurlhosnakamel.dz\/dz\/produit\/belota-balai-a-gazon-3042-avec-manche\/","title":{"rendered":"BELLOTA BALAI A GAZON 3042 AVEC MANCHE"},"content":{"rendered":"<ul>\n<li><strong>Indispensable pour les travaux de jardinerie. Balai r\u00e9glable au niveau de la largeur, de 385 mm \u00e0 480 mm. R\u00e9glable \u00e0 votre convenance.<\/strong><\/li>\n<li><strong>Robuste, il ne se d\u00e9forme pas. Dents plates en acier haute qualit\u00e9, r\u00e9sistantes \u00e0 la flexion gr\u00e2ce \u00e0 leur traitement thermique. Elles vous aideront \u00e9galement \u00e0 retirer les restes d\u2019herbe, feuilles et d\u00e9bris de la pelouse sans l\u2019endommager.<\/strong><\/li>\n<li><strong>Manche en aluminium l\u00e9ger et robuste recouvert de vinyle antid\u00e9rapant et de mousse sur la surface sup\u00e9rieure.<\/strong><\/li>\n<\/ul>\n","protected":false},"excerpt":{"rendered":"<h3><strong>BALAI \u00c0 DENTS PLATES AVEC MANCHE EN ALUMINIUM POUR LE RATISSAGE DES PELOUSES, FEUILLES ET D\u00c9BRIS<\/strong><\/h3>\n<div class=\"technical-details__list-info\">\n<ul>\n<li class=\"h3\"><strong>DIMENSIONS (LONGUEUR, LARGEUR ET HAUTEUR)<\/strong><br \/>\n<strong><span class=\"ezfloat-field\">570<\/span>\u00a0x\u00a0<span class=\"ezfloat-field\">390<\/span>\u00a0x\u00a0<span class=\"ezfloat-field\">40<\/span> mm<\/strong><\/li>\n<li><strong>POIDS 830 g<i class=\"icon-triangle technical-details__icon\" aria-label=\"Fl\u00e8che\"><\/i><\/strong><\/li>\n<li class=\"h3\"><strong>LES USAGES Le nettoyage de la pelouse et le ramassage des feuilles et d\u00e9bris n\u2019a jamais \u00e9t\u00e9 aussi facile.<\/strong><\/li>\n<\/ul>\n<\/div>\n","protected":false},"featured_media":5577,"template":"","meta":[],"product_cat":[957],"product_tag":[1059],"class_list":{"0":"post-5575","1":"product","2":"type-product","3":"status-publish","4":"has-post-thumbnail","6":"product_cat-jardinage","7":"product_tag-belota-balai-a-gazon-3042-avec-manchej","8":"product_brand-bellota","10":"first","11":"instock","12":"shipping-taxable","13":"product-type-simple","14":"col-xs-6 col-sm-4","15":"col-md-3 col-lg-3","16":"un-4-cols"},"yoast_head":"<!-- This site is optimized with the Yoast SEO plugin v22.5 - https:\/\/yoast.com\/wordpress\/plugins\/seo\/ -->\n<title>BELLOTA BALAI A GAZON 3042 AVEC MANCHE - EURL HOSNA KAMEL<\/title>\n<meta name=\"description\" content=\"BELLOTA BALAI A GAZON 3042 AVEC MANCHE - EURL HOSNA KAMEL\" \/>\n<meta name=\"robots\" content=\"index, follow, max-snippet:-1, max-image-preview:large, max-video-preview:-1\" \/>\n<link rel=\"canonical\" href=\"https:\/\/eurlhosnakamel.dz\/dz\/produit\/belota-balai-a-gazon-3042-avec-manche\/\" \/>\n<meta property=\"og:locale\" content=\"fr_FR\" \/>\n<meta property=\"og:type\" content=\"article\" \/>\n<meta property=\"og:title\" content=\"BELLOTA BALAI A GAZON 3042 AVEC MANCHE - EURL HOSNA KAMEL\" \/>\n<meta property=\"og:description\" content=\"BELLOTA BALAI A GAZON 3042 AVEC MANCHE - EURL HOSNA KAMEL\" \/>\n<meta property=\"og:url\" content=\"https:\/\/eurlhosnakamel.dz\/dz\/produit\/belota-balai-a-gazon-3042-avec-manche\/\" \/>\n<meta property=\"og:site_name\" content=\"EURL HOSNA KAMEL\" \/>\n<meta property=\"article:publisher\" content=\"https:\/\/www.facebook.com\/Eurl.Hosna.DZ\/\" \/>\n<meta property=\"article:modified_time\" content=\"2021-12-19T09:17:46+00:00\" \/>\n<meta property=\"og:image\" content=\"https:\/\/eurlhosnakamel.dz\/dz\/wp-content\/uploads\/2020\/04\/BELOTA-BALAI-A-GAZON-3042-AVEC-MANCHE-bellota-eurl-hosna-kamel-algerie.jpg\" \/>\n\t<meta property=\"og:image:width\" content=\"512\" \/>\n\t<meta property=\"og:image:height\" content=\"512\" \/>\n\t<meta property=\"og:image:type\" content=\"image\/jpeg\" \/>\n<meta name=\"twitter:card\" content=\"summary_large_image\" \/>\n<script type=\"application\/ld+json\" class=\"yoast-schema-graph\">{\"@context\":\"https:\/\/schema.org\",\"@graph\":[{\"@type\":\"WebPage\",\"@id\":\"https:\/\/eurlhosnakamel.dz\/dz\/produit\/belota-balai-a-gazon-3042-avec-manche\/\",\"url\":\"https:\/\/eurlhosnakamel.dz\/dz\/produit\/belota-balai-a-gazon-3042-avec-manche\/\",\"name\":\"BELLOTA BALAI A GAZON 3042 AVEC MANCHE - EURL HOSNA KAMEL\",\"isPartOf\":{\"@id\":\"https:\/\/eurlhosnakamel.dz\/dz\/#website\"},\"primaryImageOfPage\":{\"@id\":\"https:\/\/eurlhosnakamel.dz\/dz\/produit\/belota-balai-a-gazon-3042-avec-manche\/#primaryimage\"},\"image\":{\"@id\":\"https:\/\/eurlhosnakamel.dz\/dz\/produit\/belota-balai-a-gazon-3042-avec-manche\/#primaryimage\"},\"thumbnailUrl\":\"https:\/\/eurlhosnakamel.dz\/dz\/wp-content\/uploads\/2020\/04\/BELOTA-BALAI-A-GAZON-3042-AVEC-MANCHE-bellota-eurl-hosna-kamel-algerie.jpg\",\"datePublished\":\"2020-04-16T14:27:23+00:00\",\"dateModified\":\"2021-12-19T09:17:46+00:00\",\"description\":\"BELLOTA BALAI A GAZON 3042 AVEC MANCHE - EURL HOSNA KAMEL\",\"breadcrumb\":{\"@id\":\"https:\/\/eurlhosnakamel.dz\/dz\/produit\/belota-balai-a-gazon-3042-avec-manche\/#breadcrumb\"},\"inLanguage\":\"fr-FR\",\"potentialAction\":[{\"@type\":\"ReadAction\",\"target\":[\"https:\/\/eurlhosnakamel.dz\/dz\/produit\/belota-balai-a-gazon-3042-avec-manche\/\"]}]},{\"@type\":\"ImageObject\",\"inLanguage\":\"fr-FR\",\"@id\":\"https:\/\/eurlhosnakamel.dz\/dz\/produit\/belota-balai-a-gazon-3042-avec-manche\/#primaryimage\",\"url\":\"https:\/\/eurlhosnakamel.dz\/dz\/wp-content\/uploads\/2020\/04\/BELOTA-BALAI-A-GAZON-3042-AVEC-MANCHE-bellota-eurl-hosna-kamel-algerie.jpg\",\"contentUrl\":\"https:\/\/eurlhosnakamel.dz\/dz\/wp-content\/uploads\/2020\/04\/BELOTA-BALAI-A-GAZON-3042-AVEC-MANCHE-bellota-eurl-hosna-kamel-algerie.jpg\",\"width\":512,\"height\":512},{\"@type\":\"BreadcrumbList\",\"@id\":\"https:\/\/eurlhosnakamel.dz\/dz\/produit\/belota-balai-a-gazon-3042-avec-manche\/#breadcrumb\",\"itemListElement\":[{\"@type\":\"ListItem\",\"position\":1,\"name\":\"Accueil\",\"item\":\"https:\/\/eurlhosnakamel.dz\/dz\/\"},{\"@type\":\"ListItem\",\"position\":2,\"name\":\"Shop\",\"item\":\"https:\/\/eurlhosnakamel.dz\/dz\/shop\/\"},{\"@type\":\"ListItem\",\"position\":3,\"name\":\"BELLOTA BALAI A GAZON 3042 AVEC MANCHE\"}]},{\"@type\":\"WebSite\",\"@id\":\"https:\/\/eurlhosnakamel.dz\/dz\/#website\",\"url\":\"https:\/\/eurlhosnakamel.dz\/dz\/\",\"name\":\"EURL HOSNA KAMEL\",\"description\":\"Fournisseur Premium d&#039;Outillages Professionnels en Alg\u00e9rie -\",\"publisher\":{\"@id\":\"https:\/\/eurlhosnakamel.dz\/dz\/#organization\"},\"potentialAction\":[{\"@type\":\"SearchAction\",\"target\":{\"@type\":\"EntryPoint\",\"urlTemplate\":\"https:\/\/eurlhosnakamel.dz\/dz\/?s={search_term_string}\"},\"query-input\":\"required name=search_term_string\"}],\"inLanguage\":\"fr-FR\"},{\"@type\":\"Organization\",\"@id\":\"https:\/\/eurlhosnakamel.dz\/dz\/#organization\",\"name\":\"EURL HOSNA KAMEL - Bosch alg\u00e9rie\",\"url\":\"https:\/\/eurlhosnakamel.dz\/dz\/\",\"logo\":{\"@type\":\"ImageObject\",\"inLanguage\":\"fr-FR\",\"@id\":\"https:\/\/eurlhosnakamel.dz\/dz\/#\/schema\/logo\/image\/\",\"url\":\"https:\/\/eurlhosnakamel.dz\/wp-content\/uploads\/2020\/04\/LOGO-HOSNA1.png\",\"contentUrl\":\"https:\/\/eurlhosnakamel.dz\/wp-content\/uploads\/2020\/04\/LOGO-HOSNA1.png\",\"width\":120,\"height\":127,\"caption\":\"EURL HOSNA KAMEL - Bosch alg\u00e9rie\"},\"image\":{\"@id\":\"https:\/\/eurlhosnakamel.dz\/dz\/#\/schema\/logo\/image\/\"},\"sameAs\":[\"https:\/\/www.facebook.com\/Eurl.Hosna.DZ\/\"]}]}<\/script>\n<!-- \/ Yoast SEO plugin. -->","yoast_head_json":{"title":"BELLOTA BALAI A GAZON 3042 AVEC MANCHE - EURL HOSNA KAMEL","description":"BELLOTA BALAI A GAZON 3042 AVEC MANCHE - EURL HOSNA KAMEL","robots":{"index":"index","follow":"follow","max-snippet":"max-snippet:-1","max-image-preview":"max-image-preview:large","max-video-preview":"max-video-preview:-1"},"canonical":"https:\/\/eurlhosnakamel.dz\/dz\/produit\/belota-balai-a-gazon-3042-avec-manche\/","og_locale":"fr_FR","og_type":"article","og_title":"BELLOTA BALAI A GAZON 3042 AVEC MANCHE - EURL HOSNA KAMEL","og_description":"BELLOTA BALAI A GAZON 3042 AVEC MANCHE - EURL HOSNA KAMEL","og_url":"https:\/\/eurlhosnakamel.dz\/dz\/produit\/belota-balai-a-gazon-3042-avec-manche\/","og_site_name":"EURL HOSNA KAMEL","article_publisher":"https:\/\/www.facebook.com\/Eurl.Hosna.DZ\/","article_modified_time":"2021-12-19T09:17:46+00:00","og_image":[{"width":512,"height":512,"url":"https:\/\/eurlhosnakamel.dz\/dz\/wp-content\/uploads\/2020\/04\/BELOTA-BALAI-A-GAZON-3042-AVEC-MANCHE-bellota-eurl-hosna-kamel-algerie.jpg","type":"image\/jpeg"}],"twitter_card":"summary_large_image","schema":{"@context":"https:\/\/schema.org","@graph":[{"@type":"WebPage","@id":"https:\/\/eurlhosnakamel.dz\/dz\/produit\/belota-balai-a-gazon-3042-avec-manche\/","url":"https:\/\/eurlhosnakamel.dz\/dz\/produit\/belota-balai-a-gazon-3042-avec-manche\/","name":"BELLOTA BALAI A GAZON 3042 AVEC MANCHE - EURL HOSNA KAMEL","isPartOf":{"@id":"https:\/\/eurlhosnakamel.dz\/dz\/#website"},"primaryImageOfPage":{"@id":"https:\/\/eurlhosnakamel.dz\/dz\/produit\/belota-balai-a-gazon-3042-avec-manche\/#primaryimage"},"image":{"@id":"https:\/\/eurlhosnakamel.dz\/dz\/produit\/belota-balai-a-gazon-3042-avec-manche\/#primaryimage"},"thumbnailUrl":"https:\/\/eurlhosnakamel.dz\/dz\/wp-content\/uploads\/2020\/04\/BELOTA-BALAI-A-GAZON-3042-AVEC-MANCHE-bellota-eurl-hosna-kamel-algerie.jpg","datePublished":"2020-04-16T14:27:23+00:00","dateModified":"2021-12-19T09:17:46+00:00","description":"BELLOTA BALAI A GAZON 3042 AVEC MANCHE - EURL HOSNA KAMEL","breadcrumb":{"@id":"https:\/\/eurlhosnakamel.dz\/dz\/produit\/belota-balai-a-gazon-3042-avec-manche\/#breadcrumb"},"inLanguage":"fr-FR","potentialAction":[{"@type":"ReadAction","target":["https:\/\/eurlhosnakamel.dz\/dz\/produit\/belota-balai-a-gazon-3042-avec-manche\/"]}]},{"@type":"ImageObject","inLanguage":"fr-FR","@id":"https:\/\/eurlhosnakamel.dz\/dz\/produit\/belota-balai-a-gazon-3042-avec-manche\/#primaryimage","url":"https:\/\/eurlhosnakamel.dz\/dz\/wp-content\/uploads\/2020\/04\/BELOTA-BALAI-A-GAZON-3042-AVEC-MANCHE-bellota-eurl-hosna-kamel-algerie.jpg","contentUrl":"https:\/\/eurlhosnakamel.dz\/dz\/wp-content\/uploads\/2020\/04\/BELOTA-BALAI-A-GAZON-3042-AVEC-MANCHE-bellota-eurl-hosna-kamel-algerie.jpg","width":512,"height":512},{"@type":"BreadcrumbList","@id":"https:\/\/eurlhosnakamel.dz\/dz\/produit\/belota-balai-a-gazon-3042-avec-manche\/#breadcrumb","itemListElement":[{"@type":"ListItem","position":1,"name":"Accueil","item":"https:\/\/eurlhosnakamel.dz\/dz\/"},{"@type":"ListItem","position":2,"name":"Shop","item":"https:\/\/eurlhosnakamel.dz\/dz\/shop\/"},{"@type":"ListItem","position":3,"name":"BELLOTA BALAI A GAZON 3042 AVEC MANCHE"}]},{"@type":"WebSite","@id":"https:\/\/eurlhosnakamel.dz\/dz\/#website","url":"https:\/\/eurlhosnakamel.dz\/dz\/","name":"EURL HOSNA KAMEL","description":"Fournisseur Premium d&#039;Outillages Professionnels en Alg\u00e9rie -","publisher":{"@id":"https:\/\/eurlhosnakamel.dz\/dz\/#organization"},"potentialAction":[{"@type":"SearchAction","target":{"@type":"EntryPoint","urlTemplate":"https:\/\/eurlhosnakamel.dz\/dz\/?s={search_term_string}"},"query-input":"required name=search_term_string"}],"inLanguage":"fr-FR"},{"@type":"Organization","@id":"https:\/\/eurlhosnakamel.dz\/dz\/#organization","name":"EURL HOSNA KAMEL - Bosch alg\u00e9rie","url":"https:\/\/eurlhosnakamel.dz\/dz\/","logo":{"@type":"ImageObject","inLanguage":"fr-FR","@id":"https:\/\/eurlhosnakamel.dz\/dz\/#\/schema\/logo\/image\/","url":"https:\/\/eurlhosnakamel.dz\/wp-content\/uploads\/2020\/04\/LOGO-HOSNA1.png","contentUrl":"https:\/\/eurlhosnakamel.dz\/wp-content\/uploads\/2020\/04\/LOGO-HOSNA1.png","width":120,"height":127,"caption":"EURL HOSNA KAMEL - Bosch alg\u00e9rie"},"image":{"@id":"https:\/\/eurlhosnakamel.dz\/dz\/#\/schema\/logo\/image\/"},"sameAs":["https:\/\/www.facebook.com\/Eurl.Hosna.DZ\/"]}]}},"_links":{"self":[{"href":"https:\/\/eurlhosnakamel.dz\/dz\/wp-json\/wp\/v2\/product\/5575","targetHints":{"allow":["GET"]}}],"collection":[{"href":"https:\/\/eurlhosnakamel.dz\/dz\/wp-json\/wp\/v2\/product"}],"about":[{"href":"https:\/\/eurlhosnakamel.dz\/dz\/wp-json\/wp\/v2\/types\/product"}],"wp:featuredmedia":[{"embeddable":true,"href":"https:\/\/eurlhosnakamel.dz\/dz\/wp-json\/wp\/v2\/media\/5577"}],"wp:attachment":[{"href":"https:\/\/eurlhosnakamel.dz\/dz\/wp-json\/wp\/v2\/media?parent=5575"}],"wp:term":[{"taxonomy":"product_cat","embeddable":true,"href":"https:\/\/eurlhosnakamel.dz\/dz\/wp-json\/wp\/v2\/product_cat?post=5575"},{"taxonomy":"product_tag","embeddable":true,"href":"https:\/\/eurlhosnakamel.dz\/dz\/wp-json\/wp\/v2\/product_tag?post=5575"}],"curies":[{"name":"wp","href":"https:\/\/api.w.org\/{rel}","templated":true}]}}