{"id":5629,"date":"2020-04-16T15:41:37","date_gmt":"2020-04-16T15:41:37","guid":{"rendered":"https:\/\/lhchosting.com\/hosna\/?post_type=product&#038;p=5629"},"modified":"2021-12-19T09:13:28","modified_gmt":"2021-12-19T09:13:28","slug":"bellota-scie-a-buche-454021","status":"publish","type":"product","link":"https:\/\/eurlhosnakamel.dz\/dz\/produit\/bellota-scie-a-buche-454021\/","title":{"rendered":"BELLOTA SCIE A BUCHE 454021"},"content":{"rendered":"<ul>\n<li><strong>Vous pourrez fixer la lame \u00e0 l\u2019axe en acier tubulaire de fa\u00e7on pratique et s\u00fbre \u00e0 l\u2019aide d\u2019un syst\u00e8me de fixation via anneau BELLOTA. La lame est maintenue en place, stable et bien droite pour une coupe nette et facile.<\/strong><\/li>\n<li><strong>Un outil auquel vous allez vous attacher, qui sera \u00e0 vos c\u00f4t\u00e9s pendant longtemps. Lame en acier haute qualit\u00e9 aux dents tremp\u00e9es par induction haute fr\u00e9quence.<\/strong><\/li>\n<li><strong>Coupez facilement le bois sec gr\u00e2ce \u00e0 sa denture universelle. Dimensions\u00a0: 21 pouces.<\/strong><\/li>\n<\/ul>\n","protected":false},"excerpt":{"rendered":"<h3>SCIE \u00c0 ARCHET POUR COUPE DU BOIS SEC<\/h3>\n<div class=\"technical-details__list-info\">\n<ul>\n<li><strong>DIMENSIONS (LONGUEUR, LARGEUR ET HAUTEUR)\u00a0 <span class=\"ezfloat-field\">610<\/span>\u00a0x\u00a0<span class=\"ezfloat-field\">210<\/span>\u00a0x\u00a0<span class=\"ezfloat-field\">21<\/span> mm<\/strong><\/li>\n<li class=\"h3\"><strong>POIDS 450 g<\/strong><\/li>\n<li class=\"h3\"><strong>LES USAGES Coupe du bois vert<\/strong><\/li>\n<\/ul>\n<\/div>\n<h3><\/h3>\n","protected":false},"featured_media":5631,"template":"","meta":[],"product_cat":[957],"product_tag":[1081],"class_list":{"0":"post-5629","1":"product","2":"type-product","3":"status-publish","4":"has-post-thumbnail","6":"product_cat-jardinage","7":"product_tag-bellota-scie-a-buche-454021","8":"product_brand-bellota","10":"first","11":"instock","12":"shipping-taxable","13":"product-type-simple","14":"col-xs-6 col-sm-4","15":"col-md-3 col-lg-3","16":"un-4-cols"},"yoast_head":"<!-- This site is optimized with the Yoast SEO plugin v22.5 - https:\/\/yoast.com\/wordpress\/plugins\/seo\/ -->\n<title>BELLOTA SCIE A BUCHE 454021 - EURL HOSNA KAMEL<\/title>\n<meta name=\"description\" content=\"BELLOTA SCIE A BUCHE 454021 - EURL HOSNA KAMEL\" \/>\n<meta name=\"robots\" content=\"index, follow, max-snippet:-1, max-image-preview:large, max-video-preview:-1\" \/>\n<link rel=\"canonical\" href=\"https:\/\/eurlhosnakamel.dz\/dz\/produit\/bellota-scie-a-buche-454021\/\" \/>\n<meta property=\"og:locale\" content=\"fr_FR\" \/>\n<meta property=\"og:type\" content=\"article\" \/>\n<meta property=\"og:title\" content=\"BELLOTA SCIE A BUCHE 454021 - EURL HOSNA KAMEL\" \/>\n<meta property=\"og:description\" content=\"BELLOTA SCIE A BUCHE 454021 - EURL HOSNA KAMEL\" \/>\n<meta property=\"og:url\" content=\"https:\/\/eurlhosnakamel.dz\/dz\/produit\/bellota-scie-a-buche-454021\/\" \/>\n<meta property=\"og:site_name\" content=\"EURL HOSNA KAMEL\" \/>\n<meta property=\"article:publisher\" content=\"https:\/\/www.facebook.com\/Eurl.Hosna.DZ\/\" \/>\n<meta property=\"article:modified_time\" content=\"2021-12-19T09:13:28+00:00\" \/>\n<meta property=\"og:image\" content=\"https:\/\/eurlhosnakamel.dz\/dz\/wp-content\/uploads\/2020\/04\/BELOTA-SCIE-A-BUCHE-454021-bellota-eurl-hosna-kamel-algerie.jpg\" \/>\n\t<meta property=\"og:image:width\" content=\"512\" \/>\n\t<meta property=\"og:image:height\" content=\"512\" \/>\n\t<meta property=\"og:image:type\" content=\"image\/jpeg\" \/>\n<meta name=\"twitter:card\" content=\"summary_large_image\" \/>\n<script type=\"application\/ld+json\" class=\"yoast-schema-graph\">{\"@context\":\"https:\/\/schema.org\",\"@graph\":[{\"@type\":\"WebPage\",\"@id\":\"https:\/\/eurlhosnakamel.dz\/dz\/produit\/bellota-scie-a-buche-454021\/\",\"url\":\"https:\/\/eurlhosnakamel.dz\/dz\/produit\/bellota-scie-a-buche-454021\/\",\"name\":\"BELLOTA SCIE A BUCHE 454021 - EURL HOSNA KAMEL\",\"isPartOf\":{\"@id\":\"https:\/\/eurlhosnakamel.dz\/dz\/#website\"},\"primaryImageOfPage\":{\"@id\":\"https:\/\/eurlhosnakamel.dz\/dz\/produit\/bellota-scie-a-buche-454021\/#primaryimage\"},\"image\":{\"@id\":\"https:\/\/eurlhosnakamel.dz\/dz\/produit\/bellota-scie-a-buche-454021\/#primaryimage\"},\"thumbnailUrl\":\"https:\/\/eurlhosnakamel.dz\/dz\/wp-content\/uploads\/2020\/04\/BELOTA-SCIE-A-BUCHE-454021-bellota-eurl-hosna-kamel-algerie.jpg\",\"datePublished\":\"2020-04-16T15:41:37+00:00\",\"dateModified\":\"2021-12-19T09:13:28+00:00\",\"description\":\"BELLOTA SCIE A BUCHE 454021 - EURL HOSNA KAMEL\",\"breadcrumb\":{\"@id\":\"https:\/\/eurlhosnakamel.dz\/dz\/produit\/bellota-scie-a-buche-454021\/#breadcrumb\"},\"inLanguage\":\"fr-FR\",\"potentialAction\":[{\"@type\":\"ReadAction\",\"target\":[\"https:\/\/eurlhosnakamel.dz\/dz\/produit\/bellota-scie-a-buche-454021\/\"]}]},{\"@type\":\"ImageObject\",\"inLanguage\":\"fr-FR\",\"@id\":\"https:\/\/eurlhosnakamel.dz\/dz\/produit\/bellota-scie-a-buche-454021\/#primaryimage\",\"url\":\"https:\/\/eurlhosnakamel.dz\/dz\/wp-content\/uploads\/2020\/04\/BELOTA-SCIE-A-BUCHE-454021-bellota-eurl-hosna-kamel-algerie.jpg\",\"contentUrl\":\"https:\/\/eurlhosnakamel.dz\/dz\/wp-content\/uploads\/2020\/04\/BELOTA-SCIE-A-BUCHE-454021-bellota-eurl-hosna-kamel-algerie.jpg\",\"width\":512,\"height\":512},{\"@type\":\"BreadcrumbList\",\"@id\":\"https:\/\/eurlhosnakamel.dz\/dz\/produit\/bellota-scie-a-buche-454021\/#breadcrumb\",\"itemListElement\":[{\"@type\":\"ListItem\",\"position\":1,\"name\":\"Accueil\",\"item\":\"https:\/\/eurlhosnakamel.dz\/dz\/\"},{\"@type\":\"ListItem\",\"position\":2,\"name\":\"Shop\",\"item\":\"https:\/\/eurlhosnakamel.dz\/dz\/shop\/\"},{\"@type\":\"ListItem\",\"position\":3,\"name\":\"BELLOTA SCIE A BUCHE 454021\"}]},{\"@type\":\"WebSite\",\"@id\":\"https:\/\/eurlhosnakamel.dz\/dz\/#website\",\"url\":\"https:\/\/eurlhosnakamel.dz\/dz\/\",\"name\":\"EURL HOSNA KAMEL\",\"description\":\"Fournisseur Premium d&#039;Outillages Professionnels en Alg\u00e9rie -\",\"publisher\":{\"@id\":\"https:\/\/eurlhosnakamel.dz\/dz\/#organization\"},\"potentialAction\":[{\"@type\":\"SearchAction\",\"target\":{\"@type\":\"EntryPoint\",\"urlTemplate\":\"https:\/\/eurlhosnakamel.dz\/dz\/?s={search_term_string}\"},\"query-input\":\"required name=search_term_string\"}],\"inLanguage\":\"fr-FR\"},{\"@type\":\"Organization\",\"@id\":\"https:\/\/eurlhosnakamel.dz\/dz\/#organization\",\"name\":\"EURL HOSNA KAMEL - Bosch alg\u00e9rie\",\"url\":\"https:\/\/eurlhosnakamel.dz\/dz\/\",\"logo\":{\"@type\":\"ImageObject\",\"inLanguage\":\"fr-FR\",\"@id\":\"https:\/\/eurlhosnakamel.dz\/dz\/#\/schema\/logo\/image\/\",\"url\":\"https:\/\/eurlhosnakamel.dz\/wp-content\/uploads\/2020\/04\/LOGO-HOSNA1.png\",\"contentUrl\":\"https:\/\/eurlhosnakamel.dz\/wp-content\/uploads\/2020\/04\/LOGO-HOSNA1.png\",\"width\":120,\"height\":127,\"caption\":\"EURL HOSNA KAMEL - Bosch alg\u00e9rie\"},\"image\":{\"@id\":\"https:\/\/eurlhosnakamel.dz\/dz\/#\/schema\/logo\/image\/\"},\"sameAs\":[\"https:\/\/www.facebook.com\/Eurl.Hosna.DZ\/\"]}]}<\/script>\n<!-- \/ Yoast SEO plugin. -->","yoast_head_json":{"title":"BELLOTA SCIE A BUCHE 454021 - EURL HOSNA KAMEL","description":"BELLOTA SCIE A BUCHE 454021 - EURL HOSNA KAMEL","robots":{"index":"index","follow":"follow","max-snippet":"max-snippet:-1","max-image-preview":"max-image-preview:large","max-video-preview":"max-video-preview:-1"},"canonical":"https:\/\/eurlhosnakamel.dz\/dz\/produit\/bellota-scie-a-buche-454021\/","og_locale":"fr_FR","og_type":"article","og_title":"BELLOTA SCIE A BUCHE 454021 - EURL HOSNA KAMEL","og_description":"BELLOTA SCIE A BUCHE 454021 - EURL HOSNA KAMEL","og_url":"https:\/\/eurlhosnakamel.dz\/dz\/produit\/bellota-scie-a-buche-454021\/","og_site_name":"EURL HOSNA KAMEL","article_publisher":"https:\/\/www.facebook.com\/Eurl.Hosna.DZ\/","article_modified_time":"2021-12-19T09:13:28+00:00","og_image":[{"width":512,"height":512,"url":"https:\/\/eurlhosnakamel.dz\/dz\/wp-content\/uploads\/2020\/04\/BELOTA-SCIE-A-BUCHE-454021-bellota-eurl-hosna-kamel-algerie.jpg","type":"image\/jpeg"}],"twitter_card":"summary_large_image","schema":{"@context":"https:\/\/schema.org","@graph":[{"@type":"WebPage","@id":"https:\/\/eurlhosnakamel.dz\/dz\/produit\/bellota-scie-a-buche-454021\/","url":"https:\/\/eurlhosnakamel.dz\/dz\/produit\/bellota-scie-a-buche-454021\/","name":"BELLOTA SCIE A BUCHE 454021 - EURL HOSNA KAMEL","isPartOf":{"@id":"https:\/\/eurlhosnakamel.dz\/dz\/#website"},"primaryImageOfPage":{"@id":"https:\/\/eurlhosnakamel.dz\/dz\/produit\/bellota-scie-a-buche-454021\/#primaryimage"},"image":{"@id":"https:\/\/eurlhosnakamel.dz\/dz\/produit\/bellota-scie-a-buche-454021\/#primaryimage"},"thumbnailUrl":"https:\/\/eurlhosnakamel.dz\/dz\/wp-content\/uploads\/2020\/04\/BELOTA-SCIE-A-BUCHE-454021-bellota-eurl-hosna-kamel-algerie.jpg","datePublished":"2020-04-16T15:41:37+00:00","dateModified":"2021-12-19T09:13:28+00:00","description":"BELLOTA SCIE A BUCHE 454021 - EURL HOSNA KAMEL","breadcrumb":{"@id":"https:\/\/eurlhosnakamel.dz\/dz\/produit\/bellota-scie-a-buche-454021\/#breadcrumb"},"inLanguage":"fr-FR","potentialAction":[{"@type":"ReadAction","target":["https:\/\/eurlhosnakamel.dz\/dz\/produit\/bellota-scie-a-buche-454021\/"]}]},{"@type":"ImageObject","inLanguage":"fr-FR","@id":"https:\/\/eurlhosnakamel.dz\/dz\/produit\/bellota-scie-a-buche-454021\/#primaryimage","url":"https:\/\/eurlhosnakamel.dz\/dz\/wp-content\/uploads\/2020\/04\/BELOTA-SCIE-A-BUCHE-454021-bellota-eurl-hosna-kamel-algerie.jpg","contentUrl":"https:\/\/eurlhosnakamel.dz\/dz\/wp-content\/uploads\/2020\/04\/BELOTA-SCIE-A-BUCHE-454021-bellota-eurl-hosna-kamel-algerie.jpg","width":512,"height":512},{"@type":"BreadcrumbList","@id":"https:\/\/eurlhosnakamel.dz\/dz\/produit\/bellota-scie-a-buche-454021\/#breadcrumb","itemListElement":[{"@type":"ListItem","position":1,"name":"Accueil","item":"https:\/\/eurlhosnakamel.dz\/dz\/"},{"@type":"ListItem","position":2,"name":"Shop","item":"https:\/\/eurlhosnakamel.dz\/dz\/shop\/"},{"@type":"ListItem","position":3,"name":"BELLOTA SCIE A BUCHE 454021"}]},{"@type":"WebSite","@id":"https:\/\/eurlhosnakamel.dz\/dz\/#website","url":"https:\/\/eurlhosnakamel.dz\/dz\/","name":"EURL HOSNA KAMEL","description":"Fournisseur Premium d&#039;Outillages Professionnels en Alg\u00e9rie -","publisher":{"@id":"https:\/\/eurlhosnakamel.dz\/dz\/#organization"},"potentialAction":[{"@type":"SearchAction","target":{"@type":"EntryPoint","urlTemplate":"https:\/\/eurlhosnakamel.dz\/dz\/?s={search_term_string}"},"query-input":"required name=search_term_string"}],"inLanguage":"fr-FR"},{"@type":"Organization","@id":"https:\/\/eurlhosnakamel.dz\/dz\/#organization","name":"EURL HOSNA KAMEL - Bosch alg\u00e9rie","url":"https:\/\/eurlhosnakamel.dz\/dz\/","logo":{"@type":"ImageObject","inLanguage":"fr-FR","@id":"https:\/\/eurlhosnakamel.dz\/dz\/#\/schema\/logo\/image\/","url":"https:\/\/eurlhosnakamel.dz\/wp-content\/uploads\/2020\/04\/LOGO-HOSNA1.png","contentUrl":"https:\/\/eurlhosnakamel.dz\/wp-content\/uploads\/2020\/04\/LOGO-HOSNA1.png","width":120,"height":127,"caption":"EURL HOSNA KAMEL - Bosch alg\u00e9rie"},"image":{"@id":"https:\/\/eurlhosnakamel.dz\/dz\/#\/schema\/logo\/image\/"},"sameAs":["https:\/\/www.facebook.com\/Eurl.Hosna.DZ\/"]}]}},"_links":{"self":[{"href":"https:\/\/eurlhosnakamel.dz\/dz\/wp-json\/wp\/v2\/product\/5629","targetHints":{"allow":["GET"]}}],"collection":[{"href":"https:\/\/eurlhosnakamel.dz\/dz\/wp-json\/wp\/v2\/product"}],"about":[{"href":"https:\/\/eurlhosnakamel.dz\/dz\/wp-json\/wp\/v2\/types\/product"}],"wp:featuredmedia":[{"embeddable":true,"href":"https:\/\/eurlhosnakamel.dz\/dz\/wp-json\/wp\/v2\/media\/5631"}],"wp:attachment":[{"href":"https:\/\/eurlhosnakamel.dz\/dz\/wp-json\/wp\/v2\/media?parent=5629"}],"wp:term":[{"taxonomy":"product_cat","embeddable":true,"href":"https:\/\/eurlhosnakamel.dz\/dz\/wp-json\/wp\/v2\/product_cat?post=5629"},{"taxonomy":"product_tag","embeddable":true,"href":"https:\/\/eurlhosnakamel.dz\/dz\/wp-json\/wp\/v2\/product_tag?post=5629"}],"curies":[{"name":"wp","href":"https:\/\/api.w.org\/{rel}","templated":true}]}}