{"id":5633,"date":"2020-04-16T15:46:42","date_gmt":"2020-04-16T15:46:42","guid":{"rendered":"https:\/\/lhchosting.com\/hosna\/?post_type=product&#038;p=5633"},"modified":"2021-12-19T09:13:02","modified_gmt":"2021-12-19T09:13:02","slug":"bellota-hache-8130300","status":"publish","type":"product","link":"https:\/\/eurlhosnakamel.dz\/dz\/produit\/bellota-hache-8130300\/","title":{"rendered":"BELLOTA HACHE 8130300"},"content":{"rendered":"<ul>\n<li><strong>Vous \u00eates de ceux qui emm\u00e8nent leur hache partout ? Alors vous connaissez l&#8217;importance de la fixation de la t\u00eate au manche. Le tranchant est sp\u00e9cialement con\u00e7u pour une bonne p\u00e9n\u00e9tration dans la branche et l&#8217;emmanchement est r\u00e9alis\u00e9 avec un coin brevet\u00e9 en fibre de verre offrant un maximum de s\u00e9curit\u00e9.<\/strong><\/li>\n<li><strong>Elles sont forg\u00e9es en une seule pi\u00e8ce. Elle r\u00e9siste \u00e0 l\u2019usure et dure toute une vie. Traitement thermique. Dot\u00e9es de manches en h\u00eatre vernis, l\u00e9gers et agr\u00e9ables au toucher, certifi\u00e9s PEFC.<\/strong><\/li>\n<li><strong>Coin brevet\u00e9\u00a0: fiable \u00e0 100 %. Notre coin permet un nouveau syst\u00e8me d\u2019emmanchement, offrant plus d\u2019ergonomie au manche, en plus d\u2019aider \u00e0 diriger le coup et d\u2019offrir une meilleure prise.<\/strong><\/li>\n<\/ul>\n","protected":false},"excerpt":{"rendered":"<h3>HACHE \u00c0 DOUBLE TRANCHANT PROLINE COIN BREVET\u00c9<\/h3>\n<div class=\"technical-details__list-info\">\n<ul>\n<li class=\"h3\"><strong>DIMENSIONS (LONGUEUR, LARGEUR ET HAUTEUR) <span class=\"ezfloat-field\">450<\/span>\u00a0x\u00a0<span class=\"ezfloat-field\">110<\/span>\u00a0x\u00a0<span class=\"ezfloat-field\">0<\/span> mm<br \/>\n<\/strong><\/li>\n<li class=\"h3\"><strong>POIDS 800 g<\/strong><\/li>\n<li class=\"h3\"><strong>LES USAGES Coupez les b\u00fbches et le bois en g\u00e9n\u00e9ral, nettoyez et \u00e9laguez les arbres.<\/strong><\/li>\n<\/ul>\n<\/div>\n<p>&nbsp;<\/p>\n","protected":false},"featured_media":5635,"template":"","meta":[],"product_cat":[957],"product_tag":[1083],"class_list":{"0":"post-5633","1":"product","2":"type-product","3":"status-publish","4":"has-post-thumbnail","6":"product_cat-jardinage","7":"product_tag-bellota-hache-8130300","9":"first","10":"instock","11":"shipping-taxable","12":"product-type-simple","13":"col-xs-6 col-sm-4","14":"col-md-3 col-lg-3","15":"un-4-cols"},"yoast_head":"<!-- This site is optimized with the Yoast SEO plugin v22.5 - https:\/\/yoast.com\/wordpress\/plugins\/seo\/ -->\n<title>BELLOTA HACHE 8130300 - EURL HOSNA KAMEL<\/title>\n<meta name=\"description\" content=\"BELLOTA HACHE 8130300 - EURL HOSNA KAMEL\" \/>\n<meta name=\"robots\" content=\"index, follow, max-snippet:-1, max-image-preview:large, max-video-preview:-1\" \/>\n<link rel=\"canonical\" href=\"https:\/\/eurlhosnakamel.dz\/dz\/produit\/bellota-hache-8130300\/\" \/>\n<meta property=\"og:locale\" content=\"fr_FR\" \/>\n<meta property=\"og:type\" content=\"article\" \/>\n<meta property=\"og:title\" content=\"BELLOTA HACHE 8130300 - EURL HOSNA KAMEL\" \/>\n<meta property=\"og:description\" content=\"BELLOTA HACHE 8130300 - EURL HOSNA KAMEL\" \/>\n<meta property=\"og:url\" content=\"https:\/\/eurlhosnakamel.dz\/dz\/produit\/bellota-hache-8130300\/\" \/>\n<meta property=\"og:site_name\" content=\"EURL HOSNA KAMEL\" \/>\n<meta property=\"article:publisher\" content=\"https:\/\/www.facebook.com\/Eurl.Hosna.DZ\/\" \/>\n<meta property=\"article:modified_time\" content=\"2021-12-19T09:13:02+00:00\" \/>\n<meta property=\"og:image\" content=\"https:\/\/eurlhosnakamel.dz\/dz\/wp-content\/uploads\/2020\/04\/BELOTA-HACHE-8130300.jpg\" \/>\n\t<meta property=\"og:image:width\" content=\"512\" \/>\n\t<meta property=\"og:image:height\" content=\"512\" \/>\n\t<meta property=\"og:image:type\" content=\"image\/jpeg\" \/>\n<meta name=\"twitter:card\" content=\"summary_large_image\" \/>\n<meta name=\"twitter:label1\" content=\"Dur\u00e9e de lecture estim\u00e9e\" \/>\n\t<meta name=\"twitter:data1\" content=\"1 minute\" \/>\n<script type=\"application\/ld+json\" class=\"yoast-schema-graph\">{\"@context\":\"https:\/\/schema.org\",\"@graph\":[{\"@type\":\"WebPage\",\"@id\":\"https:\/\/eurlhosnakamel.dz\/dz\/produit\/bellota-hache-8130300\/\",\"url\":\"https:\/\/eurlhosnakamel.dz\/dz\/produit\/bellota-hache-8130300\/\",\"name\":\"BELLOTA HACHE 8130300 - EURL HOSNA KAMEL\",\"isPartOf\":{\"@id\":\"https:\/\/eurlhosnakamel.dz\/dz\/#website\"},\"primaryImageOfPage\":{\"@id\":\"https:\/\/eurlhosnakamel.dz\/dz\/produit\/bellota-hache-8130300\/#primaryimage\"},\"image\":{\"@id\":\"https:\/\/eurlhosnakamel.dz\/dz\/produit\/bellota-hache-8130300\/#primaryimage\"},\"thumbnailUrl\":\"https:\/\/eurlhosnakamel.dz\/dz\/wp-content\/uploads\/2020\/04\/BELOTA-HACHE-8130300.jpg\",\"datePublished\":\"2020-04-16T15:46:42+00:00\",\"dateModified\":\"2021-12-19T09:13:02+00:00\",\"description\":\"BELLOTA HACHE 8130300 - EURL HOSNA KAMEL\",\"breadcrumb\":{\"@id\":\"https:\/\/eurlhosnakamel.dz\/dz\/produit\/bellota-hache-8130300\/#breadcrumb\"},\"inLanguage\":\"fr-FR\",\"potentialAction\":[{\"@type\":\"ReadAction\",\"target\":[\"https:\/\/eurlhosnakamel.dz\/dz\/produit\/bellota-hache-8130300\/\"]}]},{\"@type\":\"ImageObject\",\"inLanguage\":\"fr-FR\",\"@id\":\"https:\/\/eurlhosnakamel.dz\/dz\/produit\/bellota-hache-8130300\/#primaryimage\",\"url\":\"https:\/\/eurlhosnakamel.dz\/dz\/wp-content\/uploads\/2020\/04\/BELOTA-HACHE-8130300.jpg\",\"contentUrl\":\"https:\/\/eurlhosnakamel.dz\/dz\/wp-content\/uploads\/2020\/04\/BELOTA-HACHE-8130300.jpg\",\"width\":512,\"height\":512},{\"@type\":\"BreadcrumbList\",\"@id\":\"https:\/\/eurlhosnakamel.dz\/dz\/produit\/bellota-hache-8130300\/#breadcrumb\",\"itemListElement\":[{\"@type\":\"ListItem\",\"position\":1,\"name\":\"Accueil\",\"item\":\"https:\/\/eurlhosnakamel.dz\/dz\/\"},{\"@type\":\"ListItem\",\"position\":2,\"name\":\"Shop\",\"item\":\"https:\/\/eurlhosnakamel.dz\/dz\/shop\/\"},{\"@type\":\"ListItem\",\"position\":3,\"name\":\"BELLOTA HACHE 8130300\"}]},{\"@type\":\"WebSite\",\"@id\":\"https:\/\/eurlhosnakamel.dz\/dz\/#website\",\"url\":\"https:\/\/eurlhosnakamel.dz\/dz\/\",\"name\":\"EURL HOSNA KAMEL\",\"description\":\"Fournisseur Premium d&#039;Outillages Professionnels en Alg\u00e9rie -\",\"publisher\":{\"@id\":\"https:\/\/eurlhosnakamel.dz\/dz\/#organization\"},\"potentialAction\":[{\"@type\":\"SearchAction\",\"target\":{\"@type\":\"EntryPoint\",\"urlTemplate\":\"https:\/\/eurlhosnakamel.dz\/dz\/?s={search_term_string}\"},\"query-input\":\"required name=search_term_string\"}],\"inLanguage\":\"fr-FR\"},{\"@type\":\"Organization\",\"@id\":\"https:\/\/eurlhosnakamel.dz\/dz\/#organization\",\"name\":\"EURL HOSNA KAMEL - Bosch alg\u00e9rie\",\"url\":\"https:\/\/eurlhosnakamel.dz\/dz\/\",\"logo\":{\"@type\":\"ImageObject\",\"inLanguage\":\"fr-FR\",\"@id\":\"https:\/\/eurlhosnakamel.dz\/dz\/#\/schema\/logo\/image\/\",\"url\":\"https:\/\/eurlhosnakamel.dz\/wp-content\/uploads\/2020\/04\/LOGO-HOSNA1.png\",\"contentUrl\":\"https:\/\/eurlhosnakamel.dz\/wp-content\/uploads\/2020\/04\/LOGO-HOSNA1.png\",\"width\":120,\"height\":127,\"caption\":\"EURL HOSNA KAMEL - Bosch alg\u00e9rie\"},\"image\":{\"@id\":\"https:\/\/eurlhosnakamel.dz\/dz\/#\/schema\/logo\/image\/\"},\"sameAs\":[\"https:\/\/www.facebook.com\/Eurl.Hosna.DZ\/\"]}]}<\/script>\n<!-- \/ Yoast SEO plugin. -->","yoast_head_json":{"title":"BELLOTA HACHE 8130300 - EURL HOSNA KAMEL","description":"BELLOTA HACHE 8130300 - EURL HOSNA KAMEL","robots":{"index":"index","follow":"follow","max-snippet":"max-snippet:-1","max-image-preview":"max-image-preview:large","max-video-preview":"max-video-preview:-1"},"canonical":"https:\/\/eurlhosnakamel.dz\/dz\/produit\/bellota-hache-8130300\/","og_locale":"fr_FR","og_type":"article","og_title":"BELLOTA HACHE 8130300 - EURL HOSNA KAMEL","og_description":"BELLOTA HACHE 8130300 - EURL HOSNA KAMEL","og_url":"https:\/\/eurlhosnakamel.dz\/dz\/produit\/bellota-hache-8130300\/","og_site_name":"EURL HOSNA KAMEL","article_publisher":"https:\/\/www.facebook.com\/Eurl.Hosna.DZ\/","article_modified_time":"2021-12-19T09:13:02+00:00","og_image":[{"width":512,"height":512,"url":"https:\/\/eurlhosnakamel.dz\/dz\/wp-content\/uploads\/2020\/04\/BELOTA-HACHE-8130300.jpg","type":"image\/jpeg"}],"twitter_card":"summary_large_image","twitter_misc":{"Dur\u00e9e de lecture estim\u00e9e":"1 minute"},"schema":{"@context":"https:\/\/schema.org","@graph":[{"@type":"WebPage","@id":"https:\/\/eurlhosnakamel.dz\/dz\/produit\/bellota-hache-8130300\/","url":"https:\/\/eurlhosnakamel.dz\/dz\/produit\/bellota-hache-8130300\/","name":"BELLOTA HACHE 8130300 - EURL HOSNA KAMEL","isPartOf":{"@id":"https:\/\/eurlhosnakamel.dz\/dz\/#website"},"primaryImageOfPage":{"@id":"https:\/\/eurlhosnakamel.dz\/dz\/produit\/bellota-hache-8130300\/#primaryimage"},"image":{"@id":"https:\/\/eurlhosnakamel.dz\/dz\/produit\/bellota-hache-8130300\/#primaryimage"},"thumbnailUrl":"https:\/\/eurlhosnakamel.dz\/dz\/wp-content\/uploads\/2020\/04\/BELOTA-HACHE-8130300.jpg","datePublished":"2020-04-16T15:46:42+00:00","dateModified":"2021-12-19T09:13:02+00:00","description":"BELLOTA HACHE 8130300 - EURL HOSNA KAMEL","breadcrumb":{"@id":"https:\/\/eurlhosnakamel.dz\/dz\/produit\/bellota-hache-8130300\/#breadcrumb"},"inLanguage":"fr-FR","potentialAction":[{"@type":"ReadAction","target":["https:\/\/eurlhosnakamel.dz\/dz\/produit\/bellota-hache-8130300\/"]}]},{"@type":"ImageObject","inLanguage":"fr-FR","@id":"https:\/\/eurlhosnakamel.dz\/dz\/produit\/bellota-hache-8130300\/#primaryimage","url":"https:\/\/eurlhosnakamel.dz\/dz\/wp-content\/uploads\/2020\/04\/BELOTA-HACHE-8130300.jpg","contentUrl":"https:\/\/eurlhosnakamel.dz\/dz\/wp-content\/uploads\/2020\/04\/BELOTA-HACHE-8130300.jpg","width":512,"height":512},{"@type":"BreadcrumbList","@id":"https:\/\/eurlhosnakamel.dz\/dz\/produit\/bellota-hache-8130300\/#breadcrumb","itemListElement":[{"@type":"ListItem","position":1,"name":"Accueil","item":"https:\/\/eurlhosnakamel.dz\/dz\/"},{"@type":"ListItem","position":2,"name":"Shop","item":"https:\/\/eurlhosnakamel.dz\/dz\/shop\/"},{"@type":"ListItem","position":3,"name":"BELLOTA HACHE 8130300"}]},{"@type":"WebSite","@id":"https:\/\/eurlhosnakamel.dz\/dz\/#website","url":"https:\/\/eurlhosnakamel.dz\/dz\/","name":"EURL HOSNA KAMEL","description":"Fournisseur Premium d&#039;Outillages Professionnels en Alg\u00e9rie -","publisher":{"@id":"https:\/\/eurlhosnakamel.dz\/dz\/#organization"},"potentialAction":[{"@type":"SearchAction","target":{"@type":"EntryPoint","urlTemplate":"https:\/\/eurlhosnakamel.dz\/dz\/?s={search_term_string}"},"query-input":"required name=search_term_string"}],"inLanguage":"fr-FR"},{"@type":"Organization","@id":"https:\/\/eurlhosnakamel.dz\/dz\/#organization","name":"EURL HOSNA KAMEL - Bosch alg\u00e9rie","url":"https:\/\/eurlhosnakamel.dz\/dz\/","logo":{"@type":"ImageObject","inLanguage":"fr-FR","@id":"https:\/\/eurlhosnakamel.dz\/dz\/#\/schema\/logo\/image\/","url":"https:\/\/eurlhosnakamel.dz\/wp-content\/uploads\/2020\/04\/LOGO-HOSNA1.png","contentUrl":"https:\/\/eurlhosnakamel.dz\/wp-content\/uploads\/2020\/04\/LOGO-HOSNA1.png","width":120,"height":127,"caption":"EURL HOSNA KAMEL - Bosch alg\u00e9rie"},"image":{"@id":"https:\/\/eurlhosnakamel.dz\/dz\/#\/schema\/logo\/image\/"},"sameAs":["https:\/\/www.facebook.com\/Eurl.Hosna.DZ\/"]}]}},"_links":{"self":[{"href":"https:\/\/eurlhosnakamel.dz\/dz\/wp-json\/wp\/v2\/product\/5633","targetHints":{"allow":["GET"]}}],"collection":[{"href":"https:\/\/eurlhosnakamel.dz\/dz\/wp-json\/wp\/v2\/product"}],"about":[{"href":"https:\/\/eurlhosnakamel.dz\/dz\/wp-json\/wp\/v2\/types\/product"}],"wp:featuredmedia":[{"embeddable":true,"href":"https:\/\/eurlhosnakamel.dz\/dz\/wp-json\/wp\/v2\/media\/5635"}],"wp:attachment":[{"href":"https:\/\/eurlhosnakamel.dz\/dz\/wp-json\/wp\/v2\/media?parent=5633"}],"wp:term":[{"taxonomy":"product_cat","embeddable":true,"href":"https:\/\/eurlhosnakamel.dz\/dz\/wp-json\/wp\/v2\/product_cat?post=5633"},{"taxonomy":"product_tag","embeddable":true,"href":"https:\/\/eurlhosnakamel.dz\/dz\/wp-json\/wp\/v2\/product_tag?post=5633"}],"curies":[{"name":"wp","href":"https:\/\/api.w.org\/{rel}","templated":true}]}}