{"id":5637,"date":"2020-04-16T15:50:20","date_gmt":"2020-04-16T15:50:20","guid":{"rendered":"https:\/\/lhchosting.com\/hosna\/?post_type=product&#038;p=5637"},"modified":"2021-12-19T09:12:54","modified_gmt":"2021-12-19T09:12:54","slug":"bellota-secateur-gm-arbres-fr-358060","status":"publish","type":"product","link":"https:\/\/eurlhosnakamel.dz\/dz\/produit\/bellota-secateur-gm-arbres-fr-358060\/","title":{"rendered":"BELLOTA SECATEUR GM ARBRES FR 358060"},"content":{"rendered":"<ul>\n<li><strong>Un outil qui vous accompagne toute une vie. Lames en acier tremp\u00e9 haute r\u00e9sistance \u00e0 l\u2019usure pour une utilisation professionnelle et intensive.<\/strong><\/li>\n<li><strong>Finition parfaite. Polissage sp\u00e9cial et amortisseurs offrant une plus grande surface de contact pour une taille sans effort.<\/strong><\/li>\n<li><strong>Prise en main parfaite. Manche l\u00e9ger et ergonomique en aluminium, poign\u00e9es en \u00e9lastom\u00e8re. Diam\u00e8tre de taille\u00a0: 50mm.<\/strong><\/li>\n<\/ul>\n","protected":false},"excerpt":{"rendered":"<h3>S\u00c9CATEUR UNIVERSEL \u00c0 DEUX MAINS POUR LA TAILLE DES ARBRES FRUITIERS UTILISATION INTENSIVE PROLINE<\/h3>\n<div class=\"technical-details__list-info\">\n<ul>\n<li class=\"h3\"><strong>DIMENSIONS (LONGUEUR, LARGEUR ET HAUTEUR) <span class=\"ezfloat-field\">600<\/span>\u00a0x\u00a0<span class=\"ezfloat-field\">210<\/span>\u00a0x\u00a0<span class=\"ezfloat-field\">33<\/span> mm<br \/>\n<\/strong><\/li>\n<li class=\"h3\"><strong>POIDS 1.08 kg<\/strong><\/li>\n<\/ul>\n<\/div>\n<ul class=\"technical-details__list\">\n<li class=\"technical-details__list-title margin-m\"><i class=\"icon-triangle technical-details__icon\" aria-label=\"Fl\u00e8che\"><\/i>\n<div class=\"technical-details__list-info\">\n<p class=\"h3\"><strong>LES USAGES Pour l\u2019\u00e9lagage des arbres fruitiers. Sp\u00e9cial pour les grandes branches.<\/strong><\/p>\n<\/div>\n<\/li>\n<\/ul>\n","protected":false},"featured_media":5639,"template":"","meta":[],"product_cat":[957],"product_tag":[1085],"class_list":{"0":"post-5637","1":"product","2":"type-product","3":"status-publish","4":"has-post-thumbnail","6":"product_cat-jardinage","7":"product_tag-belota-secateur-gm-arbres-fr-358060","8":"product_brand-bellota","10":"first","11":"instock","12":"shipping-taxable","13":"product-type-simple","14":"col-xs-6 col-sm-4","15":"col-md-3 col-lg-3","16":"un-4-cols"},"yoast_head":"<!-- This site is optimized with the Yoast SEO plugin v22.5 - https:\/\/yoast.com\/wordpress\/plugins\/seo\/ -->\n<title>BELLOTA SECATEUR GM ARBRES FR 358060 - EURL HOSNA KAMEL<\/title>\n<meta name=\"description\" content=\"BELLOTA SECATEUR GM ARBRES FR 358060 - EURL HOSNA KAMEL\" \/>\n<meta name=\"robots\" content=\"index, follow, max-snippet:-1, max-image-preview:large, max-video-preview:-1\" \/>\n<link rel=\"canonical\" href=\"https:\/\/eurlhosnakamel.dz\/dz\/produit\/bellota-secateur-gm-arbres-fr-358060\/\" \/>\n<meta property=\"og:locale\" content=\"fr_FR\" \/>\n<meta property=\"og:type\" content=\"article\" \/>\n<meta property=\"og:title\" content=\"BELLOTA SECATEUR GM ARBRES FR 358060 - EURL HOSNA KAMEL\" \/>\n<meta property=\"og:description\" content=\"BELLOTA SECATEUR GM ARBRES FR 358060 - EURL HOSNA KAMEL\" \/>\n<meta property=\"og:url\" content=\"https:\/\/eurlhosnakamel.dz\/dz\/produit\/bellota-secateur-gm-arbres-fr-358060\/\" \/>\n<meta property=\"og:site_name\" content=\"EURL HOSNA KAMEL\" \/>\n<meta property=\"article:publisher\" content=\"https:\/\/www.facebook.com\/Eurl.Hosna.DZ\/\" \/>\n<meta property=\"article:modified_time\" content=\"2021-12-19T09:12:54+00:00\" \/>\n<meta property=\"og:image\" content=\"https:\/\/eurlhosnakamel.dz\/dz\/wp-content\/uploads\/2020\/04\/BELLOTA-SECATEUR-GM-ARBRES-FR-358060-bellota-eurl-hosna-kamel-algerie.jpg\" \/>\n\t<meta property=\"og:image:width\" content=\"512\" \/>\n\t<meta property=\"og:image:height\" content=\"512\" \/>\n\t<meta property=\"og:image:type\" content=\"image\/jpeg\" \/>\n<meta name=\"twitter:card\" content=\"summary_large_image\" \/>\n<script type=\"application\/ld+json\" class=\"yoast-schema-graph\">{\"@context\":\"https:\/\/schema.org\",\"@graph\":[{\"@type\":\"WebPage\",\"@id\":\"https:\/\/eurlhosnakamel.dz\/dz\/produit\/bellota-secateur-gm-arbres-fr-358060\/\",\"url\":\"https:\/\/eurlhosnakamel.dz\/dz\/produit\/bellota-secateur-gm-arbres-fr-358060\/\",\"name\":\"BELLOTA SECATEUR GM ARBRES FR 358060 - EURL HOSNA KAMEL\",\"isPartOf\":{\"@id\":\"https:\/\/eurlhosnakamel.dz\/dz\/#website\"},\"primaryImageOfPage\":{\"@id\":\"https:\/\/eurlhosnakamel.dz\/dz\/produit\/bellota-secateur-gm-arbres-fr-358060\/#primaryimage\"},\"image\":{\"@id\":\"https:\/\/eurlhosnakamel.dz\/dz\/produit\/bellota-secateur-gm-arbres-fr-358060\/#primaryimage\"},\"thumbnailUrl\":\"https:\/\/eurlhosnakamel.dz\/dz\/wp-content\/uploads\/2020\/04\/BELLOTA-SECATEUR-GM-ARBRES-FR-358060-bellota-eurl-hosna-kamel-algerie.jpg\",\"datePublished\":\"2020-04-16T15:50:20+00:00\",\"dateModified\":\"2021-12-19T09:12:54+00:00\",\"description\":\"BELLOTA SECATEUR GM ARBRES FR 358060 - EURL HOSNA KAMEL\",\"breadcrumb\":{\"@id\":\"https:\/\/eurlhosnakamel.dz\/dz\/produit\/bellota-secateur-gm-arbres-fr-358060\/#breadcrumb\"},\"inLanguage\":\"fr-FR\",\"potentialAction\":[{\"@type\":\"ReadAction\",\"target\":[\"https:\/\/eurlhosnakamel.dz\/dz\/produit\/bellota-secateur-gm-arbres-fr-358060\/\"]}]},{\"@type\":\"ImageObject\",\"inLanguage\":\"fr-FR\",\"@id\":\"https:\/\/eurlhosnakamel.dz\/dz\/produit\/bellota-secateur-gm-arbres-fr-358060\/#primaryimage\",\"url\":\"https:\/\/eurlhosnakamel.dz\/dz\/wp-content\/uploads\/2020\/04\/BELLOTA-SECATEUR-GM-ARBRES-FR-358060-bellota-eurl-hosna-kamel-algerie.jpg\",\"contentUrl\":\"https:\/\/eurlhosnakamel.dz\/dz\/wp-content\/uploads\/2020\/04\/BELLOTA-SECATEUR-GM-ARBRES-FR-358060-bellota-eurl-hosna-kamel-algerie.jpg\",\"width\":512,\"height\":512},{\"@type\":\"BreadcrumbList\",\"@id\":\"https:\/\/eurlhosnakamel.dz\/dz\/produit\/bellota-secateur-gm-arbres-fr-358060\/#breadcrumb\",\"itemListElement\":[{\"@type\":\"ListItem\",\"position\":1,\"name\":\"Accueil\",\"item\":\"https:\/\/eurlhosnakamel.dz\/dz\/\"},{\"@type\":\"ListItem\",\"position\":2,\"name\":\"Shop\",\"item\":\"https:\/\/eurlhosnakamel.dz\/dz\/shop\/\"},{\"@type\":\"ListItem\",\"position\":3,\"name\":\"BELLOTA SECATEUR GM ARBRES FR 358060\"}]},{\"@type\":\"WebSite\",\"@id\":\"https:\/\/eurlhosnakamel.dz\/dz\/#website\",\"url\":\"https:\/\/eurlhosnakamel.dz\/dz\/\",\"name\":\"EURL HOSNA KAMEL\",\"description\":\"Fournisseur Premium d&#039;Outillages Professionnels en Alg\u00e9rie -\",\"publisher\":{\"@id\":\"https:\/\/eurlhosnakamel.dz\/dz\/#organization\"},\"potentialAction\":[{\"@type\":\"SearchAction\",\"target\":{\"@type\":\"EntryPoint\",\"urlTemplate\":\"https:\/\/eurlhosnakamel.dz\/dz\/?s={search_term_string}\"},\"query-input\":\"required name=search_term_string\"}],\"inLanguage\":\"fr-FR\"},{\"@type\":\"Organization\",\"@id\":\"https:\/\/eurlhosnakamel.dz\/dz\/#organization\",\"name\":\"EURL HOSNA KAMEL - Bosch alg\u00e9rie\",\"url\":\"https:\/\/eurlhosnakamel.dz\/dz\/\",\"logo\":{\"@type\":\"ImageObject\",\"inLanguage\":\"fr-FR\",\"@id\":\"https:\/\/eurlhosnakamel.dz\/dz\/#\/schema\/logo\/image\/\",\"url\":\"https:\/\/eurlhosnakamel.dz\/wp-content\/uploads\/2020\/04\/LOGO-HOSNA1.png\",\"contentUrl\":\"https:\/\/eurlhosnakamel.dz\/wp-content\/uploads\/2020\/04\/LOGO-HOSNA1.png\",\"width\":120,\"height\":127,\"caption\":\"EURL HOSNA KAMEL - Bosch alg\u00e9rie\"},\"image\":{\"@id\":\"https:\/\/eurlhosnakamel.dz\/dz\/#\/schema\/logo\/image\/\"},\"sameAs\":[\"https:\/\/www.facebook.com\/Eurl.Hosna.DZ\/\"]}]}<\/script>\n<!-- \/ Yoast SEO plugin. -->","yoast_head_json":{"title":"BELLOTA SECATEUR GM ARBRES FR 358060 - EURL HOSNA KAMEL","description":"BELLOTA SECATEUR GM ARBRES FR 358060 - EURL HOSNA KAMEL","robots":{"index":"index","follow":"follow","max-snippet":"max-snippet:-1","max-image-preview":"max-image-preview:large","max-video-preview":"max-video-preview:-1"},"canonical":"https:\/\/eurlhosnakamel.dz\/dz\/produit\/bellota-secateur-gm-arbres-fr-358060\/","og_locale":"fr_FR","og_type":"article","og_title":"BELLOTA SECATEUR GM ARBRES FR 358060 - EURL HOSNA KAMEL","og_description":"BELLOTA SECATEUR GM ARBRES FR 358060 - EURL HOSNA KAMEL","og_url":"https:\/\/eurlhosnakamel.dz\/dz\/produit\/bellota-secateur-gm-arbres-fr-358060\/","og_site_name":"EURL HOSNA KAMEL","article_publisher":"https:\/\/www.facebook.com\/Eurl.Hosna.DZ\/","article_modified_time":"2021-12-19T09:12:54+00:00","og_image":[{"width":512,"height":512,"url":"https:\/\/eurlhosnakamel.dz\/dz\/wp-content\/uploads\/2020\/04\/BELLOTA-SECATEUR-GM-ARBRES-FR-358060-bellota-eurl-hosna-kamel-algerie.jpg","type":"image\/jpeg"}],"twitter_card":"summary_large_image","schema":{"@context":"https:\/\/schema.org","@graph":[{"@type":"WebPage","@id":"https:\/\/eurlhosnakamel.dz\/dz\/produit\/bellota-secateur-gm-arbres-fr-358060\/","url":"https:\/\/eurlhosnakamel.dz\/dz\/produit\/bellota-secateur-gm-arbres-fr-358060\/","name":"BELLOTA SECATEUR GM ARBRES FR 358060 - EURL HOSNA KAMEL","isPartOf":{"@id":"https:\/\/eurlhosnakamel.dz\/dz\/#website"},"primaryImageOfPage":{"@id":"https:\/\/eurlhosnakamel.dz\/dz\/produit\/bellota-secateur-gm-arbres-fr-358060\/#primaryimage"},"image":{"@id":"https:\/\/eurlhosnakamel.dz\/dz\/produit\/bellota-secateur-gm-arbres-fr-358060\/#primaryimage"},"thumbnailUrl":"https:\/\/eurlhosnakamel.dz\/dz\/wp-content\/uploads\/2020\/04\/BELLOTA-SECATEUR-GM-ARBRES-FR-358060-bellota-eurl-hosna-kamel-algerie.jpg","datePublished":"2020-04-16T15:50:20+00:00","dateModified":"2021-12-19T09:12:54+00:00","description":"BELLOTA SECATEUR GM ARBRES FR 358060 - EURL HOSNA KAMEL","breadcrumb":{"@id":"https:\/\/eurlhosnakamel.dz\/dz\/produit\/bellota-secateur-gm-arbres-fr-358060\/#breadcrumb"},"inLanguage":"fr-FR","potentialAction":[{"@type":"ReadAction","target":["https:\/\/eurlhosnakamel.dz\/dz\/produit\/bellota-secateur-gm-arbres-fr-358060\/"]}]},{"@type":"ImageObject","inLanguage":"fr-FR","@id":"https:\/\/eurlhosnakamel.dz\/dz\/produit\/bellota-secateur-gm-arbres-fr-358060\/#primaryimage","url":"https:\/\/eurlhosnakamel.dz\/dz\/wp-content\/uploads\/2020\/04\/BELLOTA-SECATEUR-GM-ARBRES-FR-358060-bellota-eurl-hosna-kamel-algerie.jpg","contentUrl":"https:\/\/eurlhosnakamel.dz\/dz\/wp-content\/uploads\/2020\/04\/BELLOTA-SECATEUR-GM-ARBRES-FR-358060-bellota-eurl-hosna-kamel-algerie.jpg","width":512,"height":512},{"@type":"BreadcrumbList","@id":"https:\/\/eurlhosnakamel.dz\/dz\/produit\/bellota-secateur-gm-arbres-fr-358060\/#breadcrumb","itemListElement":[{"@type":"ListItem","position":1,"name":"Accueil","item":"https:\/\/eurlhosnakamel.dz\/dz\/"},{"@type":"ListItem","position":2,"name":"Shop","item":"https:\/\/eurlhosnakamel.dz\/dz\/shop\/"},{"@type":"ListItem","position":3,"name":"BELLOTA SECATEUR GM ARBRES FR 358060"}]},{"@type":"WebSite","@id":"https:\/\/eurlhosnakamel.dz\/dz\/#website","url":"https:\/\/eurlhosnakamel.dz\/dz\/","name":"EURL HOSNA KAMEL","description":"Fournisseur Premium d&#039;Outillages Professionnels en Alg\u00e9rie -","publisher":{"@id":"https:\/\/eurlhosnakamel.dz\/dz\/#organization"},"potentialAction":[{"@type":"SearchAction","target":{"@type":"EntryPoint","urlTemplate":"https:\/\/eurlhosnakamel.dz\/dz\/?s={search_term_string}"},"query-input":"required name=search_term_string"}],"inLanguage":"fr-FR"},{"@type":"Organization","@id":"https:\/\/eurlhosnakamel.dz\/dz\/#organization","name":"EURL HOSNA KAMEL - Bosch alg\u00e9rie","url":"https:\/\/eurlhosnakamel.dz\/dz\/","logo":{"@type":"ImageObject","inLanguage":"fr-FR","@id":"https:\/\/eurlhosnakamel.dz\/dz\/#\/schema\/logo\/image\/","url":"https:\/\/eurlhosnakamel.dz\/wp-content\/uploads\/2020\/04\/LOGO-HOSNA1.png","contentUrl":"https:\/\/eurlhosnakamel.dz\/wp-content\/uploads\/2020\/04\/LOGO-HOSNA1.png","width":120,"height":127,"caption":"EURL HOSNA KAMEL - Bosch alg\u00e9rie"},"image":{"@id":"https:\/\/eurlhosnakamel.dz\/dz\/#\/schema\/logo\/image\/"},"sameAs":["https:\/\/www.facebook.com\/Eurl.Hosna.DZ\/"]}]}},"_links":{"self":[{"href":"https:\/\/eurlhosnakamel.dz\/dz\/wp-json\/wp\/v2\/product\/5637","targetHints":{"allow":["GET"]}}],"collection":[{"href":"https:\/\/eurlhosnakamel.dz\/dz\/wp-json\/wp\/v2\/product"}],"about":[{"href":"https:\/\/eurlhosnakamel.dz\/dz\/wp-json\/wp\/v2\/types\/product"}],"wp:featuredmedia":[{"embeddable":true,"href":"https:\/\/eurlhosnakamel.dz\/dz\/wp-json\/wp\/v2\/media\/5639"}],"wp:attachment":[{"href":"https:\/\/eurlhosnakamel.dz\/dz\/wp-json\/wp\/v2\/media?parent=5637"}],"wp:term":[{"taxonomy":"product_cat","embeddable":true,"href":"https:\/\/eurlhosnakamel.dz\/dz\/wp-json\/wp\/v2\/product_cat?post=5637"},{"taxonomy":"product_tag","embeddable":true,"href":"https:\/\/eurlhosnakamel.dz\/dz\/wp-json\/wp\/v2\/product_tag?post=5637"}],"curies":[{"name":"wp","href":"https:\/\/api.w.org\/{rel}","templated":true}]}}