{"id":5817,"date":"2020-04-18T12:34:17","date_gmt":"2020-04-18T12:34:17","guid":{"rendered":"https:\/\/lhchosting.com\/hosna\/?post_type=product&#038;p=5817"},"modified":"2021-12-19T09:12:38","modified_gmt":"2021-12-19T09:12:38","slug":"bosch-meuleuse-droite-ggs-5000-lc-500w-bec-long","status":"publish","type":"product","link":"https:\/\/eurlhosnakamel.dz\/dz\/produit\/bosch-meuleuse-droite-ggs-5000-lc-500w-bec-long\/","title":{"rendered":"Meuleuses droites 500 Watts Bec long GGS 5000 LC"},"content":{"rendered":"<section id=\"technicaldata\" class=\"o-technical_details-a trackingModule\" data-track_moduletype=\"O09a_technical_data\">\n<div class=\"container\">\n<div class=\"row\">\n<div class=\"col-xs-12\">\n<div class=\"headline hl1\">\n<section id=\"technicaldata\" class=\"o-technical_details-a trackingModule\" data-track_moduletype=\"O09a_technical_data\">\n<div class=\"container\">\n<div class=\"row\">\n<div class=\"col-xs-12\">\n<h4 class=\"headline hl1\"><strong>Caract\u00e9ristiques techniques<\/strong><\/h4>\n<\/div>\n<\/div>\n<div class=\"row\">\n<div class=\"col-lg-8 col-xs-12\">\n<table class=\"table\">\n<colgroup>\n<col class=\"col-xs-5\" \/>\n<col class=\"col-xs-3\" \/><\/colgroup>\n<thead>\n<tr>\n<th class=\"headline hl4\" colspan=\"2\"><strong>Donn\u00e9es suppl\u00e9mentaires<\/strong><\/th>\n<\/tr>\n<\/thead>\n<tbody>\n<tr>\n<td>R\u00e9gime \u00e0 vide*<\/td>\n<td>33,000\u00a0t\/min<\/td>\n<\/tr>\n<tr>\n<td>Puissance absorb\u00e9e nominale*<\/td>\n<td>500\u00a0W<\/td>\n<\/tr>\n<tr>\n<td>Porte-outils*<\/td>\n<td>Pinces de serrage jusqu\u2019\u00e0 \u00d8 8 mm<\/td>\n<\/tr>\n<tr>\n<td>Diam\u00e8tre du collet de broche<\/td>\n<td>41\u00a0mm<\/td>\n<\/tr>\n<tr>\n<td>Poids<\/td>\n<td>1,4\u00a0kg<\/td>\n<\/tr>\n<tr>\n<td>Dimensions de l\u2019outil (largeur)<\/td>\n<td>80\u00a0mm<\/td>\n<\/tr>\n<tr>\n<td>Dimensions de l\u2019outil (longueur)<\/td>\n<td>360\u00a0mm<\/td>\n<\/tr>\n<tr>\n<td>Dimensions de l\u2019outil (hauteur)<\/td>\n<td>80\u00a0mm<\/td>\n<\/tr>\n<tr>\n<td>\u00d8 maxi. pince de serrage<\/td>\n<td>8 mm<\/td>\n<\/tr>\n<tr>\n<td>\u00d8 de meule maxi.<\/td>\n<td>25\u00a0mm<\/td>\n<\/tr>\n<tr>\n<td>Interrupteur<\/td>\n<td>2 voies<\/td>\n<\/tr>\n<\/tbody>\n<\/table>\n<p>* Donn\u00e9es mises en surbrillance<\/p>\n<p>Le niveau sonore pond\u00e9r\u00e9 A de l&#8217;outil \u00e9lectroportatif est typiquement de : niveau de pression acoustique dB(A) ; niveau de puissance acoustique dB(A). Incertitude K = dB.<\/p>\n<\/div>\n<div class=\"col-lg-4 col-xs-12\">\n<div class=\"o-technical_details-a__imagewrapper\"><img decoding=\"async\" class=\"img-responsive ls-is-cached lazyloaded alignleft\" src=\"https:\/\/www.bosch-professional.com\/binary\/ocsmedia\/optimized\/767x767\/o261292v16_lv-70164-12-GGS_5000_L_Drawing.jpg\" alt=\"\" \/><\/div>\n<\/div>\n<\/div>\n<\/div>\n<\/section>\n<section id=\"highlights\" class=\"m-product_hightlights trackingModule\" data-track_moduletype=\"M49_product_highlights\">\n<div class=\"container\">\n<h4 class=\"headline hl1\"><strong>Avantages<\/strong><\/h4>\n<div class=\"row\">\n<div class=\"col-md-6\">\n<div class=\"m-product_hightlights__content-wrapper\">\n<h4 class=\"headline hl4\"><strong>Particuli\u00e8rement maniable pour les travaux exigeants<\/strong><\/h4>\n<ul class=\"m-product_hightlights__list\">\n<li>Moteur 500\u00a0W puissant pour les applications de rectification exigeantes<\/li>\n<li>Conception de poign\u00e9e pratique assurant une manipulation confortable et une ma\u00eetrise sup\u00e9rieure<\/li>\n<li>Ou\u00efes d\u2019a\u00e9ration optimis\u00e9es pour un refroidissement efficace<\/li>\n<\/ul>\n<\/div>\n<\/div>\n<\/div>\n<\/div>\n<\/section>\n<section id=\"pricescope\" class=\"o-product_variations-a trackingModule\" data-track_moduletype=\"O16a_product_variations\">\n<div class=\"o-product_variations-a__container container\">\n<div class=\"o-product_variations-a__row row\">\n<div class=\"m-detail_stage\">\n<div class=\"m-detail_stage__headline col-xs-12\">\n<h4 class=\"headline hl1\"><strong>Ce qui est inclus dans ce paquet<\/strong><\/h4>\n<\/div>\n<div class=\"m-detail_stage__image col-sm-5\"><\/div>\n<\/div>\n<div class=\"m-conversion_area\">\n<div class=\"m-conversion_area__col\">\n<div class=\"m-conversion_area__information\">\n<div class=\"m-conversion_area__headline m-conversion_area__headline--hl3\">\n<div class=\"headline hl3\">GGS 5000 L Professional<\/div>\n<\/div>\n<div class=\"m-conversion_area__headline m-conversion_area__headline--hl5\">\n<div class=\"headline hl5\">R\u00e9f\u00e9rence:\u00a0<span class=\"a-ordernumber\">0\u00a0601\u00a0224\u00a0100<\/span><\/div>\n<\/div>\n<ul class=\"m-conversion_area__ul\">\n<li class=\"m-conversion_area__li\">Mandrin de serrage<span class=\"a-ordernumber grey-text grey-text\">1\u00a0619\u00a0P10\u00a0708<\/span><\/li>\n<li class=\"m-conversion_area__li\">Cl\u00e9 plate simple<span class=\"a-ordernumber grey-text grey-text\">1\u00a0619\u00a0P10\u00a0039<\/span><\/li>\n<\/ul>\n<\/div>\n<\/div>\n<\/div>\n<\/div>\n<\/div>\n<\/section>\n<\/div>\n<\/div>\n<\/div>\n<\/div>\n<\/section>\n","protected":false},"excerpt":{"rendered":"<div class=\"row\">\n<div class=\"col-md-7 col-sm-6\">\n<h4 class=\"o-hero_stage__headline-wrapper headline hl1\">Particuli\u00e8rement maniable pour les travaux exigeants<\/h4>\n<p><img decoding=\"async\" class=\"alignnone size-full wp-image-5825\" src=\"https:\/\/lhchosting.com\/hosna\/wp-content\/uploads\/2020\/04\/BOSCH-MEULEUSE-DROITE-GGS5000LC-500W-BEC-LONG-icone-eurl-hosna-kamel-algerie.jpg\" alt=\"\" width=\"251\" height=\"124\" srcset=\"https:\/\/eurlhosnakamel.dz\/dz\/wp-content\/uploads\/2020\/04\/BOSCH-MEULEUSE-DROITE-GGS5000LC-500W-BEC-LONG-icone-eurl-hosna-kamel-algerie.jpg 251w, https:\/\/eurlhosnakamel.dz\/dz\/wp-content\/uploads\/2020\/04\/BOSCH-MEULEUSE-DROITE-GGS5000LC-500W-BEC-LONG-icone-eurl-hosna-kamel-algerie-200x99.jpg 200w\" sizes=\"(max-width: 251px) 100vw, 251px\" \/><\/p>\n<\/div>\n<\/div>\n","protected":false},"featured_media":5819,"template":"","meta":[],"product_cat":[405,441],"product_tag":[1123,2431],"class_list":{"0":"post-5817","1":"product","2":"type-product","3":"status-publish","4":"has-post-thumbnail","6":"product_cat-outillage","7":"product_cat-outillage-filaire","8":"product_tag-bosch-meuleuse-droite-ggs-5000-lc-500w-bec-long","9":"product_tag-ggs-5000-lc","10":"product_brand-bosch-outillage","12":"first","13":"instock","14":"shipping-taxable","15":"product-type-simple","16":"col-xs-6 col-sm-4","17":"col-md-3 col-lg-3","18":"un-4-cols"},"yoast_head":"<!-- This site is optimized with the Yoast SEO plugin v22.5 - https:\/\/yoast.com\/wordpress\/plugins\/seo\/ -->\n<title>Meuleuses droites 500 Watts Bec long GGS 5000 LC - EURL HOSNA KAMEL<\/title>\n<meta name=\"description\" content=\"Meuleuses droites 500 Watts Bec long GGS 5000 LC - EURL HOSNA KAMEL\" \/>\n<meta name=\"robots\" content=\"index, follow, max-snippet:-1, max-image-preview:large, max-video-preview:-1\" \/>\n<link rel=\"canonical\" href=\"https:\/\/eurlhosnakamel.dz\/dz\/produit\/bosch-meuleuse-droite-ggs-5000-lc-500w-bec-long\/\" \/>\n<meta property=\"og:locale\" content=\"fr_FR\" \/>\n<meta property=\"og:type\" content=\"article\" \/>\n<meta property=\"og:title\" content=\"Meuleuses droites 500 Watts Bec long GGS 5000 LC - EURL HOSNA KAMEL\" \/>\n<meta property=\"og:description\" content=\"Meuleuses droites 500 Watts Bec long GGS 5000 LC - EURL HOSNA KAMEL\" \/>\n<meta property=\"og:url\" content=\"https:\/\/eurlhosnakamel.dz\/dz\/produit\/bosch-meuleuse-droite-ggs-5000-lc-500w-bec-long\/\" \/>\n<meta property=\"og:site_name\" content=\"EURL HOSNA KAMEL\" \/>\n<meta property=\"article:publisher\" content=\"https:\/\/www.facebook.com\/Eurl.Hosna.DZ\/\" \/>\n<meta property=\"article:modified_time\" content=\"2021-12-19T09:12:38+00:00\" \/>\n<meta property=\"og:image\" content=\"https:\/\/eurlhosnakamel.dz\/dz\/wp-content\/uploads\/2020\/04\/BOSCH-MEULEUSE-DROITE-GGS5000LC-500W-BEC-LONG-eurl-hosna-kamel-algerie.jpg\" \/>\n\t<meta property=\"og:image:width\" content=\"512\" \/>\n\t<meta property=\"og:image:height\" content=\"512\" \/>\n\t<meta property=\"og:image:type\" content=\"image\/jpeg\" \/>\n<meta name=\"twitter:card\" content=\"summary_large_image\" \/>\n<meta name=\"twitter:label1\" content=\"Dur\u00e9e de lecture estim\u00e9e\" \/>\n\t<meta name=\"twitter:data1\" content=\"1 minute\" \/>\n<script type=\"application\/ld+json\" class=\"yoast-schema-graph\">{\"@context\":\"https:\/\/schema.org\",\"@graph\":[{\"@type\":\"WebPage\",\"@id\":\"https:\/\/eurlhosnakamel.dz\/dz\/produit\/bosch-meuleuse-droite-ggs-5000-lc-500w-bec-long\/\",\"url\":\"https:\/\/eurlhosnakamel.dz\/dz\/produit\/bosch-meuleuse-droite-ggs-5000-lc-500w-bec-long\/\",\"name\":\"Meuleuses droites 500 Watts Bec long GGS 5000 LC - EURL HOSNA KAMEL\",\"isPartOf\":{\"@id\":\"https:\/\/eurlhosnakamel.dz\/dz\/#website\"},\"primaryImageOfPage\":{\"@id\":\"https:\/\/eurlhosnakamel.dz\/dz\/produit\/bosch-meuleuse-droite-ggs-5000-lc-500w-bec-long\/#primaryimage\"},\"image\":{\"@id\":\"https:\/\/eurlhosnakamel.dz\/dz\/produit\/bosch-meuleuse-droite-ggs-5000-lc-500w-bec-long\/#primaryimage\"},\"thumbnailUrl\":\"https:\/\/eurlhosnakamel.dz\/dz\/wp-content\/uploads\/2020\/04\/BOSCH-MEULEUSE-DROITE-GGS5000LC-500W-BEC-LONG-eurl-hosna-kamel-algerie.jpg\",\"datePublished\":\"2020-04-18T12:34:17+00:00\",\"dateModified\":\"2021-12-19T09:12:38+00:00\",\"description\":\"Meuleuses droites 500 Watts Bec long GGS 5000 LC - EURL HOSNA KAMEL\",\"breadcrumb\":{\"@id\":\"https:\/\/eurlhosnakamel.dz\/dz\/produit\/bosch-meuleuse-droite-ggs-5000-lc-500w-bec-long\/#breadcrumb\"},\"inLanguage\":\"fr-FR\",\"potentialAction\":[{\"@type\":\"ReadAction\",\"target\":[\"https:\/\/eurlhosnakamel.dz\/dz\/produit\/bosch-meuleuse-droite-ggs-5000-lc-500w-bec-long\/\"]}]},{\"@type\":\"ImageObject\",\"inLanguage\":\"fr-FR\",\"@id\":\"https:\/\/eurlhosnakamel.dz\/dz\/produit\/bosch-meuleuse-droite-ggs-5000-lc-500w-bec-long\/#primaryimage\",\"url\":\"https:\/\/eurlhosnakamel.dz\/dz\/wp-content\/uploads\/2020\/04\/BOSCH-MEULEUSE-DROITE-GGS5000LC-500W-BEC-LONG-eurl-hosna-kamel-algerie.jpg\",\"contentUrl\":\"https:\/\/eurlhosnakamel.dz\/dz\/wp-content\/uploads\/2020\/04\/BOSCH-MEULEUSE-DROITE-GGS5000LC-500W-BEC-LONG-eurl-hosna-kamel-algerie.jpg\",\"width\":512,\"height\":512},{\"@type\":\"BreadcrumbList\",\"@id\":\"https:\/\/eurlhosnakamel.dz\/dz\/produit\/bosch-meuleuse-droite-ggs-5000-lc-500w-bec-long\/#breadcrumb\",\"itemListElement\":[{\"@type\":\"ListItem\",\"position\":1,\"name\":\"Accueil\",\"item\":\"https:\/\/eurlhosnakamel.dz\/dz\/\"},{\"@type\":\"ListItem\",\"position\":2,\"name\":\"Shop\",\"item\":\"https:\/\/eurlhosnakamel.dz\/dz\/shop\/\"},{\"@type\":\"ListItem\",\"position\":3,\"name\":\"Meuleuses droites 500 Watts Bec long GGS 5000 LC\"}]},{\"@type\":\"WebSite\",\"@id\":\"https:\/\/eurlhosnakamel.dz\/dz\/#website\",\"url\":\"https:\/\/eurlhosnakamel.dz\/dz\/\",\"name\":\"EURL HOSNA KAMEL\",\"description\":\"Fournisseur Premium d&#039;Outillages Professionnels en Alg\u00e9rie -\",\"publisher\":{\"@id\":\"https:\/\/eurlhosnakamel.dz\/dz\/#organization\"},\"potentialAction\":[{\"@type\":\"SearchAction\",\"target\":{\"@type\":\"EntryPoint\",\"urlTemplate\":\"https:\/\/eurlhosnakamel.dz\/dz\/?s={search_term_string}\"},\"query-input\":\"required name=search_term_string\"}],\"inLanguage\":\"fr-FR\"},{\"@type\":\"Organization\",\"@id\":\"https:\/\/eurlhosnakamel.dz\/dz\/#organization\",\"name\":\"EURL HOSNA KAMEL - Bosch alg\u00e9rie\",\"url\":\"https:\/\/eurlhosnakamel.dz\/dz\/\",\"logo\":{\"@type\":\"ImageObject\",\"inLanguage\":\"fr-FR\",\"@id\":\"https:\/\/eurlhosnakamel.dz\/dz\/#\/schema\/logo\/image\/\",\"url\":\"https:\/\/eurlhosnakamel.dz\/wp-content\/uploads\/2020\/04\/LOGO-HOSNA1.png\",\"contentUrl\":\"https:\/\/eurlhosnakamel.dz\/wp-content\/uploads\/2020\/04\/LOGO-HOSNA1.png\",\"width\":120,\"height\":127,\"caption\":\"EURL HOSNA KAMEL - Bosch alg\u00e9rie\"},\"image\":{\"@id\":\"https:\/\/eurlhosnakamel.dz\/dz\/#\/schema\/logo\/image\/\"},\"sameAs\":[\"https:\/\/www.facebook.com\/Eurl.Hosna.DZ\/\"]}]}<\/script>\n<!-- \/ Yoast SEO plugin. -->","yoast_head_json":{"title":"Meuleuses droites 500 Watts Bec long GGS 5000 LC - EURL HOSNA KAMEL","description":"Meuleuses droites 500 Watts Bec long GGS 5000 LC - EURL HOSNA KAMEL","robots":{"index":"index","follow":"follow","max-snippet":"max-snippet:-1","max-image-preview":"max-image-preview:large","max-video-preview":"max-video-preview:-1"},"canonical":"https:\/\/eurlhosnakamel.dz\/dz\/produit\/bosch-meuleuse-droite-ggs-5000-lc-500w-bec-long\/","og_locale":"fr_FR","og_type":"article","og_title":"Meuleuses droites 500 Watts Bec long GGS 5000 LC - EURL HOSNA KAMEL","og_description":"Meuleuses droites 500 Watts Bec long GGS 5000 LC - EURL HOSNA KAMEL","og_url":"https:\/\/eurlhosnakamel.dz\/dz\/produit\/bosch-meuleuse-droite-ggs-5000-lc-500w-bec-long\/","og_site_name":"EURL HOSNA KAMEL","article_publisher":"https:\/\/www.facebook.com\/Eurl.Hosna.DZ\/","article_modified_time":"2021-12-19T09:12:38+00:00","og_image":[{"width":512,"height":512,"url":"https:\/\/eurlhosnakamel.dz\/dz\/wp-content\/uploads\/2020\/04\/BOSCH-MEULEUSE-DROITE-GGS5000LC-500W-BEC-LONG-eurl-hosna-kamel-algerie.jpg","type":"image\/jpeg"}],"twitter_card":"summary_large_image","twitter_misc":{"Dur\u00e9e de lecture estim\u00e9e":"1 minute"},"schema":{"@context":"https:\/\/schema.org","@graph":[{"@type":"WebPage","@id":"https:\/\/eurlhosnakamel.dz\/dz\/produit\/bosch-meuleuse-droite-ggs-5000-lc-500w-bec-long\/","url":"https:\/\/eurlhosnakamel.dz\/dz\/produit\/bosch-meuleuse-droite-ggs-5000-lc-500w-bec-long\/","name":"Meuleuses droites 500 Watts Bec long GGS 5000 LC - EURL HOSNA KAMEL","isPartOf":{"@id":"https:\/\/eurlhosnakamel.dz\/dz\/#website"},"primaryImageOfPage":{"@id":"https:\/\/eurlhosnakamel.dz\/dz\/produit\/bosch-meuleuse-droite-ggs-5000-lc-500w-bec-long\/#primaryimage"},"image":{"@id":"https:\/\/eurlhosnakamel.dz\/dz\/produit\/bosch-meuleuse-droite-ggs-5000-lc-500w-bec-long\/#primaryimage"},"thumbnailUrl":"https:\/\/eurlhosnakamel.dz\/dz\/wp-content\/uploads\/2020\/04\/BOSCH-MEULEUSE-DROITE-GGS5000LC-500W-BEC-LONG-eurl-hosna-kamel-algerie.jpg","datePublished":"2020-04-18T12:34:17+00:00","dateModified":"2021-12-19T09:12:38+00:00","description":"Meuleuses droites 500 Watts Bec long GGS 5000 LC - EURL HOSNA KAMEL","breadcrumb":{"@id":"https:\/\/eurlhosnakamel.dz\/dz\/produit\/bosch-meuleuse-droite-ggs-5000-lc-500w-bec-long\/#breadcrumb"},"inLanguage":"fr-FR","potentialAction":[{"@type":"ReadAction","target":["https:\/\/eurlhosnakamel.dz\/dz\/produit\/bosch-meuleuse-droite-ggs-5000-lc-500w-bec-long\/"]}]},{"@type":"ImageObject","inLanguage":"fr-FR","@id":"https:\/\/eurlhosnakamel.dz\/dz\/produit\/bosch-meuleuse-droite-ggs-5000-lc-500w-bec-long\/#primaryimage","url":"https:\/\/eurlhosnakamel.dz\/dz\/wp-content\/uploads\/2020\/04\/BOSCH-MEULEUSE-DROITE-GGS5000LC-500W-BEC-LONG-eurl-hosna-kamel-algerie.jpg","contentUrl":"https:\/\/eurlhosnakamel.dz\/dz\/wp-content\/uploads\/2020\/04\/BOSCH-MEULEUSE-DROITE-GGS5000LC-500W-BEC-LONG-eurl-hosna-kamel-algerie.jpg","width":512,"height":512},{"@type":"BreadcrumbList","@id":"https:\/\/eurlhosnakamel.dz\/dz\/produit\/bosch-meuleuse-droite-ggs-5000-lc-500w-bec-long\/#breadcrumb","itemListElement":[{"@type":"ListItem","position":1,"name":"Accueil","item":"https:\/\/eurlhosnakamel.dz\/dz\/"},{"@type":"ListItem","position":2,"name":"Shop","item":"https:\/\/eurlhosnakamel.dz\/dz\/shop\/"},{"@type":"ListItem","position":3,"name":"Meuleuses droites 500 Watts Bec long GGS 5000 LC"}]},{"@type":"WebSite","@id":"https:\/\/eurlhosnakamel.dz\/dz\/#website","url":"https:\/\/eurlhosnakamel.dz\/dz\/","name":"EURL HOSNA KAMEL","description":"Fournisseur Premium d&#039;Outillages Professionnels en Alg\u00e9rie -","publisher":{"@id":"https:\/\/eurlhosnakamel.dz\/dz\/#organization"},"potentialAction":[{"@type":"SearchAction","target":{"@type":"EntryPoint","urlTemplate":"https:\/\/eurlhosnakamel.dz\/dz\/?s={search_term_string}"},"query-input":"required name=search_term_string"}],"inLanguage":"fr-FR"},{"@type":"Organization","@id":"https:\/\/eurlhosnakamel.dz\/dz\/#organization","name":"EURL HOSNA KAMEL - Bosch alg\u00e9rie","url":"https:\/\/eurlhosnakamel.dz\/dz\/","logo":{"@type":"ImageObject","inLanguage":"fr-FR","@id":"https:\/\/eurlhosnakamel.dz\/dz\/#\/schema\/logo\/image\/","url":"https:\/\/eurlhosnakamel.dz\/wp-content\/uploads\/2020\/04\/LOGO-HOSNA1.png","contentUrl":"https:\/\/eurlhosnakamel.dz\/wp-content\/uploads\/2020\/04\/LOGO-HOSNA1.png","width":120,"height":127,"caption":"EURL HOSNA KAMEL - Bosch alg\u00e9rie"},"image":{"@id":"https:\/\/eurlhosnakamel.dz\/dz\/#\/schema\/logo\/image\/"},"sameAs":["https:\/\/www.facebook.com\/Eurl.Hosna.DZ\/"]}]}},"_links":{"self":[{"href":"https:\/\/eurlhosnakamel.dz\/dz\/wp-json\/wp\/v2\/product\/5817","targetHints":{"allow":["GET"]}}],"collection":[{"href":"https:\/\/eurlhosnakamel.dz\/dz\/wp-json\/wp\/v2\/product"}],"about":[{"href":"https:\/\/eurlhosnakamel.dz\/dz\/wp-json\/wp\/v2\/types\/product"}],"wp:featuredmedia":[{"embeddable":true,"href":"https:\/\/eurlhosnakamel.dz\/dz\/wp-json\/wp\/v2\/media\/5819"}],"wp:attachment":[{"href":"https:\/\/eurlhosnakamel.dz\/dz\/wp-json\/wp\/v2\/media?parent=5817"}],"wp:term":[{"taxonomy":"product_cat","embeddable":true,"href":"https:\/\/eurlhosnakamel.dz\/dz\/wp-json\/wp\/v2\/product_cat?post=5817"},{"taxonomy":"product_tag","embeddable":true,"href":"https:\/\/eurlhosnakamel.dz\/dz\/wp-json\/wp\/v2\/product_tag?post=5817"}],"curies":[{"name":"wp","href":"https:\/\/api.w.org\/{rel}","templated":true}]}}