{"id":5875,"date":"2020-04-18T13:59:46","date_gmt":"2020-04-18T13:59:46","guid":{"rendered":"https:\/\/lhchosting.com\/hosna\/?post_type=product&#038;p=5875"},"modified":"2021-12-19T09:12:00","modified_gmt":"2021-12-19T09:12:00","slug":"bosch-niveau-optique-26-x-gol-26-g","status":"publish","type":"product","link":"https:\/\/eurlhosnakamel.dz\/dz\/produit\/bosch-niveau-optique-26-x-gol-26-g\/","title":{"rendered":"Niveau optique 26 X GOL 26 G"},"content":{"rendered":"<section id=\"technicaldata\" class=\"o-technical_details trackingModule\">\n<div class=\"container trackingTeaser\">\n<div class=\"row\">\n<div class=\"col-md-5\">\n<p class=\"headline hl1\"><strong>Caract\u00e9ristiques techniques<\/strong><\/p>\n<table class=\"table table--fixed\">\n<thead>\n<tr>\n<th class=\"headline hl4\" colspan=\"2\"><strong>Les caract\u00e9ristiques les plus importantes<\/strong><\/th>\n<\/tr>\n<\/thead>\n<tbody>\n<tr>\n<td>Unit\u00e9 de mesure<\/td>\n<td>400 gon<\/td>\n<\/tr>\n<tr>\n<td>Grossissement<\/td>\n<td>26 x<\/td>\n<\/tr>\n<tr>\n<td>Pr\u00e9cision de mise \u00e0 niveau<\/td>\n<td>1,6 mm sur 30 m<\/td>\n<\/tr>\n<tr>\n<td>Port\u00e9e<\/td>\n<td>jusqu&#8217;\u00e0 100 m<\/td>\n<\/tr>\n<tr>\n<td>\u00c9tanch\u00e9it\u00e9 \u00e0 l&#8217;eau et \u00e0 la poussi\u00e8re<\/td>\n<td>IP 54<\/td>\n<\/tr>\n<tr>\n<td>Filetage du tr\u00e9pied<\/td>\n<td>5\/8&#8243;<\/td>\n<\/tr>\n<tr>\n<td>Temp\u00e9rature de service<\/td>\n<td>-10 \u2013 50\u00b0C<\/td>\n<\/tr>\n<tr>\n<td>Temp\u00e9rature de stockage<\/td>\n<td>-20 \u2013 70\u00b0C<\/td>\n<\/tr>\n<tr>\n<td>Poids env.<\/td>\n<td>1,5 kg<\/td>\n<\/tr>\n<\/tbody>\n<\/table>\n<\/div>\n<\/div>\n<\/div>\n<\/section>\n<section id=\"highlights\" class=\"m-product_hightlights trackingModule\">\n<div class=\"container\">\n<h4 class=\"headline hl1\"><strong>Avantages<\/strong><\/h4>\n<div class=\"row\">\n<div class=\"col-md-6\">\n<div class=\"m-product_hightlights__content-wrapper\">\n<h4 class=\"headline hl4\"><strong>Extr\u00eamement robuste \u00e0 l\u2019ext\u00e9rieur<\/strong><\/h4>\n<ul class=\"m-product_hightlights__list\">\n<li>Pr\u00e9vu pour l\u2019utilisation en ext\u00e9rieur gr\u00e2ce au carter m\u00e9tallique robuste avec protection contre les poussi\u00e8res et projections d\u2019eau (IP 54)<\/li>\n<li>Design robuste avec collimateur et niveau \u00e0 bulle int\u00e9gr\u00e9s \u00e0 l\u2019instrument<\/li>\n<li>Coffret avec dispositif de blocage du compensateur (transport s\u00fbr)<\/li>\n<\/ul>\n<\/div>\n<\/div>\n<div class=\"col-md-6\">\n<h4 class=\"headline hl4\"><strong>Fonctions<\/strong><\/h4>\n<div class=\"image-row bsTooltip__wrapper\">\n<div class=\"image-col bsTooltip\" title=\"\" data-content=\"Pr\u00e9cision de nivellement 1,6\u00a0mm - 30\u00a0m Pr\u00e9cision de mesure 1,6\u00a0mm\/30\u00a0m\" data-original-title=\"\"><img decoding=\"async\" class=\"img-responsive lazyloaded alignleft\" src=\"https:\/\/www.bosch-professional.com\/binary\/ocsmedia\/optimized\/100x100\/o212637v54_Nivelliergenauigkeit_1_6_mm_30m.png\" alt=\"Pr\u00e9cision de nivellement 1,6\u00a0mm - 30\u00a0m Pr\u00e9cision de mesure 1,6\u00a0mm\/30\u00a0m\" data-sizes=\"(max-width: 767px) 100px, (min-width: 768px) and (max-width: 991px) 100px, (-webkit-min-device-pixel-ratio: 2.0) and (min-width: 1000px) 200px, 100px\" data-srcset=\"https:\/\/www.bosch-professional.com\/binary\/ocsmedia\/optimized\/100x100\/o212637v54_Nivelliergenauigkeit_1_6_mm_30m.png 100w, https:\/\/www.bosch-professional.com\/binary\/ocsmedia\/optimized\/100x100\/o212637v54_Nivelliergenauigkeit_1_6_mm_30m.png 100w, https:\/\/www.bosch-professional.com\/binary\/ocsmedia\/optimized\/100x100\/o212637v54_Nivelliergenauigkeit_1_6_mm_30m.png 100w, https:\/\/www.bosch-professional.com\/binary\/ocsmedia\/optimized\/200x200\/o212637v54_Nivelliergenauigkeit_1_6_mm_30m.png 200w\" data-src=\"https:\/\/www.bosch-professional.com\/binary\/ocsmedia\/optimized\/100x100\/o212637v54_Nivelliergenauigkeit_1_6_mm_30m.png\" \/><img decoding=\"async\" class=\"img-responsive lazyloaded alignleft\" src=\"https:\/\/www.bosch-professional.com\/binary\/ocsmedia\/optimized\/100x100\/o212633v54_GOL_Doppelnivellierelement.png\" alt=\"\u00c9l\u00e9ment de nivellement double \u00c9viter les d\u00e9fauts gr\u00e2ce \u00e0 l'\u00e9l\u00e9ment de nivellement double\" data-sizes=\"(max-width: 767px) 100px, (min-width: 768px) and (max-width: 991px) 100px, (-webkit-min-device-pixel-ratio: 2.0) and (min-width: 1000px) 200px, 100px\" data-srcset=\"https:\/\/www.bosch-professional.com\/binary\/ocsmedia\/optimized\/100x100\/o212633v54_GOL_Doppelnivellierelement.png 100w, https:\/\/www.bosch-professional.com\/binary\/ocsmedia\/optimized\/100x100\/o212633v54_GOL_Doppelnivellierelement.png 100w, https:\/\/www.bosch-professional.com\/binary\/ocsmedia\/optimized\/100x100\/o212633v54_GOL_Doppelnivellierelement.png 100w, https:\/\/www.bosch-professional.com\/binary\/ocsmedia\/optimized\/200x200\/o212633v54_GOL_Doppelnivellierelement.png 200w\" data-src=\"https:\/\/www.bosch-professional.com\/binary\/ocsmedia\/optimized\/100x100\/o212633v54_GOL_Doppelnivellierelement.png\" \/><img decoding=\"async\" class=\"img-responsive lazyloaded alignleft\" src=\"https:\/\/www.bosch-professional.com\/binary\/ocsmedia\/optimized\/100x100\/o212635v54_Magnification_26x.png\" alt=\"Grossissement 26x Grossissement jusqu'\u00e0 26x\" data-sizes=\"(max-width: 767px) 100px, (min-width: 768px) and (max-width: 991px) 100px, (-webkit-min-device-pixel-ratio: 2.0) and (min-width: 1000px) 200px, 100px\" data-srcset=\"https:\/\/www.bosch-professional.com\/binary\/ocsmedia\/optimized\/100x100\/o212635v54_Magnification_26x.png 100w, https:\/\/www.bosch-professional.com\/binary\/ocsmedia\/optimized\/100x100\/o212635v54_Magnification_26x.png 100w, https:\/\/www.bosch-professional.com\/binary\/ocsmedia\/optimized\/100x100\/o212635v54_Magnification_26x.png 100w, https:\/\/www.bosch-professional.com\/binary\/ocsmedia\/optimized\/200x200\/o212635v54_Magnification_26x.png 200w\" data-src=\"https:\/\/www.bosch-professional.com\/binary\/ocsmedia\/optimized\/100x100\/o212635v54_Magnification_26x.png\" \/><img decoding=\"async\" class=\"img-responsive lazyloaded alignleft\" src=\"https:\/\/www.bosch-professional.com\/binary\/ocsmedia\/optimized\/100x100\/o212630v54_Arbeitsbereich_100m_GOL26.png\" alt=\"Plage de travail 100\u00a0m Port\u00e9e jusqu'\u00e0 maxi 100\u00a0m\" data-sizes=\"(max-width: 767px) 100px, (min-width: 768px) and (max-width: 991px) 100px, (-webkit-min-device-pixel-ratio: 2.0) and (min-width: 1000px) 200px, 100px\" data-srcset=\"https:\/\/www.bosch-professional.com\/binary\/ocsmedia\/optimized\/100x100\/o212630v54_Arbeitsbereich_100m_GOL26.png 100w, https:\/\/www.bosch-professional.com\/binary\/ocsmedia\/optimized\/100x100\/o212630v54_Arbeitsbereich_100m_GOL26.png 100w, https:\/\/www.bosch-professional.com\/binary\/ocsmedia\/optimized\/100x100\/o212630v54_Arbeitsbereich_100m_GOL26.png 100w, https:\/\/www.bosch-professional.com\/binary\/ocsmedia\/optimized\/200x200\/o212630v54_Arbeitsbereich_100m_GOL26.png 200w\" data-src=\"https:\/\/www.bosch-professional.com\/binary\/ocsmedia\/optimized\/100x100\/o212630v54_Arbeitsbereich_100m_GOL26.png\" \/><\/div>\n<\/div>\n<\/div>\n<\/div>\n<\/div>\n<\/section>\n","protected":false},"excerpt":{"rendered":"<h4 class=\"headline hl4\"><strong>Dans un coffret de transport, avec pack d\u2019accessoires<\/strong><\/h4>\n<h4><strong>Extr\u00eamement robuste \u00e0 l\u2019ext\u00e9rieur<\/strong><\/h4>\n<p><img decoding=\"async\" class=\"alignnone size-medium wp-image-5887\" src=\"https:\/\/lhchosting.com\/hosna\/wp-content\/uploads\/2020\/04\/BOSCH-NIVEAU-OPTIQUE-26X-GOL26G-icone-eurl-hosna-kamel-algerie-300x72.jpg\" alt=\"\" width=\"300\" height=\"72\" srcset=\"https:\/\/eurlhosnakamel.dz\/dz\/wp-content\/uploads\/2020\/04\/BOSCH-NIVEAU-OPTIQUE-26X-GOL26G-icone-eurl-hosna-kamel-algerie-300x72.jpg 300w, https:\/\/eurlhosnakamel.dz\/dz\/wp-content\/uploads\/2020\/04\/BOSCH-NIVEAU-OPTIQUE-26X-GOL26G-icone-eurl-hosna-kamel-algerie-370x89.jpg 370w, https:\/\/eurlhosnakamel.dz\/dz\/wp-content\/uploads\/2020\/04\/BOSCH-NIVEAU-OPTIQUE-26X-GOL26G-icone-eurl-hosna-kamel-algerie-200x48.jpg 200w, https:\/\/eurlhosnakamel.dz\/dz\/wp-content\/uploads\/2020\/04\/BOSCH-NIVEAU-OPTIQUE-26X-GOL26G-icone-eurl-hosna-kamel-algerie.jpg 468w\" sizes=\"(max-width: 300px) 100vw, 300px\" \/><\/p>\n","protected":false},"featured_media":5877,"template":"","meta":[],"product_cat":[457,405],"product_tag":[1135,2468],"class_list":{"0":"post-5875","1":"product","2":"type-product","3":"status-publish","4":"has-post-thumbnail","6":"product_cat-instruments-de-mesure","7":"product_cat-outillage","8":"product_tag-bosch-niveau-optique-26-x-gol-26-g","9":"product_tag-gol-26-g","10":"product_brand-bosch-outillage","12":"first","13":"instock","14":"shipping-taxable","15":"product-type-simple","16":"col-xs-6 col-sm-4","17":"col-md-3 col-lg-3","18":"un-4-cols"},"yoast_head":"<!-- This site is optimized with the Yoast SEO plugin v22.5 - https:\/\/yoast.com\/wordpress\/plugins\/seo\/ -->\n<title>Niveau optique 26 X GOL 26 G - EURL HOSNA KAMEL<\/title>\n<meta name=\"description\" content=\"Niveau optique 26 X GOL 26 G - EURL HOSNA KAMEL\" \/>\n<meta name=\"robots\" content=\"index, follow, max-snippet:-1, max-image-preview:large, max-video-preview:-1\" \/>\n<link rel=\"canonical\" href=\"https:\/\/eurlhosnakamel.dz\/dz\/produit\/bosch-niveau-optique-26-x-gol-26-g\/\" \/>\n<meta property=\"og:locale\" content=\"fr_FR\" \/>\n<meta property=\"og:type\" content=\"article\" \/>\n<meta property=\"og:title\" content=\"Niveau optique 26 X GOL 26 G - EURL HOSNA KAMEL\" \/>\n<meta property=\"og:description\" content=\"Niveau optique 26 X GOL 26 G - EURL HOSNA KAMEL\" \/>\n<meta property=\"og:url\" content=\"https:\/\/eurlhosnakamel.dz\/dz\/produit\/bosch-niveau-optique-26-x-gol-26-g\/\" \/>\n<meta property=\"og:site_name\" content=\"EURL HOSNA KAMEL\" \/>\n<meta property=\"article:publisher\" content=\"https:\/\/www.facebook.com\/Eurl.Hosna.DZ\/\" \/>\n<meta property=\"article:modified_time\" content=\"2021-12-19T09:12:00+00:00\" \/>\n<meta property=\"og:image\" content=\"https:\/\/eurlhosnakamel.dz\/dz\/wp-content\/uploads\/2020\/04\/BOSCH-NIVEAU-OPTIQUE-26X-GOL26G-eurl-hosna-kamel-algerie.jpg\" \/>\n\t<meta property=\"og:image:width\" content=\"512\" \/>\n\t<meta property=\"og:image:height\" content=\"512\" \/>\n\t<meta property=\"og:image:type\" content=\"image\/jpeg\" \/>\n<meta name=\"twitter:card\" content=\"summary_large_image\" \/>\n<meta name=\"twitter:label1\" content=\"Dur\u00e9e de lecture estim\u00e9e\" \/>\n\t<meta name=\"twitter:data1\" content=\"1 minute\" \/>\n<script type=\"application\/ld+json\" class=\"yoast-schema-graph\">{\"@context\":\"https:\/\/schema.org\",\"@graph\":[{\"@type\":\"WebPage\",\"@id\":\"https:\/\/eurlhosnakamel.dz\/dz\/produit\/bosch-niveau-optique-26-x-gol-26-g\/\",\"url\":\"https:\/\/eurlhosnakamel.dz\/dz\/produit\/bosch-niveau-optique-26-x-gol-26-g\/\",\"name\":\"Niveau optique 26 X GOL 26 G - EURL HOSNA KAMEL\",\"isPartOf\":{\"@id\":\"https:\/\/eurlhosnakamel.dz\/dz\/#website\"},\"primaryImageOfPage\":{\"@id\":\"https:\/\/eurlhosnakamel.dz\/dz\/produit\/bosch-niveau-optique-26-x-gol-26-g\/#primaryimage\"},\"image\":{\"@id\":\"https:\/\/eurlhosnakamel.dz\/dz\/produit\/bosch-niveau-optique-26-x-gol-26-g\/#primaryimage\"},\"thumbnailUrl\":\"https:\/\/eurlhosnakamel.dz\/dz\/wp-content\/uploads\/2020\/04\/BOSCH-NIVEAU-OPTIQUE-26X-GOL26G-eurl-hosna-kamel-algerie.jpg\",\"datePublished\":\"2020-04-18T13:59:46+00:00\",\"dateModified\":\"2021-12-19T09:12:00+00:00\",\"description\":\"Niveau optique 26 X GOL 26 G - EURL HOSNA KAMEL\",\"breadcrumb\":{\"@id\":\"https:\/\/eurlhosnakamel.dz\/dz\/produit\/bosch-niveau-optique-26-x-gol-26-g\/#breadcrumb\"},\"inLanguage\":\"fr-FR\",\"potentialAction\":[{\"@type\":\"ReadAction\",\"target\":[\"https:\/\/eurlhosnakamel.dz\/dz\/produit\/bosch-niveau-optique-26-x-gol-26-g\/\"]}]},{\"@type\":\"ImageObject\",\"inLanguage\":\"fr-FR\",\"@id\":\"https:\/\/eurlhosnakamel.dz\/dz\/produit\/bosch-niveau-optique-26-x-gol-26-g\/#primaryimage\",\"url\":\"https:\/\/eurlhosnakamel.dz\/dz\/wp-content\/uploads\/2020\/04\/BOSCH-NIVEAU-OPTIQUE-26X-GOL26G-eurl-hosna-kamel-algerie.jpg\",\"contentUrl\":\"https:\/\/eurlhosnakamel.dz\/dz\/wp-content\/uploads\/2020\/04\/BOSCH-NIVEAU-OPTIQUE-26X-GOL26G-eurl-hosna-kamel-algerie.jpg\",\"width\":512,\"height\":512},{\"@type\":\"BreadcrumbList\",\"@id\":\"https:\/\/eurlhosnakamel.dz\/dz\/produit\/bosch-niveau-optique-26-x-gol-26-g\/#breadcrumb\",\"itemListElement\":[{\"@type\":\"ListItem\",\"position\":1,\"name\":\"Accueil\",\"item\":\"https:\/\/eurlhosnakamel.dz\/dz\/\"},{\"@type\":\"ListItem\",\"position\":2,\"name\":\"Shop\",\"item\":\"https:\/\/eurlhosnakamel.dz\/dz\/shop\/\"},{\"@type\":\"ListItem\",\"position\":3,\"name\":\"Niveau optique 26 X GOL 26 G\"}]},{\"@type\":\"WebSite\",\"@id\":\"https:\/\/eurlhosnakamel.dz\/dz\/#website\",\"url\":\"https:\/\/eurlhosnakamel.dz\/dz\/\",\"name\":\"EURL HOSNA KAMEL\",\"description\":\"Fournisseur Premium d&#039;Outillages Professionnels en Alg\u00e9rie -\",\"publisher\":{\"@id\":\"https:\/\/eurlhosnakamel.dz\/dz\/#organization\"},\"potentialAction\":[{\"@type\":\"SearchAction\",\"target\":{\"@type\":\"EntryPoint\",\"urlTemplate\":\"https:\/\/eurlhosnakamel.dz\/dz\/?s={search_term_string}\"},\"query-input\":\"required name=search_term_string\"}],\"inLanguage\":\"fr-FR\"},{\"@type\":\"Organization\",\"@id\":\"https:\/\/eurlhosnakamel.dz\/dz\/#organization\",\"name\":\"EURL HOSNA KAMEL - Bosch alg\u00e9rie\",\"url\":\"https:\/\/eurlhosnakamel.dz\/dz\/\",\"logo\":{\"@type\":\"ImageObject\",\"inLanguage\":\"fr-FR\",\"@id\":\"https:\/\/eurlhosnakamel.dz\/dz\/#\/schema\/logo\/image\/\",\"url\":\"https:\/\/eurlhosnakamel.dz\/wp-content\/uploads\/2020\/04\/LOGO-HOSNA1.png\",\"contentUrl\":\"https:\/\/eurlhosnakamel.dz\/wp-content\/uploads\/2020\/04\/LOGO-HOSNA1.png\",\"width\":120,\"height\":127,\"caption\":\"EURL HOSNA KAMEL - Bosch alg\u00e9rie\"},\"image\":{\"@id\":\"https:\/\/eurlhosnakamel.dz\/dz\/#\/schema\/logo\/image\/\"},\"sameAs\":[\"https:\/\/www.facebook.com\/Eurl.Hosna.DZ\/\"]}]}<\/script>\n<!-- \/ Yoast SEO plugin. -->","yoast_head_json":{"title":"Niveau optique 26 X GOL 26 G - EURL HOSNA KAMEL","description":"Niveau optique 26 X GOL 26 G - EURL HOSNA KAMEL","robots":{"index":"index","follow":"follow","max-snippet":"max-snippet:-1","max-image-preview":"max-image-preview:large","max-video-preview":"max-video-preview:-1"},"canonical":"https:\/\/eurlhosnakamel.dz\/dz\/produit\/bosch-niveau-optique-26-x-gol-26-g\/","og_locale":"fr_FR","og_type":"article","og_title":"Niveau optique 26 X GOL 26 G - EURL HOSNA KAMEL","og_description":"Niveau optique 26 X GOL 26 G - EURL HOSNA KAMEL","og_url":"https:\/\/eurlhosnakamel.dz\/dz\/produit\/bosch-niveau-optique-26-x-gol-26-g\/","og_site_name":"EURL HOSNA KAMEL","article_publisher":"https:\/\/www.facebook.com\/Eurl.Hosna.DZ\/","article_modified_time":"2021-12-19T09:12:00+00:00","og_image":[{"width":512,"height":512,"url":"https:\/\/eurlhosnakamel.dz\/dz\/wp-content\/uploads\/2020\/04\/BOSCH-NIVEAU-OPTIQUE-26X-GOL26G-eurl-hosna-kamel-algerie.jpg","type":"image\/jpeg"}],"twitter_card":"summary_large_image","twitter_misc":{"Dur\u00e9e de lecture estim\u00e9e":"1 minute"},"schema":{"@context":"https:\/\/schema.org","@graph":[{"@type":"WebPage","@id":"https:\/\/eurlhosnakamel.dz\/dz\/produit\/bosch-niveau-optique-26-x-gol-26-g\/","url":"https:\/\/eurlhosnakamel.dz\/dz\/produit\/bosch-niveau-optique-26-x-gol-26-g\/","name":"Niveau optique 26 X GOL 26 G - EURL HOSNA KAMEL","isPartOf":{"@id":"https:\/\/eurlhosnakamel.dz\/dz\/#website"},"primaryImageOfPage":{"@id":"https:\/\/eurlhosnakamel.dz\/dz\/produit\/bosch-niveau-optique-26-x-gol-26-g\/#primaryimage"},"image":{"@id":"https:\/\/eurlhosnakamel.dz\/dz\/produit\/bosch-niveau-optique-26-x-gol-26-g\/#primaryimage"},"thumbnailUrl":"https:\/\/eurlhosnakamel.dz\/dz\/wp-content\/uploads\/2020\/04\/BOSCH-NIVEAU-OPTIQUE-26X-GOL26G-eurl-hosna-kamel-algerie.jpg","datePublished":"2020-04-18T13:59:46+00:00","dateModified":"2021-12-19T09:12:00+00:00","description":"Niveau optique 26 X GOL 26 G - EURL HOSNA KAMEL","breadcrumb":{"@id":"https:\/\/eurlhosnakamel.dz\/dz\/produit\/bosch-niveau-optique-26-x-gol-26-g\/#breadcrumb"},"inLanguage":"fr-FR","potentialAction":[{"@type":"ReadAction","target":["https:\/\/eurlhosnakamel.dz\/dz\/produit\/bosch-niveau-optique-26-x-gol-26-g\/"]}]},{"@type":"ImageObject","inLanguage":"fr-FR","@id":"https:\/\/eurlhosnakamel.dz\/dz\/produit\/bosch-niveau-optique-26-x-gol-26-g\/#primaryimage","url":"https:\/\/eurlhosnakamel.dz\/dz\/wp-content\/uploads\/2020\/04\/BOSCH-NIVEAU-OPTIQUE-26X-GOL26G-eurl-hosna-kamel-algerie.jpg","contentUrl":"https:\/\/eurlhosnakamel.dz\/dz\/wp-content\/uploads\/2020\/04\/BOSCH-NIVEAU-OPTIQUE-26X-GOL26G-eurl-hosna-kamel-algerie.jpg","width":512,"height":512},{"@type":"BreadcrumbList","@id":"https:\/\/eurlhosnakamel.dz\/dz\/produit\/bosch-niveau-optique-26-x-gol-26-g\/#breadcrumb","itemListElement":[{"@type":"ListItem","position":1,"name":"Accueil","item":"https:\/\/eurlhosnakamel.dz\/dz\/"},{"@type":"ListItem","position":2,"name":"Shop","item":"https:\/\/eurlhosnakamel.dz\/dz\/shop\/"},{"@type":"ListItem","position":3,"name":"Niveau optique 26 X GOL 26 G"}]},{"@type":"WebSite","@id":"https:\/\/eurlhosnakamel.dz\/dz\/#website","url":"https:\/\/eurlhosnakamel.dz\/dz\/","name":"EURL HOSNA KAMEL","description":"Fournisseur Premium d&#039;Outillages Professionnels en Alg\u00e9rie -","publisher":{"@id":"https:\/\/eurlhosnakamel.dz\/dz\/#organization"},"potentialAction":[{"@type":"SearchAction","target":{"@type":"EntryPoint","urlTemplate":"https:\/\/eurlhosnakamel.dz\/dz\/?s={search_term_string}"},"query-input":"required name=search_term_string"}],"inLanguage":"fr-FR"},{"@type":"Organization","@id":"https:\/\/eurlhosnakamel.dz\/dz\/#organization","name":"EURL HOSNA KAMEL - Bosch alg\u00e9rie","url":"https:\/\/eurlhosnakamel.dz\/dz\/","logo":{"@type":"ImageObject","inLanguage":"fr-FR","@id":"https:\/\/eurlhosnakamel.dz\/dz\/#\/schema\/logo\/image\/","url":"https:\/\/eurlhosnakamel.dz\/wp-content\/uploads\/2020\/04\/LOGO-HOSNA1.png","contentUrl":"https:\/\/eurlhosnakamel.dz\/wp-content\/uploads\/2020\/04\/LOGO-HOSNA1.png","width":120,"height":127,"caption":"EURL HOSNA KAMEL - Bosch alg\u00e9rie"},"image":{"@id":"https:\/\/eurlhosnakamel.dz\/dz\/#\/schema\/logo\/image\/"},"sameAs":["https:\/\/www.facebook.com\/Eurl.Hosna.DZ\/"]}]}},"_links":{"self":[{"href":"https:\/\/eurlhosnakamel.dz\/dz\/wp-json\/wp\/v2\/product\/5875","targetHints":{"allow":["GET"]}}],"collection":[{"href":"https:\/\/eurlhosnakamel.dz\/dz\/wp-json\/wp\/v2\/product"}],"about":[{"href":"https:\/\/eurlhosnakamel.dz\/dz\/wp-json\/wp\/v2\/types\/product"}],"wp:featuredmedia":[{"embeddable":true,"href":"https:\/\/eurlhosnakamel.dz\/dz\/wp-json\/wp\/v2\/media\/5877"}],"wp:attachment":[{"href":"https:\/\/eurlhosnakamel.dz\/dz\/wp-json\/wp\/v2\/media?parent=5875"}],"wp:term":[{"taxonomy":"product_cat","embeddable":true,"href":"https:\/\/eurlhosnakamel.dz\/dz\/wp-json\/wp\/v2\/product_cat?post=5875"},{"taxonomy":"product_tag","embeddable":true,"href":"https:\/\/eurlhosnakamel.dz\/dz\/wp-json\/wp\/v2\/product_tag?post=5875"}],"curies":[{"name":"wp","href":"https:\/\/api.w.org\/{rel}","templated":true}]}}