{"id":6003,"date":"2020-04-18T17:09:35","date_gmt":"2020-04-18T17:09:35","guid":{"rendered":"https:\/\/lhchosting.com\/hosna\/?post_type=product&#038;p=6003"},"modified":"2021-07-08T08:53:33","modified_gmt":"2021-07-08T08:53:33","slug":"ada-6d-servoliner-niveau-laser-a00139","status":"publish","type":"product","link":"https:\/\/eurlhosnakamel.dz\/dz\/produit\/ada-6d-servoliner-niveau-laser-a00139\/","title":{"rendered":"ADA 6D SERVOLINER NIVEAU LASER A00139"},"content":{"rendered":"<table>\n<tbody>\n<tr>\n<td><span>Projection laser<\/span><\/td>\n<td><span>1H (360 \u00b0) 4V 1D<\/span><\/td>\n<\/tr>\n<tr>\n<td><span>Plage de travail<\/span><\/td>\n<td><span>10 m \/ 50 m (avec r\u00e9cepteur)\u00a0<\/span><\/td>\n<\/tr>\n<tr>\n<td><span>Pr\u00e9cision<\/span><\/td>\n<td><span>\u00b1 0,1 mm \/ m<\/span><\/td>\n<\/tr>\n<tr>\n<td><span>Plage de nivellement automatique<\/span><\/td>\n<td><span>\u00b1 3,5 \u00b0<\/span><\/td>\n<\/tr>\n<tr>\n<td><span>Diode laser<\/span><\/td>\n<td><span>classe 2, 635 nm, &lt;1 mWt<\/span><\/td>\n<\/tr>\n<tr>\n<td><span>Protection contre la poussi\u00e8re \/ l&#8217;eau<\/span><\/td>\n<td><span>IP 54<\/span><\/td>\n<\/tr>\n<tr>\n<td><span>Temp\u00e9rature de fonctionnement<\/span><\/td>\n<td><span>-10 &#8230; + 40 \u00b0 C<\/span><\/td>\n<\/tr>\n<tr>\n<td><span>Source de courant<\/span><\/td>\n<td><span>4 piles \u0410\u0410 \/ 1,5 V<\/span><\/td>\n<\/tr>\n<tr>\n<td><span>Fil de tr\u00e9pied<\/span><\/td>\n<td><span>5\/8 x 11<\/span><\/td>\n<\/tr>\n<tr>\n<td><span>Dimensions<\/span><\/td>\n<td><span>\u00d8152\u0425223 mm<\/span><\/td>\n<\/tr>\n<tr>\n<td><span>Poids<\/span><\/td>\n<td><span>3,4 kg<\/span><\/td>\n<\/tr>\n<\/tbody>\n<\/table>\n","protected":false},"excerpt":{"rendered":"<h1 class=\"title-other\"><span>Niveau laser ligne ADA 6D SERVOLINER<\/span><\/h1>\n<p><strong><span>Le niveau laser lin\u00e9aire ADA 6D SERVOLINER\u00a0<\/span><\/strong><span>\u00a0\u00a0est facile \u00e0 utiliser.\u00a0Il est con\u00e7u pour des mesures horizontales et verticales.<\/span><\/p>\n<p><span>ADA 6D SERVOLINER construit 4 lignes verticales, 4 lignes horizontales et un point d&#8217;aplomb.\u00a0L&#8217;angle du ventilateur est de 270 \u00b0 &#8211; vertical et 360 \u00b0 &#8211; horizontal.\u00a0Le niveau laser lin\u00e9aire est con\u00e7u pour fonctionner \u00e0 l&#8217;int\u00e9rieur et \u00e0 l&#8217;ext\u00e9rieur.\u00a0Le r\u00e9cepteur peut \u00eatre utilis\u00e9 dans une plage de 40 \u00e0 50 m &#8211; pour des applications ext\u00e9rieures.<\/span><\/p>\n<p><span>ADA 6D SERVOLINER est \u00e9quip\u00e9 d&#8217;un compensateur \u00e9lectronique pour un auto-nivellement rapide \u00b1 3,5 \u00b0.\u00a0Lorsque l&#8217;angle est sup\u00e9rieur \u00e0 \u00b1 3,5 \u00b0, le niveau laser se d\u00e9clenche automatiquement en scintillant les lignes laser.\u00a0Le membre 360 \u200b\u200b\u00b0 permet de trouver des objets avec pr\u00e9cision.\u00a0<\/span><\/p>\n<p><span>Le compensateur se bloque automatiquement lorsque les accumulateurs sont \u00e9teints.\u00a0Il prot\u00e8ge le compensateur des vibrations pendant le transport.<\/span><\/p>\n","protected":false},"featured_media":6005,"template":"","meta":[],"product_cat":[457],"product_tag":[1165],"class_list":{"0":"post-6003","1":"product","2":"type-product","3":"status-publish","4":"has-post-thumbnail","6":"product_cat-instruments-de-mesure","7":"product_tag-ada-6d-servoliner-niveau-laser-a00139","8":"product_brand-ada","10":"first","11":"instock","12":"shipping-taxable","13":"product-type-simple","14":"col-xs-6 col-sm-4","15":"col-md-3 col-lg-3","16":"un-4-cols"},"yoast_head":"<!-- This site is optimized with the Yoast SEO plugin v22.5 - https:\/\/yoast.com\/wordpress\/plugins\/seo\/ -->\n<title>ADA 6D SERVOLINER NIVEAU LASER A00139 - EURL HOSNA KAMEL<\/title>\n<meta name=\"description\" content=\"ADA 6D SERVOLINER NIVEAU LASER A00139 - EURL HOSNA KAMEL\" \/>\n<meta name=\"robots\" content=\"index, follow, max-snippet:-1, max-image-preview:large, max-video-preview:-1\" \/>\n<link rel=\"canonical\" href=\"https:\/\/eurlhosnakamel.dz\/dz\/produit\/ada-6d-servoliner-niveau-laser-a00139\/\" \/>\n<meta property=\"og:locale\" content=\"fr_FR\" \/>\n<meta property=\"og:type\" content=\"article\" \/>\n<meta property=\"og:title\" content=\"ADA 6D SERVOLINER NIVEAU LASER A00139 - EURL HOSNA KAMEL\" \/>\n<meta property=\"og:description\" content=\"ADA 6D SERVOLINER NIVEAU LASER A00139 - EURL HOSNA KAMEL\" \/>\n<meta property=\"og:url\" content=\"https:\/\/eurlhosnakamel.dz\/dz\/produit\/ada-6d-servoliner-niveau-laser-a00139\/\" \/>\n<meta property=\"og:site_name\" content=\"EURL HOSNA KAMEL\" \/>\n<meta property=\"article:publisher\" content=\"https:\/\/www.facebook.com\/Eurl.Hosna.DZ\/\" \/>\n<meta property=\"article:modified_time\" content=\"2021-07-08T08:53:33+00:00\" \/>\n<meta property=\"og:image\" content=\"https:\/\/eurlhosnakamel.dz\/dz\/wp-content\/uploads\/2020\/04\/ADA-6D-SERVOLINER-NIVEAU-LASER-A00139-1-eurl-hosna-kamel-algerie.jpg\" \/>\n\t<meta property=\"og:image:width\" content=\"512\" \/>\n\t<meta property=\"og:image:height\" content=\"512\" \/>\n\t<meta property=\"og:image:type\" content=\"image\/jpeg\" \/>\n<meta name=\"twitter:card\" content=\"summary_large_image\" \/>\n<script type=\"application\/ld+json\" class=\"yoast-schema-graph\">{\"@context\":\"https:\/\/schema.org\",\"@graph\":[{\"@type\":\"WebPage\",\"@id\":\"https:\/\/eurlhosnakamel.dz\/dz\/produit\/ada-6d-servoliner-niveau-laser-a00139\/\",\"url\":\"https:\/\/eurlhosnakamel.dz\/dz\/produit\/ada-6d-servoliner-niveau-laser-a00139\/\",\"name\":\"ADA 6D SERVOLINER NIVEAU LASER A00139 - EURL HOSNA KAMEL\",\"isPartOf\":{\"@id\":\"https:\/\/eurlhosnakamel.dz\/dz\/#website\"},\"primaryImageOfPage\":{\"@id\":\"https:\/\/eurlhosnakamel.dz\/dz\/produit\/ada-6d-servoliner-niveau-laser-a00139\/#primaryimage\"},\"image\":{\"@id\":\"https:\/\/eurlhosnakamel.dz\/dz\/produit\/ada-6d-servoliner-niveau-laser-a00139\/#primaryimage\"},\"thumbnailUrl\":\"https:\/\/eurlhosnakamel.dz\/dz\/wp-content\/uploads\/2020\/04\/ADA-6D-SERVOLINER-NIVEAU-LASER-A00139-1-eurl-hosna-kamel-algerie.jpg\",\"datePublished\":\"2020-04-18T17:09:35+00:00\",\"dateModified\":\"2021-07-08T08:53:33+00:00\",\"description\":\"ADA 6D SERVOLINER NIVEAU LASER A00139 - EURL HOSNA KAMEL\",\"breadcrumb\":{\"@id\":\"https:\/\/eurlhosnakamel.dz\/dz\/produit\/ada-6d-servoliner-niveau-laser-a00139\/#breadcrumb\"},\"inLanguage\":\"fr-FR\",\"potentialAction\":[{\"@type\":\"ReadAction\",\"target\":[\"https:\/\/eurlhosnakamel.dz\/dz\/produit\/ada-6d-servoliner-niveau-laser-a00139\/\"]}]},{\"@type\":\"ImageObject\",\"inLanguage\":\"fr-FR\",\"@id\":\"https:\/\/eurlhosnakamel.dz\/dz\/produit\/ada-6d-servoliner-niveau-laser-a00139\/#primaryimage\",\"url\":\"https:\/\/eurlhosnakamel.dz\/dz\/wp-content\/uploads\/2020\/04\/ADA-6D-SERVOLINER-NIVEAU-LASER-A00139-1-eurl-hosna-kamel-algerie.jpg\",\"contentUrl\":\"https:\/\/eurlhosnakamel.dz\/dz\/wp-content\/uploads\/2020\/04\/ADA-6D-SERVOLINER-NIVEAU-LASER-A00139-1-eurl-hosna-kamel-algerie.jpg\",\"width\":512,\"height\":512},{\"@type\":\"BreadcrumbList\",\"@id\":\"https:\/\/eurlhosnakamel.dz\/dz\/produit\/ada-6d-servoliner-niveau-laser-a00139\/#breadcrumb\",\"itemListElement\":[{\"@type\":\"ListItem\",\"position\":1,\"name\":\"Accueil\",\"item\":\"https:\/\/eurlhosnakamel.dz\/dz\/\"},{\"@type\":\"ListItem\",\"position\":2,\"name\":\"Shop\",\"item\":\"https:\/\/eurlhosnakamel.dz\/dz\/shop\/\"},{\"@type\":\"ListItem\",\"position\":3,\"name\":\"ADA 6D SERVOLINER NIVEAU LASER A00139\"}]},{\"@type\":\"WebSite\",\"@id\":\"https:\/\/eurlhosnakamel.dz\/dz\/#website\",\"url\":\"https:\/\/eurlhosnakamel.dz\/dz\/\",\"name\":\"EURL HOSNA KAMEL\",\"description\":\"Fournisseur Premium d&#039;Outillages Professionnels en Alg\u00e9rie -\",\"publisher\":{\"@id\":\"https:\/\/eurlhosnakamel.dz\/dz\/#organization\"},\"potentialAction\":[{\"@type\":\"SearchAction\",\"target\":{\"@type\":\"EntryPoint\",\"urlTemplate\":\"https:\/\/eurlhosnakamel.dz\/dz\/?s={search_term_string}\"},\"query-input\":\"required name=search_term_string\"}],\"inLanguage\":\"fr-FR\"},{\"@type\":\"Organization\",\"@id\":\"https:\/\/eurlhosnakamel.dz\/dz\/#organization\",\"name\":\"EURL HOSNA KAMEL - Bosch alg\u00e9rie\",\"url\":\"https:\/\/eurlhosnakamel.dz\/dz\/\",\"logo\":{\"@type\":\"ImageObject\",\"inLanguage\":\"fr-FR\",\"@id\":\"https:\/\/eurlhosnakamel.dz\/dz\/#\/schema\/logo\/image\/\",\"url\":\"https:\/\/eurlhosnakamel.dz\/wp-content\/uploads\/2020\/04\/LOGO-HOSNA1.png\",\"contentUrl\":\"https:\/\/eurlhosnakamel.dz\/wp-content\/uploads\/2020\/04\/LOGO-HOSNA1.png\",\"width\":120,\"height\":127,\"caption\":\"EURL HOSNA KAMEL - Bosch alg\u00e9rie\"},\"image\":{\"@id\":\"https:\/\/eurlhosnakamel.dz\/dz\/#\/schema\/logo\/image\/\"},\"sameAs\":[\"https:\/\/www.facebook.com\/Eurl.Hosna.DZ\/\"]}]}<\/script>\n<!-- \/ Yoast SEO plugin. -->","yoast_head_json":{"title":"ADA 6D SERVOLINER NIVEAU LASER A00139 - EURL HOSNA KAMEL","description":"ADA 6D SERVOLINER NIVEAU LASER A00139 - EURL HOSNA KAMEL","robots":{"index":"index","follow":"follow","max-snippet":"max-snippet:-1","max-image-preview":"max-image-preview:large","max-video-preview":"max-video-preview:-1"},"canonical":"https:\/\/eurlhosnakamel.dz\/dz\/produit\/ada-6d-servoliner-niveau-laser-a00139\/","og_locale":"fr_FR","og_type":"article","og_title":"ADA 6D SERVOLINER NIVEAU LASER A00139 - EURL HOSNA KAMEL","og_description":"ADA 6D SERVOLINER NIVEAU LASER A00139 - EURL HOSNA KAMEL","og_url":"https:\/\/eurlhosnakamel.dz\/dz\/produit\/ada-6d-servoliner-niveau-laser-a00139\/","og_site_name":"EURL HOSNA KAMEL","article_publisher":"https:\/\/www.facebook.com\/Eurl.Hosna.DZ\/","article_modified_time":"2021-07-08T08:53:33+00:00","og_image":[{"width":512,"height":512,"url":"https:\/\/eurlhosnakamel.dz\/dz\/wp-content\/uploads\/2020\/04\/ADA-6D-SERVOLINER-NIVEAU-LASER-A00139-1-eurl-hosna-kamel-algerie.jpg","type":"image\/jpeg"}],"twitter_card":"summary_large_image","schema":{"@context":"https:\/\/schema.org","@graph":[{"@type":"WebPage","@id":"https:\/\/eurlhosnakamel.dz\/dz\/produit\/ada-6d-servoliner-niveau-laser-a00139\/","url":"https:\/\/eurlhosnakamel.dz\/dz\/produit\/ada-6d-servoliner-niveau-laser-a00139\/","name":"ADA 6D SERVOLINER NIVEAU LASER A00139 - EURL HOSNA KAMEL","isPartOf":{"@id":"https:\/\/eurlhosnakamel.dz\/dz\/#website"},"primaryImageOfPage":{"@id":"https:\/\/eurlhosnakamel.dz\/dz\/produit\/ada-6d-servoliner-niveau-laser-a00139\/#primaryimage"},"image":{"@id":"https:\/\/eurlhosnakamel.dz\/dz\/produit\/ada-6d-servoliner-niveau-laser-a00139\/#primaryimage"},"thumbnailUrl":"https:\/\/eurlhosnakamel.dz\/dz\/wp-content\/uploads\/2020\/04\/ADA-6D-SERVOLINER-NIVEAU-LASER-A00139-1-eurl-hosna-kamel-algerie.jpg","datePublished":"2020-04-18T17:09:35+00:00","dateModified":"2021-07-08T08:53:33+00:00","description":"ADA 6D SERVOLINER NIVEAU LASER A00139 - EURL HOSNA KAMEL","breadcrumb":{"@id":"https:\/\/eurlhosnakamel.dz\/dz\/produit\/ada-6d-servoliner-niveau-laser-a00139\/#breadcrumb"},"inLanguage":"fr-FR","potentialAction":[{"@type":"ReadAction","target":["https:\/\/eurlhosnakamel.dz\/dz\/produit\/ada-6d-servoliner-niveau-laser-a00139\/"]}]},{"@type":"ImageObject","inLanguage":"fr-FR","@id":"https:\/\/eurlhosnakamel.dz\/dz\/produit\/ada-6d-servoliner-niveau-laser-a00139\/#primaryimage","url":"https:\/\/eurlhosnakamel.dz\/dz\/wp-content\/uploads\/2020\/04\/ADA-6D-SERVOLINER-NIVEAU-LASER-A00139-1-eurl-hosna-kamel-algerie.jpg","contentUrl":"https:\/\/eurlhosnakamel.dz\/dz\/wp-content\/uploads\/2020\/04\/ADA-6D-SERVOLINER-NIVEAU-LASER-A00139-1-eurl-hosna-kamel-algerie.jpg","width":512,"height":512},{"@type":"BreadcrumbList","@id":"https:\/\/eurlhosnakamel.dz\/dz\/produit\/ada-6d-servoliner-niveau-laser-a00139\/#breadcrumb","itemListElement":[{"@type":"ListItem","position":1,"name":"Accueil","item":"https:\/\/eurlhosnakamel.dz\/dz\/"},{"@type":"ListItem","position":2,"name":"Shop","item":"https:\/\/eurlhosnakamel.dz\/dz\/shop\/"},{"@type":"ListItem","position":3,"name":"ADA 6D SERVOLINER NIVEAU LASER A00139"}]},{"@type":"WebSite","@id":"https:\/\/eurlhosnakamel.dz\/dz\/#website","url":"https:\/\/eurlhosnakamel.dz\/dz\/","name":"EURL HOSNA KAMEL","description":"Fournisseur Premium d&#039;Outillages Professionnels en Alg\u00e9rie -","publisher":{"@id":"https:\/\/eurlhosnakamel.dz\/dz\/#organization"},"potentialAction":[{"@type":"SearchAction","target":{"@type":"EntryPoint","urlTemplate":"https:\/\/eurlhosnakamel.dz\/dz\/?s={search_term_string}"},"query-input":"required name=search_term_string"}],"inLanguage":"fr-FR"},{"@type":"Organization","@id":"https:\/\/eurlhosnakamel.dz\/dz\/#organization","name":"EURL HOSNA KAMEL - Bosch alg\u00e9rie","url":"https:\/\/eurlhosnakamel.dz\/dz\/","logo":{"@type":"ImageObject","inLanguage":"fr-FR","@id":"https:\/\/eurlhosnakamel.dz\/dz\/#\/schema\/logo\/image\/","url":"https:\/\/eurlhosnakamel.dz\/wp-content\/uploads\/2020\/04\/LOGO-HOSNA1.png","contentUrl":"https:\/\/eurlhosnakamel.dz\/wp-content\/uploads\/2020\/04\/LOGO-HOSNA1.png","width":120,"height":127,"caption":"EURL HOSNA KAMEL - Bosch alg\u00e9rie"},"image":{"@id":"https:\/\/eurlhosnakamel.dz\/dz\/#\/schema\/logo\/image\/"},"sameAs":["https:\/\/www.facebook.com\/Eurl.Hosna.DZ\/"]}]}},"_links":{"self":[{"href":"https:\/\/eurlhosnakamel.dz\/dz\/wp-json\/wp\/v2\/product\/6003","targetHints":{"allow":["GET"]}}],"collection":[{"href":"https:\/\/eurlhosnakamel.dz\/dz\/wp-json\/wp\/v2\/product"}],"about":[{"href":"https:\/\/eurlhosnakamel.dz\/dz\/wp-json\/wp\/v2\/types\/product"}],"wp:featuredmedia":[{"embeddable":true,"href":"https:\/\/eurlhosnakamel.dz\/dz\/wp-json\/wp\/v2\/media\/6005"}],"wp:attachment":[{"href":"https:\/\/eurlhosnakamel.dz\/dz\/wp-json\/wp\/v2\/media?parent=6003"}],"wp:term":[{"taxonomy":"product_cat","embeddable":true,"href":"https:\/\/eurlhosnakamel.dz\/dz\/wp-json\/wp\/v2\/product_cat?post=6003"},{"taxonomy":"product_tag","embeddable":true,"href":"https:\/\/eurlhosnakamel.dz\/dz\/wp-json\/wp\/v2\/product_tag?post=6003"}],"curies":[{"name":"wp","href":"https:\/\/api.w.org\/{rel}","templated":true}]}}