{"id":6033,"date":"2020-04-19T09:22:33","date_gmt":"2020-04-19T09:22:33","guid":{"rendered":"https:\/\/lhchosting.com\/hosna\/?post_type=product&#038;p=6033"},"modified":"2020-04-19T09:26:34","modified_gmt":"2020-04-19T09:26:34","slug":"ada-digiteo-2-electronic-theodolite","status":"publish","type":"product","link":"https:\/\/eurlhosnakamel.dz\/dz\/produit\/ada-digiteo-2-electronic-theodolite\/","title":{"rendered":"ADA DIGITEO 2 ELECTRONIC THEODOLITE"},"content":{"rendered":"<div class=\"thc\">\n<div class=\"thc_header\">\n<h2>Specifications<\/h2>\n<\/div>\n<\/div>\n<table class=\"ch\" border=\"1\" cellspacing=\"0\" cellpadding=\"0\">\n<tbody>\n<tr>\n<td>Accuracy (root-mean-square error),<\/td>\n<td>2<\/td>\n<\/tr>\n<tr>\n<td>Image<\/td>\n<td>positive<\/td>\n<\/tr>\n<tr>\n<td>Magnification, \u0445<\/td>\n<td>30x<\/td>\n<\/tr>\n<tr>\n<td>Shortest visual range, m<\/td>\n<td>1,3<\/td>\n<\/tr>\n<tr>\n<td>Aperture, mm<\/td>\n<td>45<\/td>\n<\/tr>\n<tr>\n<td>Visual field angle<\/td>\n<td>1\u00b030\u2032<\/td>\n<\/tr>\n<tr>\n<td>Method of\u00a0measuring<\/td>\n<td>incremental photoelectrical limb<\/td>\n<\/tr>\n<tr>\n<td>Horizontal limb reading method<\/td>\n<td>double-sided<\/td>\n<\/tr>\n<tr>\n<td>Vertical limb reading method<\/td>\n<td>single-sided<\/td>\n<\/tr>\n<tr>\n<td>Compensator of\u00a0vertical circle<\/td>\n<td>electronic<\/td>\n<\/tr>\n<tr>\n<td>Compensator working range<\/td>\n<td>\u00b13\u2032<\/td>\n<\/tr>\n<tr>\n<td>Data transfer to\u00a0PC<\/td>\n<td>RS\u00a0232<\/td>\n<\/tr>\n<tr>\n<td>Display LCD<\/td>\n<td>two-sided<\/td>\n<\/tr>\n<tr>\n<td>Power supply<\/td>\n<td>6V\u00a0rechargeable accumulator Ni-H<\/td>\n<\/tr>\n<tr>\n<td>Working time, h<\/td>\n<td>20<\/td>\n<\/tr>\n<tr>\n<td>Dampproofness<\/td>\n<td>IP66<\/td>\n<\/tr>\n<tr>\n<td>Weight , kg<\/td>\n<td>4,8<\/td>\n<\/tr>\n<\/tbody>\n<\/table>\n<p>&nbsp;<\/p>\n","protected":false},"excerpt":{"rendered":"<p><strong>ADA DIGITEO 2 ELECTRONIC THEODOLITE est un leader de la gamme de th\u00e9odolites \u00e9lectroniques de la s\u00e9rie ADA DigiTeo.<\/strong><\/p>\n<p><strong>Contrairement aux autres th\u00e9odolites \u00e9lectroniques, ce mod\u00e8le est \u00e9quip\u00e9 d&#8217;un compensateur \u00e9lectronique de cercle vertical. Il est d\u00e9sormais tr\u00e8s facile de r\u00e9gler l&#8217;angle horizontal \u00e0 z\u00e9ro. Il vous suffit d&#8217;appuyer sur le bouton \u00abOSET\u00bb et de le maintenir pendant une seconde.<\/strong><\/p>\n<p><strong>Le r\u00e9glage initial de l&#8217;angle vertical pour z\u00e9ro se fait par rotation facile d&#8217;un t\u00e9lescope dans le plan horizontal, il n&#8217;y a donc pas besoin en pr\u00e9sence d&#8217;un niveau de cercle vertical. M\u00e9thode de mesure: branche de code photo\u00e9lectrique incr\u00e9mentielle.<\/strong><\/p>\n<p><strong>Theodolite ADA DigiTeo 2 peut compenser automatiquement l&#8217;inclinaison de l&#8217;axe vertical de l&#8217;instrument dans une plage de +\/- 3 \u2019.<\/strong><\/p>\n<p><strong>Cette fonction permet d&#8217;effectuer une lecture circulaire verticale avec une grande pr\u00e9cision.<\/strong><\/p>\n<p><strong>L&#8217;affichage \u00e0 cristaux liquides \u00e0 deux lignes \u00e0 grande matrice peut repr\u00e9senter simultan\u00e9ment des angles verticaux et horizontaux, et un syst\u00e8me d&#8217;\u00e9clairage int\u00e9gr\u00e9 permet de travailler dans des conditions de faible luminosit\u00e9. Un plomb laser sert au positionnement pr\u00e9cis du th\u00e9odolite.<\/strong><\/p>\n","protected":false},"featured_media":6037,"template":"","meta":[],"product_cat":[457],"product_tag":[1173],"class_list":{"0":"post-6033","1":"product","2":"type-product","3":"status-publish","4":"has-post-thumbnail","6":"product_cat-instruments-de-mesure","7":"product_tag-ada-digiteo-2-electronic-theodolite","8":"product_brand-ada","10":"first","11":"instock","12":"shipping-taxable","13":"product-type-simple","14":"col-xs-6 col-sm-4","15":"col-md-3 col-lg-3","16":"un-4-cols"},"yoast_head":"<!-- This site is optimized with the Yoast SEO plugin v22.5 - https:\/\/yoast.com\/wordpress\/plugins\/seo\/ -->\n<title>ADA DIGITEO 2 ELECTRONIC THEODOLITE - EURL HOSNA KAMEL<\/title>\n<meta name=\"description\" content=\"ADA DIGITEO 2 ELECTRONIC THEODOLITE - EURL HOSNA KAMEL\" \/>\n<meta name=\"robots\" content=\"index, follow, max-snippet:-1, max-image-preview:large, max-video-preview:-1\" \/>\n<link rel=\"canonical\" href=\"https:\/\/eurlhosnakamel.dz\/dz\/produit\/ada-digiteo-2-electronic-theodolite\/\" \/>\n<meta property=\"og:locale\" content=\"fr_FR\" \/>\n<meta property=\"og:type\" content=\"article\" \/>\n<meta property=\"og:title\" content=\"ADA DIGITEO 2 ELECTRONIC THEODOLITE - EURL HOSNA KAMEL\" \/>\n<meta property=\"og:description\" content=\"ADA DIGITEO 2 ELECTRONIC THEODOLITE - EURL HOSNA KAMEL\" \/>\n<meta property=\"og:url\" content=\"https:\/\/eurlhosnakamel.dz\/dz\/produit\/ada-digiteo-2-electronic-theodolite\/\" \/>\n<meta property=\"og:site_name\" content=\"EURL HOSNA KAMEL\" \/>\n<meta property=\"article:publisher\" content=\"https:\/\/www.facebook.com\/Eurl.Hosna.DZ\/\" \/>\n<meta property=\"article:modified_time\" content=\"2020-04-19T09:26:34+00:00\" \/>\n<meta property=\"og:image\" content=\"https:\/\/eurlhosnakamel.dz\/dz\/wp-content\/uploads\/2020\/04\/ADA-DIGITEO-2-ELECTRONIC-THEODOLITE-eurl-hosna_kamel-algerie.jpg\" \/>\n\t<meta property=\"og:image:width\" content=\"512\" \/>\n\t<meta property=\"og:image:height\" content=\"512\" \/>\n\t<meta property=\"og:image:type\" content=\"image\/jpeg\" \/>\n<meta name=\"twitter:card\" content=\"summary_large_image\" \/>\n<script type=\"application\/ld+json\" class=\"yoast-schema-graph\">{\"@context\":\"https:\/\/schema.org\",\"@graph\":[{\"@type\":\"WebPage\",\"@id\":\"https:\/\/eurlhosnakamel.dz\/dz\/produit\/ada-digiteo-2-electronic-theodolite\/\",\"url\":\"https:\/\/eurlhosnakamel.dz\/dz\/produit\/ada-digiteo-2-electronic-theodolite\/\",\"name\":\"ADA DIGITEO 2 ELECTRONIC THEODOLITE - EURL HOSNA KAMEL\",\"isPartOf\":{\"@id\":\"https:\/\/eurlhosnakamel.dz\/dz\/#website\"},\"primaryImageOfPage\":{\"@id\":\"https:\/\/eurlhosnakamel.dz\/dz\/produit\/ada-digiteo-2-electronic-theodolite\/#primaryimage\"},\"image\":{\"@id\":\"https:\/\/eurlhosnakamel.dz\/dz\/produit\/ada-digiteo-2-electronic-theodolite\/#primaryimage\"},\"thumbnailUrl\":\"https:\/\/eurlhosnakamel.dz\/dz\/wp-content\/uploads\/2020\/04\/ADA-DIGITEO-2-ELECTRONIC-THEODOLITE-eurl-hosna_kamel-algerie.jpg\",\"datePublished\":\"2020-04-19T09:22:33+00:00\",\"dateModified\":\"2020-04-19T09:26:34+00:00\",\"description\":\"ADA DIGITEO 2 ELECTRONIC THEODOLITE - EURL HOSNA KAMEL\",\"breadcrumb\":{\"@id\":\"https:\/\/eurlhosnakamel.dz\/dz\/produit\/ada-digiteo-2-electronic-theodolite\/#breadcrumb\"},\"inLanguage\":\"fr-FR\",\"potentialAction\":[{\"@type\":\"ReadAction\",\"target\":[\"https:\/\/eurlhosnakamel.dz\/dz\/produit\/ada-digiteo-2-electronic-theodolite\/\"]}]},{\"@type\":\"ImageObject\",\"inLanguage\":\"fr-FR\",\"@id\":\"https:\/\/eurlhosnakamel.dz\/dz\/produit\/ada-digiteo-2-electronic-theodolite\/#primaryimage\",\"url\":\"https:\/\/eurlhosnakamel.dz\/dz\/wp-content\/uploads\/2020\/04\/ADA-DIGITEO-2-ELECTRONIC-THEODOLITE-eurl-hosna_kamel-algerie.jpg\",\"contentUrl\":\"https:\/\/eurlhosnakamel.dz\/dz\/wp-content\/uploads\/2020\/04\/ADA-DIGITEO-2-ELECTRONIC-THEODOLITE-eurl-hosna_kamel-algerie.jpg\",\"width\":512,\"height\":512},{\"@type\":\"BreadcrumbList\",\"@id\":\"https:\/\/eurlhosnakamel.dz\/dz\/produit\/ada-digiteo-2-electronic-theodolite\/#breadcrumb\",\"itemListElement\":[{\"@type\":\"ListItem\",\"position\":1,\"name\":\"Accueil\",\"item\":\"https:\/\/eurlhosnakamel.dz\/dz\/\"},{\"@type\":\"ListItem\",\"position\":2,\"name\":\"Shop\",\"item\":\"https:\/\/eurlhosnakamel.dz\/dz\/shop\/\"},{\"@type\":\"ListItem\",\"position\":3,\"name\":\"ADA DIGITEO 2 ELECTRONIC THEODOLITE\"}]},{\"@type\":\"WebSite\",\"@id\":\"https:\/\/eurlhosnakamel.dz\/dz\/#website\",\"url\":\"https:\/\/eurlhosnakamel.dz\/dz\/\",\"name\":\"EURL HOSNA KAMEL\",\"description\":\"Fournisseur Premium d&#039;Outillages Professionnels en Alg\u00e9rie -\",\"publisher\":{\"@id\":\"https:\/\/eurlhosnakamel.dz\/dz\/#organization\"},\"potentialAction\":[{\"@type\":\"SearchAction\",\"target\":{\"@type\":\"EntryPoint\",\"urlTemplate\":\"https:\/\/eurlhosnakamel.dz\/dz\/?s={search_term_string}\"},\"query-input\":\"required name=search_term_string\"}],\"inLanguage\":\"fr-FR\"},{\"@type\":\"Organization\",\"@id\":\"https:\/\/eurlhosnakamel.dz\/dz\/#organization\",\"name\":\"EURL HOSNA KAMEL - Bosch alg\u00e9rie\",\"url\":\"https:\/\/eurlhosnakamel.dz\/dz\/\",\"logo\":{\"@type\":\"ImageObject\",\"inLanguage\":\"fr-FR\",\"@id\":\"https:\/\/eurlhosnakamel.dz\/dz\/#\/schema\/logo\/image\/\",\"url\":\"https:\/\/eurlhosnakamel.dz\/wp-content\/uploads\/2020\/04\/LOGO-HOSNA1.png\",\"contentUrl\":\"https:\/\/eurlhosnakamel.dz\/wp-content\/uploads\/2020\/04\/LOGO-HOSNA1.png\",\"width\":120,\"height\":127,\"caption\":\"EURL HOSNA KAMEL - Bosch alg\u00e9rie\"},\"image\":{\"@id\":\"https:\/\/eurlhosnakamel.dz\/dz\/#\/schema\/logo\/image\/\"},\"sameAs\":[\"https:\/\/www.facebook.com\/Eurl.Hosna.DZ\/\"]}]}<\/script>\n<!-- \/ Yoast SEO plugin. -->","yoast_head_json":{"title":"ADA DIGITEO 2 ELECTRONIC THEODOLITE - EURL HOSNA KAMEL","description":"ADA DIGITEO 2 ELECTRONIC THEODOLITE - EURL HOSNA KAMEL","robots":{"index":"index","follow":"follow","max-snippet":"max-snippet:-1","max-image-preview":"max-image-preview:large","max-video-preview":"max-video-preview:-1"},"canonical":"https:\/\/eurlhosnakamel.dz\/dz\/produit\/ada-digiteo-2-electronic-theodolite\/","og_locale":"fr_FR","og_type":"article","og_title":"ADA DIGITEO 2 ELECTRONIC THEODOLITE - EURL HOSNA KAMEL","og_description":"ADA DIGITEO 2 ELECTRONIC THEODOLITE - EURL HOSNA KAMEL","og_url":"https:\/\/eurlhosnakamel.dz\/dz\/produit\/ada-digiteo-2-electronic-theodolite\/","og_site_name":"EURL HOSNA KAMEL","article_publisher":"https:\/\/www.facebook.com\/Eurl.Hosna.DZ\/","article_modified_time":"2020-04-19T09:26:34+00:00","og_image":[{"width":512,"height":512,"url":"https:\/\/eurlhosnakamel.dz\/dz\/wp-content\/uploads\/2020\/04\/ADA-DIGITEO-2-ELECTRONIC-THEODOLITE-eurl-hosna_kamel-algerie.jpg","type":"image\/jpeg"}],"twitter_card":"summary_large_image","schema":{"@context":"https:\/\/schema.org","@graph":[{"@type":"WebPage","@id":"https:\/\/eurlhosnakamel.dz\/dz\/produit\/ada-digiteo-2-electronic-theodolite\/","url":"https:\/\/eurlhosnakamel.dz\/dz\/produit\/ada-digiteo-2-electronic-theodolite\/","name":"ADA DIGITEO 2 ELECTRONIC THEODOLITE - EURL HOSNA KAMEL","isPartOf":{"@id":"https:\/\/eurlhosnakamel.dz\/dz\/#website"},"primaryImageOfPage":{"@id":"https:\/\/eurlhosnakamel.dz\/dz\/produit\/ada-digiteo-2-electronic-theodolite\/#primaryimage"},"image":{"@id":"https:\/\/eurlhosnakamel.dz\/dz\/produit\/ada-digiteo-2-electronic-theodolite\/#primaryimage"},"thumbnailUrl":"https:\/\/eurlhosnakamel.dz\/dz\/wp-content\/uploads\/2020\/04\/ADA-DIGITEO-2-ELECTRONIC-THEODOLITE-eurl-hosna_kamel-algerie.jpg","datePublished":"2020-04-19T09:22:33+00:00","dateModified":"2020-04-19T09:26:34+00:00","description":"ADA DIGITEO 2 ELECTRONIC THEODOLITE - EURL HOSNA KAMEL","breadcrumb":{"@id":"https:\/\/eurlhosnakamel.dz\/dz\/produit\/ada-digiteo-2-electronic-theodolite\/#breadcrumb"},"inLanguage":"fr-FR","potentialAction":[{"@type":"ReadAction","target":["https:\/\/eurlhosnakamel.dz\/dz\/produit\/ada-digiteo-2-electronic-theodolite\/"]}]},{"@type":"ImageObject","inLanguage":"fr-FR","@id":"https:\/\/eurlhosnakamel.dz\/dz\/produit\/ada-digiteo-2-electronic-theodolite\/#primaryimage","url":"https:\/\/eurlhosnakamel.dz\/dz\/wp-content\/uploads\/2020\/04\/ADA-DIGITEO-2-ELECTRONIC-THEODOLITE-eurl-hosna_kamel-algerie.jpg","contentUrl":"https:\/\/eurlhosnakamel.dz\/dz\/wp-content\/uploads\/2020\/04\/ADA-DIGITEO-2-ELECTRONIC-THEODOLITE-eurl-hosna_kamel-algerie.jpg","width":512,"height":512},{"@type":"BreadcrumbList","@id":"https:\/\/eurlhosnakamel.dz\/dz\/produit\/ada-digiteo-2-electronic-theodolite\/#breadcrumb","itemListElement":[{"@type":"ListItem","position":1,"name":"Accueil","item":"https:\/\/eurlhosnakamel.dz\/dz\/"},{"@type":"ListItem","position":2,"name":"Shop","item":"https:\/\/eurlhosnakamel.dz\/dz\/shop\/"},{"@type":"ListItem","position":3,"name":"ADA DIGITEO 2 ELECTRONIC THEODOLITE"}]},{"@type":"WebSite","@id":"https:\/\/eurlhosnakamel.dz\/dz\/#website","url":"https:\/\/eurlhosnakamel.dz\/dz\/","name":"EURL HOSNA KAMEL","description":"Fournisseur Premium d&#039;Outillages Professionnels en Alg\u00e9rie -","publisher":{"@id":"https:\/\/eurlhosnakamel.dz\/dz\/#organization"},"potentialAction":[{"@type":"SearchAction","target":{"@type":"EntryPoint","urlTemplate":"https:\/\/eurlhosnakamel.dz\/dz\/?s={search_term_string}"},"query-input":"required name=search_term_string"}],"inLanguage":"fr-FR"},{"@type":"Organization","@id":"https:\/\/eurlhosnakamel.dz\/dz\/#organization","name":"EURL HOSNA KAMEL - Bosch alg\u00e9rie","url":"https:\/\/eurlhosnakamel.dz\/dz\/","logo":{"@type":"ImageObject","inLanguage":"fr-FR","@id":"https:\/\/eurlhosnakamel.dz\/dz\/#\/schema\/logo\/image\/","url":"https:\/\/eurlhosnakamel.dz\/wp-content\/uploads\/2020\/04\/LOGO-HOSNA1.png","contentUrl":"https:\/\/eurlhosnakamel.dz\/wp-content\/uploads\/2020\/04\/LOGO-HOSNA1.png","width":120,"height":127,"caption":"EURL HOSNA KAMEL - Bosch alg\u00e9rie"},"image":{"@id":"https:\/\/eurlhosnakamel.dz\/dz\/#\/schema\/logo\/image\/"},"sameAs":["https:\/\/www.facebook.com\/Eurl.Hosna.DZ\/"]}]}},"_links":{"self":[{"href":"https:\/\/eurlhosnakamel.dz\/dz\/wp-json\/wp\/v2\/product\/6033","targetHints":{"allow":["GET"]}}],"collection":[{"href":"https:\/\/eurlhosnakamel.dz\/dz\/wp-json\/wp\/v2\/product"}],"about":[{"href":"https:\/\/eurlhosnakamel.dz\/dz\/wp-json\/wp\/v2\/types\/product"}],"wp:featuredmedia":[{"embeddable":true,"href":"https:\/\/eurlhosnakamel.dz\/dz\/wp-json\/wp\/v2\/media\/6037"}],"wp:attachment":[{"href":"https:\/\/eurlhosnakamel.dz\/dz\/wp-json\/wp\/v2\/media?parent=6033"}],"wp:term":[{"taxonomy":"product_cat","embeddable":true,"href":"https:\/\/eurlhosnakamel.dz\/dz\/wp-json\/wp\/v2\/product_cat?post=6033"},{"taxonomy":"product_tag","embeddable":true,"href":"https:\/\/eurlhosnakamel.dz\/dz\/wp-json\/wp\/v2\/product_tag?post=6033"}],"curies":[{"name":"wp","href":"https:\/\/api.w.org\/{rel}","templated":true}]}}