{"id":6121,"date":"2020-04-19T10:36:46","date_gmt":"2020-04-19T10:36:46","guid":{"rendered":"https:\/\/lhchosting.com\/hosna\/?post_type=product&#038;p=6121"},"modified":"2021-12-19T09:10:11","modified_gmt":"2021-12-19T09:10:11","slug":"bosch-perceuse-gbm-32-4-32-mm-1500-w","status":"publish","type":"product","link":"https:\/\/eurlhosnakamel.dz\/dz\/produit\/bosch-perceuse-gbm-32-4-32-mm-1500-w\/","title":{"rendered":"Perceuse 1500 Watts 32 mm 4 vitesse variable GBM 32-4"},"content":{"rendered":"<section id=\"technicaldata\" class=\"o-technical_details-a trackingModule\">\n<div class=\"container\">\n<div class=\"row\">\n<div class=\"col-xs-12\">\n<section id=\"technicaldata\" class=\"o-technical_details-a trackingModule\">\n<div class=\"container\">\n<div class=\"row\">\n<div class=\"col-xs-12\">\n<div class=\"headline hl1\">\n<section id=\"technicaldata\" class=\"o-technical_details-a trackingModule\">\n<div class=\"container\">\n<div class=\"row\">\n<div class=\"col-xs-12\">\n<section id=\"technicaldata\" class=\"o-technical_details-a trackingModule\">\n<div class=\"container\">\n<div class=\"row\">\n<div class=\"col-xs-12\">\n<section id=\"technicaldata\" class=\"o-technical_details-a trackingModule\">\n<div class=\"container\">\n<div class=\"row\">\n<div class=\"col-xs-12\">\n<section id=\"technicaldata\" class=\"o-technical_details-a trackingModule\">\n<div class=\"container\">\n<div class=\"row\">\n<div class=\"col-xs-12\">\n<h4 class=\"headline hl1\"><strong>Caract\u00e9ristiques techniques<\/strong><\/h4>\n<\/div>\n<\/div>\n<div class=\"row\">\n<div class=\"col-lg-8 col-xs-12\">\n<table class=\"table\">\n<colgroup>\n<col class=\"col-xs-5\" \/>\n<col class=\"col-xs-3\" \/><\/colgroup>\n<thead>\n<tr>\n<th class=\"headline hl4\" colspan=\"2\">Donn\u00e9es suppl\u00e9mentaires<\/th>\n<\/tr>\n<\/thead>\n<tbody>\n<tr>\n<td>Puissance absorb\u00e9e nominale*<\/td>\n<td>1\u00a0500\u00a0W<\/td>\n<\/tr>\n<tr>\n<td>Poids<\/td>\n<td>7,3\u00a0kg<\/td>\n<\/tr>\n<tr>\n<td>R\u00e9gime \u00e0 vide<\/td>\n<td>210 \/ 330 \/ 470 \/ 740\u00a0t\/min<\/td>\n<\/tr>\n<tr>\n<td>Puissance restitu\u00e9e<\/td>\n<td>1\u00a0000\u00a0W<\/td>\n<\/tr>\n<tr>\n<td>Vitesse de rotation nominale<\/td>\n<td>120 \/ 185 \/ 265 \/ 420\u00a0t\/min<\/td>\n<\/tr>\n<tr>\n<td>Couple nominal<\/td>\n<td>80.0 \/ 52.0 \/ 36.0 \/ 32.0\u00a0Nm<\/td>\n<\/tr>\n<tr>\n<td>Filetage de la broche de per\u00e7age<\/td>\n<td>MK 3 \u2013 DIN 228<\/td>\n<\/tr>\n<tr>\n<td>Couple maxi.<\/td>\n<td>220.0 \/ 130.0 \/ 120.0 \/ 93.0\u00a0Nm<\/td>\n<\/tr>\n<\/tbody>\n<\/table>\n<table class=\"table\">\n<colgroup>\n<col class=\"col-xs-5\" \/>\n<col class=\"col-xs-3\" \/><\/colgroup>\n<thead>\n<tr>\n<th class=\"headline hl4\" colspan=\"2\">Plage de per\u00e7age<\/th>\n<\/tr>\n<\/thead>\n<tbody>\n<tr>\n<td>\u00d8 per\u00e7age alu<\/td>\n<td>50\u00a0mm<\/td>\n<\/tr>\n<tr>\n<td>\u00d8 per\u00e7age bois*<\/td>\n<td>70\u00a0mm<\/td>\n<\/tr>\n<tr>\n<td>\u00d8 per\u00e7age acier*<\/td>\n<td>32\u00a0mm<\/td>\n<\/tr>\n<\/tbody>\n<\/table>\n<table class=\"table\">\n<colgroup>\n<col class=\"col-xs-5\" \/>\n<col class=\"col-xs-3\" \/><\/colgroup>\n<thead>\n<tr>\n<th class=\"headline hl4\" colspan=\"2\">Valeurs totales des vibrations (Per\u00e7age dans le m\u00e9tal)<\/th>\n<\/tr>\n<\/thead>\n<tbody>\n<tr>\n<td>Valeur d\u2019\u00e9mission vibratoire ah<\/td>\n<td>3,1\u00a0m\/s\u00b2<\/td>\n<\/tr>\n<tr>\n<td>Incertitude K<\/td>\n<td>1,5\u00a0m\/s\u00b2<\/td>\n<\/tr>\n<\/tbody>\n<\/table>\n<p>* Donn\u00e9es mises en surbrillance<\/p>\n<p>Le niveau sonore pond\u00e9r\u00e9 A de l&#8217;outil \u00e9lectroportatif est typiquement de : niveau de pression acoustique 86 dB(A) ; niveau de puissance acoustique 97 dB(A). Incertitude K = 3 dB.<\/p>\n<\/div>\n<div class=\"col-lg-4 col-xs-12\">\n<div class=\"o-technical_details-a__imagewrapper\"><img decoding=\"async\" class=\"img-responsive ls-is-cached lazyloaded alignleft\" src=\"https:\/\/www.bosch-professional.com\/binary\/ocsmedia\/optimized\/767x767\/o24769v16_f9gm0612_GBM_32-4.jpg\" alt=\"\" \/><\/div>\n<\/div>\n<\/div>\n<\/div>\n<\/section>\n<section id=\"highlights\" class=\"m-product_hightlights trackingModule\">\n<div class=\"container\">\n<h4 class=\"headline hl1\"><strong>Avantages<\/strong><\/h4>\n<div class=\"row\">\n<div class=\"col-md-6\">\n<div class=\"m-product_hightlights__content-wrapper\">\n<h4 class=\"headline hl4\"><strong>Un outil de 1\u2009500 W ultra-performant<\/strong><\/h4>\n<ul class=\"m-product_hightlights__list\">\n<li>La perceuse Bosch la plus puissante avec 1\u2009500 W pour un diam\u00e8tre de per\u00e7age allant jusqu\u2019\u00e0 32 mm et les utilisations difficiles dans l\u2019acier<\/li>\n<li>Id\u00e9ale pour les carottages dans la construction m\u00e9tallique avec le support de per\u00e7age magn\u00e9tique GMB 32 Professional<\/li>\n<li>4 vitesses pour une d\u00e9multiplication toujours optimale<\/li>\n<\/ul>\n<\/div>\n<\/div>\n<div class=\"col-md-6\">\n<h4 class=\"headline hl4\"><strong>Fonctions<\/strong><\/h4>\n<div class=\"image-row bsTooltip__wrapper\">\n<div class=\"image-col bsTooltip\" title=\"\" data-content=\"Couple optimis\u00e9 pour les vissages et vitesse optimis\u00e9e pour les per\u00e7ages gr\u00e2ce \u00e0 l\u2019engrenage plan\u00e9taire \u00e0 2 vitesses\" data-original-title=\"\"><img decoding=\"async\" class=\"img-responsive ls-is-cached lazyloaded alignleft\" src=\"https:\/\/www.bosch-professional.com\/binary\/ocsmedia\/optimized\/100x100\/o7290v54_Bosch_BI_Icon_2Gear.png\" alt=\"Couple optimis\u00e9 pour les vissages et vitesse optimis\u00e9e pour les per\u00e7ages gr\u00e2ce \u00e0 l\u2019engrenage plan\u00e9taire \u00e0 2 vitesses\" data-sizes=\"(max-width: 767px) 100px, (min-width: 768px) and (max-width: 991px) 100px, (-webkit-min-device-pixel-ratio: 2.0) and (min-width: 1000px) 200px, 100px\" data-srcset=\"https:\/\/www.bosch-professional.com\/binary\/ocsmedia\/optimized\/100x100\/o7290v54_Bosch_BI_Icon_2Gear.png 100w, https:\/\/www.bosch-professional.com\/binary\/ocsmedia\/optimized\/100x100\/o7290v54_Bosch_BI_Icon_2Gear.png 100w, https:\/\/www.bosch-professional.com\/binary\/ocsmedia\/optimized\/100x100\/o7290v54_Bosch_BI_Icon_2Gear.png 100w, https:\/\/www.bosch-professional.com\/binary\/ocsmedia\/optimized\/200x200\/o7290v54_Bosch_BI_Icon_2Gear.png 200w\" data-src=\"https:\/\/www.bosch-professional.com\/binary\/ocsmedia\/optimized\/100x100\/o7290v54_Bosch_BI_Icon_2Gear.png\" \/><\/div>\n<div class=\"image-col bsTooltip\" title=\"\" data-content=\"Travail du bois Les outils \u00e9lectroportatifs professionnels Bosch pour travail du bois.\" data-original-title=\"\"><img decoding=\"async\" class=\"img-responsive ls-is-cached lazyloaded alignleft\" src=\"https:\/\/www.bosch-professional.com\/binary\/ocsmedia\/optimized\/100x100\/o246750v54_wood_picto_01.png\" alt=\"Travail du bois Les outils \u00e9lectroportatifs professionnels Bosch pour travail du bois.\" data-sizes=\"(max-width: 767px) 100px, (min-width: 768px) and (max-width: 991px) 100px, (-webkit-min-device-pixel-ratio: 2.0) and (min-width: 1000px) 200px, 100px\" data-srcset=\"https:\/\/www.bosch-professional.com\/binary\/ocsmedia\/optimized\/100x100\/o246750v54_wood_picto_01.png 100w, https:\/\/www.bosch-professional.com\/binary\/ocsmedia\/optimized\/100x100\/o246750v54_wood_picto_01.png 100w, https:\/\/www.bosch-professional.com\/binary\/ocsmedia\/optimized\/100x100\/o246750v54_wood_picto_01.png 100w, https:\/\/www.bosch-professional.com\/binary\/ocsmedia\/optimized\/200x200\/o246750v54_wood_picto_01.png 200w\" data-src=\"https:\/\/www.bosch-professional.com\/binary\/ocsmedia\/optimized\/100x100\/o246750v54_wood_picto_01.png\" \/><\/div>\n<\/div>\n<\/div>\n<\/div>\n<\/div>\n<\/section>\n<section id=\"pricescope\" class=\"o-product_variations-a trackingModule\">\n<div class=\"o-product_variations-a__container container\">\n<div class=\"o-product_variations-a__row row\">\n<div class=\"m-detail_stage\">\n<div class=\"m-detail_stage__headline col-xs-12\">\n<h4 class=\"headline hl1\"><strong>Ce qui est inclus dans ce paquet<\/strong><\/h4>\n<\/div>\n<div class=\"m-detail_stage__image col-sm-5\"><img decoding=\"async\" class=\"img-responsive alignleft\" src=\"https:\/\/www.bosch-professional.com\/binary\/ocsmedia\/optimized\/530x530\/o6924v54_F4gd9452DGbm324.png\" alt=\"dans un coffret de transport, avec pack d\u2019accessoires\" \/><\/div>\n<\/div>\n<div class=\"m-conversion_area\">\n<div class=\"m-conversion_area__col\">\n<div class=\"m-conversion_area__information\">\n<div class=\"m-conversion_area__headline m-conversion_area__headline--hl3\">\n<div class=\"headline hl3\">dans un coffret de transport, avec pack d\u2019accessoires<\/div>\n<\/div>\n<div class=\"m-conversion_area__headline m-conversion_area__headline--hl5\">\n<div class=\"headline hl5\">R\u00e9f\u00e9rence:\u00a0<span class=\"a-ordernumber\">0\u00a0601\u00a0130\u00a0203<\/span><\/div>\n<\/div>\n<ul class=\"m-conversion_area__ul\">\n<li class=\"m-conversion_area__li\">Poign\u00e9e suppl\u00e9mentaire (r\u00e9f. pi\u00e8ce de rechange 3 602 025 018)<\/li>\n<li class=\"m-conversion_area__li\">Coffret de transport<\/li>\n<li class=\"m-conversion_area__li\">Extracteur <span class=\"a-ordernumber grey-text grey-text\">1\u00a0601\u00a0030\u00a0009<\/span><\/li>\n<\/ul>\n<\/div>\n<\/div>\n<\/div>\n<\/div>\n<\/div>\n<\/section>\n<\/div>\n<\/div>\n<\/div>\n<\/section>\n<\/div>\n<\/div>\n<\/div>\n<\/section>\n<\/div>\n<\/div>\n<\/div>\n<\/section>\n<\/div>\n<\/div>\n<\/div>\n<\/div>\n<\/section>\n<\/div>\n<\/div>\n<\/div>\n<\/section>\n","protected":false},"excerpt":{"rendered":"<h4 class=\"o-product_standard_stage__headline-wrapper\"><strong>Un outil de 1\u2009500 W ultra-performant<\/strong><\/h4>\n<p><img decoding=\"async\" class=\"alignnone size-full wp-image-6129\" src=\"https:\/\/lhchosting.com\/hosna\/wp-content\/uploads\/2020\/04\/BOSCH-PERCEUSE-GBM32-4-32mm-1500W-icone-eurl-hosna-kamel-algerie.jpg\" alt=\"\" width=\"233\" height=\"112\" srcset=\"https:\/\/eurlhosnakamel.dz\/dz\/wp-content\/uploads\/2020\/04\/BOSCH-PERCEUSE-GBM32-4-32mm-1500W-icone-eurl-hosna-kamel-algerie.jpg 233w, https:\/\/eurlhosnakamel.dz\/dz\/wp-content\/uploads\/2020\/04\/BOSCH-PERCEUSE-GBM32-4-32mm-1500W-icone-eurl-hosna-kamel-algerie-200x96.jpg 200w\" sizes=\"(max-width: 233px) 100vw, 233px\" \/><\/p>\n","protected":false},"featured_media":6123,"template":"","meta":[],"product_cat":[405,441],"product_tag":[1205,2358],"class_list":{"0":"post-6121","1":"product","2":"type-product","3":"status-publish","4":"has-post-thumbnail","6":"product_cat-outillage","7":"product_cat-outillage-filaire","8":"product_tag-bosch-perceuse-gbm-32-4-32-mm-1500-w","9":"product_tag-perceuse-1500-watts-32mm-4-vitesse-variable-gbm-32-4","10":"product_brand-bosch-outillage","12":"first","13":"instock","14":"shipping-taxable","15":"product-type-simple","16":"col-xs-6 col-sm-4","17":"col-md-3 col-lg-3","18":"un-4-cols"},"yoast_head":"<!-- This site is optimized with the Yoast SEO plugin v22.5 - https:\/\/yoast.com\/wordpress\/plugins\/seo\/ -->\n<title>Perceuse 1500 Watts 32 mm 4 vitesse variable GBM 32-4 - EURL HOSNA KAMEL<\/title>\n<meta name=\"description\" content=\"Perceuse 1500 Watts 32 mm 4 vitesse variable GBM 32-4 - EURL HOSNA KAMEL\" \/>\n<meta name=\"robots\" content=\"index, follow, max-snippet:-1, max-image-preview:large, max-video-preview:-1\" \/>\n<link rel=\"canonical\" href=\"https:\/\/eurlhosnakamel.dz\/dz\/produit\/bosch-perceuse-gbm-32-4-32-mm-1500-w\/\" \/>\n<meta property=\"og:locale\" content=\"fr_FR\" \/>\n<meta property=\"og:type\" content=\"article\" \/>\n<meta property=\"og:title\" content=\"Perceuse 1500 Watts 32 mm 4 vitesse variable GBM 32-4 - EURL HOSNA KAMEL\" \/>\n<meta property=\"og:description\" content=\"Perceuse 1500 Watts 32 mm 4 vitesse variable GBM 32-4 - EURL HOSNA KAMEL\" \/>\n<meta property=\"og:url\" content=\"https:\/\/eurlhosnakamel.dz\/dz\/produit\/bosch-perceuse-gbm-32-4-32-mm-1500-w\/\" \/>\n<meta property=\"og:site_name\" content=\"EURL HOSNA KAMEL\" \/>\n<meta property=\"article:publisher\" content=\"https:\/\/www.facebook.com\/Eurl.Hosna.DZ\/\" \/>\n<meta property=\"article:modified_time\" content=\"2021-12-19T09:10:11+00:00\" \/>\n<meta property=\"og:image\" content=\"https:\/\/eurlhosnakamel.dz\/dz\/wp-content\/uploads\/2020\/04\/BOSCH-PERCEUSE-GBM32-4-32mm-1500W-eurl-hosna-kamel-algerie.jpg\" \/>\n\t<meta property=\"og:image:width\" content=\"512\" \/>\n\t<meta property=\"og:image:height\" content=\"512\" \/>\n\t<meta property=\"og:image:type\" content=\"image\/jpeg\" \/>\n<meta name=\"twitter:card\" content=\"summary_large_image\" \/>\n<meta name=\"twitter:label1\" content=\"Dur\u00e9e de lecture estim\u00e9e\" \/>\n\t<meta name=\"twitter:data1\" content=\"1 minute\" \/>\n<script type=\"application\/ld+json\" class=\"yoast-schema-graph\">{\"@context\":\"https:\/\/schema.org\",\"@graph\":[{\"@type\":\"WebPage\",\"@id\":\"https:\/\/eurlhosnakamel.dz\/dz\/produit\/bosch-perceuse-gbm-32-4-32-mm-1500-w\/\",\"url\":\"https:\/\/eurlhosnakamel.dz\/dz\/produit\/bosch-perceuse-gbm-32-4-32-mm-1500-w\/\",\"name\":\"Perceuse 1500 Watts 32 mm 4 vitesse variable GBM 32-4 - EURL HOSNA KAMEL\",\"isPartOf\":{\"@id\":\"https:\/\/eurlhosnakamel.dz\/dz\/#website\"},\"primaryImageOfPage\":{\"@id\":\"https:\/\/eurlhosnakamel.dz\/dz\/produit\/bosch-perceuse-gbm-32-4-32-mm-1500-w\/#primaryimage\"},\"image\":{\"@id\":\"https:\/\/eurlhosnakamel.dz\/dz\/produit\/bosch-perceuse-gbm-32-4-32-mm-1500-w\/#primaryimage\"},\"thumbnailUrl\":\"https:\/\/eurlhosnakamel.dz\/dz\/wp-content\/uploads\/2020\/04\/BOSCH-PERCEUSE-GBM32-4-32mm-1500W-eurl-hosna-kamel-algerie.jpg\",\"datePublished\":\"2020-04-19T10:36:46+00:00\",\"dateModified\":\"2021-12-19T09:10:11+00:00\",\"description\":\"Perceuse 1500 Watts 32 mm 4 vitesse variable GBM 32-4 - EURL HOSNA KAMEL\",\"breadcrumb\":{\"@id\":\"https:\/\/eurlhosnakamel.dz\/dz\/produit\/bosch-perceuse-gbm-32-4-32-mm-1500-w\/#breadcrumb\"},\"inLanguage\":\"fr-FR\",\"potentialAction\":[{\"@type\":\"ReadAction\",\"target\":[\"https:\/\/eurlhosnakamel.dz\/dz\/produit\/bosch-perceuse-gbm-32-4-32-mm-1500-w\/\"]}]},{\"@type\":\"ImageObject\",\"inLanguage\":\"fr-FR\",\"@id\":\"https:\/\/eurlhosnakamel.dz\/dz\/produit\/bosch-perceuse-gbm-32-4-32-mm-1500-w\/#primaryimage\",\"url\":\"https:\/\/eurlhosnakamel.dz\/dz\/wp-content\/uploads\/2020\/04\/BOSCH-PERCEUSE-GBM32-4-32mm-1500W-eurl-hosna-kamel-algerie.jpg\",\"contentUrl\":\"https:\/\/eurlhosnakamel.dz\/dz\/wp-content\/uploads\/2020\/04\/BOSCH-PERCEUSE-GBM32-4-32mm-1500W-eurl-hosna-kamel-algerie.jpg\",\"width\":512,\"height\":512},{\"@type\":\"BreadcrumbList\",\"@id\":\"https:\/\/eurlhosnakamel.dz\/dz\/produit\/bosch-perceuse-gbm-32-4-32-mm-1500-w\/#breadcrumb\",\"itemListElement\":[{\"@type\":\"ListItem\",\"position\":1,\"name\":\"Accueil\",\"item\":\"https:\/\/eurlhosnakamel.dz\/dz\/\"},{\"@type\":\"ListItem\",\"position\":2,\"name\":\"Shop\",\"item\":\"https:\/\/eurlhosnakamel.dz\/dz\/shop\/\"},{\"@type\":\"ListItem\",\"position\":3,\"name\":\"Perceuse 1500 Watts 32 mm 4 vitesse variable GBM 32-4\"}]},{\"@type\":\"WebSite\",\"@id\":\"https:\/\/eurlhosnakamel.dz\/dz\/#website\",\"url\":\"https:\/\/eurlhosnakamel.dz\/dz\/\",\"name\":\"EURL HOSNA KAMEL\",\"description\":\"Fournisseur Premium d&#039;Outillages Professionnels en Alg\u00e9rie -\",\"publisher\":{\"@id\":\"https:\/\/eurlhosnakamel.dz\/dz\/#organization\"},\"potentialAction\":[{\"@type\":\"SearchAction\",\"target\":{\"@type\":\"EntryPoint\",\"urlTemplate\":\"https:\/\/eurlhosnakamel.dz\/dz\/?s={search_term_string}\"},\"query-input\":\"required name=search_term_string\"}],\"inLanguage\":\"fr-FR\"},{\"@type\":\"Organization\",\"@id\":\"https:\/\/eurlhosnakamel.dz\/dz\/#organization\",\"name\":\"EURL HOSNA KAMEL - Bosch alg\u00e9rie\",\"url\":\"https:\/\/eurlhosnakamel.dz\/dz\/\",\"logo\":{\"@type\":\"ImageObject\",\"inLanguage\":\"fr-FR\",\"@id\":\"https:\/\/eurlhosnakamel.dz\/dz\/#\/schema\/logo\/image\/\",\"url\":\"https:\/\/eurlhosnakamel.dz\/wp-content\/uploads\/2020\/04\/LOGO-HOSNA1.png\",\"contentUrl\":\"https:\/\/eurlhosnakamel.dz\/wp-content\/uploads\/2020\/04\/LOGO-HOSNA1.png\",\"width\":120,\"height\":127,\"caption\":\"EURL HOSNA KAMEL - Bosch alg\u00e9rie\"},\"image\":{\"@id\":\"https:\/\/eurlhosnakamel.dz\/dz\/#\/schema\/logo\/image\/\"},\"sameAs\":[\"https:\/\/www.facebook.com\/Eurl.Hosna.DZ\/\"]}]}<\/script>\n<!-- \/ Yoast SEO plugin. -->","yoast_head_json":{"title":"Perceuse 1500 Watts 32 mm 4 vitesse variable GBM 32-4 - EURL HOSNA KAMEL","description":"Perceuse 1500 Watts 32 mm 4 vitesse variable GBM 32-4 - EURL HOSNA KAMEL","robots":{"index":"index","follow":"follow","max-snippet":"max-snippet:-1","max-image-preview":"max-image-preview:large","max-video-preview":"max-video-preview:-1"},"canonical":"https:\/\/eurlhosnakamel.dz\/dz\/produit\/bosch-perceuse-gbm-32-4-32-mm-1500-w\/","og_locale":"fr_FR","og_type":"article","og_title":"Perceuse 1500 Watts 32 mm 4 vitesse variable GBM 32-4 - EURL HOSNA KAMEL","og_description":"Perceuse 1500 Watts 32 mm 4 vitesse variable GBM 32-4 - EURL HOSNA KAMEL","og_url":"https:\/\/eurlhosnakamel.dz\/dz\/produit\/bosch-perceuse-gbm-32-4-32-mm-1500-w\/","og_site_name":"EURL HOSNA KAMEL","article_publisher":"https:\/\/www.facebook.com\/Eurl.Hosna.DZ\/","article_modified_time":"2021-12-19T09:10:11+00:00","og_image":[{"width":512,"height":512,"url":"https:\/\/eurlhosnakamel.dz\/dz\/wp-content\/uploads\/2020\/04\/BOSCH-PERCEUSE-GBM32-4-32mm-1500W-eurl-hosna-kamel-algerie.jpg","type":"image\/jpeg"}],"twitter_card":"summary_large_image","twitter_misc":{"Dur\u00e9e de lecture estim\u00e9e":"1 minute"},"schema":{"@context":"https:\/\/schema.org","@graph":[{"@type":"WebPage","@id":"https:\/\/eurlhosnakamel.dz\/dz\/produit\/bosch-perceuse-gbm-32-4-32-mm-1500-w\/","url":"https:\/\/eurlhosnakamel.dz\/dz\/produit\/bosch-perceuse-gbm-32-4-32-mm-1500-w\/","name":"Perceuse 1500 Watts 32 mm 4 vitesse variable GBM 32-4 - EURL HOSNA KAMEL","isPartOf":{"@id":"https:\/\/eurlhosnakamel.dz\/dz\/#website"},"primaryImageOfPage":{"@id":"https:\/\/eurlhosnakamel.dz\/dz\/produit\/bosch-perceuse-gbm-32-4-32-mm-1500-w\/#primaryimage"},"image":{"@id":"https:\/\/eurlhosnakamel.dz\/dz\/produit\/bosch-perceuse-gbm-32-4-32-mm-1500-w\/#primaryimage"},"thumbnailUrl":"https:\/\/eurlhosnakamel.dz\/dz\/wp-content\/uploads\/2020\/04\/BOSCH-PERCEUSE-GBM32-4-32mm-1500W-eurl-hosna-kamel-algerie.jpg","datePublished":"2020-04-19T10:36:46+00:00","dateModified":"2021-12-19T09:10:11+00:00","description":"Perceuse 1500 Watts 32 mm 4 vitesse variable GBM 32-4 - EURL HOSNA KAMEL","breadcrumb":{"@id":"https:\/\/eurlhosnakamel.dz\/dz\/produit\/bosch-perceuse-gbm-32-4-32-mm-1500-w\/#breadcrumb"},"inLanguage":"fr-FR","potentialAction":[{"@type":"ReadAction","target":["https:\/\/eurlhosnakamel.dz\/dz\/produit\/bosch-perceuse-gbm-32-4-32-mm-1500-w\/"]}]},{"@type":"ImageObject","inLanguage":"fr-FR","@id":"https:\/\/eurlhosnakamel.dz\/dz\/produit\/bosch-perceuse-gbm-32-4-32-mm-1500-w\/#primaryimage","url":"https:\/\/eurlhosnakamel.dz\/dz\/wp-content\/uploads\/2020\/04\/BOSCH-PERCEUSE-GBM32-4-32mm-1500W-eurl-hosna-kamel-algerie.jpg","contentUrl":"https:\/\/eurlhosnakamel.dz\/dz\/wp-content\/uploads\/2020\/04\/BOSCH-PERCEUSE-GBM32-4-32mm-1500W-eurl-hosna-kamel-algerie.jpg","width":512,"height":512},{"@type":"BreadcrumbList","@id":"https:\/\/eurlhosnakamel.dz\/dz\/produit\/bosch-perceuse-gbm-32-4-32-mm-1500-w\/#breadcrumb","itemListElement":[{"@type":"ListItem","position":1,"name":"Accueil","item":"https:\/\/eurlhosnakamel.dz\/dz\/"},{"@type":"ListItem","position":2,"name":"Shop","item":"https:\/\/eurlhosnakamel.dz\/dz\/shop\/"},{"@type":"ListItem","position":3,"name":"Perceuse 1500 Watts 32 mm 4 vitesse variable GBM 32-4"}]},{"@type":"WebSite","@id":"https:\/\/eurlhosnakamel.dz\/dz\/#website","url":"https:\/\/eurlhosnakamel.dz\/dz\/","name":"EURL HOSNA KAMEL","description":"Fournisseur Premium d&#039;Outillages Professionnels en Alg\u00e9rie -","publisher":{"@id":"https:\/\/eurlhosnakamel.dz\/dz\/#organization"},"potentialAction":[{"@type":"SearchAction","target":{"@type":"EntryPoint","urlTemplate":"https:\/\/eurlhosnakamel.dz\/dz\/?s={search_term_string}"},"query-input":"required name=search_term_string"}],"inLanguage":"fr-FR"},{"@type":"Organization","@id":"https:\/\/eurlhosnakamel.dz\/dz\/#organization","name":"EURL HOSNA KAMEL - Bosch alg\u00e9rie","url":"https:\/\/eurlhosnakamel.dz\/dz\/","logo":{"@type":"ImageObject","inLanguage":"fr-FR","@id":"https:\/\/eurlhosnakamel.dz\/dz\/#\/schema\/logo\/image\/","url":"https:\/\/eurlhosnakamel.dz\/wp-content\/uploads\/2020\/04\/LOGO-HOSNA1.png","contentUrl":"https:\/\/eurlhosnakamel.dz\/wp-content\/uploads\/2020\/04\/LOGO-HOSNA1.png","width":120,"height":127,"caption":"EURL HOSNA KAMEL - Bosch alg\u00e9rie"},"image":{"@id":"https:\/\/eurlhosnakamel.dz\/dz\/#\/schema\/logo\/image\/"},"sameAs":["https:\/\/www.facebook.com\/Eurl.Hosna.DZ\/"]}]}},"_links":{"self":[{"href":"https:\/\/eurlhosnakamel.dz\/dz\/wp-json\/wp\/v2\/product\/6121","targetHints":{"allow":["GET"]}}],"collection":[{"href":"https:\/\/eurlhosnakamel.dz\/dz\/wp-json\/wp\/v2\/product"}],"about":[{"href":"https:\/\/eurlhosnakamel.dz\/dz\/wp-json\/wp\/v2\/types\/product"}],"wp:featuredmedia":[{"embeddable":true,"href":"https:\/\/eurlhosnakamel.dz\/dz\/wp-json\/wp\/v2\/media\/6123"}],"wp:attachment":[{"href":"https:\/\/eurlhosnakamel.dz\/dz\/wp-json\/wp\/v2\/media?parent=6121"}],"wp:term":[{"taxonomy":"product_cat","embeddable":true,"href":"https:\/\/eurlhosnakamel.dz\/dz\/wp-json\/wp\/v2\/product_cat?post=6121"},{"taxonomy":"product_tag","embeddable":true,"href":"https:\/\/eurlhosnakamel.dz\/dz\/wp-json\/wp\/v2\/product_tag?post=6121"}],"curies":[{"name":"wp","href":"https:\/\/api.w.org\/{rel}","templated":true}]}}