{"id":6171,"date":"2020-04-19T11:05:32","date_gmt":"2020-04-19T11:05:32","guid":{"rendered":"https:\/\/lhchosting.com\/hosna\/?post_type=product&#038;p=6171"},"modified":"2021-12-19T09:08:17","modified_gmt":"2021-12-19T09:08:17","slug":"bosch-perceuse-sans-fil-gsb-180-li-18-v-54-nm-13-mm-2-batteries-1-5-ah-percussion","status":"publish","type":"product","link":"https:\/\/eurlhosnakamel.dz\/dz\/produit\/bosch-perceuse-sans-fil-gsb-180-li-18-v-54-nm-13-mm-2-batteries-1-5-ah-percussion\/","title":{"rendered":"Perceuse sans fil 18 V 21\/54 Nm (2 Batteries 1.5 Ah, AL 1814 CV) GSB 180-LI"},"content":{"rendered":"<section id=\"technicaldata\" class=\"o-technical_details-a trackingModule\">\n<div class=\"container\">\n<div class=\"row\">\n<div class=\"col-xs-12\">\n<section id=\"technicaldata\" class=\"o-technical_details-a trackingModule\">\n<div class=\"container\">\n<div class=\"row\">\n<div class=\"col-xs-12\">\n<div class=\"headline hl1\">\n<section id=\"technicaldata\" class=\"o-technical_details-a trackingModule\">\n<div class=\"container\">\n<div class=\"row\">\n<div class=\"col-xs-12\">\n<section id=\"technicaldata\" class=\"o-technical_details-a trackingModule\">\n<div class=\"container\">\n<div class=\"row\">\n<div class=\"col-xs-12\">\n<section id=\"technicaldata\" class=\"o-technical_details-a trackingModule\">\n<div class=\"container\">\n<div class=\"row\">\n<div class=\"col-xs-12\">\n<section id=\"technicaldata\" class=\"o-technical_details-a trackingModule\">\n<div class=\"container\">\n<div class=\"row\">\n<div class=\"col-xs-12\">\n<section id=\"technicaldata\" class=\"o-technical_details-a trackingModule\">\n<div class=\"container\">\n<div class=\"row\">\n<div class=\"col-xs-12\">\n<section id=\"technicaldata\" class=\"o-technical_details trackingModule\">\n<div class=\"container trackingTeaser\">\n<div class=\"row\">\n<div class=\"col-md-5\">\n<section id=\"technicaldata\" class=\"o-technical_details-a trackingModule\">\n<div class=\"container\">\n<div class=\"row\">\n<div class=\"col-xs-12\">\n<h4 class=\"headline hl1\"><strong>Caract\u00e9ristiques techniques<\/strong><\/h4>\n<\/div>\n<\/div>\n<div class=\"row\">\n<div class=\"col-lg-8 col-xs-12\">\n<table class=\"table\">\n<colgroup>\n<col class=\"col-xs-5\" \/>\n<col class=\"col-xs-3\" \/><\/colgroup>\n<thead>\n<tr>\n<th class=\"headline hl4\" colspan=\"2\">Donn\u00e9es suppl\u00e9mentaires<\/th>\n<\/tr>\n<\/thead>\n<tbody>\n<tr>\n<td>Tension de la batterie*<\/td>\n<td>18<\/td>\n<\/tr>\n<tr>\n<td>Type de batterie<\/td>\n<td>Lithium-Ion<\/td>\n<\/tr>\n<tr>\n<td>Couple (tendre\/dur\/maxi)<\/td>\n<td>21\/54\/-\u00a0Nm<\/td>\n<\/tr>\n<tr>\n<td>R\u00e9gime \u00e0 vide (1\u00e8re vitesse \/ 2\u00e8me vitesse)<\/td>\n<td>0 \u2013 500 \/ 0 \u2013 1.900\u00a0t\/min<\/td>\n<\/tr>\n<tr>\n<td>Fr\u00e9quence de frappe maxi.<\/td>\n<td>27\u00a0000<\/td>\n<\/tr>\n<tr>\n<td>Plage de serrage du mandrin, min.\/max.<\/td>\n<td>1=5 \/ 13\u00a0mm<\/td>\n<\/tr>\n<tr>\n<td>R\u00e9glages de couple<\/td>\n<td>20+2<\/td>\n<\/tr>\n<tr>\n<td>Porte-outils<\/td>\n<td>Mandrin \u00e0 trois mors<\/td>\n<\/tr>\n<\/tbody>\n<\/table>\n<table class=\"table\">\n<colgroup>\n<col class=\"col-xs-5\" \/>\n<col class=\"col-xs-3\" \/><\/colgroup>\n<thead>\n<tr>\n<th class=\"headline hl4\" colspan=\"2\">Diam\u00e8tre de per\u00e7age<\/th>\n<\/tr>\n<\/thead>\n<tbody>\n<tr>\n<td>\u00d8 de per\u00e7age dans le bois, maxi.<\/td>\n<td>35<\/td>\n<\/tr>\n<tr>\n<td>\u00d8 de per\u00e7age dans l\u2019acier, maxi.<\/td>\n<td>10<\/td>\n<\/tr>\n<tr>\n<td>\u00d8 de per\u00e7age dans le ma\u00e7onnerie, maxi.*<\/td>\n<td>10<\/td>\n<\/tr>\n<tr>\n<td>\u00d8 des vis, maxi.*<\/td>\n<td>10<\/td>\n<\/tr>\n<\/tbody>\n<\/table>\n<table class=\"table\">\n<colgroup>\n<col class=\"col-xs-5\" \/>\n<col class=\"col-xs-3\" \/><\/colgroup>\n<thead>\n<tr>\n<th class=\"headline hl4\" colspan=\"2\">\u00d8 des vis<\/th>\n<\/tr>\n<\/thead>\n<tbody>\n<tr>\n<td>\u00d8 de per\u00e7age dans le bois, maxi.<\/td>\n<td>35<\/td>\n<\/tr>\n<tr>\n<td>\u00d8 de per\u00e7age dans l\u2019acier, maxi.<\/td>\n<td>10<\/td>\n<\/tr>\n<tr>\n<td><b>\u00d8 de per\u00e7age dans le ma\u00e7onnerie, maxi.*<\/b><\/td>\n<td><b>10<\/b><\/td>\n<\/tr>\n<tr>\n<td><b>\u00d8 des vis, maxi.*<\/b><\/td>\n<td><b>10<\/b><\/td>\n<\/tr>\n<\/tbody>\n<\/table>\n<p>* Donn\u00e9es mises en surbrillance<\/p>\n<p>Le niveau sonore pond\u00e9r\u00e9 A de l&#8217;outil \u00e9lectroportatif est typiquement de : niveau de pression acoustique 88 dB(A) ; niveau de puissance acoustique 99 dB(A). Incertitude K = 5 dB.<\/p>\n<\/div>\n<\/div>\n<\/div>\n<\/section>\n<section id=\"highlights\" class=\"m-product_hightlights trackingModule\">\n<div class=\"container\">\n<h4 class=\"headline hl1\"><strong>Avantages<\/strong><\/h4>\n<div class=\"row\">\n<div class=\"col-md-6\">\n<div class=\"m-product_hightlights__content-wrapper\">\n<h4 class=\"headline hl4\"><strong>Plus puissant. Plus robuste.<\/strong><\/h4>\n<ul class=\"m-product_hightlights__list\">\n<li>Abordable : la qualit\u00e9 Bosch \u00e0 un prix abordable !<\/li>\n<li>Facile d\u2019entretien : le moteur est dot\u00e9 de charbons rempla\u00e7ables<\/li>\n<li>Endurant : dot\u00e9 d\u2019un bo\u00eetier r\u00e9sistant et d\u2019une batterie avec \u00e9lectronique de protection des cellules<\/li>\n<\/ul>\n<\/div>\n<\/div>\n<div class=\"col-md-6\">\n<h4 class=\"headline hl4\"><strong>Fonctions<\/strong><\/h4>\n<div class=\"image-row bsTooltip__wrapper\">\n<div class=\"image-col bsTooltip\" title=\"\" data-content=\"Couple optimis\u00e9 pour les vissages et vitesse optimis\u00e9e pour les per\u00e7ages gr\u00e2ce \u00e0 l\u2019engrenage plan\u00e9taire \u00e0 2 vitesses\" data-original-title=\"\"><img decoding=\"async\" class=\"img-responsive ls-is-cached lazyloaded alignleft\" src=\"https:\/\/www.bosch-professional.com\/binary\/ocsmedia\/optimized\/100x100\/o7290v54_Bosch_BI_Icon_2Gear.png\" alt=\"Couple optimis\u00e9 pour les vissages et vitesse optimis\u00e9e pour les per\u00e7ages gr\u00e2ce \u00e0 l\u2019engrenage plan\u00e9taire \u00e0 2 vitesses\" data-sizes=\"(max-width: 767px) 100px, (min-width: 768px) and (max-width: 991px) 100px, (-webkit-min-device-pixel-ratio: 2.0) and (min-width: 1000px) 200px, 100px\" data-srcset=\"https:\/\/www.bosch-professional.com\/binary\/ocsmedia\/optimized\/100x100\/o7290v54_Bosch_BI_Icon_2Gear.png 100w, https:\/\/www.bosch-professional.com\/binary\/ocsmedia\/optimized\/100x100\/o7290v54_Bosch_BI_Icon_2Gear.png 100w, https:\/\/www.bosch-professional.com\/binary\/ocsmedia\/optimized\/100x100\/o7290v54_Bosch_BI_Icon_2Gear.png 100w, https:\/\/www.bosch-professional.com\/binary\/ocsmedia\/optimized\/200x200\/o7290v54_Bosch_BI_Icon_2Gear.png 200w\" data-src=\"https:\/\/www.bosch-professional.com\/binary\/ocsmedia\/optimized\/100x100\/o7290v54_Bosch_BI_Icon_2Gear.png\" \/><\/div>\n<div class=\"image-col bsTooltip\" title=\"\" data-content=\"R\u00e9versibilit\u00e9 gauche\/droite pour visser et d\u00e9visser des vis\" data-original-title=\"\"><img decoding=\"async\" class=\"img-responsive ls-is-cached lazyloaded alignleft\" src=\"https:\/\/www.bosch-professional.com\/binary\/ocsmedia\/optimized\/100x100\/o131968v54_Bosch_BI_Icon_RightLeftRotation.png\" alt=\"R\u00e9versibilit\u00e9 gauche\/droite pour visser et d\u00e9visser des vis\" data-sizes=\"(max-width: 767px) 100px, (min-width: 768px) and (max-width: 991px) 100px, (-webkit-min-device-pixel-ratio: 2.0) and (min-width: 1000px) 200px, 100px\" data-srcset=\"https:\/\/www.bosch-professional.com\/binary\/ocsmedia\/optimized\/100x100\/o131968v54_Bosch_BI_Icon_RightLeftRotation.png 100w, https:\/\/www.bosch-professional.com\/binary\/ocsmedia\/optimized\/100x100\/o131968v54_Bosch_BI_Icon_RightLeftRotation.png 100w, https:\/\/www.bosch-professional.com\/binary\/ocsmedia\/optimized\/100x100\/o131968v54_Bosch_BI_Icon_RightLeftRotation.png 100w, https:\/\/www.bosch-professional.com\/binary\/ocsmedia\/optimized\/200x200\/o131968v54_Bosch_BI_Icon_RightLeftRotation.png 200w\" data-src=\"https:\/\/www.bosch-professional.com\/binary\/ocsmedia\/optimized\/100x100\/o131968v54_Bosch_BI_Icon_RightLeftRotation.png\" \/><\/div>\n<div class=\"image-col bsTooltip\" title=\"\" data-content=\"Changement pratique des accessoires Le mandrin automatique s\u2019ouvre et se ferme rapidement\" data-original-title=\"\"><img decoding=\"async\" class=\"img-responsive ls-is-cached lazyloaded alignleft\" src=\"https:\/\/www.bosch-professional.com\/binary\/ocsmedia\/optimized\/100x100\/o132712v54_Bosch_BI_Icon_Autolock.png\" alt=\"Changement pratique des accessoires Le mandrin automatique s\u2019ouvre et se ferme rapidement\" data-sizes=\"(max-width: 767px) 100px, (min-width: 768px) and (max-width: 991px) 100px, (-webkit-min-device-pixel-ratio: 2.0) and (min-width: 1000px) 200px, 100px\" data-srcset=\"https:\/\/www.bosch-professional.com\/binary\/ocsmedia\/optimized\/100x100\/o132712v54_Bosch_BI_Icon_Autolock.png 100w, https:\/\/www.bosch-professional.com\/binary\/ocsmedia\/optimized\/100x100\/o132712v54_Bosch_BI_Icon_Autolock.png 100w, https:\/\/www.bosch-professional.com\/binary\/ocsmedia\/optimized\/100x100\/o132712v54_Bosch_BI_Icon_Autolock.png 100w, https:\/\/www.bosch-professional.com\/binary\/ocsmedia\/optimized\/200x200\/o132712v54_Bosch_BI_Icon_Autolock.png 200w\" data-src=\"https:\/\/www.bosch-professional.com\/binary\/ocsmedia\/optimized\/100x100\/o132712v54_Bosch_BI_Icon_Autolock.png\" \/><\/div>\n<div class=\"image-col bsTooltip\" title=\"\" data-original-title=\"\"><img decoding=\"async\" class=\"img-responsive ls-is-cached lazyloaded alignleft\" src=\"https:\/\/www.bosch-professional.com\/binary\/ocsmedia\/optimized\/100x100\/o226047v54_lv-130630-12-Bosch_MT_Icon_LEDLight.png\" alt=\"Icon\" data-sizes=\"(max-width: 767px) 100px, (min-width: 768px) and (max-width: 991px) 100px, (-webkit-min-device-pixel-ratio: 2.0) and (min-width: 1000px) 200px, 100px\" data-srcset=\"https:\/\/www.bosch-professional.com\/binary\/ocsmedia\/optimized\/100x100\/o226047v54_lv-130630-12-Bosch_MT_Icon_LEDLight.png 100w, https:\/\/www.bosch-professional.com\/binary\/ocsmedia\/optimized\/100x100\/o226047v54_lv-130630-12-Bosch_MT_Icon_LEDLight.png 100w, https:\/\/www.bosch-professional.com\/binary\/ocsmedia\/optimized\/100x100\/o226047v54_lv-130630-12-Bosch_MT_Icon_LEDLight.png 100w, https:\/\/www.bosch-professional.com\/binary\/ocsmedia\/optimized\/200x200\/o226047v54_lv-130630-12-Bosch_MT_Icon_LEDLight.png 200w\" data-src=\"https:\/\/www.bosch-professional.com\/binary\/ocsmedia\/optimized\/100x100\/o226047v54_lv-130630-12-Bosch_MT_Icon_LEDLight.png\" \/><\/div>\n<div class=\"image-col bsTooltip\" title=\"\" data-content=\"R\u00e9gulation facile et pr\u00e9cise du r\u00e9gime gr\u00e2ce au variateur de vitesse\" data-original-title=\"\"><img decoding=\"async\" class=\"img-responsive ls-is-cached lazyloaded alignleft\" src=\"https:\/\/www.bosch-professional.com\/binary\/ocsmedia\/optimized\/100x100\/o132423v54_Bosch_BI_Icon_Variable_Speed.png\" alt=\"R\u00e9gulation facile et pr\u00e9cise du r\u00e9gime gr\u00e2ce au variateur de vitesse\" data-sizes=\"(max-width: 767px) 100px, (min-width: 768px) and (max-width: 991px) 100px, (-webkit-min-device-pixel-ratio: 2.0) and (min-width: 1000px) 200px, 100px\" data-srcset=\"https:\/\/www.bosch-professional.com\/binary\/ocsmedia\/optimized\/100x100\/o132423v54_Bosch_BI_Icon_Variable_Speed.png 100w, https:\/\/www.bosch-professional.com\/binary\/ocsmedia\/optimized\/100x100\/o132423v54_Bosch_BI_Icon_Variable_Speed.png 100w, https:\/\/www.bosch-professional.com\/binary\/ocsmedia\/optimized\/100x100\/o132423v54_Bosch_BI_Icon_Variable_Speed.png 100w, https:\/\/www.bosch-professional.com\/binary\/ocsmedia\/optimized\/200x200\/o132423v54_Bosch_BI_Icon_Variable_Speed.png 200w\" data-src=\"https:\/\/www.bosch-professional.com\/binary\/ocsmedia\/optimized\/100x100\/o132423v54_Bosch_BI_Icon_Variable_Speed.png\" \/><\/div>\n<\/div>\n<\/div>\n<\/div>\n<\/div>\n<\/section>\n<section id=\"pricescope\" class=\"o-product_variations-a trackingModule\">\n<div class=\"o-product_variations-a__container container\">\n<div class=\"o-product_variations-a__row row\">\n<div class=\"m-detail_stage\">\n<div class=\"m-detail_stage__headline col-xs-12\">\n<h4 class=\"headline hl1\"><strong>Ce qui est inclus dans ce paquet<\/strong><\/h4>\n<\/div>\n<div class=\"m-detail_stage__image col-sm-5\"><img decoding=\"async\" class=\"img-responsive alignleft\" src=\"https:\/\/www.bosch-professional.com\/binary\/ocsmedia\/optimized\/530x530\/o265619v54_lv-128950-12-GSB180-LI_dyn.png\" alt=\"Dans coffret de transport\" \/><\/div>\n<\/div>\n<div class=\"m-conversion_area\">\n<div class=\"m-conversion_area__col\">\n<div class=\"m-conversion_area__information\">\n<div class=\"m-conversion_area__headline m-conversion_area__headline--hl3\">\n<div class=\"headline hl3\">Dans coffret de transport<\/div>\n<\/div>\n<div class=\"m-conversion_area__headline m-conversion_area__headline--hl5\">\n<div class=\"headline hl5\">R\u00e9f\u00e9rence:\u00a0<span class=\"a-ordernumber\">0\u00a0601\u00a09F8\u00a03K0<\/span><\/div>\n<\/div>\n<ul class=\"m-conversion_area__ul\">\n<li class=\"m-conversion_area__li\">2 batteries Li-Ion 1,5 Ah<\/li>\n<li class=\"m-conversion_area__li\">Chargeur AL 1814 CV<\/li>\n<li class=\"m-conversion_area__li\">Coffret de transport<\/li>\n<\/ul>\n<\/div>\n<\/div>\n<\/div>\n<\/div>\n<\/div>\n<\/section>\n<\/div>\n<\/div>\n<\/div>\n<\/section>\n<\/div>\n<\/div>\n<\/div>\n<\/section>\n<\/div>\n<\/div>\n<\/div>\n<\/section>\n<\/div>\n<\/div>\n<\/div>\n<\/section>\n<\/div>\n<\/div>\n<\/div>\n<\/section>\n<\/div>\n<\/div>\n<\/div>\n<\/section>\n<\/div>\n<\/div>\n<\/div>\n<\/div>\n<\/section>\n<\/div>\n<\/div>\n<\/div>\n<\/section>\n","protected":false},"excerpt":{"rendered":"<h4 class=\"headline hl4\"><strong>Plus puissant. Plus robuste.<\/strong><\/h4>\n<p><img decoding=\"async\" class=\"alignnone size-medium wp-image-6175\" src=\"https:\/\/lhchosting.com\/hosna\/wp-content\/uploads\/2020\/04\/BOSCH-PERCEUSE-SANS-FIL-GSB-180-LI-18-V-icone-eurl-hosna-kamel-algerie-300x66.jpg\" alt=\"\" width=\"300\" height=\"66\" srcset=\"https:\/\/eurlhosnakamel.dz\/dz\/wp-content\/uploads\/2020\/04\/BOSCH-PERCEUSE-SANS-FIL-GSB-180-LI-18-V-icone-eurl-hosna-kamel-algerie-300x66.jpg 300w, https:\/\/eurlhosnakamel.dz\/dz\/wp-content\/uploads\/2020\/04\/BOSCH-PERCEUSE-SANS-FIL-GSB-180-LI-18-V-icone-eurl-hosna-kamel-algerie-500x110.jpg 500w, https:\/\/eurlhosnakamel.dz\/dz\/wp-content\/uploads\/2020\/04\/BOSCH-PERCEUSE-SANS-FIL-GSB-180-LI-18-V-icone-eurl-hosna-kamel-algerie-370x81.jpg 370w, https:\/\/eurlhosnakamel.dz\/dz\/wp-content\/uploads\/2020\/04\/BOSCH-PERCEUSE-SANS-FIL-GSB-180-LI-18-V-icone-eurl-hosna-kamel-algerie-200x44.jpg 200w, https:\/\/eurlhosnakamel.dz\/dz\/wp-content\/uploads\/2020\/04\/BOSCH-PERCEUSE-SANS-FIL-GSB-180-LI-18-V-icone-eurl-hosna-kamel-algerie.jpg 561w\" sizes=\"(max-width: 300px) 100vw, 300px\" \/><\/p>\n","protected":false},"featured_media":6173,"template":"","meta":[],"product_cat":[405,443],"product_tag":[1221,2383],"class_list":{"0":"post-6171","1":"product","2":"type-product","3":"status-publish","4":"has-post-thumbnail","6":"product_cat-outillage","7":"product_cat-outillage-sans-fil","8":"product_tag-bosch-perceuse-sans-fil-gsb-180-li-18-v-54-nm-13-mm-2-batteries-1-5-ah-percussion","9":"product_tag-gsb-180-li","10":"product_brand-bosch-outillage","12":"first","13":"instock","14":"shipping-taxable","15":"product-type-simple","16":"col-xs-6 col-sm-4","17":"col-md-3 col-lg-3","18":"un-4-cols"},"yoast_head":"<!-- This site is optimized with the Yoast SEO plugin v22.5 - https:\/\/yoast.com\/wordpress\/plugins\/seo\/ -->\n<title>Perceuse sans fil 18 V 21\/54 Nm (2 Batteries 1.5 Ah, AL 1814 CV) GSB 180-LI - EURL HOSNA KAMEL<\/title>\n<meta name=\"description\" content=\"Perceuse sans fil 18 V 21\/54 Nm (2 Batteries 1.5 Ah, AL 1814 CV) GSB 180-LI - EURL HOSNA KAMEL\" \/>\n<meta name=\"robots\" content=\"index, follow, max-snippet:-1, max-image-preview:large, max-video-preview:-1\" \/>\n<link rel=\"canonical\" href=\"https:\/\/eurlhosnakamel.dz\/dz\/produit\/bosch-perceuse-sans-fil-gsb-180-li-18-v-54-nm-13-mm-2-batteries-1-5-ah-percussion\/\" \/>\n<meta property=\"og:locale\" content=\"fr_FR\" \/>\n<meta property=\"og:type\" content=\"article\" \/>\n<meta property=\"og:title\" content=\"Perceuse sans fil 18 V 21\/54 Nm (2 Batteries 1.5 Ah, AL 1814 CV) GSB 180-LI - EURL HOSNA KAMEL\" \/>\n<meta property=\"og:description\" content=\"Perceuse sans fil 18 V 21\/54 Nm (2 Batteries 1.5 Ah, AL 1814 CV) GSB 180-LI - EURL HOSNA KAMEL\" \/>\n<meta property=\"og:url\" content=\"https:\/\/eurlhosnakamel.dz\/dz\/produit\/bosch-perceuse-sans-fil-gsb-180-li-18-v-54-nm-13-mm-2-batteries-1-5-ah-percussion\/\" \/>\n<meta property=\"og:site_name\" content=\"EURL HOSNA KAMEL\" \/>\n<meta property=\"article:publisher\" content=\"https:\/\/www.facebook.com\/Eurl.Hosna.DZ\/\" \/>\n<meta property=\"article:modified_time\" content=\"2021-12-19T09:08:17+00:00\" \/>\n<meta property=\"og:image\" content=\"https:\/\/eurlhosnakamel.dz\/dz\/wp-content\/uploads\/2020\/04\/BOSCH-PERCEUSE-SANS-FIL-GSB-180-LI-18-V-eurl-hosna-kamel-algerie.jpg\" \/>\n\t<meta property=\"og:image:width\" content=\"512\" \/>\n\t<meta property=\"og:image:height\" content=\"512\" \/>\n\t<meta property=\"og:image:type\" content=\"image\/jpeg\" \/>\n<meta name=\"twitter:card\" content=\"summary_large_image\" \/>\n<meta name=\"twitter:label1\" content=\"Dur\u00e9e de lecture estim\u00e9e\" \/>\n\t<meta name=\"twitter:data1\" content=\"1 minute\" \/>\n<script type=\"application\/ld+json\" class=\"yoast-schema-graph\">{\"@context\":\"https:\/\/schema.org\",\"@graph\":[{\"@type\":\"WebPage\",\"@id\":\"https:\/\/eurlhosnakamel.dz\/dz\/produit\/bosch-perceuse-sans-fil-gsb-180-li-18-v-54-nm-13-mm-2-batteries-1-5-ah-percussion\/\",\"url\":\"https:\/\/eurlhosnakamel.dz\/dz\/produit\/bosch-perceuse-sans-fil-gsb-180-li-18-v-54-nm-13-mm-2-batteries-1-5-ah-percussion\/\",\"name\":\"Perceuse sans fil 18 V 21\/54 Nm (2 Batteries 1.5 Ah, AL 1814 CV) GSB 180-LI - EURL HOSNA KAMEL\",\"isPartOf\":{\"@id\":\"https:\/\/eurlhosnakamel.dz\/dz\/#website\"},\"primaryImageOfPage\":{\"@id\":\"https:\/\/eurlhosnakamel.dz\/dz\/produit\/bosch-perceuse-sans-fil-gsb-180-li-18-v-54-nm-13-mm-2-batteries-1-5-ah-percussion\/#primaryimage\"},\"image\":{\"@id\":\"https:\/\/eurlhosnakamel.dz\/dz\/produit\/bosch-perceuse-sans-fil-gsb-180-li-18-v-54-nm-13-mm-2-batteries-1-5-ah-percussion\/#primaryimage\"},\"thumbnailUrl\":\"https:\/\/eurlhosnakamel.dz\/dz\/wp-content\/uploads\/2020\/04\/BOSCH-PERCEUSE-SANS-FIL-GSB-180-LI-18-V-eurl-hosna-kamel-algerie.jpg\",\"datePublished\":\"2020-04-19T11:05:32+00:00\",\"dateModified\":\"2021-12-19T09:08:17+00:00\",\"description\":\"Perceuse sans fil 18 V 21\/54 Nm (2 Batteries 1.5 Ah, AL 1814 CV) GSB 180-LI - EURL HOSNA KAMEL\",\"breadcrumb\":{\"@id\":\"https:\/\/eurlhosnakamel.dz\/dz\/produit\/bosch-perceuse-sans-fil-gsb-180-li-18-v-54-nm-13-mm-2-batteries-1-5-ah-percussion\/#breadcrumb\"},\"inLanguage\":\"fr-FR\",\"potentialAction\":[{\"@type\":\"ReadAction\",\"target\":[\"https:\/\/eurlhosnakamel.dz\/dz\/produit\/bosch-perceuse-sans-fil-gsb-180-li-18-v-54-nm-13-mm-2-batteries-1-5-ah-percussion\/\"]}]},{\"@type\":\"ImageObject\",\"inLanguage\":\"fr-FR\",\"@id\":\"https:\/\/eurlhosnakamel.dz\/dz\/produit\/bosch-perceuse-sans-fil-gsb-180-li-18-v-54-nm-13-mm-2-batteries-1-5-ah-percussion\/#primaryimage\",\"url\":\"https:\/\/eurlhosnakamel.dz\/dz\/wp-content\/uploads\/2020\/04\/BOSCH-PERCEUSE-SANS-FIL-GSB-180-LI-18-V-eurl-hosna-kamel-algerie.jpg\",\"contentUrl\":\"https:\/\/eurlhosnakamel.dz\/dz\/wp-content\/uploads\/2020\/04\/BOSCH-PERCEUSE-SANS-FIL-GSB-180-LI-18-V-eurl-hosna-kamel-algerie.jpg\",\"width\":512,\"height\":512},{\"@type\":\"BreadcrumbList\",\"@id\":\"https:\/\/eurlhosnakamel.dz\/dz\/produit\/bosch-perceuse-sans-fil-gsb-180-li-18-v-54-nm-13-mm-2-batteries-1-5-ah-percussion\/#breadcrumb\",\"itemListElement\":[{\"@type\":\"ListItem\",\"position\":1,\"name\":\"Accueil\",\"item\":\"https:\/\/eurlhosnakamel.dz\/dz\/\"},{\"@type\":\"ListItem\",\"position\":2,\"name\":\"Shop\",\"item\":\"https:\/\/eurlhosnakamel.dz\/dz\/shop\/\"},{\"@type\":\"ListItem\",\"position\":3,\"name\":\"Perceuse sans fil 18 V 21\/54 Nm (2 Batteries 1.5 Ah, AL 1814 CV) GSB 180-LI\"}]},{\"@type\":\"WebSite\",\"@id\":\"https:\/\/eurlhosnakamel.dz\/dz\/#website\",\"url\":\"https:\/\/eurlhosnakamel.dz\/dz\/\",\"name\":\"EURL HOSNA KAMEL\",\"description\":\"Fournisseur Premium d&#039;Outillages Professionnels en Alg\u00e9rie -\",\"publisher\":{\"@id\":\"https:\/\/eurlhosnakamel.dz\/dz\/#organization\"},\"potentialAction\":[{\"@type\":\"SearchAction\",\"target\":{\"@type\":\"EntryPoint\",\"urlTemplate\":\"https:\/\/eurlhosnakamel.dz\/dz\/?s={search_term_string}\"},\"query-input\":\"required name=search_term_string\"}],\"inLanguage\":\"fr-FR\"},{\"@type\":\"Organization\",\"@id\":\"https:\/\/eurlhosnakamel.dz\/dz\/#organization\",\"name\":\"EURL HOSNA KAMEL - Bosch alg\u00e9rie\",\"url\":\"https:\/\/eurlhosnakamel.dz\/dz\/\",\"logo\":{\"@type\":\"ImageObject\",\"inLanguage\":\"fr-FR\",\"@id\":\"https:\/\/eurlhosnakamel.dz\/dz\/#\/schema\/logo\/image\/\",\"url\":\"https:\/\/eurlhosnakamel.dz\/wp-content\/uploads\/2020\/04\/LOGO-HOSNA1.png\",\"contentUrl\":\"https:\/\/eurlhosnakamel.dz\/wp-content\/uploads\/2020\/04\/LOGO-HOSNA1.png\",\"width\":120,\"height\":127,\"caption\":\"EURL HOSNA KAMEL - Bosch alg\u00e9rie\"},\"image\":{\"@id\":\"https:\/\/eurlhosnakamel.dz\/dz\/#\/schema\/logo\/image\/\"},\"sameAs\":[\"https:\/\/www.facebook.com\/Eurl.Hosna.DZ\/\"]}]}<\/script>\n<!-- \/ Yoast SEO plugin. -->","yoast_head_json":{"title":"Perceuse sans fil 18 V 21\/54 Nm (2 Batteries 1.5 Ah, AL 1814 CV) GSB 180-LI - EURL HOSNA KAMEL","description":"Perceuse sans fil 18 V 21\/54 Nm (2 Batteries 1.5 Ah, AL 1814 CV) GSB 180-LI - EURL HOSNA KAMEL","robots":{"index":"index","follow":"follow","max-snippet":"max-snippet:-1","max-image-preview":"max-image-preview:large","max-video-preview":"max-video-preview:-1"},"canonical":"https:\/\/eurlhosnakamel.dz\/dz\/produit\/bosch-perceuse-sans-fil-gsb-180-li-18-v-54-nm-13-mm-2-batteries-1-5-ah-percussion\/","og_locale":"fr_FR","og_type":"article","og_title":"Perceuse sans fil 18 V 21\/54 Nm (2 Batteries 1.5 Ah, AL 1814 CV) GSB 180-LI - EURL HOSNA KAMEL","og_description":"Perceuse sans fil 18 V 21\/54 Nm (2 Batteries 1.5 Ah, AL 1814 CV) GSB 180-LI - EURL HOSNA KAMEL","og_url":"https:\/\/eurlhosnakamel.dz\/dz\/produit\/bosch-perceuse-sans-fil-gsb-180-li-18-v-54-nm-13-mm-2-batteries-1-5-ah-percussion\/","og_site_name":"EURL HOSNA KAMEL","article_publisher":"https:\/\/www.facebook.com\/Eurl.Hosna.DZ\/","article_modified_time":"2021-12-19T09:08:17+00:00","og_image":[{"width":512,"height":512,"url":"https:\/\/eurlhosnakamel.dz\/dz\/wp-content\/uploads\/2020\/04\/BOSCH-PERCEUSE-SANS-FIL-GSB-180-LI-18-V-eurl-hosna-kamel-algerie.jpg","type":"image\/jpeg"}],"twitter_card":"summary_large_image","twitter_misc":{"Dur\u00e9e de lecture estim\u00e9e":"1 minute"},"schema":{"@context":"https:\/\/schema.org","@graph":[{"@type":"WebPage","@id":"https:\/\/eurlhosnakamel.dz\/dz\/produit\/bosch-perceuse-sans-fil-gsb-180-li-18-v-54-nm-13-mm-2-batteries-1-5-ah-percussion\/","url":"https:\/\/eurlhosnakamel.dz\/dz\/produit\/bosch-perceuse-sans-fil-gsb-180-li-18-v-54-nm-13-mm-2-batteries-1-5-ah-percussion\/","name":"Perceuse sans fil 18 V 21\/54 Nm (2 Batteries 1.5 Ah, AL 1814 CV) GSB 180-LI - EURL HOSNA KAMEL","isPartOf":{"@id":"https:\/\/eurlhosnakamel.dz\/dz\/#website"},"primaryImageOfPage":{"@id":"https:\/\/eurlhosnakamel.dz\/dz\/produit\/bosch-perceuse-sans-fil-gsb-180-li-18-v-54-nm-13-mm-2-batteries-1-5-ah-percussion\/#primaryimage"},"image":{"@id":"https:\/\/eurlhosnakamel.dz\/dz\/produit\/bosch-perceuse-sans-fil-gsb-180-li-18-v-54-nm-13-mm-2-batteries-1-5-ah-percussion\/#primaryimage"},"thumbnailUrl":"https:\/\/eurlhosnakamel.dz\/dz\/wp-content\/uploads\/2020\/04\/BOSCH-PERCEUSE-SANS-FIL-GSB-180-LI-18-V-eurl-hosna-kamel-algerie.jpg","datePublished":"2020-04-19T11:05:32+00:00","dateModified":"2021-12-19T09:08:17+00:00","description":"Perceuse sans fil 18 V 21\/54 Nm (2 Batteries 1.5 Ah, AL 1814 CV) GSB 180-LI - EURL HOSNA KAMEL","breadcrumb":{"@id":"https:\/\/eurlhosnakamel.dz\/dz\/produit\/bosch-perceuse-sans-fil-gsb-180-li-18-v-54-nm-13-mm-2-batteries-1-5-ah-percussion\/#breadcrumb"},"inLanguage":"fr-FR","potentialAction":[{"@type":"ReadAction","target":["https:\/\/eurlhosnakamel.dz\/dz\/produit\/bosch-perceuse-sans-fil-gsb-180-li-18-v-54-nm-13-mm-2-batteries-1-5-ah-percussion\/"]}]},{"@type":"ImageObject","inLanguage":"fr-FR","@id":"https:\/\/eurlhosnakamel.dz\/dz\/produit\/bosch-perceuse-sans-fil-gsb-180-li-18-v-54-nm-13-mm-2-batteries-1-5-ah-percussion\/#primaryimage","url":"https:\/\/eurlhosnakamel.dz\/dz\/wp-content\/uploads\/2020\/04\/BOSCH-PERCEUSE-SANS-FIL-GSB-180-LI-18-V-eurl-hosna-kamel-algerie.jpg","contentUrl":"https:\/\/eurlhosnakamel.dz\/dz\/wp-content\/uploads\/2020\/04\/BOSCH-PERCEUSE-SANS-FIL-GSB-180-LI-18-V-eurl-hosna-kamel-algerie.jpg","width":512,"height":512},{"@type":"BreadcrumbList","@id":"https:\/\/eurlhosnakamel.dz\/dz\/produit\/bosch-perceuse-sans-fil-gsb-180-li-18-v-54-nm-13-mm-2-batteries-1-5-ah-percussion\/#breadcrumb","itemListElement":[{"@type":"ListItem","position":1,"name":"Accueil","item":"https:\/\/eurlhosnakamel.dz\/dz\/"},{"@type":"ListItem","position":2,"name":"Shop","item":"https:\/\/eurlhosnakamel.dz\/dz\/shop\/"},{"@type":"ListItem","position":3,"name":"Perceuse sans fil 18 V 21\/54 Nm (2 Batteries 1.5 Ah, AL 1814 CV) GSB 180-LI"}]},{"@type":"WebSite","@id":"https:\/\/eurlhosnakamel.dz\/dz\/#website","url":"https:\/\/eurlhosnakamel.dz\/dz\/","name":"EURL HOSNA KAMEL","description":"Fournisseur Premium d&#039;Outillages Professionnels en Alg\u00e9rie -","publisher":{"@id":"https:\/\/eurlhosnakamel.dz\/dz\/#organization"},"potentialAction":[{"@type":"SearchAction","target":{"@type":"EntryPoint","urlTemplate":"https:\/\/eurlhosnakamel.dz\/dz\/?s={search_term_string}"},"query-input":"required name=search_term_string"}],"inLanguage":"fr-FR"},{"@type":"Organization","@id":"https:\/\/eurlhosnakamel.dz\/dz\/#organization","name":"EURL HOSNA KAMEL - Bosch alg\u00e9rie","url":"https:\/\/eurlhosnakamel.dz\/dz\/","logo":{"@type":"ImageObject","inLanguage":"fr-FR","@id":"https:\/\/eurlhosnakamel.dz\/dz\/#\/schema\/logo\/image\/","url":"https:\/\/eurlhosnakamel.dz\/wp-content\/uploads\/2020\/04\/LOGO-HOSNA1.png","contentUrl":"https:\/\/eurlhosnakamel.dz\/wp-content\/uploads\/2020\/04\/LOGO-HOSNA1.png","width":120,"height":127,"caption":"EURL HOSNA KAMEL - Bosch alg\u00e9rie"},"image":{"@id":"https:\/\/eurlhosnakamel.dz\/dz\/#\/schema\/logo\/image\/"},"sameAs":["https:\/\/www.facebook.com\/Eurl.Hosna.DZ\/"]}]}},"_links":{"self":[{"href":"https:\/\/eurlhosnakamel.dz\/dz\/wp-json\/wp\/v2\/product\/6171","targetHints":{"allow":["GET"]}}],"collection":[{"href":"https:\/\/eurlhosnakamel.dz\/dz\/wp-json\/wp\/v2\/product"}],"about":[{"href":"https:\/\/eurlhosnakamel.dz\/dz\/wp-json\/wp\/v2\/types\/product"}],"wp:featuredmedia":[{"embeddable":true,"href":"https:\/\/eurlhosnakamel.dz\/dz\/wp-json\/wp\/v2\/media\/6173"}],"wp:attachment":[{"href":"https:\/\/eurlhosnakamel.dz\/dz\/wp-json\/wp\/v2\/media?parent=6171"}],"wp:term":[{"taxonomy":"product_cat","embeddable":true,"href":"https:\/\/eurlhosnakamel.dz\/dz\/wp-json\/wp\/v2\/product_cat?post=6171"},{"taxonomy":"product_tag","embeddable":true,"href":"https:\/\/eurlhosnakamel.dz\/dz\/wp-json\/wp\/v2\/product_tag?post=6171"}],"curies":[{"name":"wp","href":"https:\/\/api.w.org\/{rel}","templated":true}]}}