{"id":6243,"date":"2020-04-19T12:51:32","date_gmt":"2020-04-19T12:51:32","guid":{"rendered":"https:\/\/lhchosting.com\/hosna\/?post_type=product&#038;p=6243"},"modified":"2021-12-19T09:06:47","modified_gmt":"2021-12-19T09:06:47","slug":"bosch-polisseuse-electrique-950-w-180-mm-gpo-950","status":"publish","type":"product","link":"https:\/\/eurlhosnakamel.dz\/dz\/produit\/bosch-polisseuse-electrique-950-w-180-mm-gpo-950\/","title":{"rendered":"Polisseuse \u00e9lectrique 165mm 950 Watts GPO 950"},"content":{"rendered":"<section id=\"technicaldata\" class=\"o-technical_details-a trackingModule\" data-track_moduletype=\"O09a_technical_data\">\n<div class=\"container\">\n<div class=\"row\">\n<div class=\"col-xs-12\">\n<section id=\"technicaldata\" class=\"o-technical_details trackingModule\" data-track_moduletype=\"O09_technical_details\">\n<div class=\"container trackingTeaser\" data-track_teasertype=\"Product Information\" data-track_teasercontent=\"En savoir plus\">\n<div class=\"row\">\n<div class=\"col-md-5\">\n<section id=\"technicaldata\" class=\"o-technical_details-a trackingModule\" data-track_moduletype=\"O09a_technical_data\">\n<div class=\"container\">\n<div class=\"row\">\n<div class=\"col-xs-12\">\n<h4 class=\"headline hl1\"><strong>Caract\u00e9ristiques techniques<\/strong><\/h4>\n<\/div>\n<\/div>\n<div class=\"row\">\n<div class=\"col-lg-8 col-xs-12\">\n<table class=\"table\">\n<colgroup>\n<col class=\"col-xs-5\" \/>\n<col class=\"col-xs-3\" \/><\/colgroup>\n<thead>\n<tr>\n<th class=\"headline hl4\" colspan=\"2\">Donn\u00e9es suppl\u00e9mentaires<\/th>\n<\/tr>\n<\/thead>\n<tbody>\n<tr>\n<td>Puissance absorb\u00e9e nominale*<\/td>\n<td>950\u00a0W<\/td>\n<\/tr>\n<tr>\n<td>R\u00e9gime \u00e0 vide*<\/td>\n<td>600 \u2013 2,100\u00a0t\/min<\/td>\n<\/tr>\n<tr>\n<td>Filetage de la broche<\/td>\n<td>M 14<\/td>\n<\/tr>\n<tr>\n<td>\u00c9ponge de polissage, \u00d8<\/td>\n<td>180\u00a0mm<\/td>\n<\/tr>\n<tr>\n<td>Dimensions de l\u2019outil (largeur)<\/td>\n<td>118\u00a0mm<\/td>\n<\/tr>\n<tr>\n<td>Dimensions de l\u2019outil (longueur)<\/td>\n<td>325\u00a0mm<\/td>\n<\/tr>\n<tr>\n<td>Dimensions de l\u2019outil (hauteur)<\/td>\n<td>224\u00a0mm<\/td>\n<\/tr>\n<tr>\n<td>Poids*<\/td>\n<td>2,3\u00a0kg<\/td>\n<\/tr>\n<\/tbody>\n<\/table>\n<table class=\"table\">\n<colgroup>\n<col class=\"col-xs-5\" \/>\n<col class=\"col-xs-3\" \/><\/colgroup>\n<thead>\n<tr>\n<th class=\"headline hl4\" colspan=\"2\">Valeurs totales des vibrations (Polissage)<\/th>\n<\/tr>\n<\/thead>\n<tbody>\n<tr>\n<td>Valeur d\u2019\u00e9mission vibratoire ah<\/td>\n<td>7,5\u00a0m\/s\u00b2<\/td>\n<\/tr>\n<tr>\n<td>Incertitude K<\/td>\n<td>1,5\u00a0m\/s\u00b2<\/td>\n<\/tr>\n<\/tbody>\n<\/table>\n<p>* Donn\u00e9es mises en surbrillance<\/p>\n<p>Le niveau sonore pond\u00e9r\u00e9 A de l&#8217;outil \u00e9lectroportatif est typiquement de : niveau de pression acoustique 80.5 dB(A) ; niveau de puissance acoustique 91.5 dB(A). Incertitude K = 3 dB.<\/p>\n<\/div>\n<\/div>\n<\/div>\n<\/section>\n<section id=\"highlights\" class=\"m-product_hightlights trackingModule\" data-track_moduletype=\"M49_product_highlights\">\n<div class=\"container\">\n<h4 class=\"headline hl1\"><strong>Avantages<\/strong><\/h4>\n<div class=\"row\">\n<div class=\"col-md-6\">\n<div class=\"m-product_hightlights__content-wrapper\">\n<h4 class=\"headline hl4\"><strong>Premi\u00e8re polisseuse verticale de Bosch !<\/strong><\/h4>\n<ul class=\"m-product_hightlights__list\">\n<li>Polissage performant gr\u00e2ce \u00e0 la puissance absorb\u00e9e \u00e9lev\u00e9e de 950 W<\/li>\n<li>Utilisation sans fatigue gr\u00e2ce \u00e0 la forme verticale optimis\u00e9e pour le polissage<\/li>\n<li>Grande pr\u00e9cision pour toutes les applications gr\u00e2ce au r\u00e9gime \u00e0 vide de 600~2100 tr\/min ; + -2 tr\/min avec pr\u00e9s\u00e9lection en continu de la vitesse<\/li>\n<li>Polissage en douceur gr\u00e2ce \u00e0 la fonction d\u00e9marrage en douceur et \u00e0 la constante \u00e9lectronique<\/li>\n<\/ul>\n<\/div>\n<\/div>\n<div class=\"col-md-6\">\n<h4 class=\"headline hl4\"><strong>Fonctions<\/strong><\/h4>\n<div class=\"image-row bsTooltip__wrapper\">\n<div class=\"image-col bsTooltip\" title=\"\" data-content=\"R\u00e9gulation facile et pr\u00e9cise du r\u00e9gime gr\u00e2ce au variateur de vitesse\" data-original-title=\"\"><img decoding=\"async\" class=\"img-responsive ls-is-cached lazyloaded alignleft\" src=\"https:\/\/www.bosch-professional.com\/binary\/ocsmedia\/optimized\/100x100\/o132423v54_Bosch_BI_Icon_Variable_Speed.png\" alt=\"R\u00e9gulation facile et pr\u00e9cise du r\u00e9gime gr\u00e2ce au variateur de vitesse\" data-sizes=\"(max-width: 767px) 100px, (min-width: 768px) and (max-width: 991px) 100px, (-webkit-min-device-pixel-ratio: 2.0) and (min-width: 1000px) 200px, 100px\" data-srcset=\"https:\/\/www.bosch-professional.com\/binary\/ocsmedia\/optimized\/100x100\/o132423v54_Bosch_BI_Icon_Variable_Speed.png 100w, https:\/\/www.bosch-professional.com\/binary\/ocsmedia\/optimized\/100x100\/o132423v54_Bosch_BI_Icon_Variable_Speed.png 100w, https:\/\/www.bosch-professional.com\/binary\/ocsmedia\/optimized\/100x100\/o132423v54_Bosch_BI_Icon_Variable_Speed.png 100w, https:\/\/www.bosch-professional.com\/binary\/ocsmedia\/optimized\/200x200\/o132423v54_Bosch_BI_Icon_Variable_Speed.png 200w\" data-src=\"https:\/\/www.bosch-professional.com\/binary\/ocsmedia\/optimized\/100x100\/o132423v54_Bosch_BI_Icon_Variable_Speed.png\" \/><img decoding=\"async\" class=\"img-responsive ls-is-cached lazyloaded alignleft\" src=\"https:\/\/www.bosch-professional.com\/binary\/ocsmedia\/optimized\/100x100\/o7304v54_Bosch_BI_Icon_Constant_Speed.png\" alt=\"R\u00e9sultats parfaits gr\u00e2ce au variateur de vitesse permettant de travailler \u00e0 vitesse constante - quelle que soit la charge\" data-sizes=\"(max-width: 767px) 100px, (min-width: 768px) and (max-width: 991px) 100px, (-webkit-min-device-pixel-ratio: 2.0) and (min-width: 1000px) 200px, 100px\" data-srcset=\"https:\/\/www.bosch-professional.com\/binary\/ocsmedia\/optimized\/100x100\/o7304v54_Bosch_BI_Icon_Constant_Speed.png 100w, https:\/\/www.bosch-professional.com\/binary\/ocsmedia\/optimized\/100x100\/o7304v54_Bosch_BI_Icon_Constant_Speed.png 100w, https:\/\/www.bosch-professional.com\/binary\/ocsmedia\/optimized\/100x100\/o7304v54_Bosch_BI_Icon_Constant_Speed.png 100w, https:\/\/www.bosch-professional.com\/binary\/ocsmedia\/optimized\/200x200\/o7304v54_Bosch_BI_Icon_Constant_Speed.png 200w\" data-src=\"https:\/\/www.bosch-professional.com\/binary\/ocsmedia\/optimized\/100x100\/o7304v54_Bosch_BI_Icon_Constant_Speed.png\" \/><img decoding=\"async\" class=\"img-responsive ls-is-cached lazyloaded alignleft\" src=\"https:\/\/www.bosch-professional.com\/binary\/ocsmedia\/optimized\/100x100\/o303403v54_lv-177202-13-lv-303403-13-Bosch_Bl_Icon_Soft_Start.png\" alt=\" D\u00e9marrage progressif \u00e9tant donn\u00e9 que la charge et le couple du moteur sont temporairement r\u00e9duits pendant le d\u00e9marrage.\" data-sizes=\"(max-width: 767px) 100px, (min-width: 768px) and (max-width: 991px) 100px, (-webkit-min-device-pixel-ratio: 2.0) and (min-width: 1000px) 200px, 100px\" data-srcset=\"https:\/\/www.bosch-professional.com\/binary\/ocsmedia\/optimized\/100x100\/o303403v54_lv-177202-13-lv-303403-13-Bosch_Bl_Icon_Soft_Start.png 100w, https:\/\/www.bosch-professional.com\/binary\/ocsmedia\/optimized\/100x100\/o303403v54_lv-177202-13-lv-303403-13-Bosch_Bl_Icon_Soft_Start.png 100w, https:\/\/www.bosch-professional.com\/binary\/ocsmedia\/optimized\/100x100\/o303403v54_lv-177202-13-lv-303403-13-Bosch_Bl_Icon_Soft_Start.png 100w, https:\/\/www.bosch-professional.com\/binary\/ocsmedia\/optimized\/200x200\/o303403v54_lv-177202-13-lv-303403-13-Bosch_Bl_Icon_Soft_Start.png 200w\" data-src=\"https:\/\/www.bosch-professional.com\/binary\/ocsmedia\/optimized\/100x100\/o303403v54_lv-177202-13-lv-303403-13-Bosch_Bl_Icon_Soft_Start.png\" \/><\/div>\n<\/div>\n<\/div>\n<\/div>\n<\/div>\n<\/section>\n<section id=\"pricescope\" class=\"o-product_variations-a trackingModule\" data-track_moduletype=\"O16a_product_variations\">\n<div class=\"o-product_variations-a__container container\">\n<div class=\"o-product_variations-a__row row\">\n<div class=\"m-detail_stage\">\n<div class=\"m-detail_stage__headline col-xs-12\">\n<h4 class=\"headline hl1\">Ce qui est inclus dans ce paquet<\/h4>\n<\/div>\n<div class=\"m-detail_stage__image col-sm-5\"><img decoding=\"async\" class=\"img-responsive alignleft\" src=\"https:\/\/www.bosch-professional.com\/binary\/ocsmedia\/optimized\/530x530\/o283013v54_lv-139333-12-GPO950_dyn_01.png\" alt=\"avec pack d\u2019accessoires\" \/><\/div>\n<\/div>\n<div class=\"m-conversion_area\">\n<div class=\"m-conversion_area__col\">\n<div class=\"m-conversion_area__information\">\n<div class=\"m-conversion_area__headline m-conversion_area__headline--hl3\">\n<div class=\"headline hl3\">avec pack d\u2019accessoires<\/div>\n<\/div>\n<div class=\"m-conversion_area__headline m-conversion_area__headline--hl5\">\n<div class=\"headline hl5\">R\u00e9f\u00e9rence:\u00a0<span class=\"a-ordernumber\">0\u00a0601\u00a03A2\u00a0020<\/span><\/div>\n<\/div>\n<ul class=\"m-conversion_area__ul\">\n<li class=\"m-conversion_area__li\">Disque de guidage<\/li>\n<li class=\"m-conversion_area__li\">Poign\u00e9e suppl\u00e9mentaire<\/li>\n<li class=\"m-conversion_area__li\">\u00c9ponge \u00e0 polir<\/li>\n<li class=\"m-conversion_area__li\">cl\u00e9 \u00e0 vis<\/li>\n<\/ul>\n<\/div>\n<\/div>\n<\/div>\n<\/div>\n<\/div>\n<\/section>\n<\/div>\n<\/div>\n<\/div>\n<\/section>\n<\/div>\n<\/div>\n<\/div>\n<\/section>\n","protected":false},"excerpt":{"rendered":"<h4 class=\"headline hl4\"><strong>Premi\u00e8re polisseuse verticale de Bosch !<\/strong><\/h4>\n<p><img decoding=\"async\" class=\"alignnone size-medium wp-image-6249\" src=\"https:\/\/lhchosting.com\/hosna\/wp-content\/uploads\/2020\/04\/BOSCH-POLISSEUSE-ELECTRIQUE-950-W-180-mm-GPO-950-icone-eurl-hosna-kamel-algerie-300x109.jpg\" alt=\"\" width=\"300\" height=\"109\" srcset=\"https:\/\/eurlhosnakamel.dz\/dz\/wp-content\/uploads\/2020\/04\/BOSCH-POLISSEUSE-ELECTRIQUE-950-W-180-mm-GPO-950-icone-eurl-hosna-kamel-algerie-300x109.jpg 300w, https:\/\/eurlhosnakamel.dz\/dz\/wp-content\/uploads\/2020\/04\/BOSCH-POLISSEUSE-ELECTRIQUE-950-W-180-mm-GPO-950-icone-eurl-hosna-kamel-algerie-200x73.jpg 200w, https:\/\/eurlhosnakamel.dz\/dz\/wp-content\/uploads\/2020\/04\/BOSCH-POLISSEUSE-ELECTRIQUE-950-W-180-mm-GPO-950-icone-eurl-hosna-kamel-algerie.jpg 344w\" sizes=\"(max-width: 300px) 100vw, 300px\" \/><\/p>\n","protected":false},"featured_media":6245,"template":"","meta":[],"product_cat":[405,441],"product_tag":[1243],"class_list":{"0":"post-6243","1":"product","2":"type-product","3":"status-publish","4":"has-post-thumbnail","6":"product_cat-outillage","7":"product_cat-outillage-filaire","8":"product_tag-bosch-polisseuse-electrique-950-w-180-mm-gpo-950","9":"product_brand-bosch-outillage","11":"first","12":"instock","13":"shipping-taxable","14":"product-type-simple","15":"col-xs-6 col-sm-4","16":"col-md-3 col-lg-3","17":"un-4-cols"},"yoast_head":"<!-- This site is optimized with the Yoast SEO plugin v22.5 - https:\/\/yoast.com\/wordpress\/plugins\/seo\/ -->\n<title>Polisseuse \u00e9lectrique 165mm 950 Watts GPO 950 - EURL HOSNA KAMEL<\/title>\n<meta name=\"description\" content=\"Polisseuse \u00e9lectrique 165mm 950 Watts GPO 950 - EURL HOSNA KAMEL\" \/>\n<meta name=\"robots\" content=\"index, follow, max-snippet:-1, max-image-preview:large, max-video-preview:-1\" \/>\n<link rel=\"canonical\" href=\"https:\/\/eurlhosnakamel.dz\/dz\/produit\/bosch-polisseuse-electrique-950-w-180-mm-gpo-950\/\" \/>\n<meta property=\"og:locale\" content=\"fr_FR\" \/>\n<meta property=\"og:type\" content=\"article\" \/>\n<meta property=\"og:title\" content=\"Polisseuse \u00e9lectrique 165mm 950 Watts GPO 950 - EURL HOSNA KAMEL\" \/>\n<meta property=\"og:description\" content=\"Polisseuse \u00e9lectrique 165mm 950 Watts GPO 950 - EURL HOSNA KAMEL\" \/>\n<meta property=\"og:url\" content=\"https:\/\/eurlhosnakamel.dz\/dz\/produit\/bosch-polisseuse-electrique-950-w-180-mm-gpo-950\/\" \/>\n<meta property=\"og:site_name\" content=\"EURL HOSNA KAMEL\" \/>\n<meta property=\"article:publisher\" content=\"https:\/\/www.facebook.com\/Eurl.Hosna.DZ\/\" \/>\n<meta property=\"article:modified_time\" content=\"2021-12-19T09:06:47+00:00\" \/>\n<meta property=\"og:image\" content=\"https:\/\/eurlhosnakamel.dz\/dz\/wp-content\/uploads\/2020\/04\/BOSCH-POLISSEUSE-ELECTRIQUE-950-W-180-mm-GPO-950-eurl-hosna-kamel-algerie.jpg\" \/>\n\t<meta property=\"og:image:width\" content=\"512\" \/>\n\t<meta property=\"og:image:height\" content=\"512\" \/>\n\t<meta property=\"og:image:type\" content=\"image\/jpeg\" \/>\n<meta name=\"twitter:card\" content=\"summary_large_image\" \/>\n<meta name=\"twitter:label1\" content=\"Dur\u00e9e de lecture estim\u00e9e\" \/>\n\t<meta name=\"twitter:data1\" content=\"1 minute\" \/>\n<script type=\"application\/ld+json\" class=\"yoast-schema-graph\">{\"@context\":\"https:\/\/schema.org\",\"@graph\":[{\"@type\":\"WebPage\",\"@id\":\"https:\/\/eurlhosnakamel.dz\/dz\/produit\/bosch-polisseuse-electrique-950-w-180-mm-gpo-950\/\",\"url\":\"https:\/\/eurlhosnakamel.dz\/dz\/produit\/bosch-polisseuse-electrique-950-w-180-mm-gpo-950\/\",\"name\":\"Polisseuse \u00e9lectrique 165mm 950 Watts GPO 950 - EURL HOSNA KAMEL\",\"isPartOf\":{\"@id\":\"https:\/\/eurlhosnakamel.dz\/dz\/#website\"},\"primaryImageOfPage\":{\"@id\":\"https:\/\/eurlhosnakamel.dz\/dz\/produit\/bosch-polisseuse-electrique-950-w-180-mm-gpo-950\/#primaryimage\"},\"image\":{\"@id\":\"https:\/\/eurlhosnakamel.dz\/dz\/produit\/bosch-polisseuse-electrique-950-w-180-mm-gpo-950\/#primaryimage\"},\"thumbnailUrl\":\"https:\/\/eurlhosnakamel.dz\/dz\/wp-content\/uploads\/2020\/04\/BOSCH-POLISSEUSE-ELECTRIQUE-950-W-180-mm-GPO-950-eurl-hosna-kamel-algerie.jpg\",\"datePublished\":\"2020-04-19T12:51:32+00:00\",\"dateModified\":\"2021-12-19T09:06:47+00:00\",\"description\":\"Polisseuse \u00e9lectrique 165mm 950 Watts GPO 950 - EURL HOSNA KAMEL\",\"breadcrumb\":{\"@id\":\"https:\/\/eurlhosnakamel.dz\/dz\/produit\/bosch-polisseuse-electrique-950-w-180-mm-gpo-950\/#breadcrumb\"},\"inLanguage\":\"fr-FR\",\"potentialAction\":[{\"@type\":\"ReadAction\",\"target\":[\"https:\/\/eurlhosnakamel.dz\/dz\/produit\/bosch-polisseuse-electrique-950-w-180-mm-gpo-950\/\"]}]},{\"@type\":\"ImageObject\",\"inLanguage\":\"fr-FR\",\"@id\":\"https:\/\/eurlhosnakamel.dz\/dz\/produit\/bosch-polisseuse-electrique-950-w-180-mm-gpo-950\/#primaryimage\",\"url\":\"https:\/\/eurlhosnakamel.dz\/dz\/wp-content\/uploads\/2020\/04\/BOSCH-POLISSEUSE-ELECTRIQUE-950-W-180-mm-GPO-950-eurl-hosna-kamel-algerie.jpg\",\"contentUrl\":\"https:\/\/eurlhosnakamel.dz\/dz\/wp-content\/uploads\/2020\/04\/BOSCH-POLISSEUSE-ELECTRIQUE-950-W-180-mm-GPO-950-eurl-hosna-kamel-algerie.jpg\",\"width\":512,\"height\":512},{\"@type\":\"BreadcrumbList\",\"@id\":\"https:\/\/eurlhosnakamel.dz\/dz\/produit\/bosch-polisseuse-electrique-950-w-180-mm-gpo-950\/#breadcrumb\",\"itemListElement\":[{\"@type\":\"ListItem\",\"position\":1,\"name\":\"Accueil\",\"item\":\"https:\/\/eurlhosnakamel.dz\/dz\/\"},{\"@type\":\"ListItem\",\"position\":2,\"name\":\"Shop\",\"item\":\"https:\/\/eurlhosnakamel.dz\/dz\/shop\/\"},{\"@type\":\"ListItem\",\"position\":3,\"name\":\"Polisseuse \u00e9lectrique 165mm 950 Watts GPO 950\"}]},{\"@type\":\"WebSite\",\"@id\":\"https:\/\/eurlhosnakamel.dz\/dz\/#website\",\"url\":\"https:\/\/eurlhosnakamel.dz\/dz\/\",\"name\":\"EURL HOSNA KAMEL\",\"description\":\"Fournisseur Premium d&#039;Outillages Professionnels en Alg\u00e9rie -\",\"publisher\":{\"@id\":\"https:\/\/eurlhosnakamel.dz\/dz\/#organization\"},\"potentialAction\":[{\"@type\":\"SearchAction\",\"target\":{\"@type\":\"EntryPoint\",\"urlTemplate\":\"https:\/\/eurlhosnakamel.dz\/dz\/?s={search_term_string}\"},\"query-input\":\"required name=search_term_string\"}],\"inLanguage\":\"fr-FR\"},{\"@type\":\"Organization\",\"@id\":\"https:\/\/eurlhosnakamel.dz\/dz\/#organization\",\"name\":\"EURL HOSNA KAMEL - Bosch alg\u00e9rie\",\"url\":\"https:\/\/eurlhosnakamel.dz\/dz\/\",\"logo\":{\"@type\":\"ImageObject\",\"inLanguage\":\"fr-FR\",\"@id\":\"https:\/\/eurlhosnakamel.dz\/dz\/#\/schema\/logo\/image\/\",\"url\":\"https:\/\/eurlhosnakamel.dz\/wp-content\/uploads\/2020\/04\/LOGO-HOSNA1.png\",\"contentUrl\":\"https:\/\/eurlhosnakamel.dz\/wp-content\/uploads\/2020\/04\/LOGO-HOSNA1.png\",\"width\":120,\"height\":127,\"caption\":\"EURL HOSNA KAMEL - Bosch alg\u00e9rie\"},\"image\":{\"@id\":\"https:\/\/eurlhosnakamel.dz\/dz\/#\/schema\/logo\/image\/\"},\"sameAs\":[\"https:\/\/www.facebook.com\/Eurl.Hosna.DZ\/\"]}]}<\/script>\n<!-- \/ Yoast SEO plugin. -->","yoast_head_json":{"title":"Polisseuse \u00e9lectrique 165mm 950 Watts GPO 950 - EURL HOSNA KAMEL","description":"Polisseuse \u00e9lectrique 165mm 950 Watts GPO 950 - EURL HOSNA KAMEL","robots":{"index":"index","follow":"follow","max-snippet":"max-snippet:-1","max-image-preview":"max-image-preview:large","max-video-preview":"max-video-preview:-1"},"canonical":"https:\/\/eurlhosnakamel.dz\/dz\/produit\/bosch-polisseuse-electrique-950-w-180-mm-gpo-950\/","og_locale":"fr_FR","og_type":"article","og_title":"Polisseuse \u00e9lectrique 165mm 950 Watts GPO 950 - EURL HOSNA KAMEL","og_description":"Polisseuse \u00e9lectrique 165mm 950 Watts GPO 950 - EURL HOSNA KAMEL","og_url":"https:\/\/eurlhosnakamel.dz\/dz\/produit\/bosch-polisseuse-electrique-950-w-180-mm-gpo-950\/","og_site_name":"EURL HOSNA KAMEL","article_publisher":"https:\/\/www.facebook.com\/Eurl.Hosna.DZ\/","article_modified_time":"2021-12-19T09:06:47+00:00","og_image":[{"width":512,"height":512,"url":"https:\/\/eurlhosnakamel.dz\/dz\/wp-content\/uploads\/2020\/04\/BOSCH-POLISSEUSE-ELECTRIQUE-950-W-180-mm-GPO-950-eurl-hosna-kamel-algerie.jpg","type":"image\/jpeg"}],"twitter_card":"summary_large_image","twitter_misc":{"Dur\u00e9e de lecture estim\u00e9e":"1 minute"},"schema":{"@context":"https:\/\/schema.org","@graph":[{"@type":"WebPage","@id":"https:\/\/eurlhosnakamel.dz\/dz\/produit\/bosch-polisseuse-electrique-950-w-180-mm-gpo-950\/","url":"https:\/\/eurlhosnakamel.dz\/dz\/produit\/bosch-polisseuse-electrique-950-w-180-mm-gpo-950\/","name":"Polisseuse \u00e9lectrique 165mm 950 Watts GPO 950 - EURL HOSNA KAMEL","isPartOf":{"@id":"https:\/\/eurlhosnakamel.dz\/dz\/#website"},"primaryImageOfPage":{"@id":"https:\/\/eurlhosnakamel.dz\/dz\/produit\/bosch-polisseuse-electrique-950-w-180-mm-gpo-950\/#primaryimage"},"image":{"@id":"https:\/\/eurlhosnakamel.dz\/dz\/produit\/bosch-polisseuse-electrique-950-w-180-mm-gpo-950\/#primaryimage"},"thumbnailUrl":"https:\/\/eurlhosnakamel.dz\/dz\/wp-content\/uploads\/2020\/04\/BOSCH-POLISSEUSE-ELECTRIQUE-950-W-180-mm-GPO-950-eurl-hosna-kamel-algerie.jpg","datePublished":"2020-04-19T12:51:32+00:00","dateModified":"2021-12-19T09:06:47+00:00","description":"Polisseuse \u00e9lectrique 165mm 950 Watts GPO 950 - EURL HOSNA KAMEL","breadcrumb":{"@id":"https:\/\/eurlhosnakamel.dz\/dz\/produit\/bosch-polisseuse-electrique-950-w-180-mm-gpo-950\/#breadcrumb"},"inLanguage":"fr-FR","potentialAction":[{"@type":"ReadAction","target":["https:\/\/eurlhosnakamel.dz\/dz\/produit\/bosch-polisseuse-electrique-950-w-180-mm-gpo-950\/"]}]},{"@type":"ImageObject","inLanguage":"fr-FR","@id":"https:\/\/eurlhosnakamel.dz\/dz\/produit\/bosch-polisseuse-electrique-950-w-180-mm-gpo-950\/#primaryimage","url":"https:\/\/eurlhosnakamel.dz\/dz\/wp-content\/uploads\/2020\/04\/BOSCH-POLISSEUSE-ELECTRIQUE-950-W-180-mm-GPO-950-eurl-hosna-kamel-algerie.jpg","contentUrl":"https:\/\/eurlhosnakamel.dz\/dz\/wp-content\/uploads\/2020\/04\/BOSCH-POLISSEUSE-ELECTRIQUE-950-W-180-mm-GPO-950-eurl-hosna-kamel-algerie.jpg","width":512,"height":512},{"@type":"BreadcrumbList","@id":"https:\/\/eurlhosnakamel.dz\/dz\/produit\/bosch-polisseuse-electrique-950-w-180-mm-gpo-950\/#breadcrumb","itemListElement":[{"@type":"ListItem","position":1,"name":"Accueil","item":"https:\/\/eurlhosnakamel.dz\/dz\/"},{"@type":"ListItem","position":2,"name":"Shop","item":"https:\/\/eurlhosnakamel.dz\/dz\/shop\/"},{"@type":"ListItem","position":3,"name":"Polisseuse \u00e9lectrique 165mm 950 Watts GPO 950"}]},{"@type":"WebSite","@id":"https:\/\/eurlhosnakamel.dz\/dz\/#website","url":"https:\/\/eurlhosnakamel.dz\/dz\/","name":"EURL HOSNA KAMEL","description":"Fournisseur Premium d&#039;Outillages Professionnels en Alg\u00e9rie -","publisher":{"@id":"https:\/\/eurlhosnakamel.dz\/dz\/#organization"},"potentialAction":[{"@type":"SearchAction","target":{"@type":"EntryPoint","urlTemplate":"https:\/\/eurlhosnakamel.dz\/dz\/?s={search_term_string}"},"query-input":"required name=search_term_string"}],"inLanguage":"fr-FR"},{"@type":"Organization","@id":"https:\/\/eurlhosnakamel.dz\/dz\/#organization","name":"EURL HOSNA KAMEL - Bosch alg\u00e9rie","url":"https:\/\/eurlhosnakamel.dz\/dz\/","logo":{"@type":"ImageObject","inLanguage":"fr-FR","@id":"https:\/\/eurlhosnakamel.dz\/dz\/#\/schema\/logo\/image\/","url":"https:\/\/eurlhosnakamel.dz\/wp-content\/uploads\/2020\/04\/LOGO-HOSNA1.png","contentUrl":"https:\/\/eurlhosnakamel.dz\/wp-content\/uploads\/2020\/04\/LOGO-HOSNA1.png","width":120,"height":127,"caption":"EURL HOSNA KAMEL - Bosch alg\u00e9rie"},"image":{"@id":"https:\/\/eurlhosnakamel.dz\/dz\/#\/schema\/logo\/image\/"},"sameAs":["https:\/\/www.facebook.com\/Eurl.Hosna.DZ\/"]}]}},"_links":{"self":[{"href":"https:\/\/eurlhosnakamel.dz\/dz\/wp-json\/wp\/v2\/product\/6243","targetHints":{"allow":["GET"]}}],"collection":[{"href":"https:\/\/eurlhosnakamel.dz\/dz\/wp-json\/wp\/v2\/product"}],"about":[{"href":"https:\/\/eurlhosnakamel.dz\/dz\/wp-json\/wp\/v2\/types\/product"}],"wp:featuredmedia":[{"embeddable":true,"href":"https:\/\/eurlhosnakamel.dz\/dz\/wp-json\/wp\/v2\/media\/6245"}],"wp:attachment":[{"href":"https:\/\/eurlhosnakamel.dz\/dz\/wp-json\/wp\/v2\/media?parent=6243"}],"wp:term":[{"taxonomy":"product_cat","embeddable":true,"href":"https:\/\/eurlhosnakamel.dz\/dz\/wp-json\/wp\/v2\/product_cat?post=6243"},{"taxonomy":"product_tag","embeddable":true,"href":"https:\/\/eurlhosnakamel.dz\/dz\/wp-json\/wp\/v2\/product_tag?post=6243"}],"curies":[{"name":"wp","href":"https:\/\/api.w.org\/{rel}","templated":true}]}}