{"id":6267,"date":"2020-04-19T13:10:07","date_gmt":"2020-04-19T13:10:07","guid":{"rendered":"https:\/\/lhchosting.com\/hosna\/?post_type=product&#038;p=6267"},"modified":"2021-12-19T09:06:27","modified_gmt":"2021-12-19T09:06:27","slug":"bosch-rabot-gho-26-82-d-0-2-6-mm-710-w","status":"publish","type":"product","link":"https:\/\/eurlhosnakamel.dz\/dz\/produit\/bosch-rabot-gho-26-82-d-0-2-6-mm-710-w\/","title":{"rendered":"Rabot 0-2.6 mm 710 Watts GHO 26-82"},"content":{"rendered":"<section id=\"technicaldata\" class=\"o-technical_details-a trackingModule\" data-track_moduletype=\"O09a_technical_data\">\n<div class=\"container\">\n<div class=\"row\">\n<div class=\"col-xs-12\">\n<section id=\"technicaldata\" class=\"o-technical_details-a trackingModule\" data-track_moduletype=\"O09a_technical_data\">\n<div class=\"container\">\n<div class=\"row\">\n<div class=\"col-xs-12\">\n<h4 class=\"headline hl1\"><strong>Caract\u00e9ristiques techniques<\/strong><\/h4>\n<\/div>\n<\/div>\n<div class=\"row\">\n<div class=\"col-lg-8 col-xs-12\">\n<table class=\"table\">\n<colgroup>\n<col class=\"col-xs-5\" \/>\n<col class=\"col-xs-3\" \/><\/colgroup>\n<thead>\n<tr>\n<th class=\"headline hl4\" colspan=\"2\">Donn\u00e9es suppl\u00e9mentaires<\/th>\n<\/tr>\n<\/thead>\n<tbody>\n<tr>\n<td>Puissance absorb\u00e9e nominale*<\/td>\n<td>710\u00a0W<\/td>\n<\/tr>\n<tr>\n<td>Largeur de rabotage*<\/td>\n<td>82\u00a0mm<\/td>\n<\/tr>\n<tr>\n<td>\u00c9paisseur des copeaux*<\/td>\n<td>0 \u2013 2.6\u00a0mm<\/td>\n<\/tr>\n<tr>\n<td>Poids<\/td>\n<td>2,6\u00a0kg<\/td>\n<\/tr>\n<tr>\n<td>\u00c9paisseur de feuillure r\u00e9glable<\/td>\n<td>0 \u2013 9\u00a0mm<\/td>\n<\/tr>\n<tr>\n<td>R\u00e9gime \u00e0 vide<\/td>\n<td>16\u00a0500\u00a0t\/min<\/td>\n<\/tr>\n<tr>\n<td>Dimensions de l\u2019outil (largeur)<\/td>\n<td>163\u00a0mm<\/td>\n<\/tr>\n<tr>\n<td>Dimensions de l\u2019outil (longueur)<\/td>\n<td>284\u00a0mm<\/td>\n<\/tr>\n<tr>\n<td>Dimensions de l\u2019outil (hauteur)<\/td>\n<td>173\u00a0mm<\/td>\n<\/tr>\n<\/tbody>\n<\/table>\n<p>* Donn\u00e9es mises en surbrillance<\/p>\n<p>Le niveau sonore pond\u00e9r\u00e9 A de l&#8217;outil \u00e9lectroportatif est typiquement de : niveau de pression acoustique 84 dB(A) ; niveau de puissance acoustique 95 dB(A). Incertitude K = 3 dB.<\/p>\n<\/div>\n<div class=\"col-lg-4 col-xs-12\">\n<div class=\"o-technical_details-a__imagewrapper\"><picture><source srcset=\"https:\/\/www.bosch-professional.com\/binary\/ocsmedia\/optimized\/767x767\/o233052v16_GHO_16_82.webp\" type=\"image\/webp\" \/><img decoding=\"async\" class=\"img-responsive ls-is-cached lazyloaded alignleft\" src=\"https:\/\/www.bosch-professional.com\/binary\/ocsmedia\/optimized\/767x767\/o233052v16_GHO_16_82.jpg\" alt=\"\" \/><\/picture><\/div>\n<\/div>\n<\/div>\n<\/div>\n<\/section>\n<section id=\"highlights\" class=\"m-product_hightlights trackingModule\" data-track_moduletype=\"M49_product_highlights\">\n<div class=\"container\">\n<h4 class=\"headline hl1\"><strong>Avantages<\/strong><\/h4>\n<div class=\"row\">\n<div class=\"col-md-6\">\n<div class=\"m-product_hightlights__content-wrapper\">\n<h4 class=\"headline hl4\"><strong>Un rabot maniable et puissant<\/strong><\/h4>\n<ul class=\"m-product_hightlights__list\">\n<li>Rabot l\u00e9ger et maniable muni d\u2019un moteur puissant de 710 W, id\u00e9al pour les travaux d\u2019ajustement<\/li>\n<li>Changement de fer le plus rapide et le moins cher sur le march\u00e9 gr\u00e2ce aux fers Woodrazor et \u00e0 un r\u00e9glage tr\u00e8s simple<\/li>\n<li>Confort d\u2019utilisation gr\u00e2ce \u00e0 l\u2019\u00e9jection des copeaux droite\/gauche au choix<\/li>\n<\/ul>\n<\/div>\n<\/div>\n<div class=\"col-md-6\">\n<h4 class=\"headline hl4\"><strong>Fonctions<\/strong><\/h4>\n<div class=\"image-row bsTooltip__wrapper\">\n<div class=\"image-col bsTooltip\" title=\"\" data-content=\"Woodrazor Des fers ac\u00e9r\u00e9s et positionn\u00e9s de mani\u00e8re pr\u00e9cise.\" data-original-title=\"\"><img decoding=\"async\" class=\"img-responsive lazyloaded alignleft\" src=\"https:\/\/www.bosch-professional.com\/binary\/ocsmedia\/optimized\/100x100\/o27718v54_woodrazor_RZ.png\" sizes=\"(max-width: 767px) 100px, (min-width: 768px) and (max-width: 991px) 100px, (-webkit-min-device-pixel-ratio: 2.0) and (min-width: 1000px) 200px, 100px\" srcset=\"https:\/\/www.bosch-professional.com\/binary\/ocsmedia\/optimized\/100x100\/o27718v54_woodrazor_RZ.png 100w, https:\/\/www.bosch-professional.com\/binary\/ocsmedia\/optimized\/100x100\/o27718v54_woodrazor_RZ.png 100w, https:\/\/www.bosch-professional.com\/binary\/ocsmedia\/optimized\/100x100\/o27718v54_woodrazor_RZ.png 100w, https:\/\/www.bosch-professional.com\/binary\/ocsmedia\/optimized\/200x200\/o27718v54_woodrazor_RZ.png 200w\" alt=\"Woodrazor Des fers ac\u00e9r\u00e9s et positionn\u00e9s de mani\u00e8re pr\u00e9cise.\" data-sizes=\"(max-width: 767px) 100px, (min-width: 768px) and (max-width: 991px) 100px, (-webkit-min-device-pixel-ratio: 2.0) and (min-width: 1000px) 200px, 100px\" data-srcset=\"https:\/\/www.bosch-professional.com\/binary\/ocsmedia\/optimized\/100x100\/o27718v54_woodrazor_RZ.png 100w, https:\/\/www.bosch-professional.com\/binary\/ocsmedia\/optimized\/100x100\/o27718v54_woodrazor_RZ.png 100w, https:\/\/www.bosch-professional.com\/binary\/ocsmedia\/optimized\/100x100\/o27718v54_woodrazor_RZ.png 100w, https:\/\/www.bosch-professional.com\/binary\/ocsmedia\/optimized\/200x200\/o27718v54_woodrazor_RZ.png 200w\" data-src=\"https:\/\/www.bosch-professional.com\/binary\/ocsmedia\/optimized\/100x100\/o27718v54_woodrazor_RZ.png\" \/><\/div>\n<div class=\"image-col bsTooltip\" title=\"\" data-content=\"Syst\u00e8me Click &amp; Clean \u2013 3 grands avantages Une visibilit\u00e9 parfaite de la surface de travail : pour un travail plus pr\u00e9cis et plus rapide Les poussi\u00e8res nocives sont aspir\u00e9es l\u00e0 o\u00f9 elles sont produites : prot\u00e8ge la sant\u00e9 Moins de poussi\u00e8re : prolonge la dur\u00e9e de vie de l\u2019outil et des accessoires\" data-original-title=\"\"><img decoding=\"async\" class=\"img-responsive lazyloaded alignleft\" src=\"https:\/\/www.bosch-professional.com\/binary\/ocsmedia\/optimized\/100x100\/o123050v54_Bosch_BI_Icon_ClickClean.png\" sizes=\"(max-width: 767px) 100px, (min-width: 768px) and (max-width: 991px) 100px, (-webkit-min-device-pixel-ratio: 2.0) and (min-width: 1000px) 200px, 100px\" srcset=\"https:\/\/www.bosch-professional.com\/binary\/ocsmedia\/optimized\/100x100\/o123050v54_Bosch_BI_Icon_ClickClean.png 100w, https:\/\/www.bosch-professional.com\/binary\/ocsmedia\/optimized\/100x100\/o123050v54_Bosch_BI_Icon_ClickClean.png 100w, https:\/\/www.bosch-professional.com\/binary\/ocsmedia\/optimized\/100x100\/o123050v54_Bosch_BI_Icon_ClickClean.png 100w, https:\/\/www.bosch-professional.com\/binary\/ocsmedia\/optimized\/200x200\/o123050v54_Bosch_BI_Icon_ClickClean.png 200w\" alt=\"Syst\u00e8me Click &amp; Clean \u2013 3 grands avantages Une visibilit\u00e9 parfaite de la surface de travail : pour un travail plus pr\u00e9cis et plus rapide Les poussi\u00e8res nocives sont aspir\u00e9es l\u00e0 o\u00f9 elles sont produites : prot\u00e8ge la sant\u00e9 Moins de poussi\u00e8re : prolonge la dur\u00e9e de vie de l\u2019outil et des accessoires\" data-sizes=\"(max-width: 767px) 100px, (min-width: 768px) and (max-width: 991px) 100px, (-webkit-min-device-pixel-ratio: 2.0) and (min-width: 1000px) 200px, 100px\" data-srcset=\"https:\/\/www.bosch-professional.com\/binary\/ocsmedia\/optimized\/100x100\/o123050v54_Bosch_BI_Icon_ClickClean.png 100w, https:\/\/www.bosch-professional.com\/binary\/ocsmedia\/optimized\/100x100\/o123050v54_Bosch_BI_Icon_ClickClean.png 100w, https:\/\/www.bosch-professional.com\/binary\/ocsmedia\/optimized\/100x100\/o123050v54_Bosch_BI_Icon_ClickClean.png 100w, https:\/\/www.bosch-professional.com\/binary\/ocsmedia\/optimized\/200x200\/o123050v54_Bosch_BI_Icon_ClickClean.png 200w\" data-src=\"https:\/\/www.bosch-professional.com\/binary\/ocsmedia\/optimized\/100x100\/o123050v54_Bosch_BI_Icon_ClickClean.png\" \/><\/div>\n<div class=\"image-col bsTooltip\" title=\"\" data-content=\"Dispositif d\u2019aspiration des poussi\u00e8res directement dans le sac \u00e0 poussi\u00e8re int\u00e9gral de l\u2019outil et\/ou en utilisant un aspirateur multi-usages\" data-original-title=\"\"><img decoding=\"async\" class=\"img-responsive lazyloaded alignleft\" src=\"https:\/\/www.bosch-professional.com\/binary\/ocsmedia\/optimized\/100x100\/o131960v54_Bosch_BI_Icon_DustExtraction.png\" sizes=\"(max-width: 767px) 100px, (min-width: 768px) and (max-width: 991px) 100px, (-webkit-min-device-pixel-ratio: 2.0) and (min-width: 1000px) 200px, 100px\" srcset=\"https:\/\/www.bosch-professional.com\/binary\/ocsmedia\/optimized\/100x100\/o131960v54_Bosch_BI_Icon_DustExtraction.png 100w, https:\/\/www.bosch-professional.com\/binary\/ocsmedia\/optimized\/100x100\/o131960v54_Bosch_BI_Icon_DustExtraction.png 100w, https:\/\/www.bosch-professional.com\/binary\/ocsmedia\/optimized\/100x100\/o131960v54_Bosch_BI_Icon_DustExtraction.png 100w, https:\/\/www.bosch-professional.com\/binary\/ocsmedia\/optimized\/200x200\/o131960v54_Bosch_BI_Icon_DustExtraction.png 200w\" alt=\"Dispositif d\u2019aspiration des poussi\u00e8res directement dans le sac \u00e0 poussi\u00e8re int\u00e9gral de l\u2019outil et\/ou en utilisant un aspirateur multi-usages\" data-sizes=\"(max-width: 767px) 100px, (min-width: 768px) and (max-width: 991px) 100px, (-webkit-min-device-pixel-ratio: 2.0) and (min-width: 1000px) 200px, 100px\" data-srcset=\"https:\/\/www.bosch-professional.com\/binary\/ocsmedia\/optimized\/100x100\/o131960v54_Bosch_BI_Icon_DustExtraction.png 100w, https:\/\/www.bosch-professional.com\/binary\/ocsmedia\/optimized\/100x100\/o131960v54_Bosch_BI_Icon_DustExtraction.png 100w, https:\/\/www.bosch-professional.com\/binary\/ocsmedia\/optimized\/100x100\/o131960v54_Bosch_BI_Icon_DustExtraction.png 100w, https:\/\/www.bosch-professional.com\/binary\/ocsmedia\/optimized\/200x200\/o131960v54_Bosch_BI_Icon_DustExtraction.png 200w\" data-src=\"https:\/\/www.bosch-professional.com\/binary\/ocsmedia\/optimized\/100x100\/o131960v54_Bosch_BI_Icon_DustExtraction.png\" \/><\/div>\n<div class=\"image-col bsTooltip\" title=\"\" data-content=\"Travail du bois Les outils \u00e9lectroportatifs professionnels Bosch pour travail du bois.\" data-original-title=\"\"><img decoding=\"async\" class=\"img-responsive ls-is-cached lazyloaded alignleft\" src=\"https:\/\/www.bosch-professional.com\/binary\/ocsmedia\/optimized\/100x100\/o246750v54_wood_picto_01.png\" sizes=\"(max-width: 767px) 100px, (min-width: 768px) and (max-width: 991px) 100px, (-webkit-min-device-pixel-ratio: 2.0) and (min-width: 1000px) 200px, 100px\" srcset=\"https:\/\/www.bosch-professional.com\/binary\/ocsmedia\/optimized\/100x100\/o246750v54_wood_picto_01.png 100w, https:\/\/www.bosch-professional.com\/binary\/ocsmedia\/optimized\/100x100\/o246750v54_wood_picto_01.png 100w, https:\/\/www.bosch-professional.com\/binary\/ocsmedia\/optimized\/100x100\/o246750v54_wood_picto_01.png 100w, https:\/\/www.bosch-professional.com\/binary\/ocsmedia\/optimized\/200x200\/o246750v54_wood_picto_01.png 200w\" alt=\"Travail du bois Les outils \u00e9lectroportatifs professionnels Bosch pour travail du bois.\" data-sizes=\"(max-width: 767px) 100px, (min-width: 768px) and (max-width: 991px) 100px, (-webkit-min-device-pixel-ratio: 2.0) and (min-width: 1000px) 200px, 100px\" data-srcset=\"https:\/\/www.bosch-professional.com\/binary\/ocsmedia\/optimized\/100x100\/o246750v54_wood_picto_01.png 100w, https:\/\/www.bosch-professional.com\/binary\/ocsmedia\/optimized\/100x100\/o246750v54_wood_picto_01.png 100w, https:\/\/www.bosch-professional.com\/binary\/ocsmedia\/optimized\/100x100\/o246750v54_wood_picto_01.png 100w, https:\/\/www.bosch-professional.com\/binary\/ocsmedia\/optimized\/200x200\/o246750v54_wood_picto_01.png 200w\" data-src=\"https:\/\/www.bosch-professional.com\/binary\/ocsmedia\/optimized\/100x100\/o246750v54_wood_picto_01.png\" \/><\/div>\n<\/div>\n<\/div>\n<\/div>\n<\/div>\n<\/section>\n<section id=\"pricescope\" class=\"o-product_variations-a trackingModule\" data-track_moduletype=\"O16a_product_variations\">\n<div class=\"o-product_variations-a__container container\">\n<div class=\"o-product_variations-a__row row\">\n<div class=\"m-detail_stage\">\n<div class=\"m-detail_stage__headline col-xs-12\">\n<h4 class=\"headline hl1\"><strong>Ce qui est inclus dans ce paquet<\/strong><\/h4>\n<\/div>\n<div class=\"m-detail_stage__image col-sm-5\"><picture><source srcset=\"https:\/\/www.bosch-professional.com\/binary\/ocsmedia\/optimized\/530x530\/o3688v54_F4gd2009.webp\" type=\"image\/webp\" \/><img decoding=\"async\" class=\"img-responsive alignleft\" src=\"https:\/\/www.bosch-professional.com\/binary\/ocsmedia\/optimized\/530x530\/o3688v54_F4gd2009.png\" alt=\"avec pack d\u2019accessoires\" \/><\/picture><\/div>\n<\/div>\n<div class=\"m-conversion_area\">\n<div class=\"m-conversion_area__col\">\n<div class=\"m-conversion_area__information\">\n<div class=\"m-conversion_area__headline m-conversion_area__headline--hl3\">\n<div class=\"headline hl3\">avec pack d\u2019accessoires<\/div>\n<\/div>\n<div class=\"m-conversion_area__headline m-conversion_area__headline--hl5\">\n<div class=\"headline hl5\">R\u00e9f\u00e9rence:\u00a0<span class=\"a-ordernumber\">0\u00a0601\u00a0594\u00a0103<\/span><\/div>\n<\/div>\n<ul class=\"m-conversion_area__ul\">\n<li class=\"m-conversion_area__li\">Sac \u00e0 poussi\u00e8res <span class=\"a-ordernumber grey-text grey-text\">2\u00a0605\u00a0411\u00a0035<\/span><\/li>\n<li class=\"m-conversion_area__li\">But\u00e9e parall\u00e8le <span class=\"a-ordernumber grey-text grey-text\">2\u00a0607\u00a0000\u00a0102<\/span><\/li>\n<li class=\"m-conversion_area__li\">1 fer de rabot, 82 x 5,5 x 1,1 mm <span class=\"a-ordernumber grey-text grey-text\">2\u00a0608\u00a0635\u00a0376<\/span><\/li>\n<\/ul>\n<\/div>\n<\/div>\n<\/div>\n<\/div>\n<\/div>\n<\/section>\n<\/div>\n<\/div>\n<\/div>\n<\/section>\n","protected":false},"excerpt":{"rendered":"<h4 class=\"headline hl4\"><strong>Un rabot maniable et puissant<\/strong><\/h4>\n<p><img decoding=\"async\" class=\"alignnone size-medium wp-image-6277\" src=\"https:\/\/lhchosting.com\/hosna\/wp-content\/uploads\/2020\/04\/BOSCH-RABOT-GHO-26-82-D-icone-eurl-hosna-kamel-algerie-300x76.jpg\" alt=\"\" width=\"300\" height=\"76\" srcset=\"https:\/\/eurlhosnakamel.dz\/dz\/wp-content\/uploads\/2020\/04\/BOSCH-RABOT-GHO-26-82-D-icone-eurl-hosna-kamel-algerie-300x76.jpg 300w, https:\/\/eurlhosnakamel.dz\/dz\/wp-content\/uploads\/2020\/04\/BOSCH-RABOT-GHO-26-82-D-icone-eurl-hosna-kamel-algerie-370x94.jpg 370w, https:\/\/eurlhosnakamel.dz\/dz\/wp-content\/uploads\/2020\/04\/BOSCH-RABOT-GHO-26-82-D-icone-eurl-hosna-kamel-algerie-200x51.jpg 200w, https:\/\/eurlhosnakamel.dz\/dz\/wp-content\/uploads\/2020\/04\/BOSCH-RABOT-GHO-26-82-D-icone-eurl-hosna-kamel-algerie.jpg 453w\" sizes=\"(max-width: 300px) 100vw, 300px\" \/><\/p>\n","protected":false},"featured_media":6269,"template":"","meta":[],"product_cat":[405,441],"product_tag":[1253,2446],"class_list":{"0":"post-6267","1":"product","2":"type-product","3":"status-publish","4":"has-post-thumbnail","6":"product_cat-outillage","7":"product_cat-outillage-filaire","8":"product_tag-bosch-rabot-gho-26-82-d-0-2-6-mm-710-w","9":"product_tag-gho-26-82","10":"product_brand-bosch-outillage","12":"first","13":"instock","14":"shipping-taxable","15":"product-type-simple","16":"col-xs-6 col-sm-4","17":"col-md-3 col-lg-3","18":"un-4-cols"},"yoast_head":"<!-- This site is optimized with the Yoast SEO plugin v22.5 - https:\/\/yoast.com\/wordpress\/plugins\/seo\/ -->\n<title>Rabot 0-2.6 mm 710 Watts GHO 26-82 - EURL HOSNA KAMEL<\/title>\n<meta name=\"description\" content=\"Rabot 0-2.6 mm 710 Watts GHO 26-82 - EURL HOSNA KAMEL\" \/>\n<meta name=\"robots\" content=\"index, follow, max-snippet:-1, max-image-preview:large, max-video-preview:-1\" \/>\n<link rel=\"canonical\" href=\"https:\/\/eurlhosnakamel.dz\/dz\/produit\/bosch-rabot-gho-26-82-d-0-2-6-mm-710-w\/\" \/>\n<meta property=\"og:locale\" content=\"fr_FR\" \/>\n<meta property=\"og:type\" content=\"article\" \/>\n<meta property=\"og:title\" content=\"Rabot 0-2.6 mm 710 Watts GHO 26-82 - EURL HOSNA KAMEL\" \/>\n<meta property=\"og:description\" content=\"Rabot 0-2.6 mm 710 Watts GHO 26-82 - EURL HOSNA KAMEL\" \/>\n<meta property=\"og:url\" content=\"https:\/\/eurlhosnakamel.dz\/dz\/produit\/bosch-rabot-gho-26-82-d-0-2-6-mm-710-w\/\" \/>\n<meta property=\"og:site_name\" content=\"EURL HOSNA KAMEL\" \/>\n<meta property=\"article:publisher\" content=\"https:\/\/www.facebook.com\/Eurl.Hosna.DZ\/\" \/>\n<meta property=\"article:modified_time\" content=\"2021-12-19T09:06:27+00:00\" \/>\n<meta property=\"og:image\" content=\"https:\/\/eurlhosnakamel.dz\/dz\/wp-content\/uploads\/2020\/04\/BOSCH-RABOT-GHO-26-82-D-eurl-hosna-kamel-algerie.jpg\" \/>\n\t<meta property=\"og:image:width\" content=\"512\" \/>\n\t<meta property=\"og:image:height\" content=\"512\" \/>\n\t<meta property=\"og:image:type\" content=\"image\/jpeg\" \/>\n<meta name=\"twitter:card\" content=\"summary_large_image\" \/>\n<meta name=\"twitter:label1\" content=\"Dur\u00e9e de lecture estim\u00e9e\" \/>\n\t<meta name=\"twitter:data1\" content=\"1 minute\" \/>\n<script type=\"application\/ld+json\" class=\"yoast-schema-graph\">{\"@context\":\"https:\/\/schema.org\",\"@graph\":[{\"@type\":\"WebPage\",\"@id\":\"https:\/\/eurlhosnakamel.dz\/dz\/produit\/bosch-rabot-gho-26-82-d-0-2-6-mm-710-w\/\",\"url\":\"https:\/\/eurlhosnakamel.dz\/dz\/produit\/bosch-rabot-gho-26-82-d-0-2-6-mm-710-w\/\",\"name\":\"Rabot 0-2.6 mm 710 Watts GHO 26-82 - EURL HOSNA KAMEL\",\"isPartOf\":{\"@id\":\"https:\/\/eurlhosnakamel.dz\/dz\/#website\"},\"primaryImageOfPage\":{\"@id\":\"https:\/\/eurlhosnakamel.dz\/dz\/produit\/bosch-rabot-gho-26-82-d-0-2-6-mm-710-w\/#primaryimage\"},\"image\":{\"@id\":\"https:\/\/eurlhosnakamel.dz\/dz\/produit\/bosch-rabot-gho-26-82-d-0-2-6-mm-710-w\/#primaryimage\"},\"thumbnailUrl\":\"https:\/\/eurlhosnakamel.dz\/dz\/wp-content\/uploads\/2020\/04\/BOSCH-RABOT-GHO-26-82-D-eurl-hosna-kamel-algerie.jpg\",\"datePublished\":\"2020-04-19T13:10:07+00:00\",\"dateModified\":\"2021-12-19T09:06:27+00:00\",\"description\":\"Rabot 0-2.6 mm 710 Watts GHO 26-82 - EURL HOSNA KAMEL\",\"breadcrumb\":{\"@id\":\"https:\/\/eurlhosnakamel.dz\/dz\/produit\/bosch-rabot-gho-26-82-d-0-2-6-mm-710-w\/#breadcrumb\"},\"inLanguage\":\"fr-FR\",\"potentialAction\":[{\"@type\":\"ReadAction\",\"target\":[\"https:\/\/eurlhosnakamel.dz\/dz\/produit\/bosch-rabot-gho-26-82-d-0-2-6-mm-710-w\/\"]}]},{\"@type\":\"ImageObject\",\"inLanguage\":\"fr-FR\",\"@id\":\"https:\/\/eurlhosnakamel.dz\/dz\/produit\/bosch-rabot-gho-26-82-d-0-2-6-mm-710-w\/#primaryimage\",\"url\":\"https:\/\/eurlhosnakamel.dz\/dz\/wp-content\/uploads\/2020\/04\/BOSCH-RABOT-GHO-26-82-D-eurl-hosna-kamel-algerie.jpg\",\"contentUrl\":\"https:\/\/eurlhosnakamel.dz\/dz\/wp-content\/uploads\/2020\/04\/BOSCH-RABOT-GHO-26-82-D-eurl-hosna-kamel-algerie.jpg\",\"width\":512,\"height\":512},{\"@type\":\"BreadcrumbList\",\"@id\":\"https:\/\/eurlhosnakamel.dz\/dz\/produit\/bosch-rabot-gho-26-82-d-0-2-6-mm-710-w\/#breadcrumb\",\"itemListElement\":[{\"@type\":\"ListItem\",\"position\":1,\"name\":\"Accueil\",\"item\":\"https:\/\/eurlhosnakamel.dz\/dz\/\"},{\"@type\":\"ListItem\",\"position\":2,\"name\":\"Shop\",\"item\":\"https:\/\/eurlhosnakamel.dz\/dz\/shop\/\"},{\"@type\":\"ListItem\",\"position\":3,\"name\":\"Rabot 0-2.6 mm 710 Watts GHO 26-82\"}]},{\"@type\":\"WebSite\",\"@id\":\"https:\/\/eurlhosnakamel.dz\/dz\/#website\",\"url\":\"https:\/\/eurlhosnakamel.dz\/dz\/\",\"name\":\"EURL HOSNA KAMEL\",\"description\":\"Fournisseur Premium d&#039;Outillages Professionnels en Alg\u00e9rie -\",\"publisher\":{\"@id\":\"https:\/\/eurlhosnakamel.dz\/dz\/#organization\"},\"potentialAction\":[{\"@type\":\"SearchAction\",\"target\":{\"@type\":\"EntryPoint\",\"urlTemplate\":\"https:\/\/eurlhosnakamel.dz\/dz\/?s={search_term_string}\"},\"query-input\":\"required name=search_term_string\"}],\"inLanguage\":\"fr-FR\"},{\"@type\":\"Organization\",\"@id\":\"https:\/\/eurlhosnakamel.dz\/dz\/#organization\",\"name\":\"EURL HOSNA KAMEL - Bosch alg\u00e9rie\",\"url\":\"https:\/\/eurlhosnakamel.dz\/dz\/\",\"logo\":{\"@type\":\"ImageObject\",\"inLanguage\":\"fr-FR\",\"@id\":\"https:\/\/eurlhosnakamel.dz\/dz\/#\/schema\/logo\/image\/\",\"url\":\"https:\/\/eurlhosnakamel.dz\/wp-content\/uploads\/2020\/04\/LOGO-HOSNA1.png\",\"contentUrl\":\"https:\/\/eurlhosnakamel.dz\/wp-content\/uploads\/2020\/04\/LOGO-HOSNA1.png\",\"width\":120,\"height\":127,\"caption\":\"EURL HOSNA KAMEL - Bosch alg\u00e9rie\"},\"image\":{\"@id\":\"https:\/\/eurlhosnakamel.dz\/dz\/#\/schema\/logo\/image\/\"},\"sameAs\":[\"https:\/\/www.facebook.com\/Eurl.Hosna.DZ\/\"]}]}<\/script>\n<!-- \/ Yoast SEO plugin. -->","yoast_head_json":{"title":"Rabot 0-2.6 mm 710 Watts GHO 26-82 - EURL HOSNA KAMEL","description":"Rabot 0-2.6 mm 710 Watts GHO 26-82 - EURL HOSNA KAMEL","robots":{"index":"index","follow":"follow","max-snippet":"max-snippet:-1","max-image-preview":"max-image-preview:large","max-video-preview":"max-video-preview:-1"},"canonical":"https:\/\/eurlhosnakamel.dz\/dz\/produit\/bosch-rabot-gho-26-82-d-0-2-6-mm-710-w\/","og_locale":"fr_FR","og_type":"article","og_title":"Rabot 0-2.6 mm 710 Watts GHO 26-82 - EURL HOSNA KAMEL","og_description":"Rabot 0-2.6 mm 710 Watts GHO 26-82 - EURL HOSNA KAMEL","og_url":"https:\/\/eurlhosnakamel.dz\/dz\/produit\/bosch-rabot-gho-26-82-d-0-2-6-mm-710-w\/","og_site_name":"EURL HOSNA KAMEL","article_publisher":"https:\/\/www.facebook.com\/Eurl.Hosna.DZ\/","article_modified_time":"2021-12-19T09:06:27+00:00","og_image":[{"width":512,"height":512,"url":"https:\/\/eurlhosnakamel.dz\/dz\/wp-content\/uploads\/2020\/04\/BOSCH-RABOT-GHO-26-82-D-eurl-hosna-kamel-algerie.jpg","type":"image\/jpeg"}],"twitter_card":"summary_large_image","twitter_misc":{"Dur\u00e9e de lecture estim\u00e9e":"1 minute"},"schema":{"@context":"https:\/\/schema.org","@graph":[{"@type":"WebPage","@id":"https:\/\/eurlhosnakamel.dz\/dz\/produit\/bosch-rabot-gho-26-82-d-0-2-6-mm-710-w\/","url":"https:\/\/eurlhosnakamel.dz\/dz\/produit\/bosch-rabot-gho-26-82-d-0-2-6-mm-710-w\/","name":"Rabot 0-2.6 mm 710 Watts GHO 26-82 - EURL HOSNA KAMEL","isPartOf":{"@id":"https:\/\/eurlhosnakamel.dz\/dz\/#website"},"primaryImageOfPage":{"@id":"https:\/\/eurlhosnakamel.dz\/dz\/produit\/bosch-rabot-gho-26-82-d-0-2-6-mm-710-w\/#primaryimage"},"image":{"@id":"https:\/\/eurlhosnakamel.dz\/dz\/produit\/bosch-rabot-gho-26-82-d-0-2-6-mm-710-w\/#primaryimage"},"thumbnailUrl":"https:\/\/eurlhosnakamel.dz\/dz\/wp-content\/uploads\/2020\/04\/BOSCH-RABOT-GHO-26-82-D-eurl-hosna-kamel-algerie.jpg","datePublished":"2020-04-19T13:10:07+00:00","dateModified":"2021-12-19T09:06:27+00:00","description":"Rabot 0-2.6 mm 710 Watts GHO 26-82 - EURL HOSNA KAMEL","breadcrumb":{"@id":"https:\/\/eurlhosnakamel.dz\/dz\/produit\/bosch-rabot-gho-26-82-d-0-2-6-mm-710-w\/#breadcrumb"},"inLanguage":"fr-FR","potentialAction":[{"@type":"ReadAction","target":["https:\/\/eurlhosnakamel.dz\/dz\/produit\/bosch-rabot-gho-26-82-d-0-2-6-mm-710-w\/"]}]},{"@type":"ImageObject","inLanguage":"fr-FR","@id":"https:\/\/eurlhosnakamel.dz\/dz\/produit\/bosch-rabot-gho-26-82-d-0-2-6-mm-710-w\/#primaryimage","url":"https:\/\/eurlhosnakamel.dz\/dz\/wp-content\/uploads\/2020\/04\/BOSCH-RABOT-GHO-26-82-D-eurl-hosna-kamel-algerie.jpg","contentUrl":"https:\/\/eurlhosnakamel.dz\/dz\/wp-content\/uploads\/2020\/04\/BOSCH-RABOT-GHO-26-82-D-eurl-hosna-kamel-algerie.jpg","width":512,"height":512},{"@type":"BreadcrumbList","@id":"https:\/\/eurlhosnakamel.dz\/dz\/produit\/bosch-rabot-gho-26-82-d-0-2-6-mm-710-w\/#breadcrumb","itemListElement":[{"@type":"ListItem","position":1,"name":"Accueil","item":"https:\/\/eurlhosnakamel.dz\/dz\/"},{"@type":"ListItem","position":2,"name":"Shop","item":"https:\/\/eurlhosnakamel.dz\/dz\/shop\/"},{"@type":"ListItem","position":3,"name":"Rabot 0-2.6 mm 710 Watts GHO 26-82"}]},{"@type":"WebSite","@id":"https:\/\/eurlhosnakamel.dz\/dz\/#website","url":"https:\/\/eurlhosnakamel.dz\/dz\/","name":"EURL HOSNA KAMEL","description":"Fournisseur Premium d&#039;Outillages Professionnels en Alg\u00e9rie -","publisher":{"@id":"https:\/\/eurlhosnakamel.dz\/dz\/#organization"},"potentialAction":[{"@type":"SearchAction","target":{"@type":"EntryPoint","urlTemplate":"https:\/\/eurlhosnakamel.dz\/dz\/?s={search_term_string}"},"query-input":"required name=search_term_string"}],"inLanguage":"fr-FR"},{"@type":"Organization","@id":"https:\/\/eurlhosnakamel.dz\/dz\/#organization","name":"EURL HOSNA KAMEL - Bosch alg\u00e9rie","url":"https:\/\/eurlhosnakamel.dz\/dz\/","logo":{"@type":"ImageObject","inLanguage":"fr-FR","@id":"https:\/\/eurlhosnakamel.dz\/dz\/#\/schema\/logo\/image\/","url":"https:\/\/eurlhosnakamel.dz\/wp-content\/uploads\/2020\/04\/LOGO-HOSNA1.png","contentUrl":"https:\/\/eurlhosnakamel.dz\/wp-content\/uploads\/2020\/04\/LOGO-HOSNA1.png","width":120,"height":127,"caption":"EURL HOSNA KAMEL - Bosch alg\u00e9rie"},"image":{"@id":"https:\/\/eurlhosnakamel.dz\/dz\/#\/schema\/logo\/image\/"},"sameAs":["https:\/\/www.facebook.com\/Eurl.Hosna.DZ\/"]}]}},"_links":{"self":[{"href":"https:\/\/eurlhosnakamel.dz\/dz\/wp-json\/wp\/v2\/product\/6267","targetHints":{"allow":["GET"]}}],"collection":[{"href":"https:\/\/eurlhosnakamel.dz\/dz\/wp-json\/wp\/v2\/product"}],"about":[{"href":"https:\/\/eurlhosnakamel.dz\/dz\/wp-json\/wp\/v2\/types\/product"}],"wp:featuredmedia":[{"embeddable":true,"href":"https:\/\/eurlhosnakamel.dz\/dz\/wp-json\/wp\/v2\/media\/6269"}],"wp:attachment":[{"href":"https:\/\/eurlhosnakamel.dz\/dz\/wp-json\/wp\/v2\/media?parent=6267"}],"wp:term":[{"taxonomy":"product_cat","embeddable":true,"href":"https:\/\/eurlhosnakamel.dz\/dz\/wp-json\/wp\/v2\/product_cat?post=6267"},{"taxonomy":"product_tag","embeddable":true,"href":"https:\/\/eurlhosnakamel.dz\/dz\/wp-json\/wp\/v2\/product_tag?post=6267"}],"curies":[{"name":"wp","href":"https:\/\/api.w.org\/{rel}","templated":true}]}}