{"id":6383,"date":"2020-04-19T15:11:18","date_gmt":"2020-04-19T15:11:18","guid":{"rendered":"https:\/\/lhchosting.com\/hosna\/?post_type=product&#038;p=6383"},"modified":"2021-12-19T09:05:32","modified_gmt":"2021-12-19T09:05:32","slug":"bosch-guide-pour-scie-plongeante-gkt-55-gce-fsn-1600","status":"publish","type":"product","link":"https:\/\/eurlhosnakamel.dz\/dz\/produit\/bosch-guide-pour-scie-plongeante-gkt-55-gce-fsn-1600\/","title":{"rendered":"BOSCH GUIDE POUR SCIE PLONGEANTE GKT 55 GCE FSN 1600"},"content":{"rendered":"<section id=\"technicaldata\" class=\"o-technical_details trackingModule\" data-track_moduletype=\"O09_technical_details\">\n<div class=\"container trackingTeaser\" data-track_teasertype=\"Product Information\" data-track_teasercontent=\"En savoir plus\">\n<div class=\"row\">\n<div class=\"col-md-5\">\n<h2 class=\"headline hl1\">Caract\u00e9ristiques techniques<\/h2>\n<table class=\"table table--fixed\">\n<thead>\n<tr>\n<th class=\"headline hl4\" colspan=\"2\">\n<h3>Les caract\u00e9ristiques les plus importantes<\/h3>\n<\/th>\n<\/tr>\n<\/thead>\n<tbody>\n<tr>\n<td>Dimensions de l\u2019outil (longueur)<\/td>\n<td>1\u00a0600 mm<\/td>\n<\/tr>\n<tr>\n<td>Dimensions de l\u2019emballage (longueur x largeur x hauteur)<\/td>\n<td>145 x 1650 x 95 mm<\/td>\n<\/tr>\n<\/tbody>\n<\/table>\n<\/div>\n<\/div>\n<\/div>\n<\/section>\n<section id=\"highlights\" class=\"m-product_hightlights trackingModule\" data-track_moduletype=\"M49_product_highlights\">\n<div class=\"container\">\n<h2 class=\"headline hl1\">Avantages<\/h2>\n<div class=\"row\">\n<div class=\"col-md-6\">\n<div class=\"m-product_hightlights__content-wrapper\">\n<h3 class=\"headline hl4\">Rail de guidage de 1 600 mm pour coupes de pr\u00e9cision<\/h3>\n<ul class=\"m-product_hightlights__list\">\n<li>Rail de guidage de 1 600 mm \u00e0 grande qualit\u00e9 de fabrication assurant un guidage pr\u00e9cis et offrant une compatibilit\u00e9 parfaite<\/li>\n<li>Possibilit\u00e9 de mise bout \u00e0 bout rapide et sans jeu de deux rails de guidage avec un \u00e9l\u00e9ment de raccordement FSN VEL (disponible s\u00e9par\u00e9ment)<\/li>\n<li>Bandes caoutchouc antid\u00e9rapantes et pare-\u00e9clats assurant une parfaite ma\u00eetrise<\/li>\n<\/ul>\n<\/div>\n<div class=\"m-product_hightlights__content-wrapper\">\n<div class=\"collapse in\" aria-expanded=\"true\">\n<p class=\"m-product_hightlights__paragraph\">Le rail de guidage FSN 1600 Professional de 1 600 mm de longueur permet de r\u00e9aliser des coupes d\u2019une grande pr\u00e9cision. De grande qualit\u00e9 pour un guidage tr\u00e8s pr\u00e9cis, il est parfaitement compatible avec tous les outils \u00e9lectroportatifs associ\u00e9s. En utilisant un \u00e9l\u00e9ment de raccordement FSN VEL (disponible s\u00e9par\u00e9ment), il est possible de r\u00e9unir rapidement, solidement et sans jeu deux rails de guidage. Ses bandes caoutchouc antid\u00e9rapantes et son pare-\u00e9clats faciles \u00e0 remplacer permettent de r\u00e9aliser des coupes bien ma\u00eetris\u00e9es et d\u2019obtenir des bords bien nets. Ce rail de guidage est con\u00e7u pour r\u00e9aliser des coupes parfaites avec des scies circulaires ou plongeantes. Il est compatible avec toutes les scies circulaires GKS Professional, mod\u00e8les G de scies GKS, scies plongeantes GKT Professional ainsi qu\u2019avec certaines scies sauteuses GST Professional et d\u00e9fonceuses GOF Professional moyennant utilisation d\u2019un adaptateur.<\/p>\n<p class=\"m-product_hightlights__paragraph\">Le rail de guidage FSN 1600 Professional inclut \u00e9galement un embout plastique en T de rechange.<\/p>\n<\/div>\n<\/div>\n<\/div>\n<\/div>\n<\/div>\n<p><iframe src=\"https:\/\/www.youtube.com\/embed\/xJVaJ3n1ug4\" width=\"600\" height=\"338\" frameborder=\"0\" allowfullscreen=\"allowfullscreen\"><\/iframe><\/p>\n<\/section>\n","protected":false},"excerpt":{"rendered":"<h3 class=\"headline hl4\">Rail de guidage de 1 600 mm pour coupes de pr\u00e9cision<\/h3>\n<p><img decoding=\"async\" class=\"alignnone size-full wp-image-6389\" src=\"https:\/\/lhchosting.com\/hosna\/wp-content\/uploads\/2020\/04\/BOSCH-FSN-1600-icone-eurl-hosna-kamel-algerie.jpg\" alt=\"\" width=\"131\" height=\"84\" \/><\/p>\n","protected":false},"featured_media":6385,"template":"","meta":[],"product_cat":[1277,405],"product_tag":[1279],"class_list":{"0":"post-6383","1":"product","2":"type-product","3":"status-publish","4":"has-post-thumbnail","6":"product_cat-accessoires-bosch","7":"product_cat-outillage","8":"product_tag-bosch-guide-pour-scie-plongeante-gkt-55-gce-fsn-1600","9":"product_brand-bosch-outillage","11":"first","12":"instock","13":"shipping-taxable","14":"product-type-simple","15":"col-xs-6 col-sm-4","16":"col-md-3 col-lg-3","17":"un-4-cols"},"yoast_head":"<!-- This site is optimized with the Yoast SEO plugin v22.5 - https:\/\/yoast.com\/wordpress\/plugins\/seo\/ -->\n<title>BOSCH GUIDE POUR SCIE PLONGEANTE GKT 55 GCE FSN 1600 - EURL HOSNA KAMEL<\/title>\n<meta name=\"description\" content=\"BOSCH GUIDE POUR SCIE PLONGEANTE GKT 55 GCE FSN 1600 - EURL HOSNA KAMEL\" \/>\n<meta name=\"robots\" content=\"index, follow, max-snippet:-1, max-image-preview:large, max-video-preview:-1\" \/>\n<link rel=\"canonical\" href=\"https:\/\/eurlhosnakamel.dz\/dz\/produit\/bosch-guide-pour-scie-plongeante-gkt-55-gce-fsn-1600\/\" \/>\n<meta property=\"og:locale\" content=\"fr_FR\" \/>\n<meta property=\"og:type\" content=\"article\" \/>\n<meta property=\"og:title\" content=\"BOSCH GUIDE POUR SCIE PLONGEANTE GKT 55 GCE FSN 1600 - EURL HOSNA KAMEL\" \/>\n<meta property=\"og:description\" content=\"BOSCH GUIDE POUR SCIE PLONGEANTE GKT 55 GCE FSN 1600 - EURL HOSNA KAMEL\" \/>\n<meta property=\"og:url\" content=\"https:\/\/eurlhosnakamel.dz\/dz\/produit\/bosch-guide-pour-scie-plongeante-gkt-55-gce-fsn-1600\/\" \/>\n<meta property=\"og:site_name\" content=\"EURL HOSNA KAMEL\" \/>\n<meta property=\"article:publisher\" content=\"https:\/\/www.facebook.com\/Eurl.Hosna.DZ\/\" \/>\n<meta property=\"article:modified_time\" content=\"2021-12-19T09:05:32+00:00\" \/>\n<meta property=\"og:image\" content=\"https:\/\/eurlhosnakamel.dz\/dz\/wp-content\/uploads\/2020\/04\/BOSCH-FSN-1600-eurl-hosna-kamel-algerie.jpg\" \/>\n\t<meta property=\"og:image:width\" content=\"512\" \/>\n\t<meta property=\"og:image:height\" content=\"512\" \/>\n\t<meta property=\"og:image:type\" content=\"image\/jpeg\" \/>\n<meta name=\"twitter:card\" content=\"summary_large_image\" \/>\n<meta name=\"twitter:label1\" content=\"Dur\u00e9e de lecture estim\u00e9e\" \/>\n\t<meta name=\"twitter:data1\" content=\"1 minute\" \/>\n<script type=\"application\/ld+json\" class=\"yoast-schema-graph\">{\"@context\":\"https:\/\/schema.org\",\"@graph\":[{\"@type\":\"WebPage\",\"@id\":\"https:\/\/eurlhosnakamel.dz\/dz\/produit\/bosch-guide-pour-scie-plongeante-gkt-55-gce-fsn-1600\/\",\"url\":\"https:\/\/eurlhosnakamel.dz\/dz\/produit\/bosch-guide-pour-scie-plongeante-gkt-55-gce-fsn-1600\/\",\"name\":\"BOSCH GUIDE POUR SCIE PLONGEANTE GKT 55 GCE FSN 1600 - EURL HOSNA KAMEL\",\"isPartOf\":{\"@id\":\"https:\/\/eurlhosnakamel.dz\/dz\/#website\"},\"primaryImageOfPage\":{\"@id\":\"https:\/\/eurlhosnakamel.dz\/dz\/produit\/bosch-guide-pour-scie-plongeante-gkt-55-gce-fsn-1600\/#primaryimage\"},\"image\":{\"@id\":\"https:\/\/eurlhosnakamel.dz\/dz\/produit\/bosch-guide-pour-scie-plongeante-gkt-55-gce-fsn-1600\/#primaryimage\"},\"thumbnailUrl\":\"https:\/\/eurlhosnakamel.dz\/dz\/wp-content\/uploads\/2020\/04\/BOSCH-FSN-1600-eurl-hosna-kamel-algerie.jpg\",\"datePublished\":\"2020-04-19T15:11:18+00:00\",\"dateModified\":\"2021-12-19T09:05:32+00:00\",\"description\":\"BOSCH GUIDE POUR SCIE PLONGEANTE GKT 55 GCE FSN 1600 - EURL HOSNA KAMEL\",\"breadcrumb\":{\"@id\":\"https:\/\/eurlhosnakamel.dz\/dz\/produit\/bosch-guide-pour-scie-plongeante-gkt-55-gce-fsn-1600\/#breadcrumb\"},\"inLanguage\":\"fr-FR\",\"potentialAction\":[{\"@type\":\"ReadAction\",\"target\":[\"https:\/\/eurlhosnakamel.dz\/dz\/produit\/bosch-guide-pour-scie-plongeante-gkt-55-gce-fsn-1600\/\"]}]},{\"@type\":\"ImageObject\",\"inLanguage\":\"fr-FR\",\"@id\":\"https:\/\/eurlhosnakamel.dz\/dz\/produit\/bosch-guide-pour-scie-plongeante-gkt-55-gce-fsn-1600\/#primaryimage\",\"url\":\"https:\/\/eurlhosnakamel.dz\/dz\/wp-content\/uploads\/2020\/04\/BOSCH-FSN-1600-eurl-hosna-kamel-algerie.jpg\",\"contentUrl\":\"https:\/\/eurlhosnakamel.dz\/dz\/wp-content\/uploads\/2020\/04\/BOSCH-FSN-1600-eurl-hosna-kamel-algerie.jpg\",\"width\":512,\"height\":512},{\"@type\":\"BreadcrumbList\",\"@id\":\"https:\/\/eurlhosnakamel.dz\/dz\/produit\/bosch-guide-pour-scie-plongeante-gkt-55-gce-fsn-1600\/#breadcrumb\",\"itemListElement\":[{\"@type\":\"ListItem\",\"position\":1,\"name\":\"Accueil\",\"item\":\"https:\/\/eurlhosnakamel.dz\/dz\/\"},{\"@type\":\"ListItem\",\"position\":2,\"name\":\"Shop\",\"item\":\"https:\/\/eurlhosnakamel.dz\/dz\/shop\/\"},{\"@type\":\"ListItem\",\"position\":3,\"name\":\"BOSCH GUIDE POUR SCIE PLONGEANTE GKT 55 GCE FSN 1600\"}]},{\"@type\":\"WebSite\",\"@id\":\"https:\/\/eurlhosnakamel.dz\/dz\/#website\",\"url\":\"https:\/\/eurlhosnakamel.dz\/dz\/\",\"name\":\"EURL HOSNA KAMEL\",\"description\":\"Fournisseur Premium d&#039;Outillages Professionnels en Alg\u00e9rie -\",\"publisher\":{\"@id\":\"https:\/\/eurlhosnakamel.dz\/dz\/#organization\"},\"potentialAction\":[{\"@type\":\"SearchAction\",\"target\":{\"@type\":\"EntryPoint\",\"urlTemplate\":\"https:\/\/eurlhosnakamel.dz\/dz\/?s={search_term_string}\"},\"query-input\":\"required name=search_term_string\"}],\"inLanguage\":\"fr-FR\"},{\"@type\":\"Organization\",\"@id\":\"https:\/\/eurlhosnakamel.dz\/dz\/#organization\",\"name\":\"EURL HOSNA KAMEL - Bosch alg\u00e9rie\",\"url\":\"https:\/\/eurlhosnakamel.dz\/dz\/\",\"logo\":{\"@type\":\"ImageObject\",\"inLanguage\":\"fr-FR\",\"@id\":\"https:\/\/eurlhosnakamel.dz\/dz\/#\/schema\/logo\/image\/\",\"url\":\"https:\/\/eurlhosnakamel.dz\/wp-content\/uploads\/2020\/04\/LOGO-HOSNA1.png\",\"contentUrl\":\"https:\/\/eurlhosnakamel.dz\/wp-content\/uploads\/2020\/04\/LOGO-HOSNA1.png\",\"width\":120,\"height\":127,\"caption\":\"EURL HOSNA KAMEL - Bosch alg\u00e9rie\"},\"image\":{\"@id\":\"https:\/\/eurlhosnakamel.dz\/dz\/#\/schema\/logo\/image\/\"},\"sameAs\":[\"https:\/\/www.facebook.com\/Eurl.Hosna.DZ\/\"]}]}<\/script>\n<!-- \/ Yoast SEO plugin. -->","yoast_head_json":{"title":"BOSCH GUIDE POUR SCIE PLONGEANTE GKT 55 GCE FSN 1600 - EURL HOSNA KAMEL","description":"BOSCH GUIDE POUR SCIE PLONGEANTE GKT 55 GCE FSN 1600 - EURL HOSNA KAMEL","robots":{"index":"index","follow":"follow","max-snippet":"max-snippet:-1","max-image-preview":"max-image-preview:large","max-video-preview":"max-video-preview:-1"},"canonical":"https:\/\/eurlhosnakamel.dz\/dz\/produit\/bosch-guide-pour-scie-plongeante-gkt-55-gce-fsn-1600\/","og_locale":"fr_FR","og_type":"article","og_title":"BOSCH GUIDE POUR SCIE PLONGEANTE GKT 55 GCE FSN 1600 - EURL HOSNA KAMEL","og_description":"BOSCH GUIDE POUR SCIE PLONGEANTE GKT 55 GCE FSN 1600 - EURL HOSNA KAMEL","og_url":"https:\/\/eurlhosnakamel.dz\/dz\/produit\/bosch-guide-pour-scie-plongeante-gkt-55-gce-fsn-1600\/","og_site_name":"EURL HOSNA KAMEL","article_publisher":"https:\/\/www.facebook.com\/Eurl.Hosna.DZ\/","article_modified_time":"2021-12-19T09:05:32+00:00","og_image":[{"width":512,"height":512,"url":"https:\/\/eurlhosnakamel.dz\/dz\/wp-content\/uploads\/2020\/04\/BOSCH-FSN-1600-eurl-hosna-kamel-algerie.jpg","type":"image\/jpeg"}],"twitter_card":"summary_large_image","twitter_misc":{"Dur\u00e9e de lecture estim\u00e9e":"1 minute"},"schema":{"@context":"https:\/\/schema.org","@graph":[{"@type":"WebPage","@id":"https:\/\/eurlhosnakamel.dz\/dz\/produit\/bosch-guide-pour-scie-plongeante-gkt-55-gce-fsn-1600\/","url":"https:\/\/eurlhosnakamel.dz\/dz\/produit\/bosch-guide-pour-scie-plongeante-gkt-55-gce-fsn-1600\/","name":"BOSCH GUIDE POUR SCIE PLONGEANTE GKT 55 GCE FSN 1600 - EURL HOSNA KAMEL","isPartOf":{"@id":"https:\/\/eurlhosnakamel.dz\/dz\/#website"},"primaryImageOfPage":{"@id":"https:\/\/eurlhosnakamel.dz\/dz\/produit\/bosch-guide-pour-scie-plongeante-gkt-55-gce-fsn-1600\/#primaryimage"},"image":{"@id":"https:\/\/eurlhosnakamel.dz\/dz\/produit\/bosch-guide-pour-scie-plongeante-gkt-55-gce-fsn-1600\/#primaryimage"},"thumbnailUrl":"https:\/\/eurlhosnakamel.dz\/dz\/wp-content\/uploads\/2020\/04\/BOSCH-FSN-1600-eurl-hosna-kamel-algerie.jpg","datePublished":"2020-04-19T15:11:18+00:00","dateModified":"2021-12-19T09:05:32+00:00","description":"BOSCH GUIDE POUR SCIE PLONGEANTE GKT 55 GCE FSN 1600 - EURL HOSNA KAMEL","breadcrumb":{"@id":"https:\/\/eurlhosnakamel.dz\/dz\/produit\/bosch-guide-pour-scie-plongeante-gkt-55-gce-fsn-1600\/#breadcrumb"},"inLanguage":"fr-FR","potentialAction":[{"@type":"ReadAction","target":["https:\/\/eurlhosnakamel.dz\/dz\/produit\/bosch-guide-pour-scie-plongeante-gkt-55-gce-fsn-1600\/"]}]},{"@type":"ImageObject","inLanguage":"fr-FR","@id":"https:\/\/eurlhosnakamel.dz\/dz\/produit\/bosch-guide-pour-scie-plongeante-gkt-55-gce-fsn-1600\/#primaryimage","url":"https:\/\/eurlhosnakamel.dz\/dz\/wp-content\/uploads\/2020\/04\/BOSCH-FSN-1600-eurl-hosna-kamel-algerie.jpg","contentUrl":"https:\/\/eurlhosnakamel.dz\/dz\/wp-content\/uploads\/2020\/04\/BOSCH-FSN-1600-eurl-hosna-kamel-algerie.jpg","width":512,"height":512},{"@type":"BreadcrumbList","@id":"https:\/\/eurlhosnakamel.dz\/dz\/produit\/bosch-guide-pour-scie-plongeante-gkt-55-gce-fsn-1600\/#breadcrumb","itemListElement":[{"@type":"ListItem","position":1,"name":"Accueil","item":"https:\/\/eurlhosnakamel.dz\/dz\/"},{"@type":"ListItem","position":2,"name":"Shop","item":"https:\/\/eurlhosnakamel.dz\/dz\/shop\/"},{"@type":"ListItem","position":3,"name":"BOSCH GUIDE POUR SCIE PLONGEANTE GKT 55 GCE FSN 1600"}]},{"@type":"WebSite","@id":"https:\/\/eurlhosnakamel.dz\/dz\/#website","url":"https:\/\/eurlhosnakamel.dz\/dz\/","name":"EURL HOSNA KAMEL","description":"Fournisseur Premium d&#039;Outillages Professionnels en Alg\u00e9rie -","publisher":{"@id":"https:\/\/eurlhosnakamel.dz\/dz\/#organization"},"potentialAction":[{"@type":"SearchAction","target":{"@type":"EntryPoint","urlTemplate":"https:\/\/eurlhosnakamel.dz\/dz\/?s={search_term_string}"},"query-input":"required name=search_term_string"}],"inLanguage":"fr-FR"},{"@type":"Organization","@id":"https:\/\/eurlhosnakamel.dz\/dz\/#organization","name":"EURL HOSNA KAMEL - Bosch alg\u00e9rie","url":"https:\/\/eurlhosnakamel.dz\/dz\/","logo":{"@type":"ImageObject","inLanguage":"fr-FR","@id":"https:\/\/eurlhosnakamel.dz\/dz\/#\/schema\/logo\/image\/","url":"https:\/\/eurlhosnakamel.dz\/wp-content\/uploads\/2020\/04\/LOGO-HOSNA1.png","contentUrl":"https:\/\/eurlhosnakamel.dz\/wp-content\/uploads\/2020\/04\/LOGO-HOSNA1.png","width":120,"height":127,"caption":"EURL HOSNA KAMEL - Bosch alg\u00e9rie"},"image":{"@id":"https:\/\/eurlhosnakamel.dz\/dz\/#\/schema\/logo\/image\/"},"sameAs":["https:\/\/www.facebook.com\/Eurl.Hosna.DZ\/"]}]}},"_links":{"self":[{"href":"https:\/\/eurlhosnakamel.dz\/dz\/wp-json\/wp\/v2\/product\/6383","targetHints":{"allow":["GET"]}}],"collection":[{"href":"https:\/\/eurlhosnakamel.dz\/dz\/wp-json\/wp\/v2\/product"}],"about":[{"href":"https:\/\/eurlhosnakamel.dz\/dz\/wp-json\/wp\/v2\/types\/product"}],"wp:featuredmedia":[{"embeddable":true,"href":"https:\/\/eurlhosnakamel.dz\/dz\/wp-json\/wp\/v2\/media\/6385"}],"wp:attachment":[{"href":"https:\/\/eurlhosnakamel.dz\/dz\/wp-json\/wp\/v2\/media?parent=6383"}],"wp:term":[{"taxonomy":"product_cat","embeddable":true,"href":"https:\/\/eurlhosnakamel.dz\/dz\/wp-json\/wp\/v2\/product_cat?post=6383"},{"taxonomy":"product_tag","embeddable":true,"href":"https:\/\/eurlhosnakamel.dz\/dz\/wp-json\/wp\/v2\/product_tag?post=6383"}],"curies":[{"name":"wp","href":"https:\/\/api.w.org\/{rel}","templated":true}]}}