{"id":6417,"date":"2020-04-19T19:18:08","date_gmt":"2020-04-19T19:18:08","guid":{"rendered":"https:\/\/lhchosting.com\/hosna\/?post_type=product&#038;p=6417"},"modified":"2020-04-19T19:22:12","modified_gmt":"2020-04-19T19:22:12","slug":"oleo-mac-kit-aspiration-souffleur-bv-300-2001-a","status":"publish","type":"product","link":"https:\/\/eurlhosnakamel.dz\/dz\/produit\/oleo-mac-kit-aspiration-souffleur-bv-300-2001-a\/","title":{"rendered":"OLEO MAC KIT ASPIRATION SOUFFLEUR BV 300 2001 A"},"content":{"rendered":"<p>Souffleur aspiro-broyeur Oleo Mac BV 300: 30.5cm3, 720m3\/h, vitesse de l&#8217;air 70m\/s.<\/p>\n<p>Le souffleur \u00e0 main Oleo-Mac est l\u2019outil id\u00e9al pour \u00e9liminer du jardin les feuilles et les petits d\u00e9tritus.<\/p>\n<p><strong>Kit d&#8217;aspiration en option.\u00a0Garantie 5 ans en usage priv\u00e9<\/strong><\/p>\n<p><img decoding=\"async\" src=\"https:\/\/beaucampmotoculture.com\/boutiq\/img\/cms\/garantie%205ans.jpg\" alt=\"\" width=\"120\" height=\"122\" \/><\/p>\n<p>\u2022Avec les syst\u00e8mes \u201cPrimer\u201d et \u201cLift Starter\u201d, le d\u00e9marrage est toujours facile et rapide.<\/p>\n<p>\u2022Le blocage de l\u2019acc\u00e9l\u00e9rateur permet de r\u00e9gler le d\u00e9bit d\u2019air directement sur la poign\u00e9e et de l\u2019adapter au type de travail.<\/p>\n<p>\u2022Un kit sp\u00e9cial permet de rapidement et facilement le transformer en aspirateur.<\/p>\n<p>\u2022Le couvercle est \u00e0 encastrement et s\u2019ouvre sans outil.<\/p>\n<p>\u2022L\u2019op\u00e9rateur n\u2019a rien \u00e0 craindre puisque l\u2019interrupteur coupe le moteur en cas d\u2019ouverture.<\/p>\n<p>\u2022Le ventilateur d\u2019aspiration est dot\u00e9 de couteau pour hacher l\u2019herbe ramass\u00e9e et r\u00e9duire le volume dans le sac.<\/p>\n<p>\u2022Nouveau syst\u00e8me antivibratoires \u201cVibcut\u201d comprenant 4 supports en caoutchouc qui isolent le moteur des poign\u00e9es et du corps de la machine en r\u00e9duisant sensiblement les vibrations que re\u00e7oit l\u2019op\u00e9rateur durant le travail. Ce qui assure plus de confort et une meilleure conduite de la machine.<\/p>\n<table class=\"table-data-sheet\" width=\"514\">\n<tbody>\n<tr class=\"odd\">\n<td colspan=\"2\">\n<h3>SP\u00c9CIFICATIONS TECHNIQUES<\/h3>\n<\/td>\n<\/tr>\n<tr class=\"odd\">\n<td>Moteur<\/td>\n<td>30,5\u00a0cm\u00b3<\/td>\n<\/tr>\n<tr class=\"even\">\n<td>puissance nominale<\/td>\n<td>1\u00a0kW (1,3 ch)<\/td>\n<\/tr>\n<tr class=\"odd\">\n<td>Certification des \u00e9missions<\/td>\n<td>EURO2<\/td>\n<\/tr>\n<tr class=\"even\">\n<td>R\u00e9servoir de carburant<\/td>\n<td>0.50 litres<\/td>\n<\/tr>\n<tr class=\"odd\">\n<td>La consommation de carburant \u00e0 la puissance maximale<\/td>\n<td>0,52 litres \/ h<\/td>\n<\/tr>\n<tr class=\"even\">\n<td>Syst\u00e8me d&#8217;allumage<\/td>\n<td>CDI \u00e9lectronique<\/td>\n<\/tr>\n<tr class=\"even\">\n<td>d\u00e9marrage facile<\/td>\n<td>non<\/td>\n<\/tr>\n<tr class=\"odd\">\n<td>Syst\u00e8me anti-vibration<\/td>\n<td>oui<\/td>\n<\/tr>\n<tr class=\"even\">\n<td>fixateur trigger<\/td>\n<td>oui<\/td>\n<\/tr>\n<tr class=\"odd\">\n<td>Type<\/td>\n<td>manuel<\/td>\n<\/tr>\n<tr class=\"even\">\n<td>Airflow<\/td>\n<td>720\u00a0m\u00b3 \/ h (tubes)<\/td>\n<\/tr>\n<tr class=\"odd\">\n<td>Vitesse de l&#8217;air<\/td>\n<td>70\u00a0m \/ s<\/td>\n<\/tr>\n<tr class=\"even\">\n<td>niveau sonore<\/td>\n<td>r\u00e9duit<\/td>\n<\/tr>\n<tr class=\"odd\">\n<td>kit d&#8217;aspiration<\/td>\n<td>option<\/td>\n<\/tr>\n<tr class=\"even\">\n<td>Kit goutti\u00e8res propres<\/td>\n<td>non<\/td>\n<\/tr>\n<tr class=\"odd\">\n<td>Poids (sec)<\/td>\n<td>4,5 kg<\/td>\n<\/tr>\n<\/tbody>\n<\/table>\n","protected":false},"excerpt":{"rendered":"<h3><strong>Souffleur aspiro-broyeur Ol\u00e9o Mac BV 300: 30.5cm3, 720m3\/h, vitesse de l&#8217;air 70m\/s.<\/strong><\/h3>\n<h4><strong>Kit d&#8217;aspiration en option.\u00a0Garantie 5 ans en usage priv\u00e9<\/strong><\/h4>\n","protected":false},"featured_media":6419,"template":"","meta":[],"product_cat":[957],"product_tag":[1289],"class_list":{"0":"post-6417","1":"product","2":"type-product","3":"status-publish","4":"has-post-thumbnail","6":"product_cat-jardinage","7":"product_tag-oleo-mac-kit-aspiration-souffleur-bv-300-2001-a","8":"product_brand-oleomac","10":"first","11":"instock","12":"shipping-taxable","13":"product-type-simple","14":"col-xs-6 col-sm-4","15":"col-md-3 col-lg-3","16":"un-4-cols"},"yoast_head":"<!-- This site is optimized with the Yoast SEO plugin v22.5 - https:\/\/yoast.com\/wordpress\/plugins\/seo\/ -->\n<title>OLEO MAC KIT ASPIRATION SOUFFLEUR BV 300 2001 A - EURL HOSNA KAMEL<\/title>\n<meta name=\"description\" content=\"OLEO MAC KIT ASPIRATION SOUFFLEUR BV 300 2001 A - EURL HOSNA KAMEL\" \/>\n<meta name=\"robots\" content=\"index, follow, max-snippet:-1, max-image-preview:large, max-video-preview:-1\" \/>\n<link rel=\"canonical\" href=\"https:\/\/eurlhosnakamel.dz\/dz\/produit\/oleo-mac-kit-aspiration-souffleur-bv-300-2001-a\/\" \/>\n<meta property=\"og:locale\" content=\"fr_FR\" \/>\n<meta property=\"og:type\" content=\"article\" \/>\n<meta property=\"og:title\" content=\"OLEO MAC KIT ASPIRATION SOUFFLEUR BV 300 2001 A - EURL HOSNA KAMEL\" \/>\n<meta property=\"og:description\" content=\"OLEO MAC KIT ASPIRATION SOUFFLEUR BV 300 2001 A - EURL HOSNA KAMEL\" \/>\n<meta property=\"og:url\" content=\"https:\/\/eurlhosnakamel.dz\/dz\/produit\/oleo-mac-kit-aspiration-souffleur-bv-300-2001-a\/\" \/>\n<meta property=\"og:site_name\" content=\"EURL HOSNA KAMEL\" \/>\n<meta property=\"article:publisher\" content=\"https:\/\/www.facebook.com\/Eurl.Hosna.DZ\/\" \/>\n<meta property=\"article:modified_time\" content=\"2020-04-19T19:22:12+00:00\" \/>\n<meta property=\"og:image\" content=\"https:\/\/eurlhosnakamel.dz\/dz\/wp-content\/uploads\/2020\/04\/OLEO-MAC-KIT-ASPIRATION-SOUFLEUR-BV300-2001A-eurl-hosna-kamel-algerie.jpg\" \/>\n\t<meta property=\"og:image:width\" content=\"512\" \/>\n\t<meta property=\"og:image:height\" content=\"512\" \/>\n\t<meta property=\"og:image:type\" content=\"image\/jpeg\" \/>\n<meta name=\"twitter:card\" content=\"summary_large_image\" \/>\n<meta name=\"twitter:label1\" content=\"Dur\u00e9e de lecture estim\u00e9e\" \/>\n\t<meta name=\"twitter:data1\" content=\"1 minute\" \/>\n<script type=\"application\/ld+json\" class=\"yoast-schema-graph\">{\"@context\":\"https:\/\/schema.org\",\"@graph\":[{\"@type\":\"WebPage\",\"@id\":\"https:\/\/eurlhosnakamel.dz\/dz\/produit\/oleo-mac-kit-aspiration-souffleur-bv-300-2001-a\/\",\"url\":\"https:\/\/eurlhosnakamel.dz\/dz\/produit\/oleo-mac-kit-aspiration-souffleur-bv-300-2001-a\/\",\"name\":\"OLEO MAC KIT ASPIRATION SOUFFLEUR BV 300 2001 A - EURL HOSNA KAMEL\",\"isPartOf\":{\"@id\":\"https:\/\/eurlhosnakamel.dz\/dz\/#website\"},\"primaryImageOfPage\":{\"@id\":\"https:\/\/eurlhosnakamel.dz\/dz\/produit\/oleo-mac-kit-aspiration-souffleur-bv-300-2001-a\/#primaryimage\"},\"image\":{\"@id\":\"https:\/\/eurlhosnakamel.dz\/dz\/produit\/oleo-mac-kit-aspiration-souffleur-bv-300-2001-a\/#primaryimage\"},\"thumbnailUrl\":\"https:\/\/eurlhosnakamel.dz\/dz\/wp-content\/uploads\/2020\/04\/OLEO-MAC-KIT-ASPIRATION-SOUFLEUR-BV300-2001A-eurl-hosna-kamel-algerie.jpg\",\"datePublished\":\"2020-04-19T19:18:08+00:00\",\"dateModified\":\"2020-04-19T19:22:12+00:00\",\"description\":\"OLEO MAC KIT ASPIRATION SOUFFLEUR BV 300 2001 A - EURL HOSNA KAMEL\",\"breadcrumb\":{\"@id\":\"https:\/\/eurlhosnakamel.dz\/dz\/produit\/oleo-mac-kit-aspiration-souffleur-bv-300-2001-a\/#breadcrumb\"},\"inLanguage\":\"fr-FR\",\"potentialAction\":[{\"@type\":\"ReadAction\",\"target\":[\"https:\/\/eurlhosnakamel.dz\/dz\/produit\/oleo-mac-kit-aspiration-souffleur-bv-300-2001-a\/\"]}]},{\"@type\":\"ImageObject\",\"inLanguage\":\"fr-FR\",\"@id\":\"https:\/\/eurlhosnakamel.dz\/dz\/produit\/oleo-mac-kit-aspiration-souffleur-bv-300-2001-a\/#primaryimage\",\"url\":\"https:\/\/eurlhosnakamel.dz\/dz\/wp-content\/uploads\/2020\/04\/OLEO-MAC-KIT-ASPIRATION-SOUFLEUR-BV300-2001A-eurl-hosna-kamel-algerie.jpg\",\"contentUrl\":\"https:\/\/eurlhosnakamel.dz\/dz\/wp-content\/uploads\/2020\/04\/OLEO-MAC-KIT-ASPIRATION-SOUFLEUR-BV300-2001A-eurl-hosna-kamel-algerie.jpg\",\"width\":512,\"height\":512},{\"@type\":\"BreadcrumbList\",\"@id\":\"https:\/\/eurlhosnakamel.dz\/dz\/produit\/oleo-mac-kit-aspiration-souffleur-bv-300-2001-a\/#breadcrumb\",\"itemListElement\":[{\"@type\":\"ListItem\",\"position\":1,\"name\":\"Accueil\",\"item\":\"https:\/\/eurlhosnakamel.dz\/dz\/\"},{\"@type\":\"ListItem\",\"position\":2,\"name\":\"Shop\",\"item\":\"https:\/\/eurlhosnakamel.dz\/dz\/shop\/\"},{\"@type\":\"ListItem\",\"position\":3,\"name\":\"OLEO MAC KIT ASPIRATION SOUFFLEUR BV 300 2001 A\"}]},{\"@type\":\"WebSite\",\"@id\":\"https:\/\/eurlhosnakamel.dz\/dz\/#website\",\"url\":\"https:\/\/eurlhosnakamel.dz\/dz\/\",\"name\":\"EURL HOSNA KAMEL\",\"description\":\"Fournisseur Premium d&#039;Outillages Professionnels en Alg\u00e9rie -\",\"publisher\":{\"@id\":\"https:\/\/eurlhosnakamel.dz\/dz\/#organization\"},\"potentialAction\":[{\"@type\":\"SearchAction\",\"target\":{\"@type\":\"EntryPoint\",\"urlTemplate\":\"https:\/\/eurlhosnakamel.dz\/dz\/?s={search_term_string}\"},\"query-input\":\"required name=search_term_string\"}],\"inLanguage\":\"fr-FR\"},{\"@type\":\"Organization\",\"@id\":\"https:\/\/eurlhosnakamel.dz\/dz\/#organization\",\"name\":\"EURL HOSNA KAMEL - Bosch alg\u00e9rie\",\"url\":\"https:\/\/eurlhosnakamel.dz\/dz\/\",\"logo\":{\"@type\":\"ImageObject\",\"inLanguage\":\"fr-FR\",\"@id\":\"https:\/\/eurlhosnakamel.dz\/dz\/#\/schema\/logo\/image\/\",\"url\":\"https:\/\/eurlhosnakamel.dz\/wp-content\/uploads\/2020\/04\/LOGO-HOSNA1.png\",\"contentUrl\":\"https:\/\/eurlhosnakamel.dz\/wp-content\/uploads\/2020\/04\/LOGO-HOSNA1.png\",\"width\":120,\"height\":127,\"caption\":\"EURL HOSNA KAMEL - Bosch alg\u00e9rie\"},\"image\":{\"@id\":\"https:\/\/eurlhosnakamel.dz\/dz\/#\/schema\/logo\/image\/\"},\"sameAs\":[\"https:\/\/www.facebook.com\/Eurl.Hosna.DZ\/\"]}]}<\/script>\n<!-- \/ Yoast SEO plugin. -->","yoast_head_json":{"title":"OLEO MAC KIT ASPIRATION SOUFFLEUR BV 300 2001 A - EURL HOSNA KAMEL","description":"OLEO MAC KIT ASPIRATION SOUFFLEUR BV 300 2001 A - EURL HOSNA KAMEL","robots":{"index":"index","follow":"follow","max-snippet":"max-snippet:-1","max-image-preview":"max-image-preview:large","max-video-preview":"max-video-preview:-1"},"canonical":"https:\/\/eurlhosnakamel.dz\/dz\/produit\/oleo-mac-kit-aspiration-souffleur-bv-300-2001-a\/","og_locale":"fr_FR","og_type":"article","og_title":"OLEO MAC KIT ASPIRATION SOUFFLEUR BV 300 2001 A - EURL HOSNA KAMEL","og_description":"OLEO MAC KIT ASPIRATION SOUFFLEUR BV 300 2001 A - EURL HOSNA KAMEL","og_url":"https:\/\/eurlhosnakamel.dz\/dz\/produit\/oleo-mac-kit-aspiration-souffleur-bv-300-2001-a\/","og_site_name":"EURL HOSNA KAMEL","article_publisher":"https:\/\/www.facebook.com\/Eurl.Hosna.DZ\/","article_modified_time":"2020-04-19T19:22:12+00:00","og_image":[{"width":512,"height":512,"url":"https:\/\/eurlhosnakamel.dz\/dz\/wp-content\/uploads\/2020\/04\/OLEO-MAC-KIT-ASPIRATION-SOUFLEUR-BV300-2001A-eurl-hosna-kamel-algerie.jpg","type":"image\/jpeg"}],"twitter_card":"summary_large_image","twitter_misc":{"Dur\u00e9e de lecture estim\u00e9e":"1 minute"},"schema":{"@context":"https:\/\/schema.org","@graph":[{"@type":"WebPage","@id":"https:\/\/eurlhosnakamel.dz\/dz\/produit\/oleo-mac-kit-aspiration-souffleur-bv-300-2001-a\/","url":"https:\/\/eurlhosnakamel.dz\/dz\/produit\/oleo-mac-kit-aspiration-souffleur-bv-300-2001-a\/","name":"OLEO MAC KIT ASPIRATION SOUFFLEUR BV 300 2001 A - EURL HOSNA KAMEL","isPartOf":{"@id":"https:\/\/eurlhosnakamel.dz\/dz\/#website"},"primaryImageOfPage":{"@id":"https:\/\/eurlhosnakamel.dz\/dz\/produit\/oleo-mac-kit-aspiration-souffleur-bv-300-2001-a\/#primaryimage"},"image":{"@id":"https:\/\/eurlhosnakamel.dz\/dz\/produit\/oleo-mac-kit-aspiration-souffleur-bv-300-2001-a\/#primaryimage"},"thumbnailUrl":"https:\/\/eurlhosnakamel.dz\/dz\/wp-content\/uploads\/2020\/04\/OLEO-MAC-KIT-ASPIRATION-SOUFLEUR-BV300-2001A-eurl-hosna-kamel-algerie.jpg","datePublished":"2020-04-19T19:18:08+00:00","dateModified":"2020-04-19T19:22:12+00:00","description":"OLEO MAC KIT ASPIRATION SOUFFLEUR BV 300 2001 A - EURL HOSNA KAMEL","breadcrumb":{"@id":"https:\/\/eurlhosnakamel.dz\/dz\/produit\/oleo-mac-kit-aspiration-souffleur-bv-300-2001-a\/#breadcrumb"},"inLanguage":"fr-FR","potentialAction":[{"@type":"ReadAction","target":["https:\/\/eurlhosnakamel.dz\/dz\/produit\/oleo-mac-kit-aspiration-souffleur-bv-300-2001-a\/"]}]},{"@type":"ImageObject","inLanguage":"fr-FR","@id":"https:\/\/eurlhosnakamel.dz\/dz\/produit\/oleo-mac-kit-aspiration-souffleur-bv-300-2001-a\/#primaryimage","url":"https:\/\/eurlhosnakamel.dz\/dz\/wp-content\/uploads\/2020\/04\/OLEO-MAC-KIT-ASPIRATION-SOUFLEUR-BV300-2001A-eurl-hosna-kamel-algerie.jpg","contentUrl":"https:\/\/eurlhosnakamel.dz\/dz\/wp-content\/uploads\/2020\/04\/OLEO-MAC-KIT-ASPIRATION-SOUFLEUR-BV300-2001A-eurl-hosna-kamel-algerie.jpg","width":512,"height":512},{"@type":"BreadcrumbList","@id":"https:\/\/eurlhosnakamel.dz\/dz\/produit\/oleo-mac-kit-aspiration-souffleur-bv-300-2001-a\/#breadcrumb","itemListElement":[{"@type":"ListItem","position":1,"name":"Accueil","item":"https:\/\/eurlhosnakamel.dz\/dz\/"},{"@type":"ListItem","position":2,"name":"Shop","item":"https:\/\/eurlhosnakamel.dz\/dz\/shop\/"},{"@type":"ListItem","position":3,"name":"OLEO MAC KIT ASPIRATION SOUFFLEUR BV 300 2001 A"}]},{"@type":"WebSite","@id":"https:\/\/eurlhosnakamel.dz\/dz\/#website","url":"https:\/\/eurlhosnakamel.dz\/dz\/","name":"EURL HOSNA KAMEL","description":"Fournisseur Premium d&#039;Outillages Professionnels en Alg\u00e9rie -","publisher":{"@id":"https:\/\/eurlhosnakamel.dz\/dz\/#organization"},"potentialAction":[{"@type":"SearchAction","target":{"@type":"EntryPoint","urlTemplate":"https:\/\/eurlhosnakamel.dz\/dz\/?s={search_term_string}"},"query-input":"required name=search_term_string"}],"inLanguage":"fr-FR"},{"@type":"Organization","@id":"https:\/\/eurlhosnakamel.dz\/dz\/#organization","name":"EURL HOSNA KAMEL - Bosch alg\u00e9rie","url":"https:\/\/eurlhosnakamel.dz\/dz\/","logo":{"@type":"ImageObject","inLanguage":"fr-FR","@id":"https:\/\/eurlhosnakamel.dz\/dz\/#\/schema\/logo\/image\/","url":"https:\/\/eurlhosnakamel.dz\/wp-content\/uploads\/2020\/04\/LOGO-HOSNA1.png","contentUrl":"https:\/\/eurlhosnakamel.dz\/wp-content\/uploads\/2020\/04\/LOGO-HOSNA1.png","width":120,"height":127,"caption":"EURL HOSNA KAMEL - Bosch alg\u00e9rie"},"image":{"@id":"https:\/\/eurlhosnakamel.dz\/dz\/#\/schema\/logo\/image\/"},"sameAs":["https:\/\/www.facebook.com\/Eurl.Hosna.DZ\/"]}]}},"_links":{"self":[{"href":"https:\/\/eurlhosnakamel.dz\/dz\/wp-json\/wp\/v2\/product\/6417","targetHints":{"allow":["GET"]}}],"collection":[{"href":"https:\/\/eurlhosnakamel.dz\/dz\/wp-json\/wp\/v2\/product"}],"about":[{"href":"https:\/\/eurlhosnakamel.dz\/dz\/wp-json\/wp\/v2\/types\/product"}],"wp:featuredmedia":[{"embeddable":true,"href":"https:\/\/eurlhosnakamel.dz\/dz\/wp-json\/wp\/v2\/media\/6419"}],"wp:attachment":[{"href":"https:\/\/eurlhosnakamel.dz\/dz\/wp-json\/wp\/v2\/media?parent=6417"}],"wp:term":[{"taxonomy":"product_cat","embeddable":true,"href":"https:\/\/eurlhosnakamel.dz\/dz\/wp-json\/wp\/v2\/product_cat?post=6417"},{"taxonomy":"product_tag","embeddable":true,"href":"https:\/\/eurlhosnakamel.dz\/dz\/wp-json\/wp\/v2\/product_tag?post=6417"}],"curies":[{"name":"wp","href":"https:\/\/api.w.org\/{rel}","templated":true}]}}