{"id":6563,"date":"2020-04-20T14:39:44","date_gmt":"2020-04-20T14:39:44","guid":{"rendered":"https:\/\/lhchosting.com\/hosna\/?post_type=product&#038;p=6563"},"modified":"2020-04-20T14:39:44","modified_gmt":"2020-04-20T14:39:44","slug":"ada-wheel-1000m-metre-roulante-digital-art-n00417","status":"publish","type":"product","link":"https:\/\/eurlhosnakamel.dz\/dz\/produit\/ada-wheel-1000m-metre-roulante-digital-art-n00417\/","title":{"rendered":"ADA WHEEL 1000M METRE ROULANTE  DIGITAL ART N\u00b000417"},"content":{"rendered":"<p><strong>Roue de mesure \u00e9lectronique routi\u00e8re ADA Wheel 1000 Digital est l&#8217;instrument de mesure de distance.\u00a0Les roues de route sont utilis\u00e9es dans la construction de routes, en STSI, pour la planification et la cartographie, lors de la mesure de la distance des lignes de communication ext\u00e9rieures, pour les lev\u00e9s cadastraux.<\/strong><\/p>\n<p><strong>ADA Wheel 1000 Digital est un instrument de mesure num\u00e9rique utilis\u00e9 pour des mesures de distance rapides et pr\u00e9cises dans toutes les conditions m\u00e9t\u00e9orologiques.\u00a0Rempla\u00e7ant le ruban \u00e0 mesurer et la roue de mesure m\u00e9canique, il mesure les distances et affiche les r\u00e9sultats au format num\u00e9rique.\u00a0Un tour de roue est de 1000 cm.\u00a0La quantit\u00e9 de tours est calcul\u00e9e \u00e0 l&#8217;aide d&#8217;un capteur \u00e9lectronique.\u00a0Pas de roues dent\u00e9es et pi\u00e8ces d&#8217;usure.<\/strong><\/p>\n<p><strong>Les r\u00e9sultats peuvent \u00eatre enregistr\u00e9s \u00e0 l&#8217;\u00e9cran et enregistr\u00e9s dans la m\u00e9moire de l&#8217;instrument.\u00a0La poign\u00e9e t\u00e9lescopique se d\u00e9plie tr\u00e8s rapidement en condition de fonctionnement.\u00a0La poign\u00e9e est fix\u00e9e avec des clips.\u00a0La roue pli\u00e9e est tr\u00e8s pratique pour le transport sur le chantier.\u00a0Il a une plaque de marche en m\u00e9tal d\u00e9roulant pour le positionnement vertical de la roue pendant les pauses.\u00a0<\/strong><\/p>\n<p><strong>Les valeurs mesur\u00e9es sont enregistr\u00e9es dans la m\u00e9moire de l&#8217;instrument.\u00a0Il est possible de m\u00e9moriser 5 valeurs maximum.<\/strong><br \/>\n<strong>Affichage d&#8217;une roue de mesure routi\u00e8re ADA Wheel 1000 Digital dispose d&#8217;un \u00e9clairage lumineux.\u00a0L&#8217;\u00e9clairage est n\u00e9cessaire pour un fonctionnement de nuit, dans les tunnels, ares ferm\u00e9es (chambre).<\/strong><\/p>\n<p><strong>La poign\u00e9e de la roue de mesure comporte des encoches pour les doigts. Il vous offre une adh\u00e9rence s\u00fbre dans les gants. La poign\u00e9e ne glisse pas.<\/strong><\/p>\n<p><strong>Avantages:<\/strong><\/p>\n<ul>\n<li><strong>affichage num\u00e9rique avec \u00e9clairage sur la poign\u00e9e<\/strong><\/li>\n<li><strong>mesure et stockage de la longueur dans la m\u00e9moire, maximum 5 valeurs<\/strong><\/li>\n<li><strong>poign\u00e9e pliante pour un transport et un stockage pratiques<\/strong><\/li>\n<li><strong>design ergonomique et stable<\/strong><\/li>\n<\/ul>\n","protected":false},"excerpt":{"rendered":"<h1>ADA Wheel 1000 Digital<\/h1>\n<h2>Caract\u00e9ristiques<\/h2>\n<table width=\"672\">\n<tbody>\n<tr>\n<td>Maximum distance, cm<\/td>\n<td>10000<\/td>\n<\/tr>\n<tr>\n<td>Minimum distance, cm<\/td>\n<td>10<\/td>\n<\/tr>\n<tr>\n<td>Contre-marche minimum, cm<\/td>\n<td>10<\/td>\n<\/tr>\n<tr>\n<td>Diam\u00e8tre de la roue.\u00a0cm<\/td>\n<td>31,9<\/td>\n<\/tr>\n<tr>\n<td>Diam\u00e8tre circulaire.\u00a0cm<\/td>\n<td>100<\/td>\n<\/tr>\n<\/tbody>\n<\/table>\n","protected":false},"featured_media":6565,"template":"","meta":[],"product_cat":[457],"product_tag":[1323],"class_list":{"0":"post-6563","1":"product","2":"type-product","3":"status-publish","4":"has-post-thumbnail","6":"product_cat-instruments-de-mesure","7":"product_tag-ada-wheel-1000m-metre-roulante-digital-art-n00417","8":"product_brand-ada","10":"first","11":"instock","12":"shipping-taxable","13":"product-type-simple","14":"col-xs-6 col-sm-4","15":"col-md-3 col-lg-3","16":"un-4-cols"},"yoast_head":"<!-- This site is optimized with the Yoast SEO plugin v22.5 - https:\/\/yoast.com\/wordpress\/plugins\/seo\/ -->\n<title>ADA WHEEL 1000M METRE ROULANTE DIGITAL ART N\u00b000417 - EURL HOSNA KAMEL<\/title>\n<meta name=\"description\" content=\"ADA WHEEL 1000M METRE ROULANTE DIGITAL ART N\u00b000417 - EURL HOSNA KAMEL\" \/>\n<meta name=\"robots\" content=\"index, follow, max-snippet:-1, max-image-preview:large, max-video-preview:-1\" \/>\n<link rel=\"canonical\" href=\"https:\/\/eurlhosnakamel.dz\/dz\/produit\/ada-wheel-1000m-metre-roulante-digital-art-n00417\/\" \/>\n<meta property=\"og:locale\" content=\"fr_FR\" \/>\n<meta property=\"og:type\" content=\"article\" \/>\n<meta property=\"og:title\" content=\"ADA WHEEL 1000M METRE ROULANTE DIGITAL ART N\u00b000417 - EURL HOSNA KAMEL\" \/>\n<meta property=\"og:description\" content=\"ADA WHEEL 1000M METRE ROULANTE DIGITAL ART N\u00b000417 - EURL HOSNA KAMEL\" \/>\n<meta property=\"og:url\" content=\"https:\/\/eurlhosnakamel.dz\/dz\/produit\/ada-wheel-1000m-metre-roulante-digital-art-n00417\/\" \/>\n<meta property=\"og:site_name\" content=\"EURL HOSNA KAMEL\" \/>\n<meta property=\"article:publisher\" content=\"https:\/\/www.facebook.com\/Eurl.Hosna.DZ\/\" \/>\n<meta property=\"og:image\" content=\"https:\/\/eurlhosnakamel.dz\/dz\/wp-content\/uploads\/2020\/04\/2ADA-WHEEL-1000M-METRE-ROULANTE-DIGITAL-ART-N00417eurl-hosna-kamel-algerie.jpg\" \/>\n\t<meta property=\"og:image:width\" content=\"512\" \/>\n\t<meta property=\"og:image:height\" content=\"512\" \/>\n\t<meta property=\"og:image:type\" content=\"image\/jpeg\" \/>\n<meta name=\"twitter:card\" content=\"summary_large_image\" \/>\n<meta name=\"twitter:label1\" content=\"Dur\u00e9e de lecture estim\u00e9e\" \/>\n\t<meta name=\"twitter:data1\" content=\"2 minutes\" \/>\n<script type=\"application\/ld+json\" class=\"yoast-schema-graph\">{\"@context\":\"https:\/\/schema.org\",\"@graph\":[{\"@type\":\"WebPage\",\"@id\":\"https:\/\/eurlhosnakamel.dz\/dz\/produit\/ada-wheel-1000m-metre-roulante-digital-art-n00417\/\",\"url\":\"https:\/\/eurlhosnakamel.dz\/dz\/produit\/ada-wheel-1000m-metre-roulante-digital-art-n00417\/\",\"name\":\"ADA WHEEL 1000M METRE ROULANTE DIGITAL ART N\u00b000417 - EURL HOSNA KAMEL\",\"isPartOf\":{\"@id\":\"https:\/\/eurlhosnakamel.dz\/dz\/#website\"},\"primaryImageOfPage\":{\"@id\":\"https:\/\/eurlhosnakamel.dz\/dz\/produit\/ada-wheel-1000m-metre-roulante-digital-art-n00417\/#primaryimage\"},\"image\":{\"@id\":\"https:\/\/eurlhosnakamel.dz\/dz\/produit\/ada-wheel-1000m-metre-roulante-digital-art-n00417\/#primaryimage\"},\"thumbnailUrl\":\"https:\/\/eurlhosnakamel.dz\/dz\/wp-content\/uploads\/2020\/04\/2ADA-WHEEL-1000M-METRE-ROULANTE-DIGITAL-ART-N00417eurl-hosna-kamel-algerie.jpg\",\"datePublished\":\"2020-04-20T14:39:44+00:00\",\"dateModified\":\"2020-04-20T14:39:44+00:00\",\"description\":\"ADA WHEEL 1000M METRE ROULANTE DIGITAL ART N\u00b000417 - EURL HOSNA KAMEL\",\"breadcrumb\":{\"@id\":\"https:\/\/eurlhosnakamel.dz\/dz\/produit\/ada-wheel-1000m-metre-roulante-digital-art-n00417\/#breadcrumb\"},\"inLanguage\":\"fr-FR\",\"potentialAction\":[{\"@type\":\"ReadAction\",\"target\":[\"https:\/\/eurlhosnakamel.dz\/dz\/produit\/ada-wheel-1000m-metre-roulante-digital-art-n00417\/\"]}]},{\"@type\":\"ImageObject\",\"inLanguage\":\"fr-FR\",\"@id\":\"https:\/\/eurlhosnakamel.dz\/dz\/produit\/ada-wheel-1000m-metre-roulante-digital-art-n00417\/#primaryimage\",\"url\":\"https:\/\/eurlhosnakamel.dz\/dz\/wp-content\/uploads\/2020\/04\/2ADA-WHEEL-1000M-METRE-ROULANTE-DIGITAL-ART-N00417eurl-hosna-kamel-algerie.jpg\",\"contentUrl\":\"https:\/\/eurlhosnakamel.dz\/dz\/wp-content\/uploads\/2020\/04\/2ADA-WHEEL-1000M-METRE-ROULANTE-DIGITAL-ART-N00417eurl-hosna-kamel-algerie.jpg\",\"width\":512,\"height\":512},{\"@type\":\"BreadcrumbList\",\"@id\":\"https:\/\/eurlhosnakamel.dz\/dz\/produit\/ada-wheel-1000m-metre-roulante-digital-art-n00417\/#breadcrumb\",\"itemListElement\":[{\"@type\":\"ListItem\",\"position\":1,\"name\":\"Accueil\",\"item\":\"https:\/\/eurlhosnakamel.dz\/dz\/\"},{\"@type\":\"ListItem\",\"position\":2,\"name\":\"Shop\",\"item\":\"https:\/\/eurlhosnakamel.dz\/dz\/shop\/\"},{\"@type\":\"ListItem\",\"position\":3,\"name\":\"ADA WHEEL 1000M METRE ROULANTE DIGITAL ART N\u00b000417\"}]},{\"@type\":\"WebSite\",\"@id\":\"https:\/\/eurlhosnakamel.dz\/dz\/#website\",\"url\":\"https:\/\/eurlhosnakamel.dz\/dz\/\",\"name\":\"EURL HOSNA KAMEL\",\"description\":\"Fournisseur Premium d&#039;Outillages Professionnels en Alg\u00e9rie -\",\"publisher\":{\"@id\":\"https:\/\/eurlhosnakamel.dz\/dz\/#organization\"},\"potentialAction\":[{\"@type\":\"SearchAction\",\"target\":{\"@type\":\"EntryPoint\",\"urlTemplate\":\"https:\/\/eurlhosnakamel.dz\/dz\/?s={search_term_string}\"},\"query-input\":\"required name=search_term_string\"}],\"inLanguage\":\"fr-FR\"},{\"@type\":\"Organization\",\"@id\":\"https:\/\/eurlhosnakamel.dz\/dz\/#organization\",\"name\":\"EURL HOSNA KAMEL - Bosch alg\u00e9rie\",\"url\":\"https:\/\/eurlhosnakamel.dz\/dz\/\",\"logo\":{\"@type\":\"ImageObject\",\"inLanguage\":\"fr-FR\",\"@id\":\"https:\/\/eurlhosnakamel.dz\/dz\/#\/schema\/logo\/image\/\",\"url\":\"https:\/\/eurlhosnakamel.dz\/wp-content\/uploads\/2020\/04\/LOGO-HOSNA1.png\",\"contentUrl\":\"https:\/\/eurlhosnakamel.dz\/wp-content\/uploads\/2020\/04\/LOGO-HOSNA1.png\",\"width\":120,\"height\":127,\"caption\":\"EURL HOSNA KAMEL - Bosch alg\u00e9rie\"},\"image\":{\"@id\":\"https:\/\/eurlhosnakamel.dz\/dz\/#\/schema\/logo\/image\/\"},\"sameAs\":[\"https:\/\/www.facebook.com\/Eurl.Hosna.DZ\/\"]}]}<\/script>\n<!-- \/ Yoast SEO plugin. -->","yoast_head_json":{"title":"ADA WHEEL 1000M METRE ROULANTE DIGITAL ART N\u00b000417 - EURL HOSNA KAMEL","description":"ADA WHEEL 1000M METRE ROULANTE DIGITAL ART N\u00b000417 - EURL HOSNA KAMEL","robots":{"index":"index","follow":"follow","max-snippet":"max-snippet:-1","max-image-preview":"max-image-preview:large","max-video-preview":"max-video-preview:-1"},"canonical":"https:\/\/eurlhosnakamel.dz\/dz\/produit\/ada-wheel-1000m-metre-roulante-digital-art-n00417\/","og_locale":"fr_FR","og_type":"article","og_title":"ADA WHEEL 1000M METRE ROULANTE DIGITAL ART N\u00b000417 - EURL HOSNA KAMEL","og_description":"ADA WHEEL 1000M METRE ROULANTE DIGITAL ART N\u00b000417 - EURL HOSNA KAMEL","og_url":"https:\/\/eurlhosnakamel.dz\/dz\/produit\/ada-wheel-1000m-metre-roulante-digital-art-n00417\/","og_site_name":"EURL HOSNA KAMEL","article_publisher":"https:\/\/www.facebook.com\/Eurl.Hosna.DZ\/","og_image":[{"width":512,"height":512,"url":"https:\/\/eurlhosnakamel.dz\/dz\/wp-content\/uploads\/2020\/04\/2ADA-WHEEL-1000M-METRE-ROULANTE-DIGITAL-ART-N00417eurl-hosna-kamel-algerie.jpg","type":"image\/jpeg"}],"twitter_card":"summary_large_image","twitter_misc":{"Dur\u00e9e de lecture estim\u00e9e":"2 minutes"},"schema":{"@context":"https:\/\/schema.org","@graph":[{"@type":"WebPage","@id":"https:\/\/eurlhosnakamel.dz\/dz\/produit\/ada-wheel-1000m-metre-roulante-digital-art-n00417\/","url":"https:\/\/eurlhosnakamel.dz\/dz\/produit\/ada-wheel-1000m-metre-roulante-digital-art-n00417\/","name":"ADA WHEEL 1000M METRE ROULANTE DIGITAL ART N\u00b000417 - EURL HOSNA KAMEL","isPartOf":{"@id":"https:\/\/eurlhosnakamel.dz\/dz\/#website"},"primaryImageOfPage":{"@id":"https:\/\/eurlhosnakamel.dz\/dz\/produit\/ada-wheel-1000m-metre-roulante-digital-art-n00417\/#primaryimage"},"image":{"@id":"https:\/\/eurlhosnakamel.dz\/dz\/produit\/ada-wheel-1000m-metre-roulante-digital-art-n00417\/#primaryimage"},"thumbnailUrl":"https:\/\/eurlhosnakamel.dz\/dz\/wp-content\/uploads\/2020\/04\/2ADA-WHEEL-1000M-METRE-ROULANTE-DIGITAL-ART-N00417eurl-hosna-kamel-algerie.jpg","datePublished":"2020-04-20T14:39:44+00:00","dateModified":"2020-04-20T14:39:44+00:00","description":"ADA WHEEL 1000M METRE ROULANTE DIGITAL ART N\u00b000417 - EURL HOSNA KAMEL","breadcrumb":{"@id":"https:\/\/eurlhosnakamel.dz\/dz\/produit\/ada-wheel-1000m-metre-roulante-digital-art-n00417\/#breadcrumb"},"inLanguage":"fr-FR","potentialAction":[{"@type":"ReadAction","target":["https:\/\/eurlhosnakamel.dz\/dz\/produit\/ada-wheel-1000m-metre-roulante-digital-art-n00417\/"]}]},{"@type":"ImageObject","inLanguage":"fr-FR","@id":"https:\/\/eurlhosnakamel.dz\/dz\/produit\/ada-wheel-1000m-metre-roulante-digital-art-n00417\/#primaryimage","url":"https:\/\/eurlhosnakamel.dz\/dz\/wp-content\/uploads\/2020\/04\/2ADA-WHEEL-1000M-METRE-ROULANTE-DIGITAL-ART-N00417eurl-hosna-kamel-algerie.jpg","contentUrl":"https:\/\/eurlhosnakamel.dz\/dz\/wp-content\/uploads\/2020\/04\/2ADA-WHEEL-1000M-METRE-ROULANTE-DIGITAL-ART-N00417eurl-hosna-kamel-algerie.jpg","width":512,"height":512},{"@type":"BreadcrumbList","@id":"https:\/\/eurlhosnakamel.dz\/dz\/produit\/ada-wheel-1000m-metre-roulante-digital-art-n00417\/#breadcrumb","itemListElement":[{"@type":"ListItem","position":1,"name":"Accueil","item":"https:\/\/eurlhosnakamel.dz\/dz\/"},{"@type":"ListItem","position":2,"name":"Shop","item":"https:\/\/eurlhosnakamel.dz\/dz\/shop\/"},{"@type":"ListItem","position":3,"name":"ADA WHEEL 1000M METRE ROULANTE DIGITAL ART N\u00b000417"}]},{"@type":"WebSite","@id":"https:\/\/eurlhosnakamel.dz\/dz\/#website","url":"https:\/\/eurlhosnakamel.dz\/dz\/","name":"EURL HOSNA KAMEL","description":"Fournisseur Premium d&#039;Outillages Professionnels en Alg\u00e9rie -","publisher":{"@id":"https:\/\/eurlhosnakamel.dz\/dz\/#organization"},"potentialAction":[{"@type":"SearchAction","target":{"@type":"EntryPoint","urlTemplate":"https:\/\/eurlhosnakamel.dz\/dz\/?s={search_term_string}"},"query-input":"required name=search_term_string"}],"inLanguage":"fr-FR"},{"@type":"Organization","@id":"https:\/\/eurlhosnakamel.dz\/dz\/#organization","name":"EURL HOSNA KAMEL - Bosch alg\u00e9rie","url":"https:\/\/eurlhosnakamel.dz\/dz\/","logo":{"@type":"ImageObject","inLanguage":"fr-FR","@id":"https:\/\/eurlhosnakamel.dz\/dz\/#\/schema\/logo\/image\/","url":"https:\/\/eurlhosnakamel.dz\/wp-content\/uploads\/2020\/04\/LOGO-HOSNA1.png","contentUrl":"https:\/\/eurlhosnakamel.dz\/wp-content\/uploads\/2020\/04\/LOGO-HOSNA1.png","width":120,"height":127,"caption":"EURL HOSNA KAMEL - Bosch alg\u00e9rie"},"image":{"@id":"https:\/\/eurlhosnakamel.dz\/dz\/#\/schema\/logo\/image\/"},"sameAs":["https:\/\/www.facebook.com\/Eurl.Hosna.DZ\/"]}]}},"_links":{"self":[{"href":"https:\/\/eurlhosnakamel.dz\/dz\/wp-json\/wp\/v2\/product\/6563","targetHints":{"allow":["GET"]}}],"collection":[{"href":"https:\/\/eurlhosnakamel.dz\/dz\/wp-json\/wp\/v2\/product"}],"about":[{"href":"https:\/\/eurlhosnakamel.dz\/dz\/wp-json\/wp\/v2\/types\/product"}],"wp:featuredmedia":[{"embeddable":true,"href":"https:\/\/eurlhosnakamel.dz\/dz\/wp-json\/wp\/v2\/media\/6565"}],"wp:attachment":[{"href":"https:\/\/eurlhosnakamel.dz\/dz\/wp-json\/wp\/v2\/media?parent=6563"}],"wp:term":[{"taxonomy":"product_cat","embeddable":true,"href":"https:\/\/eurlhosnakamel.dz\/dz\/wp-json\/wp\/v2\/product_cat?post=6563"},{"taxonomy":"product_tag","embeddable":true,"href":"https:\/\/eurlhosnakamel.dz\/dz\/wp-json\/wp\/v2\/product_tag?post=6563"}],"curies":[{"name":"wp","href":"https:\/\/api.w.org\/{rel}","templated":true}]}}