{"id":6583,"date":"2020-04-20T14:51:45","date_gmt":"2020-04-20T14:51:45","guid":{"rendered":"https:\/\/lhchosting.com\/hosna\/?post_type=product&#038;p=6583"},"modified":"2020-04-20T14:51:45","modified_gmt":"2020-04-20T14:51:45","slug":"ada-cube-mini-00461-462","status":"publish","type":"product","link":"https:\/\/eurlhosnakamel.dz\/dz\/produit\/ada-cube-mini-00461-462\/","title":{"rendered":"ADA CUBE MINI 00461\/462"},"content":{"rendered":"<p><strong>ADA CUBE 3D<\/strong>\u00a0est le\u00a0niveau laser le\u00a0plus compact avec deux lignes verticales et\u00a0une ligne horizontale. Avec ADA Cube 3D\u00a0vous pouvez faire tout travail avec le\u00a0marquage : pour accrocher une \u00e9tag\u00e8re ou\u00a0un\u00a0tableau sur le\u00a0mur, coller le\u00a0papier peint, poser le\u00a0c\u00e2blage, installer des glissi\u00e8res pour un\u00a0faux plafond et\u00a0ainsi de\u00a0suite.<\/p>\n<p><strong>MARQUAGE VERTICALE.<\/strong>\u00a0Avec des lignes verticales qui se\u00a0croisent \u00e0\u00a090 \u00b0, vous pouvez planifier rapidement la\u00a0division des locaux, la\u00a0construction des cloisons, poser des carreaux de\u00a0sol etc. Des lignes laser montreront la\u00a0position des murs futurs. En\u00a0changeant la\u00a0position du\u00a0niveau, vous pouvez estimer rapidement la\u00a0taille de\u00a0l\u2019immeuble pr\u00e9vu.<\/p>\n<p><strong>\u00c9CONOMIE DE\u00a0CHARGE DES BATTERIES.<\/strong>\u00a0Des lignes laser non utilis\u00e9es peuvent \u00eatre d\u00e9sactiv\u00e9es pour \u00e9conomiser l\u2019\u00e9nergie des batteries. \u00c0\u00a0cet effet, le\u00a0bouton de\u00a0s\u00e9lection des rayons est situ\u00e9 sur le\u00a0bord lat\u00e9ral. Options de\u00a0marquage : une ligne horizontale et\u00a0deux lignes verticales, une seule ligne verticale, ou\u00a0seulement une ligne horizontale et\u00a0verticale (croix laser). Si\u00a0la\u00a0charge de\u00a0batterie ne\u00a0suffit pas pour le\u00a0niveau de\u00a0travail, les \u00e9metteurs laser clignotent souvent.<\/p>\n<p><strong>BO\u00ceTIER EXTRA-FORT.<\/strong>\u00a0Le\u00a0bo\u00eetier est r\u00e9alis\u00e9 sous la\u00a0forme d\u2019un cube. La\u00a0taille de\u00a0parement est seulement 6,5\u00a0cm. Les pi\u00e8ces en\u00a0caoutchouc prot\u00e9geront l\u2019instrument contre les dommages. En\u00a0raison de\u00a0la\u00a0surface nervur\u00e9e, le\u00a0dispositif ne\u00a0glisse pas de\u00a0vos mains.<\/p>\n<p><strong>FONCTIONNEMENT SIMPLE.\u00a0<\/strong>Activation et\u00a0d\u00e9verrouillage avec un\u00a0seul bouton. Le\u00a0pendule aligne rapidement la\u00a0position verticale. L\u2019\u00e9cart maximal de\u00a0l\u2019axe vertical est de\u00a03 \u00b0. Lors de\u00a0d\u00e9viation, le\u00a0signal sonore est activ\u00e9. Le\u00a0filetage de\u00a01\/4\u2033 sur le\u00a0bord inf\u00e9rieur de\u00a0l\u2019appareil vous permet l\u2019installer sur un\u00a0tr\u00e9pied ou\u00a0un\u00a0support universel.<\/p>\n<p><strong>FIXATION UNIVERSELLE<\/strong><strong>\u00a0ADA Universal Clamp<\/strong><strong>(contenu de\u00a0la\u00a0livraison Home, Ultimate)<\/strong>. Une tige en\u00a0acier robuste avec vis rotative pour fixation \u00e0\u00a0la\u00a0surface \u00e0\u00a0n\u2019importe quel angle. N\u2019importe quels points d\u2019ancrage : porte, radiateur, poign\u00e9e de\u00a0fen\u00eatre, porte de\u00a0l\u2019armoire, rampes d\u2019escalier, table, escabeaux, etc. Des pinces de\u00a0montage universel sont \u00e9quip\u00e9es de\u00a0doublure douce, de\u00a0sorte qu\u2019elles ne\u00a0laissent aucune trace sur les surfaces. En\u00a0utilisant une d\u00e9coupe sp\u00e9ciale, la\u00a0monture peut \u00eatre accroch\u00e9e sur une vis.<\/p>\n<p><strong>TR\u00c9PIED<\/strong>\u00a0<strong>D\u2019\u00c9L\u00c9VATION<\/strong><strong>(contenu de\u00a0la\u00a0livraison Professional, Ultimate)<\/strong>. Un\u00a0tr\u00e9pied l\u00e9ger en\u00a0aluminium avec la\u00a0colonne t\u00e9lescopique pour r\u00e9gler le\u00a0niveau \u00e0\u00a0une hauteur de\u00a035\u00a0\u00e0 110\u00a0cm. Avec une partie de\u00a0levage, la\u00a0hauteur peut \u00eatre r\u00e9gl\u00e9e dans une plage de\u00a025\u00a0cm. Le\u00a0tr\u00e9pied vous permet de\u00a0d\u00e9finir rapidement le\u00a0niveau \u00e0\u00a0la\u00a0hauteur souhait\u00e9e n\u2019importe o\u00f9.<\/p>\n<p><strong>LUNETTES<\/strong>\u00a0<strong>LASER<\/strong><strong>(contenu de\u00a0la\u00a0livraison Ultimate)<\/strong><strong>.\u00a0<\/strong>N\u00e9cessaires pour am\u00e9liorer la\u00a0visibilit\u00e9 du\u00a0faisceau laser. En\u00a0particulier lorsque le\u00a0faisceau laser est visible, mais tr\u00e8s mal. Par exemple, en\u00a0pleine lumi\u00e8re du\u00a0jour.<\/p>\n<p><strong>BO\u00ceTIER EN\u00a0PLASTIQUE(contenu de\u00a0la\u00a0livraison Ultimate).\u00a0<\/strong>Le\u00a0bo\u00eetier en\u00a0plastique dur pour le\u00a0stockage et\u00a0le\u00a0transport facile de\u00a0l\u2019ensemble complet. Tout est \u00e0\u00a0port\u00e9e de\u00a0main.<\/p>\n","protected":false},"excerpt":{"rendered":"<h1>Instrument de nivellement laser ADA CUBE 3D PROFESSIONAL EDITION<\/h1>\n<table>\n<tbody>\n<tr>\n<td>Port\u00e9e de\u00a0fonctionnement<\/td>\n<td>20\u00a0m<\/td>\n<\/tr>\n<tr>\n<td>Pr\u00e9cision<\/td>\n<td>\u00b1 0,2\u00a0mm\/m<\/td>\n<\/tr>\n<tr>\n<td>Projection laser<\/td>\n<td>3\u00a0lignes<\/td>\n<\/tr>\n<tr>\n<td>Filetage du\u00a0tr\u00e9pied<\/td>\n<td>1\/4\u2033<\/td>\n<\/tr>\n<tr>\n<td>Classe de\u00a0l\u2019\u00e9metteur laser<\/td>\n<td>2<\/td>\n<\/tr>\n<tr>\n<td>Diode laser<\/td>\n<td>635\u00a0nm, &lt; 1\u00a0mWt<\/td>\n<\/tr>\n<tr>\n<td>Protection contre les poussi\u00e8res et\u00a0l\u2019humidit\u00e9<\/td>\n<td>IP\u00a054<\/td>\n<\/tr>\n<tr>\n<td>Alimentation<\/td>\n<td>3\u00a0piles \u0410\u0410\u0410\u00a0\/ 1.5\u00a0V<\/td>\n<\/tr>\n<tr>\n<td>Dimensions<\/td>\n<td>65\u00d765\u00d765\u00a0mm<\/td>\n<\/tr>\n<tr>\n<td>Poids<\/td>\n<td>0,24\u00a0kg<\/td>\n<\/tr>\n<\/tbody>\n<\/table>\n","protected":false},"featured_media":6585,"template":"","meta":[],"product_cat":[457],"product_tag":[1327],"class_list":{"0":"post-6583","1":"product","2":"type-product","3":"status-publish","4":"has-post-thumbnail","6":"product_cat-instruments-de-mesure","7":"product_tag-ada-cube-mini-00461-462","8":"product_brand-ada","10":"first","11":"instock","12":"shipping-taxable","13":"product-type-simple","14":"col-xs-6 col-sm-4","15":"col-md-3 col-lg-3","16":"un-4-cols"},"yoast_head":"<!-- This site is optimized with the Yoast SEO plugin v22.5 - https:\/\/yoast.com\/wordpress\/plugins\/seo\/ -->\n<title>ADA CUBE MINI 00461\/462 - EURL HOSNA KAMEL<\/title>\n<meta name=\"description\" content=\"ADA CUBE MINI 00461\/462 - EURL HOSNA KAMEL\" \/>\n<meta name=\"robots\" content=\"index, follow, max-snippet:-1, max-image-preview:large, max-video-preview:-1\" \/>\n<link rel=\"canonical\" href=\"https:\/\/eurlhosnakamel.dz\/dz\/produit\/ada-cube-mini-00461-462\/\" \/>\n<meta property=\"og:locale\" content=\"fr_FR\" \/>\n<meta property=\"og:type\" content=\"article\" \/>\n<meta property=\"og:title\" content=\"ADA CUBE MINI 00461\/462 - EURL HOSNA KAMEL\" \/>\n<meta property=\"og:description\" content=\"ADA CUBE MINI 00461\/462 - EURL HOSNA KAMEL\" \/>\n<meta property=\"og:url\" content=\"https:\/\/eurlhosnakamel.dz\/dz\/produit\/ada-cube-mini-00461-462\/\" \/>\n<meta property=\"og:site_name\" content=\"EURL HOSNA KAMEL\" \/>\n<meta property=\"article:publisher\" content=\"https:\/\/www.facebook.com\/Eurl.Hosna.DZ\/\" \/>\n<meta property=\"og:image\" content=\"https:\/\/eurlhosnakamel.dz\/dz\/wp-content\/uploads\/2020\/04\/4ADA-CUBE-MINI-00461-462eurl-hosna-kamel-algerie.jpg\" \/>\n\t<meta property=\"og:image:width\" content=\"512\" \/>\n\t<meta property=\"og:image:height\" content=\"512\" \/>\n\t<meta property=\"og:image:type\" content=\"image\/jpeg\" \/>\n<meta name=\"twitter:card\" content=\"summary_large_image\" \/>\n<meta name=\"twitter:label1\" content=\"Dur\u00e9e de lecture estim\u00e9e\" \/>\n\t<meta name=\"twitter:data1\" content=\"3 minutes\" \/>\n<script type=\"application\/ld+json\" class=\"yoast-schema-graph\">{\"@context\":\"https:\/\/schema.org\",\"@graph\":[{\"@type\":\"WebPage\",\"@id\":\"https:\/\/eurlhosnakamel.dz\/dz\/produit\/ada-cube-mini-00461-462\/\",\"url\":\"https:\/\/eurlhosnakamel.dz\/dz\/produit\/ada-cube-mini-00461-462\/\",\"name\":\"ADA CUBE MINI 00461\/462 - EURL HOSNA KAMEL\",\"isPartOf\":{\"@id\":\"https:\/\/eurlhosnakamel.dz\/dz\/#website\"},\"primaryImageOfPage\":{\"@id\":\"https:\/\/eurlhosnakamel.dz\/dz\/produit\/ada-cube-mini-00461-462\/#primaryimage\"},\"image\":{\"@id\":\"https:\/\/eurlhosnakamel.dz\/dz\/produit\/ada-cube-mini-00461-462\/#primaryimage\"},\"thumbnailUrl\":\"https:\/\/eurlhosnakamel.dz\/dz\/wp-content\/uploads\/2020\/04\/4ADA-CUBE-MINI-00461-462eurl-hosna-kamel-algerie.jpg\",\"datePublished\":\"2020-04-20T14:51:45+00:00\",\"dateModified\":\"2020-04-20T14:51:45+00:00\",\"description\":\"ADA CUBE MINI 00461\/462 - EURL HOSNA KAMEL\",\"breadcrumb\":{\"@id\":\"https:\/\/eurlhosnakamel.dz\/dz\/produit\/ada-cube-mini-00461-462\/#breadcrumb\"},\"inLanguage\":\"fr-FR\",\"potentialAction\":[{\"@type\":\"ReadAction\",\"target\":[\"https:\/\/eurlhosnakamel.dz\/dz\/produit\/ada-cube-mini-00461-462\/\"]}]},{\"@type\":\"ImageObject\",\"inLanguage\":\"fr-FR\",\"@id\":\"https:\/\/eurlhosnakamel.dz\/dz\/produit\/ada-cube-mini-00461-462\/#primaryimage\",\"url\":\"https:\/\/eurlhosnakamel.dz\/dz\/wp-content\/uploads\/2020\/04\/4ADA-CUBE-MINI-00461-462eurl-hosna-kamel-algerie.jpg\",\"contentUrl\":\"https:\/\/eurlhosnakamel.dz\/dz\/wp-content\/uploads\/2020\/04\/4ADA-CUBE-MINI-00461-462eurl-hosna-kamel-algerie.jpg\",\"width\":512,\"height\":512},{\"@type\":\"BreadcrumbList\",\"@id\":\"https:\/\/eurlhosnakamel.dz\/dz\/produit\/ada-cube-mini-00461-462\/#breadcrumb\",\"itemListElement\":[{\"@type\":\"ListItem\",\"position\":1,\"name\":\"Accueil\",\"item\":\"https:\/\/eurlhosnakamel.dz\/dz\/\"},{\"@type\":\"ListItem\",\"position\":2,\"name\":\"Shop\",\"item\":\"https:\/\/eurlhosnakamel.dz\/dz\/shop\/\"},{\"@type\":\"ListItem\",\"position\":3,\"name\":\"ADA CUBE MINI 00461\/462\"}]},{\"@type\":\"WebSite\",\"@id\":\"https:\/\/eurlhosnakamel.dz\/dz\/#website\",\"url\":\"https:\/\/eurlhosnakamel.dz\/dz\/\",\"name\":\"EURL HOSNA KAMEL\",\"description\":\"Fournisseur Premium d&#039;Outillages Professionnels en Alg\u00e9rie -\",\"publisher\":{\"@id\":\"https:\/\/eurlhosnakamel.dz\/dz\/#organization\"},\"potentialAction\":[{\"@type\":\"SearchAction\",\"target\":{\"@type\":\"EntryPoint\",\"urlTemplate\":\"https:\/\/eurlhosnakamel.dz\/dz\/?s={search_term_string}\"},\"query-input\":\"required name=search_term_string\"}],\"inLanguage\":\"fr-FR\"},{\"@type\":\"Organization\",\"@id\":\"https:\/\/eurlhosnakamel.dz\/dz\/#organization\",\"name\":\"EURL HOSNA KAMEL - Bosch alg\u00e9rie\",\"url\":\"https:\/\/eurlhosnakamel.dz\/dz\/\",\"logo\":{\"@type\":\"ImageObject\",\"inLanguage\":\"fr-FR\",\"@id\":\"https:\/\/eurlhosnakamel.dz\/dz\/#\/schema\/logo\/image\/\",\"url\":\"https:\/\/eurlhosnakamel.dz\/wp-content\/uploads\/2020\/04\/LOGO-HOSNA1.png\",\"contentUrl\":\"https:\/\/eurlhosnakamel.dz\/wp-content\/uploads\/2020\/04\/LOGO-HOSNA1.png\",\"width\":120,\"height\":127,\"caption\":\"EURL HOSNA KAMEL - Bosch alg\u00e9rie\"},\"image\":{\"@id\":\"https:\/\/eurlhosnakamel.dz\/dz\/#\/schema\/logo\/image\/\"},\"sameAs\":[\"https:\/\/www.facebook.com\/Eurl.Hosna.DZ\/\"]}]}<\/script>\n<!-- \/ Yoast SEO plugin. -->","yoast_head_json":{"title":"ADA CUBE MINI 00461\/462 - EURL HOSNA KAMEL","description":"ADA CUBE MINI 00461\/462 - EURL HOSNA KAMEL","robots":{"index":"index","follow":"follow","max-snippet":"max-snippet:-1","max-image-preview":"max-image-preview:large","max-video-preview":"max-video-preview:-1"},"canonical":"https:\/\/eurlhosnakamel.dz\/dz\/produit\/ada-cube-mini-00461-462\/","og_locale":"fr_FR","og_type":"article","og_title":"ADA CUBE MINI 00461\/462 - EURL HOSNA KAMEL","og_description":"ADA CUBE MINI 00461\/462 - EURL HOSNA KAMEL","og_url":"https:\/\/eurlhosnakamel.dz\/dz\/produit\/ada-cube-mini-00461-462\/","og_site_name":"EURL HOSNA KAMEL","article_publisher":"https:\/\/www.facebook.com\/Eurl.Hosna.DZ\/","og_image":[{"width":512,"height":512,"url":"https:\/\/eurlhosnakamel.dz\/dz\/wp-content\/uploads\/2020\/04\/4ADA-CUBE-MINI-00461-462eurl-hosna-kamel-algerie.jpg","type":"image\/jpeg"}],"twitter_card":"summary_large_image","twitter_misc":{"Dur\u00e9e de lecture estim\u00e9e":"3 minutes"},"schema":{"@context":"https:\/\/schema.org","@graph":[{"@type":"WebPage","@id":"https:\/\/eurlhosnakamel.dz\/dz\/produit\/ada-cube-mini-00461-462\/","url":"https:\/\/eurlhosnakamel.dz\/dz\/produit\/ada-cube-mini-00461-462\/","name":"ADA CUBE MINI 00461\/462 - EURL HOSNA KAMEL","isPartOf":{"@id":"https:\/\/eurlhosnakamel.dz\/dz\/#website"},"primaryImageOfPage":{"@id":"https:\/\/eurlhosnakamel.dz\/dz\/produit\/ada-cube-mini-00461-462\/#primaryimage"},"image":{"@id":"https:\/\/eurlhosnakamel.dz\/dz\/produit\/ada-cube-mini-00461-462\/#primaryimage"},"thumbnailUrl":"https:\/\/eurlhosnakamel.dz\/dz\/wp-content\/uploads\/2020\/04\/4ADA-CUBE-MINI-00461-462eurl-hosna-kamel-algerie.jpg","datePublished":"2020-04-20T14:51:45+00:00","dateModified":"2020-04-20T14:51:45+00:00","description":"ADA CUBE MINI 00461\/462 - EURL HOSNA KAMEL","breadcrumb":{"@id":"https:\/\/eurlhosnakamel.dz\/dz\/produit\/ada-cube-mini-00461-462\/#breadcrumb"},"inLanguage":"fr-FR","potentialAction":[{"@type":"ReadAction","target":["https:\/\/eurlhosnakamel.dz\/dz\/produit\/ada-cube-mini-00461-462\/"]}]},{"@type":"ImageObject","inLanguage":"fr-FR","@id":"https:\/\/eurlhosnakamel.dz\/dz\/produit\/ada-cube-mini-00461-462\/#primaryimage","url":"https:\/\/eurlhosnakamel.dz\/dz\/wp-content\/uploads\/2020\/04\/4ADA-CUBE-MINI-00461-462eurl-hosna-kamel-algerie.jpg","contentUrl":"https:\/\/eurlhosnakamel.dz\/dz\/wp-content\/uploads\/2020\/04\/4ADA-CUBE-MINI-00461-462eurl-hosna-kamel-algerie.jpg","width":512,"height":512},{"@type":"BreadcrumbList","@id":"https:\/\/eurlhosnakamel.dz\/dz\/produit\/ada-cube-mini-00461-462\/#breadcrumb","itemListElement":[{"@type":"ListItem","position":1,"name":"Accueil","item":"https:\/\/eurlhosnakamel.dz\/dz\/"},{"@type":"ListItem","position":2,"name":"Shop","item":"https:\/\/eurlhosnakamel.dz\/dz\/shop\/"},{"@type":"ListItem","position":3,"name":"ADA CUBE MINI 00461\/462"}]},{"@type":"WebSite","@id":"https:\/\/eurlhosnakamel.dz\/dz\/#website","url":"https:\/\/eurlhosnakamel.dz\/dz\/","name":"EURL HOSNA KAMEL","description":"Fournisseur Premium d&#039;Outillages Professionnels en Alg\u00e9rie -","publisher":{"@id":"https:\/\/eurlhosnakamel.dz\/dz\/#organization"},"potentialAction":[{"@type":"SearchAction","target":{"@type":"EntryPoint","urlTemplate":"https:\/\/eurlhosnakamel.dz\/dz\/?s={search_term_string}"},"query-input":"required name=search_term_string"}],"inLanguage":"fr-FR"},{"@type":"Organization","@id":"https:\/\/eurlhosnakamel.dz\/dz\/#organization","name":"EURL HOSNA KAMEL - Bosch alg\u00e9rie","url":"https:\/\/eurlhosnakamel.dz\/dz\/","logo":{"@type":"ImageObject","inLanguage":"fr-FR","@id":"https:\/\/eurlhosnakamel.dz\/dz\/#\/schema\/logo\/image\/","url":"https:\/\/eurlhosnakamel.dz\/wp-content\/uploads\/2020\/04\/LOGO-HOSNA1.png","contentUrl":"https:\/\/eurlhosnakamel.dz\/wp-content\/uploads\/2020\/04\/LOGO-HOSNA1.png","width":120,"height":127,"caption":"EURL HOSNA KAMEL - Bosch alg\u00e9rie"},"image":{"@id":"https:\/\/eurlhosnakamel.dz\/dz\/#\/schema\/logo\/image\/"},"sameAs":["https:\/\/www.facebook.com\/Eurl.Hosna.DZ\/"]}]}},"_links":{"self":[{"href":"https:\/\/eurlhosnakamel.dz\/dz\/wp-json\/wp\/v2\/product\/6583","targetHints":{"allow":["GET"]}}],"collection":[{"href":"https:\/\/eurlhosnakamel.dz\/dz\/wp-json\/wp\/v2\/product"}],"about":[{"href":"https:\/\/eurlhosnakamel.dz\/dz\/wp-json\/wp\/v2\/types\/product"}],"wp:featuredmedia":[{"embeddable":true,"href":"https:\/\/eurlhosnakamel.dz\/dz\/wp-json\/wp\/v2\/media\/6585"}],"wp:attachment":[{"href":"https:\/\/eurlhosnakamel.dz\/dz\/wp-json\/wp\/v2\/media?parent=6583"}],"wp:term":[{"taxonomy":"product_cat","embeddable":true,"href":"https:\/\/eurlhosnakamel.dz\/dz\/wp-json\/wp\/v2\/product_cat?post=6583"},{"taxonomy":"product_tag","embeddable":true,"href":"https:\/\/eurlhosnakamel.dz\/dz\/wp-json\/wp\/v2\/product_tag?post=6583"}],"curies":[{"name":"wp","href":"https:\/\/api.w.org\/{rel}","templated":true}]}}