{"id":6589,"date":"2020-04-20T14:59:07","date_gmt":"2020-04-20T14:59:07","guid":{"rendered":"https:\/\/lhchosting.com\/hosna\/?post_type=product&#038;p=6589"},"modified":"2020-04-20T14:59:07","modified_gmt":"2020-04-20T14:59:07","slug":"ada-cosmo-meter-150-video-art-n000475","status":"publish","type":"product","link":"https:\/\/eurlhosnakamel.dz\/dz\/produit\/ada-cosmo-meter-150-video-art-n000475\/","title":{"rendered":"ADA COSMO &#8211; METER 150 VIDEO ART N\u00b0000475"},"content":{"rendered":"<p><strong>T\u00e9l\u00e9m\u00e8tre \u00e0 laser ADA COSMO 150 Video<\/strong>\u00a0La nouveaut\u00e9 de 2016 sur le march\u00e9 des t\u00e9l\u00e9m\u00e8tres \u00e0 laser professionnels. La combinaison unique du viseur digital et le capteur d\u2019inclinaison \u00e0 360\u00b0 permet de faire les mesures, qu\u2019on ne peut pas effectuer avec les t\u00e9l\u00e9m\u00e8tres ordinaires.<\/p>\n<p><strong>Pointage simple et exact \u2013 viseur \u00e0 triple zoom\u00a0\u00a0<\/strong><br \/>\nViseur digital int\u00e9gr\u00e9 ADA COSMO 150 Video permet d\u2019effectuer les mesures \u00e0 l\u2019exactitude id\u00e9al en conditions d\u2019\u00e9clairage insatisfaisant. C\u2019est un avantage d\u00e9cisif pour le travail dans la rue au temps solaire. M\u00eame si le point rouge du marqueur de laser n\u2019est pas d\u00e9j\u00e0 visible \u00e0 l\u2019\u0153il nu on peut ajuster le t\u00e9l\u00e9m\u00e8tre \u00e0 laser en l\u2019observant \u00e0 la croix sur l\u2019\u00e9cran.<\/p>\n<p><strong>Fid\u00e9lit\u00e9 et distance.<\/strong>\u00a0T\u00e9l\u00e9m\u00e8tre \u00e0 laser ADA COSMO 150 Video est destin\u00e9 aux mesures des grandes distances jusqu\u2019\u00e0 150 m\u00e8tres. L\u2019erreur de la mesure n\u2019exc\u00e8de pas \u00b11,5 mm.<\/p>\n<p><strong>Mesure des objets inclin\u00e9<\/strong><strong>s<\/strong><strong>\u00a0<\/strong><br \/>\nEn utilisant cette fonction, ADA COSMO 150 Video peut, par exemple, d\u00e9finir le penchant du toit de la maison. Pour \u00e7a il faut effectuer les trois mesures de la distance et ADA COSMO 150 Video donnera tout de suite le inclinaison. On d\u00e9tecte aussi l\u2019information suppl\u00e9mentaire d\u00e9taill\u00e9e : la surface du trap\u00e8ze.<\/p>\n<p><strong>Capteur d\u2019inclinaison int\u00e9gr\u00e9 \u00e0 360\u00b0<\/strong><strong>\u00a0<\/strong><br \/>\nADA COSMO 150 Video est \u00e9quip\u00e9 d\u2019un capteur d\u2019inclinaison \u00e0 360\u00b0. Gr\u00e2ce \u00e0 la combinaison de la mesure de la distance et de l\u2019inclinaison on peut bien exactement et simplement d\u00e9finir la distance horizontale \u2013 m\u00eame \u00e0 travers des obstacles. Ainsi on peut d\u00e9finir l\u2019inclinaison de n\u2019importe quelle surface en utilisant ADA COSMO 150 Video comme un niveau digital. Pour des mesures indirectes pr\u00e9cises on peut monter ADA COSMO 150 Video sur un support.<\/p>\n<p><strong>Fonction de peintre<\/strong><strong>\u00a0<\/strong><br \/>\n\u00c0 l\u2019aide de cette fonction on peut d\u00e9finir la surface totale de tous les murs du local, sans noter les r\u00e9sultats interm\u00e9diaires. Par exemple, pour calculer la quantit\u00e9 de mati\u00e8re et le co\u00fbt des travaux de finition. En mesurant la hauteur de la paroi une fois, il est suffi de mesurer la longueur des parois. ADA COSMO 150 Video calcule la surface totale \u00e0 la mode automatique<\/p>\n<p><strong>Marquage de longeurs identiques<\/strong><strong>\u00a0<\/strong><br \/>\nADA COSMO 150 Video peut mesurer bouts \u00e9gaux dont la longueur est sp\u00e9cifi\u00e9e \u00e0 l\u2019avance. Par exemple l\u2019installation de piliers de cl\u00f4ture \u00e0 intervalles r\u00e9guliers. Il suffit de r\u00e9gler la distance entre les piliers adjacents et commencer \u00e0 mesurer \u00e0 partir du point de d\u00e9part. Lorsque vous approchez \u00e0 l\u2019endroit suivant, ADA COSMO 150 Video \u00e9met un signal sonore.<\/p>\n<p><strong>La transmission des mesures par BT<\/strong><strong>\u00a0<\/strong><br \/>\nADA COSMO 150 Video est capable de transmettre les donn\u00e9es des mesures rapidement et en tout confort \u00e0 l\u2019aide de BT int\u00e9gr\u00e9.<\/p>\n<p><strong>Le t\u00e9l\u00e9m\u00e8tre \u00e0 laser ADA COSMO 150 Video<\/strong>\u00a0est un choix excellent pour les travaux en dehors des locaux. Les mesures rapides et exactes des grandes distances avec l\u2019utilisation du viseur digital.<\/p>\n","protected":false},"excerpt":{"rendered":"<h1>T\u00e9l\u00e9m\u00e8tre \u00e0 laser ADA COSMO 150 Video<\/h1>\n<table class=\"ch\" border=\"1\" cellspacing=\"0\" cellpadding=\"0\">\n<tbody>\n<tr>\n<td>Distance<\/td>\n<td>0.05 to 150 m<\/td>\n<\/tr>\n<tr>\n<td>Fid\u00e9lit\u00e9<\/td>\n<td>\u00b11.5 mm<\/td>\n<\/tr>\n<tr>\n<td>Diapason de mesure d\u2019inclinaison<\/td>\n<td>\u00b190\u00b0<\/td>\n<\/tr>\n<tr>\n<td>Fid\u00e9lit\u00e9 de capteur d\u2019inclinaison<\/td>\n<td>\u00b10.3\u00b0<\/td>\n<\/tr>\n<tr>\n<td>Interface donn\u00e9es<\/td>\n<td>BT<\/td>\n<\/tr>\n<tr>\n<td>Viseur Pointfinder avec zoom 3x<\/td>\n<td>Oui<\/td>\n<\/tr>\n<tr>\n<td>Classe de laser<\/td>\n<td>2<\/td>\n<\/tr>\n<tr>\n<td>Type de laser<\/td>\n<td>620-690 nm, &lt; 1 mW<\/td>\n<\/tr>\n<tr>\n<td>Batteries \/ puissance<\/td>\n<td>2\u0445AA \/1.5\u0412<\/td>\n<\/tr>\n<tr>\n<td>Dimensions du t\u00e9l\u00e9m\u00e8tre \u00e0 laser longuer x largeur x hauteur x mm<\/td>\n<td>137x52x28mm<\/td>\n<\/tr>\n<tr>\n<td>Poids<\/td>\n<td>150 g<\/td>\n<\/tr>\n<\/tbody>\n<\/table>\n","protected":false},"featured_media":6599,"template":"","meta":[],"product_cat":[457],"product_tag":[1331],"class_list":{"0":"post-6589","1":"product","2":"type-product","3":"status-publish","4":"has-post-thumbnail","6":"product_cat-instruments-de-mesure","7":"product_tag-ada-cosmo-meter-150-video-art-n000475","8":"product_brand-ada","10":"first","11":"instock","12":"shipping-taxable","13":"product-type-simple","14":"col-xs-6 col-sm-4","15":"col-md-3 col-lg-3","16":"un-4-cols"},"yoast_head":"<!-- This site is optimized with the Yoast SEO plugin v22.5 - https:\/\/yoast.com\/wordpress\/plugins\/seo\/ -->\n<title>ADA COSMO - METER 150 VIDEO ART N\u00b0000475 - EURL HOSNA KAMEL<\/title>\n<meta name=\"description\" content=\"ADA COSMO - METER 150 VIDEO ART N\u00b0000475 - EURL HOSNA KAMEL\" \/>\n<meta name=\"robots\" content=\"index, follow, max-snippet:-1, max-image-preview:large, max-video-preview:-1\" \/>\n<link rel=\"canonical\" href=\"https:\/\/eurlhosnakamel.dz\/dz\/produit\/ada-cosmo-meter-150-video-art-n000475\/\" \/>\n<meta property=\"og:locale\" content=\"fr_FR\" \/>\n<meta property=\"og:type\" content=\"article\" \/>\n<meta property=\"og:title\" content=\"ADA COSMO - METER 150 VIDEO ART N\u00b0000475 - EURL HOSNA KAMEL\" \/>\n<meta property=\"og:description\" content=\"ADA COSMO - METER 150 VIDEO ART N\u00b0000475 - EURL HOSNA KAMEL\" \/>\n<meta property=\"og:url\" content=\"https:\/\/eurlhosnakamel.dz\/dz\/produit\/ada-cosmo-meter-150-video-art-n000475\/\" \/>\n<meta property=\"og:site_name\" content=\"EURL HOSNA KAMEL\" \/>\n<meta property=\"article:publisher\" content=\"https:\/\/www.facebook.com\/Eurl.Hosna.DZ\/\" \/>\n<meta property=\"og:image\" content=\"https:\/\/eurlhosnakamel.dz\/dz\/wp-content\/uploads\/2020\/04\/5ADA-COSMO-METER-150-VIDEO-ART-N000475eurl-hosna-kamel-algerie.jpg\" \/>\n\t<meta property=\"og:image:width\" content=\"512\" \/>\n\t<meta property=\"og:image:height\" content=\"512\" \/>\n\t<meta property=\"og:image:type\" content=\"image\/jpeg\" \/>\n<meta name=\"twitter:card\" content=\"summary_large_image\" \/>\n<meta name=\"twitter:label1\" content=\"Dur\u00e9e de lecture estim\u00e9e\" \/>\n\t<meta name=\"twitter:data1\" content=\"3 minutes\" \/>\n<script type=\"application\/ld+json\" class=\"yoast-schema-graph\">{\"@context\":\"https:\/\/schema.org\",\"@graph\":[{\"@type\":\"WebPage\",\"@id\":\"https:\/\/eurlhosnakamel.dz\/dz\/produit\/ada-cosmo-meter-150-video-art-n000475\/\",\"url\":\"https:\/\/eurlhosnakamel.dz\/dz\/produit\/ada-cosmo-meter-150-video-art-n000475\/\",\"name\":\"ADA COSMO - METER 150 VIDEO ART N\u00b0000475 - EURL HOSNA KAMEL\",\"isPartOf\":{\"@id\":\"https:\/\/eurlhosnakamel.dz\/dz\/#website\"},\"primaryImageOfPage\":{\"@id\":\"https:\/\/eurlhosnakamel.dz\/dz\/produit\/ada-cosmo-meter-150-video-art-n000475\/#primaryimage\"},\"image\":{\"@id\":\"https:\/\/eurlhosnakamel.dz\/dz\/produit\/ada-cosmo-meter-150-video-art-n000475\/#primaryimage\"},\"thumbnailUrl\":\"https:\/\/eurlhosnakamel.dz\/dz\/wp-content\/uploads\/2020\/04\/5ADA-COSMO-METER-150-VIDEO-ART-N000475eurl-hosna-kamel-algerie.jpg\",\"datePublished\":\"2020-04-20T14:59:07+00:00\",\"dateModified\":\"2020-04-20T14:59:07+00:00\",\"description\":\"ADA COSMO - METER 150 VIDEO ART N\u00b0000475 - EURL HOSNA KAMEL\",\"breadcrumb\":{\"@id\":\"https:\/\/eurlhosnakamel.dz\/dz\/produit\/ada-cosmo-meter-150-video-art-n000475\/#breadcrumb\"},\"inLanguage\":\"fr-FR\",\"potentialAction\":[{\"@type\":\"ReadAction\",\"target\":[\"https:\/\/eurlhosnakamel.dz\/dz\/produit\/ada-cosmo-meter-150-video-art-n000475\/\"]}]},{\"@type\":\"ImageObject\",\"inLanguage\":\"fr-FR\",\"@id\":\"https:\/\/eurlhosnakamel.dz\/dz\/produit\/ada-cosmo-meter-150-video-art-n000475\/#primaryimage\",\"url\":\"https:\/\/eurlhosnakamel.dz\/dz\/wp-content\/uploads\/2020\/04\/5ADA-COSMO-METER-150-VIDEO-ART-N000475eurl-hosna-kamel-algerie.jpg\",\"contentUrl\":\"https:\/\/eurlhosnakamel.dz\/dz\/wp-content\/uploads\/2020\/04\/5ADA-COSMO-METER-150-VIDEO-ART-N000475eurl-hosna-kamel-algerie.jpg\",\"width\":512,\"height\":512},{\"@type\":\"BreadcrumbList\",\"@id\":\"https:\/\/eurlhosnakamel.dz\/dz\/produit\/ada-cosmo-meter-150-video-art-n000475\/#breadcrumb\",\"itemListElement\":[{\"@type\":\"ListItem\",\"position\":1,\"name\":\"Accueil\",\"item\":\"https:\/\/eurlhosnakamel.dz\/dz\/\"},{\"@type\":\"ListItem\",\"position\":2,\"name\":\"Shop\",\"item\":\"https:\/\/eurlhosnakamel.dz\/dz\/shop\/\"},{\"@type\":\"ListItem\",\"position\":3,\"name\":\"ADA COSMO &#8211; METER 150 VIDEO ART N\u00b0000475\"}]},{\"@type\":\"WebSite\",\"@id\":\"https:\/\/eurlhosnakamel.dz\/dz\/#website\",\"url\":\"https:\/\/eurlhosnakamel.dz\/dz\/\",\"name\":\"EURL HOSNA KAMEL\",\"description\":\"Fournisseur Premium d&#039;Outillages Professionnels en Alg\u00e9rie -\",\"publisher\":{\"@id\":\"https:\/\/eurlhosnakamel.dz\/dz\/#organization\"},\"potentialAction\":[{\"@type\":\"SearchAction\",\"target\":{\"@type\":\"EntryPoint\",\"urlTemplate\":\"https:\/\/eurlhosnakamel.dz\/dz\/?s={search_term_string}\"},\"query-input\":\"required name=search_term_string\"}],\"inLanguage\":\"fr-FR\"},{\"@type\":\"Organization\",\"@id\":\"https:\/\/eurlhosnakamel.dz\/dz\/#organization\",\"name\":\"EURL HOSNA KAMEL - Bosch alg\u00e9rie\",\"url\":\"https:\/\/eurlhosnakamel.dz\/dz\/\",\"logo\":{\"@type\":\"ImageObject\",\"inLanguage\":\"fr-FR\",\"@id\":\"https:\/\/eurlhosnakamel.dz\/dz\/#\/schema\/logo\/image\/\",\"url\":\"https:\/\/eurlhosnakamel.dz\/wp-content\/uploads\/2020\/04\/LOGO-HOSNA1.png\",\"contentUrl\":\"https:\/\/eurlhosnakamel.dz\/wp-content\/uploads\/2020\/04\/LOGO-HOSNA1.png\",\"width\":120,\"height\":127,\"caption\":\"EURL HOSNA KAMEL - Bosch alg\u00e9rie\"},\"image\":{\"@id\":\"https:\/\/eurlhosnakamel.dz\/dz\/#\/schema\/logo\/image\/\"},\"sameAs\":[\"https:\/\/www.facebook.com\/Eurl.Hosna.DZ\/\"]}]}<\/script>\n<!-- \/ Yoast SEO plugin. -->","yoast_head_json":{"title":"ADA COSMO - METER 150 VIDEO ART N\u00b0000475 - EURL HOSNA KAMEL","description":"ADA COSMO - METER 150 VIDEO ART N\u00b0000475 - EURL HOSNA KAMEL","robots":{"index":"index","follow":"follow","max-snippet":"max-snippet:-1","max-image-preview":"max-image-preview:large","max-video-preview":"max-video-preview:-1"},"canonical":"https:\/\/eurlhosnakamel.dz\/dz\/produit\/ada-cosmo-meter-150-video-art-n000475\/","og_locale":"fr_FR","og_type":"article","og_title":"ADA COSMO - METER 150 VIDEO ART N\u00b0000475 - EURL HOSNA KAMEL","og_description":"ADA COSMO - METER 150 VIDEO ART N\u00b0000475 - EURL HOSNA KAMEL","og_url":"https:\/\/eurlhosnakamel.dz\/dz\/produit\/ada-cosmo-meter-150-video-art-n000475\/","og_site_name":"EURL HOSNA KAMEL","article_publisher":"https:\/\/www.facebook.com\/Eurl.Hosna.DZ\/","og_image":[{"width":512,"height":512,"url":"https:\/\/eurlhosnakamel.dz\/dz\/wp-content\/uploads\/2020\/04\/5ADA-COSMO-METER-150-VIDEO-ART-N000475eurl-hosna-kamel-algerie.jpg","type":"image\/jpeg"}],"twitter_card":"summary_large_image","twitter_misc":{"Dur\u00e9e de lecture estim\u00e9e":"3 minutes"},"schema":{"@context":"https:\/\/schema.org","@graph":[{"@type":"WebPage","@id":"https:\/\/eurlhosnakamel.dz\/dz\/produit\/ada-cosmo-meter-150-video-art-n000475\/","url":"https:\/\/eurlhosnakamel.dz\/dz\/produit\/ada-cosmo-meter-150-video-art-n000475\/","name":"ADA COSMO - METER 150 VIDEO ART N\u00b0000475 - EURL HOSNA KAMEL","isPartOf":{"@id":"https:\/\/eurlhosnakamel.dz\/dz\/#website"},"primaryImageOfPage":{"@id":"https:\/\/eurlhosnakamel.dz\/dz\/produit\/ada-cosmo-meter-150-video-art-n000475\/#primaryimage"},"image":{"@id":"https:\/\/eurlhosnakamel.dz\/dz\/produit\/ada-cosmo-meter-150-video-art-n000475\/#primaryimage"},"thumbnailUrl":"https:\/\/eurlhosnakamel.dz\/dz\/wp-content\/uploads\/2020\/04\/5ADA-COSMO-METER-150-VIDEO-ART-N000475eurl-hosna-kamel-algerie.jpg","datePublished":"2020-04-20T14:59:07+00:00","dateModified":"2020-04-20T14:59:07+00:00","description":"ADA COSMO - METER 150 VIDEO ART N\u00b0000475 - EURL HOSNA KAMEL","breadcrumb":{"@id":"https:\/\/eurlhosnakamel.dz\/dz\/produit\/ada-cosmo-meter-150-video-art-n000475\/#breadcrumb"},"inLanguage":"fr-FR","potentialAction":[{"@type":"ReadAction","target":["https:\/\/eurlhosnakamel.dz\/dz\/produit\/ada-cosmo-meter-150-video-art-n000475\/"]}]},{"@type":"ImageObject","inLanguage":"fr-FR","@id":"https:\/\/eurlhosnakamel.dz\/dz\/produit\/ada-cosmo-meter-150-video-art-n000475\/#primaryimage","url":"https:\/\/eurlhosnakamel.dz\/dz\/wp-content\/uploads\/2020\/04\/5ADA-COSMO-METER-150-VIDEO-ART-N000475eurl-hosna-kamel-algerie.jpg","contentUrl":"https:\/\/eurlhosnakamel.dz\/dz\/wp-content\/uploads\/2020\/04\/5ADA-COSMO-METER-150-VIDEO-ART-N000475eurl-hosna-kamel-algerie.jpg","width":512,"height":512},{"@type":"BreadcrumbList","@id":"https:\/\/eurlhosnakamel.dz\/dz\/produit\/ada-cosmo-meter-150-video-art-n000475\/#breadcrumb","itemListElement":[{"@type":"ListItem","position":1,"name":"Accueil","item":"https:\/\/eurlhosnakamel.dz\/dz\/"},{"@type":"ListItem","position":2,"name":"Shop","item":"https:\/\/eurlhosnakamel.dz\/dz\/shop\/"},{"@type":"ListItem","position":3,"name":"ADA COSMO &#8211; METER 150 VIDEO ART N\u00b0000475"}]},{"@type":"WebSite","@id":"https:\/\/eurlhosnakamel.dz\/dz\/#website","url":"https:\/\/eurlhosnakamel.dz\/dz\/","name":"EURL HOSNA KAMEL","description":"Fournisseur Premium d&#039;Outillages Professionnels en Alg\u00e9rie -","publisher":{"@id":"https:\/\/eurlhosnakamel.dz\/dz\/#organization"},"potentialAction":[{"@type":"SearchAction","target":{"@type":"EntryPoint","urlTemplate":"https:\/\/eurlhosnakamel.dz\/dz\/?s={search_term_string}"},"query-input":"required name=search_term_string"}],"inLanguage":"fr-FR"},{"@type":"Organization","@id":"https:\/\/eurlhosnakamel.dz\/dz\/#organization","name":"EURL HOSNA KAMEL - Bosch alg\u00e9rie","url":"https:\/\/eurlhosnakamel.dz\/dz\/","logo":{"@type":"ImageObject","inLanguage":"fr-FR","@id":"https:\/\/eurlhosnakamel.dz\/dz\/#\/schema\/logo\/image\/","url":"https:\/\/eurlhosnakamel.dz\/wp-content\/uploads\/2020\/04\/LOGO-HOSNA1.png","contentUrl":"https:\/\/eurlhosnakamel.dz\/wp-content\/uploads\/2020\/04\/LOGO-HOSNA1.png","width":120,"height":127,"caption":"EURL HOSNA KAMEL - Bosch alg\u00e9rie"},"image":{"@id":"https:\/\/eurlhosnakamel.dz\/dz\/#\/schema\/logo\/image\/"},"sameAs":["https:\/\/www.facebook.com\/Eurl.Hosna.DZ\/"]}]}},"_links":{"self":[{"href":"https:\/\/eurlhosnakamel.dz\/dz\/wp-json\/wp\/v2\/product\/6589","targetHints":{"allow":["GET"]}}],"collection":[{"href":"https:\/\/eurlhosnakamel.dz\/dz\/wp-json\/wp\/v2\/product"}],"about":[{"href":"https:\/\/eurlhosnakamel.dz\/dz\/wp-json\/wp\/v2\/types\/product"}],"wp:featuredmedia":[{"embeddable":true,"href":"https:\/\/eurlhosnakamel.dz\/dz\/wp-json\/wp\/v2\/media\/6599"}],"wp:attachment":[{"href":"https:\/\/eurlhosnakamel.dz\/dz\/wp-json\/wp\/v2\/media?parent=6589"}],"wp:term":[{"taxonomy":"product_cat","embeddable":true,"href":"https:\/\/eurlhosnakamel.dz\/dz\/wp-json\/wp\/v2\/product_cat?post=6589"},{"taxonomy":"product_tag","embeddable":true,"href":"https:\/\/eurlhosnakamel.dz\/dz\/wp-json\/wp\/v2\/product_tag?post=6589"}],"curies":[{"name":"wp","href":"https:\/\/api.w.org\/{rel}","templated":true}]}}