{"id":6631,"date":"2020-04-20T15:11:04","date_gmt":"2020-04-20T15:11:04","guid":{"rendered":"https:\/\/lhchosting.com\/hosna\/?post_type=product&#038;p=6631"},"modified":"2020-04-20T15:11:04","modified_gmt":"2020-04-20T15:11:04","slug":"ada-cosmo-metre-mini-30-00410","status":"publish","type":"product","link":"https:\/\/eurlhosnakamel.dz\/dz\/produit\/ada-cosmo-metre-mini-30-00410\/","title":{"rendered":"ADA COSMO &#8211; METRE MINI 30 00410"},"content":{"rendered":"<p><strong>Roulette laser ADA COSMO Mini<\/strong>\u00a0est le nouveau mod\u00e8le compact et pratique du t\u00e9l\u00e9m\u00e8tre laser. C\u2019est le mod\u00e8le junior de la s\u00e9rie sp\u00e9ciale COSMO avec un minimum de fonctions pour les mesures et les calculs.<\/p>\n<p><strong>Pr\u00e9cision et port\u00e9e<\/strong>. La roulette laser ADA COSMO Mini est con\u00e7ue pour mesurer des distances allant jusqu\u2019\u00e0 30 m\u00e8tres \u00e0 l\u2019int\u00e9rieur des locaux. Erreur de mesure est de \u00b1 3,0 mm.<\/p>\n<p><strong>Fonctionnement simple.\u00a0<\/strong>Tous les prises de mesures s\u2019effectuent juste \u00e0 l\u2019aide de trois boutons. Le premier r\u00e9pond pour la mesure de m\u00eame que pour la mise en marche et le passage en r\u00e9gime continu, le deuxi\u00e8me sert \u00e0 choisir les fonctions: mesure de la surface et du volume, mesure d\u2019apr\u00e8s la formule de Pythagore. Le troisi\u00e8me sert \u00e0 l\u2019annulation et l\u2019arr\u00eat.<\/p>\n<p><strong>Ensemble optimal de fonctions<\/strong>. Malgr\u00e9 sa apparente simplicit\u00e9 et sa petite taille ADA COSMO Mini exerce des fonctions les plus n\u00e9cessaires. ADA COSMO Mini peut calculer la surface et le volume. Des valeurs non disponibles (les mesures d\u2019objets de haute taille ou quand il y des ostacles) peuvent \u00eatre mesur\u00e9es par mesure d\u2019apr\u00e8s la formule de Pythagore.<\/p>\n<p><strong>Arr\u00eat automatique<\/strong>. Pour \u00e9conomiser les batteries, apr\u00e8s 60 secondes le r\u00e9tro-\u00e9clairage se d\u00e9sactive automatiquement (au repos). Apr\u00e8s 180 secondes, le t\u00e9l\u00e9m\u00e8tre se d\u00e9connecte compl\u00e8tement.<\/p>\n<p><strong>Affichage facile \u00e0 lire<\/strong>. Display \u00e0 deux lignes avec un \u00e9clairage constant est utile lorsque vous travaillez \u00e0 tout moment \u00e0 n\u2019importe quelle lumi\u00e8re. Le r\u00e9sultat obtenu s\u2019affiche sur la ligne inf\u00e9rieure avec gros caract\u00e8res. Sur la ligne sup\u00e9rieure est affich\u00e9e la valeur pr\u00e9c\u00e9dente (avec caract\u00e8res moins gros).<\/p>\n<p><strong>Petit et pratique<\/strong>. Gr\u00e2ce \u00e0 sa configuration compacte et ergonomique avec des appliques protectrices en caoutchouc, ADA COSMO\u00a0Mini s\u2019installe fiablement dans la main. Le dispositif est l\u00e9ger, il ne p\u00e8seque 120 grammes, tient dans la poche. Protection \u00e9lev\u00e9e contre\u00a0des chocs apr\u00e8s la chute. Protection IP54 contre les projections d\u2019eau et la poussi\u00e8re.<\/p>\n<p><strong>La roulette laser ADA COSMO Mini<\/strong>\u00a0est un excellent choix pour la main-d\u2019oeuvre \u00e0 l\u2019int\u00e9rieur des locaux. Elle va remplacer une roulette d\u2019arpenteur pour les finisseurs, charpentiers, placeurs de ch\u00e2ssis de fen\u00eatres, d\u00e9corateurs. T\u00e9l\u00e9m\u00e8tre compact et l\u00e9ger pour le site de construction et la maison.<\/p>\n","protected":false},"excerpt":{"rendered":"<h1>Roulette laser ADA COSMO Mini<\/h1>\n<table>\n<tbody>\n<tr>\n<td>Port\u00e9e<\/td>\n<td>0.05 \u2014 30 m\u00e8tres<\/td>\n<\/tr>\n<tr>\n<td>Pr\u00e9cision<\/td>\n<td>\u00b1 3,0 \u043c\u043c<\/td>\n<\/tr>\n<tr>\n<td>Classe de laser<\/td>\n<td>2<\/td>\n<\/tr>\n<tr>\n<td>Protection contre la poussi\u00e8re et l\u2019humidit\u00e9<\/td>\n<td>IP54<\/td>\n<\/tr>\n<tr>\n<td>Alimentation<\/td>\n<td>2\u0445\u0410\u0410\u0410 \/ 1,5 V<\/td>\n<\/tr>\n<tr>\n<td>Dimensions<\/td>\n<td>108\u044538\u044529 mm<\/td>\n<\/tr>\n<tr>\n<td>Poids<\/td>\n<td>120 g<\/td>\n<\/tr>\n<tr>\n<td>Fonctions<\/td>\n<td>mesure de distance, tracking, surface, volume, mesure d\u2019apr\u00e8s la formule de Pythagore (2 points)<\/td>\n<\/tr>\n<\/tbody>\n<\/table>\n","protected":false},"featured_media":6633,"template":"","meta":[],"product_cat":[457],"product_tag":[1339],"class_list":{"0":"post-6631","1":"product","2":"type-product","3":"status-publish","4":"has-post-thumbnail","6":"product_cat-instruments-de-mesure","7":"product_tag-ada-cosmo-metre-mini-30-00410","8":"product_brand-ada","10":"first","11":"instock","12":"shipping-taxable","13":"product-type-simple","14":"col-xs-6 col-sm-4","15":"col-md-3 col-lg-3","16":"un-4-cols"},"yoast_head":"<!-- This site is optimized with the Yoast SEO plugin v22.5 - https:\/\/yoast.com\/wordpress\/plugins\/seo\/ -->\n<title>ADA COSMO - METRE MINI 30 00410 - EURL HOSNA KAMEL<\/title>\n<meta name=\"description\" content=\"ADA COSMO - METRE MINI 30 00410 - EURL HOSNA KAMEL\" \/>\n<meta name=\"robots\" content=\"index, follow, max-snippet:-1, max-image-preview:large, max-video-preview:-1\" \/>\n<link rel=\"canonical\" href=\"https:\/\/eurlhosnakamel.dz\/dz\/produit\/ada-cosmo-metre-mini-30-00410\/\" \/>\n<meta property=\"og:locale\" content=\"fr_FR\" \/>\n<meta property=\"og:type\" content=\"article\" \/>\n<meta property=\"og:title\" content=\"ADA COSMO - METRE MINI 30 00410 - EURL HOSNA KAMEL\" \/>\n<meta property=\"og:description\" content=\"ADA COSMO - METRE MINI 30 00410 - EURL HOSNA KAMEL\" \/>\n<meta property=\"og:url\" content=\"https:\/\/eurlhosnakamel.dz\/dz\/produit\/ada-cosmo-metre-mini-30-00410\/\" \/>\n<meta property=\"og:site_name\" content=\"EURL HOSNA KAMEL\" \/>\n<meta property=\"article:publisher\" content=\"https:\/\/www.facebook.com\/Eurl.Hosna.DZ\/\" \/>\n<meta property=\"og:image\" content=\"https:\/\/eurlhosnakamel.dz\/dz\/wp-content\/uploads\/2020\/04\/8ADA-COSMO-METRE-MINI-30-00410eurl-hosna-kamel-algerie.jpg\" \/>\n\t<meta property=\"og:image:width\" content=\"512\" \/>\n\t<meta property=\"og:image:height\" content=\"512\" \/>\n\t<meta property=\"og:image:type\" content=\"image\/jpeg\" \/>\n<meta name=\"twitter:card\" content=\"summary_large_image\" \/>\n<meta name=\"twitter:label1\" content=\"Dur\u00e9e de lecture estim\u00e9e\" \/>\n\t<meta name=\"twitter:data1\" content=\"2 minutes\" \/>\n<script type=\"application\/ld+json\" class=\"yoast-schema-graph\">{\"@context\":\"https:\/\/schema.org\",\"@graph\":[{\"@type\":\"WebPage\",\"@id\":\"https:\/\/eurlhosnakamel.dz\/dz\/produit\/ada-cosmo-metre-mini-30-00410\/\",\"url\":\"https:\/\/eurlhosnakamel.dz\/dz\/produit\/ada-cosmo-metre-mini-30-00410\/\",\"name\":\"ADA COSMO - METRE MINI 30 00410 - EURL HOSNA KAMEL\",\"isPartOf\":{\"@id\":\"https:\/\/eurlhosnakamel.dz\/dz\/#website\"},\"primaryImageOfPage\":{\"@id\":\"https:\/\/eurlhosnakamel.dz\/dz\/produit\/ada-cosmo-metre-mini-30-00410\/#primaryimage\"},\"image\":{\"@id\":\"https:\/\/eurlhosnakamel.dz\/dz\/produit\/ada-cosmo-metre-mini-30-00410\/#primaryimage\"},\"thumbnailUrl\":\"https:\/\/eurlhosnakamel.dz\/dz\/wp-content\/uploads\/2020\/04\/8ADA-COSMO-METRE-MINI-30-00410eurl-hosna-kamel-algerie.jpg\",\"datePublished\":\"2020-04-20T15:11:04+00:00\",\"dateModified\":\"2020-04-20T15:11:04+00:00\",\"description\":\"ADA COSMO - METRE MINI 30 00410 - EURL HOSNA KAMEL\",\"breadcrumb\":{\"@id\":\"https:\/\/eurlhosnakamel.dz\/dz\/produit\/ada-cosmo-metre-mini-30-00410\/#breadcrumb\"},\"inLanguage\":\"fr-FR\",\"potentialAction\":[{\"@type\":\"ReadAction\",\"target\":[\"https:\/\/eurlhosnakamel.dz\/dz\/produit\/ada-cosmo-metre-mini-30-00410\/\"]}]},{\"@type\":\"ImageObject\",\"inLanguage\":\"fr-FR\",\"@id\":\"https:\/\/eurlhosnakamel.dz\/dz\/produit\/ada-cosmo-metre-mini-30-00410\/#primaryimage\",\"url\":\"https:\/\/eurlhosnakamel.dz\/dz\/wp-content\/uploads\/2020\/04\/8ADA-COSMO-METRE-MINI-30-00410eurl-hosna-kamel-algerie.jpg\",\"contentUrl\":\"https:\/\/eurlhosnakamel.dz\/dz\/wp-content\/uploads\/2020\/04\/8ADA-COSMO-METRE-MINI-30-00410eurl-hosna-kamel-algerie.jpg\",\"width\":512,\"height\":512},{\"@type\":\"BreadcrumbList\",\"@id\":\"https:\/\/eurlhosnakamel.dz\/dz\/produit\/ada-cosmo-metre-mini-30-00410\/#breadcrumb\",\"itemListElement\":[{\"@type\":\"ListItem\",\"position\":1,\"name\":\"Accueil\",\"item\":\"https:\/\/eurlhosnakamel.dz\/dz\/\"},{\"@type\":\"ListItem\",\"position\":2,\"name\":\"Shop\",\"item\":\"https:\/\/eurlhosnakamel.dz\/dz\/shop\/\"},{\"@type\":\"ListItem\",\"position\":3,\"name\":\"ADA COSMO &#8211; METRE MINI 30 00410\"}]},{\"@type\":\"WebSite\",\"@id\":\"https:\/\/eurlhosnakamel.dz\/dz\/#website\",\"url\":\"https:\/\/eurlhosnakamel.dz\/dz\/\",\"name\":\"EURL HOSNA KAMEL\",\"description\":\"Fournisseur Premium d&#039;Outillages Professionnels en Alg\u00e9rie -\",\"publisher\":{\"@id\":\"https:\/\/eurlhosnakamel.dz\/dz\/#organization\"},\"potentialAction\":[{\"@type\":\"SearchAction\",\"target\":{\"@type\":\"EntryPoint\",\"urlTemplate\":\"https:\/\/eurlhosnakamel.dz\/dz\/?s={search_term_string}\"},\"query-input\":\"required name=search_term_string\"}],\"inLanguage\":\"fr-FR\"},{\"@type\":\"Organization\",\"@id\":\"https:\/\/eurlhosnakamel.dz\/dz\/#organization\",\"name\":\"EURL HOSNA KAMEL - Bosch alg\u00e9rie\",\"url\":\"https:\/\/eurlhosnakamel.dz\/dz\/\",\"logo\":{\"@type\":\"ImageObject\",\"inLanguage\":\"fr-FR\",\"@id\":\"https:\/\/eurlhosnakamel.dz\/dz\/#\/schema\/logo\/image\/\",\"url\":\"https:\/\/eurlhosnakamel.dz\/wp-content\/uploads\/2020\/04\/LOGO-HOSNA1.png\",\"contentUrl\":\"https:\/\/eurlhosnakamel.dz\/wp-content\/uploads\/2020\/04\/LOGO-HOSNA1.png\",\"width\":120,\"height\":127,\"caption\":\"EURL HOSNA KAMEL - Bosch alg\u00e9rie\"},\"image\":{\"@id\":\"https:\/\/eurlhosnakamel.dz\/dz\/#\/schema\/logo\/image\/\"},\"sameAs\":[\"https:\/\/www.facebook.com\/Eurl.Hosna.DZ\/\"]}]}<\/script>\n<!-- \/ Yoast SEO plugin. -->","yoast_head_json":{"title":"ADA COSMO - METRE MINI 30 00410 - EURL HOSNA KAMEL","description":"ADA COSMO - METRE MINI 30 00410 - EURL HOSNA KAMEL","robots":{"index":"index","follow":"follow","max-snippet":"max-snippet:-1","max-image-preview":"max-image-preview:large","max-video-preview":"max-video-preview:-1"},"canonical":"https:\/\/eurlhosnakamel.dz\/dz\/produit\/ada-cosmo-metre-mini-30-00410\/","og_locale":"fr_FR","og_type":"article","og_title":"ADA COSMO - METRE MINI 30 00410 - EURL HOSNA KAMEL","og_description":"ADA COSMO - METRE MINI 30 00410 - EURL HOSNA KAMEL","og_url":"https:\/\/eurlhosnakamel.dz\/dz\/produit\/ada-cosmo-metre-mini-30-00410\/","og_site_name":"EURL HOSNA KAMEL","article_publisher":"https:\/\/www.facebook.com\/Eurl.Hosna.DZ\/","og_image":[{"width":512,"height":512,"url":"https:\/\/eurlhosnakamel.dz\/dz\/wp-content\/uploads\/2020\/04\/8ADA-COSMO-METRE-MINI-30-00410eurl-hosna-kamel-algerie.jpg","type":"image\/jpeg"}],"twitter_card":"summary_large_image","twitter_misc":{"Dur\u00e9e de lecture estim\u00e9e":"2 minutes"},"schema":{"@context":"https:\/\/schema.org","@graph":[{"@type":"WebPage","@id":"https:\/\/eurlhosnakamel.dz\/dz\/produit\/ada-cosmo-metre-mini-30-00410\/","url":"https:\/\/eurlhosnakamel.dz\/dz\/produit\/ada-cosmo-metre-mini-30-00410\/","name":"ADA COSMO - METRE MINI 30 00410 - EURL HOSNA KAMEL","isPartOf":{"@id":"https:\/\/eurlhosnakamel.dz\/dz\/#website"},"primaryImageOfPage":{"@id":"https:\/\/eurlhosnakamel.dz\/dz\/produit\/ada-cosmo-metre-mini-30-00410\/#primaryimage"},"image":{"@id":"https:\/\/eurlhosnakamel.dz\/dz\/produit\/ada-cosmo-metre-mini-30-00410\/#primaryimage"},"thumbnailUrl":"https:\/\/eurlhosnakamel.dz\/dz\/wp-content\/uploads\/2020\/04\/8ADA-COSMO-METRE-MINI-30-00410eurl-hosna-kamel-algerie.jpg","datePublished":"2020-04-20T15:11:04+00:00","dateModified":"2020-04-20T15:11:04+00:00","description":"ADA COSMO - METRE MINI 30 00410 - EURL HOSNA KAMEL","breadcrumb":{"@id":"https:\/\/eurlhosnakamel.dz\/dz\/produit\/ada-cosmo-metre-mini-30-00410\/#breadcrumb"},"inLanguage":"fr-FR","potentialAction":[{"@type":"ReadAction","target":["https:\/\/eurlhosnakamel.dz\/dz\/produit\/ada-cosmo-metre-mini-30-00410\/"]}]},{"@type":"ImageObject","inLanguage":"fr-FR","@id":"https:\/\/eurlhosnakamel.dz\/dz\/produit\/ada-cosmo-metre-mini-30-00410\/#primaryimage","url":"https:\/\/eurlhosnakamel.dz\/dz\/wp-content\/uploads\/2020\/04\/8ADA-COSMO-METRE-MINI-30-00410eurl-hosna-kamel-algerie.jpg","contentUrl":"https:\/\/eurlhosnakamel.dz\/dz\/wp-content\/uploads\/2020\/04\/8ADA-COSMO-METRE-MINI-30-00410eurl-hosna-kamel-algerie.jpg","width":512,"height":512},{"@type":"BreadcrumbList","@id":"https:\/\/eurlhosnakamel.dz\/dz\/produit\/ada-cosmo-metre-mini-30-00410\/#breadcrumb","itemListElement":[{"@type":"ListItem","position":1,"name":"Accueil","item":"https:\/\/eurlhosnakamel.dz\/dz\/"},{"@type":"ListItem","position":2,"name":"Shop","item":"https:\/\/eurlhosnakamel.dz\/dz\/shop\/"},{"@type":"ListItem","position":3,"name":"ADA COSMO &#8211; METRE MINI 30 00410"}]},{"@type":"WebSite","@id":"https:\/\/eurlhosnakamel.dz\/dz\/#website","url":"https:\/\/eurlhosnakamel.dz\/dz\/","name":"EURL HOSNA KAMEL","description":"Fournisseur Premium d&#039;Outillages Professionnels en Alg\u00e9rie -","publisher":{"@id":"https:\/\/eurlhosnakamel.dz\/dz\/#organization"},"potentialAction":[{"@type":"SearchAction","target":{"@type":"EntryPoint","urlTemplate":"https:\/\/eurlhosnakamel.dz\/dz\/?s={search_term_string}"},"query-input":"required name=search_term_string"}],"inLanguage":"fr-FR"},{"@type":"Organization","@id":"https:\/\/eurlhosnakamel.dz\/dz\/#organization","name":"EURL HOSNA KAMEL - Bosch alg\u00e9rie","url":"https:\/\/eurlhosnakamel.dz\/dz\/","logo":{"@type":"ImageObject","inLanguage":"fr-FR","@id":"https:\/\/eurlhosnakamel.dz\/dz\/#\/schema\/logo\/image\/","url":"https:\/\/eurlhosnakamel.dz\/wp-content\/uploads\/2020\/04\/LOGO-HOSNA1.png","contentUrl":"https:\/\/eurlhosnakamel.dz\/wp-content\/uploads\/2020\/04\/LOGO-HOSNA1.png","width":120,"height":127,"caption":"EURL HOSNA KAMEL - Bosch alg\u00e9rie"},"image":{"@id":"https:\/\/eurlhosnakamel.dz\/dz\/#\/schema\/logo\/image\/"},"sameAs":["https:\/\/www.facebook.com\/Eurl.Hosna.DZ\/"]}]}},"_links":{"self":[{"href":"https:\/\/eurlhosnakamel.dz\/dz\/wp-json\/wp\/v2\/product\/6631","targetHints":{"allow":["GET"]}}],"collection":[{"href":"https:\/\/eurlhosnakamel.dz\/dz\/wp-json\/wp\/v2\/product"}],"about":[{"href":"https:\/\/eurlhosnakamel.dz\/dz\/wp-json\/wp\/v2\/types\/product"}],"wp:featuredmedia":[{"embeddable":true,"href":"https:\/\/eurlhosnakamel.dz\/dz\/wp-json\/wp\/v2\/media\/6633"}],"wp:attachment":[{"href":"https:\/\/eurlhosnakamel.dz\/dz\/wp-json\/wp\/v2\/media?parent=6631"}],"wp:term":[{"taxonomy":"product_cat","embeddable":true,"href":"https:\/\/eurlhosnakamel.dz\/dz\/wp-json\/wp\/v2\/product_cat?post=6631"},{"taxonomy":"product_tag","embeddable":true,"href":"https:\/\/eurlhosnakamel.dz\/dz\/wp-json\/wp\/v2\/product_tag?post=6631"}],"curies":[{"name":"wp","href":"https:\/\/api.w.org\/{rel}","templated":true}]}}