{"id":6641,"date":"2020-04-20T15:10:23","date_gmt":"2020-04-20T15:10:23","guid":{"rendered":"https:\/\/lhchosting.com\/hosna\/?post_type=product&#038;p=6641"},"modified":"2021-12-19T09:03:54","modified_gmt":"2021-12-19T09:03:54","slug":"bosch-tronconneuse-gws-7-115-mm-750-w","status":"publish","type":"product","link":"https:\/\/eurlhosnakamel.dz\/dz\/produit\/bosch-tronconneuse-gws-7-115-mm-750-w\/","title":{"rendered":"Meuleuse angulaire 115 mm 750 Watts GWS 750"},"content":{"rendered":"<section id=\"technicaldata\" class=\"o-technical_details-a trackingModule\">\n<div class=\"container\">\n<div class=\"row\">\n<div class=\"col-xs-12\">\n<h4 class=\"headline hl1\"><strong>Caract\u00e9ristiques techniques<\/strong><\/h4>\n<\/div>\n<\/div>\n<div class=\"row\">\n<div class=\"col-lg-8 col-xs-12\">\n<table class=\"table\">\n<colgroup>\n<col class=\"col-xs-5\" \/>\n<col class=\"col-xs-3\" \/><\/colgroup>\n<thead>\n<tr>\n<th class=\"headline hl4\" colspan=\"2\">Donn\u00e9es suppl\u00e9mentaires<\/th>\n<\/tr>\n<\/thead>\n<tbody>\n<tr>\n<td>Puissance absorb\u00e9e nominale*<\/td>\n<td>720\u00a0W<\/td>\n<\/tr>\n<tr>\n<td>R\u00e9gime \u00e0 vide*<\/td>\n<td>11,000\u00a0t\/min<\/td>\n<\/tr>\n<tr>\n<td>Disque, \u00d8*<\/td>\n<td>115\u00a0mm<\/td>\n<\/tr>\n<tr>\n<td>Puissance restitu\u00e9e<\/td>\n<td>300\u00a0W<\/td>\n<\/tr>\n<tr>\n<td>Filetage de la broche<\/td>\n<td>M 14<\/td>\n<\/tr>\n<tr>\n<td>Plateau de pon\u00e7age souple, \u00d8<\/td>\n<td>115\u00a0mm<\/td>\n<\/tr>\n<tr>\n<td>Brosse boisseau, \u00d8<\/td>\n<td>75\u00a0mm<\/td>\n<\/tr>\n<tr>\n<td>Poids<\/td>\n<td>1,9\u00a0kg<\/td>\n<\/tr>\n<tr>\n<td>Interrupteur<\/td>\n<td>2 voies<\/td>\n<\/tr>\n<\/tbody>\n<\/table>\n<table class=\"table\">\n<colgroup>\n<col class=\"col-xs-5\" \/>\n<col class=\"col-xs-3\" \/><\/colgroup>\n<thead>\n<tr>\n<th class=\"headline hl4\" colspan=\"2\">Valeurs totales des vibrations (Pon\u00e7age des surfaces (d\u00e9grossissage))<\/th>\n<\/tr>\n<\/thead>\n<tbody>\n<tr>\n<td>Valeur d\u2019\u00e9mission vibratoire ah<\/td>\n<td>6,5\u00a0m\/s\u00b2<\/td>\n<\/tr>\n<tr>\n<td>Incertitude K<\/td>\n<td>1,5\u00a0m\/s\u00b2<\/td>\n<\/tr>\n<\/tbody>\n<\/table>\n<table class=\"table\">\n<colgroup>\n<col class=\"col-xs-5\" \/>\n<col class=\"col-xs-3\" \/><\/colgroup>\n<thead>\n<tr>\n<th class=\"headline hl4\" colspan=\"2\">Valeurs totales des vibrations (Pon\u00e7age avec feuille abrasive)<\/th>\n<\/tr>\n<\/thead>\n<tbody>\n<tr>\n<td>Valeur d\u2019\u00e9mission vibratoire ah<\/td>\n<td>3,5\u00a0m\/s\u00b2<\/td>\n<\/tr>\n<tr>\n<td>Incertitude K<\/td>\n<td>1,5\u00a0m\/s\u00b2<\/td>\n<\/tr>\n<\/tbody>\n<\/table>\n<p>* Donn\u00e9es mises en surbrillance<\/p>\n<p>Le niveau sonore pond\u00e9r\u00e9 A de l&#8217;outil \u00e9lectroportatif est typiquement de : niveau de pression acoustique 91 dB(A) ; niveau de puissance acoustique 102 dB(A). Incertitude K = 3 dB.<\/p>\n<\/div>\n<div class=\"col-lg-4 col-xs-12\">\n<div class=\"o-technical_details-a__imagewrapper\"><img decoding=\"async\" class=\"img-responsive ls-is-cached lazyloaded alignleft\" src=\"https:\/\/www.bosch-professional.com\/binary\/ocsmedia\/optimized\/767x767\/o72850v16_GWS-7-115.jpg\" alt=\"\" \/><\/div>\n<\/div>\n<\/div>\n<\/div>\n<\/section>\n<section id=\"highlights\" class=\"m-product_hightlights trackingModule\">\n<div class=\"container\">\n<h4 class=\"headline hl1\"><strong>Avantages<\/strong><\/h4>\n<div class=\"row\">\n<div class=\"col-md-6\">\n<div class=\"m-product_hightlights__content-wrapper\">\n<h4 class=\"headline hl4\"><strong>Le plus petit diam\u00e8tre de poign\u00e9e pour une puissance de 720 W<\/strong><\/h4>\n<ul class=\"m-product_hightlights__list\">\n<li>La surface de pr\u00e9hension la plus petite (176 mm) de toutes les meuleuses angulaires de sa cat\u00e9gorie de puissance, pour un travail particuli\u00e8rement agr\u00e9able<\/li>\n<li>Puissant moteur de 720 W et un poids de seulement 1,9 kg pour une utilisation continue<\/li>\n<li>T\u00eate de r\u00e9ducteur ultra plate pour travailler confortablement m\u00eame dans les endroits difficiles d\u2019acc\u00e8s<\/li>\n<\/ul>\n<\/div>\n<\/div>\n<div class=\"col-md-6\">\n<h4 class=\"headline hl4\"><strong>Fonctions<\/strong><\/h4>\n<div class=\"image-row bsTooltip__wrapper\">\n<div class=\"image-col bsTooltip\" title=\"\" data-content=\"Excellente protection de l\u2019utilisateur gr\u00e2ce au capot de protection antirotation ind\u00e9formable qui reste entier m\u00eame en cas de cassure du disque\" data-original-title=\"\"><img decoding=\"async\" class=\"img-responsive ls-is-cached lazyloaded alignleft\" src=\"https:\/\/www.bosch-professional.com\/binary\/ocsmedia\/optimized\/100x100\/o27716v54_Bosch_BI_Icon_Protection_Guard.png\" alt=\"Excellente protection de l\u2019utilisateur gr\u00e2ce au capot de protection antirotation ind\u00e9formable qui reste entier m\u00eame en cas de cassure du disque\" data-sizes=\"(max-width: 767px) 100px, (min-width: 768px) and (max-width: 991px) 100px, (-webkit-min-device-pixel-ratio: 2.0) and (min-width: 1000px) 200px, 100px\" data-srcset=\"https:\/\/www.bosch-professional.com\/binary\/ocsmedia\/optimized\/100x100\/o27716v54_Bosch_BI_Icon_Protection_Guard.png 100w, https:\/\/www.bosch-professional.com\/binary\/ocsmedia\/optimized\/100x100\/o27716v54_Bosch_BI_Icon_Protection_Guard.png 100w, https:\/\/www.bosch-professional.com\/binary\/ocsmedia\/optimized\/100x100\/o27716v54_Bosch_BI_Icon_Protection_Guard.png 100w, https:\/\/www.bosch-professional.com\/binary\/ocsmedia\/optimized\/200x200\/o27716v54_Bosch_BI_Icon_Protection_Guard.png 200w\" data-src=\"https:\/\/www.bosch-professional.com\/binary\/ocsmedia\/optimized\/100x100\/o27716v54_Bosch_BI_Icon_Protection_Guard.png\" \/><\/div>\n<div class=\"image-col bsTooltip\" title=\"\" data-content=\"Syst\u00e8me Click &amp; Clean \u2013 3 grands avantages Une visibilit\u00e9 parfaite de la surface de travail : pour un travail plus pr\u00e9cis et plus rapide Les poussi\u00e8res nocives sont aspir\u00e9es l\u00e0 o\u00f9 elles sont produites : prot\u00e8ge la sant\u00e9 Moins de poussi\u00e8re : prolonge la dur\u00e9e de vie de l\u2019outil et des accessoires\" data-original-title=\"\"><img decoding=\"async\" class=\"img-responsive ls-is-cached lazyloaded alignleft\" src=\"https:\/\/www.bosch-professional.com\/binary\/ocsmedia\/optimized\/100x100\/o123050v54_Bosch_BI_Icon_ClickClean.png\" alt=\"Syst\u00e8me Click &amp; Clean \u2013 3 grands avantages Une visibilit\u00e9 parfaite de la surface de travail : pour un travail plus pr\u00e9cis et plus rapide Les poussi\u00e8res nocives sont aspir\u00e9es l\u00e0 o\u00f9 elles sont produites : prot\u00e8ge la sant\u00e9 Moins de poussi\u00e8re : prolonge la dur\u00e9e de vie de l\u2019outil et des accessoires\" data-sizes=\"(max-width: 767px) 100px, (min-width: 768px) and (max-width: 991px) 100px, (-webkit-min-device-pixel-ratio: 2.0) and (min-width: 1000px) 200px, 100px\" data-srcset=\"https:\/\/www.bosch-professional.com\/binary\/ocsmedia\/optimized\/100x100\/o123050v54_Bosch_BI_Icon_ClickClean.png 100w, https:\/\/www.bosch-professional.com\/binary\/ocsmedia\/optimized\/100x100\/o123050v54_Bosch_BI_Icon_ClickClean.png 100w, https:\/\/www.bosch-professional.com\/binary\/ocsmedia\/optimized\/100x100\/o123050v54_Bosch_BI_Icon_ClickClean.png 100w, https:\/\/www.bosch-professional.com\/binary\/ocsmedia\/optimized\/200x200\/o123050v54_Bosch_BI_Icon_ClickClean.png 200w\" data-src=\"https:\/\/www.bosch-professional.com\/binary\/ocsmedia\/optimized\/100x100\/o123050v54_Bosch_BI_Icon_ClickClean.png\" \/><\/div>\n<div class=\"image-col bsTooltip\" title=\"\" data-content=\"Refroidissement direct Pour une capacit\u00e9 de surcharge \u00e9lev\u00e9e et une grande long\u00e9vit\u00e9.\" data-original-title=\"\"><img decoding=\"async\" class=\"img-responsive ls-is-cached lazyloaded alignleft\" src=\"https:\/\/www.bosch-professional.com\/binary\/ocsmedia\/optimized\/100x100\/o27715v54_lv-27715-13-Bosch_BI_Icon_DirectCooling.png\" alt=\"Refroidissement direct Pour une capacit\u00e9 de surcharge \u00e9lev\u00e9e et une grande long\u00e9vit\u00e9.\" data-sizes=\"(max-width: 767px) 100px, (min-width: 768px) and (max-width: 991px) 100px, (-webkit-min-device-pixel-ratio: 2.0) and (min-width: 1000px) 200px, 100px\" data-srcset=\"https:\/\/www.bosch-professional.com\/binary\/ocsmedia\/optimized\/100x100\/o27715v54_lv-27715-13-Bosch_BI_Icon_DirectCooling.png 100w, https:\/\/www.bosch-professional.com\/binary\/ocsmedia\/optimized\/100x100\/o27715v54_lv-27715-13-Bosch_BI_Icon_DirectCooling.png 100w, https:\/\/www.bosch-professional.com\/binary\/ocsmedia\/optimized\/100x100\/o27715v54_lv-27715-13-Bosch_BI_Icon_DirectCooling.png 100w, https:\/\/www.bosch-professional.com\/binary\/ocsmedia\/optimized\/200x200\/o27715v54_lv-27715-13-Bosch_BI_Icon_DirectCooling.png 200w\" data-src=\"https:\/\/www.bosch-professional.com\/binary\/ocsmedia\/optimized\/100x100\/o27715v54_lv-27715-13-Bosch_BI_Icon_DirectCooling.png\" \/><\/div>\n<\/div>\n<\/div>\n<\/div>\n<\/div>\n<\/section>\n<section id=\"pricescope\" class=\"o-product_variations-a trackingModule\">\n<div class=\"o-product_variations-a__container container\">\n<div class=\"o-product_variations-a__row row\">\n<div class=\"m-detail_stage\">\n<div class=\"m-detail_stage__headline col-xs-12\">\n<h4 class=\"headline hl1\"><strong>Ce qui est inclus dans ce paquet<\/strong><\/h4>\n<\/div>\n<div class=\"m-detail_stage__image col-sm-5\"><img decoding=\"async\" class=\"img-responsive alignleft\" src=\"https:\/\/www.bosch-professional.com\/binary\/ocsmedia\/optimized\/530x530\/o67036v54_67036.png\" alt=\"avec pack d\u2019accessoires\" \/><\/div>\n<\/div>\n<div class=\"m-conversion_area\">\n<div class=\"m-conversion_area__col\">\n<div class=\"m-conversion_area__information\">\n<div class=\"m-conversion_area__headline m-conversion_area__headline--hl3\">\n<div class=\"headline hl3\">avec pack d\u2019accessoires<\/div>\n<\/div>\n<div class=\"m-conversion_area__headline m-conversion_area__headline--hl5\">\n<div class=\"headline hl5\">R\u00e9f\u00e9rence:\u00a0<span class=\"a-ordernumber\">0\u00a0601\u00a0388\u00a0101<\/span><\/div>\n<\/div>\n<ul class=\"m-conversion_area__ul\">\n<li class=\"m-conversion_area__li\">Flasque de serrage (r\u00e9f. pi\u00e8ce de rechange 2 605 703 014)<\/li>\n<li class=\"m-conversion_area__li\">Capot de protection <span class=\"a-ordernumber grey-text grey-text\">1\u00a0619\u00a0P06\u00a0547<\/span><\/li>\n<li class=\"m-conversion_area__li\">\u00c9crou de serrage <span class=\"a-ordernumber grey-text grey-text\">1\u00a0603\u00a0340\u00a0040<\/span><\/li>\n<li class=\"m-conversion_area__li\">Poign\u00e9e suppl\u00e9mentaire (r\u00e9f. pi\u00e8ce de rechange 2 602 025 067)<\/li>\n<li class=\"m-conversion_area__li\">Cl\u00e9 \u00e0 ergots (r\u00e9f. pi\u00e8ce de rechange 1 607 950 060)<\/li>\n<\/ul>\n<\/div>\n<\/div>\n<\/div>\n<\/div>\n<\/div>\n<\/section>\n","protected":false},"excerpt":{"rendered":"<h4><strong>Le plus petit diam\u00e8tre de poign\u00e9e pour une puissance de 720 W<\/strong><\/h4>\n<p><img decoding=\"async\" class=\"alignnone size-medium wp-image-6619\" src=\"https:\/\/lhchosting.com\/hosna\/wp-content\/uploads\/2020\/04\/BOSCH-TRONCONNEUSE-GWS7.115mm-750W3-DISQUE-METAL-icone-eurl-hosna-kamel-algerie-300x110.jpg\" alt=\"\" width=\"300\" height=\"110\" srcset=\"https:\/\/eurlhosnakamel.dz\/dz\/wp-content\/uploads\/2020\/04\/BOSCH-TRONCONNEUSE-GWS7.115mm-750W3-DISQUE-METAL-icone-eurl-hosna-kamel-algerie-300x110.jpg 300w, https:\/\/eurlhosnakamel.dz\/dz\/wp-content\/uploads\/2020\/04\/BOSCH-TRONCONNEUSE-GWS7.115mm-750W3-DISQUE-METAL-icone-eurl-hosna-kamel-algerie-200x73.jpg 200w, https:\/\/eurlhosnakamel.dz\/dz\/wp-content\/uploads\/2020\/04\/BOSCH-TRONCONNEUSE-GWS7.115mm-750W3-DISQUE-METAL-icone-eurl-hosna-kamel-algerie.jpg 345w\" sizes=\"(max-width: 300px) 100vw, 300px\" \/><\/p>\n","protected":false},"featured_media":6643,"template":"","meta":[],"product_cat":[405,441],"product_tag":[1341,2422],"class_list":{"0":"post-6641","1":"product","2":"type-product","3":"status-publish","4":"has-post-thumbnail","6":"product_cat-outillage","7":"product_cat-outillage-filaire","8":"product_tag-bosch-tronconneuse-gws-7-115-mm-750-w","9":"product_tag-gws-750","10":"product_brand-bosch-outillage","12":"first","13":"instock","14":"shipping-taxable","15":"product-type-simple","16":"col-xs-6 col-sm-4","17":"col-md-3 col-lg-3","18":"un-4-cols"},"yoast_head":"<!-- This site is optimized with the Yoast SEO plugin v22.5 - https:\/\/yoast.com\/wordpress\/plugins\/seo\/ -->\n<title>Meuleuse angulaire 115 mm 750 Watts GWS 750 - EURL HOSNA KAMEL<\/title>\n<meta name=\"description\" content=\"Meuleuse angulaire 115 mm 750 Watts GWS 750 - EURL HOSNA KAMEL\" \/>\n<meta name=\"robots\" content=\"index, follow, max-snippet:-1, max-image-preview:large, max-video-preview:-1\" \/>\n<link rel=\"canonical\" href=\"https:\/\/eurlhosnakamel.dz\/dz\/produit\/bosch-tronconneuse-gws-7-115-mm-750-w\/\" \/>\n<meta property=\"og:locale\" content=\"fr_FR\" \/>\n<meta property=\"og:type\" content=\"article\" \/>\n<meta property=\"og:title\" content=\"Meuleuse angulaire 115 mm 750 Watts GWS 750 - EURL HOSNA KAMEL\" \/>\n<meta property=\"og:description\" content=\"Meuleuse angulaire 115 mm 750 Watts GWS 750 - EURL HOSNA KAMEL\" \/>\n<meta property=\"og:url\" content=\"https:\/\/eurlhosnakamel.dz\/dz\/produit\/bosch-tronconneuse-gws-7-115-mm-750-w\/\" \/>\n<meta property=\"og:site_name\" content=\"EURL HOSNA KAMEL\" \/>\n<meta property=\"article:publisher\" content=\"https:\/\/www.facebook.com\/Eurl.Hosna.DZ\/\" \/>\n<meta property=\"article:modified_time\" content=\"2021-12-19T09:03:54+00:00\" \/>\n<meta property=\"og:image\" content=\"https:\/\/eurlhosnakamel.dz\/dz\/wp-content\/uploads\/2020\/04\/BOSCH-TRONCONNEUSE-GWS7.115mm-750W-eurl-hosna-kamel-algerie.jpg\" \/>\n\t<meta property=\"og:image:width\" content=\"512\" \/>\n\t<meta property=\"og:image:height\" content=\"512\" \/>\n\t<meta property=\"og:image:type\" content=\"image\/jpeg\" \/>\n<meta name=\"twitter:card\" content=\"summary_large_image\" \/>\n<meta name=\"twitter:label1\" content=\"Dur\u00e9e de lecture estim\u00e9e\" \/>\n\t<meta name=\"twitter:data1\" content=\"1 minute\" \/>\n<script type=\"application\/ld+json\" class=\"yoast-schema-graph\">{\"@context\":\"https:\/\/schema.org\",\"@graph\":[{\"@type\":\"WebPage\",\"@id\":\"https:\/\/eurlhosnakamel.dz\/dz\/produit\/bosch-tronconneuse-gws-7-115-mm-750-w\/\",\"url\":\"https:\/\/eurlhosnakamel.dz\/dz\/produit\/bosch-tronconneuse-gws-7-115-mm-750-w\/\",\"name\":\"Meuleuse angulaire 115 mm 750 Watts GWS 750 - EURL HOSNA KAMEL\",\"isPartOf\":{\"@id\":\"https:\/\/eurlhosnakamel.dz\/dz\/#website\"},\"primaryImageOfPage\":{\"@id\":\"https:\/\/eurlhosnakamel.dz\/dz\/produit\/bosch-tronconneuse-gws-7-115-mm-750-w\/#primaryimage\"},\"image\":{\"@id\":\"https:\/\/eurlhosnakamel.dz\/dz\/produit\/bosch-tronconneuse-gws-7-115-mm-750-w\/#primaryimage\"},\"thumbnailUrl\":\"https:\/\/eurlhosnakamel.dz\/dz\/wp-content\/uploads\/2020\/04\/BOSCH-TRONCONNEUSE-GWS7.115mm-750W-eurl-hosna-kamel-algerie.jpg\",\"datePublished\":\"2020-04-20T15:10:23+00:00\",\"dateModified\":\"2021-12-19T09:03:54+00:00\",\"description\":\"Meuleuse angulaire 115 mm 750 Watts GWS 750 - EURL HOSNA KAMEL\",\"breadcrumb\":{\"@id\":\"https:\/\/eurlhosnakamel.dz\/dz\/produit\/bosch-tronconneuse-gws-7-115-mm-750-w\/#breadcrumb\"},\"inLanguage\":\"fr-FR\",\"potentialAction\":[{\"@type\":\"ReadAction\",\"target\":[\"https:\/\/eurlhosnakamel.dz\/dz\/produit\/bosch-tronconneuse-gws-7-115-mm-750-w\/\"]}]},{\"@type\":\"ImageObject\",\"inLanguage\":\"fr-FR\",\"@id\":\"https:\/\/eurlhosnakamel.dz\/dz\/produit\/bosch-tronconneuse-gws-7-115-mm-750-w\/#primaryimage\",\"url\":\"https:\/\/eurlhosnakamel.dz\/dz\/wp-content\/uploads\/2020\/04\/BOSCH-TRONCONNEUSE-GWS7.115mm-750W-eurl-hosna-kamel-algerie.jpg\",\"contentUrl\":\"https:\/\/eurlhosnakamel.dz\/dz\/wp-content\/uploads\/2020\/04\/BOSCH-TRONCONNEUSE-GWS7.115mm-750W-eurl-hosna-kamel-algerie.jpg\",\"width\":512,\"height\":512},{\"@type\":\"BreadcrumbList\",\"@id\":\"https:\/\/eurlhosnakamel.dz\/dz\/produit\/bosch-tronconneuse-gws-7-115-mm-750-w\/#breadcrumb\",\"itemListElement\":[{\"@type\":\"ListItem\",\"position\":1,\"name\":\"Accueil\",\"item\":\"https:\/\/eurlhosnakamel.dz\/dz\/\"},{\"@type\":\"ListItem\",\"position\":2,\"name\":\"Shop\",\"item\":\"https:\/\/eurlhosnakamel.dz\/dz\/shop\/\"},{\"@type\":\"ListItem\",\"position\":3,\"name\":\"Meuleuse angulaire 115 mm 750 Watts GWS 750\"}]},{\"@type\":\"WebSite\",\"@id\":\"https:\/\/eurlhosnakamel.dz\/dz\/#website\",\"url\":\"https:\/\/eurlhosnakamel.dz\/dz\/\",\"name\":\"EURL HOSNA KAMEL\",\"description\":\"Fournisseur Premium d&#039;Outillages Professionnels en Alg\u00e9rie -\",\"publisher\":{\"@id\":\"https:\/\/eurlhosnakamel.dz\/dz\/#organization\"},\"potentialAction\":[{\"@type\":\"SearchAction\",\"target\":{\"@type\":\"EntryPoint\",\"urlTemplate\":\"https:\/\/eurlhosnakamel.dz\/dz\/?s={search_term_string}\"},\"query-input\":\"required name=search_term_string\"}],\"inLanguage\":\"fr-FR\"},{\"@type\":\"Organization\",\"@id\":\"https:\/\/eurlhosnakamel.dz\/dz\/#organization\",\"name\":\"EURL HOSNA KAMEL - Bosch alg\u00e9rie\",\"url\":\"https:\/\/eurlhosnakamel.dz\/dz\/\",\"logo\":{\"@type\":\"ImageObject\",\"inLanguage\":\"fr-FR\",\"@id\":\"https:\/\/eurlhosnakamel.dz\/dz\/#\/schema\/logo\/image\/\",\"url\":\"https:\/\/eurlhosnakamel.dz\/wp-content\/uploads\/2020\/04\/LOGO-HOSNA1.png\",\"contentUrl\":\"https:\/\/eurlhosnakamel.dz\/wp-content\/uploads\/2020\/04\/LOGO-HOSNA1.png\",\"width\":120,\"height\":127,\"caption\":\"EURL HOSNA KAMEL - Bosch alg\u00e9rie\"},\"image\":{\"@id\":\"https:\/\/eurlhosnakamel.dz\/dz\/#\/schema\/logo\/image\/\"},\"sameAs\":[\"https:\/\/www.facebook.com\/Eurl.Hosna.DZ\/\"]}]}<\/script>\n<!-- \/ Yoast SEO plugin. -->","yoast_head_json":{"title":"Meuleuse angulaire 115 mm 750 Watts GWS 750 - EURL HOSNA KAMEL","description":"Meuleuse angulaire 115 mm 750 Watts GWS 750 - EURL HOSNA KAMEL","robots":{"index":"index","follow":"follow","max-snippet":"max-snippet:-1","max-image-preview":"max-image-preview:large","max-video-preview":"max-video-preview:-1"},"canonical":"https:\/\/eurlhosnakamel.dz\/dz\/produit\/bosch-tronconneuse-gws-7-115-mm-750-w\/","og_locale":"fr_FR","og_type":"article","og_title":"Meuleuse angulaire 115 mm 750 Watts GWS 750 - EURL HOSNA KAMEL","og_description":"Meuleuse angulaire 115 mm 750 Watts GWS 750 - EURL HOSNA KAMEL","og_url":"https:\/\/eurlhosnakamel.dz\/dz\/produit\/bosch-tronconneuse-gws-7-115-mm-750-w\/","og_site_name":"EURL HOSNA KAMEL","article_publisher":"https:\/\/www.facebook.com\/Eurl.Hosna.DZ\/","article_modified_time":"2021-12-19T09:03:54+00:00","og_image":[{"width":512,"height":512,"url":"https:\/\/eurlhosnakamel.dz\/dz\/wp-content\/uploads\/2020\/04\/BOSCH-TRONCONNEUSE-GWS7.115mm-750W-eurl-hosna-kamel-algerie.jpg","type":"image\/jpeg"}],"twitter_card":"summary_large_image","twitter_misc":{"Dur\u00e9e de lecture estim\u00e9e":"1 minute"},"schema":{"@context":"https:\/\/schema.org","@graph":[{"@type":"WebPage","@id":"https:\/\/eurlhosnakamel.dz\/dz\/produit\/bosch-tronconneuse-gws-7-115-mm-750-w\/","url":"https:\/\/eurlhosnakamel.dz\/dz\/produit\/bosch-tronconneuse-gws-7-115-mm-750-w\/","name":"Meuleuse angulaire 115 mm 750 Watts GWS 750 - EURL HOSNA KAMEL","isPartOf":{"@id":"https:\/\/eurlhosnakamel.dz\/dz\/#website"},"primaryImageOfPage":{"@id":"https:\/\/eurlhosnakamel.dz\/dz\/produit\/bosch-tronconneuse-gws-7-115-mm-750-w\/#primaryimage"},"image":{"@id":"https:\/\/eurlhosnakamel.dz\/dz\/produit\/bosch-tronconneuse-gws-7-115-mm-750-w\/#primaryimage"},"thumbnailUrl":"https:\/\/eurlhosnakamel.dz\/dz\/wp-content\/uploads\/2020\/04\/BOSCH-TRONCONNEUSE-GWS7.115mm-750W-eurl-hosna-kamel-algerie.jpg","datePublished":"2020-04-20T15:10:23+00:00","dateModified":"2021-12-19T09:03:54+00:00","description":"Meuleuse angulaire 115 mm 750 Watts GWS 750 - EURL HOSNA KAMEL","breadcrumb":{"@id":"https:\/\/eurlhosnakamel.dz\/dz\/produit\/bosch-tronconneuse-gws-7-115-mm-750-w\/#breadcrumb"},"inLanguage":"fr-FR","potentialAction":[{"@type":"ReadAction","target":["https:\/\/eurlhosnakamel.dz\/dz\/produit\/bosch-tronconneuse-gws-7-115-mm-750-w\/"]}]},{"@type":"ImageObject","inLanguage":"fr-FR","@id":"https:\/\/eurlhosnakamel.dz\/dz\/produit\/bosch-tronconneuse-gws-7-115-mm-750-w\/#primaryimage","url":"https:\/\/eurlhosnakamel.dz\/dz\/wp-content\/uploads\/2020\/04\/BOSCH-TRONCONNEUSE-GWS7.115mm-750W-eurl-hosna-kamel-algerie.jpg","contentUrl":"https:\/\/eurlhosnakamel.dz\/dz\/wp-content\/uploads\/2020\/04\/BOSCH-TRONCONNEUSE-GWS7.115mm-750W-eurl-hosna-kamel-algerie.jpg","width":512,"height":512},{"@type":"BreadcrumbList","@id":"https:\/\/eurlhosnakamel.dz\/dz\/produit\/bosch-tronconneuse-gws-7-115-mm-750-w\/#breadcrumb","itemListElement":[{"@type":"ListItem","position":1,"name":"Accueil","item":"https:\/\/eurlhosnakamel.dz\/dz\/"},{"@type":"ListItem","position":2,"name":"Shop","item":"https:\/\/eurlhosnakamel.dz\/dz\/shop\/"},{"@type":"ListItem","position":3,"name":"Meuleuse angulaire 115 mm 750 Watts GWS 750"}]},{"@type":"WebSite","@id":"https:\/\/eurlhosnakamel.dz\/dz\/#website","url":"https:\/\/eurlhosnakamel.dz\/dz\/","name":"EURL HOSNA KAMEL","description":"Fournisseur Premium d&#039;Outillages Professionnels en Alg\u00e9rie -","publisher":{"@id":"https:\/\/eurlhosnakamel.dz\/dz\/#organization"},"potentialAction":[{"@type":"SearchAction","target":{"@type":"EntryPoint","urlTemplate":"https:\/\/eurlhosnakamel.dz\/dz\/?s={search_term_string}"},"query-input":"required name=search_term_string"}],"inLanguage":"fr-FR"},{"@type":"Organization","@id":"https:\/\/eurlhosnakamel.dz\/dz\/#organization","name":"EURL HOSNA KAMEL - Bosch alg\u00e9rie","url":"https:\/\/eurlhosnakamel.dz\/dz\/","logo":{"@type":"ImageObject","inLanguage":"fr-FR","@id":"https:\/\/eurlhosnakamel.dz\/dz\/#\/schema\/logo\/image\/","url":"https:\/\/eurlhosnakamel.dz\/wp-content\/uploads\/2020\/04\/LOGO-HOSNA1.png","contentUrl":"https:\/\/eurlhosnakamel.dz\/wp-content\/uploads\/2020\/04\/LOGO-HOSNA1.png","width":120,"height":127,"caption":"EURL HOSNA KAMEL - Bosch alg\u00e9rie"},"image":{"@id":"https:\/\/eurlhosnakamel.dz\/dz\/#\/schema\/logo\/image\/"},"sameAs":["https:\/\/www.facebook.com\/Eurl.Hosna.DZ\/"]}]}},"_links":{"self":[{"href":"https:\/\/eurlhosnakamel.dz\/dz\/wp-json\/wp\/v2\/product\/6641","targetHints":{"allow":["GET"]}}],"collection":[{"href":"https:\/\/eurlhosnakamel.dz\/dz\/wp-json\/wp\/v2\/product"}],"about":[{"href":"https:\/\/eurlhosnakamel.dz\/dz\/wp-json\/wp\/v2\/types\/product"}],"wp:featuredmedia":[{"embeddable":true,"href":"https:\/\/eurlhosnakamel.dz\/dz\/wp-json\/wp\/v2\/media\/6643"}],"wp:attachment":[{"href":"https:\/\/eurlhosnakamel.dz\/dz\/wp-json\/wp\/v2\/media?parent=6641"}],"wp:term":[{"taxonomy":"product_cat","embeddable":true,"href":"https:\/\/eurlhosnakamel.dz\/dz\/wp-json\/wp\/v2\/product_cat?post=6641"},{"taxonomy":"product_tag","embeddable":true,"href":"https:\/\/eurlhosnakamel.dz\/dz\/wp-json\/wp\/v2\/product_tag?post=6641"}],"curies":[{"name":"wp","href":"https:\/\/api.w.org\/{rel}","templated":true}]}}