{"id":6651,"date":"2020-04-20T15:17:58","date_gmt":"2020-04-20T15:17:58","guid":{"rendered":"https:\/\/lhchosting.com\/hosna\/?post_type=product&#038;p=6651"},"modified":"2020-04-20T15:17:59","modified_gmt":"2020-04-20T15:17:59","slug":"ada-detecteur-humidite-zht100-00400","status":"publish","type":"product","link":"https:\/\/eurlhosnakamel.dz\/dz\/produit\/ada-detecteur-humidite-zht100-00400\/","title":{"rendered":"ADA DETECTEUR HUMIDITE ZHT100   00400"},"content":{"rendered":"<p>L\u2019Hygrom\u00e8tre ADA ZHT 100 (6 in 1) est \u00e9quip\u00e9 d\u2019un d\u00e9tecteur, qui est utilis\u00e9 pour mesurer des param\u00e8tres environnementaux de stockage et des entrep\u00f4ts industriels. L`appareil mesure l`humidit\u00e9 de l`environnement et la temp\u00e9rature, la temp\u00e9rature du d\u00e9tecteur humide et le point de ros\u00e9e.<\/p>\n<p>L\u2019Hygrom\u00e8tre ADA ZHT 100 (6 in 1) dispose du r\u00e9tro\u00e9clairage de l\u2019\u00e9cran LCD. L`appareil est tr\u00e8s facile \u00e0 manipuler et pratique \u00e0 transporter.<\/p>\n<p>Le d\u00e9tecteur de temp\u00e9rature connectable est utilis\u00e9 pour mesurer la surface de l`objet et la temp\u00e9rature interne. Ces donn\u00e9es peuvent \u00eatre utilis\u00e9es pour le calcul du point de condensation de la surface. L`appareil dispose d`une fonction de la r\u00e9tention MAX\/MIN des donn\u00e9es et de la s\u00e9lection de l`unit\u00e9 de mesure de temp\u00e9rature.<\/p>\n<p>L\u2019Hygrom\u00e8tre ADA ZHT 100 (6 in 1) est largement utilis\u00e9 dans le stockage des produits et dans le transport, dans le stockage des antiquit\u00e9s, dans l`agriculture, l`industrie foresti\u00e8re, l`\u00e9levage des bovins, dans l`inspection de construction, en r\u00e9paration des r\u00e9seaux des conduites de tuyaux etc. Cet Hygrom\u00e8tre destin\u00e9 pour mesurer l`humidit\u00e9 et la temp\u00e9rature, convient parfaitement pour une utilisation pratique dans l`activit\u00e9 professionnelle, ainsi que dans la vie quotidienne.<\/p>\n<p><strong>Fonctions:<\/strong><\/p>\n<ul>\n<li>prise de mesure de l`humidit\u00e9 et de la temp\u00e9rature ambiante;<\/li>\n<li>prise de mesure du point de ros\u00e9e;<\/li>\n<li>d\u00e9tecteur de temp\u00e9rature connectable;<\/li>\n<li>prise des mesures MAX\/MIN;<\/li>\n<li>prise des mesures en \u00b0\u0421 et \u00b0F;<\/li>\n<li>temp\u00e9rature de la bille humide.<\/li>\n<\/ul>\n","protected":false},"excerpt":{"rendered":"<table>\n<tbody>\n<tr>\n<td>Plage de mesure:<br \/>\nTemp\u00e9rature ambiante T1<\/td>\n<td>10\u2103 \u2026 50\u2103<\/td>\n<\/tr>\n<tr>\n<td>D\u00e9tecteur de la temp\u00e9rature externe T2<\/td>\n<td>10\u2103 \u2026 70\u2103<\/td>\n<\/tr>\n<tr>\n<td>Humidit\u00e9<\/td>\n<td>0 \u2026 99.9%<\/td>\n<\/tr>\n<tr>\n<td>Pr\u00e9cision:<br \/>\nTemp\u00e9rature<\/td>\n<td>\u00b11\u2103<\/td>\n<\/tr>\n<tr>\n<td>Temp\u00e9rature du d\u00e9tecteur externe<\/td>\n<td>\u00b11.5\u2103<\/td>\n<\/tr>\n<tr>\n<td>Humidit\u00e9<\/td>\n<td>\u00b13% (diapason 5% ~95% \u00e0 25\u2103)<\/td>\n<\/tr>\n<tr>\n<td>R\u00e9solution:<br \/>\nTemp\u00e9rature<\/td>\n<td>0.1\u2103<\/td>\n<\/tr>\n<tr>\n<td>Humidit\u00e9<\/td>\n<td>0.1%<\/td>\n<\/tr>\n<tr>\n<td>Temps de mesure pr\u00e9cise<\/td>\n<td>&lt;80 secondes<\/td>\n<\/tr>\n<tr>\n<td>Arr\u00eat automatique du r\u00e9tro\u00e9clairage<\/td>\n<td>apr\u00e8s 10 secondes<\/td>\n<\/tr>\n<tr>\n<td>Arr\u00eat automatique de l`alimentation<\/td>\n<td>apr\u00e8s 20 minutes (r\u00e9gime de l`arr\u00eat automatique)<\/td>\n<\/tr>\n<tr>\n<td>Installations connect\u00e9es<\/td>\n<td>d\u00e9tecteur de la temp\u00e9rature externe<\/td>\n<\/tr>\n<tr>\n<td>Source d`alimentation<\/td>\n<td>bloc de batterie 1\u0445 9\u0412 (6F22\/6LR61)<\/td>\n<\/tr>\n<tr>\n<td>Temp\u00e9rature de fonctionnement<\/td>\n<td>0\u2103 \u2026 40\u2103<\/td>\n<\/tr>\n<tr>\n<td>Dimensions<\/td>\n<td>192\u00d761\u00d731 mm<\/td>\n<\/tr>\n<tr>\n<td>Poids<\/td>\n<td>107 g (sans batterie)<\/td>\n<\/tr>\n<\/tbody>\n<\/table>\n","protected":false},"featured_media":6653,"template":"","meta":[],"product_cat":[457],"product_tag":[1345],"class_list":{"0":"post-6651","1":"product","2":"type-product","3":"status-publish","4":"has-post-thumbnail","6":"product_cat-instruments-de-mesure","7":"product_tag-ada-detecteur-humidite-zht100-00400","8":"product_brand-ada","10":"first","11":"instock","12":"shipping-taxable","13":"product-type-simple","14":"col-xs-6 col-sm-4","15":"col-md-3 col-lg-3","16":"un-4-cols"},"yoast_head":"<!-- This site is optimized with the Yoast SEO plugin v22.5 - https:\/\/yoast.com\/wordpress\/plugins\/seo\/ -->\n<title>ADA DETECTEUR HUMIDITE ZHT100  00400 - EURL HOSNA KAMEL<\/title>\n<meta name=\"description\" content=\"ADA DETECTEUR HUMIDITE ZHT100  00400 - EURL HOSNA KAMEL\" \/>\n<meta name=\"robots\" content=\"index, follow, max-snippet:-1, max-image-preview:large, max-video-preview:-1\" \/>\n<link rel=\"canonical\" href=\"https:\/\/eurlhosnakamel.dz\/dz\/produit\/ada-detecteur-humidite-zht100-00400\/\" \/>\n<meta property=\"og:locale\" content=\"fr_FR\" \/>\n<meta property=\"og:type\" content=\"article\" \/>\n<meta property=\"og:title\" content=\"ADA DETECTEUR HUMIDITE ZHT100  00400 - EURL HOSNA KAMEL\" \/>\n<meta property=\"og:description\" content=\"ADA DETECTEUR HUMIDITE ZHT100  00400 - EURL HOSNA KAMEL\" \/>\n<meta property=\"og:url\" content=\"https:\/\/eurlhosnakamel.dz\/dz\/produit\/ada-detecteur-humidite-zht100-00400\/\" \/>\n<meta property=\"og:site_name\" content=\"EURL HOSNA KAMEL\" \/>\n<meta property=\"article:publisher\" content=\"https:\/\/www.facebook.com\/Eurl.Hosna.DZ\/\" \/>\n<meta property=\"article:modified_time\" content=\"2020-04-20T15:17:59+00:00\" \/>\n<meta property=\"og:image\" content=\"https:\/\/eurlhosnakamel.dz\/dz\/wp-content\/uploads\/2020\/04\/10ADA-DETECTEUR-HUMIDITE-ZHT100-00400eurl-hosna-kamel-algerie.jpg\" \/>\n\t<meta property=\"og:image:width\" content=\"512\" \/>\n\t<meta property=\"og:image:height\" content=\"512\" \/>\n\t<meta property=\"og:image:type\" content=\"image\/jpeg\" \/>\n<meta name=\"twitter:card\" content=\"summary_large_image\" \/>\n<meta name=\"twitter:label1\" content=\"Dur\u00e9e de lecture estim\u00e9e\" \/>\n\t<meta name=\"twitter:data1\" content=\"1 minute\" \/>\n<script type=\"application\/ld+json\" class=\"yoast-schema-graph\">{\"@context\":\"https:\/\/schema.org\",\"@graph\":[{\"@type\":\"WebPage\",\"@id\":\"https:\/\/eurlhosnakamel.dz\/dz\/produit\/ada-detecteur-humidite-zht100-00400\/\",\"url\":\"https:\/\/eurlhosnakamel.dz\/dz\/produit\/ada-detecteur-humidite-zht100-00400\/\",\"name\":\"ADA DETECTEUR HUMIDITE ZHT100 00400 - EURL HOSNA KAMEL\",\"isPartOf\":{\"@id\":\"https:\/\/eurlhosnakamel.dz\/dz\/#website\"},\"primaryImageOfPage\":{\"@id\":\"https:\/\/eurlhosnakamel.dz\/dz\/produit\/ada-detecteur-humidite-zht100-00400\/#primaryimage\"},\"image\":{\"@id\":\"https:\/\/eurlhosnakamel.dz\/dz\/produit\/ada-detecteur-humidite-zht100-00400\/#primaryimage\"},\"thumbnailUrl\":\"https:\/\/eurlhosnakamel.dz\/dz\/wp-content\/uploads\/2020\/04\/10ADA-DETECTEUR-HUMIDITE-ZHT100-00400eurl-hosna-kamel-algerie.jpg\",\"datePublished\":\"2020-04-20T15:17:58+00:00\",\"dateModified\":\"2020-04-20T15:17:59+00:00\",\"description\":\"ADA DETECTEUR HUMIDITE ZHT100 00400 - EURL HOSNA KAMEL\",\"breadcrumb\":{\"@id\":\"https:\/\/eurlhosnakamel.dz\/dz\/produit\/ada-detecteur-humidite-zht100-00400\/#breadcrumb\"},\"inLanguage\":\"fr-FR\",\"potentialAction\":[{\"@type\":\"ReadAction\",\"target\":[\"https:\/\/eurlhosnakamel.dz\/dz\/produit\/ada-detecteur-humidite-zht100-00400\/\"]}]},{\"@type\":\"ImageObject\",\"inLanguage\":\"fr-FR\",\"@id\":\"https:\/\/eurlhosnakamel.dz\/dz\/produit\/ada-detecteur-humidite-zht100-00400\/#primaryimage\",\"url\":\"https:\/\/eurlhosnakamel.dz\/dz\/wp-content\/uploads\/2020\/04\/10ADA-DETECTEUR-HUMIDITE-ZHT100-00400eurl-hosna-kamel-algerie.jpg\",\"contentUrl\":\"https:\/\/eurlhosnakamel.dz\/dz\/wp-content\/uploads\/2020\/04\/10ADA-DETECTEUR-HUMIDITE-ZHT100-00400eurl-hosna-kamel-algerie.jpg\",\"width\":512,\"height\":512},{\"@type\":\"BreadcrumbList\",\"@id\":\"https:\/\/eurlhosnakamel.dz\/dz\/produit\/ada-detecteur-humidite-zht100-00400\/#breadcrumb\",\"itemListElement\":[{\"@type\":\"ListItem\",\"position\":1,\"name\":\"Accueil\",\"item\":\"https:\/\/eurlhosnakamel.dz\/dz\/\"},{\"@type\":\"ListItem\",\"position\":2,\"name\":\"Shop\",\"item\":\"https:\/\/eurlhosnakamel.dz\/dz\/shop\/\"},{\"@type\":\"ListItem\",\"position\":3,\"name\":\"ADA DETECTEUR HUMIDITE ZHT100 00400\"}]},{\"@type\":\"WebSite\",\"@id\":\"https:\/\/eurlhosnakamel.dz\/dz\/#website\",\"url\":\"https:\/\/eurlhosnakamel.dz\/dz\/\",\"name\":\"EURL HOSNA KAMEL\",\"description\":\"Fournisseur Premium d&#039;Outillages Professionnels en Alg\u00e9rie -\",\"publisher\":{\"@id\":\"https:\/\/eurlhosnakamel.dz\/dz\/#organization\"},\"potentialAction\":[{\"@type\":\"SearchAction\",\"target\":{\"@type\":\"EntryPoint\",\"urlTemplate\":\"https:\/\/eurlhosnakamel.dz\/dz\/?s={search_term_string}\"},\"query-input\":\"required name=search_term_string\"}],\"inLanguage\":\"fr-FR\"},{\"@type\":\"Organization\",\"@id\":\"https:\/\/eurlhosnakamel.dz\/dz\/#organization\",\"name\":\"EURL HOSNA KAMEL - Bosch alg\u00e9rie\",\"url\":\"https:\/\/eurlhosnakamel.dz\/dz\/\",\"logo\":{\"@type\":\"ImageObject\",\"inLanguage\":\"fr-FR\",\"@id\":\"https:\/\/eurlhosnakamel.dz\/dz\/#\/schema\/logo\/image\/\",\"url\":\"https:\/\/eurlhosnakamel.dz\/wp-content\/uploads\/2020\/04\/LOGO-HOSNA1.png\",\"contentUrl\":\"https:\/\/eurlhosnakamel.dz\/wp-content\/uploads\/2020\/04\/LOGO-HOSNA1.png\",\"width\":120,\"height\":127,\"caption\":\"EURL HOSNA KAMEL - Bosch alg\u00e9rie\"},\"image\":{\"@id\":\"https:\/\/eurlhosnakamel.dz\/dz\/#\/schema\/logo\/image\/\"},\"sameAs\":[\"https:\/\/www.facebook.com\/Eurl.Hosna.DZ\/\"]}]}<\/script>\n<!-- \/ Yoast SEO plugin. -->","yoast_head_json":{"title":"ADA DETECTEUR HUMIDITE ZHT100  00400 - EURL HOSNA KAMEL","description":"ADA DETECTEUR HUMIDITE ZHT100  00400 - EURL HOSNA KAMEL","robots":{"index":"index","follow":"follow","max-snippet":"max-snippet:-1","max-image-preview":"max-image-preview:large","max-video-preview":"max-video-preview:-1"},"canonical":"https:\/\/eurlhosnakamel.dz\/dz\/produit\/ada-detecteur-humidite-zht100-00400\/","og_locale":"fr_FR","og_type":"article","og_title":"ADA DETECTEUR HUMIDITE ZHT100  00400 - EURL HOSNA KAMEL","og_description":"ADA DETECTEUR HUMIDITE ZHT100  00400 - EURL HOSNA KAMEL","og_url":"https:\/\/eurlhosnakamel.dz\/dz\/produit\/ada-detecteur-humidite-zht100-00400\/","og_site_name":"EURL HOSNA KAMEL","article_publisher":"https:\/\/www.facebook.com\/Eurl.Hosna.DZ\/","article_modified_time":"2020-04-20T15:17:59+00:00","og_image":[{"width":512,"height":512,"url":"https:\/\/eurlhosnakamel.dz\/dz\/wp-content\/uploads\/2020\/04\/10ADA-DETECTEUR-HUMIDITE-ZHT100-00400eurl-hosna-kamel-algerie.jpg","type":"image\/jpeg"}],"twitter_card":"summary_large_image","twitter_misc":{"Dur\u00e9e de lecture estim\u00e9e":"1 minute"},"schema":{"@context":"https:\/\/schema.org","@graph":[{"@type":"WebPage","@id":"https:\/\/eurlhosnakamel.dz\/dz\/produit\/ada-detecteur-humidite-zht100-00400\/","url":"https:\/\/eurlhosnakamel.dz\/dz\/produit\/ada-detecteur-humidite-zht100-00400\/","name":"ADA DETECTEUR HUMIDITE ZHT100 00400 - EURL HOSNA KAMEL","isPartOf":{"@id":"https:\/\/eurlhosnakamel.dz\/dz\/#website"},"primaryImageOfPage":{"@id":"https:\/\/eurlhosnakamel.dz\/dz\/produit\/ada-detecteur-humidite-zht100-00400\/#primaryimage"},"image":{"@id":"https:\/\/eurlhosnakamel.dz\/dz\/produit\/ada-detecteur-humidite-zht100-00400\/#primaryimage"},"thumbnailUrl":"https:\/\/eurlhosnakamel.dz\/dz\/wp-content\/uploads\/2020\/04\/10ADA-DETECTEUR-HUMIDITE-ZHT100-00400eurl-hosna-kamel-algerie.jpg","datePublished":"2020-04-20T15:17:58+00:00","dateModified":"2020-04-20T15:17:59+00:00","description":"ADA DETECTEUR HUMIDITE ZHT100 00400 - EURL HOSNA KAMEL","breadcrumb":{"@id":"https:\/\/eurlhosnakamel.dz\/dz\/produit\/ada-detecteur-humidite-zht100-00400\/#breadcrumb"},"inLanguage":"fr-FR","potentialAction":[{"@type":"ReadAction","target":["https:\/\/eurlhosnakamel.dz\/dz\/produit\/ada-detecteur-humidite-zht100-00400\/"]}]},{"@type":"ImageObject","inLanguage":"fr-FR","@id":"https:\/\/eurlhosnakamel.dz\/dz\/produit\/ada-detecteur-humidite-zht100-00400\/#primaryimage","url":"https:\/\/eurlhosnakamel.dz\/dz\/wp-content\/uploads\/2020\/04\/10ADA-DETECTEUR-HUMIDITE-ZHT100-00400eurl-hosna-kamel-algerie.jpg","contentUrl":"https:\/\/eurlhosnakamel.dz\/dz\/wp-content\/uploads\/2020\/04\/10ADA-DETECTEUR-HUMIDITE-ZHT100-00400eurl-hosna-kamel-algerie.jpg","width":512,"height":512},{"@type":"BreadcrumbList","@id":"https:\/\/eurlhosnakamel.dz\/dz\/produit\/ada-detecteur-humidite-zht100-00400\/#breadcrumb","itemListElement":[{"@type":"ListItem","position":1,"name":"Accueil","item":"https:\/\/eurlhosnakamel.dz\/dz\/"},{"@type":"ListItem","position":2,"name":"Shop","item":"https:\/\/eurlhosnakamel.dz\/dz\/shop\/"},{"@type":"ListItem","position":3,"name":"ADA DETECTEUR HUMIDITE ZHT100 00400"}]},{"@type":"WebSite","@id":"https:\/\/eurlhosnakamel.dz\/dz\/#website","url":"https:\/\/eurlhosnakamel.dz\/dz\/","name":"EURL HOSNA KAMEL","description":"Fournisseur Premium d&#039;Outillages Professionnels en Alg\u00e9rie -","publisher":{"@id":"https:\/\/eurlhosnakamel.dz\/dz\/#organization"},"potentialAction":[{"@type":"SearchAction","target":{"@type":"EntryPoint","urlTemplate":"https:\/\/eurlhosnakamel.dz\/dz\/?s={search_term_string}"},"query-input":"required name=search_term_string"}],"inLanguage":"fr-FR"},{"@type":"Organization","@id":"https:\/\/eurlhosnakamel.dz\/dz\/#organization","name":"EURL HOSNA KAMEL - Bosch alg\u00e9rie","url":"https:\/\/eurlhosnakamel.dz\/dz\/","logo":{"@type":"ImageObject","inLanguage":"fr-FR","@id":"https:\/\/eurlhosnakamel.dz\/dz\/#\/schema\/logo\/image\/","url":"https:\/\/eurlhosnakamel.dz\/wp-content\/uploads\/2020\/04\/LOGO-HOSNA1.png","contentUrl":"https:\/\/eurlhosnakamel.dz\/wp-content\/uploads\/2020\/04\/LOGO-HOSNA1.png","width":120,"height":127,"caption":"EURL HOSNA KAMEL - Bosch alg\u00e9rie"},"image":{"@id":"https:\/\/eurlhosnakamel.dz\/dz\/#\/schema\/logo\/image\/"},"sameAs":["https:\/\/www.facebook.com\/Eurl.Hosna.DZ\/"]}]}},"_links":{"self":[{"href":"https:\/\/eurlhosnakamel.dz\/dz\/wp-json\/wp\/v2\/product\/6651","targetHints":{"allow":["GET"]}}],"collection":[{"href":"https:\/\/eurlhosnakamel.dz\/dz\/wp-json\/wp\/v2\/product"}],"about":[{"href":"https:\/\/eurlhosnakamel.dz\/dz\/wp-json\/wp\/v2\/types\/product"}],"wp:featuredmedia":[{"embeddable":true,"href":"https:\/\/eurlhosnakamel.dz\/dz\/wp-json\/wp\/v2\/media\/6653"}],"wp:attachment":[{"href":"https:\/\/eurlhosnakamel.dz\/dz\/wp-json\/wp\/v2\/media?parent=6651"}],"wp:term":[{"taxonomy":"product_cat","embeddable":true,"href":"https:\/\/eurlhosnakamel.dz\/dz\/wp-json\/wp\/v2\/product_cat?post=6651"},{"taxonomy":"product_tag","embeddable":true,"href":"https:\/\/eurlhosnakamel.dz\/dz\/wp-json\/wp\/v2\/product_tag?post=6651"}],"curies":[{"name":"wp","href":"https:\/\/api.w.org\/{rel}","templated":true}]}}