{"id":6655,"date":"2020-04-20T15:22:04","date_gmt":"2020-04-20T15:22:04","guid":{"rendered":"https:\/\/lhchosting.com\/hosna\/?post_type=product&#038;p=6655"},"modified":"2020-04-20T15:24:10","modified_gmt":"2020-04-20T15:24:10","slug":"ada-basis-20-00117","status":"publish","type":"product","link":"https:\/\/eurlhosnakamel.dz\/dz\/produit\/ada-basis-20-00117\/","title":{"rendered":"ADA BASIS 20    00117"},"content":{"rendered":"<div class=\"thc\">\n<div class=\"thc_body\">\n<p><b>Niveau optique ADA BASIS<\/b>\u00a0avec optique serein et compensateur automatique pour surveillance et les travaux b\u00e2timent. La construction simple na pas besoin de soin sp\u00e9cial et permet de faire le travail pr\u00e9cis sur le chantier.<\/p>\n<p>Niveau optique BASIS a compensateur automatique. Quand loutil est aligne\u00e9 \u00e0 laide de niveau \u00e0 lentille sph\u00e9rique, le m\u00e9canisme de compensation automatique r\u00e9gle la ligne de vis\u00e9e sur le horizon. Cet outil est d\u00e9sign\u00e9 pour le travail stable malgr\u00e9 les conditions denvironnement: vibration et variation de temp\u00e9rature. Le niveau a un limbe horizontal pour les mesures angulaires et fils stadia de r\u00e9ticule peuvent \u00eatre utiliser pour la mesure de distance.<\/p>\n<p>ADA BASIS est d\u00e9sign\u00e9 pour les travaux de b\u00e2timent, surveillance et les travaux ding\u00e9nieur.<\/p>\n<\/div>\n<\/div>\n","protected":false},"excerpt":{"rendered":"<h1>Niveau optique ADA BASIS<\/h1>\n<table class=\"ch\" border=\"1\" cellspacing=\"0\" cellpadding=\"0\">\n<tbody>\n<tr>\n<td>grossissement<\/td>\n<td>20 x<\/td>\n<\/tr>\n<tr>\n<td>carr\u00e9 moyen des erreurs<\/td>\n<td>2,5 mm<\/td>\n<\/tr>\n<tr>\n<td>diam\u00e8tre dobjectif<\/td>\n<td>38 mm<\/td>\n<\/tr>\n<tr>\n<td>minimum distance focale<\/td>\n<td>0.3 m<\/td>\n<\/tr>\n<tr>\n<td>plage daction de compensateur<\/td>\n<td>\u00b115<\/td>\n<\/tr>\n<tr>\n<td>erreur de compensateur<\/td>\n<td>\u00b1 0.5\/1<\/td>\n<\/tr>\n<tr>\n<td>tol\u00e9rance compensateur<\/td>\n<td>\u00b15<\/td>\n<\/tr>\n<tr>\n<td>niveau sph\u00e9rique<\/td>\n<td>8\/2 mm<\/td>\n<\/tr>\n<tr>\n<td>limbe<\/td>\n<td>360\u00b0<\/td>\n<\/tr>\n<tr>\n<td>graduation du cercle horizontal<\/td>\n<td>1\u00b0<\/td>\n<\/tr>\n<tr>\n<td>poids<\/td>\n<td>1.65 kg<\/td>\n<\/tr>\n<tr>\n<td>temp\u00e9rature de service<\/td>\n<td>-25&#8230;+50<\/td>\n<\/tr>\n<\/tbody>\n<\/table>\n","protected":false},"featured_media":6659,"template":"","meta":[],"product_cat":[457],"product_tag":[1349],"class_list":{"0":"post-6655","1":"product","2":"type-product","3":"status-publish","4":"has-post-thumbnail","6":"product_cat-instruments-de-mesure","7":"product_tag-ada-basis-20-00117","8":"product_brand-ada","10":"first","11":"instock","12":"shipping-taxable","13":"product-type-simple","14":"col-xs-6 col-sm-4","15":"col-md-3 col-lg-3","16":"un-4-cols"},"yoast_head":"<!-- This site is optimized with the Yoast SEO plugin v22.5 - https:\/\/yoast.com\/wordpress\/plugins\/seo\/ -->\n<title>ADA BASIS 20  00117 - EURL HOSNA KAMEL<\/title>\n<meta name=\"description\" content=\"ADA BASIS 20  00117 - EURL HOSNA KAMEL\" \/>\n<meta name=\"robots\" content=\"index, follow, max-snippet:-1, max-image-preview:large, max-video-preview:-1\" \/>\n<link rel=\"canonical\" href=\"https:\/\/eurlhosnakamel.dz\/dz\/produit\/ada-basis-20-00117\/\" \/>\n<meta property=\"og:locale\" content=\"fr_FR\" \/>\n<meta property=\"og:type\" content=\"article\" \/>\n<meta property=\"og:title\" content=\"ADA BASIS 20  00117 - EURL HOSNA KAMEL\" \/>\n<meta property=\"og:description\" content=\"ADA BASIS 20  00117 - EURL HOSNA KAMEL\" \/>\n<meta property=\"og:url\" content=\"https:\/\/eurlhosnakamel.dz\/dz\/produit\/ada-basis-20-00117\/\" \/>\n<meta property=\"og:site_name\" content=\"EURL HOSNA KAMEL\" \/>\n<meta property=\"article:publisher\" content=\"https:\/\/www.facebook.com\/Eurl.Hosna.DZ\/\" \/>\n<meta property=\"article:modified_time\" content=\"2020-04-20T15:24:10+00:00\" \/>\n<meta property=\"og:image\" content=\"https:\/\/eurlhosnakamel.dz\/dz\/wp-content\/uploads\/2020\/04\/11ADA-BASIS-20-00117eurl-hosna-kamel-algerie.jpg\" \/>\n\t<meta property=\"og:image:width\" content=\"512\" \/>\n\t<meta property=\"og:image:height\" content=\"512\" \/>\n\t<meta property=\"og:image:type\" content=\"image\/jpeg\" \/>\n<meta name=\"twitter:card\" content=\"summary_large_image\" \/>\n<meta name=\"twitter:label1\" content=\"Dur\u00e9e de lecture estim\u00e9e\" \/>\n\t<meta name=\"twitter:data1\" content=\"1 minute\" \/>\n<script type=\"application\/ld+json\" class=\"yoast-schema-graph\">{\"@context\":\"https:\/\/schema.org\",\"@graph\":[{\"@type\":\"WebPage\",\"@id\":\"https:\/\/eurlhosnakamel.dz\/dz\/produit\/ada-basis-20-00117\/\",\"url\":\"https:\/\/eurlhosnakamel.dz\/dz\/produit\/ada-basis-20-00117\/\",\"name\":\"ADA BASIS 20 00117 - EURL HOSNA KAMEL\",\"isPartOf\":{\"@id\":\"https:\/\/eurlhosnakamel.dz\/dz\/#website\"},\"primaryImageOfPage\":{\"@id\":\"https:\/\/eurlhosnakamel.dz\/dz\/produit\/ada-basis-20-00117\/#primaryimage\"},\"image\":{\"@id\":\"https:\/\/eurlhosnakamel.dz\/dz\/produit\/ada-basis-20-00117\/#primaryimage\"},\"thumbnailUrl\":\"https:\/\/eurlhosnakamel.dz\/dz\/wp-content\/uploads\/2020\/04\/11ADA-BASIS-20-00117eurl-hosna-kamel-algerie.jpg\",\"datePublished\":\"2020-04-20T15:22:04+00:00\",\"dateModified\":\"2020-04-20T15:24:10+00:00\",\"description\":\"ADA BASIS 20 00117 - EURL HOSNA KAMEL\",\"breadcrumb\":{\"@id\":\"https:\/\/eurlhosnakamel.dz\/dz\/produit\/ada-basis-20-00117\/#breadcrumb\"},\"inLanguage\":\"fr-FR\",\"potentialAction\":[{\"@type\":\"ReadAction\",\"target\":[\"https:\/\/eurlhosnakamel.dz\/dz\/produit\/ada-basis-20-00117\/\"]}]},{\"@type\":\"ImageObject\",\"inLanguage\":\"fr-FR\",\"@id\":\"https:\/\/eurlhosnakamel.dz\/dz\/produit\/ada-basis-20-00117\/#primaryimage\",\"url\":\"https:\/\/eurlhosnakamel.dz\/dz\/wp-content\/uploads\/2020\/04\/11ADA-BASIS-20-00117eurl-hosna-kamel-algerie.jpg\",\"contentUrl\":\"https:\/\/eurlhosnakamel.dz\/dz\/wp-content\/uploads\/2020\/04\/11ADA-BASIS-20-00117eurl-hosna-kamel-algerie.jpg\",\"width\":512,\"height\":512},{\"@type\":\"BreadcrumbList\",\"@id\":\"https:\/\/eurlhosnakamel.dz\/dz\/produit\/ada-basis-20-00117\/#breadcrumb\",\"itemListElement\":[{\"@type\":\"ListItem\",\"position\":1,\"name\":\"Accueil\",\"item\":\"https:\/\/eurlhosnakamel.dz\/dz\/\"},{\"@type\":\"ListItem\",\"position\":2,\"name\":\"Shop\",\"item\":\"https:\/\/eurlhosnakamel.dz\/dz\/shop\/\"},{\"@type\":\"ListItem\",\"position\":3,\"name\":\"ADA BASIS 20 00117\"}]},{\"@type\":\"WebSite\",\"@id\":\"https:\/\/eurlhosnakamel.dz\/dz\/#website\",\"url\":\"https:\/\/eurlhosnakamel.dz\/dz\/\",\"name\":\"EURL HOSNA KAMEL\",\"description\":\"Fournisseur Premium d&#039;Outillages Professionnels en Alg\u00e9rie -\",\"publisher\":{\"@id\":\"https:\/\/eurlhosnakamel.dz\/dz\/#organization\"},\"potentialAction\":[{\"@type\":\"SearchAction\",\"target\":{\"@type\":\"EntryPoint\",\"urlTemplate\":\"https:\/\/eurlhosnakamel.dz\/dz\/?s={search_term_string}\"},\"query-input\":\"required name=search_term_string\"}],\"inLanguage\":\"fr-FR\"},{\"@type\":\"Organization\",\"@id\":\"https:\/\/eurlhosnakamel.dz\/dz\/#organization\",\"name\":\"EURL HOSNA KAMEL - Bosch alg\u00e9rie\",\"url\":\"https:\/\/eurlhosnakamel.dz\/dz\/\",\"logo\":{\"@type\":\"ImageObject\",\"inLanguage\":\"fr-FR\",\"@id\":\"https:\/\/eurlhosnakamel.dz\/dz\/#\/schema\/logo\/image\/\",\"url\":\"https:\/\/eurlhosnakamel.dz\/wp-content\/uploads\/2020\/04\/LOGO-HOSNA1.png\",\"contentUrl\":\"https:\/\/eurlhosnakamel.dz\/wp-content\/uploads\/2020\/04\/LOGO-HOSNA1.png\",\"width\":120,\"height\":127,\"caption\":\"EURL HOSNA KAMEL - Bosch alg\u00e9rie\"},\"image\":{\"@id\":\"https:\/\/eurlhosnakamel.dz\/dz\/#\/schema\/logo\/image\/\"},\"sameAs\":[\"https:\/\/www.facebook.com\/Eurl.Hosna.DZ\/\"]}]}<\/script>\n<!-- \/ Yoast SEO plugin. -->","yoast_head_json":{"title":"ADA BASIS 20  00117 - EURL HOSNA KAMEL","description":"ADA BASIS 20  00117 - EURL HOSNA KAMEL","robots":{"index":"index","follow":"follow","max-snippet":"max-snippet:-1","max-image-preview":"max-image-preview:large","max-video-preview":"max-video-preview:-1"},"canonical":"https:\/\/eurlhosnakamel.dz\/dz\/produit\/ada-basis-20-00117\/","og_locale":"fr_FR","og_type":"article","og_title":"ADA BASIS 20  00117 - EURL HOSNA KAMEL","og_description":"ADA BASIS 20  00117 - EURL HOSNA KAMEL","og_url":"https:\/\/eurlhosnakamel.dz\/dz\/produit\/ada-basis-20-00117\/","og_site_name":"EURL HOSNA KAMEL","article_publisher":"https:\/\/www.facebook.com\/Eurl.Hosna.DZ\/","article_modified_time":"2020-04-20T15:24:10+00:00","og_image":[{"width":512,"height":512,"url":"https:\/\/eurlhosnakamel.dz\/dz\/wp-content\/uploads\/2020\/04\/11ADA-BASIS-20-00117eurl-hosna-kamel-algerie.jpg","type":"image\/jpeg"}],"twitter_card":"summary_large_image","twitter_misc":{"Dur\u00e9e de lecture estim\u00e9e":"1 minute"},"schema":{"@context":"https:\/\/schema.org","@graph":[{"@type":"WebPage","@id":"https:\/\/eurlhosnakamel.dz\/dz\/produit\/ada-basis-20-00117\/","url":"https:\/\/eurlhosnakamel.dz\/dz\/produit\/ada-basis-20-00117\/","name":"ADA BASIS 20 00117 - EURL HOSNA KAMEL","isPartOf":{"@id":"https:\/\/eurlhosnakamel.dz\/dz\/#website"},"primaryImageOfPage":{"@id":"https:\/\/eurlhosnakamel.dz\/dz\/produit\/ada-basis-20-00117\/#primaryimage"},"image":{"@id":"https:\/\/eurlhosnakamel.dz\/dz\/produit\/ada-basis-20-00117\/#primaryimage"},"thumbnailUrl":"https:\/\/eurlhosnakamel.dz\/dz\/wp-content\/uploads\/2020\/04\/11ADA-BASIS-20-00117eurl-hosna-kamel-algerie.jpg","datePublished":"2020-04-20T15:22:04+00:00","dateModified":"2020-04-20T15:24:10+00:00","description":"ADA BASIS 20 00117 - EURL HOSNA KAMEL","breadcrumb":{"@id":"https:\/\/eurlhosnakamel.dz\/dz\/produit\/ada-basis-20-00117\/#breadcrumb"},"inLanguage":"fr-FR","potentialAction":[{"@type":"ReadAction","target":["https:\/\/eurlhosnakamel.dz\/dz\/produit\/ada-basis-20-00117\/"]}]},{"@type":"ImageObject","inLanguage":"fr-FR","@id":"https:\/\/eurlhosnakamel.dz\/dz\/produit\/ada-basis-20-00117\/#primaryimage","url":"https:\/\/eurlhosnakamel.dz\/dz\/wp-content\/uploads\/2020\/04\/11ADA-BASIS-20-00117eurl-hosna-kamel-algerie.jpg","contentUrl":"https:\/\/eurlhosnakamel.dz\/dz\/wp-content\/uploads\/2020\/04\/11ADA-BASIS-20-00117eurl-hosna-kamel-algerie.jpg","width":512,"height":512},{"@type":"BreadcrumbList","@id":"https:\/\/eurlhosnakamel.dz\/dz\/produit\/ada-basis-20-00117\/#breadcrumb","itemListElement":[{"@type":"ListItem","position":1,"name":"Accueil","item":"https:\/\/eurlhosnakamel.dz\/dz\/"},{"@type":"ListItem","position":2,"name":"Shop","item":"https:\/\/eurlhosnakamel.dz\/dz\/shop\/"},{"@type":"ListItem","position":3,"name":"ADA BASIS 20 00117"}]},{"@type":"WebSite","@id":"https:\/\/eurlhosnakamel.dz\/dz\/#website","url":"https:\/\/eurlhosnakamel.dz\/dz\/","name":"EURL HOSNA KAMEL","description":"Fournisseur Premium d&#039;Outillages Professionnels en Alg\u00e9rie -","publisher":{"@id":"https:\/\/eurlhosnakamel.dz\/dz\/#organization"},"potentialAction":[{"@type":"SearchAction","target":{"@type":"EntryPoint","urlTemplate":"https:\/\/eurlhosnakamel.dz\/dz\/?s={search_term_string}"},"query-input":"required name=search_term_string"}],"inLanguage":"fr-FR"},{"@type":"Organization","@id":"https:\/\/eurlhosnakamel.dz\/dz\/#organization","name":"EURL HOSNA KAMEL - Bosch alg\u00e9rie","url":"https:\/\/eurlhosnakamel.dz\/dz\/","logo":{"@type":"ImageObject","inLanguage":"fr-FR","@id":"https:\/\/eurlhosnakamel.dz\/dz\/#\/schema\/logo\/image\/","url":"https:\/\/eurlhosnakamel.dz\/wp-content\/uploads\/2020\/04\/LOGO-HOSNA1.png","contentUrl":"https:\/\/eurlhosnakamel.dz\/wp-content\/uploads\/2020\/04\/LOGO-HOSNA1.png","width":120,"height":127,"caption":"EURL HOSNA KAMEL - Bosch alg\u00e9rie"},"image":{"@id":"https:\/\/eurlhosnakamel.dz\/dz\/#\/schema\/logo\/image\/"},"sameAs":["https:\/\/www.facebook.com\/Eurl.Hosna.DZ\/"]}]}},"_links":{"self":[{"href":"https:\/\/eurlhosnakamel.dz\/dz\/wp-json\/wp\/v2\/product\/6655","targetHints":{"allow":["GET"]}}],"collection":[{"href":"https:\/\/eurlhosnakamel.dz\/dz\/wp-json\/wp\/v2\/product"}],"about":[{"href":"https:\/\/eurlhosnakamel.dz\/dz\/wp-json\/wp\/v2\/types\/product"}],"wp:featuredmedia":[{"embeddable":true,"href":"https:\/\/eurlhosnakamel.dz\/dz\/wp-json\/wp\/v2\/media\/6659"}],"wp:attachment":[{"href":"https:\/\/eurlhosnakamel.dz\/dz\/wp-json\/wp\/v2\/media?parent=6655"}],"wp:term":[{"taxonomy":"product_cat","embeddable":true,"href":"https:\/\/eurlhosnakamel.dz\/dz\/wp-json\/wp\/v2\/product_cat?post=6655"},{"taxonomy":"product_tag","embeddable":true,"href":"https:\/\/eurlhosnakamel.dz\/dz\/wp-json\/wp\/v2\/product_tag?post=6655"}],"curies":[{"name":"wp","href":"https:\/\/api.w.org\/{rel}","templated":true}]}}