{"id":6667,"date":"2020-04-20T15:29:06","date_gmt":"2020-04-20T15:29:06","guid":{"rendered":"https:\/\/lhchosting.com\/hosna\/?post_type=product&#038;p=6667"},"modified":"2020-04-20T15:29:06","modified_gmt":"2020-04-20T15:29:06","slug":"ada-rotary-400hv-servo","status":"publish","type":"product","link":"https:\/\/eurlhosnakamel.dz\/dz\/produit\/ada-rotary-400hv-servo\/","title":{"rendered":"ADA ROTARY 400HV SERVO"},"content":{"rendered":"<p><strong><span>Niveau laser ADA ROTARY 400 HV Servo\u00a0<\/span><\/strong><span>\u00a0est un niveau de construction rotatif avec compensateur \u00e9lectronique sur les servocommandes.\u00a0Les servocommandes offrent une pr\u00e9cision de \u00b1 0,15 mm \/ m et une plage de r\u00e9glage de la pente jusqu&#8217;\u00e0 \u00b1 5 \u00b0.<\/span><\/p>\n<p><strong><span>Nivellement automatique.\u00a0<\/span><\/strong><span>\u00a0Le nivellement dans le plan vertical ou horizontal est effectu\u00e9 automatiquement \u00e0 l&#8217;aide des variateurs gr\u00e2ce aux capteurs de pente.\u00a0En cas de d\u00e9shorizontalisation de l&#8217;instrument en raison d&#8217;une pouss\u00e9e accidentelle, l&#8217;instrument cesse de fonctionner, effectue le nivellement \u00e0 l&#8217;aide des variateurs et continue de fonctionner par la suite.<\/span><\/p>\n<p><strong><span>S\u00e9lection manuelle de l&#8217;angle de pente.\u00a0<\/span><\/strong><span>\u00a0La fonction de r\u00e9glage de l&#8217;angle d&#8217;inclinaison de l&#8217;instrument dans les angles \u0425 et Y dans la plage de 5 \u00b0 permet de planifier le niveau des pentes dans le plan horizontal dans toutes les directions.<\/span><\/p>\n<p><strong><span>S\u00e9lection de la vitesse de rotation du laser.\u00a0<\/span><\/strong><span>\u00a0La vitesse de rotation de l&#8217;\u00e9metteur laser est r\u00e9glable de 0 \u00e0 600 tr \/ min.\u00a0Plus la vitesse est \u00e9lev\u00e9e, plus le point laser passe fr\u00e9quemment \u00e0 travers la tige ou le r\u00e9cepteur \u00e0 une longue distance du niveau laser.\u00a0En cas de fonctionnement sans r\u00e9cepteur, il est plus pratique d&#8217;utiliser \u00e0 basse vitesse.<\/span><\/p>\n<p><strong><span>Le mode de num\u00e9risation<\/span><\/strong><span>\u00a0\u00a0est destin\u00e9 \u00e0 fonctionner dans un certain secteur.\u00a0Le secteur est variable d&#8217;un point jusqu&#8217;\u00e0 180 \u00b0.\u00a0Il est n\u00e9cessaire dans le cas o\u00f9 le faisceau est requis \u00e0 un certain endroit uniquement ou en cas de fonctionnement simultan\u00e9 de plusieurs instruments sur le site.\u00a0Le faisceau laser peut \u00eatre d\u00e9plac\u00e9 vers un point sp\u00e9cifi\u00e9 au moyen du panneau de commande \u00e0 distance.<\/span><\/p>\n<p><strong><span>Mode de fonctionnement avec r\u00e9cepteur.\u00a0<\/span><\/strong><span>\u00a0Pour travailler sur de longues distances, un r\u00e9cepteur de faisceau laser inclus dans la livraison doit \u00eatre utilis\u00e9.\u00a0La fixation du r\u00e9cepteur sur la tige permet d&#8217;effectuer les mesures sur un territoire jusqu&#8217;\u00e0 400 m\u00e8tres de diam\u00e8tre.<\/span><\/p>\n<p><strong><span>Panneau de commande \u00e0 distance.\u00a0<\/span><\/strong><span>\u00a0Il est pratique d&#8217;utiliser le panneau de commande \u00e0 distance dans une plage allant jusqu&#8217;\u00e0 20 m\u00e8tres.\u00a0Il n&#8217;est pas n\u00e9cessaire de monter au niveau du laser pour changer les modes de fonctionnement.<\/span><\/p>\n<p><strong><span>Le support universel<\/span><\/strong><span>\u00a0\u00a0permettra de placer le servo ADA ROTARY 400 HV sur une surface verticale (mur) ou de l&#8217;installer sur un tr\u00e9pied pour le marquage vertical.\u00a0Le support est facile \u00e0 installer sur le corps de l&#8217;instrument et \u00e0 retirer de celui-ci.<\/span><\/p>\n<p><strong><span>Le servo ADA ROTARY 400 HV<\/span><\/strong><span>\u00a0\u00a0conviendra parfaitement au marquage horizontal et vertical dans la construction priv\u00e9e et lors des travaux de finition;\u00a0pour l&#8217;installation des lignes de services publics, le marquage des sols et des murs, l&#8217;installation de syst\u00e8mes de cages et de ventilation, lors de l&#8217;am\u00e9nagement du territoire, le marquage des surfaces curvilignes, la r\u00e9alisation de travaux de finition, l&#8217;am\u00e9nagement d&#8217;entr\u00e9es et de sorties sous pente, etc.<\/span><\/p>\n","protected":false},"excerpt":{"rendered":"<h1 class=\"product-title\">Niveau laser Rotary 400 HV laser rotatif horizontal et vertical<\/h1>\n<table>\n<tbody>\n<tr>\n<td><span>Projection laser<\/span><\/td>\n<td><span>1H (360 \u00b0) ou 1V (360 \u00b0)<\/span><\/td>\n<\/tr>\n<tr>\n<td><span>Plage de travail (diam\u00e8tre)<\/span><\/td>\n<td><span>400 m (avec r\u00e9cepteur)\u00a0<\/span><\/td>\n<\/tr>\n<tr>\n<td><span>Pr\u00e9cision<\/span><\/td>\n<td><span>\u00b1 0,15 mm \/ m<\/span><\/td>\n<\/tr>\n<tr>\n<td><span>Modes de mise \u00e0 niveau<\/span><\/td>\n<td><span>Horizontal automatique<\/span><br \/>\n<span>Vertical manuel<\/span><\/td>\n<\/tr>\n<tr>\n<td><span>Diode laser<\/span><\/td>\n<td><span>classe 2, 635 nm, &lt;1 mWt<\/span><\/td>\n<\/tr>\n<tr>\n<td><span>Protection contre la poussi\u00e8re \/ l&#8217;eau<\/span><\/td>\n<td><span>IP 54<\/span><\/td>\n<\/tr>\n<tr>\n<td><span>Temp\u00e9rature de fonctionnement<\/span><\/td>\n<td><span>-10 &#8230; + 40 \u00b0 C<\/span><\/td>\n<\/tr>\n<tr>\n<td><span>Source de courant<\/span><\/td>\n<td><span>4 \u0410\u0410 \/ 1,5 \u0412<\/span><\/td>\n<\/tr>\n<tr>\n<td><span>Fil de tr\u00e9pied<\/span><\/td>\n<td><span>5\/8 &#8220;<\/span><\/td>\n<\/tr>\n<tr>\n<td><span>Dimensions<\/span><\/td>\n<td><span>150\u0445128\u0445161 mm<\/span><\/td>\n<\/tr>\n<tr>\n<td><span>Poids<\/span><\/td>\n<td><span>1,5 kg<\/span><\/td>\n<\/tr>\n<\/tbody>\n<\/table>\n<h1 class=\"product-title\"><\/h1>\n","protected":false},"featured_media":6673,"template":"","meta":[],"product_cat":[457],"product_tag":[1351],"class_list":{"0":"post-6667","1":"product","2":"type-product","3":"status-publish","4":"has-post-thumbnail","6":"product_cat-instruments-de-mesure","7":"product_tag-ada-rotary-400hv-servo","8":"product_brand-ada","10":"first","11":"instock","12":"shipping-taxable","13":"product-type-simple","14":"col-xs-6 col-sm-4","15":"col-md-3 col-lg-3","16":"un-4-cols"},"yoast_head":"<!-- This site is optimized with the Yoast SEO plugin v22.5 - https:\/\/yoast.com\/wordpress\/plugins\/seo\/ -->\n<title>ADA ROTARY 400HV SERVO - EURL HOSNA KAMEL<\/title>\n<meta name=\"description\" content=\"ADA ROTARY 400HV SERVO - EURL HOSNA KAMEL\" \/>\n<meta name=\"robots\" content=\"index, follow, max-snippet:-1, max-image-preview:large, max-video-preview:-1\" \/>\n<link rel=\"canonical\" href=\"https:\/\/eurlhosnakamel.dz\/dz\/produit\/ada-rotary-400hv-servo\/\" \/>\n<meta property=\"og:locale\" content=\"fr_FR\" \/>\n<meta property=\"og:type\" content=\"article\" \/>\n<meta property=\"og:title\" content=\"ADA ROTARY 400HV SERVO - EURL HOSNA KAMEL\" \/>\n<meta property=\"og:description\" content=\"ADA ROTARY 400HV SERVO - EURL HOSNA KAMEL\" \/>\n<meta property=\"og:url\" content=\"https:\/\/eurlhosnakamel.dz\/dz\/produit\/ada-rotary-400hv-servo\/\" \/>\n<meta property=\"og:site_name\" content=\"EURL HOSNA KAMEL\" \/>\n<meta property=\"article:publisher\" content=\"https:\/\/www.facebook.com\/Eurl.Hosna.DZ\/\" \/>\n<meta property=\"og:image\" content=\"https:\/\/eurlhosnakamel.dz\/dz\/wp-content\/uploads\/2020\/04\/13ADA-ROTARY-400HV-SERVOeurl-hosna-kamel-algerie.jpg\" \/>\n\t<meta property=\"og:image:width\" content=\"512\" \/>\n\t<meta property=\"og:image:height\" content=\"512\" \/>\n\t<meta property=\"og:image:type\" content=\"image\/jpeg\" \/>\n<meta name=\"twitter:card\" content=\"summary_large_image\" \/>\n<meta name=\"twitter:label1\" content=\"Dur\u00e9e de lecture estim\u00e9e\" \/>\n\t<meta name=\"twitter:data1\" content=\"2 minutes\" \/>\n<script type=\"application\/ld+json\" class=\"yoast-schema-graph\">{\"@context\":\"https:\/\/schema.org\",\"@graph\":[{\"@type\":\"WebPage\",\"@id\":\"https:\/\/eurlhosnakamel.dz\/dz\/produit\/ada-rotary-400hv-servo\/\",\"url\":\"https:\/\/eurlhosnakamel.dz\/dz\/produit\/ada-rotary-400hv-servo\/\",\"name\":\"ADA ROTARY 400HV SERVO - EURL HOSNA KAMEL\",\"isPartOf\":{\"@id\":\"https:\/\/eurlhosnakamel.dz\/dz\/#website\"},\"primaryImageOfPage\":{\"@id\":\"https:\/\/eurlhosnakamel.dz\/dz\/produit\/ada-rotary-400hv-servo\/#primaryimage\"},\"image\":{\"@id\":\"https:\/\/eurlhosnakamel.dz\/dz\/produit\/ada-rotary-400hv-servo\/#primaryimage\"},\"thumbnailUrl\":\"https:\/\/eurlhosnakamel.dz\/dz\/wp-content\/uploads\/2020\/04\/13ADA-ROTARY-400HV-SERVOeurl-hosna-kamel-algerie.jpg\",\"datePublished\":\"2020-04-20T15:29:06+00:00\",\"dateModified\":\"2020-04-20T15:29:06+00:00\",\"description\":\"ADA ROTARY 400HV SERVO - EURL HOSNA KAMEL\",\"breadcrumb\":{\"@id\":\"https:\/\/eurlhosnakamel.dz\/dz\/produit\/ada-rotary-400hv-servo\/#breadcrumb\"},\"inLanguage\":\"fr-FR\",\"potentialAction\":[{\"@type\":\"ReadAction\",\"target\":[\"https:\/\/eurlhosnakamel.dz\/dz\/produit\/ada-rotary-400hv-servo\/\"]}]},{\"@type\":\"ImageObject\",\"inLanguage\":\"fr-FR\",\"@id\":\"https:\/\/eurlhosnakamel.dz\/dz\/produit\/ada-rotary-400hv-servo\/#primaryimage\",\"url\":\"https:\/\/eurlhosnakamel.dz\/dz\/wp-content\/uploads\/2020\/04\/13ADA-ROTARY-400HV-SERVOeurl-hosna-kamel-algerie.jpg\",\"contentUrl\":\"https:\/\/eurlhosnakamel.dz\/dz\/wp-content\/uploads\/2020\/04\/13ADA-ROTARY-400HV-SERVOeurl-hosna-kamel-algerie.jpg\",\"width\":512,\"height\":512},{\"@type\":\"BreadcrumbList\",\"@id\":\"https:\/\/eurlhosnakamel.dz\/dz\/produit\/ada-rotary-400hv-servo\/#breadcrumb\",\"itemListElement\":[{\"@type\":\"ListItem\",\"position\":1,\"name\":\"Accueil\",\"item\":\"https:\/\/eurlhosnakamel.dz\/dz\/\"},{\"@type\":\"ListItem\",\"position\":2,\"name\":\"Shop\",\"item\":\"https:\/\/eurlhosnakamel.dz\/dz\/shop\/\"},{\"@type\":\"ListItem\",\"position\":3,\"name\":\"ADA ROTARY 400HV SERVO\"}]},{\"@type\":\"WebSite\",\"@id\":\"https:\/\/eurlhosnakamel.dz\/dz\/#website\",\"url\":\"https:\/\/eurlhosnakamel.dz\/dz\/\",\"name\":\"EURL HOSNA KAMEL\",\"description\":\"Fournisseur Premium d&#039;Outillages Professionnels en Alg\u00e9rie -\",\"publisher\":{\"@id\":\"https:\/\/eurlhosnakamel.dz\/dz\/#organization\"},\"potentialAction\":[{\"@type\":\"SearchAction\",\"target\":{\"@type\":\"EntryPoint\",\"urlTemplate\":\"https:\/\/eurlhosnakamel.dz\/dz\/?s={search_term_string}\"},\"query-input\":\"required name=search_term_string\"}],\"inLanguage\":\"fr-FR\"},{\"@type\":\"Organization\",\"@id\":\"https:\/\/eurlhosnakamel.dz\/dz\/#organization\",\"name\":\"EURL HOSNA KAMEL - Bosch alg\u00e9rie\",\"url\":\"https:\/\/eurlhosnakamel.dz\/dz\/\",\"logo\":{\"@type\":\"ImageObject\",\"inLanguage\":\"fr-FR\",\"@id\":\"https:\/\/eurlhosnakamel.dz\/dz\/#\/schema\/logo\/image\/\",\"url\":\"https:\/\/eurlhosnakamel.dz\/wp-content\/uploads\/2020\/04\/LOGO-HOSNA1.png\",\"contentUrl\":\"https:\/\/eurlhosnakamel.dz\/wp-content\/uploads\/2020\/04\/LOGO-HOSNA1.png\",\"width\":120,\"height\":127,\"caption\":\"EURL HOSNA KAMEL - Bosch alg\u00e9rie\"},\"image\":{\"@id\":\"https:\/\/eurlhosnakamel.dz\/dz\/#\/schema\/logo\/image\/\"},\"sameAs\":[\"https:\/\/www.facebook.com\/Eurl.Hosna.DZ\/\"]}]}<\/script>\n<!-- \/ Yoast SEO plugin. -->","yoast_head_json":{"title":"ADA ROTARY 400HV SERVO - EURL HOSNA KAMEL","description":"ADA ROTARY 400HV SERVO - EURL HOSNA KAMEL","robots":{"index":"index","follow":"follow","max-snippet":"max-snippet:-1","max-image-preview":"max-image-preview:large","max-video-preview":"max-video-preview:-1"},"canonical":"https:\/\/eurlhosnakamel.dz\/dz\/produit\/ada-rotary-400hv-servo\/","og_locale":"fr_FR","og_type":"article","og_title":"ADA ROTARY 400HV SERVO - EURL HOSNA KAMEL","og_description":"ADA ROTARY 400HV SERVO - EURL HOSNA KAMEL","og_url":"https:\/\/eurlhosnakamel.dz\/dz\/produit\/ada-rotary-400hv-servo\/","og_site_name":"EURL HOSNA KAMEL","article_publisher":"https:\/\/www.facebook.com\/Eurl.Hosna.DZ\/","og_image":[{"width":512,"height":512,"url":"https:\/\/eurlhosnakamel.dz\/dz\/wp-content\/uploads\/2020\/04\/13ADA-ROTARY-400HV-SERVOeurl-hosna-kamel-algerie.jpg","type":"image\/jpeg"}],"twitter_card":"summary_large_image","twitter_misc":{"Dur\u00e9e de lecture estim\u00e9e":"2 minutes"},"schema":{"@context":"https:\/\/schema.org","@graph":[{"@type":"WebPage","@id":"https:\/\/eurlhosnakamel.dz\/dz\/produit\/ada-rotary-400hv-servo\/","url":"https:\/\/eurlhosnakamel.dz\/dz\/produit\/ada-rotary-400hv-servo\/","name":"ADA ROTARY 400HV SERVO - EURL HOSNA KAMEL","isPartOf":{"@id":"https:\/\/eurlhosnakamel.dz\/dz\/#website"},"primaryImageOfPage":{"@id":"https:\/\/eurlhosnakamel.dz\/dz\/produit\/ada-rotary-400hv-servo\/#primaryimage"},"image":{"@id":"https:\/\/eurlhosnakamel.dz\/dz\/produit\/ada-rotary-400hv-servo\/#primaryimage"},"thumbnailUrl":"https:\/\/eurlhosnakamel.dz\/dz\/wp-content\/uploads\/2020\/04\/13ADA-ROTARY-400HV-SERVOeurl-hosna-kamel-algerie.jpg","datePublished":"2020-04-20T15:29:06+00:00","dateModified":"2020-04-20T15:29:06+00:00","description":"ADA ROTARY 400HV SERVO - EURL HOSNA KAMEL","breadcrumb":{"@id":"https:\/\/eurlhosnakamel.dz\/dz\/produit\/ada-rotary-400hv-servo\/#breadcrumb"},"inLanguage":"fr-FR","potentialAction":[{"@type":"ReadAction","target":["https:\/\/eurlhosnakamel.dz\/dz\/produit\/ada-rotary-400hv-servo\/"]}]},{"@type":"ImageObject","inLanguage":"fr-FR","@id":"https:\/\/eurlhosnakamel.dz\/dz\/produit\/ada-rotary-400hv-servo\/#primaryimage","url":"https:\/\/eurlhosnakamel.dz\/dz\/wp-content\/uploads\/2020\/04\/13ADA-ROTARY-400HV-SERVOeurl-hosna-kamel-algerie.jpg","contentUrl":"https:\/\/eurlhosnakamel.dz\/dz\/wp-content\/uploads\/2020\/04\/13ADA-ROTARY-400HV-SERVOeurl-hosna-kamel-algerie.jpg","width":512,"height":512},{"@type":"BreadcrumbList","@id":"https:\/\/eurlhosnakamel.dz\/dz\/produit\/ada-rotary-400hv-servo\/#breadcrumb","itemListElement":[{"@type":"ListItem","position":1,"name":"Accueil","item":"https:\/\/eurlhosnakamel.dz\/dz\/"},{"@type":"ListItem","position":2,"name":"Shop","item":"https:\/\/eurlhosnakamel.dz\/dz\/shop\/"},{"@type":"ListItem","position":3,"name":"ADA ROTARY 400HV SERVO"}]},{"@type":"WebSite","@id":"https:\/\/eurlhosnakamel.dz\/dz\/#website","url":"https:\/\/eurlhosnakamel.dz\/dz\/","name":"EURL HOSNA KAMEL","description":"Fournisseur Premium d&#039;Outillages Professionnels en Alg\u00e9rie -","publisher":{"@id":"https:\/\/eurlhosnakamel.dz\/dz\/#organization"},"potentialAction":[{"@type":"SearchAction","target":{"@type":"EntryPoint","urlTemplate":"https:\/\/eurlhosnakamel.dz\/dz\/?s={search_term_string}"},"query-input":"required name=search_term_string"}],"inLanguage":"fr-FR"},{"@type":"Organization","@id":"https:\/\/eurlhosnakamel.dz\/dz\/#organization","name":"EURL HOSNA KAMEL - Bosch alg\u00e9rie","url":"https:\/\/eurlhosnakamel.dz\/dz\/","logo":{"@type":"ImageObject","inLanguage":"fr-FR","@id":"https:\/\/eurlhosnakamel.dz\/dz\/#\/schema\/logo\/image\/","url":"https:\/\/eurlhosnakamel.dz\/wp-content\/uploads\/2020\/04\/LOGO-HOSNA1.png","contentUrl":"https:\/\/eurlhosnakamel.dz\/wp-content\/uploads\/2020\/04\/LOGO-HOSNA1.png","width":120,"height":127,"caption":"EURL HOSNA KAMEL - Bosch alg\u00e9rie"},"image":{"@id":"https:\/\/eurlhosnakamel.dz\/dz\/#\/schema\/logo\/image\/"},"sameAs":["https:\/\/www.facebook.com\/Eurl.Hosna.DZ\/"]}]}},"_links":{"self":[{"href":"https:\/\/eurlhosnakamel.dz\/dz\/wp-json\/wp\/v2\/product\/6667","targetHints":{"allow":["GET"]}}],"collection":[{"href":"https:\/\/eurlhosnakamel.dz\/dz\/wp-json\/wp\/v2\/product"}],"about":[{"href":"https:\/\/eurlhosnakamel.dz\/dz\/wp-json\/wp\/v2\/types\/product"}],"wp:featuredmedia":[{"embeddable":true,"href":"https:\/\/eurlhosnakamel.dz\/dz\/wp-json\/wp\/v2\/media\/6673"}],"wp:attachment":[{"href":"https:\/\/eurlhosnakamel.dz\/dz\/wp-json\/wp\/v2\/media?parent=6667"}],"wp:term":[{"taxonomy":"product_cat","embeddable":true,"href":"https:\/\/eurlhosnakamel.dz\/dz\/wp-json\/wp\/v2\/product_cat?post=6667"},{"taxonomy":"product_tag","embeddable":true,"href":"https:\/\/eurlhosnakamel.dz\/dz\/wp-json\/wp\/v2\/product_tag?post=6667"}],"curies":[{"name":"wp","href":"https:\/\/api.w.org\/{rel}","templated":true}]}}