{"id":6729,"date":"2020-04-20T18:47:07","date_gmt":"2020-04-20T18:47:07","guid":{"rendered":"https:\/\/lhchosting.com\/hosna\/?post_type=product&#038;p=6729"},"modified":"2021-12-19T09:03:06","modified_gmt":"2021-12-19T09:03:06","slug":"bosch-tronconneuse-125-c-sans-fil-gws-18-v-1880-w-2-batteries-5-0-ah","status":"publish","type":"product","link":"https:\/\/eurlhosnakamel.dz\/dz\/produit\/bosch-tronconneuse-125-c-sans-fil-gws-18-v-1880-w-2-batteries-5-0-ah\/","title":{"rendered":"Meuleuse angulaire sans fil 18 V (2 Batteries 5.0 Ah, GAL 1880 CV) GWS 18V-125 C"},"content":{"rendered":"<section id=\"technicaldata\" class=\"o-technical_details trackingModule\">\n<div class=\"container trackingTeaser\">\n<div class=\"row\">\n<div class=\"col-md-5\">\n<h4 class=\"headline hl1\"><strong>Caract\u00e9ristiques techniques<\/strong><\/h4>\n<table class=\"table table--fixed\">\n<thead>\n<tr>\n<th colspan=\"2\">\n<p class=\"headline hl4\"><strong>Les caract\u00e9ristiques les plus importantes<\/strong><\/p>\n<\/th>\n<\/tr>\n<\/thead>\n<tbody>\n<tr>\n<td>R\u00e9gime \u00e0 vide<\/td>\n<td>10.000 tr\/min<\/td>\n<\/tr>\n<tr>\n<td>Tension de la batterie<\/td>\n<td>18 V<\/td>\n<\/tr>\n<tr>\n<td>Dimensions de l\u2019emballage (longueur x largeur x hauteur)<\/td>\n<td>355 x 460 x 150 mm<\/td>\n<\/tr>\n<tr>\n<td>Poids avec batterie<\/td>\n<td>2,3 kg<\/td>\n<\/tr>\n<\/tbody>\n<\/table>\n<table class=\"table\">\n<thead>\n<tr>\n<th class=\"headline hl4\" colspan=\"2\">Accessoires<\/th>\n<\/tr>\n<\/thead>\n<tbody>\n<tr>\n<td>Disque \u00e0 \u00e9barber \/ \u00e0 tron\u00e7onner, \u00d8<\/td>\n<td>125 mm<\/td>\n<\/tr>\n<tr>\n<td>Plateau de pon\u00e7age souple, \u00d8<\/td>\n<td>125 mm<\/td>\n<\/tr>\n<\/tbody>\n<\/table>\n<\/div>\n<div class=\"col-md-offset-2 col-md-5 table-second-col\">\n<div class=\"headline hl4\">Information sur les bruits\/vibrations<\/div>\n<p>Valeurs totales des vibrations (somme de vecteurs de trois sens)<\/p>\n<table class=\"table\">\n<thead>\n<tr>\n<th class=\"headline hl4\" colspan=\"2\"><\/th>\n<\/tr>\n<\/thead>\n<tbody>\n<tr>\n<td>Niveau de pression acoustique<\/td>\n<td>82 dB(A)<\/td>\n<\/tr>\n<tr>\n<td>Niveau de puissance acoustique<\/td>\n<td>93 dB(A)<\/td>\n<\/tr>\n<tr>\n<td>Incertitude K<\/td>\n<td>3 dB<\/td>\n<\/tr>\n<\/tbody>\n<\/table>\n<table class=\"table\">\n<thead>\n<tr>\n<th class=\"headline hl4\" colspan=\"2\">Pon\u00e7age des surfaces (d\u00e9grossissage)<\/th>\n<\/tr>\n<\/thead>\n<tbody>\n<tr>\n<td>Valeur d&#8217;\u00e9mission vibratoire ah<\/td>\n<td>6 m\/s\u00b2<\/td>\n<\/tr>\n<tr>\n<td>Incertitude K<\/td>\n<td>1,5 m\/s\u00b2<\/td>\n<\/tr>\n<\/tbody>\n<\/table>\n<table class=\"table\">\n<thead>\n<tr>\n<th class=\"headline hl4\" colspan=\"2\">Pon\u00e7age avec feuille abrasive<\/th>\n<\/tr>\n<\/thead>\n<tbody>\n<tr>\n<td>Valeur d&#8217;\u00e9mission vibratoire ah<\/td>\n<td>2,5 m\/s\u00b2<\/td>\n<\/tr>\n<tr>\n<td>Incertitude K<\/td>\n<td>1,5 m\/s\u00b2<\/td>\n<\/tr>\n<\/tbody>\n<\/table>\n<\/div>\n<\/div>\n<\/div>\n<\/section>\n<section id=\"highlights\" class=\"m-product_hightlights trackingModule\">\n<div class=\"container\">\n<h4 class=\"headline hl1\"><strong>Avantages<\/strong><\/h4>\n<div class=\"row\">\n<div class=\"col-md-6\">\n<div class=\"m-product_hightlights__content-wrapper\">\n<h4 class=\"headline hl4\"><strong>Puissance et libert\u00e9<\/strong><\/h4>\n<ul class=\"m-product_hightlights__list\">\n<li>Capacit\u00e9 d\u2019abrasion et capacit\u00e9 de coupe les plus \u00e9lev\u00e9es de sa cat\u00e9gorie par charge de batterie<\/li>\n<li>Moteur 4 p\u00f4les hautes performances extr\u00eamement robuste et endurant pour une long\u00e9vit\u00e9 \u00e9lev\u00e9e<\/li>\n<li>Forme compacte et poids l\u00e9ger (seulement 2,3 kg) pour un grand confort de travail, surtout dans les endroits difficiles d\u2019acc\u00e8s et pour les travaux en hauteur<\/li>\n<\/ul>\n<\/div>\n<\/div>\n<div class=\"col-md-6\">\n<h3 class=\"headline hl4\">Fonctions<\/h3>\n<div class=\"image-row bsTooltip__wrapper\">\n<div class=\"image-col bsTooltip\" title=\"\" data-content=\"Heavy Duty Bosch Outils Heavy Duty Bosch : \u00e9tablissent de nouvelles r\u00e9f\u00e9rences en termes de puissance, performance et robustesse.\" data-original-title=\"\"><img decoding=\"async\" class=\"img-responsive ls-is-cached lazyloaded alignleft\" src=\"https:\/\/www.bosch-professional.com\/binary\/ocsmedia\/optimized\/100x100\/o226806v54_lv-113901-13-lv-255127-13-lv-113901-13-HeavyDuty_Icon.png\" alt=\"Heavy Duty Bosch Outils Heavy Duty Bosch : \u00e9tablissent de nouvelles r\u00e9f\u00e9rences en termes de puissance, performance et robustesse.\" data-sizes=\"(max-width: 767px) 100px, (min-width: 768px) and (max-width: 991px) 100px, (-webkit-min-device-pixel-ratio: 2.0) and (min-width: 1000px) 200px, 100px\" data-srcset=\"https:\/\/www.bosch-professional.com\/binary\/ocsmedia\/optimized\/100x100\/o226806v54_lv-113901-13-lv-255127-13-lv-113901-13-HeavyDuty_Icon.png 100w, https:\/\/www.bosch-professional.com\/binary\/ocsmedia\/optimized\/100x100\/o226806v54_lv-113901-13-lv-255127-13-lv-113901-13-HeavyDuty_Icon.png 100w, https:\/\/www.bosch-professional.com\/binary\/ocsmedia\/optimized\/100x100\/o226806v54_lv-113901-13-lv-255127-13-lv-113901-13-HeavyDuty_Icon.png 100w, https:\/\/www.bosch-professional.com\/binary\/ocsmedia\/optimized\/200x200\/o226806v54_lv-113901-13-lv-255127-13-lv-113901-13-HeavyDuty_Icon.png 200w\" data-src=\"https:\/\/www.bosch-professional.com\/binary\/ocsmedia\/optimized\/100x100\/o226806v54_lv-113901-13-lv-255127-13-lv-113901-13-HeavyDuty_Icon.png\" \/><\/div>\n<div class=\"image-col bsTooltip\" title=\"\" data-original-title=\"\"><img decoding=\"async\" class=\"img-responsive lazyloaded alignleft\" src=\"https:\/\/www.bosch-professional.com\/binary\/ocsmedia\/optimized\/100x100\/o69805v54_Bosch_BI_Icon_Rate_per_minute_10000min-1-rpm.png\" alt=\"Icon\" data-sizes=\"(max-width: 767px) 100px, (min-width: 768px) and (max-width: 991px) 100px, (-webkit-min-device-pixel-ratio: 2.0) and (min-width: 1000px) 200px, 100px\" data-srcset=\"https:\/\/www.bosch-professional.com\/binary\/ocsmedia\/optimized\/100x100\/o69805v54_Bosch_BI_Icon_Rate_per_minute_10000min-1-rpm.png 100w, https:\/\/www.bosch-professional.com\/binary\/ocsmedia\/optimized\/100x100\/o69805v54_Bosch_BI_Icon_Rate_per_minute_10000min-1-rpm.png 100w, https:\/\/www.bosch-professional.com\/binary\/ocsmedia\/optimized\/100x100\/o69805v54_Bosch_BI_Icon_Rate_per_minute_10000min-1-rpm.png 100w, https:\/\/www.bosch-professional.com\/binary\/ocsmedia\/optimized\/200x200\/o69805v54_Bosch_BI_Icon_Rate_per_minute_10000min-1-rpm.png 200w\" data-src=\"https:\/\/www.bosch-professional.com\/binary\/ocsmedia\/optimized\/100x100\/o69805v54_Bosch_BI_Icon_Rate_per_minute_10000min-1-rpm.png\" \/><\/div>\n<div class=\"image-col bsTooltip\" title=\"\" data-content=\"Diam\u00e8tre du disque 125 mm \" data-original-title=\"\"><img decoding=\"async\" class=\"img-responsive lazyloaded alignleft\" src=\"https:\/\/www.bosch-professional.com\/binary\/ocsmedia\/optimized\/100x100\/o131855v54_Bosch_BI_Icon_Disc_Diameter_125mm.png\" alt=\"Diam\u00e8tre du disque 125 mm \" data-sizes=\"(max-width: 767px) 100px, (min-width: 768px) and (max-width: 991px) 100px, (-webkit-min-device-pixel-ratio: 2.0) and (min-width: 1000px) 200px, 100px\" data-srcset=\"https:\/\/www.bosch-professional.com\/binary\/ocsmedia\/optimized\/100x100\/o131855v54_Bosch_BI_Icon_Disc_Diameter_125mm.png 100w, https:\/\/www.bosch-professional.com\/binary\/ocsmedia\/optimized\/100x100\/o131855v54_Bosch_BI_Icon_Disc_Diameter_125mm.png 100w, https:\/\/www.bosch-professional.com\/binary\/ocsmedia\/optimized\/100x100\/o131855v54_Bosch_BI_Icon_Disc_Diameter_125mm.png 100w, https:\/\/www.bosch-professional.com\/binary\/ocsmedia\/optimized\/200x200\/o131855v54_Bosch_BI_Icon_Disc_Diameter_125mm.png 200w\" data-src=\"https:\/\/www.bosch-professional.com\/binary\/ocsmedia\/optimized\/100x100\/o131855v54_Bosch_BI_Icon_Disc_Diameter_125mm.png\" \/><\/div>\n<div class=\"image-col bsTooltip\" title=\"\" data-content=\"Filetage de la broche de meulage M 14 \" data-original-title=\"\"><img decoding=\"async\" class=\"img-responsive lazyloaded alignleft\" src=\"https:\/\/www.bosch-professional.com\/binary\/ocsmedia\/optimized\/100x100\/o69804v54_Bosch_BI_Icon_Spindle_Thread_M14.png\" alt=\"Filetage de la broche de meulage M 14 \" data-sizes=\"(max-width: 767px) 100px, (min-width: 768px) and (max-width: 991px) 100px, (-webkit-min-device-pixel-ratio: 2.0) and (min-width: 1000px) 200px, 100px\" data-srcset=\"https:\/\/www.bosch-professional.com\/binary\/ocsmedia\/optimized\/100x100\/o69804v54_Bosch_BI_Icon_Spindle_Thread_M14.png 100w, https:\/\/www.bosch-professional.com\/binary\/ocsmedia\/optimized\/100x100\/o69804v54_Bosch_BI_Icon_Spindle_Thread_M14.png 100w, https:\/\/www.bosch-professional.com\/binary\/ocsmedia\/optimized\/100x100\/o69804v54_Bosch_BI_Icon_Spindle_Thread_M14.png 100w, https:\/\/www.bosch-professional.com\/binary\/ocsmedia\/optimized\/200x200\/o69804v54_Bosch_BI_Icon_Spindle_Thread_M14.png 200w\" data-src=\"https:\/\/www.bosch-professional.com\/binary\/ocsmedia\/optimized\/100x100\/o69804v54_Bosch_BI_Icon_Spindle_Thread_M14.png\" \/><\/div>\n<div class=\"image-col bsTooltip\" title=\"\" data-content=\"Pas d\u2019autod\u00e9charge, pas d\u2019effet m\u00e9moire et un grand rendement \u00e9nerg\u00e9tique gr\u00e2ce \u00e0 la technologie Lithium-Ion\" data-original-title=\"\"><img decoding=\"async\" class=\"img-responsive lazyloaded alignleft\" src=\"https:\/\/www.bosch-professional.com\/binary\/ocsmedia\/optimized\/100x100\/o7427v54_Bosch_BI_Icon_LI-Ion.png\" alt=\"Pas d\u2019autod\u00e9charge, pas d\u2019effet m\u00e9moire et un grand rendement \u00e9nerg\u00e9tique gr\u00e2ce \u00e0 la technologie Lithium-Ion\" data-sizes=\"(max-width: 767px) 100px, (min-width: 768px) and (max-width: 991px) 100px, (-webkit-min-device-pixel-ratio: 2.0) and (min-width: 1000px) 200px, 100px\" data-srcset=\"https:\/\/www.bosch-professional.com\/binary\/ocsmedia\/optimized\/100x100\/o7427v54_Bosch_BI_Icon_LI-Ion.png 100w, https:\/\/www.bosch-professional.com\/binary\/ocsmedia\/optimized\/100x100\/o7427v54_Bosch_BI_Icon_LI-Ion.png 100w, https:\/\/www.bosch-professional.com\/binary\/ocsmedia\/optimized\/100x100\/o7427v54_Bosch_BI_Icon_LI-Ion.png 100w, https:\/\/www.bosch-professional.com\/binary\/ocsmedia\/optimized\/200x200\/o7427v54_Bosch_BI_Icon_LI-Ion.png 200w\" data-src=\"https:\/\/www.bosch-professional.com\/binary\/ocsmedia\/optimized\/100x100\/o7427v54_Bosch_BI_Icon_LI-Ion.png\" \/><\/div>\n<div class=\"image-col bsTooltip\" title=\"\" data-content=\"Excellente protection de l\u2019utilisateur gr\u00e2ce au capot de protection antirotation ind\u00e9formable qui reste entier m\u00eame en cas de cassure du disque\" data-original-title=\"\"><img decoding=\"async\" class=\"img-responsive lazyloaded alignleft\" src=\"https:\/\/www.bosch-professional.com\/binary\/ocsmedia\/optimized\/100x100\/o27716v54_Bosch_BI_Icon_Protection_Guard.png\" alt=\"Excellente protection de l\u2019utilisateur gr\u00e2ce au capot de protection antirotation ind\u00e9formable qui reste entier m\u00eame en cas de cassure du disque\" data-sizes=\"(max-width: 767px) 100px, (min-width: 768px) and (max-width: 991px) 100px, (-webkit-min-device-pixel-ratio: 2.0) and (min-width: 1000px) 200px, 100px\" data-srcset=\"https:\/\/www.bosch-professional.com\/binary\/ocsmedia\/optimized\/100x100\/o27716v54_Bosch_BI_Icon_Protection_Guard.png 100w, https:\/\/www.bosch-professional.com\/binary\/ocsmedia\/optimized\/100x100\/o27716v54_Bosch_BI_Icon_Protection_Guard.png 100w, https:\/\/www.bosch-professional.com\/binary\/ocsmedia\/optimized\/100x100\/o27716v54_Bosch_BI_Icon_Protection_Guard.png 100w, https:\/\/www.bosch-professional.com\/binary\/ocsmedia\/optimized\/200x200\/o27716v54_Bosch_BI_Icon_Protection_Guard.png 200w\" data-src=\"https:\/\/www.bosch-professional.com\/binary\/ocsmedia\/optimized\/100x100\/o27716v54_Bosch_BI_Icon_Protection_Guard.png\" \/><\/div>\n<div class=\"image-col bsTooltip\" title=\"\" data-content=\"Travail du bois Les outils \u00e9lectroportatifs professionnels Bosch pour travail du bois.\" data-original-title=\"\" aria-describedby=\"popover48782\"><img decoding=\"async\" class=\"img-responsive lazyloaded alignleft\" src=\"https:\/\/www.bosch-professional.com\/binary\/ocsmedia\/optimized\/100x100\/o246750v54_wood_picto_01.png\" alt=\"Travail du bois Les outils \u00e9lectroportatifs professionnels Bosch pour travail du bois.\" data-sizes=\"(max-width: 767px) 100px, (min-width: 768px) and (max-width: 991px) 100px, (-webkit-min-device-pixel-ratio: 2.0) and (min-width: 1000px) 200px, 100px\" data-srcset=\"https:\/\/www.bosch-professional.com\/binary\/ocsmedia\/optimized\/100x100\/o246750v54_wood_picto_01.png 100w, https:\/\/www.bosch-professional.com\/binary\/ocsmedia\/optimized\/100x100\/o246750v54_wood_picto_01.png 100w, https:\/\/www.bosch-professional.com\/binary\/ocsmedia\/optimized\/100x100\/o246750v54_wood_picto_01.png 100w, https:\/\/www.bosch-professional.com\/binary\/ocsmedia\/optimized\/200x200\/o246750v54_wood_picto_01.png 200w\" data-src=\"https:\/\/www.bosch-professional.com\/binary\/ocsmedia\/optimized\/100x100\/o246750v54_wood_picto_01.png\" \/><\/div>\n<\/div>\n<\/div>\n<\/div>\n<\/div>\n<\/section>\n","protected":false},"excerpt":{"rendered":"<h4 class=\"headline hl1\"><strong>Performances maximales.<\/strong><br \/>\n<strong>Libert\u00e9 totale.<\/strong><\/h4>\n<p><img decoding=\"async\" class=\"alignnone size-medium wp-image-6741\" src=\"https:\/\/lhchosting.com\/hosna\/wp-content\/uploads\/2020\/04\/BOSCH-TRONCONNEUSE-125C-SANS-FIL-GWS18V-1880W-2BAT-5.0ah-5-eurl-hosna-kamel-algerie-300x125.jpg\" alt=\"\" width=\"300\" height=\"125\" srcset=\"https:\/\/eurlhosnakamel.dz\/dz\/wp-content\/uploads\/2020\/04\/BOSCH-TRONCONNEUSE-125C-SANS-FIL-GWS18V-1880W-2BAT-5.0ah-5-eurl-hosna-kamel-algerie-300x125.jpg 300w, https:\/\/eurlhosnakamel.dz\/dz\/wp-content\/uploads\/2020\/04\/BOSCH-TRONCONNEUSE-125C-SANS-FIL-GWS18V-1880W-2BAT-5.0ah-5-eurl-hosna-kamel-algerie-500x208.jpg 500w, https:\/\/eurlhosnakamel.dz\/dz\/wp-content\/uploads\/2020\/04\/BOSCH-TRONCONNEUSE-125C-SANS-FIL-GWS18V-1880W-2BAT-5.0ah-5-eurl-hosna-kamel-algerie-370x154.jpg 370w, https:\/\/eurlhosnakamel.dz\/dz\/wp-content\/uploads\/2020\/04\/BOSCH-TRONCONNEUSE-125C-SANS-FIL-GWS18V-1880W-2BAT-5.0ah-5-eurl-hosna-kamel-algerie-200x83.jpg 200w, https:\/\/eurlhosnakamel.dz\/dz\/wp-content\/uploads\/2020\/04\/BOSCH-TRONCONNEUSE-125C-SANS-FIL-GWS18V-1880W-2BAT-5.0ah-5-eurl-hosna-kamel-algerie.jpg 563w\" sizes=\"(max-width: 300px) 100vw, 300px\" \/><\/p>\n","protected":false},"featured_media":6731,"template":"","meta":[],"product_cat":[405,443],"product_tag":[1367,2395],"class_list":{"0":"post-6729","1":"product","2":"type-product","3":"status-publish","4":"has-post-thumbnail","6":"product_cat-outillage","7":"product_cat-outillage-sans-fil","8":"product_tag-bosch-tronconneuse-125-c-sans-fil-gws-18-v-1880-w-2-batteries-5-0-ah","9":"product_tag-gws-18v-125-c","10":"product_brand-bosch-outillage","12":"first","13":"instock","14":"shipping-taxable","15":"product-type-simple","16":"col-xs-6 col-sm-4","17":"col-md-3 col-lg-3","18":"un-4-cols"},"yoast_head":"<!-- This site is optimized with the Yoast SEO plugin v22.5 - https:\/\/yoast.com\/wordpress\/plugins\/seo\/ -->\n<title>Meuleuse angulaire sans fil 18 V (2 Batteries 5.0 Ah, GAL 1880 CV) GWS 18V-125 C - EURL HOSNA KAMEL<\/title>\n<meta name=\"description\" content=\"Meuleuse angulaire sans fil 18 V (2 Batteries 5.0 Ah, GAL 1880 CV) GWS 18V-125 C - EURL HOSNA KAMEL\" \/>\n<meta name=\"robots\" content=\"index, follow, max-snippet:-1, max-image-preview:large, max-video-preview:-1\" \/>\n<link rel=\"canonical\" href=\"https:\/\/eurlhosnakamel.dz\/dz\/produit\/bosch-tronconneuse-125-c-sans-fil-gws-18-v-1880-w-2-batteries-5-0-ah\/\" \/>\n<meta property=\"og:locale\" content=\"fr_FR\" \/>\n<meta property=\"og:type\" content=\"article\" \/>\n<meta property=\"og:title\" content=\"Meuleuse angulaire sans fil 18 V (2 Batteries 5.0 Ah, GAL 1880 CV) GWS 18V-125 C - EURL HOSNA KAMEL\" \/>\n<meta property=\"og:description\" content=\"Meuleuse angulaire sans fil 18 V (2 Batteries 5.0 Ah, GAL 1880 CV) GWS 18V-125 C - EURL HOSNA KAMEL\" \/>\n<meta property=\"og:url\" content=\"https:\/\/eurlhosnakamel.dz\/dz\/produit\/bosch-tronconneuse-125-c-sans-fil-gws-18-v-1880-w-2-batteries-5-0-ah\/\" \/>\n<meta property=\"og:site_name\" content=\"EURL HOSNA KAMEL\" \/>\n<meta property=\"article:publisher\" content=\"https:\/\/www.facebook.com\/Eurl.Hosna.DZ\/\" \/>\n<meta property=\"article:modified_time\" content=\"2021-12-19T09:03:06+00:00\" \/>\n<meta property=\"og:image\" content=\"https:\/\/eurlhosnakamel.dz\/dz\/wp-content\/uploads\/2020\/04\/BOSCH-TRONCONNEUSE-125C-SANS-FIL-GWS18V-1880W-2BAT-5.0ah-eurl-hosna-kamel-algerie.jpg\" \/>\n\t<meta property=\"og:image:width\" content=\"512\" \/>\n\t<meta property=\"og:image:height\" content=\"512\" \/>\n\t<meta property=\"og:image:type\" content=\"image\/jpeg\" \/>\n<meta name=\"twitter:card\" content=\"summary_large_image\" \/>\n<meta name=\"twitter:label1\" content=\"Dur\u00e9e de lecture estim\u00e9e\" \/>\n\t<meta name=\"twitter:data1\" content=\"1 minute\" \/>\n<script type=\"application\/ld+json\" class=\"yoast-schema-graph\">{\"@context\":\"https:\/\/schema.org\",\"@graph\":[{\"@type\":\"WebPage\",\"@id\":\"https:\/\/eurlhosnakamel.dz\/dz\/produit\/bosch-tronconneuse-125-c-sans-fil-gws-18-v-1880-w-2-batteries-5-0-ah\/\",\"url\":\"https:\/\/eurlhosnakamel.dz\/dz\/produit\/bosch-tronconneuse-125-c-sans-fil-gws-18-v-1880-w-2-batteries-5-0-ah\/\",\"name\":\"Meuleuse angulaire sans fil 18 V (2 Batteries 5.0 Ah, GAL 1880 CV) GWS 18V-125 C - EURL HOSNA KAMEL\",\"isPartOf\":{\"@id\":\"https:\/\/eurlhosnakamel.dz\/dz\/#website\"},\"primaryImageOfPage\":{\"@id\":\"https:\/\/eurlhosnakamel.dz\/dz\/produit\/bosch-tronconneuse-125-c-sans-fil-gws-18-v-1880-w-2-batteries-5-0-ah\/#primaryimage\"},\"image\":{\"@id\":\"https:\/\/eurlhosnakamel.dz\/dz\/produit\/bosch-tronconneuse-125-c-sans-fil-gws-18-v-1880-w-2-batteries-5-0-ah\/#primaryimage\"},\"thumbnailUrl\":\"https:\/\/eurlhosnakamel.dz\/dz\/wp-content\/uploads\/2020\/04\/BOSCH-TRONCONNEUSE-125C-SANS-FIL-GWS18V-1880W-2BAT-5.0ah-eurl-hosna-kamel-algerie.jpg\",\"datePublished\":\"2020-04-20T18:47:07+00:00\",\"dateModified\":\"2021-12-19T09:03:06+00:00\",\"description\":\"Meuleuse angulaire sans fil 18 V (2 Batteries 5.0 Ah, GAL 1880 CV) GWS 18V-125 C - EURL HOSNA KAMEL\",\"breadcrumb\":{\"@id\":\"https:\/\/eurlhosnakamel.dz\/dz\/produit\/bosch-tronconneuse-125-c-sans-fil-gws-18-v-1880-w-2-batteries-5-0-ah\/#breadcrumb\"},\"inLanguage\":\"fr-FR\",\"potentialAction\":[{\"@type\":\"ReadAction\",\"target\":[\"https:\/\/eurlhosnakamel.dz\/dz\/produit\/bosch-tronconneuse-125-c-sans-fil-gws-18-v-1880-w-2-batteries-5-0-ah\/\"]}]},{\"@type\":\"ImageObject\",\"inLanguage\":\"fr-FR\",\"@id\":\"https:\/\/eurlhosnakamel.dz\/dz\/produit\/bosch-tronconneuse-125-c-sans-fil-gws-18-v-1880-w-2-batteries-5-0-ah\/#primaryimage\",\"url\":\"https:\/\/eurlhosnakamel.dz\/dz\/wp-content\/uploads\/2020\/04\/BOSCH-TRONCONNEUSE-125C-SANS-FIL-GWS18V-1880W-2BAT-5.0ah-eurl-hosna-kamel-algerie.jpg\",\"contentUrl\":\"https:\/\/eurlhosnakamel.dz\/dz\/wp-content\/uploads\/2020\/04\/BOSCH-TRONCONNEUSE-125C-SANS-FIL-GWS18V-1880W-2BAT-5.0ah-eurl-hosna-kamel-algerie.jpg\",\"width\":512,\"height\":512},{\"@type\":\"BreadcrumbList\",\"@id\":\"https:\/\/eurlhosnakamel.dz\/dz\/produit\/bosch-tronconneuse-125-c-sans-fil-gws-18-v-1880-w-2-batteries-5-0-ah\/#breadcrumb\",\"itemListElement\":[{\"@type\":\"ListItem\",\"position\":1,\"name\":\"Accueil\",\"item\":\"https:\/\/eurlhosnakamel.dz\/dz\/\"},{\"@type\":\"ListItem\",\"position\":2,\"name\":\"Shop\",\"item\":\"https:\/\/eurlhosnakamel.dz\/dz\/shop\/\"},{\"@type\":\"ListItem\",\"position\":3,\"name\":\"Meuleuse angulaire sans fil 18 V (2 Batteries 5.0 Ah, GAL 1880 CV) GWS 18V-125 C\"}]},{\"@type\":\"WebSite\",\"@id\":\"https:\/\/eurlhosnakamel.dz\/dz\/#website\",\"url\":\"https:\/\/eurlhosnakamel.dz\/dz\/\",\"name\":\"EURL HOSNA KAMEL\",\"description\":\"Fournisseur Premium d&#039;Outillages Professionnels en Alg\u00e9rie -\",\"publisher\":{\"@id\":\"https:\/\/eurlhosnakamel.dz\/dz\/#organization\"},\"potentialAction\":[{\"@type\":\"SearchAction\",\"target\":{\"@type\":\"EntryPoint\",\"urlTemplate\":\"https:\/\/eurlhosnakamel.dz\/dz\/?s={search_term_string}\"},\"query-input\":\"required name=search_term_string\"}],\"inLanguage\":\"fr-FR\"},{\"@type\":\"Organization\",\"@id\":\"https:\/\/eurlhosnakamel.dz\/dz\/#organization\",\"name\":\"EURL HOSNA KAMEL - Bosch alg\u00e9rie\",\"url\":\"https:\/\/eurlhosnakamel.dz\/dz\/\",\"logo\":{\"@type\":\"ImageObject\",\"inLanguage\":\"fr-FR\",\"@id\":\"https:\/\/eurlhosnakamel.dz\/dz\/#\/schema\/logo\/image\/\",\"url\":\"https:\/\/eurlhosnakamel.dz\/wp-content\/uploads\/2020\/04\/LOGO-HOSNA1.png\",\"contentUrl\":\"https:\/\/eurlhosnakamel.dz\/wp-content\/uploads\/2020\/04\/LOGO-HOSNA1.png\",\"width\":120,\"height\":127,\"caption\":\"EURL HOSNA KAMEL - Bosch alg\u00e9rie\"},\"image\":{\"@id\":\"https:\/\/eurlhosnakamel.dz\/dz\/#\/schema\/logo\/image\/\"},\"sameAs\":[\"https:\/\/www.facebook.com\/Eurl.Hosna.DZ\/\"]}]}<\/script>\n<!-- \/ Yoast SEO plugin. -->","yoast_head_json":{"title":"Meuleuse angulaire sans fil 18 V (2 Batteries 5.0 Ah, GAL 1880 CV) GWS 18V-125 C - EURL HOSNA KAMEL","description":"Meuleuse angulaire sans fil 18 V (2 Batteries 5.0 Ah, GAL 1880 CV) GWS 18V-125 C - EURL HOSNA KAMEL","robots":{"index":"index","follow":"follow","max-snippet":"max-snippet:-1","max-image-preview":"max-image-preview:large","max-video-preview":"max-video-preview:-1"},"canonical":"https:\/\/eurlhosnakamel.dz\/dz\/produit\/bosch-tronconneuse-125-c-sans-fil-gws-18-v-1880-w-2-batteries-5-0-ah\/","og_locale":"fr_FR","og_type":"article","og_title":"Meuleuse angulaire sans fil 18 V (2 Batteries 5.0 Ah, GAL 1880 CV) GWS 18V-125 C - EURL HOSNA KAMEL","og_description":"Meuleuse angulaire sans fil 18 V (2 Batteries 5.0 Ah, GAL 1880 CV) GWS 18V-125 C - EURL HOSNA KAMEL","og_url":"https:\/\/eurlhosnakamel.dz\/dz\/produit\/bosch-tronconneuse-125-c-sans-fil-gws-18-v-1880-w-2-batteries-5-0-ah\/","og_site_name":"EURL HOSNA KAMEL","article_publisher":"https:\/\/www.facebook.com\/Eurl.Hosna.DZ\/","article_modified_time":"2021-12-19T09:03:06+00:00","og_image":[{"width":512,"height":512,"url":"https:\/\/eurlhosnakamel.dz\/dz\/wp-content\/uploads\/2020\/04\/BOSCH-TRONCONNEUSE-125C-SANS-FIL-GWS18V-1880W-2BAT-5.0ah-eurl-hosna-kamel-algerie.jpg","type":"image\/jpeg"}],"twitter_card":"summary_large_image","twitter_misc":{"Dur\u00e9e de lecture estim\u00e9e":"1 minute"},"schema":{"@context":"https:\/\/schema.org","@graph":[{"@type":"WebPage","@id":"https:\/\/eurlhosnakamel.dz\/dz\/produit\/bosch-tronconneuse-125-c-sans-fil-gws-18-v-1880-w-2-batteries-5-0-ah\/","url":"https:\/\/eurlhosnakamel.dz\/dz\/produit\/bosch-tronconneuse-125-c-sans-fil-gws-18-v-1880-w-2-batteries-5-0-ah\/","name":"Meuleuse angulaire sans fil 18 V (2 Batteries 5.0 Ah, GAL 1880 CV) GWS 18V-125 C - EURL HOSNA KAMEL","isPartOf":{"@id":"https:\/\/eurlhosnakamel.dz\/dz\/#website"},"primaryImageOfPage":{"@id":"https:\/\/eurlhosnakamel.dz\/dz\/produit\/bosch-tronconneuse-125-c-sans-fil-gws-18-v-1880-w-2-batteries-5-0-ah\/#primaryimage"},"image":{"@id":"https:\/\/eurlhosnakamel.dz\/dz\/produit\/bosch-tronconneuse-125-c-sans-fil-gws-18-v-1880-w-2-batteries-5-0-ah\/#primaryimage"},"thumbnailUrl":"https:\/\/eurlhosnakamel.dz\/dz\/wp-content\/uploads\/2020\/04\/BOSCH-TRONCONNEUSE-125C-SANS-FIL-GWS18V-1880W-2BAT-5.0ah-eurl-hosna-kamel-algerie.jpg","datePublished":"2020-04-20T18:47:07+00:00","dateModified":"2021-12-19T09:03:06+00:00","description":"Meuleuse angulaire sans fil 18 V (2 Batteries 5.0 Ah, GAL 1880 CV) GWS 18V-125 C - EURL HOSNA KAMEL","breadcrumb":{"@id":"https:\/\/eurlhosnakamel.dz\/dz\/produit\/bosch-tronconneuse-125-c-sans-fil-gws-18-v-1880-w-2-batteries-5-0-ah\/#breadcrumb"},"inLanguage":"fr-FR","potentialAction":[{"@type":"ReadAction","target":["https:\/\/eurlhosnakamel.dz\/dz\/produit\/bosch-tronconneuse-125-c-sans-fil-gws-18-v-1880-w-2-batteries-5-0-ah\/"]}]},{"@type":"ImageObject","inLanguage":"fr-FR","@id":"https:\/\/eurlhosnakamel.dz\/dz\/produit\/bosch-tronconneuse-125-c-sans-fil-gws-18-v-1880-w-2-batteries-5-0-ah\/#primaryimage","url":"https:\/\/eurlhosnakamel.dz\/dz\/wp-content\/uploads\/2020\/04\/BOSCH-TRONCONNEUSE-125C-SANS-FIL-GWS18V-1880W-2BAT-5.0ah-eurl-hosna-kamel-algerie.jpg","contentUrl":"https:\/\/eurlhosnakamel.dz\/dz\/wp-content\/uploads\/2020\/04\/BOSCH-TRONCONNEUSE-125C-SANS-FIL-GWS18V-1880W-2BAT-5.0ah-eurl-hosna-kamel-algerie.jpg","width":512,"height":512},{"@type":"BreadcrumbList","@id":"https:\/\/eurlhosnakamel.dz\/dz\/produit\/bosch-tronconneuse-125-c-sans-fil-gws-18-v-1880-w-2-batteries-5-0-ah\/#breadcrumb","itemListElement":[{"@type":"ListItem","position":1,"name":"Accueil","item":"https:\/\/eurlhosnakamel.dz\/dz\/"},{"@type":"ListItem","position":2,"name":"Shop","item":"https:\/\/eurlhosnakamel.dz\/dz\/shop\/"},{"@type":"ListItem","position":3,"name":"Meuleuse angulaire sans fil 18 V (2 Batteries 5.0 Ah, GAL 1880 CV) GWS 18V-125 C"}]},{"@type":"WebSite","@id":"https:\/\/eurlhosnakamel.dz\/dz\/#website","url":"https:\/\/eurlhosnakamel.dz\/dz\/","name":"EURL HOSNA KAMEL","description":"Fournisseur Premium d&#039;Outillages Professionnels en Alg\u00e9rie -","publisher":{"@id":"https:\/\/eurlhosnakamel.dz\/dz\/#organization"},"potentialAction":[{"@type":"SearchAction","target":{"@type":"EntryPoint","urlTemplate":"https:\/\/eurlhosnakamel.dz\/dz\/?s={search_term_string}"},"query-input":"required name=search_term_string"}],"inLanguage":"fr-FR"},{"@type":"Organization","@id":"https:\/\/eurlhosnakamel.dz\/dz\/#organization","name":"EURL HOSNA KAMEL - Bosch alg\u00e9rie","url":"https:\/\/eurlhosnakamel.dz\/dz\/","logo":{"@type":"ImageObject","inLanguage":"fr-FR","@id":"https:\/\/eurlhosnakamel.dz\/dz\/#\/schema\/logo\/image\/","url":"https:\/\/eurlhosnakamel.dz\/wp-content\/uploads\/2020\/04\/LOGO-HOSNA1.png","contentUrl":"https:\/\/eurlhosnakamel.dz\/wp-content\/uploads\/2020\/04\/LOGO-HOSNA1.png","width":120,"height":127,"caption":"EURL HOSNA KAMEL - Bosch alg\u00e9rie"},"image":{"@id":"https:\/\/eurlhosnakamel.dz\/dz\/#\/schema\/logo\/image\/"},"sameAs":["https:\/\/www.facebook.com\/Eurl.Hosna.DZ\/"]}]}},"_links":{"self":[{"href":"https:\/\/eurlhosnakamel.dz\/dz\/wp-json\/wp\/v2\/product\/6729","targetHints":{"allow":["GET"]}}],"collection":[{"href":"https:\/\/eurlhosnakamel.dz\/dz\/wp-json\/wp\/v2\/product"}],"about":[{"href":"https:\/\/eurlhosnakamel.dz\/dz\/wp-json\/wp\/v2\/types\/product"}],"wp:featuredmedia":[{"embeddable":true,"href":"https:\/\/eurlhosnakamel.dz\/dz\/wp-json\/wp\/v2\/media\/6731"}],"wp:attachment":[{"href":"https:\/\/eurlhosnakamel.dz\/dz\/wp-json\/wp\/v2\/media?parent=6729"}],"wp:term":[{"taxonomy":"product_cat","embeddable":true,"href":"https:\/\/eurlhosnakamel.dz\/dz\/wp-json\/wp\/v2\/product_cat?post=6729"},{"taxonomy":"product_tag","embeddable":true,"href":"https:\/\/eurlhosnakamel.dz\/dz\/wp-json\/wp\/v2\/product_tag?post=6729"}],"curies":[{"name":"wp","href":"https:\/\/api.w.org\/{rel}","templated":true}]}}