{"id":6769,"date":"2020-04-20T19:35:29","date_gmt":"2020-04-20T19:35:29","guid":{"rendered":"https:\/\/lhchosting.com\/hosna\/?post_type=product&#038;p=6769"},"modified":"2021-12-19T09:02:45","modified_gmt":"2021-12-19T09:02:45","slug":"bosch-scie-a-onglet-combine-gtm-12-jl-305-mm-1800-w","status":"publish","type":"product","link":"https:\/\/eurlhosnakamel.dz\/dz\/produit\/bosch-scie-a-onglet-combine-gtm-12-jl-305-mm-1800-w\/","title":{"rendered":"Scie \u00e0 onglet combin\u00e9 305 mm 1800 Watts GTM 12 JL"},"content":{"rendered":"<section id=\"technicaldata\" class=\"o-technical_details-a trackingModule\">\n<div class=\"container\">\n<div class=\"row\">\n<div class=\"col-xs-12\">\n<h4 class=\"headline hl1\"><strong>Caract\u00e9ristiques techniques<\/strong><\/h4>\n<\/div>\n<\/div>\n<div class=\"row\">\n<div class=\"col-lg-8 col-xs-12\">\n<table class=\"table\">\n<colgroup>\n<col class=\"col-xs-5\" \/>\n<col class=\"col-xs-3\" \/><\/colgroup>\n<thead>\n<tr>\n<th class=\"headline hl4\" colspan=\"2\">Donn\u00e9es suppl\u00e9mentaires<\/th>\n<\/tr>\n<\/thead>\n<tbody>\n<tr>\n<td><b>R\u00e9glage de la scie \u00e0 onglet*<\/b><\/td>\n<td><b>48 \u00b0 G \/ 48 \u00b0 D<\/b><\/td>\n<\/tr>\n<tr>\n<td><b>Diam\u00e8tre de la lame de scie*<\/b><\/td>\n<td><b>305<\/b>\u00a0<b>mm<\/b><\/td>\n<\/tr>\n<tr>\n<td><b>R\u00e9glage d\u2019inclinaison*<\/b><\/td>\n<td><b>47 \u00b0 G \/ 2 \u00b0 D<\/b><\/td>\n<\/tr>\n<tr>\n<td>Puissance absorb\u00e9e nominale<\/td>\n<td>1\u00a0800\u00a0W<\/td>\n<\/tr>\n<tr>\n<td>Capacit\u00e9 de coupe, 0\u00b0<\/td>\n<td>95 x 150\u00a0mm<\/td>\n<\/tr>\n<tr>\n<td>Capacit\u00e9 de coupe, onglet 45\u00b0<\/td>\n<td>95 x 90\u00a0mm<\/td>\n<\/tr>\n<tr>\n<td>Dimensions de l\u2019outil (longueur x largeur x hauteur)<\/td>\n<td>660 x550 x400\u00a0mm<\/td>\n<\/tr>\n<tr>\n<td>R\u00e9gime \u00e0 vide<\/td>\n<td>3,800\u00a0t\/min<\/td>\n<\/tr>\n<tr>\n<td>Hauteur de coupe scie circulaire \u00e0 table<\/td>\n<td>51\u00a0mm<\/td>\n<\/tr>\n<tr>\n<td>\u00d8 al\u00e9sage<\/td>\n<td>30\u00a0mm<\/td>\n<\/tr>\n<tr>\n<td>Poids<\/td>\n<td>21\u00a0kg<\/td>\n<\/tr>\n<\/tbody>\n<\/table>\n<table class=\"table\">\n<colgroup>\n<col class=\"col-xs-5\" \/>\n<col class=\"col-xs-3\" \/><\/colgroup>\n<thead>\n<tr>\n<th class=\"headline hl4\" colspan=\"2\">Valeurs totales des vibrations (Sciage du bois)<\/th>\n<\/tr>\n<\/thead>\n<tbody>\n<tr>\n<td>Valeur d\u2019\u00e9mission vibratoire ah<\/td>\n<td>3,4\u00a0m\/s\u00b2<\/td>\n<\/tr>\n<tr>\n<td>Incertitude K<\/td>\n<td>1,5\u00a0m\/s\u00b2<\/td>\n<\/tr>\n<\/tbody>\n<\/table>\n<p>* Donn\u00e9es mises en surbrillance<\/p>\n<p>Le niveau sonore pond\u00e9r\u00e9 A de l&#8217;outil \u00e9lectroportatif est typiquement de : niveau de pression acoustique 91 dB(A) ; niveau de puissance acoustique 104.5 dB(A). Incertitude K = 3 dB.<\/p>\n<\/div>\n<div class=\"col-lg-4 col-xs-12\">\n<div class=\"o-technical_details-a__imagewrapper\"><img decoding=\"async\" class=\"img-responsive ls-is-cached lazyloaded\" src=\"https:\/\/www.bosch-professional.com\/binary\/ocsmedia\/optimized\/767x767\/o43203v16_GTM_12_mit_M.jpg\" alt=\"\" \/><\/div>\n<\/div>\n<\/div>\n<\/div>\n<\/section>\n<section id=\"highlights\" class=\"m-product_hightlights trackingModule\">\n<div class=\"container\">\n<h4 class=\"headline hl1\">Avantages<\/h4>\n<div class=\"row\">\n<div class=\"col-md-6\">\n<div class=\"m-product_hightlights__content-wrapper\">\n<h4 class=\"headline hl4\">Polyvalence et pr\u00e9cision extr\u00eame<\/h4>\n<ul class=\"m-product_hightlights__list\">\n<li>2 outils en 1 : scie \u00e0 onglets et scie \u00e0 table sup\u00e9rieure<\/li>\n<li>Travail pr\u00e9cis gr\u00e2ce au laser int\u00e9gr\u00e9<\/li>\n<li>Puissant moteur de 1\u2009800 W pour une progression de travail rapide (profondeur de coupe maxi de 95 mm pour la fonction coupe d\u2019onglet et hauteur de coupe maxi de 51 mm pour la fonction scie \u00e0 table sup\u00e9rieure)<\/li>\n<\/ul>\n<\/div>\n<\/div>\n<div class=\"col-md-6\">\n<h4 class=\"headline hl4\">Fonctions<\/h4>\n<div class=\"image-row bsTooltip__wrapper\">\n<div class=\"image-col bsTooltip\" title=\"\" data-content=\"Cat\u00e9gorie de laser 2 Cat\u00e9gorie de laser sur instruments de mesure.\" data-original-title=\"\"><img decoding=\"async\" class=\"img-responsive lazyloaded alignleft\" src=\"https:\/\/www.bosch-professional.com\/binary\/ocsmedia\/optimized\/100x100\/o5783v54_Laserklasse2_Picto.png\" alt=\"Cat\u00e9gorie de laser 2 Cat\u00e9gorie de laser sur instruments de mesure.\" data-sizes=\"(max-width: 767px) 100px, (min-width: 768px) and (max-width: 991px) 100px, (-webkit-min-device-pixel-ratio: 2.0) and (min-width: 1000px) 200px, 100px\" data-srcset=\"https:\/\/www.bosch-professional.com\/binary\/ocsmedia\/optimized\/100x100\/o5783v54_Laserklasse2_Picto.png 100w, https:\/\/www.bosch-professional.com\/binary\/ocsmedia\/optimized\/100x100\/o5783v54_Laserklasse2_Picto.png 100w, https:\/\/www.bosch-professional.com\/binary\/ocsmedia\/optimized\/100x100\/o5783v54_Laserklasse2_Picto.png 100w, https:\/\/www.bosch-professional.com\/binary\/ocsmedia\/optimized\/200x200\/o5783v54_Laserklasse2_Picto.png 200w\" data-src=\"https:\/\/www.bosch-professional.com\/binary\/ocsmedia\/optimized\/100x100\/o5783v54_Laserklasse2_Picto.png\" \/><\/div>\n<div class=\"image-col bsTooltip\" title=\"\" data-content=\"Changement facile de disque \/ accessoire gr\u00e2ce au blocage de broche\" data-original-title=\"\"><img decoding=\"async\" class=\"img-responsive lazyloaded alignleft\" src=\"https:\/\/www.bosch-professional.com\/binary\/ocsmedia\/optimized\/100x100\/o5791v54_Bosch_BI_Icon_SpindleLock.png\" alt=\"Changement facile de disque \/ accessoire gr\u00e2ce au blocage de broche\" data-sizes=\"(max-width: 767px) 100px, (min-width: 768px) and (max-width: 991px) 100px, (-webkit-min-device-pixel-ratio: 2.0) and (min-width: 1000px) 200px, 100px\" data-srcset=\"https:\/\/www.bosch-professional.com\/binary\/ocsmedia\/optimized\/100x100\/o5791v54_Bosch_BI_Icon_SpindleLock.png 100w, https:\/\/www.bosch-professional.com\/binary\/ocsmedia\/optimized\/100x100\/o5791v54_Bosch_BI_Icon_SpindleLock.png 100w, https:\/\/www.bosch-professional.com\/binary\/ocsmedia\/optimized\/100x100\/o5791v54_Bosch_BI_Icon_SpindleLock.png 100w, https:\/\/www.bosch-professional.com\/binary\/ocsmedia\/optimized\/200x200\/o5791v54_Bosch_BI_Icon_SpindleLock.png 200w\" data-src=\"https:\/\/www.bosch-professional.com\/binary\/ocsmedia\/optimized\/100x100\/o5791v54_Bosch_BI_Icon_SpindleLock.png\" \/><\/div>\n<div class=\"image-col bsTooltip\" title=\"\" data-content=\"Syst\u00e8me Click &amp; Clean \u2013 3 grands avantages Une visibilit\u00e9 parfaite de la surface de travail : pour un travail plus pr\u00e9cis et plus rapide Les poussi\u00e8res nocives sont aspir\u00e9es l\u00e0 o\u00f9 elles sont produites : prot\u00e8ge la sant\u00e9 Moins de poussi\u00e8re : prolonge la dur\u00e9e de vie de l\u2019outil et des accessoires\" data-original-title=\"\"><img decoding=\"async\" class=\"img-responsive lazyloaded alignleft\" src=\"https:\/\/www.bosch-professional.com\/binary\/ocsmedia\/optimized\/100x100\/o123050v54_Bosch_BI_Icon_ClickClean.png\" alt=\"Syst\u00e8me Click &amp; Clean \u2013 3 grands avantages Une visibilit\u00e9 parfaite de la surface de travail : pour un travail plus pr\u00e9cis et plus rapide Les poussi\u00e8res nocives sont aspir\u00e9es l\u00e0 o\u00f9 elles sont produites : prot\u00e8ge la sant\u00e9 Moins de poussi\u00e8re : prolonge la dur\u00e9e de vie de l\u2019outil et des accessoires\" data-sizes=\"(max-width: 767px) 100px, (min-width: 768px) and (max-width: 991px) 100px, (-webkit-min-device-pixel-ratio: 2.0) and (min-width: 1000px) 200px, 100px\" data-srcset=\"https:\/\/www.bosch-professional.com\/binary\/ocsmedia\/optimized\/100x100\/o123050v54_Bosch_BI_Icon_ClickClean.png 100w, https:\/\/www.bosch-professional.com\/binary\/ocsmedia\/optimized\/100x100\/o123050v54_Bosch_BI_Icon_ClickClean.png 100w, https:\/\/www.bosch-professional.com\/binary\/ocsmedia\/optimized\/100x100\/o123050v54_Bosch_BI_Icon_ClickClean.png 100w, https:\/\/www.bosch-professional.com\/binary\/ocsmedia\/optimized\/200x200\/o123050v54_Bosch_BI_Icon_ClickClean.png 200w\" data-src=\"https:\/\/www.bosch-professional.com\/binary\/ocsmedia\/optimized\/100x100\/o123050v54_Bosch_BI_Icon_ClickClean.png\" \/><\/div>\n<div class=\"image-col bsTooltip\" title=\"\" data-content=\" D\u00e9marrage progressif \u00e9tant donn\u00e9 que la charge et le couple du moteur sont temporairement r\u00e9duits pendant le d\u00e9marrage.\" data-original-title=\"\"><img decoding=\"async\" class=\"img-responsive lazyloaded alignleft\" src=\"https:\/\/www.bosch-professional.com\/binary\/ocsmedia\/optimized\/100x100\/o303403v54_lv-177202-13-lv-303403-13-Bosch_Bl_Icon_Soft_Start.png\" alt=\" D\u00e9marrage progressif \u00e9tant donn\u00e9 que la charge et le couple du moteur sont temporairement r\u00e9duits pendant le d\u00e9marrage.\" data-sizes=\"(max-width: 767px) 100px, (min-width: 768px) and (max-width: 991px) 100px, (-webkit-min-device-pixel-ratio: 2.0) and (min-width: 1000px) 200px, 100px\" data-srcset=\"https:\/\/www.bosch-professional.com\/binary\/ocsmedia\/optimized\/100x100\/o303403v54_lv-177202-13-lv-303403-13-Bosch_Bl_Icon_Soft_Start.png 100w, https:\/\/www.bosch-professional.com\/binary\/ocsmedia\/optimized\/100x100\/o303403v54_lv-177202-13-lv-303403-13-Bosch_Bl_Icon_Soft_Start.png 100w, https:\/\/www.bosch-professional.com\/binary\/ocsmedia\/optimized\/100x100\/o303403v54_lv-177202-13-lv-303403-13-Bosch_Bl_Icon_Soft_Start.png 100w, https:\/\/www.bosch-professional.com\/binary\/ocsmedia\/optimized\/200x200\/o303403v54_lv-177202-13-lv-303403-13-Bosch_Bl_Icon_Soft_Start.png 200w\" data-src=\"https:\/\/www.bosch-professional.com\/binary\/ocsmedia\/optimized\/100x100\/o303403v54_lv-177202-13-lv-303403-13-Bosch_Bl_Icon_Soft_Start.png\" \/><\/div>\n<div class=\"image-col bsTooltip\" title=\"\" data-content=\"Dispositif d\u2019aspiration des poussi\u00e8res directement dans le sac \u00e0 poussi\u00e8re int\u00e9gral de l\u2019outil et\/ou en utilisant un aspirateur multi-usages\" data-original-title=\"\"><img decoding=\"async\" class=\"img-responsive lazyloaded alignleft\" src=\"https:\/\/www.bosch-professional.com\/binary\/ocsmedia\/optimized\/100x100\/o131960v54_Bosch_BI_Icon_DustExtraction.png\" alt=\"Dispositif d\u2019aspiration des poussi\u00e8res directement dans le sac \u00e0 poussi\u00e8re int\u00e9gral de l\u2019outil et\/ou en utilisant un aspirateur multi-usages\" data-sizes=\"(max-width: 767px) 100px, (min-width: 768px) and (max-width: 991px) 100px, (-webkit-min-device-pixel-ratio: 2.0) and (min-width: 1000px) 200px, 100px\" data-srcset=\"https:\/\/www.bosch-professional.com\/binary\/ocsmedia\/optimized\/100x100\/o131960v54_Bosch_BI_Icon_DustExtraction.png 100w, https:\/\/www.bosch-professional.com\/binary\/ocsmedia\/optimized\/100x100\/o131960v54_Bosch_BI_Icon_DustExtraction.png 100w, https:\/\/www.bosch-professional.com\/binary\/ocsmedia\/optimized\/100x100\/o131960v54_Bosch_BI_Icon_DustExtraction.png 100w, https:\/\/www.bosch-professional.com\/binary\/ocsmedia\/optimized\/200x200\/o131960v54_Bosch_BI_Icon_DustExtraction.png 200w\" data-src=\"https:\/\/www.bosch-professional.com\/binary\/ocsmedia\/optimized\/100x100\/o131960v54_Bosch_BI_Icon_DustExtraction.png\" \/><\/div>\n<\/div>\n<\/div>\n<\/div>\n<\/div>\n<\/section>\n<section id=\"pricescope\" class=\"o-product_variations-a trackingModule\">\n<div class=\"o-product_variations-a__container container\">\n<div class=\"o-product_variations-a__row row\">\n<div class=\"m-detail_stage\">\n<div class=\"m-detail_stage__headline col-xs-12\">\n<h3><\/h3>\n<h3><\/h3>\n<h3><\/h3>\n<h4 class=\"headline hl1\"><strong>Ce qui est inclus dans ce paquet<\/strong><\/h4>\n<\/div>\n<div class=\"m-detail_stage__image col-sm-5\"><img fetchpriority=\"high\" decoding=\"async\" class=\"img-responsive alignleft\" src=\"https:\/\/www.bosch-professional.com\/binary\/ocsmedia\/optimized\/530x530\/o43639v54_GTM12_dyn_offen.png\" alt=\"avec pack d\u2019accessoires\" width=\"286\" height=\"380\" \/><\/div>\n<\/div>\n<div class=\"m-conversion_area\">\n<div class=\"m-conversion_area__col\">\n<div class=\"m-conversion_area__information\">\n<div class=\"m-conversion_area__headline m-conversion_area__headline--hl3\">\n<div class=\"headline hl3\">avec pack d\u2019accessoires<\/div>\n<\/div>\n<div class=\"m-conversion_area__headline m-conversion_area__headline--hl5\">\n<div class=\"headline hl5\">R\u00e9f\u00e9rence:\u00a0<span class=\"a-ordernumber\">0\u00a0601\u00a0B15\u00a0001<\/span><\/div>\n<\/div>\n<ul class=\"m-conversion_area__ul\">\n<li class=\"m-conversion_area__li\">1 lame de scie circulaire, Optiline Wood, 305 x 30 x 2,5 mm, 40<span class=\"a-ordernumber grey-text grey-text\">2\u00a0608\u00a0640\u00a0440<\/span><\/li>\n<li class=\"m-conversion_area__li\">B\u00e2ton<span class=\"a-ordernumber grey-text grey-text\">1\u00a0619\u00a0P04\u00a0042<\/span><\/li>\n<\/ul>\n<\/div>\n<\/div>\n<\/div>\n<\/div>\n<\/div>\n<\/section>\n","protected":false},"excerpt":{"rendered":"<h4 class=\"o-product_standard_stage__headline-3 headline hl3\">Polyvalence et pr\u00e9cision extr\u00eame<\/h4>\n<p><img decoding=\"async\" class=\"alignnone size-medium wp-image-6775\" src=\"https:\/\/lhchosting.com\/hosna\/wp-content\/uploads\/2020\/04\/BOSCH-SCIE-A-ONGLET-COMBI-GTM12JL-305mm-1800W-2-eurl-hosna-kamel-algerie-300x63.jpg\" alt=\"\" width=\"300\" height=\"63\" srcset=\"https:\/\/eurlhosnakamel.dz\/dz\/wp-content\/uploads\/2020\/04\/BOSCH-SCIE-A-ONGLET-COMBI-GTM12JL-305mm-1800W-2-eurl-hosna-kamel-algerie-300x63.jpg 300w, https:\/\/eurlhosnakamel.dz\/dz\/wp-content\/uploads\/2020\/04\/BOSCH-SCIE-A-ONGLET-COMBI-GTM12JL-305mm-1800W-2-eurl-hosna-kamel-algerie-500x105.jpg 500w, https:\/\/eurlhosnakamel.dz\/dz\/wp-content\/uploads\/2020\/04\/BOSCH-SCIE-A-ONGLET-COMBI-GTM12JL-305mm-1800W-2-eurl-hosna-kamel-algerie-370x78.jpg 370w, https:\/\/eurlhosnakamel.dz\/dz\/wp-content\/uploads\/2020\/04\/BOSCH-SCIE-A-ONGLET-COMBI-GTM12JL-305mm-1800W-2-eurl-hosna-kamel-algerie-200x42.jpg 200w, https:\/\/eurlhosnakamel.dz\/dz\/wp-content\/uploads\/2020\/04\/BOSCH-SCIE-A-ONGLET-COMBI-GTM12JL-305mm-1800W-2-eurl-hosna-kamel-algerie.jpg 574w\" sizes=\"(max-width: 300px) 100vw, 300px\" \/><\/p>\n","protected":false},"featured_media":6771,"template":"","meta":[],"product_cat":[405,441],"product_tag":[1377,2452],"class_list":{"0":"post-6769","1":"product","2":"type-product","3":"status-publish","4":"has-post-thumbnail","6":"product_cat-outillage","7":"product_cat-outillage-filaire","8":"product_tag-bosch-scie-a-onglet-combine-gtm-12-jl-305-mm-1800-w","9":"product_tag-gtm-12-jl","10":"product_brand-bosch-outillage","12":"first","13":"instock","14":"shipping-taxable","15":"product-type-simple","16":"col-xs-6 col-sm-4","17":"col-md-3 col-lg-3","18":"un-4-cols"},"yoast_head":"<!-- This site is optimized with the Yoast SEO plugin v22.5 - https:\/\/yoast.com\/wordpress\/plugins\/seo\/ -->\n<title>Scie \u00e0 onglet combin\u00e9 305 mm 1800 Watts GTM 12 JL - EURL HOSNA KAMEL<\/title>\n<meta name=\"description\" content=\"Scie \u00e0 onglet combin\u00e9 305 mm 1800 Watts GTM 12 JL - EURL HOSNA KAMEL\" \/>\n<meta name=\"robots\" content=\"index, follow, max-snippet:-1, max-image-preview:large, max-video-preview:-1\" \/>\n<link rel=\"canonical\" href=\"https:\/\/eurlhosnakamel.dz\/dz\/produit\/bosch-scie-a-onglet-combine-gtm-12-jl-305-mm-1800-w\/\" \/>\n<meta property=\"og:locale\" content=\"fr_FR\" \/>\n<meta property=\"og:type\" content=\"article\" \/>\n<meta property=\"og:title\" content=\"Scie \u00e0 onglet combin\u00e9 305 mm 1800 Watts GTM 12 JL - EURL HOSNA KAMEL\" \/>\n<meta property=\"og:description\" content=\"Scie \u00e0 onglet combin\u00e9 305 mm 1800 Watts GTM 12 JL - EURL HOSNA KAMEL\" \/>\n<meta property=\"og:url\" content=\"https:\/\/eurlhosnakamel.dz\/dz\/produit\/bosch-scie-a-onglet-combine-gtm-12-jl-305-mm-1800-w\/\" \/>\n<meta property=\"og:site_name\" content=\"EURL HOSNA KAMEL\" \/>\n<meta property=\"article:publisher\" content=\"https:\/\/www.facebook.com\/Eurl.Hosna.DZ\/\" \/>\n<meta property=\"article:modified_time\" content=\"2021-12-19T09:02:45+00:00\" \/>\n<meta property=\"og:image\" content=\"https:\/\/eurlhosnakamel.dz\/dz\/wp-content\/uploads\/2020\/04\/BOSCH-SCIE-A-ONGLET-COMBI-GTM12JL-305mm-1800W-eurl-hosna-kamel-algerie.jpg\" \/>\n\t<meta property=\"og:image:width\" content=\"512\" \/>\n\t<meta property=\"og:image:height\" content=\"512\" \/>\n\t<meta property=\"og:image:type\" content=\"image\/jpeg\" \/>\n<meta name=\"twitter:card\" content=\"summary_large_image\" \/>\n<meta name=\"twitter:label1\" content=\"Dur\u00e9e de lecture estim\u00e9e\" \/>\n\t<meta name=\"twitter:data1\" content=\"1 minute\" \/>\n<script type=\"application\/ld+json\" class=\"yoast-schema-graph\">{\"@context\":\"https:\/\/schema.org\",\"@graph\":[{\"@type\":\"WebPage\",\"@id\":\"https:\/\/eurlhosnakamel.dz\/dz\/produit\/bosch-scie-a-onglet-combine-gtm-12-jl-305-mm-1800-w\/\",\"url\":\"https:\/\/eurlhosnakamel.dz\/dz\/produit\/bosch-scie-a-onglet-combine-gtm-12-jl-305-mm-1800-w\/\",\"name\":\"Scie \u00e0 onglet combin\u00e9 305 mm 1800 Watts GTM 12 JL - EURL HOSNA KAMEL\",\"isPartOf\":{\"@id\":\"https:\/\/eurlhosnakamel.dz\/dz\/#website\"},\"primaryImageOfPage\":{\"@id\":\"https:\/\/eurlhosnakamel.dz\/dz\/produit\/bosch-scie-a-onglet-combine-gtm-12-jl-305-mm-1800-w\/#primaryimage\"},\"image\":{\"@id\":\"https:\/\/eurlhosnakamel.dz\/dz\/produit\/bosch-scie-a-onglet-combine-gtm-12-jl-305-mm-1800-w\/#primaryimage\"},\"thumbnailUrl\":\"https:\/\/eurlhosnakamel.dz\/dz\/wp-content\/uploads\/2020\/04\/BOSCH-SCIE-A-ONGLET-COMBI-GTM12JL-305mm-1800W-eurl-hosna-kamel-algerie.jpg\",\"datePublished\":\"2020-04-20T19:35:29+00:00\",\"dateModified\":\"2021-12-19T09:02:45+00:00\",\"description\":\"Scie \u00e0 onglet combin\u00e9 305 mm 1800 Watts GTM 12 JL - EURL HOSNA KAMEL\",\"breadcrumb\":{\"@id\":\"https:\/\/eurlhosnakamel.dz\/dz\/produit\/bosch-scie-a-onglet-combine-gtm-12-jl-305-mm-1800-w\/#breadcrumb\"},\"inLanguage\":\"fr-FR\",\"potentialAction\":[{\"@type\":\"ReadAction\",\"target\":[\"https:\/\/eurlhosnakamel.dz\/dz\/produit\/bosch-scie-a-onglet-combine-gtm-12-jl-305-mm-1800-w\/\"]}]},{\"@type\":\"ImageObject\",\"inLanguage\":\"fr-FR\",\"@id\":\"https:\/\/eurlhosnakamel.dz\/dz\/produit\/bosch-scie-a-onglet-combine-gtm-12-jl-305-mm-1800-w\/#primaryimage\",\"url\":\"https:\/\/eurlhosnakamel.dz\/dz\/wp-content\/uploads\/2020\/04\/BOSCH-SCIE-A-ONGLET-COMBI-GTM12JL-305mm-1800W-eurl-hosna-kamel-algerie.jpg\",\"contentUrl\":\"https:\/\/eurlhosnakamel.dz\/dz\/wp-content\/uploads\/2020\/04\/BOSCH-SCIE-A-ONGLET-COMBI-GTM12JL-305mm-1800W-eurl-hosna-kamel-algerie.jpg\",\"width\":512,\"height\":512},{\"@type\":\"BreadcrumbList\",\"@id\":\"https:\/\/eurlhosnakamel.dz\/dz\/produit\/bosch-scie-a-onglet-combine-gtm-12-jl-305-mm-1800-w\/#breadcrumb\",\"itemListElement\":[{\"@type\":\"ListItem\",\"position\":1,\"name\":\"Accueil\",\"item\":\"https:\/\/eurlhosnakamel.dz\/dz\/\"},{\"@type\":\"ListItem\",\"position\":2,\"name\":\"Shop\",\"item\":\"https:\/\/eurlhosnakamel.dz\/dz\/shop\/\"},{\"@type\":\"ListItem\",\"position\":3,\"name\":\"Scie \u00e0 onglet combin\u00e9 305 mm 1800 Watts GTM 12 JL\"}]},{\"@type\":\"WebSite\",\"@id\":\"https:\/\/eurlhosnakamel.dz\/dz\/#website\",\"url\":\"https:\/\/eurlhosnakamel.dz\/dz\/\",\"name\":\"EURL HOSNA KAMEL\",\"description\":\"Fournisseur Premium d&#039;Outillages Professionnels en Alg\u00e9rie -\",\"publisher\":{\"@id\":\"https:\/\/eurlhosnakamel.dz\/dz\/#organization\"},\"potentialAction\":[{\"@type\":\"SearchAction\",\"target\":{\"@type\":\"EntryPoint\",\"urlTemplate\":\"https:\/\/eurlhosnakamel.dz\/dz\/?s={search_term_string}\"},\"query-input\":\"required name=search_term_string\"}],\"inLanguage\":\"fr-FR\"},{\"@type\":\"Organization\",\"@id\":\"https:\/\/eurlhosnakamel.dz\/dz\/#organization\",\"name\":\"EURL HOSNA KAMEL - Bosch alg\u00e9rie\",\"url\":\"https:\/\/eurlhosnakamel.dz\/dz\/\",\"logo\":{\"@type\":\"ImageObject\",\"inLanguage\":\"fr-FR\",\"@id\":\"https:\/\/eurlhosnakamel.dz\/dz\/#\/schema\/logo\/image\/\",\"url\":\"https:\/\/eurlhosnakamel.dz\/wp-content\/uploads\/2020\/04\/LOGO-HOSNA1.png\",\"contentUrl\":\"https:\/\/eurlhosnakamel.dz\/wp-content\/uploads\/2020\/04\/LOGO-HOSNA1.png\",\"width\":120,\"height\":127,\"caption\":\"EURL HOSNA KAMEL - Bosch alg\u00e9rie\"},\"image\":{\"@id\":\"https:\/\/eurlhosnakamel.dz\/dz\/#\/schema\/logo\/image\/\"},\"sameAs\":[\"https:\/\/www.facebook.com\/Eurl.Hosna.DZ\/\"]}]}<\/script>\n<!-- \/ Yoast SEO plugin. -->","yoast_head_json":{"title":"Scie \u00e0 onglet combin\u00e9 305 mm 1800 Watts GTM 12 JL - EURL HOSNA KAMEL","description":"Scie \u00e0 onglet combin\u00e9 305 mm 1800 Watts GTM 12 JL - EURL HOSNA KAMEL","robots":{"index":"index","follow":"follow","max-snippet":"max-snippet:-1","max-image-preview":"max-image-preview:large","max-video-preview":"max-video-preview:-1"},"canonical":"https:\/\/eurlhosnakamel.dz\/dz\/produit\/bosch-scie-a-onglet-combine-gtm-12-jl-305-mm-1800-w\/","og_locale":"fr_FR","og_type":"article","og_title":"Scie \u00e0 onglet combin\u00e9 305 mm 1800 Watts GTM 12 JL - EURL HOSNA KAMEL","og_description":"Scie \u00e0 onglet combin\u00e9 305 mm 1800 Watts GTM 12 JL - EURL HOSNA KAMEL","og_url":"https:\/\/eurlhosnakamel.dz\/dz\/produit\/bosch-scie-a-onglet-combine-gtm-12-jl-305-mm-1800-w\/","og_site_name":"EURL HOSNA KAMEL","article_publisher":"https:\/\/www.facebook.com\/Eurl.Hosna.DZ\/","article_modified_time":"2021-12-19T09:02:45+00:00","og_image":[{"width":512,"height":512,"url":"https:\/\/eurlhosnakamel.dz\/dz\/wp-content\/uploads\/2020\/04\/BOSCH-SCIE-A-ONGLET-COMBI-GTM12JL-305mm-1800W-eurl-hosna-kamel-algerie.jpg","type":"image\/jpeg"}],"twitter_card":"summary_large_image","twitter_misc":{"Dur\u00e9e de lecture estim\u00e9e":"1 minute"},"schema":{"@context":"https:\/\/schema.org","@graph":[{"@type":"WebPage","@id":"https:\/\/eurlhosnakamel.dz\/dz\/produit\/bosch-scie-a-onglet-combine-gtm-12-jl-305-mm-1800-w\/","url":"https:\/\/eurlhosnakamel.dz\/dz\/produit\/bosch-scie-a-onglet-combine-gtm-12-jl-305-mm-1800-w\/","name":"Scie \u00e0 onglet combin\u00e9 305 mm 1800 Watts GTM 12 JL - EURL HOSNA KAMEL","isPartOf":{"@id":"https:\/\/eurlhosnakamel.dz\/dz\/#website"},"primaryImageOfPage":{"@id":"https:\/\/eurlhosnakamel.dz\/dz\/produit\/bosch-scie-a-onglet-combine-gtm-12-jl-305-mm-1800-w\/#primaryimage"},"image":{"@id":"https:\/\/eurlhosnakamel.dz\/dz\/produit\/bosch-scie-a-onglet-combine-gtm-12-jl-305-mm-1800-w\/#primaryimage"},"thumbnailUrl":"https:\/\/eurlhosnakamel.dz\/dz\/wp-content\/uploads\/2020\/04\/BOSCH-SCIE-A-ONGLET-COMBI-GTM12JL-305mm-1800W-eurl-hosna-kamel-algerie.jpg","datePublished":"2020-04-20T19:35:29+00:00","dateModified":"2021-12-19T09:02:45+00:00","description":"Scie \u00e0 onglet combin\u00e9 305 mm 1800 Watts GTM 12 JL - EURL HOSNA KAMEL","breadcrumb":{"@id":"https:\/\/eurlhosnakamel.dz\/dz\/produit\/bosch-scie-a-onglet-combine-gtm-12-jl-305-mm-1800-w\/#breadcrumb"},"inLanguage":"fr-FR","potentialAction":[{"@type":"ReadAction","target":["https:\/\/eurlhosnakamel.dz\/dz\/produit\/bosch-scie-a-onglet-combine-gtm-12-jl-305-mm-1800-w\/"]}]},{"@type":"ImageObject","inLanguage":"fr-FR","@id":"https:\/\/eurlhosnakamel.dz\/dz\/produit\/bosch-scie-a-onglet-combine-gtm-12-jl-305-mm-1800-w\/#primaryimage","url":"https:\/\/eurlhosnakamel.dz\/dz\/wp-content\/uploads\/2020\/04\/BOSCH-SCIE-A-ONGLET-COMBI-GTM12JL-305mm-1800W-eurl-hosna-kamel-algerie.jpg","contentUrl":"https:\/\/eurlhosnakamel.dz\/dz\/wp-content\/uploads\/2020\/04\/BOSCH-SCIE-A-ONGLET-COMBI-GTM12JL-305mm-1800W-eurl-hosna-kamel-algerie.jpg","width":512,"height":512},{"@type":"BreadcrumbList","@id":"https:\/\/eurlhosnakamel.dz\/dz\/produit\/bosch-scie-a-onglet-combine-gtm-12-jl-305-mm-1800-w\/#breadcrumb","itemListElement":[{"@type":"ListItem","position":1,"name":"Accueil","item":"https:\/\/eurlhosnakamel.dz\/dz\/"},{"@type":"ListItem","position":2,"name":"Shop","item":"https:\/\/eurlhosnakamel.dz\/dz\/shop\/"},{"@type":"ListItem","position":3,"name":"Scie \u00e0 onglet combin\u00e9 305 mm 1800 Watts GTM 12 JL"}]},{"@type":"WebSite","@id":"https:\/\/eurlhosnakamel.dz\/dz\/#website","url":"https:\/\/eurlhosnakamel.dz\/dz\/","name":"EURL HOSNA KAMEL","description":"Fournisseur Premium d&#039;Outillages Professionnels en Alg\u00e9rie -","publisher":{"@id":"https:\/\/eurlhosnakamel.dz\/dz\/#organization"},"potentialAction":[{"@type":"SearchAction","target":{"@type":"EntryPoint","urlTemplate":"https:\/\/eurlhosnakamel.dz\/dz\/?s={search_term_string}"},"query-input":"required name=search_term_string"}],"inLanguage":"fr-FR"},{"@type":"Organization","@id":"https:\/\/eurlhosnakamel.dz\/dz\/#organization","name":"EURL HOSNA KAMEL - Bosch alg\u00e9rie","url":"https:\/\/eurlhosnakamel.dz\/dz\/","logo":{"@type":"ImageObject","inLanguage":"fr-FR","@id":"https:\/\/eurlhosnakamel.dz\/dz\/#\/schema\/logo\/image\/","url":"https:\/\/eurlhosnakamel.dz\/wp-content\/uploads\/2020\/04\/LOGO-HOSNA1.png","contentUrl":"https:\/\/eurlhosnakamel.dz\/wp-content\/uploads\/2020\/04\/LOGO-HOSNA1.png","width":120,"height":127,"caption":"EURL HOSNA KAMEL - Bosch alg\u00e9rie"},"image":{"@id":"https:\/\/eurlhosnakamel.dz\/dz\/#\/schema\/logo\/image\/"},"sameAs":["https:\/\/www.facebook.com\/Eurl.Hosna.DZ\/"]}]}},"_links":{"self":[{"href":"https:\/\/eurlhosnakamel.dz\/dz\/wp-json\/wp\/v2\/product\/6769","targetHints":{"allow":["GET"]}}],"collection":[{"href":"https:\/\/eurlhosnakamel.dz\/dz\/wp-json\/wp\/v2\/product"}],"about":[{"href":"https:\/\/eurlhosnakamel.dz\/dz\/wp-json\/wp\/v2\/types\/product"}],"wp:featuredmedia":[{"embeddable":true,"href":"https:\/\/eurlhosnakamel.dz\/dz\/wp-json\/wp\/v2\/media\/6771"}],"wp:attachment":[{"href":"https:\/\/eurlhosnakamel.dz\/dz\/wp-json\/wp\/v2\/media?parent=6769"}],"wp:term":[{"taxonomy":"product_cat","embeddable":true,"href":"https:\/\/eurlhosnakamel.dz\/dz\/wp-json\/wp\/v2\/product_cat?post=6769"},{"taxonomy":"product_tag","embeddable":true,"href":"https:\/\/eurlhosnakamel.dz\/dz\/wp-json\/wp\/v2\/product_tag?post=6769"}],"curies":[{"name":"wp","href":"https:\/\/api.w.org\/{rel}","templated":true}]}}