{"id":6943,"date":"2020-04-21T08:56:35","date_gmt":"2020-04-21T08:56:35","guid":{"rendered":"https:\/\/lhchosting.com\/hosna\/?post_type=product&#038;p=6943"},"modified":"2020-04-21T08:56:35","modified_gmt":"2020-04-21T08:56:35","slug":"ada-rotary-500hv-servo","status":"publish","type":"product","link":"https:\/\/eurlhosnakamel.dz\/dz\/produit\/ada-rotary-500hv-servo\/","title":{"rendered":"ADA ROTARY 500HV SERVO"},"content":{"rendered":"<p><strong>ENSEMBLE laser ROTARY 500 HV Construction avec tr\u00e9pied et Laserrod.<\/strong><\/p>\n<p><strong>Le niveau laser ADA ROTARY 500 HV est \u00e9quip\u00e9 d&#8217;un compensateur \u00e9lectronique sur les variateurs.\u00a0En raison de cette construction et de cette m\u00e9thode d&#8217;autocalage, la pr\u00e9cision de l&#8217;instrument est de \u00b1 0,1 mm \/ m et la port\u00e9e augmente jusqu&#8217;\u00e0 \u00b1 5 \u00b0.\u00a0Il fournit un r\u00e9glage rapide et pr\u00e9cis au point prescrit.<\/strong><\/p>\n<p><strong>La mise \u00e0 niveau dans le plan vertical se fait \u00e9galement automatiquement \u00e0 l&#8217;aide de servodrives gr\u00e2ce aux capteurs de pente.<\/strong><\/p>\n<p><strong>Si l&#8217;instrument est hors de la plage de mise \u00e0 niveau automatique, il s&#8217;arr\u00eate de fonctionner et commence \u00e0 se mettre \u00e0 niveau \u00e0 l&#8217;aide des variateurs.\u00a0Ensuite, il continue de fonctionner.<\/strong><\/p>\n<p><strong>La fonction de r\u00e9glage de la pente dans les plans \u0425 et Y jusqu&#8217;\u00e0 5 \u00b0 permet de planifier les pentes dans le plan horizontal dans diff\u00e9rentes directions.<\/strong><\/p>\n<p><strong>Vitesse de rotation r\u00e9glable de l&#8217;\u00e9metteur laser: de 0 \u00e0 600 tr \/ min.\u00a0Plus la vitesse est \u00e9lev\u00e9e, plus le point laser passe souvent \u00e0 travers la tige ou le r\u00e9cepteur \u00e0 distance du niveau laser.<\/strong><\/p>\n<p><strong>Le mode de balayage est utilis\u00e9 pour un fonctionnement dans un secteur d\u00e9fini.\u00a0C&#8217;est n\u00e9cessaire lorsque vous travaillez avec plusieurs instruments simultan\u00e9ment.\u00a0Le faisceau laser peut \u00eatre d\u00e9plac\u00e9 sur le point prescrit.<\/strong><\/p>\n<p><strong>Le r\u00e9cepteur est utilis\u00e9 pendant le fonctionnement \u00e0 grande distance.\u00a0Livr\u00e9 avec l&#8217;instrument.\u00a0Fixez-le sur la tige et mesurez sur le territoire avec un diam\u00e8tre jusqu&#8217;\u00e0 500 m.<\/strong><\/p>\n<p><strong>Il est tr\u00e8s pratique d&#8217;utiliser une t\u00e9l\u00e9commande dans une port\u00e9e allant jusqu&#8217;\u00e0 20 m.\u00a0Il n&#8217;est pas n\u00e9cessaire de monter au niveau du laser si vous devez changer de mode de fonctionnement.<\/strong><\/p>\n<p><strong>Le support mural universel permet de placer le servo ADA ROTARY 500 HV sur un plan vertical.\u00a0Le microlift \u00e0 vis permet de r\u00e9gler la hauteur.\u00a0\u00c9galement \u00e0 l&#8217;aide d&#8217;un tel support, vous pouvez placer le niveau sur le tr\u00e9pied pour le marquage vertical.<\/strong><\/p>\n<p><strong>Ce niveau laser est id\u00e9al pour le marquage horizontal et vertical dans la construction priv\u00e9e et pendant les travaux de finition &#8211; pour les lignes de services publics, le marquage des murs et des sols, l&#8217;installation des syst\u00e8mes de plafond et de ventilation, pour l&#8217;am\u00e9nagement du territoire, le marquage des surfaces curvilignes, l&#8217;am\u00e9nagement des entr\u00e9es et des sorties sous pente et bient\u00f4t.<\/strong><\/p>\n","protected":false},"excerpt":{"rendered":"<h1 class=\"product-title\">Laser de construction ROTARY 500 HV pour une utilisation horizontale et verticale.<\/h1>\n<table>\n<tbody>\n<tr>\n<td><span>Plage de travail avec r\u00e9cepteur (diam\u00e8tre)<\/span><\/td>\n<td><span>500 m<\/span><\/td>\n<\/tr>\n<tr>\n<td><span>Pr\u00e9cision<\/span><\/td>\n<td><span>\u00b1 0,1 mm \/ m<\/span><\/td>\n<\/tr>\n<tr>\n<td><span>Projection de laser<\/span><\/td>\n<td><span>1 ligne 360 \u200b\u200b\u00b0<\/span><\/td>\n<\/tr>\n<tr>\n<td><span>Modes de mise \u00e0 niveau<\/span><\/td>\n<td><span>Horizontal automatique<\/span><br \/>\n<span>Vertical manuel<\/span><\/td>\n<\/tr>\n<tr>\n<td><span>Fil<\/span><\/td>\n<td><span>5\/8 \u2033<\/span><\/td>\n<\/tr>\n<tr>\n<td><span>Classe laser<\/span><\/td>\n<td><span>2<\/span><\/td>\n<\/tr>\n<tr>\n<td><span>Diode laser<\/span><\/td>\n<td><span>635 nm, &lt;1 mWt<\/span><\/td>\n<\/tr>\n<tr>\n<td><span>Protection contre les poussi\u00e8res<\/span><\/td>\n<td><span>IP 64<\/span><\/td>\n<\/tr>\n<tr>\n<td><span>Source de courant<\/span><\/td>\n<td><span>4 piles rechargeables type C \/ 1,2 V<\/span><\/td>\n<\/tr>\n<tr>\n<td><span>Dimensions<\/span><\/td>\n<td><span>160 \u00d7 160 \u00d7 185 mm<\/span><\/td>\n<\/tr>\n<tr>\n<td><span>Poids<\/span><\/td>\n<td><span>3,0 kg<\/span><\/td>\n<\/tr>\n<\/tbody>\n<\/table>\n<h1 class=\"product-title\"><\/h1>\n","protected":false},"featured_media":6945,"template":"","meta":[],"product_cat":[457],"product_tag":[1395],"class_list":{"0":"post-6943","1":"product","2":"type-product","3":"status-publish","4":"has-post-thumbnail","6":"product_cat-instruments-de-mesure","7":"product_tag-ada-rotary-500hv-servo","8":"product_brand-ada","10":"first","11":"instock","12":"shipping-taxable","13":"product-type-simple","14":"col-xs-6 col-sm-4","15":"col-md-3 col-lg-3","16":"un-4-cols"},"yoast_head":"<!-- This site is optimized with the Yoast SEO plugin v22.5 - https:\/\/yoast.com\/wordpress\/plugins\/seo\/ -->\n<title>ADA ROTARY 500HV SERVO - EURL HOSNA KAMEL<\/title>\n<meta name=\"description\" content=\"ADA ROTARY 500HV SERVO - EURL HOSNA KAMEL\" \/>\n<meta name=\"robots\" content=\"index, follow, max-snippet:-1, max-image-preview:large, max-video-preview:-1\" \/>\n<link rel=\"canonical\" href=\"https:\/\/eurlhosnakamel.dz\/dz\/produit\/ada-rotary-500hv-servo\/\" \/>\n<meta property=\"og:locale\" content=\"fr_FR\" \/>\n<meta property=\"og:type\" content=\"article\" \/>\n<meta property=\"og:title\" content=\"ADA ROTARY 500HV SERVO - EURL HOSNA KAMEL\" \/>\n<meta property=\"og:description\" content=\"ADA ROTARY 500HV SERVO - EURL HOSNA KAMEL\" \/>\n<meta property=\"og:url\" content=\"https:\/\/eurlhosnakamel.dz\/dz\/produit\/ada-rotary-500hv-servo\/\" \/>\n<meta property=\"og:site_name\" content=\"EURL HOSNA KAMEL\" \/>\n<meta property=\"article:publisher\" content=\"https:\/\/www.facebook.com\/Eurl.Hosna.DZ\/\" \/>\n<meta property=\"og:image\" content=\"https:\/\/eurlhosnakamel.dz\/dz\/wp-content\/uploads\/2020\/04\/30ADA-ROTARY-500HV-SERVO-eurl-hosna-kamel-algerie.jpg\" \/>\n\t<meta property=\"og:image:width\" content=\"512\" \/>\n\t<meta property=\"og:image:height\" content=\"512\" \/>\n\t<meta property=\"og:image:type\" content=\"image\/jpeg\" \/>\n<meta name=\"twitter:card\" content=\"summary_large_image\" \/>\n<meta name=\"twitter:label1\" content=\"Dur\u00e9e de lecture estim\u00e9e\" \/>\n\t<meta name=\"twitter:data1\" content=\"2 minutes\" \/>\n<script type=\"application\/ld+json\" class=\"yoast-schema-graph\">{\"@context\":\"https:\/\/schema.org\",\"@graph\":[{\"@type\":\"WebPage\",\"@id\":\"https:\/\/eurlhosnakamel.dz\/dz\/produit\/ada-rotary-500hv-servo\/\",\"url\":\"https:\/\/eurlhosnakamel.dz\/dz\/produit\/ada-rotary-500hv-servo\/\",\"name\":\"ADA ROTARY 500HV SERVO - EURL HOSNA KAMEL\",\"isPartOf\":{\"@id\":\"https:\/\/eurlhosnakamel.dz\/dz\/#website\"},\"primaryImageOfPage\":{\"@id\":\"https:\/\/eurlhosnakamel.dz\/dz\/produit\/ada-rotary-500hv-servo\/#primaryimage\"},\"image\":{\"@id\":\"https:\/\/eurlhosnakamel.dz\/dz\/produit\/ada-rotary-500hv-servo\/#primaryimage\"},\"thumbnailUrl\":\"https:\/\/eurlhosnakamel.dz\/dz\/wp-content\/uploads\/2020\/04\/30ADA-ROTARY-500HV-SERVO-eurl-hosna-kamel-algerie.jpg\",\"datePublished\":\"2020-04-21T08:56:35+00:00\",\"dateModified\":\"2020-04-21T08:56:35+00:00\",\"description\":\"ADA ROTARY 500HV SERVO - EURL HOSNA KAMEL\",\"breadcrumb\":{\"@id\":\"https:\/\/eurlhosnakamel.dz\/dz\/produit\/ada-rotary-500hv-servo\/#breadcrumb\"},\"inLanguage\":\"fr-FR\",\"potentialAction\":[{\"@type\":\"ReadAction\",\"target\":[\"https:\/\/eurlhosnakamel.dz\/dz\/produit\/ada-rotary-500hv-servo\/\"]}]},{\"@type\":\"ImageObject\",\"inLanguage\":\"fr-FR\",\"@id\":\"https:\/\/eurlhosnakamel.dz\/dz\/produit\/ada-rotary-500hv-servo\/#primaryimage\",\"url\":\"https:\/\/eurlhosnakamel.dz\/dz\/wp-content\/uploads\/2020\/04\/30ADA-ROTARY-500HV-SERVO-eurl-hosna-kamel-algerie.jpg\",\"contentUrl\":\"https:\/\/eurlhosnakamel.dz\/dz\/wp-content\/uploads\/2020\/04\/30ADA-ROTARY-500HV-SERVO-eurl-hosna-kamel-algerie.jpg\",\"width\":512,\"height\":512},{\"@type\":\"BreadcrumbList\",\"@id\":\"https:\/\/eurlhosnakamel.dz\/dz\/produit\/ada-rotary-500hv-servo\/#breadcrumb\",\"itemListElement\":[{\"@type\":\"ListItem\",\"position\":1,\"name\":\"Accueil\",\"item\":\"https:\/\/eurlhosnakamel.dz\/dz\/\"},{\"@type\":\"ListItem\",\"position\":2,\"name\":\"Shop\",\"item\":\"https:\/\/eurlhosnakamel.dz\/dz\/shop\/\"},{\"@type\":\"ListItem\",\"position\":3,\"name\":\"ADA ROTARY 500HV SERVO\"}]},{\"@type\":\"WebSite\",\"@id\":\"https:\/\/eurlhosnakamel.dz\/dz\/#website\",\"url\":\"https:\/\/eurlhosnakamel.dz\/dz\/\",\"name\":\"EURL HOSNA KAMEL\",\"description\":\"Fournisseur Premium d&#039;Outillages Professionnels en Alg\u00e9rie -\",\"publisher\":{\"@id\":\"https:\/\/eurlhosnakamel.dz\/dz\/#organization\"},\"potentialAction\":[{\"@type\":\"SearchAction\",\"target\":{\"@type\":\"EntryPoint\",\"urlTemplate\":\"https:\/\/eurlhosnakamel.dz\/dz\/?s={search_term_string}\"},\"query-input\":\"required name=search_term_string\"}],\"inLanguage\":\"fr-FR\"},{\"@type\":\"Organization\",\"@id\":\"https:\/\/eurlhosnakamel.dz\/dz\/#organization\",\"name\":\"EURL HOSNA KAMEL - Bosch alg\u00e9rie\",\"url\":\"https:\/\/eurlhosnakamel.dz\/dz\/\",\"logo\":{\"@type\":\"ImageObject\",\"inLanguage\":\"fr-FR\",\"@id\":\"https:\/\/eurlhosnakamel.dz\/dz\/#\/schema\/logo\/image\/\",\"url\":\"https:\/\/eurlhosnakamel.dz\/wp-content\/uploads\/2020\/04\/LOGO-HOSNA1.png\",\"contentUrl\":\"https:\/\/eurlhosnakamel.dz\/wp-content\/uploads\/2020\/04\/LOGO-HOSNA1.png\",\"width\":120,\"height\":127,\"caption\":\"EURL HOSNA KAMEL - Bosch alg\u00e9rie\"},\"image\":{\"@id\":\"https:\/\/eurlhosnakamel.dz\/dz\/#\/schema\/logo\/image\/\"},\"sameAs\":[\"https:\/\/www.facebook.com\/Eurl.Hosna.DZ\/\"]}]}<\/script>\n<!-- \/ Yoast SEO plugin. -->","yoast_head_json":{"title":"ADA ROTARY 500HV SERVO - EURL HOSNA KAMEL","description":"ADA ROTARY 500HV SERVO - EURL HOSNA KAMEL","robots":{"index":"index","follow":"follow","max-snippet":"max-snippet:-1","max-image-preview":"max-image-preview:large","max-video-preview":"max-video-preview:-1"},"canonical":"https:\/\/eurlhosnakamel.dz\/dz\/produit\/ada-rotary-500hv-servo\/","og_locale":"fr_FR","og_type":"article","og_title":"ADA ROTARY 500HV SERVO - EURL HOSNA KAMEL","og_description":"ADA ROTARY 500HV SERVO - EURL HOSNA KAMEL","og_url":"https:\/\/eurlhosnakamel.dz\/dz\/produit\/ada-rotary-500hv-servo\/","og_site_name":"EURL HOSNA KAMEL","article_publisher":"https:\/\/www.facebook.com\/Eurl.Hosna.DZ\/","og_image":[{"width":512,"height":512,"url":"https:\/\/eurlhosnakamel.dz\/dz\/wp-content\/uploads\/2020\/04\/30ADA-ROTARY-500HV-SERVO-eurl-hosna-kamel-algerie.jpg","type":"image\/jpeg"}],"twitter_card":"summary_large_image","twitter_misc":{"Dur\u00e9e de lecture estim\u00e9e":"2 minutes"},"schema":{"@context":"https:\/\/schema.org","@graph":[{"@type":"WebPage","@id":"https:\/\/eurlhosnakamel.dz\/dz\/produit\/ada-rotary-500hv-servo\/","url":"https:\/\/eurlhosnakamel.dz\/dz\/produit\/ada-rotary-500hv-servo\/","name":"ADA ROTARY 500HV SERVO - EURL HOSNA KAMEL","isPartOf":{"@id":"https:\/\/eurlhosnakamel.dz\/dz\/#website"},"primaryImageOfPage":{"@id":"https:\/\/eurlhosnakamel.dz\/dz\/produit\/ada-rotary-500hv-servo\/#primaryimage"},"image":{"@id":"https:\/\/eurlhosnakamel.dz\/dz\/produit\/ada-rotary-500hv-servo\/#primaryimage"},"thumbnailUrl":"https:\/\/eurlhosnakamel.dz\/dz\/wp-content\/uploads\/2020\/04\/30ADA-ROTARY-500HV-SERVO-eurl-hosna-kamel-algerie.jpg","datePublished":"2020-04-21T08:56:35+00:00","dateModified":"2020-04-21T08:56:35+00:00","description":"ADA ROTARY 500HV SERVO - EURL HOSNA KAMEL","breadcrumb":{"@id":"https:\/\/eurlhosnakamel.dz\/dz\/produit\/ada-rotary-500hv-servo\/#breadcrumb"},"inLanguage":"fr-FR","potentialAction":[{"@type":"ReadAction","target":["https:\/\/eurlhosnakamel.dz\/dz\/produit\/ada-rotary-500hv-servo\/"]}]},{"@type":"ImageObject","inLanguage":"fr-FR","@id":"https:\/\/eurlhosnakamel.dz\/dz\/produit\/ada-rotary-500hv-servo\/#primaryimage","url":"https:\/\/eurlhosnakamel.dz\/dz\/wp-content\/uploads\/2020\/04\/30ADA-ROTARY-500HV-SERVO-eurl-hosna-kamel-algerie.jpg","contentUrl":"https:\/\/eurlhosnakamel.dz\/dz\/wp-content\/uploads\/2020\/04\/30ADA-ROTARY-500HV-SERVO-eurl-hosna-kamel-algerie.jpg","width":512,"height":512},{"@type":"BreadcrumbList","@id":"https:\/\/eurlhosnakamel.dz\/dz\/produit\/ada-rotary-500hv-servo\/#breadcrumb","itemListElement":[{"@type":"ListItem","position":1,"name":"Accueil","item":"https:\/\/eurlhosnakamel.dz\/dz\/"},{"@type":"ListItem","position":2,"name":"Shop","item":"https:\/\/eurlhosnakamel.dz\/dz\/shop\/"},{"@type":"ListItem","position":3,"name":"ADA ROTARY 500HV SERVO"}]},{"@type":"WebSite","@id":"https:\/\/eurlhosnakamel.dz\/dz\/#website","url":"https:\/\/eurlhosnakamel.dz\/dz\/","name":"EURL HOSNA KAMEL","description":"Fournisseur Premium d&#039;Outillages Professionnels en Alg\u00e9rie -","publisher":{"@id":"https:\/\/eurlhosnakamel.dz\/dz\/#organization"},"potentialAction":[{"@type":"SearchAction","target":{"@type":"EntryPoint","urlTemplate":"https:\/\/eurlhosnakamel.dz\/dz\/?s={search_term_string}"},"query-input":"required name=search_term_string"}],"inLanguage":"fr-FR"},{"@type":"Organization","@id":"https:\/\/eurlhosnakamel.dz\/dz\/#organization","name":"EURL HOSNA KAMEL - Bosch alg\u00e9rie","url":"https:\/\/eurlhosnakamel.dz\/dz\/","logo":{"@type":"ImageObject","inLanguage":"fr-FR","@id":"https:\/\/eurlhosnakamel.dz\/dz\/#\/schema\/logo\/image\/","url":"https:\/\/eurlhosnakamel.dz\/wp-content\/uploads\/2020\/04\/LOGO-HOSNA1.png","contentUrl":"https:\/\/eurlhosnakamel.dz\/wp-content\/uploads\/2020\/04\/LOGO-HOSNA1.png","width":120,"height":127,"caption":"EURL HOSNA KAMEL - Bosch alg\u00e9rie"},"image":{"@id":"https:\/\/eurlhosnakamel.dz\/dz\/#\/schema\/logo\/image\/"},"sameAs":["https:\/\/www.facebook.com\/Eurl.Hosna.DZ\/"]}]}},"_links":{"self":[{"href":"https:\/\/eurlhosnakamel.dz\/dz\/wp-json\/wp\/v2\/product\/6943","targetHints":{"allow":["GET"]}}],"collection":[{"href":"https:\/\/eurlhosnakamel.dz\/dz\/wp-json\/wp\/v2\/product"}],"about":[{"href":"https:\/\/eurlhosnakamel.dz\/dz\/wp-json\/wp\/v2\/types\/product"}],"wp:featuredmedia":[{"embeddable":true,"href":"https:\/\/eurlhosnakamel.dz\/dz\/wp-json\/wp\/v2\/media\/6945"}],"wp:attachment":[{"href":"https:\/\/eurlhosnakamel.dz\/dz\/wp-json\/wp\/v2\/media?parent=6943"}],"wp:term":[{"taxonomy":"product_cat","embeddable":true,"href":"https:\/\/eurlhosnakamel.dz\/dz\/wp-json\/wp\/v2\/product_cat?post=6943"},{"taxonomy":"product_tag","embeddable":true,"href":"https:\/\/eurlhosnakamel.dz\/dz\/wp-json\/wp\/v2\/product_tag?post=6943"}],"curies":[{"name":"wp","href":"https:\/\/api.w.org\/{rel}","templated":true}]}}