{"id":6961,"date":"2020-04-21T09:15:55","date_gmt":"2020-04-21T09:15:55","guid":{"rendered":"https:\/\/lhchosting.com\/hosna\/?post_type=product&#038;p=6961"},"modified":"2020-04-21T09:15:55","modified_gmt":"2020-04-21T09:15:55","slug":"ada-telescopique-silvertrepied-3-60m-a00208","status":"publish","type":"product","link":"https:\/\/eurlhosnakamel.dz\/dz\/produit\/ada-telescopique-silvertrepied-3-60m-a00208\/","title":{"rendered":"ADA TELESCOPIQUE SILVER+TREPIED 3.60M A00208"},"content":{"rendered":"<p><strong>Le\u00a0tr\u00e9pied \u00e0\u00a0colonne ADA Elevation Silver repr\u00e9sente une tige de\u00a0polyur\u00e9thane, qui se\u00a0compose de\u00a0plusieurs sections, qui peuvent \u00eatre viss\u00e9es ensemble en\u00a0fonction de\u00a0la\u00a0hauteur de\u00a0travail (jusqu\u2019\u00e0 3.6\u00a0m\u00e8tres). Le\u00a0tr\u00e9pied ADA Silver, muni d\u2019un tr\u00e9pied extensible, peut \u00eatre utilis\u00e9 comme tr\u00e9pied normal sans appui au\u00a0plafond. Cet instrument est id\u00e9al pour les travaux dans les appartements et\u00a0les immeubles avec \u00ables plafonds standards \u00bb ; si\u00a0la\u00a0longueur de\u00a0la\u00a0tige n\u2019est pas suffisante, il\u00a0est possible d\u2019acheter encore une tige et\u00a0d\u2019augmenter la\u00a0hauteur avec les sections suppl\u00e9mentaires, mais cela augmentera le\u00a0temps d\u2019amortissement des oscillations lors de\u00a0sa\u00a0pose.<\/strong><\/p>\n<p><strong>La\u00a0t\u00eate mobile pour installation de\u00a0l\u2019instrument laser peut \u00eatre fix\u00e9e \u00e0\u00a0diff\u00e9rentes hauteurs. La\u00a0graduation (en\u00a0centim\u00e8tres) sur la\u00a0tige permet de\u00a0faciliter le\u00a0r\u00e9glage. La\u00a0mallette robuste est tr\u00e8s commode lors du\u00a0transport.<\/strong><\/p>\n","protected":false},"excerpt":{"rendered":"<h1>Tr\u00e9pied \u00e0 colonne ADA Elevation<\/h1>\n<table class=\"ch\" border=\"1\" cellspacing=\"0\" cellpadding=\"0\">\n<tbody>\n<tr>\n<td>Longueur max<\/td>\n<td>3.60\u00a0m<\/td>\n<\/tr>\n<tr>\n<td>Nombre de\u00a0sections<\/td>\n<td>5<\/td>\n<\/tr>\n<tr>\n<td>Filetage de\u00a0la\u00a0t\u00eate<\/td>\n<td>5\/8\u2033<\/td>\n<\/tr>\n<tr>\n<td>Poids<\/td>\n<td>2,2 kg<\/td>\n<\/tr>\n<\/tbody>\n<\/table>\n","protected":false},"featured_media":6969,"template":"","meta":[],"product_cat":[457],"product_tag":[1401],"class_list":{"0":"post-6961","1":"product","2":"type-product","3":"status-publish","4":"has-post-thumbnail","6":"product_cat-instruments-de-mesure","7":"product_tag-ada-telescopique-silvertrepied-3-60m-a00208","8":"product_brand-ada","10":"first","11":"instock","12":"shipping-taxable","13":"product-type-simple","14":"col-xs-6 col-sm-4","15":"col-md-3 col-lg-3","16":"un-4-cols"},"yoast_head":"<!-- This site is optimized with the Yoast SEO plugin v22.5 - https:\/\/yoast.com\/wordpress\/plugins\/seo\/ -->\n<title>ADA TELESCOPIQUE SILVER+TREPIED 3.60M A00208 - EURL HOSNA KAMEL<\/title>\n<meta name=\"description\" content=\"ADA TELESCOPIQUE SILVER+TREPIED 3.60M A00208 - EURL HOSNA KAMEL\" \/>\n<meta name=\"robots\" content=\"index, follow, max-snippet:-1, max-image-preview:large, max-video-preview:-1\" \/>\n<link rel=\"canonical\" href=\"https:\/\/eurlhosnakamel.dz\/dz\/produit\/ada-telescopique-silvertrepied-3-60m-a00208\/\" \/>\n<meta property=\"og:locale\" content=\"fr_FR\" \/>\n<meta property=\"og:type\" content=\"article\" \/>\n<meta property=\"og:title\" content=\"ADA TELESCOPIQUE SILVER+TREPIED 3.60M A00208 - EURL HOSNA KAMEL\" \/>\n<meta property=\"og:description\" content=\"ADA TELESCOPIQUE SILVER+TREPIED 3.60M A00208 - EURL HOSNA KAMEL\" \/>\n<meta property=\"og:url\" content=\"https:\/\/eurlhosnakamel.dz\/dz\/produit\/ada-telescopique-silvertrepied-3-60m-a00208\/\" \/>\n<meta property=\"og:site_name\" content=\"EURL HOSNA KAMEL\" \/>\n<meta property=\"article:publisher\" content=\"https:\/\/www.facebook.com\/Eurl.Hosna.DZ\/\" \/>\n<meta property=\"og:image\" content=\"https:\/\/eurlhosnakamel.dz\/dz\/wp-content\/uploads\/2020\/04\/32ADA-TELESCOPIQUE-SILVERTREPIED-3.60M-A00208-eurl-hosna-kamel-algerie.jpg\" \/>\n\t<meta property=\"og:image:width\" content=\"512\" \/>\n\t<meta property=\"og:image:height\" content=\"512\" \/>\n\t<meta property=\"og:image:type\" content=\"image\/jpeg\" \/>\n<meta name=\"twitter:card\" content=\"summary_large_image\" \/>\n<meta name=\"twitter:label1\" content=\"Dur\u00e9e de lecture estim\u00e9e\" \/>\n\t<meta name=\"twitter:data1\" content=\"1 minute\" \/>\n<script type=\"application\/ld+json\" class=\"yoast-schema-graph\">{\"@context\":\"https:\/\/schema.org\",\"@graph\":[{\"@type\":\"WebPage\",\"@id\":\"https:\/\/eurlhosnakamel.dz\/dz\/produit\/ada-telescopique-silvertrepied-3-60m-a00208\/\",\"url\":\"https:\/\/eurlhosnakamel.dz\/dz\/produit\/ada-telescopique-silvertrepied-3-60m-a00208\/\",\"name\":\"ADA TELESCOPIQUE SILVER+TREPIED 3.60M A00208 - EURL HOSNA KAMEL\",\"isPartOf\":{\"@id\":\"https:\/\/eurlhosnakamel.dz\/dz\/#website\"},\"primaryImageOfPage\":{\"@id\":\"https:\/\/eurlhosnakamel.dz\/dz\/produit\/ada-telescopique-silvertrepied-3-60m-a00208\/#primaryimage\"},\"image\":{\"@id\":\"https:\/\/eurlhosnakamel.dz\/dz\/produit\/ada-telescopique-silvertrepied-3-60m-a00208\/#primaryimage\"},\"thumbnailUrl\":\"https:\/\/eurlhosnakamel.dz\/dz\/wp-content\/uploads\/2020\/04\/32ADA-TELESCOPIQUE-SILVERTREPIED-3.60M-A00208-eurl-hosna-kamel-algerie.jpg\",\"datePublished\":\"2020-04-21T09:15:55+00:00\",\"dateModified\":\"2020-04-21T09:15:55+00:00\",\"description\":\"ADA TELESCOPIQUE SILVER+TREPIED 3.60M A00208 - EURL HOSNA KAMEL\",\"breadcrumb\":{\"@id\":\"https:\/\/eurlhosnakamel.dz\/dz\/produit\/ada-telescopique-silvertrepied-3-60m-a00208\/#breadcrumb\"},\"inLanguage\":\"fr-FR\",\"potentialAction\":[{\"@type\":\"ReadAction\",\"target\":[\"https:\/\/eurlhosnakamel.dz\/dz\/produit\/ada-telescopique-silvertrepied-3-60m-a00208\/\"]}]},{\"@type\":\"ImageObject\",\"inLanguage\":\"fr-FR\",\"@id\":\"https:\/\/eurlhosnakamel.dz\/dz\/produit\/ada-telescopique-silvertrepied-3-60m-a00208\/#primaryimage\",\"url\":\"https:\/\/eurlhosnakamel.dz\/dz\/wp-content\/uploads\/2020\/04\/32ADA-TELESCOPIQUE-SILVERTREPIED-3.60M-A00208-eurl-hosna-kamel-algerie.jpg\",\"contentUrl\":\"https:\/\/eurlhosnakamel.dz\/dz\/wp-content\/uploads\/2020\/04\/32ADA-TELESCOPIQUE-SILVERTREPIED-3.60M-A00208-eurl-hosna-kamel-algerie.jpg\",\"width\":512,\"height\":512},{\"@type\":\"BreadcrumbList\",\"@id\":\"https:\/\/eurlhosnakamel.dz\/dz\/produit\/ada-telescopique-silvertrepied-3-60m-a00208\/#breadcrumb\",\"itemListElement\":[{\"@type\":\"ListItem\",\"position\":1,\"name\":\"Accueil\",\"item\":\"https:\/\/eurlhosnakamel.dz\/dz\/\"},{\"@type\":\"ListItem\",\"position\":2,\"name\":\"Shop\",\"item\":\"https:\/\/eurlhosnakamel.dz\/dz\/shop\/\"},{\"@type\":\"ListItem\",\"position\":3,\"name\":\"ADA TELESCOPIQUE SILVER+TREPIED 3.60M A00208\"}]},{\"@type\":\"WebSite\",\"@id\":\"https:\/\/eurlhosnakamel.dz\/dz\/#website\",\"url\":\"https:\/\/eurlhosnakamel.dz\/dz\/\",\"name\":\"EURL HOSNA KAMEL\",\"description\":\"Fournisseur Premium d&#039;Outillages Professionnels en Alg\u00e9rie -\",\"publisher\":{\"@id\":\"https:\/\/eurlhosnakamel.dz\/dz\/#organization\"},\"potentialAction\":[{\"@type\":\"SearchAction\",\"target\":{\"@type\":\"EntryPoint\",\"urlTemplate\":\"https:\/\/eurlhosnakamel.dz\/dz\/?s={search_term_string}\"},\"query-input\":\"required name=search_term_string\"}],\"inLanguage\":\"fr-FR\"},{\"@type\":\"Organization\",\"@id\":\"https:\/\/eurlhosnakamel.dz\/dz\/#organization\",\"name\":\"EURL HOSNA KAMEL - Bosch alg\u00e9rie\",\"url\":\"https:\/\/eurlhosnakamel.dz\/dz\/\",\"logo\":{\"@type\":\"ImageObject\",\"inLanguage\":\"fr-FR\",\"@id\":\"https:\/\/eurlhosnakamel.dz\/dz\/#\/schema\/logo\/image\/\",\"url\":\"https:\/\/eurlhosnakamel.dz\/wp-content\/uploads\/2020\/04\/LOGO-HOSNA1.png\",\"contentUrl\":\"https:\/\/eurlhosnakamel.dz\/wp-content\/uploads\/2020\/04\/LOGO-HOSNA1.png\",\"width\":120,\"height\":127,\"caption\":\"EURL HOSNA KAMEL - Bosch alg\u00e9rie\"},\"image\":{\"@id\":\"https:\/\/eurlhosnakamel.dz\/dz\/#\/schema\/logo\/image\/\"},\"sameAs\":[\"https:\/\/www.facebook.com\/Eurl.Hosna.DZ\/\"]}]}<\/script>\n<!-- \/ Yoast SEO plugin. -->","yoast_head_json":{"title":"ADA TELESCOPIQUE SILVER+TREPIED 3.60M A00208 - EURL HOSNA KAMEL","description":"ADA TELESCOPIQUE SILVER+TREPIED 3.60M A00208 - EURL HOSNA KAMEL","robots":{"index":"index","follow":"follow","max-snippet":"max-snippet:-1","max-image-preview":"max-image-preview:large","max-video-preview":"max-video-preview:-1"},"canonical":"https:\/\/eurlhosnakamel.dz\/dz\/produit\/ada-telescopique-silvertrepied-3-60m-a00208\/","og_locale":"fr_FR","og_type":"article","og_title":"ADA TELESCOPIQUE SILVER+TREPIED 3.60M A00208 - EURL HOSNA KAMEL","og_description":"ADA TELESCOPIQUE SILVER+TREPIED 3.60M A00208 - EURL HOSNA KAMEL","og_url":"https:\/\/eurlhosnakamel.dz\/dz\/produit\/ada-telescopique-silvertrepied-3-60m-a00208\/","og_site_name":"EURL HOSNA KAMEL","article_publisher":"https:\/\/www.facebook.com\/Eurl.Hosna.DZ\/","og_image":[{"width":512,"height":512,"url":"https:\/\/eurlhosnakamel.dz\/dz\/wp-content\/uploads\/2020\/04\/32ADA-TELESCOPIQUE-SILVERTREPIED-3.60M-A00208-eurl-hosna-kamel-algerie.jpg","type":"image\/jpeg"}],"twitter_card":"summary_large_image","twitter_misc":{"Dur\u00e9e de lecture estim\u00e9e":"1 minute"},"schema":{"@context":"https:\/\/schema.org","@graph":[{"@type":"WebPage","@id":"https:\/\/eurlhosnakamel.dz\/dz\/produit\/ada-telescopique-silvertrepied-3-60m-a00208\/","url":"https:\/\/eurlhosnakamel.dz\/dz\/produit\/ada-telescopique-silvertrepied-3-60m-a00208\/","name":"ADA TELESCOPIQUE SILVER+TREPIED 3.60M A00208 - EURL HOSNA KAMEL","isPartOf":{"@id":"https:\/\/eurlhosnakamel.dz\/dz\/#website"},"primaryImageOfPage":{"@id":"https:\/\/eurlhosnakamel.dz\/dz\/produit\/ada-telescopique-silvertrepied-3-60m-a00208\/#primaryimage"},"image":{"@id":"https:\/\/eurlhosnakamel.dz\/dz\/produit\/ada-telescopique-silvertrepied-3-60m-a00208\/#primaryimage"},"thumbnailUrl":"https:\/\/eurlhosnakamel.dz\/dz\/wp-content\/uploads\/2020\/04\/32ADA-TELESCOPIQUE-SILVERTREPIED-3.60M-A00208-eurl-hosna-kamel-algerie.jpg","datePublished":"2020-04-21T09:15:55+00:00","dateModified":"2020-04-21T09:15:55+00:00","description":"ADA TELESCOPIQUE SILVER+TREPIED 3.60M A00208 - EURL HOSNA KAMEL","breadcrumb":{"@id":"https:\/\/eurlhosnakamel.dz\/dz\/produit\/ada-telescopique-silvertrepied-3-60m-a00208\/#breadcrumb"},"inLanguage":"fr-FR","potentialAction":[{"@type":"ReadAction","target":["https:\/\/eurlhosnakamel.dz\/dz\/produit\/ada-telescopique-silvertrepied-3-60m-a00208\/"]}]},{"@type":"ImageObject","inLanguage":"fr-FR","@id":"https:\/\/eurlhosnakamel.dz\/dz\/produit\/ada-telescopique-silvertrepied-3-60m-a00208\/#primaryimage","url":"https:\/\/eurlhosnakamel.dz\/dz\/wp-content\/uploads\/2020\/04\/32ADA-TELESCOPIQUE-SILVERTREPIED-3.60M-A00208-eurl-hosna-kamel-algerie.jpg","contentUrl":"https:\/\/eurlhosnakamel.dz\/dz\/wp-content\/uploads\/2020\/04\/32ADA-TELESCOPIQUE-SILVERTREPIED-3.60M-A00208-eurl-hosna-kamel-algerie.jpg","width":512,"height":512},{"@type":"BreadcrumbList","@id":"https:\/\/eurlhosnakamel.dz\/dz\/produit\/ada-telescopique-silvertrepied-3-60m-a00208\/#breadcrumb","itemListElement":[{"@type":"ListItem","position":1,"name":"Accueil","item":"https:\/\/eurlhosnakamel.dz\/dz\/"},{"@type":"ListItem","position":2,"name":"Shop","item":"https:\/\/eurlhosnakamel.dz\/dz\/shop\/"},{"@type":"ListItem","position":3,"name":"ADA TELESCOPIQUE SILVER+TREPIED 3.60M A00208"}]},{"@type":"WebSite","@id":"https:\/\/eurlhosnakamel.dz\/dz\/#website","url":"https:\/\/eurlhosnakamel.dz\/dz\/","name":"EURL HOSNA KAMEL","description":"Fournisseur Premium d&#039;Outillages Professionnels en Alg\u00e9rie -","publisher":{"@id":"https:\/\/eurlhosnakamel.dz\/dz\/#organization"},"potentialAction":[{"@type":"SearchAction","target":{"@type":"EntryPoint","urlTemplate":"https:\/\/eurlhosnakamel.dz\/dz\/?s={search_term_string}"},"query-input":"required name=search_term_string"}],"inLanguage":"fr-FR"},{"@type":"Organization","@id":"https:\/\/eurlhosnakamel.dz\/dz\/#organization","name":"EURL HOSNA KAMEL - Bosch alg\u00e9rie","url":"https:\/\/eurlhosnakamel.dz\/dz\/","logo":{"@type":"ImageObject","inLanguage":"fr-FR","@id":"https:\/\/eurlhosnakamel.dz\/dz\/#\/schema\/logo\/image\/","url":"https:\/\/eurlhosnakamel.dz\/wp-content\/uploads\/2020\/04\/LOGO-HOSNA1.png","contentUrl":"https:\/\/eurlhosnakamel.dz\/wp-content\/uploads\/2020\/04\/LOGO-HOSNA1.png","width":120,"height":127,"caption":"EURL HOSNA KAMEL - Bosch alg\u00e9rie"},"image":{"@id":"https:\/\/eurlhosnakamel.dz\/dz\/#\/schema\/logo\/image\/"},"sameAs":["https:\/\/www.facebook.com\/Eurl.Hosna.DZ\/"]}]}},"_links":{"self":[{"href":"https:\/\/eurlhosnakamel.dz\/dz\/wp-json\/wp\/v2\/product\/6961","targetHints":{"allow":["GET"]}}],"collection":[{"href":"https:\/\/eurlhosnakamel.dz\/dz\/wp-json\/wp\/v2\/product"}],"about":[{"href":"https:\/\/eurlhosnakamel.dz\/dz\/wp-json\/wp\/v2\/types\/product"}],"wp:featuredmedia":[{"embeddable":true,"href":"https:\/\/eurlhosnakamel.dz\/dz\/wp-json\/wp\/v2\/media\/6969"}],"wp:attachment":[{"href":"https:\/\/eurlhosnakamel.dz\/dz\/wp-json\/wp\/v2\/media?parent=6961"}],"wp:term":[{"taxonomy":"product_cat","embeddable":true,"href":"https:\/\/eurlhosnakamel.dz\/dz\/wp-json\/wp\/v2\/product_cat?post=6961"},{"taxonomy":"product_tag","embeddable":true,"href":"https:\/\/eurlhosnakamel.dz\/dz\/wp-json\/wp\/v2\/product_tag?post=6961"}],"curies":[{"name":"wp","href":"https:\/\/api.w.org\/{rel}","templated":true}]}}