{"id":6997,"date":"2020-04-21T09:43:15","date_gmt":"2020-04-21T09:43:15","guid":{"rendered":"https:\/\/lhchosting.com\/hosna\/?post_type=product&#038;p=6997"},"modified":"2020-04-21T11:47:06","modified_gmt":"2020-04-21T11:47:06","slug":"ada-cosmo-metre-40-a00490","status":"publish","type":"product","link":"https:\/\/eurlhosnakamel.dz\/dz\/produit\/ada-cosmo-metre-40-a00490\/","title":{"rendered":"ADA COSMO &#8211; METRE 40 A00490"},"content":{"rendered":"<p><strong>T\u00e9l\u00e9m\u00e8tre \u00e0 laser ADA COSMO Mini 40<\/strong>\u00a0est un\u00a0nouveau mod\u00e8le\u00a0compact d\u2019un t\u00e9l\u00e9m\u00e8tre \u00e0 laser \u00e0 mesurer les distances jusqu\u2019\u00e0 40 m\u00e8tres. T\u00e9l\u00e9m\u00e8tre optimal de\u00a0la\u00a0s\u00e9rie sp\u00e9ciale COSMO avec un\u00a0ensemble minimal des fonctions pour des mesures et\u00a0des calculs.<\/p>\n<p><strong>Fid\u00e9lit\u00e9 et\u00a0distance.<\/strong>\u00a0T\u00e9l\u00e9m\u00e8tre \u00e0 laser ADA COSMO Mini 40 est destin\u00e9 pour les mesures des distances jusqu\u2019\u00e0 40 m\u00e8tres \u00e0 l\u2019int\u00e9rieur et\u00a0\u00e0 dehors des locaux. L\u2019erreur de\u00a0la\u00a0mesure est \u00b12,0 mm.<\/p>\n<p><strong>Op\u00e9ration simple.<\/strong>\u00a0Toutes les mesures sont effectu\u00e9es\u00a0simplement avec 4 boutons. Le\u00a0premier bouton\u00a0\u2014 mesure, il\u00a0m\u00eame\u00a0\u00e9galement mise en\u00a0fonction et\u00a0remise en\u00a0mode continu, le\u00a0deuxi\u00e8me\u00a0bouton sert pour la\u00a0s\u00e9lection des fonctions: mesure de\u00a0surface, mesure de\u00a0volume, mesures \u00ab\u00e0 Pythagoras\u00bb. Le\u00a0troisi\u00e8me\u00a0\u2014 fonction d\u2019addition et\u00a0de\u00a0soustraction. Quatri\u00e8me\u00a0\u2014 annulation et\u00a0arr\u00eat.<\/p>\n<p><strong>L\u2019ensemble optimal des fonctions.<\/strong>\u00a0ADA COSMO Mini 40 remplit les fonctions les plus essentielles: mesures des distances, mesures continues, calcul de\u00a0surface, calcul de\u00a0volume, addition et\u00a0soustraction des mesures. Mesures non disponibles (mesure des objets hautes et\u00a0mesure \u00e0 travers un\u00a0obstacle) on\u00a0peut mesurer \u00ab\u00e0 Pythagoras\u00bb.<\/p>\n<p><strong>Affichage lumineux.<\/strong>\u00a0\u00c9cran noir avec trois lignes et\u00a0un\u00a0\u00e9clairage constant est pratique pour le\u00a0travail \u00e0 tout moment de\u00a0la\u00a0journ\u00e9e. Chiffres blancs sont tr\u00e8s\u00a0bien visibles dans toutes les conditions d\u2019\u00e9clairage. Le\u00a0r\u00e9sultat est affich\u00e9 dans la\u00a0ligne inf\u00e9rieure en\u00a0gros chiffres. Les valeurs pr\u00e9c\u00e9dentes sont affich\u00e9es\u00a0dans deux lignes sup\u00e9rieures en\u00a0chiffres plus petits.<\/p>\n<p><strong>S\u00e9lection de\u00a0l\u2019unit\u00e9 de\u00a0mesure (ft\/m) et\u00a0du\u00a0point r\u00e9f\u00e9rentiel.<\/strong>\u00a0Appuyez et\u00a0maintenez enfonc\u00e9 le\u00a0bouton d\u2019alimentation pendant plus de\u00a07 secondes \u00e0 l\u2019appareil \u00e9teint. Unit\u00e9s\u00e9lectionn\u00e9es\u00a0(ft\/m) seront affich\u00e9s\u00a0sur un\u00a0\u00e9cran. Si\u00a0n\u00e9cessaire on\u00a0peut changer le\u00a0point r\u00e9f\u00e9rentiel de\u00a0l\u2019appareil: plan avant ou\u00a0arri\u00e8re\u00a0du\u00a0t\u00e9l\u00e9m\u00e8tre.<\/p>\n<p><strong>Arr\u00eat\u00a0automatique.<\/strong>\u00a0Pour \u00e9conomiser l\u2019\u00e9nergie de\u00a0la\u00a0batterie au\u00a0bout de\u00a060 secondes le\u00a0r\u00e9tro-\u00e9clairage sera automatiquement \u00e9teint (en\u00a0cas d\u2019inactivit\u00e9). Au\u00a0bout de\u00a0180 secondes le\u00a0t\u00e9l\u00e9m\u00e8tre sera compl\u00e8tement \u00e9teint.<\/p>\n<p><strong>Compact et\u00a0pr\u00e9cis.<\/strong>\u00a0Gr\u00e2ce\u00a0\u00e0 son design ergonomique et\u00a0compact avec des plaques cannel\u00e9es\u00a0en\u00a0caoutchouc, ADA COSMO Mini 40 repose fermement dans la\u00a0main. L\u2019appareil est l\u00e9ger, le\u00a0poids seulement 120 grammes, tient dans une poche. Protection \u00e9lev\u00e9e\u00a0contre choc en\u00a0cas de\u00a0chutes. Protection contre les projections d\u2019eau et\u00a0\u00e0 de\u00a0la\u00a0poussi\u00e8re\u00a0IP54.<\/p>\n<p><strong>Le\u00a0t\u00e9l\u00e9m\u00e8tre \u00e0 laser ADA COSMO Mini 40<\/strong>\u00a0est un\u00a0choix excellent pour les travaux \u00e0 l\u2019int\u00e9rieure et\u00a0\u00e0 dehors des locaux. Le\u00a0t\u00e9l\u00e9m\u00e8tre optimal pour le\u00a0site de\u00a0construction et\u00a0\u00e0 la\u00a0maison.<\/p>\n","protected":false},"excerpt":{"rendered":"<h1>Roulette laser ADA COSMO Mini 40<\/h1>\n<table class=\"ch\" border=\"1\" cellspacing=\"0\" cellpadding=\"0\">\n<tbody>\n<tr>\n<td>Plage de\u00a0mesure<\/td>\n<td>de\u00a00,05\u00a0m \u00e0 40\u00a0m<\/td>\n<\/tr>\n<tr>\n<td>Pr\u00e9cision de\u00a0mesure<\/td>\n<td>\u00b1 2.0\u00a0mm<\/td>\n<\/tr>\n<tr>\n<td>Classe de\u00a0laser<\/td>\n<td>II<\/td>\n<\/tr>\n<tr>\n<td>Protection contre la poussi\u00e8re et l\u2019humidit\u00e9<\/td>\n<td>IP54<\/td>\n<\/tr>\n<tr>\n<td>Pile<\/td>\n<td>2\u0445AAA \/1.5\u0412<\/td>\n<\/tr>\n<tr>\n<td>Fonctions<\/td>\n<td>mesure de distance, tracking, surface, volume, mesure d\u2019apr\u00e8s la formule de Pythagore (2 points), addition et soustraction des mesures<\/td>\n<\/tr>\n<tr>\n<td>Dimensions<\/td>\n<td>108\u00d738\u00d729mm<\/td>\n<\/tr>\n<tr>\n<td>Poids<\/td>\n<td>120\u00a0g<\/td>\n<\/tr>\n<\/tbody>\n<\/table>\n","protected":false},"featured_media":7229,"template":"","meta":[],"product_cat":[457],"product_tag":[1409],"class_list":{"0":"post-6997","1":"product","2":"type-product","3":"status-publish","4":"has-post-thumbnail","6":"product_cat-instruments-de-mesure","7":"product_tag-ada-cosmo-metre-40-a00490","8":"product_brand-ada","10":"first","11":"instock","12":"shipping-taxable","13":"product-type-simple","14":"col-xs-6 col-sm-4","15":"col-md-3 col-lg-3","16":"un-4-cols"},"yoast_head":"<!-- This site is optimized with the Yoast SEO plugin v22.5 - https:\/\/yoast.com\/wordpress\/plugins\/seo\/ -->\n<title>ADA COSMO - METRE 40 A00490 - EURL HOSNA KAMEL<\/title>\n<meta name=\"description\" content=\"ADA COSMO - METRE 40 A00490 - EURL HOSNA KAMEL\" \/>\n<meta name=\"robots\" content=\"index, follow, max-snippet:-1, max-image-preview:large, max-video-preview:-1\" \/>\n<link rel=\"canonical\" href=\"https:\/\/eurlhosnakamel.dz\/dz\/produit\/ada-cosmo-metre-40-a00490\/\" \/>\n<meta property=\"og:locale\" content=\"fr_FR\" \/>\n<meta property=\"og:type\" content=\"article\" \/>\n<meta property=\"og:title\" content=\"ADA COSMO - METRE 40 A00490 - EURL HOSNA KAMEL\" \/>\n<meta property=\"og:description\" content=\"ADA COSMO - METRE 40 A00490 - EURL HOSNA KAMEL\" \/>\n<meta property=\"og:url\" content=\"https:\/\/eurlhosnakamel.dz\/dz\/produit\/ada-cosmo-metre-40-a00490\/\" \/>\n<meta property=\"og:site_name\" content=\"EURL HOSNA KAMEL\" \/>\n<meta property=\"article:publisher\" content=\"https:\/\/www.facebook.com\/Eurl.Hosna.DZ\/\" \/>\n<meta property=\"article:modified_time\" content=\"2020-04-21T11:47:06+00:00\" \/>\n<meta property=\"og:image\" content=\"https:\/\/eurlhosnakamel.dz\/dz\/wp-content\/uploads\/2020\/04\/35ADA-COSMO-METRE-40-A00490-eurl-hosna-kamel-algerie-2.jpg\" \/>\n\t<meta property=\"og:image:width\" content=\"512\" \/>\n\t<meta property=\"og:image:height\" content=\"512\" \/>\n\t<meta property=\"og:image:type\" content=\"image\/jpeg\" \/>\n<meta name=\"twitter:card\" content=\"summary_large_image\" \/>\n<meta name=\"twitter:label1\" content=\"Dur\u00e9e de lecture estim\u00e9e\" \/>\n\t<meta name=\"twitter:data1\" content=\"2 minutes\" \/>\n<script type=\"application\/ld+json\" class=\"yoast-schema-graph\">{\"@context\":\"https:\/\/schema.org\",\"@graph\":[{\"@type\":\"WebPage\",\"@id\":\"https:\/\/eurlhosnakamel.dz\/dz\/produit\/ada-cosmo-metre-40-a00490\/\",\"url\":\"https:\/\/eurlhosnakamel.dz\/dz\/produit\/ada-cosmo-metre-40-a00490\/\",\"name\":\"ADA COSMO - METRE 40 A00490 - EURL HOSNA KAMEL\",\"isPartOf\":{\"@id\":\"https:\/\/eurlhosnakamel.dz\/dz\/#website\"},\"primaryImageOfPage\":{\"@id\":\"https:\/\/eurlhosnakamel.dz\/dz\/produit\/ada-cosmo-metre-40-a00490\/#primaryimage\"},\"image\":{\"@id\":\"https:\/\/eurlhosnakamel.dz\/dz\/produit\/ada-cosmo-metre-40-a00490\/#primaryimage\"},\"thumbnailUrl\":\"https:\/\/eurlhosnakamel.dz\/dz\/wp-content\/uploads\/2020\/04\/35ADA-COSMO-METRE-40-A00490-eurl-hosna-kamel-algerie-2.jpg\",\"datePublished\":\"2020-04-21T09:43:15+00:00\",\"dateModified\":\"2020-04-21T11:47:06+00:00\",\"description\":\"ADA COSMO - METRE 40 A00490 - EURL HOSNA KAMEL\",\"breadcrumb\":{\"@id\":\"https:\/\/eurlhosnakamel.dz\/dz\/produit\/ada-cosmo-metre-40-a00490\/#breadcrumb\"},\"inLanguage\":\"fr-FR\",\"potentialAction\":[{\"@type\":\"ReadAction\",\"target\":[\"https:\/\/eurlhosnakamel.dz\/dz\/produit\/ada-cosmo-metre-40-a00490\/\"]}]},{\"@type\":\"ImageObject\",\"inLanguage\":\"fr-FR\",\"@id\":\"https:\/\/eurlhosnakamel.dz\/dz\/produit\/ada-cosmo-metre-40-a00490\/#primaryimage\",\"url\":\"https:\/\/eurlhosnakamel.dz\/dz\/wp-content\/uploads\/2020\/04\/35ADA-COSMO-METRE-40-A00490-eurl-hosna-kamel-algerie-2.jpg\",\"contentUrl\":\"https:\/\/eurlhosnakamel.dz\/dz\/wp-content\/uploads\/2020\/04\/35ADA-COSMO-METRE-40-A00490-eurl-hosna-kamel-algerie-2.jpg\",\"width\":512,\"height\":512},{\"@type\":\"BreadcrumbList\",\"@id\":\"https:\/\/eurlhosnakamel.dz\/dz\/produit\/ada-cosmo-metre-40-a00490\/#breadcrumb\",\"itemListElement\":[{\"@type\":\"ListItem\",\"position\":1,\"name\":\"Accueil\",\"item\":\"https:\/\/eurlhosnakamel.dz\/dz\/\"},{\"@type\":\"ListItem\",\"position\":2,\"name\":\"Shop\",\"item\":\"https:\/\/eurlhosnakamel.dz\/dz\/shop\/\"},{\"@type\":\"ListItem\",\"position\":3,\"name\":\"ADA COSMO &#8211; METRE 40 A00490\"}]},{\"@type\":\"WebSite\",\"@id\":\"https:\/\/eurlhosnakamel.dz\/dz\/#website\",\"url\":\"https:\/\/eurlhosnakamel.dz\/dz\/\",\"name\":\"EURL HOSNA KAMEL\",\"description\":\"Fournisseur Premium d&#039;Outillages Professionnels en Alg\u00e9rie -\",\"publisher\":{\"@id\":\"https:\/\/eurlhosnakamel.dz\/dz\/#organization\"},\"potentialAction\":[{\"@type\":\"SearchAction\",\"target\":{\"@type\":\"EntryPoint\",\"urlTemplate\":\"https:\/\/eurlhosnakamel.dz\/dz\/?s={search_term_string}\"},\"query-input\":\"required name=search_term_string\"}],\"inLanguage\":\"fr-FR\"},{\"@type\":\"Organization\",\"@id\":\"https:\/\/eurlhosnakamel.dz\/dz\/#organization\",\"name\":\"EURL HOSNA KAMEL - Bosch alg\u00e9rie\",\"url\":\"https:\/\/eurlhosnakamel.dz\/dz\/\",\"logo\":{\"@type\":\"ImageObject\",\"inLanguage\":\"fr-FR\",\"@id\":\"https:\/\/eurlhosnakamel.dz\/dz\/#\/schema\/logo\/image\/\",\"url\":\"https:\/\/eurlhosnakamel.dz\/wp-content\/uploads\/2020\/04\/LOGO-HOSNA1.png\",\"contentUrl\":\"https:\/\/eurlhosnakamel.dz\/wp-content\/uploads\/2020\/04\/LOGO-HOSNA1.png\",\"width\":120,\"height\":127,\"caption\":\"EURL HOSNA KAMEL - Bosch alg\u00e9rie\"},\"image\":{\"@id\":\"https:\/\/eurlhosnakamel.dz\/dz\/#\/schema\/logo\/image\/\"},\"sameAs\":[\"https:\/\/www.facebook.com\/Eurl.Hosna.DZ\/\"]}]}<\/script>\n<!-- \/ Yoast SEO plugin. -->","yoast_head_json":{"title":"ADA COSMO - METRE 40 A00490 - EURL HOSNA KAMEL","description":"ADA COSMO - METRE 40 A00490 - EURL HOSNA KAMEL","robots":{"index":"index","follow":"follow","max-snippet":"max-snippet:-1","max-image-preview":"max-image-preview:large","max-video-preview":"max-video-preview:-1"},"canonical":"https:\/\/eurlhosnakamel.dz\/dz\/produit\/ada-cosmo-metre-40-a00490\/","og_locale":"fr_FR","og_type":"article","og_title":"ADA COSMO - METRE 40 A00490 - EURL HOSNA KAMEL","og_description":"ADA COSMO - METRE 40 A00490 - EURL HOSNA KAMEL","og_url":"https:\/\/eurlhosnakamel.dz\/dz\/produit\/ada-cosmo-metre-40-a00490\/","og_site_name":"EURL HOSNA KAMEL","article_publisher":"https:\/\/www.facebook.com\/Eurl.Hosna.DZ\/","article_modified_time":"2020-04-21T11:47:06+00:00","og_image":[{"width":512,"height":512,"url":"https:\/\/eurlhosnakamel.dz\/dz\/wp-content\/uploads\/2020\/04\/35ADA-COSMO-METRE-40-A00490-eurl-hosna-kamel-algerie-2.jpg","type":"image\/jpeg"}],"twitter_card":"summary_large_image","twitter_misc":{"Dur\u00e9e de lecture estim\u00e9e":"2 minutes"},"schema":{"@context":"https:\/\/schema.org","@graph":[{"@type":"WebPage","@id":"https:\/\/eurlhosnakamel.dz\/dz\/produit\/ada-cosmo-metre-40-a00490\/","url":"https:\/\/eurlhosnakamel.dz\/dz\/produit\/ada-cosmo-metre-40-a00490\/","name":"ADA COSMO - METRE 40 A00490 - EURL HOSNA KAMEL","isPartOf":{"@id":"https:\/\/eurlhosnakamel.dz\/dz\/#website"},"primaryImageOfPage":{"@id":"https:\/\/eurlhosnakamel.dz\/dz\/produit\/ada-cosmo-metre-40-a00490\/#primaryimage"},"image":{"@id":"https:\/\/eurlhosnakamel.dz\/dz\/produit\/ada-cosmo-metre-40-a00490\/#primaryimage"},"thumbnailUrl":"https:\/\/eurlhosnakamel.dz\/dz\/wp-content\/uploads\/2020\/04\/35ADA-COSMO-METRE-40-A00490-eurl-hosna-kamel-algerie-2.jpg","datePublished":"2020-04-21T09:43:15+00:00","dateModified":"2020-04-21T11:47:06+00:00","description":"ADA COSMO - METRE 40 A00490 - EURL HOSNA KAMEL","breadcrumb":{"@id":"https:\/\/eurlhosnakamel.dz\/dz\/produit\/ada-cosmo-metre-40-a00490\/#breadcrumb"},"inLanguage":"fr-FR","potentialAction":[{"@type":"ReadAction","target":["https:\/\/eurlhosnakamel.dz\/dz\/produit\/ada-cosmo-metre-40-a00490\/"]}]},{"@type":"ImageObject","inLanguage":"fr-FR","@id":"https:\/\/eurlhosnakamel.dz\/dz\/produit\/ada-cosmo-metre-40-a00490\/#primaryimage","url":"https:\/\/eurlhosnakamel.dz\/dz\/wp-content\/uploads\/2020\/04\/35ADA-COSMO-METRE-40-A00490-eurl-hosna-kamel-algerie-2.jpg","contentUrl":"https:\/\/eurlhosnakamel.dz\/dz\/wp-content\/uploads\/2020\/04\/35ADA-COSMO-METRE-40-A00490-eurl-hosna-kamel-algerie-2.jpg","width":512,"height":512},{"@type":"BreadcrumbList","@id":"https:\/\/eurlhosnakamel.dz\/dz\/produit\/ada-cosmo-metre-40-a00490\/#breadcrumb","itemListElement":[{"@type":"ListItem","position":1,"name":"Accueil","item":"https:\/\/eurlhosnakamel.dz\/dz\/"},{"@type":"ListItem","position":2,"name":"Shop","item":"https:\/\/eurlhosnakamel.dz\/dz\/shop\/"},{"@type":"ListItem","position":3,"name":"ADA COSMO &#8211; METRE 40 A00490"}]},{"@type":"WebSite","@id":"https:\/\/eurlhosnakamel.dz\/dz\/#website","url":"https:\/\/eurlhosnakamel.dz\/dz\/","name":"EURL HOSNA KAMEL","description":"Fournisseur Premium d&#039;Outillages Professionnels en Alg\u00e9rie -","publisher":{"@id":"https:\/\/eurlhosnakamel.dz\/dz\/#organization"},"potentialAction":[{"@type":"SearchAction","target":{"@type":"EntryPoint","urlTemplate":"https:\/\/eurlhosnakamel.dz\/dz\/?s={search_term_string}"},"query-input":"required name=search_term_string"}],"inLanguage":"fr-FR"},{"@type":"Organization","@id":"https:\/\/eurlhosnakamel.dz\/dz\/#organization","name":"EURL HOSNA KAMEL - Bosch alg\u00e9rie","url":"https:\/\/eurlhosnakamel.dz\/dz\/","logo":{"@type":"ImageObject","inLanguage":"fr-FR","@id":"https:\/\/eurlhosnakamel.dz\/dz\/#\/schema\/logo\/image\/","url":"https:\/\/eurlhosnakamel.dz\/wp-content\/uploads\/2020\/04\/LOGO-HOSNA1.png","contentUrl":"https:\/\/eurlhosnakamel.dz\/wp-content\/uploads\/2020\/04\/LOGO-HOSNA1.png","width":120,"height":127,"caption":"EURL HOSNA KAMEL - Bosch alg\u00e9rie"},"image":{"@id":"https:\/\/eurlhosnakamel.dz\/dz\/#\/schema\/logo\/image\/"},"sameAs":["https:\/\/www.facebook.com\/Eurl.Hosna.DZ\/"]}]}},"_links":{"self":[{"href":"https:\/\/eurlhosnakamel.dz\/dz\/wp-json\/wp\/v2\/product\/6997","targetHints":{"allow":["GET"]}}],"collection":[{"href":"https:\/\/eurlhosnakamel.dz\/dz\/wp-json\/wp\/v2\/product"}],"about":[{"href":"https:\/\/eurlhosnakamel.dz\/dz\/wp-json\/wp\/v2\/types\/product"}],"wp:featuredmedia":[{"embeddable":true,"href":"https:\/\/eurlhosnakamel.dz\/dz\/wp-json\/wp\/v2\/media\/7229"}],"wp:attachment":[{"href":"https:\/\/eurlhosnakamel.dz\/dz\/wp-json\/wp\/v2\/media?parent=6997"}],"wp:term":[{"taxonomy":"product_cat","embeddable":true,"href":"https:\/\/eurlhosnakamel.dz\/dz\/wp-json\/wp\/v2\/product_cat?post=6997"},{"taxonomy":"product_tag","embeddable":true,"href":"https:\/\/eurlhosnakamel.dz\/dz\/wp-json\/wp\/v2\/product_tag?post=6997"}],"curies":[{"name":"wp","href":"https:\/\/api.w.org\/{rel}","templated":true}]}}