{"id":7015,"date":"2020-04-21T10:06:30","date_gmt":"2020-04-21T10:06:30","guid":{"rendered":"https:\/\/lhchosting.com\/hosna\/?post_type=product&#038;p=7015"},"modified":"2020-04-21T10:06:30","modified_gmt":"2020-04-21T10:06:30","slug":"ada-toplineur-rouge-3360-art-n00479","status":"publish","type":"product","link":"https:\/\/eurlhosnakamel.dz\/dz\/produit\/ada-toplineur-rouge-3360-art-n00479\/","title":{"rendered":"ADA TOPLINEUR ROUGE 3*360 ART N\u00b000479"},"content":{"rendered":"<p><strong><span>Niveau laser ADA TOPLINER 3-360 est l&#8217;instrument pour les professionnels.\u00a0<\/span><\/strong><span>Un \u00e9metteur sp\u00e9cial est utilis\u00e9 pour la projection de lignes ferm\u00e9es (360 \u00b0).\u00a0Qu&#8217;il soit utilis\u00e9 \u00e0 l&#8217;int\u00e9rieur ou \u00e0 l&#8217;ext\u00e9rieur, c&#8217;est l&#8217;instrument id\u00e9al pour les travaux de construction et de r\u00e9paration.<\/span><\/p>\n<p><strong><span>Le niveau laser projette 3 plans:<\/span><\/strong><span>\u00a0un horizontal et 2 verticaux \u00e0 360 \u00b0.\u00a0Le faisceau est visible dans n&#8217;importe quel point.\u00a0Il n&#8217;est pas n\u00e9cessaire de faire tourner l&#8217;instrument.\u00a0Placez simplement l&#8217;ADA TOPLINER 3&#215;360 sur la hauteur s\u00e9lectionn\u00e9e.\u00a0Il y a une projection \u00e0 90 \u00b0 (croix laser) lors de l&#8217;activation des lignes verticales.\u00a0Il est tr\u00e8s pratique de niveler les murs et les angles entre les murs.\u00a0Il est possible d&#8217;\u00e9teindre les lignes laser une par une.<\/span><\/p>\n<p><strong><span>Auto-nivellement automatique.\u00a0<\/span><\/strong><span>ADA TOPLINER 3-360 diff\u00e8re par sa grande pr\u00e9cision &#8211; l&#8217;erreur n&#8217;est que de 0,2 mm \/ m.\u00a0Le niveau laser fonctionne \u00e0 partir de la batterie Li-ion 3300 mA.<\/span><\/p>\n<p><strong><span>Le temps de fonctionnement avec toutes les lignes laser allum\u00e9es peut atteindre 8 heures.\u00a0<\/span><\/strong><span>Si la batterie Li-ion est compl\u00e8tement d\u00e9charg\u00e9e, le niveau laser ADA TOPLINER 3&#215;360 peut fonctionner \u00e0 partir du chargeur connect\u00e9 \u00e0 la prise domestique.\u00a0Il existe un mode r\u00e9cepteur pour une utilisation en ext\u00e9rieur sous une lumi\u00e8re vive.\u00a0La port\u00e9e du marquage passe de 20 \u00e0 50 m.<\/span><\/p>\n<p><strong><span>Il est possible d&#8217;incliner l&#8217;instrument \u00e0 n&#8217;importe quel angle en travaillant dans ce mode.\u00a0<\/span><\/strong><span>Verrouillez simplement le pendule en pla\u00e7ant le bouton de mise en marche en position m\u00e9diane.<\/span><\/p>\n<p><strong><span>Il est possible de placer l&#8217;ADA TOPLINER 3&#215;360<\/span><\/strong><span>\u00a0sur le tr\u00e9pied ou de le fixer au support mural en raison du filetage 1\/4 &#8220;ou 5\/8 &#8221;. Un filetage est situ\u00e9 sur l&#8217;instrument, un autre est sur la base rotative. Avec l&#8217;aide de la base rotative, il est possible de faire pivoter l&#8217;instrument sur 360 \u00b0. Pointage fin des lignes verticales \u00e0 l&#8217;aide de vis sp\u00e9ciales. Angle maximum de pointage fin:: \u00b1 10 \u00b0 par rapport \u00e0 la position d&#8217;origine.<\/span><\/p>\n<p><strong><span>Le mouvement du pendule est au maximum robuste aux coups.\u00a0<\/span><\/strong><span>Le cadre suppl\u00e9mentaire du bo\u00eetier prot\u00e8ge l&#8217;instrument contre les chutes accidentelles.\u00a0Une telle construction a \u00e9galement permis de diminuer les dimensions du bo\u00eetier par rapport aux analogues.<\/span><\/p>\n","protected":false},"excerpt":{"rendered":"<h1>Niveau laser TOPLINER 3-360<\/h1>\n<table>\n<tbody>\n<tr>\n<td>Laser projection<\/td>\n<td><span>1H (360 \u00b0) 2V (360 \u00b0)<\/span><\/td>\n<\/tr>\n<tr>\n<td><span>Plage de travail<\/span><\/td>\n<td><span>20 m \/ 50 m (avec r\u00e9cepteur)\u00a0<\/span><\/td>\n<\/tr>\n<tr>\n<td><span>Pr\u00e9cision<\/span><\/td>\n<td><span>\u00b1 0,2 mm \/ m<\/span><\/td>\n<\/tr>\n<tr>\n<td>Laser diode<\/td>\n<td><span>classe 2, 635 nm, &lt;1 mWt<\/span><\/td>\n<\/tr>\n<tr>\n<td><span>Protection contre la poussi\u00e8re \/ l&#8217;eau<\/span><\/td>\n<td><span>IP 54<\/span><\/td>\n<\/tr>\n<tr>\n<td><span>Source de courant<\/span><\/td>\n<td><span>Ensemble de batterie Li<\/span><\/td>\n<\/tr>\n<tr>\n<td><span>Fil de tr\u00e9pied<\/span><\/td>\n<td><span>1\/4 &#8220;, 5\/8&#8221;<\/span><\/td>\n<\/tr>\n<tr>\n<td>Dimensions<\/td>\n<td><span>65x65x45 mm<\/span><\/td>\n<\/tr>\n<tr>\n<td><span>Poids<\/span><\/td>\n<td>0,9 kg<\/td>\n<\/tr>\n<\/tbody>\n<\/table>\n<h1><\/h1>\n","protected":false},"featured_media":7033,"template":"","meta":[],"product_cat":[457],"product_tag":[1413],"class_list":{"0":"post-7015","1":"product","2":"type-product","3":"status-publish","4":"has-post-thumbnail","6":"product_cat-instruments-de-mesure","7":"product_tag-laser-level-ada-topliner","8":"product_brand-ada","10":"first","11":"instock","12":"shipping-taxable","13":"product-type-simple","14":"col-xs-6 col-sm-4","15":"col-md-3 col-lg-3","16":"un-4-cols"},"yoast_head":"<!-- This site is optimized with the Yoast SEO plugin v22.5 - https:\/\/yoast.com\/wordpress\/plugins\/seo\/ -->\n<title>ADA TOPLINEUR ROUGE 3*360 ART N\u00b000479 - EURL HOSNA KAMEL<\/title>\n<meta name=\"description\" content=\"ADA TOPLINEUR ROUGE 3*360 ART N\u00b000479 - EURL HOSNA KAMEL\" \/>\n<meta name=\"robots\" content=\"index, follow, max-snippet:-1, max-image-preview:large, max-video-preview:-1\" \/>\n<link rel=\"canonical\" href=\"https:\/\/eurlhosnakamel.dz\/dz\/produit\/ada-toplineur-rouge-3360-art-n00479\/\" \/>\n<meta property=\"og:locale\" content=\"fr_FR\" \/>\n<meta property=\"og:type\" content=\"article\" \/>\n<meta property=\"og:title\" content=\"ADA TOPLINEUR ROUGE 3*360 ART N\u00b000479 - EURL HOSNA KAMEL\" \/>\n<meta property=\"og:description\" content=\"ADA TOPLINEUR ROUGE 3*360 ART N\u00b000479 - EURL HOSNA KAMEL\" \/>\n<meta property=\"og:url\" content=\"https:\/\/eurlhosnakamel.dz\/dz\/produit\/ada-toplineur-rouge-3360-art-n00479\/\" \/>\n<meta property=\"og:site_name\" content=\"EURL HOSNA KAMEL\" \/>\n<meta property=\"article:publisher\" content=\"https:\/\/www.facebook.com\/Eurl.Hosna.DZ\/\" \/>\n<meta property=\"og:image\" content=\"https:\/\/eurlhosnakamel.dz\/dz\/wp-content\/uploads\/2020\/04\/36ADA-TOPLINEUR-ROUGE-3360-ART-N\u00b000479-eurl-hosna-kamel-algerie.jpg\" \/>\n\t<meta property=\"og:image:width\" content=\"512\" \/>\n\t<meta property=\"og:image:height\" content=\"512\" \/>\n\t<meta property=\"og:image:type\" content=\"image\/jpeg\" \/>\n<meta name=\"twitter:card\" content=\"summary_large_image\" \/>\n<meta name=\"twitter:label1\" content=\"Dur\u00e9e de lecture estim\u00e9e\" \/>\n\t<meta name=\"twitter:data1\" content=\"2 minutes\" \/>\n<script type=\"application\/ld+json\" class=\"yoast-schema-graph\">{\"@context\":\"https:\/\/schema.org\",\"@graph\":[{\"@type\":\"WebPage\",\"@id\":\"https:\/\/eurlhosnakamel.dz\/dz\/produit\/ada-toplineur-rouge-3360-art-n00479\/\",\"url\":\"https:\/\/eurlhosnakamel.dz\/dz\/produit\/ada-toplineur-rouge-3360-art-n00479\/\",\"name\":\"ADA TOPLINEUR ROUGE 3*360 ART N\u00b000479 - EURL HOSNA KAMEL\",\"isPartOf\":{\"@id\":\"https:\/\/eurlhosnakamel.dz\/dz\/#website\"},\"primaryImageOfPage\":{\"@id\":\"https:\/\/eurlhosnakamel.dz\/dz\/produit\/ada-toplineur-rouge-3360-art-n00479\/#primaryimage\"},\"image\":{\"@id\":\"https:\/\/eurlhosnakamel.dz\/dz\/produit\/ada-toplineur-rouge-3360-art-n00479\/#primaryimage\"},\"thumbnailUrl\":\"https:\/\/eurlhosnakamel.dz\/dz\/wp-content\/uploads\/2020\/04\/36ADA-TOPLINEUR-ROUGE-3360-ART-N\u00b000479-eurl-hosna-kamel-algerie.jpg\",\"datePublished\":\"2020-04-21T10:06:30+00:00\",\"dateModified\":\"2020-04-21T10:06:30+00:00\",\"description\":\"ADA TOPLINEUR ROUGE 3*360 ART N\u00b000479 - EURL HOSNA KAMEL\",\"breadcrumb\":{\"@id\":\"https:\/\/eurlhosnakamel.dz\/dz\/produit\/ada-toplineur-rouge-3360-art-n00479\/#breadcrumb\"},\"inLanguage\":\"fr-FR\",\"potentialAction\":[{\"@type\":\"ReadAction\",\"target\":[\"https:\/\/eurlhosnakamel.dz\/dz\/produit\/ada-toplineur-rouge-3360-art-n00479\/\"]}]},{\"@type\":\"ImageObject\",\"inLanguage\":\"fr-FR\",\"@id\":\"https:\/\/eurlhosnakamel.dz\/dz\/produit\/ada-toplineur-rouge-3360-art-n00479\/#primaryimage\",\"url\":\"https:\/\/eurlhosnakamel.dz\/dz\/wp-content\/uploads\/2020\/04\/36ADA-TOPLINEUR-ROUGE-3360-ART-N\u00b000479-eurl-hosna-kamel-algerie.jpg\",\"contentUrl\":\"https:\/\/eurlhosnakamel.dz\/dz\/wp-content\/uploads\/2020\/04\/36ADA-TOPLINEUR-ROUGE-3360-ART-N\u00b000479-eurl-hosna-kamel-algerie.jpg\",\"width\":512,\"height\":512},{\"@type\":\"BreadcrumbList\",\"@id\":\"https:\/\/eurlhosnakamel.dz\/dz\/produit\/ada-toplineur-rouge-3360-art-n00479\/#breadcrumb\",\"itemListElement\":[{\"@type\":\"ListItem\",\"position\":1,\"name\":\"Accueil\",\"item\":\"https:\/\/eurlhosnakamel.dz\/dz\/\"},{\"@type\":\"ListItem\",\"position\":2,\"name\":\"Shop\",\"item\":\"https:\/\/eurlhosnakamel.dz\/dz\/shop\/\"},{\"@type\":\"ListItem\",\"position\":3,\"name\":\"ADA TOPLINEUR ROUGE 3*360 ART N\u00b000479\"}]},{\"@type\":\"WebSite\",\"@id\":\"https:\/\/eurlhosnakamel.dz\/dz\/#website\",\"url\":\"https:\/\/eurlhosnakamel.dz\/dz\/\",\"name\":\"EURL HOSNA KAMEL\",\"description\":\"Fournisseur Premium d&#039;Outillages Professionnels en Alg\u00e9rie -\",\"publisher\":{\"@id\":\"https:\/\/eurlhosnakamel.dz\/dz\/#organization\"},\"potentialAction\":[{\"@type\":\"SearchAction\",\"target\":{\"@type\":\"EntryPoint\",\"urlTemplate\":\"https:\/\/eurlhosnakamel.dz\/dz\/?s={search_term_string}\"},\"query-input\":\"required name=search_term_string\"}],\"inLanguage\":\"fr-FR\"},{\"@type\":\"Organization\",\"@id\":\"https:\/\/eurlhosnakamel.dz\/dz\/#organization\",\"name\":\"EURL HOSNA KAMEL - Bosch alg\u00e9rie\",\"url\":\"https:\/\/eurlhosnakamel.dz\/dz\/\",\"logo\":{\"@type\":\"ImageObject\",\"inLanguage\":\"fr-FR\",\"@id\":\"https:\/\/eurlhosnakamel.dz\/dz\/#\/schema\/logo\/image\/\",\"url\":\"https:\/\/eurlhosnakamel.dz\/wp-content\/uploads\/2020\/04\/LOGO-HOSNA1.png\",\"contentUrl\":\"https:\/\/eurlhosnakamel.dz\/wp-content\/uploads\/2020\/04\/LOGO-HOSNA1.png\",\"width\":120,\"height\":127,\"caption\":\"EURL HOSNA KAMEL - Bosch alg\u00e9rie\"},\"image\":{\"@id\":\"https:\/\/eurlhosnakamel.dz\/dz\/#\/schema\/logo\/image\/\"},\"sameAs\":[\"https:\/\/www.facebook.com\/Eurl.Hosna.DZ\/\"]}]}<\/script>\n<!-- \/ Yoast SEO plugin. -->","yoast_head_json":{"title":"ADA TOPLINEUR ROUGE 3*360 ART N\u00b000479 - EURL HOSNA KAMEL","description":"ADA TOPLINEUR ROUGE 3*360 ART N\u00b000479 - EURL HOSNA KAMEL","robots":{"index":"index","follow":"follow","max-snippet":"max-snippet:-1","max-image-preview":"max-image-preview:large","max-video-preview":"max-video-preview:-1"},"canonical":"https:\/\/eurlhosnakamel.dz\/dz\/produit\/ada-toplineur-rouge-3360-art-n00479\/","og_locale":"fr_FR","og_type":"article","og_title":"ADA TOPLINEUR ROUGE 3*360 ART N\u00b000479 - EURL HOSNA KAMEL","og_description":"ADA TOPLINEUR ROUGE 3*360 ART N\u00b000479 - EURL HOSNA KAMEL","og_url":"https:\/\/eurlhosnakamel.dz\/dz\/produit\/ada-toplineur-rouge-3360-art-n00479\/","og_site_name":"EURL HOSNA KAMEL","article_publisher":"https:\/\/www.facebook.com\/Eurl.Hosna.DZ\/","og_image":[{"width":512,"height":512,"url":"https:\/\/eurlhosnakamel.dz\/dz\/wp-content\/uploads\/2020\/04\/36ADA-TOPLINEUR-ROUGE-3360-ART-N\u00b000479-eurl-hosna-kamel-algerie.jpg","type":"image\/jpeg"}],"twitter_card":"summary_large_image","twitter_misc":{"Dur\u00e9e de lecture estim\u00e9e":"2 minutes"},"schema":{"@context":"https:\/\/schema.org","@graph":[{"@type":"WebPage","@id":"https:\/\/eurlhosnakamel.dz\/dz\/produit\/ada-toplineur-rouge-3360-art-n00479\/","url":"https:\/\/eurlhosnakamel.dz\/dz\/produit\/ada-toplineur-rouge-3360-art-n00479\/","name":"ADA TOPLINEUR ROUGE 3*360 ART N\u00b000479 - EURL HOSNA KAMEL","isPartOf":{"@id":"https:\/\/eurlhosnakamel.dz\/dz\/#website"},"primaryImageOfPage":{"@id":"https:\/\/eurlhosnakamel.dz\/dz\/produit\/ada-toplineur-rouge-3360-art-n00479\/#primaryimage"},"image":{"@id":"https:\/\/eurlhosnakamel.dz\/dz\/produit\/ada-toplineur-rouge-3360-art-n00479\/#primaryimage"},"thumbnailUrl":"https:\/\/eurlhosnakamel.dz\/dz\/wp-content\/uploads\/2020\/04\/36ADA-TOPLINEUR-ROUGE-3360-ART-N\u00b000479-eurl-hosna-kamel-algerie.jpg","datePublished":"2020-04-21T10:06:30+00:00","dateModified":"2020-04-21T10:06:30+00:00","description":"ADA TOPLINEUR ROUGE 3*360 ART N\u00b000479 - EURL HOSNA KAMEL","breadcrumb":{"@id":"https:\/\/eurlhosnakamel.dz\/dz\/produit\/ada-toplineur-rouge-3360-art-n00479\/#breadcrumb"},"inLanguage":"fr-FR","potentialAction":[{"@type":"ReadAction","target":["https:\/\/eurlhosnakamel.dz\/dz\/produit\/ada-toplineur-rouge-3360-art-n00479\/"]}]},{"@type":"ImageObject","inLanguage":"fr-FR","@id":"https:\/\/eurlhosnakamel.dz\/dz\/produit\/ada-toplineur-rouge-3360-art-n00479\/#primaryimage","url":"https:\/\/eurlhosnakamel.dz\/dz\/wp-content\/uploads\/2020\/04\/36ADA-TOPLINEUR-ROUGE-3360-ART-N\u00b000479-eurl-hosna-kamel-algerie.jpg","contentUrl":"https:\/\/eurlhosnakamel.dz\/dz\/wp-content\/uploads\/2020\/04\/36ADA-TOPLINEUR-ROUGE-3360-ART-N\u00b000479-eurl-hosna-kamel-algerie.jpg","width":512,"height":512},{"@type":"BreadcrumbList","@id":"https:\/\/eurlhosnakamel.dz\/dz\/produit\/ada-toplineur-rouge-3360-art-n00479\/#breadcrumb","itemListElement":[{"@type":"ListItem","position":1,"name":"Accueil","item":"https:\/\/eurlhosnakamel.dz\/dz\/"},{"@type":"ListItem","position":2,"name":"Shop","item":"https:\/\/eurlhosnakamel.dz\/dz\/shop\/"},{"@type":"ListItem","position":3,"name":"ADA TOPLINEUR ROUGE 3*360 ART N\u00b000479"}]},{"@type":"WebSite","@id":"https:\/\/eurlhosnakamel.dz\/dz\/#website","url":"https:\/\/eurlhosnakamel.dz\/dz\/","name":"EURL HOSNA KAMEL","description":"Fournisseur Premium d&#039;Outillages Professionnels en Alg\u00e9rie -","publisher":{"@id":"https:\/\/eurlhosnakamel.dz\/dz\/#organization"},"potentialAction":[{"@type":"SearchAction","target":{"@type":"EntryPoint","urlTemplate":"https:\/\/eurlhosnakamel.dz\/dz\/?s={search_term_string}"},"query-input":"required name=search_term_string"}],"inLanguage":"fr-FR"},{"@type":"Organization","@id":"https:\/\/eurlhosnakamel.dz\/dz\/#organization","name":"EURL HOSNA KAMEL - Bosch alg\u00e9rie","url":"https:\/\/eurlhosnakamel.dz\/dz\/","logo":{"@type":"ImageObject","inLanguage":"fr-FR","@id":"https:\/\/eurlhosnakamel.dz\/dz\/#\/schema\/logo\/image\/","url":"https:\/\/eurlhosnakamel.dz\/wp-content\/uploads\/2020\/04\/LOGO-HOSNA1.png","contentUrl":"https:\/\/eurlhosnakamel.dz\/wp-content\/uploads\/2020\/04\/LOGO-HOSNA1.png","width":120,"height":127,"caption":"EURL HOSNA KAMEL - Bosch alg\u00e9rie"},"image":{"@id":"https:\/\/eurlhosnakamel.dz\/dz\/#\/schema\/logo\/image\/"},"sameAs":["https:\/\/www.facebook.com\/Eurl.Hosna.DZ\/"]}]}},"_links":{"self":[{"href":"https:\/\/eurlhosnakamel.dz\/dz\/wp-json\/wp\/v2\/product\/7015","targetHints":{"allow":["GET"]}}],"collection":[{"href":"https:\/\/eurlhosnakamel.dz\/dz\/wp-json\/wp\/v2\/product"}],"about":[{"href":"https:\/\/eurlhosnakamel.dz\/dz\/wp-json\/wp\/v2\/types\/product"}],"wp:featuredmedia":[{"embeddable":true,"href":"https:\/\/eurlhosnakamel.dz\/dz\/wp-json\/wp\/v2\/media\/7033"}],"wp:attachment":[{"href":"https:\/\/eurlhosnakamel.dz\/dz\/wp-json\/wp\/v2\/media?parent=7015"}],"wp:term":[{"taxonomy":"product_cat","embeddable":true,"href":"https:\/\/eurlhosnakamel.dz\/dz\/wp-json\/wp\/v2\/product_cat?post=7015"},{"taxonomy":"product_tag","embeddable":true,"href":"https:\/\/eurlhosnakamel.dz\/dz\/wp-json\/wp\/v2\/product_tag?post=7015"}],"curies":[{"name":"wp","href":"https:\/\/api.w.org\/{rel}","templated":true}]}}