{"id":7041,"date":"2020-04-21T10:12:54","date_gmt":"2020-04-21T10:12:54","guid":{"rendered":"https:\/\/lhchosting.com\/hosna\/?post_type=product&#038;p=7041"},"modified":"2020-04-21T10:12:54","modified_gmt":"2020-04-21T10:12:54","slug":"ada-cosmo-metre-70-art-n00429","status":"publish","type":"product","link":"https:\/\/eurlhosnakamel.dz\/dz\/produit\/ada-cosmo-metre-70-art-n00429\/","title":{"rendered":"ADA COSMO &#8211; METRE 70 ART N\u00b000429"},"content":{"rendered":"<p><strong>La\u00a0Roulette Laser ADA COSMO 70\u00a0est un\u00a0t\u00e9l\u00e9m\u00e8tre laser professionnel, dont la\u00a0caract\u00e9ristique est la\u00a0simplicit\u00e9 et\u00a0la\u00a0facilit\u00e9 d\u2019utilisation. Le\u00a0principal avantage de\u00a0ce\u00a0dispositif professionnel est la\u00a0mesure des distances dans toutes les conditions d\u2019\u00e9clairage. M\u00eame en\u00a0plein soleil, ADA COSMO 70\u00a0mesure une distance de 60\u00a0m\u00e8tres avec une grande pr\u00e9cision. L\u2019erreur de\u00a0mesure maximale est de\u00a01,5 millim\u00e8tre seulement.<\/strong><\/p>\n<p><strong>La\u00a0conception de\u00a0bo\u00eetier ergonomique pour faciliter la\u00a0mesure. Des plaques de\u00a0la\u00a0bande de\u00a0roulement de\u00a0s\u00e9curit\u00e9 sont situ\u00e9es en\u00a0haut et\u00a0en\u00a0bas du\u00a0dispositif. Le\u00a0t\u00e9l\u00e9m\u00e8tre repose confortablement dans la\u00a0main. Lors de\u00a0l\u2019impact, elles prot\u00e9geront le\u00a0bo\u00eetier contre des dommages. Les boutons \u00e0\u00a0membrane n\u2019ont pas peur de\u00a0la\u00a0poussi\u00e8re et\u00a0de\u00a0l\u2019humidit\u00e9.<\/strong><\/p>\n<p><strong>ADA COSMO 70\u00a0effectue l\u2019addition et\u00a0la\u00a0soustraction rapidement, et\u00a0produit \u00e9galement le\u00a0calcul automatique des surfaces et\u00a0des volumes. Pour \u00eatre en\u00a0mesure de\u00a0calculer des segments, inaccessibles \u00e0\u00a0la\u00a0mesure directe, le\u00a0mod\u00e8le est \u00e9quip\u00e9 d\u2019une fonction de\u00a0calcul de\u00a0la\u00a0distance entre deux points par les formules g\u00e9om\u00e9triques de\u00a0Pythagore. La\u00a0bride \u00e0\u00a0charni\u00e8re peut vous aider \u00e0\u00a0prendre des mesures pr\u00e9cises des coins et\u00a0les crevasses.<\/strong><\/p>\n<p><strong>\u00c9cran lumineux avec un\u00a0\u00e9clairage constant. L\u2019affichage \u00e0\u00a0trois lignes \u00e0\u00a0r\u00e9tro\u00e9clairage constante et\u00a0de\u00a0grands caract\u00e8res clairs vous permettent de\u00a0travailler m\u00eame dans des conditions de\u00a0faible luminosit\u00e9. Les r\u00e9sultats peuvent \u00eatre vus sur l\u2019\u00e9cran \u00e0\u00a0un\u00a0angle et\u00a0en\u00a0toute lumi\u00e8re.<\/strong><\/p>\n<p><strong>ADA COSMO 70\u00a0pour des mesures pr\u00e9cises des grandes distances est \u00e9quip\u00e9e d\u2019un temporisateur.<\/strong><\/p>\n<p><strong>ADA COSMO 70\u00a0est un\u00a0t\u00e9l\u00e9m\u00e8tre laser moderne et\u00a0fiable avec des mesures de\u00a0haute pr\u00e9cision, qui deviendra un\u00a0assistant indispensable pour un\u00a0sp\u00e9cialiste.<\/strong><\/p>\n<p><strong>Fonctions :<\/strong><\/p>\n<ul>\n<li><strong>Mesures des distances jusqu\u2019\u00e0 70\u00a0m<\/strong><\/li>\n<li><strong>Bride \u00e0\u00a0charni\u00e8re<\/strong><\/li>\n<li><strong>Mesures des segments inaccessibles<\/strong><\/li>\n<li><strong>Mesure de\u00a0surface et\u00a0de\u00a0volume<\/strong><\/li>\n<li><strong>R\u00e9tro\u00e9clairage constante de\u00a0l\u2019\u00e9cran<\/strong><\/li>\n<li><strong>Conception de\u00a0bo\u00eetier ergonomique<\/strong><\/li>\n<li><strong>Arr\u00eat automatique<\/strong><\/li>\n<li><strong>Temporisateur de\u00a0mesure<\/strong><\/li>\n<li><strong>Mesure de\u00a0l\u2019angle d\u2019inclinaison<\/strong><\/li>\n<li><strong>Mode de\u00a0jalonnement<\/strong><\/li>\n<\/ul>\n","protected":false},"excerpt":{"rendered":"<h1>Roulette Laser ADA COSMO 70<\/h1>\n<table class=\"ch\" border=\"1\" cellspacing=\"0\" cellpadding=\"0\">\n<tbody>\n<tr>\n<td>Plage de\u00a0mesure<\/td>\n<td>de\u00a00,05\u00a0m \u00e0 70\u00a0m<\/td>\n<\/tr>\n<tr>\n<td>Pr\u00e9cision de\u00a0mesure<\/td>\n<td>\u00b1 1.5\u00a0mm<\/td>\n<\/tr>\n<tr>\n<td>Unit\u00e9 minimale de\u00a0mesure<\/td>\n<td>1\u00a0mm<\/td>\n<\/tr>\n<tr>\n<td>Classe de\u00a0laser<\/td>\n<td>II<\/td>\n<\/tr>\n<tr>\n<td>Type de\u00a0laser<\/td>\n<td>620-690\u00a0nm, &lt; 1\u00a0mW<\/td>\n<\/tr>\n<tr>\n<td>Arr\u00eat automatique<\/td>\n<td>Dans 180 secondes<\/td>\n<\/tr>\n<tr>\n<td>Pile<\/td>\n<td>2\u0445AAA \/1.5\u0412<\/td>\n<\/tr>\n<tr>\n<td>Dimensions<\/td>\n<td>113\u00d747\u00d725mm<\/td>\n<\/tr>\n<tr>\n<td>Poids<\/td>\n<td>105\u00a0g<\/td>\n<\/tr>\n<\/tbody>\n<\/table>\n","protected":false},"featured_media":7051,"template":"","meta":[],"product_cat":[457],"product_tag":[1417],"class_list":{"0":"post-7041","1":"product","2":"type-product","3":"status-publish","4":"has-post-thumbnail","6":"product_cat-instruments-de-mesure","7":"product_tag-ada-cosmo-metre-70-art-n00429","8":"product_brand-ada","10":"first","11":"instock","12":"shipping-taxable","13":"product-type-simple","14":"col-xs-6 col-sm-4","15":"col-md-3 col-lg-3","16":"un-4-cols"},"yoast_head":"<!-- This site is optimized with the Yoast SEO plugin v22.5 - https:\/\/yoast.com\/wordpress\/plugins\/seo\/ -->\n<title>ADA COSMO - METRE 70 ART N\u00b000429 - EURL HOSNA KAMEL<\/title>\n<meta name=\"description\" content=\"ADA COSMO - METRE 70 ART N\u00b000429 - EURL HOSNA KAMEL\" \/>\n<meta name=\"robots\" content=\"index, follow, max-snippet:-1, max-image-preview:large, max-video-preview:-1\" \/>\n<link rel=\"canonical\" href=\"https:\/\/eurlhosnakamel.dz\/dz\/produit\/ada-cosmo-metre-70-art-n00429\/\" \/>\n<meta property=\"og:locale\" content=\"fr_FR\" \/>\n<meta property=\"og:type\" content=\"article\" \/>\n<meta property=\"og:title\" content=\"ADA COSMO - METRE 70 ART N\u00b000429 - EURL HOSNA KAMEL\" \/>\n<meta property=\"og:description\" content=\"ADA COSMO - METRE 70 ART N\u00b000429 - EURL HOSNA KAMEL\" \/>\n<meta property=\"og:url\" content=\"https:\/\/eurlhosnakamel.dz\/dz\/produit\/ada-cosmo-metre-70-art-n00429\/\" \/>\n<meta property=\"og:site_name\" content=\"EURL HOSNA KAMEL\" \/>\n<meta property=\"article:publisher\" content=\"https:\/\/www.facebook.com\/Eurl.Hosna.DZ\/\" \/>\n<meta property=\"og:image\" content=\"https:\/\/eurlhosnakamel.dz\/dz\/wp-content\/uploads\/2020\/04\/37ADA-COSMO-METRE-70-ART-N\u00b000429-eurl-hosna-kamel-algerie.jpg\" \/>\n\t<meta property=\"og:image:width\" content=\"512\" \/>\n\t<meta property=\"og:image:height\" content=\"512\" \/>\n\t<meta property=\"og:image:type\" content=\"image\/jpeg\" \/>\n<meta name=\"twitter:card\" content=\"summary_large_image\" \/>\n<meta name=\"twitter:label1\" content=\"Dur\u00e9e de lecture estim\u00e9e\" \/>\n\t<meta name=\"twitter:data1\" content=\"2 minutes\" \/>\n<script type=\"application\/ld+json\" class=\"yoast-schema-graph\">{\"@context\":\"https:\/\/schema.org\",\"@graph\":[{\"@type\":\"WebPage\",\"@id\":\"https:\/\/eurlhosnakamel.dz\/dz\/produit\/ada-cosmo-metre-70-art-n00429\/\",\"url\":\"https:\/\/eurlhosnakamel.dz\/dz\/produit\/ada-cosmo-metre-70-art-n00429\/\",\"name\":\"ADA COSMO - METRE 70 ART N\u00b000429 - EURL HOSNA KAMEL\",\"isPartOf\":{\"@id\":\"https:\/\/eurlhosnakamel.dz\/dz\/#website\"},\"primaryImageOfPage\":{\"@id\":\"https:\/\/eurlhosnakamel.dz\/dz\/produit\/ada-cosmo-metre-70-art-n00429\/#primaryimage\"},\"image\":{\"@id\":\"https:\/\/eurlhosnakamel.dz\/dz\/produit\/ada-cosmo-metre-70-art-n00429\/#primaryimage\"},\"thumbnailUrl\":\"https:\/\/eurlhosnakamel.dz\/dz\/wp-content\/uploads\/2020\/04\/37ADA-COSMO-METRE-70-ART-N\u00b000429-eurl-hosna-kamel-algerie.jpg\",\"datePublished\":\"2020-04-21T10:12:54+00:00\",\"dateModified\":\"2020-04-21T10:12:54+00:00\",\"description\":\"ADA COSMO - METRE 70 ART N\u00b000429 - EURL HOSNA KAMEL\",\"breadcrumb\":{\"@id\":\"https:\/\/eurlhosnakamel.dz\/dz\/produit\/ada-cosmo-metre-70-art-n00429\/#breadcrumb\"},\"inLanguage\":\"fr-FR\",\"potentialAction\":[{\"@type\":\"ReadAction\",\"target\":[\"https:\/\/eurlhosnakamel.dz\/dz\/produit\/ada-cosmo-metre-70-art-n00429\/\"]}]},{\"@type\":\"ImageObject\",\"inLanguage\":\"fr-FR\",\"@id\":\"https:\/\/eurlhosnakamel.dz\/dz\/produit\/ada-cosmo-metre-70-art-n00429\/#primaryimage\",\"url\":\"https:\/\/eurlhosnakamel.dz\/dz\/wp-content\/uploads\/2020\/04\/37ADA-COSMO-METRE-70-ART-N\u00b000429-eurl-hosna-kamel-algerie.jpg\",\"contentUrl\":\"https:\/\/eurlhosnakamel.dz\/dz\/wp-content\/uploads\/2020\/04\/37ADA-COSMO-METRE-70-ART-N\u00b000429-eurl-hosna-kamel-algerie.jpg\",\"width\":512,\"height\":512},{\"@type\":\"BreadcrumbList\",\"@id\":\"https:\/\/eurlhosnakamel.dz\/dz\/produit\/ada-cosmo-metre-70-art-n00429\/#breadcrumb\",\"itemListElement\":[{\"@type\":\"ListItem\",\"position\":1,\"name\":\"Accueil\",\"item\":\"https:\/\/eurlhosnakamel.dz\/dz\/\"},{\"@type\":\"ListItem\",\"position\":2,\"name\":\"Shop\",\"item\":\"https:\/\/eurlhosnakamel.dz\/dz\/shop\/\"},{\"@type\":\"ListItem\",\"position\":3,\"name\":\"ADA COSMO &#8211; METRE 70 ART N\u00b000429\"}]},{\"@type\":\"WebSite\",\"@id\":\"https:\/\/eurlhosnakamel.dz\/dz\/#website\",\"url\":\"https:\/\/eurlhosnakamel.dz\/dz\/\",\"name\":\"EURL HOSNA KAMEL\",\"description\":\"Fournisseur Premium d&#039;Outillages Professionnels en Alg\u00e9rie -\",\"publisher\":{\"@id\":\"https:\/\/eurlhosnakamel.dz\/dz\/#organization\"},\"potentialAction\":[{\"@type\":\"SearchAction\",\"target\":{\"@type\":\"EntryPoint\",\"urlTemplate\":\"https:\/\/eurlhosnakamel.dz\/dz\/?s={search_term_string}\"},\"query-input\":\"required name=search_term_string\"}],\"inLanguage\":\"fr-FR\"},{\"@type\":\"Organization\",\"@id\":\"https:\/\/eurlhosnakamel.dz\/dz\/#organization\",\"name\":\"EURL HOSNA KAMEL - Bosch alg\u00e9rie\",\"url\":\"https:\/\/eurlhosnakamel.dz\/dz\/\",\"logo\":{\"@type\":\"ImageObject\",\"inLanguage\":\"fr-FR\",\"@id\":\"https:\/\/eurlhosnakamel.dz\/dz\/#\/schema\/logo\/image\/\",\"url\":\"https:\/\/eurlhosnakamel.dz\/wp-content\/uploads\/2020\/04\/LOGO-HOSNA1.png\",\"contentUrl\":\"https:\/\/eurlhosnakamel.dz\/wp-content\/uploads\/2020\/04\/LOGO-HOSNA1.png\",\"width\":120,\"height\":127,\"caption\":\"EURL HOSNA KAMEL - Bosch alg\u00e9rie\"},\"image\":{\"@id\":\"https:\/\/eurlhosnakamel.dz\/dz\/#\/schema\/logo\/image\/\"},\"sameAs\":[\"https:\/\/www.facebook.com\/Eurl.Hosna.DZ\/\"]}]}<\/script>\n<!-- \/ Yoast SEO plugin. -->","yoast_head_json":{"title":"ADA COSMO - METRE 70 ART N\u00b000429 - EURL HOSNA KAMEL","description":"ADA COSMO - METRE 70 ART N\u00b000429 - EURL HOSNA KAMEL","robots":{"index":"index","follow":"follow","max-snippet":"max-snippet:-1","max-image-preview":"max-image-preview:large","max-video-preview":"max-video-preview:-1"},"canonical":"https:\/\/eurlhosnakamel.dz\/dz\/produit\/ada-cosmo-metre-70-art-n00429\/","og_locale":"fr_FR","og_type":"article","og_title":"ADA COSMO - METRE 70 ART N\u00b000429 - EURL HOSNA KAMEL","og_description":"ADA COSMO - METRE 70 ART N\u00b000429 - EURL HOSNA KAMEL","og_url":"https:\/\/eurlhosnakamel.dz\/dz\/produit\/ada-cosmo-metre-70-art-n00429\/","og_site_name":"EURL HOSNA KAMEL","article_publisher":"https:\/\/www.facebook.com\/Eurl.Hosna.DZ\/","og_image":[{"width":512,"height":512,"url":"https:\/\/eurlhosnakamel.dz\/dz\/wp-content\/uploads\/2020\/04\/37ADA-COSMO-METRE-70-ART-N\u00b000429-eurl-hosna-kamel-algerie.jpg","type":"image\/jpeg"}],"twitter_card":"summary_large_image","twitter_misc":{"Dur\u00e9e de lecture estim\u00e9e":"2 minutes"},"schema":{"@context":"https:\/\/schema.org","@graph":[{"@type":"WebPage","@id":"https:\/\/eurlhosnakamel.dz\/dz\/produit\/ada-cosmo-metre-70-art-n00429\/","url":"https:\/\/eurlhosnakamel.dz\/dz\/produit\/ada-cosmo-metre-70-art-n00429\/","name":"ADA COSMO - METRE 70 ART N\u00b000429 - EURL HOSNA KAMEL","isPartOf":{"@id":"https:\/\/eurlhosnakamel.dz\/dz\/#website"},"primaryImageOfPage":{"@id":"https:\/\/eurlhosnakamel.dz\/dz\/produit\/ada-cosmo-metre-70-art-n00429\/#primaryimage"},"image":{"@id":"https:\/\/eurlhosnakamel.dz\/dz\/produit\/ada-cosmo-metre-70-art-n00429\/#primaryimage"},"thumbnailUrl":"https:\/\/eurlhosnakamel.dz\/dz\/wp-content\/uploads\/2020\/04\/37ADA-COSMO-METRE-70-ART-N\u00b000429-eurl-hosna-kamel-algerie.jpg","datePublished":"2020-04-21T10:12:54+00:00","dateModified":"2020-04-21T10:12:54+00:00","description":"ADA COSMO - METRE 70 ART N\u00b000429 - EURL HOSNA KAMEL","breadcrumb":{"@id":"https:\/\/eurlhosnakamel.dz\/dz\/produit\/ada-cosmo-metre-70-art-n00429\/#breadcrumb"},"inLanguage":"fr-FR","potentialAction":[{"@type":"ReadAction","target":["https:\/\/eurlhosnakamel.dz\/dz\/produit\/ada-cosmo-metre-70-art-n00429\/"]}]},{"@type":"ImageObject","inLanguage":"fr-FR","@id":"https:\/\/eurlhosnakamel.dz\/dz\/produit\/ada-cosmo-metre-70-art-n00429\/#primaryimage","url":"https:\/\/eurlhosnakamel.dz\/dz\/wp-content\/uploads\/2020\/04\/37ADA-COSMO-METRE-70-ART-N\u00b000429-eurl-hosna-kamel-algerie.jpg","contentUrl":"https:\/\/eurlhosnakamel.dz\/dz\/wp-content\/uploads\/2020\/04\/37ADA-COSMO-METRE-70-ART-N\u00b000429-eurl-hosna-kamel-algerie.jpg","width":512,"height":512},{"@type":"BreadcrumbList","@id":"https:\/\/eurlhosnakamel.dz\/dz\/produit\/ada-cosmo-metre-70-art-n00429\/#breadcrumb","itemListElement":[{"@type":"ListItem","position":1,"name":"Accueil","item":"https:\/\/eurlhosnakamel.dz\/dz\/"},{"@type":"ListItem","position":2,"name":"Shop","item":"https:\/\/eurlhosnakamel.dz\/dz\/shop\/"},{"@type":"ListItem","position":3,"name":"ADA COSMO &#8211; METRE 70 ART N\u00b000429"}]},{"@type":"WebSite","@id":"https:\/\/eurlhosnakamel.dz\/dz\/#website","url":"https:\/\/eurlhosnakamel.dz\/dz\/","name":"EURL HOSNA KAMEL","description":"Fournisseur Premium d&#039;Outillages Professionnels en Alg\u00e9rie -","publisher":{"@id":"https:\/\/eurlhosnakamel.dz\/dz\/#organization"},"potentialAction":[{"@type":"SearchAction","target":{"@type":"EntryPoint","urlTemplate":"https:\/\/eurlhosnakamel.dz\/dz\/?s={search_term_string}"},"query-input":"required name=search_term_string"}],"inLanguage":"fr-FR"},{"@type":"Organization","@id":"https:\/\/eurlhosnakamel.dz\/dz\/#organization","name":"EURL HOSNA KAMEL - Bosch alg\u00e9rie","url":"https:\/\/eurlhosnakamel.dz\/dz\/","logo":{"@type":"ImageObject","inLanguage":"fr-FR","@id":"https:\/\/eurlhosnakamel.dz\/dz\/#\/schema\/logo\/image\/","url":"https:\/\/eurlhosnakamel.dz\/wp-content\/uploads\/2020\/04\/LOGO-HOSNA1.png","contentUrl":"https:\/\/eurlhosnakamel.dz\/wp-content\/uploads\/2020\/04\/LOGO-HOSNA1.png","width":120,"height":127,"caption":"EURL HOSNA KAMEL - Bosch alg\u00e9rie"},"image":{"@id":"https:\/\/eurlhosnakamel.dz\/dz\/#\/schema\/logo\/image\/"},"sameAs":["https:\/\/www.facebook.com\/Eurl.Hosna.DZ\/"]}]}},"_links":{"self":[{"href":"https:\/\/eurlhosnakamel.dz\/dz\/wp-json\/wp\/v2\/product\/7041","targetHints":{"allow":["GET"]}}],"collection":[{"href":"https:\/\/eurlhosnakamel.dz\/dz\/wp-json\/wp\/v2\/product"}],"about":[{"href":"https:\/\/eurlhosnakamel.dz\/dz\/wp-json\/wp\/v2\/types\/product"}],"wp:featuredmedia":[{"embeddable":true,"href":"https:\/\/eurlhosnakamel.dz\/dz\/wp-json\/wp\/v2\/media\/7051"}],"wp:attachment":[{"href":"https:\/\/eurlhosnakamel.dz\/dz\/wp-json\/wp\/v2\/media?parent=7041"}],"wp:term":[{"taxonomy":"product_cat","embeddable":true,"href":"https:\/\/eurlhosnakamel.dz\/dz\/wp-json\/wp\/v2\/product_cat?post=7041"},{"taxonomy":"product_tag","embeddable":true,"href":"https:\/\/eurlhosnakamel.dz\/dz\/wp-json\/wp\/v2\/product_tag?post=7041"}],"curies":[{"name":"wp","href":"https:\/\/api.w.org\/{rel}","templated":true}]}}