{"id":7043,"date":"2020-04-21T10:07:51","date_gmt":"2020-04-21T10:07:51","guid":{"rendered":"https:\/\/lhchosting.com\/hosna\/?post_type=product&#038;p=7043"},"modified":"2021-12-19T09:01:53","modified_gmt":"2021-12-19T09:01:53","slug":"bosch-cellule-de-reception-200-m-lr-1","status":"publish","type":"product","link":"https:\/\/eurlhosnakamel.dz\/dz\/produit\/bosch-cellule-de-reception-200-m-lr-1\/","title":{"rendered":"Cellule de r\u00e9ception 200 m\u00e8tres pour GRL 300 LR 1"},"content":{"rendered":"<section id=\"technicaldata\" class=\"o-technical_details trackingModule\" data-track_moduletype=\"O09_technical_details\">\n<div class=\"container trackingTeaser\" data-track_teasertype=\"Product Information\" data-track_teasercontent=\"En savoir plus\">\n<div class=\"row\">\n<div class=\"col-md-5\">\n<p class=\"headline hl1\">Caract\u00e9ristiques techniques<\/p>\n<table class=\"table table--fixed\">\n<thead>\n<tr>\n<th colspan=\"2\">\n<p class=\"headline hl4\"><strong>Les caract\u00e9ristiques les plus importantes<\/strong><\/p>\n<\/th>\n<\/tr>\n<\/thead>\n<tbody>\n<tr>\n<td>T\u00e9l\u00e9commande<\/td>\n<td>&#8211;<\/td>\n<\/tr>\n<tr>\n<td>Cellule de r\u00e9ception<\/td>\n<td>+<\/td>\n<\/tr>\n<tr>\n<td>Port\u00e9e<\/td>\n<td>0 \u2013 200 m<\/td>\n<\/tr>\n<tr>\n<td>Alimentation<\/td>\n<td>1 pile 9 V 6LR61<\/td>\n<\/tr>\n<tr>\n<td>\u00c9tanch\u00e9it\u00e9 \u00e0 l&#8217;eau et \u00e0 la poussi\u00e8re<\/td>\n<td>IP 65<\/td>\n<\/tr>\n<tr>\n<td>Poids env.<\/td>\n<td>250 g<\/td>\n<\/tr>\n<tr>\n<td>Dimensions de l\u2019outil (largeur)<\/td>\n<td>75 mm<\/td>\n<\/tr>\n<tr>\n<td>Dimensions de l\u2019outil (longueur)<\/td>\n<td>145 mm<\/td>\n<\/tr>\n<tr>\n<td>Dimensions de l\u2019outil (hauteur)<\/td>\n<td>30 mm<\/td>\n<\/tr>\n<tr>\n<td>Pr\u00e9cision de mesure (fine\/grossi\u00e8re)<\/td>\n<td>\u00b1 1 mm\/\u00b1 3 mm<\/td>\n<\/tr>\n<tr>\n<td>Pour<\/td>\n<td>GRL 300 HV, GRL 400 H Professional<\/td>\n<\/tr>\n<\/tbody>\n<\/table>\n<\/div>\n<\/div>\n<\/div>\n<\/section>\n<section id=\"highlights\" class=\"m-product_hightlights trackingModule\" data-track_moduletype=\"M49_product_highlights\">\n<div class=\"container\">\n<h4 class=\"headline hl1\">Avantages<\/h4>\n<div class=\"row\">\n<div class=\"col-md-6\">\n<div class=\"m-product_hightlights__content-wrapper\">\n<h4 class=\"headline hl4\">Plus de possibilit\u00e9s gr\u00e2ce aux accessoires<\/h4>\n<ul class=\"m-product_hightlights__list\">\n<li>Cellule de r\u00e9ception pour l\u2019int\u00e9rieur et l\u2019ext\u00e9rieur, jusqu\u2019\u00e0 200 m de port\u00e9e avec les lasers rotatifs GRL 400 H Professional et GRL 300 HV Professional<\/li>\n<li>Signal d\u2019alignement optique et acoustique<\/li>\n<li>Protection contre les poussi\u00e8res et projections d\u2019eau IP 65<\/li>\n<\/ul>\n<\/div>\n<\/div>\n<h4><\/h4>\n<h4 class=\"col-md-6\">Fonctions<\/h4>\n<div class=\"image-row bsTooltip__wrapper\">\n<div class=\"image-col bsTooltip\" title=\"\" data-content=\"Accuracy Pr\u00e9cision de mesure\u00b1 1,0\u00a0mm\" data-original-title=\"\"><img decoding=\"async\" class=\"img-responsive lazyloaded alignleft\" src=\"https:\/\/www.bosch-professional.com\/binary\/ocsmedia\/optimized\/100x100\/o212646v54_Accuracy_1mm.png\" alt=\"Accuracy Pr\u00e9cision de mesure\u00b1 1,0\u00a0mm\" data-sizes=\"(max-width: 767px) 100px, (min-width: 768px) and (max-width: 991px) 100px, (-webkit-min-device-pixel-ratio: 2.0) and (min-width: 1000px) 200px, 100px\" data-srcset=\"https:\/\/www.bosch-professional.com\/binary\/ocsmedia\/optimized\/100x100\/o212646v54_Accuracy_1mm.png 100w, https:\/\/www.bosch-professional.com\/binary\/ocsmedia\/optimized\/100x100\/o212646v54_Accuracy_1mm.png 100w, https:\/\/www.bosch-professional.com\/binary\/ocsmedia\/optimized\/100x100\/o212646v54_Accuracy_1mm.png 100w, https:\/\/www.bosch-professional.com\/binary\/ocsmedia\/optimized\/200x200\/o212646v54_Accuracy_1mm.png 200w\" data-src=\"https:\/\/www.bosch-professional.com\/binary\/ocsmedia\/optimized\/100x100\/o212646v54_Accuracy_1mm.png\" \/><\/div>\n<div class=\"image-col bsTooltip\" title=\"\" data-content=\"Accuracy Pr\u00e9cision de mesure\u00b1 3,0\u00a0mm\" data-original-title=\"\"><img decoding=\"async\" class=\"img-responsive lazyloaded alignleft\" src=\"https:\/\/www.bosch-professional.com\/binary\/ocsmedia\/optimized\/100x100\/o212647v54_Accuracy_3mm.png\" alt=\"Accuracy Pr\u00e9cision de mesure\u00b1 3,0\u00a0mm\" data-sizes=\"(max-width: 767px) 100px, (min-width: 768px) and (max-width: 991px) 100px, (-webkit-min-device-pixel-ratio: 2.0) and (min-width: 1000px) 200px, 100px\" data-srcset=\"https:\/\/www.bosch-professional.com\/binary\/ocsmedia\/optimized\/100x100\/o212647v54_Accuracy_3mm.png 100w, https:\/\/www.bosch-professional.com\/binary\/ocsmedia\/optimized\/100x100\/o212647v54_Accuracy_3mm.png 100w, https:\/\/www.bosch-professional.com\/binary\/ocsmedia\/optimized\/100x100\/o212647v54_Accuracy_3mm.png 100w, https:\/\/www.bosch-professional.com\/binary\/ocsmedia\/optimized\/200x200\/o212647v54_Accuracy_3mm.png 200w\" data-src=\"https:\/\/www.bosch-professional.com\/binary\/ocsmedia\/optimized\/100x100\/o212647v54_Accuracy_3mm.png\" \/><\/div>\n<div class=\"image-col bsTooltip\" title=\"\" data-content=\"Plage de travail LR 1 Port\u00e9e avec r\u00e9cepteur 400\u00a0m\" data-original-title=\"\"><img decoding=\"async\" class=\"img-responsive lazyloaded alignleft\" src=\"https:\/\/www.bosch-professional.com\/binary\/ocsmedia\/optimized\/100x100\/o212648v54_ArbeitsbereichEmpf_LR1_400m.png\" alt=\"Plage de travail LR 1 Port\u00e9e avec r\u00e9cepteur 400\u00a0m\" data-sizes=\"(max-width: 767px) 100px, (min-width: 768px) and (max-width: 991px) 100px, (-webkit-min-device-pixel-ratio: 2.0) and (min-width: 1000px) 200px, 100px\" data-srcset=\"https:\/\/www.bosch-professional.com\/binary\/ocsmedia\/optimized\/100x100\/o212648v54_ArbeitsbereichEmpf_LR1_400m.png 100w, https:\/\/www.bosch-professional.com\/binary\/ocsmedia\/optimized\/100x100\/o212648v54_ArbeitsbereichEmpf_LR1_400m.png 100w, https:\/\/www.bosch-professional.com\/binary\/ocsmedia\/optimized\/100x100\/o212648v54_ArbeitsbereichEmpf_LR1_400m.png 100w, https:\/\/www.bosch-professional.com\/binary\/ocsmedia\/optimized\/200x200\/o212648v54_ArbeitsbereichEmpf_LR1_400m.png 200w\" data-src=\"https:\/\/www.bosch-professional.com\/binary\/ocsmedia\/optimized\/100x100\/o212648v54_ArbeitsbereichEmpf_LR1_400m.png\" \/><\/div>\n<div class=\"image-col bsTooltip\" title=\"\" data-content=\"Battery Indicator Indicateur d'autonomie\" data-original-title=\"\"><img decoding=\"async\" class=\"img-responsive lazyloaded alignleft\" src=\"https:\/\/www.bosch-professional.com\/binary\/ocsmedia\/optimized\/100x100\/o212649v54_Batterie_Indicator.png\" alt=\"Battery Indicator Indicateur d'autonomie\" data-sizes=\"(max-width: 767px) 100px, (min-width: 768px) and (max-width: 991px) 100px, (-webkit-min-device-pixel-ratio: 2.0) and (min-width: 1000px) 200px, 100px\" data-srcset=\"https:\/\/www.bosch-professional.com\/binary\/ocsmedia\/optimized\/100x100\/o212649v54_Batterie_Indicator.png 100w, https:\/\/www.bosch-professional.com\/binary\/ocsmedia\/optimized\/100x100\/o212649v54_Batterie_Indicator.png 100w, https:\/\/www.bosch-professional.com\/binary\/ocsmedia\/optimized\/100x100\/o212649v54_Batterie_Indicator.png 100w, https:\/\/www.bosch-professional.com\/binary\/ocsmedia\/optimized\/200x200\/o212649v54_Batterie_Indicator.png 200w\" data-src=\"https:\/\/www.bosch-professional.com\/binary\/ocsmedia\/optimized\/100x100\/o212649v54_Batterie_Indicator.png\" \/><\/div>\n<div class=\"image-col bsTooltip\" title=\"\" data-content=\"Plage de r\u00e9ception 4,0\u00a0cm Plage de r\u00e9ception 4\u00a0cm\" data-original-title=\"\"><img decoding=\"async\" class=\"img-responsive lazyloaded alignleft\" src=\"https:\/\/www.bosch-professional.com\/binary\/ocsmedia\/optimized\/100x100\/o212650v54_Empfangsbereich_LR1_4cm.png\" alt=\"Plage de r\u00e9ception 4,0\u00a0cm Plage de r\u00e9ception 4\u00a0cm\" data-sizes=\"(max-width: 767px) 100px, (min-width: 768px) and (max-width: 991px) 100px, (-webkit-min-device-pixel-ratio: 2.0) and (min-width: 1000px) 200px, 100px\" data-srcset=\"https:\/\/www.bosch-professional.com\/binary\/ocsmedia\/optimized\/100x100\/o212650v54_Empfangsbereich_LR1_4cm.png 100w, https:\/\/www.bosch-professional.com\/binary\/ocsmedia\/optimized\/100x100\/o212650v54_Empfangsbereich_LR1_4cm.png 100w, https:\/\/www.bosch-professional.com\/binary\/ocsmedia\/optimized\/100x100\/o212650v54_Empfangsbereich_LR1_4cm.png 100w, https:\/\/www.bosch-professional.com\/binary\/ocsmedia\/optimized\/200x200\/o212650v54_Empfangsbereich_LR1_4cm.png 200w\" data-src=\"https:\/\/www.bosch-professional.com\/binary\/ocsmedia\/optimized\/100x100\/o212650v54_Empfangsbereich_LR1_4cm.png\" \/><\/div>\n<div class=\"image-col bsTooltip\" title=\"\" data-content=\"Sound Activation Alignement acoustique du plan du rayon laser\" data-original-title=\"\"><img decoding=\"async\" class=\"img-responsive lazyloaded alignleft\" src=\"https:\/\/www.bosch-professional.com\/binary\/ocsmedia\/optimized\/100x100\/o212651v54_Sound_activation.png\" alt=\"Sound Activation Alignement acoustique du plan du rayon laser\" data-sizes=\"(max-width: 767px) 100px, (min-width: 768px) and (max-width: 991px) 100px, (-webkit-min-device-pixel-ratio: 2.0) and (min-width: 1000px) 200px, 100px\" data-srcset=\"https:\/\/www.bosch-professional.com\/binary\/ocsmedia\/optimized\/100x100\/o212651v54_Sound_activation.png 100w, https:\/\/www.bosch-professional.com\/binary\/ocsmedia\/optimized\/100x100\/o212651v54_Sound_activation.png 100w, https:\/\/www.bosch-professional.com\/binary\/ocsmedia\/optimized\/100x100\/o212651v54_Sound_activation.png 100w, https:\/\/www.bosch-professional.com\/binary\/ocsmedia\/optimized\/200x200\/o212651v54_Sound_activation.png 200w\" data-src=\"https:\/\/www.bosch-professional.com\/binary\/ocsmedia\/optimized\/100x100\/o212651v54_Sound_activation.png\" \/><\/div>\n<div class=\"image-col bsTooltip\" title=\"\" data-content=\"Strong Magnets Aimants forts pour une meilleure fixation\" data-original-title=\"\"><img decoding=\"async\" class=\"img-responsive lazyloaded alignleft\" src=\"https:\/\/www.bosch-professional.com\/binary\/ocsmedia\/optimized\/100x100\/o212652v54_strong_magnets.png\" alt=\"Strong Magnets Aimants forts pour une meilleure fixation\" data-sizes=\"(max-width: 767px) 100px, (min-width: 768px) and (max-width: 991px) 100px, (-webkit-min-device-pixel-ratio: 2.0) and (min-width: 1000px) 200px, 100px\" data-srcset=\"https:\/\/www.bosch-professional.com\/binary\/ocsmedia\/optimized\/100x100\/o212652v54_strong_magnets.png 100w, https:\/\/www.bosch-professional.com\/binary\/ocsmedia\/optimized\/100x100\/o212652v54_strong_magnets.png 100w, https:\/\/www.bosch-professional.com\/binary\/ocsmedia\/optimized\/100x100\/o212652v54_strong_magnets.png 100w, https:\/\/www.bosch-professional.com\/binary\/ocsmedia\/optimized\/200x200\/o212652v54_strong_magnets.png 200w\" data-src=\"https:\/\/www.bosch-professional.com\/binary\/ocsmedia\/optimized\/100x100\/o212652v54_strong_magnets.png\" \/><\/div>\n<div class=\"image-col bsTooltip\" title=\"\" data-content=\"Two Sided Display Affichage \u00e0 l'avant et \u00e0 l'arri\u00e8re\" data-original-title=\"\" aria-describedby=\"popover949867\"><img decoding=\"async\" class=\"img-responsive lazyloaded alignleft\" src=\"https:\/\/www.bosch-professional.com\/binary\/ocsmedia\/optimized\/100x100\/o212653v54_Two_sided_display.png\" alt=\"Two Sided Display Affichage \u00e0 l'avant et \u00e0 l'arri\u00e8re\" data-sizes=\"(max-width: 767px) 100px, (min-width: 768px) and (max-width: 991px) 100px, (-webkit-min-device-pixel-ratio: 2.0) and (min-width: 1000px) 200px, 100px\" data-srcset=\"https:\/\/www.bosch-professional.com\/binary\/ocsmedia\/optimized\/100x100\/o212653v54_Two_sided_display.png 100w, https:\/\/www.bosch-professional.com\/binary\/ocsmedia\/optimized\/100x100\/o212653v54_Two_sided_display.png 100w, https:\/\/www.bosch-professional.com\/binary\/ocsmedia\/optimized\/100x100\/o212653v54_Two_sided_display.png 100w, https:\/\/www.bosch-professional.com\/binary\/ocsmedia\/optimized\/200x200\/o212653v54_Two_sided_display.png 200w\" data-src=\"https:\/\/www.bosch-professional.com\/binary\/ocsmedia\/optimized\/100x100\/o212653v54_Two_sided_display.png\" \/><\/div>\n<\/div>\n<\/div>\n<\/div>\n<\/section>\n","protected":false},"excerpt":{"rendered":"<h4 class=\"headline hl4\">Avec accessoires, support (1 608 M00 70F)<\/h4>\n<p><img decoding=\"async\" class=\"alignnone size-medium wp-image-7049\" src=\"https:\/\/lhchosting.com\/hosna\/wp-content\/uploads\/2020\/04\/BOSCH-CELLULE-DE-RECEPTION-200M-LR1-2-eurl-hosna-kamel-algerie-300x121.jpg\" alt=\"\" width=\"300\" height=\"121\" srcset=\"https:\/\/eurlhosnakamel.dz\/dz\/wp-content\/uploads\/2020\/04\/BOSCH-CELLULE-DE-RECEPTION-200M-LR1-2-eurl-hosna-kamel-algerie-300x121.jpg 300w, https:\/\/eurlhosnakamel.dz\/dz\/wp-content\/uploads\/2020\/04\/BOSCH-CELLULE-DE-RECEPTION-200M-LR1-2-eurl-hosna-kamel-algerie-500x202.jpg 500w, https:\/\/eurlhosnakamel.dz\/dz\/wp-content\/uploads\/2020\/04\/BOSCH-CELLULE-DE-RECEPTION-200M-LR1-2-eurl-hosna-kamel-algerie-370x150.jpg 370w, https:\/\/eurlhosnakamel.dz\/dz\/wp-content\/uploads\/2020\/04\/BOSCH-CELLULE-DE-RECEPTION-200M-LR1-2-eurl-hosna-kamel-algerie-200x81.jpg 200w, https:\/\/eurlhosnakamel.dz\/dz\/wp-content\/uploads\/2020\/04\/BOSCH-CELLULE-DE-RECEPTION-200M-LR1-2-eurl-hosna-kamel-algerie.jpg 563w\" sizes=\"(max-width: 300px) 100vw, 300px\" \/><\/p>\n","protected":false},"featured_media":7045,"template":"","meta":[],"product_cat":[457,405],"product_tag":[1415,2465],"class_list":{"0":"post-7043","1":"product","2":"type-product","3":"status-publish","4":"has-post-thumbnail","6":"product_cat-instruments-de-mesure","7":"product_cat-outillage","8":"product_tag-bosch-cellule-de-reception-200-m-lr-1","9":"product_tag-lr-1","10":"product_brand-bosch-outillage","12":"first","13":"instock","14":"shipping-taxable","15":"product-type-simple","16":"col-xs-6 col-sm-4","17":"col-md-3 col-lg-3","18":"un-4-cols"},"yoast_head":"<!-- This site is optimized with the Yoast SEO plugin v22.5 - https:\/\/yoast.com\/wordpress\/plugins\/seo\/ -->\n<title>Cellule de r\u00e9ception 200 m\u00e8tres pour GRL 300 LR 1 - EURL HOSNA KAMEL<\/title>\n<meta name=\"description\" content=\"Cellule de r\u00e9ception 200 m\u00e8tres pour GRL 300 LR 1 - EURL HOSNA KAMEL\" \/>\n<meta name=\"robots\" content=\"index, follow, max-snippet:-1, max-image-preview:large, max-video-preview:-1\" \/>\n<link rel=\"canonical\" href=\"https:\/\/eurlhosnakamel.dz\/dz\/produit\/bosch-cellule-de-reception-200-m-lr-1\/\" \/>\n<meta property=\"og:locale\" content=\"fr_FR\" \/>\n<meta property=\"og:type\" content=\"article\" \/>\n<meta property=\"og:title\" content=\"Cellule de r\u00e9ception 200 m\u00e8tres pour GRL 300 LR 1 - EURL HOSNA KAMEL\" \/>\n<meta property=\"og:description\" content=\"Cellule de r\u00e9ception 200 m\u00e8tres pour GRL 300 LR 1 - EURL HOSNA KAMEL\" \/>\n<meta property=\"og:url\" content=\"https:\/\/eurlhosnakamel.dz\/dz\/produit\/bosch-cellule-de-reception-200-m-lr-1\/\" \/>\n<meta property=\"og:site_name\" content=\"EURL HOSNA KAMEL\" \/>\n<meta property=\"article:publisher\" content=\"https:\/\/www.facebook.com\/Eurl.Hosna.DZ\/\" \/>\n<meta property=\"article:modified_time\" content=\"2021-12-19T09:01:53+00:00\" \/>\n<meta property=\"og:image\" content=\"https:\/\/eurlhosnakamel.dz\/dz\/wp-content\/uploads\/2020\/04\/BOSCH-CELLULE-DE-RECEPTION-200M-LR1-eurl-hosna-kamel-algerie.jpg\" \/>\n\t<meta property=\"og:image:width\" content=\"512\" \/>\n\t<meta property=\"og:image:height\" content=\"512\" \/>\n\t<meta property=\"og:image:type\" content=\"image\/jpeg\" \/>\n<meta name=\"twitter:card\" content=\"summary_large_image\" \/>\n<meta name=\"twitter:label1\" content=\"Dur\u00e9e de lecture estim\u00e9e\" \/>\n\t<meta name=\"twitter:data1\" content=\"1 minute\" \/>\n<script type=\"application\/ld+json\" class=\"yoast-schema-graph\">{\"@context\":\"https:\/\/schema.org\",\"@graph\":[{\"@type\":\"WebPage\",\"@id\":\"https:\/\/eurlhosnakamel.dz\/dz\/produit\/bosch-cellule-de-reception-200-m-lr-1\/\",\"url\":\"https:\/\/eurlhosnakamel.dz\/dz\/produit\/bosch-cellule-de-reception-200-m-lr-1\/\",\"name\":\"Cellule de r\u00e9ception 200 m\u00e8tres pour GRL 300 LR 1 - EURL HOSNA KAMEL\",\"isPartOf\":{\"@id\":\"https:\/\/eurlhosnakamel.dz\/dz\/#website\"},\"primaryImageOfPage\":{\"@id\":\"https:\/\/eurlhosnakamel.dz\/dz\/produit\/bosch-cellule-de-reception-200-m-lr-1\/#primaryimage\"},\"image\":{\"@id\":\"https:\/\/eurlhosnakamel.dz\/dz\/produit\/bosch-cellule-de-reception-200-m-lr-1\/#primaryimage\"},\"thumbnailUrl\":\"https:\/\/eurlhosnakamel.dz\/dz\/wp-content\/uploads\/2020\/04\/BOSCH-CELLULE-DE-RECEPTION-200M-LR1-eurl-hosna-kamel-algerie.jpg\",\"datePublished\":\"2020-04-21T10:07:51+00:00\",\"dateModified\":\"2021-12-19T09:01:53+00:00\",\"description\":\"Cellule de r\u00e9ception 200 m\u00e8tres pour GRL 300 LR 1 - EURL HOSNA KAMEL\",\"breadcrumb\":{\"@id\":\"https:\/\/eurlhosnakamel.dz\/dz\/produit\/bosch-cellule-de-reception-200-m-lr-1\/#breadcrumb\"},\"inLanguage\":\"fr-FR\",\"potentialAction\":[{\"@type\":\"ReadAction\",\"target\":[\"https:\/\/eurlhosnakamel.dz\/dz\/produit\/bosch-cellule-de-reception-200-m-lr-1\/\"]}]},{\"@type\":\"ImageObject\",\"inLanguage\":\"fr-FR\",\"@id\":\"https:\/\/eurlhosnakamel.dz\/dz\/produit\/bosch-cellule-de-reception-200-m-lr-1\/#primaryimage\",\"url\":\"https:\/\/eurlhosnakamel.dz\/dz\/wp-content\/uploads\/2020\/04\/BOSCH-CELLULE-DE-RECEPTION-200M-LR1-eurl-hosna-kamel-algerie.jpg\",\"contentUrl\":\"https:\/\/eurlhosnakamel.dz\/dz\/wp-content\/uploads\/2020\/04\/BOSCH-CELLULE-DE-RECEPTION-200M-LR1-eurl-hosna-kamel-algerie.jpg\",\"width\":512,\"height\":512},{\"@type\":\"BreadcrumbList\",\"@id\":\"https:\/\/eurlhosnakamel.dz\/dz\/produit\/bosch-cellule-de-reception-200-m-lr-1\/#breadcrumb\",\"itemListElement\":[{\"@type\":\"ListItem\",\"position\":1,\"name\":\"Accueil\",\"item\":\"https:\/\/eurlhosnakamel.dz\/dz\/\"},{\"@type\":\"ListItem\",\"position\":2,\"name\":\"Shop\",\"item\":\"https:\/\/eurlhosnakamel.dz\/dz\/shop\/\"},{\"@type\":\"ListItem\",\"position\":3,\"name\":\"Cellule de r\u00e9ception 200 m\u00e8tres pour GRL 300 LR 1\"}]},{\"@type\":\"WebSite\",\"@id\":\"https:\/\/eurlhosnakamel.dz\/dz\/#website\",\"url\":\"https:\/\/eurlhosnakamel.dz\/dz\/\",\"name\":\"EURL HOSNA KAMEL\",\"description\":\"Fournisseur Premium d&#039;Outillages Professionnels en Alg\u00e9rie -\",\"publisher\":{\"@id\":\"https:\/\/eurlhosnakamel.dz\/dz\/#organization\"},\"potentialAction\":[{\"@type\":\"SearchAction\",\"target\":{\"@type\":\"EntryPoint\",\"urlTemplate\":\"https:\/\/eurlhosnakamel.dz\/dz\/?s={search_term_string}\"},\"query-input\":\"required name=search_term_string\"}],\"inLanguage\":\"fr-FR\"},{\"@type\":\"Organization\",\"@id\":\"https:\/\/eurlhosnakamel.dz\/dz\/#organization\",\"name\":\"EURL HOSNA KAMEL - Bosch alg\u00e9rie\",\"url\":\"https:\/\/eurlhosnakamel.dz\/dz\/\",\"logo\":{\"@type\":\"ImageObject\",\"inLanguage\":\"fr-FR\",\"@id\":\"https:\/\/eurlhosnakamel.dz\/dz\/#\/schema\/logo\/image\/\",\"url\":\"https:\/\/eurlhosnakamel.dz\/wp-content\/uploads\/2020\/04\/LOGO-HOSNA1.png\",\"contentUrl\":\"https:\/\/eurlhosnakamel.dz\/wp-content\/uploads\/2020\/04\/LOGO-HOSNA1.png\",\"width\":120,\"height\":127,\"caption\":\"EURL HOSNA KAMEL - Bosch alg\u00e9rie\"},\"image\":{\"@id\":\"https:\/\/eurlhosnakamel.dz\/dz\/#\/schema\/logo\/image\/\"},\"sameAs\":[\"https:\/\/www.facebook.com\/Eurl.Hosna.DZ\/\"]}]}<\/script>\n<!-- \/ Yoast SEO plugin. -->","yoast_head_json":{"title":"Cellule de r\u00e9ception 200 m\u00e8tres pour GRL 300 LR 1 - EURL HOSNA KAMEL","description":"Cellule de r\u00e9ception 200 m\u00e8tres pour GRL 300 LR 1 - EURL HOSNA KAMEL","robots":{"index":"index","follow":"follow","max-snippet":"max-snippet:-1","max-image-preview":"max-image-preview:large","max-video-preview":"max-video-preview:-1"},"canonical":"https:\/\/eurlhosnakamel.dz\/dz\/produit\/bosch-cellule-de-reception-200-m-lr-1\/","og_locale":"fr_FR","og_type":"article","og_title":"Cellule de r\u00e9ception 200 m\u00e8tres pour GRL 300 LR 1 - EURL HOSNA KAMEL","og_description":"Cellule de r\u00e9ception 200 m\u00e8tres pour GRL 300 LR 1 - EURL HOSNA KAMEL","og_url":"https:\/\/eurlhosnakamel.dz\/dz\/produit\/bosch-cellule-de-reception-200-m-lr-1\/","og_site_name":"EURL HOSNA KAMEL","article_publisher":"https:\/\/www.facebook.com\/Eurl.Hosna.DZ\/","article_modified_time":"2021-12-19T09:01:53+00:00","og_image":[{"width":512,"height":512,"url":"https:\/\/eurlhosnakamel.dz\/dz\/wp-content\/uploads\/2020\/04\/BOSCH-CELLULE-DE-RECEPTION-200M-LR1-eurl-hosna-kamel-algerie.jpg","type":"image\/jpeg"}],"twitter_card":"summary_large_image","twitter_misc":{"Dur\u00e9e de lecture estim\u00e9e":"1 minute"},"schema":{"@context":"https:\/\/schema.org","@graph":[{"@type":"WebPage","@id":"https:\/\/eurlhosnakamel.dz\/dz\/produit\/bosch-cellule-de-reception-200-m-lr-1\/","url":"https:\/\/eurlhosnakamel.dz\/dz\/produit\/bosch-cellule-de-reception-200-m-lr-1\/","name":"Cellule de r\u00e9ception 200 m\u00e8tres pour GRL 300 LR 1 - EURL HOSNA KAMEL","isPartOf":{"@id":"https:\/\/eurlhosnakamel.dz\/dz\/#website"},"primaryImageOfPage":{"@id":"https:\/\/eurlhosnakamel.dz\/dz\/produit\/bosch-cellule-de-reception-200-m-lr-1\/#primaryimage"},"image":{"@id":"https:\/\/eurlhosnakamel.dz\/dz\/produit\/bosch-cellule-de-reception-200-m-lr-1\/#primaryimage"},"thumbnailUrl":"https:\/\/eurlhosnakamel.dz\/dz\/wp-content\/uploads\/2020\/04\/BOSCH-CELLULE-DE-RECEPTION-200M-LR1-eurl-hosna-kamel-algerie.jpg","datePublished":"2020-04-21T10:07:51+00:00","dateModified":"2021-12-19T09:01:53+00:00","description":"Cellule de r\u00e9ception 200 m\u00e8tres pour GRL 300 LR 1 - EURL HOSNA KAMEL","breadcrumb":{"@id":"https:\/\/eurlhosnakamel.dz\/dz\/produit\/bosch-cellule-de-reception-200-m-lr-1\/#breadcrumb"},"inLanguage":"fr-FR","potentialAction":[{"@type":"ReadAction","target":["https:\/\/eurlhosnakamel.dz\/dz\/produit\/bosch-cellule-de-reception-200-m-lr-1\/"]}]},{"@type":"ImageObject","inLanguage":"fr-FR","@id":"https:\/\/eurlhosnakamel.dz\/dz\/produit\/bosch-cellule-de-reception-200-m-lr-1\/#primaryimage","url":"https:\/\/eurlhosnakamel.dz\/dz\/wp-content\/uploads\/2020\/04\/BOSCH-CELLULE-DE-RECEPTION-200M-LR1-eurl-hosna-kamel-algerie.jpg","contentUrl":"https:\/\/eurlhosnakamel.dz\/dz\/wp-content\/uploads\/2020\/04\/BOSCH-CELLULE-DE-RECEPTION-200M-LR1-eurl-hosna-kamel-algerie.jpg","width":512,"height":512},{"@type":"BreadcrumbList","@id":"https:\/\/eurlhosnakamel.dz\/dz\/produit\/bosch-cellule-de-reception-200-m-lr-1\/#breadcrumb","itemListElement":[{"@type":"ListItem","position":1,"name":"Accueil","item":"https:\/\/eurlhosnakamel.dz\/dz\/"},{"@type":"ListItem","position":2,"name":"Shop","item":"https:\/\/eurlhosnakamel.dz\/dz\/shop\/"},{"@type":"ListItem","position":3,"name":"Cellule de r\u00e9ception 200 m\u00e8tres pour GRL 300 LR 1"}]},{"@type":"WebSite","@id":"https:\/\/eurlhosnakamel.dz\/dz\/#website","url":"https:\/\/eurlhosnakamel.dz\/dz\/","name":"EURL HOSNA KAMEL","description":"Fournisseur Premium d&#039;Outillages Professionnels en Alg\u00e9rie -","publisher":{"@id":"https:\/\/eurlhosnakamel.dz\/dz\/#organization"},"potentialAction":[{"@type":"SearchAction","target":{"@type":"EntryPoint","urlTemplate":"https:\/\/eurlhosnakamel.dz\/dz\/?s={search_term_string}"},"query-input":"required name=search_term_string"}],"inLanguage":"fr-FR"},{"@type":"Organization","@id":"https:\/\/eurlhosnakamel.dz\/dz\/#organization","name":"EURL HOSNA KAMEL - Bosch alg\u00e9rie","url":"https:\/\/eurlhosnakamel.dz\/dz\/","logo":{"@type":"ImageObject","inLanguage":"fr-FR","@id":"https:\/\/eurlhosnakamel.dz\/dz\/#\/schema\/logo\/image\/","url":"https:\/\/eurlhosnakamel.dz\/wp-content\/uploads\/2020\/04\/LOGO-HOSNA1.png","contentUrl":"https:\/\/eurlhosnakamel.dz\/wp-content\/uploads\/2020\/04\/LOGO-HOSNA1.png","width":120,"height":127,"caption":"EURL HOSNA KAMEL - Bosch alg\u00e9rie"},"image":{"@id":"https:\/\/eurlhosnakamel.dz\/dz\/#\/schema\/logo\/image\/"},"sameAs":["https:\/\/www.facebook.com\/Eurl.Hosna.DZ\/"]}]}},"_links":{"self":[{"href":"https:\/\/eurlhosnakamel.dz\/dz\/wp-json\/wp\/v2\/product\/7043","targetHints":{"allow":["GET"]}}],"collection":[{"href":"https:\/\/eurlhosnakamel.dz\/dz\/wp-json\/wp\/v2\/product"}],"about":[{"href":"https:\/\/eurlhosnakamel.dz\/dz\/wp-json\/wp\/v2\/types\/product"}],"wp:featuredmedia":[{"embeddable":true,"href":"https:\/\/eurlhosnakamel.dz\/dz\/wp-json\/wp\/v2\/media\/7045"}],"wp:attachment":[{"href":"https:\/\/eurlhosnakamel.dz\/dz\/wp-json\/wp\/v2\/media?parent=7043"}],"wp:term":[{"taxonomy":"product_cat","embeddable":true,"href":"https:\/\/eurlhosnakamel.dz\/dz\/wp-json\/wp\/v2\/product_cat?post=7043"},{"taxonomy":"product_tag","embeddable":true,"href":"https:\/\/eurlhosnakamel.dz\/dz\/wp-json\/wp\/v2\/product_tag?post=7043"}],"curies":[{"name":"wp","href":"https:\/\/api.w.org\/{rel}","templated":true}]}}