{"id":7069,"date":"2020-04-21T10:21:35","date_gmt":"2020-04-21T10:21:35","guid":{"rendered":"https:\/\/lhchosting.com\/hosna\/?post_type=product&#038;p=7069"},"modified":"2021-12-19T09:01:42","modified_gmt":"2021-12-19T09:01:42","slug":"bosch-laser-de-sol-gsl-2-premum","status":"publish","type":"product","link":"https:\/\/eurlhosnakamel.dz\/dz\/produit\/bosch-laser-de-sol-gsl-2-premum\/","title":{"rendered":"Laser de sol premium GSL 2"},"content":{"rendered":"<section id=\"technicaldata\" class=\"o-technical_details-a trackingModule\" data-track_moduletype=\"O09a_technical_data\">\n<div class=\"container\">\n<div class=\"row\">\n<div class=\"col-xs-12\">\n<h4 class=\"headline hl1\">Caract\u00e9ristiques techniques<\/h4>\n<\/div>\n<\/div>\n<div class=\"row\">\n<div class=\"col-lg-8 col-xs-12\">\n<table class=\"table\">\n<colgroup>\n<col class=\"col-xs-5\" \/>\n<col class=\"col-xs-3\" \/><\/colgroup>\n<thead>\n<tr>\n<th class=\"headline hl4\" colspan=\"2\"><strong>Donn\u00e9es suppl\u00e9mentaires<\/strong><\/th>\n<\/tr>\n<\/thead>\n<tbody>\n<tr>\n<td>Port\u00e9e*<\/td>\n<td>10\u00a0m<\/td>\n<\/tr>\n<tr>\n<td>Pr\u00e9cision*<\/td>\n<td>\u00b1 0,3 mm sur 1 m<\/td>\n<\/tr>\n<tr>\n<td>Diode laser<\/td>\n<td>635 nm, &lt; 5 mW<\/td>\n<\/tr>\n<tr>\n<td>Temp\u00e9rature de service, de<\/td>\n<td>-10<\/td>\n<\/tr>\n<tr>\n<td>Temp\u00e9rature de service, jusqu\u2019\u00e0<\/td>\n<td>50<\/td>\n<\/tr>\n<tr>\n<td>Temp\u00e9rature de service<\/td>\n<td>-10 \u2013 50\u00a0\u00b0C<\/td>\n<\/tr>\n<tr>\n<td>Temp\u00e9rature de stockage, de<\/td>\n<td>-20<\/td>\n<\/tr>\n<tr>\n<td>Temp\u00e9rature de stockage, jusqu\u2019\u00e0<\/td>\n<td>70<\/td>\n<\/tr>\n<tr>\n<td>Temp\u00e9rature de stockage<\/td>\n<td>-20 \u2013 70\u00a0\u00b0C<\/td>\n<\/tr>\n<tr>\n<td>Classe laser<\/td>\n<td>3R<\/td>\n<\/tr>\n<tr>\n<td>Port\u00e9e sans cellule de r\u00e9ception, valeur<\/td>\n<td>10<\/td>\n<\/tr>\n<tr>\n<td>Port\u00e9e sans cellule de r\u00e9ception<\/td>\n<td>10 m<\/td>\n<\/tr>\n<tr>\n<td>Port\u00e9e avec cible<\/td>\n<td>20<\/td>\n<\/tr>\n<tr>\n<td>Plage de nivellement automatique*<\/td>\n<td>\u00b1 4\u00b0<\/td>\n<\/tr>\n<tr>\n<td>Temps de nivellement<\/td>\n<td>5<\/td>\n<\/tr>\n<tr>\n<td>\u00c9tanch\u00e9it\u00e9 \u00e0 l\u2019eau et \u00e0 la poussi\u00e8re<\/td>\n<td>IP 54<\/td>\n<\/tr>\n<tr>\n<td>Alimentation<\/td>\n<td>Batterie 10,8 V-LI ION<\/td>\n<\/tr>\n<tr>\n<td>Autonomie, max.<\/td>\n<td>15 h<\/td>\n<\/tr>\n<tr>\n<td>Poids env.<\/td>\n<td>2<\/td>\n<\/tr>\n<tr>\n<td>Projection<\/td>\n<td>2 lignes<\/td>\n<\/tr>\n<\/tbody>\n<\/table>\n<p>* Donn\u00e9es mises en surbrillance<\/p>\n<\/div>\n<div class=\"col-lg-4 col-xs-12\">\n<div class=\"o-technical_details-a__imagewrapper\"><picture><source srcset=\"https:\/\/www.bosch-professional.com\/binary\/ocsmedia\/optimized\/767x767\/o105700v16_GSL_2.webp\" type=\"image\/webp\" \/><img decoding=\"async\" class=\"img-responsive ls-is-cached lazyloaded alignleft\" src=\"https:\/\/www.bosch-professional.com\/binary\/ocsmedia\/optimized\/767x767\/o105700v16_GSL_2.jpg\" alt=\"\" \/><\/picture><\/div>\n<\/div>\n<\/div>\n<\/div>\n<\/section>\n<section id=\"highlights\" class=\"m-product_hightlights trackingModule\" data-track_moduletype=\"M49_product_highlights\">\n<div class=\"container\">\n<h4 class=\"headline hl1\">Avantages<\/h4>\n<div class=\"row\">\n<div class=\"col-md-6\">\n<div class=\"m-product_hightlights__content-wrapper\">\n<h4 class=\"headline hl4\">Laser de sol pour contr\u00f4ler la plan\u00e9it\u00e9<\/h4>\n<ul class=\"m-product_hightlights__list\">\n<li>Plus de s\u00e9curit\u00e9 gr\u00e2ce \u00e0 la recherche des d\u00e9fauts de plan\u00e9it\u00e9 sur toute la surface<\/li>\n<li>Indique les d\u00e9fauts de plan\u00e9it\u00e9 de mani\u00e8re simple et pr\u00e9cise : une ligne = sol plat, deux lignes = d\u00e9faut de plan\u00e9it\u00e9<\/li>\n<li>Confort de travail gr\u00e2ce \u00e0 la rotation automatique par t\u00e9l\u00e9commande<\/li>\n<\/ul>\n<\/div>\n<\/div>\n<div class=\"col-md-6\">\n<h4 class=\"headline hl4\">Fonctions<\/h4>\n<div class=\"image-row bsTooltip__wrapper\">\n<div class=\"image-col bsTooltip\" title=\"\" data-content=\"Pas d\u2019autod\u00e9charge, pas d\u2019effet m\u00e9moire et un grand rendement \u00e9nerg\u00e9tique gr\u00e2ce \u00e0 la technologie Lithium-Ion\" data-original-title=\"\"><img decoding=\"async\" class=\"img-responsive lazyloaded alignleft\" src=\"https:\/\/www.bosch-professional.com\/binary\/ocsmedia\/optimized\/100x100\/o7427v54_Bosch_BI_Icon_LI-Ion.png\" sizes=\"(max-width: 767px) 100px, (min-width: 768px) and (max-width: 991px) 100px, (-webkit-min-device-pixel-ratio: 2.0) and (min-width: 1000px) 200px, 100px\" srcset=\"https:\/\/www.bosch-professional.com\/binary\/ocsmedia\/optimized\/100x100\/o7427v54_Bosch_BI_Icon_LI-Ion.png 100w, https:\/\/www.bosch-professional.com\/binary\/ocsmedia\/optimized\/100x100\/o7427v54_Bosch_BI_Icon_LI-Ion.png 100w, https:\/\/www.bosch-professional.com\/binary\/ocsmedia\/optimized\/100x100\/o7427v54_Bosch_BI_Icon_LI-Ion.png 100w, https:\/\/www.bosch-professional.com\/binary\/ocsmedia\/optimized\/200x200\/o7427v54_Bosch_BI_Icon_LI-Ion.png 200w\" alt=\"Pas d\u2019autod\u00e9charge, pas d\u2019effet m\u00e9moire et un grand rendement \u00e9nerg\u00e9tique gr\u00e2ce \u00e0 la technologie Lithium-Ion\" data-sizes=\"(max-width: 767px) 100px, (min-width: 768px) and (max-width: 991px) 100px, (-webkit-min-device-pixel-ratio: 2.0) and (min-width: 1000px) 200px, 100px\" data-srcset=\"https:\/\/www.bosch-professional.com\/binary\/ocsmedia\/optimized\/100x100\/o7427v54_Bosch_BI_Icon_LI-Ion.png 100w, https:\/\/www.bosch-professional.com\/binary\/ocsmedia\/optimized\/100x100\/o7427v54_Bosch_BI_Icon_LI-Ion.png 100w, https:\/\/www.bosch-professional.com\/binary\/ocsmedia\/optimized\/100x100\/o7427v54_Bosch_BI_Icon_LI-Ion.png 100w, https:\/\/www.bosch-professional.com\/binary\/ocsmedia\/optimized\/200x200\/o7427v54_Bosch_BI_Icon_LI-Ion.png 200w\" data-src=\"https:\/\/www.bosch-professional.com\/binary\/ocsmedia\/optimized\/100x100\/o7427v54_Bosch_BI_Icon_LI-Ion.png\" \/><\/div>\n<div class=\"image-col bsTooltip\" title=\"\" data-content=\"Cat\u00e9gorie de laser 3 Cat\u00e9gorie de laser (instruments de mesure).\" data-original-title=\"\"><img decoding=\"async\" class=\"img-responsive lazyloaded alignleft\" src=\"https:\/\/www.bosch-professional.com\/binary\/ocsmedia\/optimized\/100x100\/o109993v54_Laserklasse3R-Picto-ohne-Auge.png\" sizes=\"(max-width: 767px) 100px, (min-width: 768px) and (max-width: 991px) 100px, (-webkit-min-device-pixel-ratio: 2.0) and (min-width: 1000px) 200px, 100px\" srcset=\"https:\/\/www.bosch-professional.com\/binary\/ocsmedia\/optimized\/100x100\/o109993v54_Laserklasse3R-Picto-ohne-Auge.png 100w, https:\/\/www.bosch-professional.com\/binary\/ocsmedia\/optimized\/100x100\/o109993v54_Laserklasse3R-Picto-ohne-Auge.png 100w, https:\/\/www.bosch-professional.com\/binary\/ocsmedia\/optimized\/100x100\/o109993v54_Laserklasse3R-Picto-ohne-Auge.png 100w, https:\/\/www.bosch-professional.com\/binary\/ocsmedia\/optimized\/200x200\/o109993v54_Laserklasse3R-Picto-ohne-Auge.png 200w\" alt=\"Cat\u00e9gorie de laser 3 Cat\u00e9gorie de laser (instruments de mesure).\" data-sizes=\"(max-width: 767px) 100px, (min-width: 768px) and (max-width: 991px) 100px, (-webkit-min-device-pixel-ratio: 2.0) and (min-width: 1000px) 200px, 100px\" data-srcset=\"https:\/\/www.bosch-professional.com\/binary\/ocsmedia\/optimized\/100x100\/o109993v54_Laserklasse3R-Picto-ohne-Auge.png 100w, https:\/\/www.bosch-professional.com\/binary\/ocsmedia\/optimized\/100x100\/o109993v54_Laserklasse3R-Picto-ohne-Auge.png 100w, https:\/\/www.bosch-professional.com\/binary\/ocsmedia\/optimized\/100x100\/o109993v54_Laserklasse3R-Picto-ohne-Auge.png 100w, https:\/\/www.bosch-professional.com\/binary\/ocsmedia\/optimized\/200x200\/o109993v54_Laserklasse3R-Picto-ohne-Auge.png 200w\" data-src=\"https:\/\/www.bosch-professional.com\/binary\/ocsmedia\/optimized\/100x100\/o109993v54_Laserklasse3R-Picto-ohne-Auge.png\" \/><\/div>\n<\/div>\n<\/div>\n<\/div>\n<\/div>\n<\/section>\n<section id=\"pricescope\" class=\"o-product_variations-a trackingModule\" data-track_moduletype=\"O16a_product_variations\">\n<div class=\"o-product_variations-a__container container\">\n<div class=\"o-product_variations-a__row row\">\n<div class=\"m-detail_stage\">\n<div class=\"m-detail_stage__headline col-xs-12\">\n<h4><\/h4>\n<h4><\/h4>\n<h4><\/h4>\n<h4 class=\"headline hl1\">Ce qui est inclus dans ce paquet<\/h4>\n<\/div>\n<div class=\"m-detail_stage__image col-sm-5\"><picture><source srcset=\"https:\/\/www.bosch-professional.com\/binary\/ocsmedia\/optimized\/530x530\/o96225v54_P_A_GSL2_Dynamik_V01.webp\" type=\"image\/webp\" \/><img decoding=\"async\" class=\"img-responsive alignleft\" src=\"https:\/\/www.bosch-professional.com\/binary\/ocsmedia\/optimized\/530x530\/o96225v54_P_A_GSL2_Dynamik_V01.png\" alt=\"avec 3 piles (AAA), assortiment d\u2019accessoires\" \/><\/picture><\/div>\n<\/div>\n<div class=\"m-conversion_area\">\n<div class=\"m-conversion_area__col\">\n<div class=\"m-conversion_area__information\">\n<div class=\"m-conversion_area__headline m-conversion_area__headline--hl3\">\n<div class=\"headline hl3\">avec 3 piles (AAA), assortiment d\u2019accessoires<\/div>\n<\/div>\n<div class=\"m-conversion_area__headline m-conversion_area__headline--hl5\">\n<div class=\"headline hl5\">R\u00e9f\u00e9rence:\u00a0<span class=\"a-ordernumber\">0\u00a0601\u00a0064\u00a0071<\/span><\/div>\n<\/div>\n<ul class=\"m-conversion_area__ul\">\n<li class=\"m-conversion_area__li\">T\u00e9l\u00e9commande RC2 Professional<span class=\"a-ordernumber grey-text grey-text\">0\u00a0601\u00a0069\u00a0C00<\/span><\/li>\n<li class=\"m-conversion_area__li\">Lunettes de vision du faisceau laser (rouges) (r\u00e9f. pi\u00e8ce de rechange 1 608 M00 05B)<\/li>\n<li class=\"m-conversion_area__li\">Platine de mesure laser<\/li>\n<li class=\"m-conversion_area__li\">Calage L-BOXX pour outil<\/li>\n<li class=\"m-conversion_area__li\">Chargeur rapide AL 1115 CV<span class=\"a-ordernumber grey-text grey-text\">2\u00a0607\u00a0225\u00a0514<\/span><\/li>\n<li class=\"m-conversion_area__li\">3 piles 1,5 V LR03 (AAA)<\/li>\n<li class=\"m-conversion_area__li\">1 batterie GBA 12V 1.5Ah<span class=\"a-ordernumber grey-text grey-text\">1\u00a0600\u00a0Z00\u00a002W<\/span><\/li>\n<\/ul>\n<\/div>\n<\/div>\n<\/div>\n<\/div>\n<\/div>\n<\/section>\n","protected":false},"excerpt":{"rendered":"<h4><strong>Laser de sol pour contr\u00f4ler la plan\u00e9it\u00e9<\/strong><\/h4>\n<p><img decoding=\"async\" class=\"alignnone size-full wp-image-7079\" src=\"https:\/\/lhchosting.com\/hosna\/wp-content\/uploads\/2020\/04\/BOSCH-LASER-DE-SOL-GSL2-PREMUM-2-eurl-hosna-kamel-algerie.jpg\" alt=\"\" width=\"239\" height=\"125\" srcset=\"https:\/\/eurlhosnakamel.dz\/dz\/wp-content\/uploads\/2020\/04\/BOSCH-LASER-DE-SOL-GSL2-PREMUM-2-eurl-hosna-kamel-algerie.jpg 239w, https:\/\/eurlhosnakamel.dz\/dz\/wp-content\/uploads\/2020\/04\/BOSCH-LASER-DE-SOL-GSL2-PREMUM-2-eurl-hosna-kamel-algerie-200x105.jpg 200w\" sizes=\"(max-width: 239px) 100vw, 239px\" \/><\/p>\n","protected":false},"featured_media":7073,"template":"","meta":[],"product_cat":[457,405],"product_tag":[1421,2466],"class_list":{"0":"post-7069","1":"product","2":"type-product","3":"status-publish","4":"has-post-thumbnail","6":"product_cat-instruments-de-mesure","7":"product_cat-outillage","8":"product_tag-bosch-laser-de-sol-gsl-2-premum","9":"product_tag-gsl-2","10":"product_brand-bosch-outillage","12":"first","13":"instock","14":"shipping-taxable","15":"product-type-simple","16":"col-xs-6 col-sm-4","17":"col-md-3 col-lg-3","18":"un-4-cols"},"yoast_head":"<!-- This site is optimized with the Yoast SEO plugin v22.5 - https:\/\/yoast.com\/wordpress\/plugins\/seo\/ -->\n<title>Laser de sol premium GSL 2 - EURL HOSNA KAMEL<\/title>\n<meta name=\"description\" content=\"Laser de sol premium GSL 2 - EURL HOSNA KAMEL\" \/>\n<meta name=\"robots\" content=\"index, follow, max-snippet:-1, max-image-preview:large, max-video-preview:-1\" \/>\n<link rel=\"canonical\" href=\"https:\/\/eurlhosnakamel.dz\/dz\/produit\/bosch-laser-de-sol-gsl-2-premum\/\" \/>\n<meta property=\"og:locale\" content=\"fr_FR\" \/>\n<meta property=\"og:type\" content=\"article\" \/>\n<meta property=\"og:title\" content=\"Laser de sol premium GSL 2 - EURL HOSNA KAMEL\" \/>\n<meta property=\"og:description\" content=\"Laser de sol premium GSL 2 - EURL HOSNA KAMEL\" \/>\n<meta property=\"og:url\" content=\"https:\/\/eurlhosnakamel.dz\/dz\/produit\/bosch-laser-de-sol-gsl-2-premum\/\" \/>\n<meta property=\"og:site_name\" content=\"EURL HOSNA KAMEL\" \/>\n<meta property=\"article:publisher\" content=\"https:\/\/www.facebook.com\/Eurl.Hosna.DZ\/\" \/>\n<meta property=\"article:modified_time\" content=\"2021-12-19T09:01:42+00:00\" \/>\n<meta property=\"og:image\" content=\"https:\/\/eurlhosnakamel.dz\/dz\/wp-content\/uploads\/2020\/04\/BOSCH-LASER-DE-SOL-GSL2-PREMUM-eurl-hosna-kamel-algerie.jpg\" \/>\n\t<meta property=\"og:image:width\" content=\"512\" \/>\n\t<meta property=\"og:image:height\" content=\"512\" \/>\n\t<meta property=\"og:image:type\" content=\"image\/jpeg\" \/>\n<meta name=\"twitter:card\" content=\"summary_large_image\" \/>\n<meta name=\"twitter:label1\" content=\"Dur\u00e9e de lecture estim\u00e9e\" \/>\n\t<meta name=\"twitter:data1\" content=\"1 minute\" \/>\n<script type=\"application\/ld+json\" class=\"yoast-schema-graph\">{\"@context\":\"https:\/\/schema.org\",\"@graph\":[{\"@type\":\"WebPage\",\"@id\":\"https:\/\/eurlhosnakamel.dz\/dz\/produit\/bosch-laser-de-sol-gsl-2-premum\/\",\"url\":\"https:\/\/eurlhosnakamel.dz\/dz\/produit\/bosch-laser-de-sol-gsl-2-premum\/\",\"name\":\"Laser de sol premium GSL 2 - EURL HOSNA KAMEL\",\"isPartOf\":{\"@id\":\"https:\/\/eurlhosnakamel.dz\/dz\/#website\"},\"primaryImageOfPage\":{\"@id\":\"https:\/\/eurlhosnakamel.dz\/dz\/produit\/bosch-laser-de-sol-gsl-2-premum\/#primaryimage\"},\"image\":{\"@id\":\"https:\/\/eurlhosnakamel.dz\/dz\/produit\/bosch-laser-de-sol-gsl-2-premum\/#primaryimage\"},\"thumbnailUrl\":\"https:\/\/eurlhosnakamel.dz\/dz\/wp-content\/uploads\/2020\/04\/BOSCH-LASER-DE-SOL-GSL2-PREMUM-eurl-hosna-kamel-algerie.jpg\",\"datePublished\":\"2020-04-21T10:21:35+00:00\",\"dateModified\":\"2021-12-19T09:01:42+00:00\",\"description\":\"Laser de sol premium GSL 2 - EURL HOSNA KAMEL\",\"breadcrumb\":{\"@id\":\"https:\/\/eurlhosnakamel.dz\/dz\/produit\/bosch-laser-de-sol-gsl-2-premum\/#breadcrumb\"},\"inLanguage\":\"fr-FR\",\"potentialAction\":[{\"@type\":\"ReadAction\",\"target\":[\"https:\/\/eurlhosnakamel.dz\/dz\/produit\/bosch-laser-de-sol-gsl-2-premum\/\"]}]},{\"@type\":\"ImageObject\",\"inLanguage\":\"fr-FR\",\"@id\":\"https:\/\/eurlhosnakamel.dz\/dz\/produit\/bosch-laser-de-sol-gsl-2-premum\/#primaryimage\",\"url\":\"https:\/\/eurlhosnakamel.dz\/dz\/wp-content\/uploads\/2020\/04\/BOSCH-LASER-DE-SOL-GSL2-PREMUM-eurl-hosna-kamel-algerie.jpg\",\"contentUrl\":\"https:\/\/eurlhosnakamel.dz\/dz\/wp-content\/uploads\/2020\/04\/BOSCH-LASER-DE-SOL-GSL2-PREMUM-eurl-hosna-kamel-algerie.jpg\",\"width\":512,\"height\":512},{\"@type\":\"BreadcrumbList\",\"@id\":\"https:\/\/eurlhosnakamel.dz\/dz\/produit\/bosch-laser-de-sol-gsl-2-premum\/#breadcrumb\",\"itemListElement\":[{\"@type\":\"ListItem\",\"position\":1,\"name\":\"Accueil\",\"item\":\"https:\/\/eurlhosnakamel.dz\/dz\/\"},{\"@type\":\"ListItem\",\"position\":2,\"name\":\"Shop\",\"item\":\"https:\/\/eurlhosnakamel.dz\/dz\/shop\/\"},{\"@type\":\"ListItem\",\"position\":3,\"name\":\"Laser de sol premium GSL 2\"}]},{\"@type\":\"WebSite\",\"@id\":\"https:\/\/eurlhosnakamel.dz\/dz\/#website\",\"url\":\"https:\/\/eurlhosnakamel.dz\/dz\/\",\"name\":\"EURL HOSNA KAMEL\",\"description\":\"Fournisseur Premium d&#039;Outillages Professionnels en Alg\u00e9rie -\",\"publisher\":{\"@id\":\"https:\/\/eurlhosnakamel.dz\/dz\/#organization\"},\"potentialAction\":[{\"@type\":\"SearchAction\",\"target\":{\"@type\":\"EntryPoint\",\"urlTemplate\":\"https:\/\/eurlhosnakamel.dz\/dz\/?s={search_term_string}\"},\"query-input\":\"required name=search_term_string\"}],\"inLanguage\":\"fr-FR\"},{\"@type\":\"Organization\",\"@id\":\"https:\/\/eurlhosnakamel.dz\/dz\/#organization\",\"name\":\"EURL HOSNA KAMEL - Bosch alg\u00e9rie\",\"url\":\"https:\/\/eurlhosnakamel.dz\/dz\/\",\"logo\":{\"@type\":\"ImageObject\",\"inLanguage\":\"fr-FR\",\"@id\":\"https:\/\/eurlhosnakamel.dz\/dz\/#\/schema\/logo\/image\/\",\"url\":\"https:\/\/eurlhosnakamel.dz\/wp-content\/uploads\/2020\/04\/LOGO-HOSNA1.png\",\"contentUrl\":\"https:\/\/eurlhosnakamel.dz\/wp-content\/uploads\/2020\/04\/LOGO-HOSNA1.png\",\"width\":120,\"height\":127,\"caption\":\"EURL HOSNA KAMEL - Bosch alg\u00e9rie\"},\"image\":{\"@id\":\"https:\/\/eurlhosnakamel.dz\/dz\/#\/schema\/logo\/image\/\"},\"sameAs\":[\"https:\/\/www.facebook.com\/Eurl.Hosna.DZ\/\"]}]}<\/script>\n<!-- \/ Yoast SEO plugin. -->","yoast_head_json":{"title":"Laser de sol premium GSL 2 - EURL HOSNA KAMEL","description":"Laser de sol premium GSL 2 - EURL HOSNA KAMEL","robots":{"index":"index","follow":"follow","max-snippet":"max-snippet:-1","max-image-preview":"max-image-preview:large","max-video-preview":"max-video-preview:-1"},"canonical":"https:\/\/eurlhosnakamel.dz\/dz\/produit\/bosch-laser-de-sol-gsl-2-premum\/","og_locale":"fr_FR","og_type":"article","og_title":"Laser de sol premium GSL 2 - EURL HOSNA KAMEL","og_description":"Laser de sol premium GSL 2 - EURL HOSNA KAMEL","og_url":"https:\/\/eurlhosnakamel.dz\/dz\/produit\/bosch-laser-de-sol-gsl-2-premum\/","og_site_name":"EURL HOSNA KAMEL","article_publisher":"https:\/\/www.facebook.com\/Eurl.Hosna.DZ\/","article_modified_time":"2021-12-19T09:01:42+00:00","og_image":[{"width":512,"height":512,"url":"https:\/\/eurlhosnakamel.dz\/dz\/wp-content\/uploads\/2020\/04\/BOSCH-LASER-DE-SOL-GSL2-PREMUM-eurl-hosna-kamel-algerie.jpg","type":"image\/jpeg"}],"twitter_card":"summary_large_image","twitter_misc":{"Dur\u00e9e de lecture estim\u00e9e":"1 minute"},"schema":{"@context":"https:\/\/schema.org","@graph":[{"@type":"WebPage","@id":"https:\/\/eurlhosnakamel.dz\/dz\/produit\/bosch-laser-de-sol-gsl-2-premum\/","url":"https:\/\/eurlhosnakamel.dz\/dz\/produit\/bosch-laser-de-sol-gsl-2-premum\/","name":"Laser de sol premium GSL 2 - EURL HOSNA KAMEL","isPartOf":{"@id":"https:\/\/eurlhosnakamel.dz\/dz\/#website"},"primaryImageOfPage":{"@id":"https:\/\/eurlhosnakamel.dz\/dz\/produit\/bosch-laser-de-sol-gsl-2-premum\/#primaryimage"},"image":{"@id":"https:\/\/eurlhosnakamel.dz\/dz\/produit\/bosch-laser-de-sol-gsl-2-premum\/#primaryimage"},"thumbnailUrl":"https:\/\/eurlhosnakamel.dz\/dz\/wp-content\/uploads\/2020\/04\/BOSCH-LASER-DE-SOL-GSL2-PREMUM-eurl-hosna-kamel-algerie.jpg","datePublished":"2020-04-21T10:21:35+00:00","dateModified":"2021-12-19T09:01:42+00:00","description":"Laser de sol premium GSL 2 - EURL HOSNA KAMEL","breadcrumb":{"@id":"https:\/\/eurlhosnakamel.dz\/dz\/produit\/bosch-laser-de-sol-gsl-2-premum\/#breadcrumb"},"inLanguage":"fr-FR","potentialAction":[{"@type":"ReadAction","target":["https:\/\/eurlhosnakamel.dz\/dz\/produit\/bosch-laser-de-sol-gsl-2-premum\/"]}]},{"@type":"ImageObject","inLanguage":"fr-FR","@id":"https:\/\/eurlhosnakamel.dz\/dz\/produit\/bosch-laser-de-sol-gsl-2-premum\/#primaryimage","url":"https:\/\/eurlhosnakamel.dz\/dz\/wp-content\/uploads\/2020\/04\/BOSCH-LASER-DE-SOL-GSL2-PREMUM-eurl-hosna-kamel-algerie.jpg","contentUrl":"https:\/\/eurlhosnakamel.dz\/dz\/wp-content\/uploads\/2020\/04\/BOSCH-LASER-DE-SOL-GSL2-PREMUM-eurl-hosna-kamel-algerie.jpg","width":512,"height":512},{"@type":"BreadcrumbList","@id":"https:\/\/eurlhosnakamel.dz\/dz\/produit\/bosch-laser-de-sol-gsl-2-premum\/#breadcrumb","itemListElement":[{"@type":"ListItem","position":1,"name":"Accueil","item":"https:\/\/eurlhosnakamel.dz\/dz\/"},{"@type":"ListItem","position":2,"name":"Shop","item":"https:\/\/eurlhosnakamel.dz\/dz\/shop\/"},{"@type":"ListItem","position":3,"name":"Laser de sol premium GSL 2"}]},{"@type":"WebSite","@id":"https:\/\/eurlhosnakamel.dz\/dz\/#website","url":"https:\/\/eurlhosnakamel.dz\/dz\/","name":"EURL HOSNA KAMEL","description":"Fournisseur Premium d&#039;Outillages Professionnels en Alg\u00e9rie -","publisher":{"@id":"https:\/\/eurlhosnakamel.dz\/dz\/#organization"},"potentialAction":[{"@type":"SearchAction","target":{"@type":"EntryPoint","urlTemplate":"https:\/\/eurlhosnakamel.dz\/dz\/?s={search_term_string}"},"query-input":"required name=search_term_string"}],"inLanguage":"fr-FR"},{"@type":"Organization","@id":"https:\/\/eurlhosnakamel.dz\/dz\/#organization","name":"EURL HOSNA KAMEL - Bosch alg\u00e9rie","url":"https:\/\/eurlhosnakamel.dz\/dz\/","logo":{"@type":"ImageObject","inLanguage":"fr-FR","@id":"https:\/\/eurlhosnakamel.dz\/dz\/#\/schema\/logo\/image\/","url":"https:\/\/eurlhosnakamel.dz\/wp-content\/uploads\/2020\/04\/LOGO-HOSNA1.png","contentUrl":"https:\/\/eurlhosnakamel.dz\/wp-content\/uploads\/2020\/04\/LOGO-HOSNA1.png","width":120,"height":127,"caption":"EURL HOSNA KAMEL - Bosch alg\u00e9rie"},"image":{"@id":"https:\/\/eurlhosnakamel.dz\/dz\/#\/schema\/logo\/image\/"},"sameAs":["https:\/\/www.facebook.com\/Eurl.Hosna.DZ\/"]}]}},"_links":{"self":[{"href":"https:\/\/eurlhosnakamel.dz\/dz\/wp-json\/wp\/v2\/product\/7069","targetHints":{"allow":["GET"]}}],"collection":[{"href":"https:\/\/eurlhosnakamel.dz\/dz\/wp-json\/wp\/v2\/product"}],"about":[{"href":"https:\/\/eurlhosnakamel.dz\/dz\/wp-json\/wp\/v2\/types\/product"}],"wp:featuredmedia":[{"embeddable":true,"href":"https:\/\/eurlhosnakamel.dz\/dz\/wp-json\/wp\/v2\/media\/7073"}],"wp:attachment":[{"href":"https:\/\/eurlhosnakamel.dz\/dz\/wp-json\/wp\/v2\/media?parent=7069"}],"wp:term":[{"taxonomy":"product_cat","embeddable":true,"href":"https:\/\/eurlhosnakamel.dz\/dz\/wp-json\/wp\/v2\/product_cat?post=7069"},{"taxonomy":"product_tag","embeddable":true,"href":"https:\/\/eurlhosnakamel.dz\/dz\/wp-json\/wp\/v2\/product_tag?post=7069"}],"curies":[{"name":"wp","href":"https:\/\/api.w.org\/{rel}","templated":true}]}}