{"id":7071,"date":"2020-04-21T10:37:13","date_gmt":"2020-04-21T10:37:13","guid":{"rendered":"https:\/\/lhchosting.com\/hosna\/?post_type=product&#038;p=7071"},"modified":"2020-04-21T10:37:13","modified_gmt":"2020-04-21T10:37:13","slug":"ada-termo-550-art-n00223","status":"publish","type":"product","link":"https:\/\/eurlhosnakamel.dz\/dz\/produit\/ada-termo-550-art-n00223\/","title":{"rendered":"ADA TERMO 550 ART N\u00b000223"},"content":{"rendered":"<p>Le thermohygrom\u00e8tre ADA AeroPipe est con\u00e7u pour mesurer l`humidit\u00e9 et la temp\u00e9rature de l`air ambiant ou de l`\u00e9coulement d`air dans les syst\u00e8mes ferm\u00e9s de ventilation.<\/p>\n<p>Le thermohygrom\u00e8tre ADA AeroPipe a le d\u00e9tecteur num\u00e9rique d\u2019une haute pr\u00e9cision. L`appareil se distingue d\u2019une haute pr\u00e9cision, une haute vitesse de la mesure et de la stabilit\u00e9. Avec l`aide du thermohygrom\u00e8tre ADA AeroPipe on peut mesurer non seulement l`humidit\u00e9 et la temp\u00e9rature de l`environnement, mais aussi le point de ros\u00e9e.<\/p>\n<p>Sur la base des r\u00e9sultats de mesure de l`humidit\u00e9 et de la temp\u00e9rature, le thermohygrom\u00e8tre ADA AeroPipe peut calculer une vari\u00e9t\u00e9 de param\u00e8tres sp\u00e9ciaux: le rapport des composants de m\u00e9lange (le contenu de vapeur d`eau), la valeur de chaleur (l`enthalpie), les particules de l`humidit\u00e9 par livre (GPP), la masse en grammes de vapeur d`eau par kg d`air sec (g\/kg), la cartographie de la temp\u00e9rature en degr\u00e9s Fahrenheit ou Celsius.<\/p>\n<p>Le thermohygrom\u00e8tre ADA AeroPipe est largement utilis\u00e9 dans le stockage des produits et dans le transport, dans le stockage des antiquit\u00e9s, dans l`agriculture, l`industrie foresti\u00e8re, l`\u00e9levage des bovins, dans l`inspection de construction, en r\u00e9paration des r\u00e9seaux des conduites de tuyaux etc.<\/p>\n<p>Fonctions:<\/p>\n<ul>\n<li>indicateur de l`humidit\u00e9 relative et de la temp\u00e9rature;<\/li>\n<li>indication du point de ros\u00e9e;<\/li>\n<li>rapport des composants de m\u00e9lange (le contenu de vapeur d`eau);<\/li>\n<li>indicateur de la valeur de chaleur;<\/li>\n<li>valeur d\u2019enthalpie (de chaleur);<\/li>\n<li>GPP;<\/li>\n<li>sonde mobile avec bouchon;<\/li>\n<li>temp\u00e9rature en \u00b0F et \u00b0C;<\/li>\n<li>indicateur de chargement faible de la batterie<\/li>\n<\/ul>\n","protected":false},"excerpt":{"rendered":"<h1>Thermohygrom\u00e8tre ADA AeroPipe<\/h1>\n<table border=\"0\" cellspacing=\"0\" cellpadding=\"0\">\n<tbody>\n<tr>\n<td>Gamme de changement de la temp\u00e9rature<\/td>\n<td>-20\u2103~70\u2103<\/td>\n<\/tr>\n<tr>\n<td>R\u00e9solution de temp\u00e9rature<\/td>\n<td>0.1\u2103<\/td>\n<\/tr>\n<tr>\n<td>Pr\u00e9cision de mesure de la temp\u00e9rature<\/td>\n<td>\u00b11.0\u00b0C (de -10 \u00e0 40\u00b0C)<br \/>\n\u00b12.0\u00b0C (de -20 \u00e0 -10 et de +40 \u00e0 70\u00b0C)<br \/>\n\u00b11.8\u00b0F (de 14 \u00e0 104\u00b0F)<br \/>\n\u00b13.6\u00b0F (de -4 \u00e0 +14 et de 104 \u00e0 158\u00b0F)<\/td>\n<\/tr>\n<tr>\n<td>Gamme de changement de l`humidit\u00e9<\/td>\n<td>0-100% RH<\/td>\n<\/tr>\n<tr>\n<td>R\u00e9solution d`humidit\u00e9<\/td>\n<td>0.1% RH<\/td>\n<\/tr>\n<tr>\n<td>Pr\u00e9cision de mesure<\/td>\n<td>\u00b13% (20% ~ 80%)<br \/>\n\u00b13.5% (0% ~ 20% et 80% ~ 100%)<\/td>\n<\/tr>\n<tr>\n<td>Source d`alimentation<\/td>\n<td>piles 3\u0445AAA<\/td>\n<\/tr>\n<tr>\n<td>Arr\u00eat automatique<\/td>\n<td>apr\u00e8s 2 minutes d`inactivit\u00e9<\/td>\n<\/tr>\n<tr>\n<td>Temp\u00e9rature de fonctionnement<\/td>\n<td>-20\u2103 \u2026+70\u2103<\/td>\n<\/tr>\n<tr>\n<td>Dimensions de l\u2019appareil<\/td>\n<td>209\u00d747\u00d747 mm<\/td>\n<\/tr>\n<tr>\n<td>Poids de l\u2019appareil<\/td>\n<td>63 g (sans batterie)<\/td>\n<\/tr>\n<\/tbody>\n<\/table>\n","protected":false},"featured_media":7085,"template":"","meta":[],"product_cat":[457],"product_tag":[1423],"class_list":{"0":"post-7071","1":"product","2":"type-product","3":"status-publish","4":"has-post-thumbnail","6":"product_cat-instruments-de-mesure","7":"product_tag-ada-termo-550-art-n00223","8":"product_brand-ada","10":"first","11":"instock","12":"shipping-taxable","13":"product-type-simple","14":"col-xs-6 col-sm-4","15":"col-md-3 col-lg-3","16":"un-4-cols"},"yoast_head":"<!-- This site is optimized with the Yoast SEO plugin v22.5 - https:\/\/yoast.com\/wordpress\/plugins\/seo\/ -->\n<title>ADA TERMO 550 ART N\u00b000223 - EURL HOSNA KAMEL<\/title>\n<meta name=\"description\" content=\"ADA TERMO 550 ART N\u00b000223 - EURL HOSNA KAMEL\" \/>\n<meta name=\"robots\" content=\"index, follow, max-snippet:-1, max-image-preview:large, max-video-preview:-1\" \/>\n<link rel=\"canonical\" href=\"https:\/\/eurlhosnakamel.dz\/dz\/produit\/ada-termo-550-art-n00223\/\" \/>\n<meta property=\"og:locale\" content=\"fr_FR\" \/>\n<meta property=\"og:type\" content=\"article\" \/>\n<meta property=\"og:title\" content=\"ADA TERMO 550 ART N\u00b000223 - EURL HOSNA KAMEL\" \/>\n<meta property=\"og:description\" content=\"ADA TERMO 550 ART N\u00b000223 - EURL HOSNA KAMEL\" \/>\n<meta property=\"og:url\" content=\"https:\/\/eurlhosnakamel.dz\/dz\/produit\/ada-termo-550-art-n00223\/\" \/>\n<meta property=\"og:site_name\" content=\"EURL HOSNA KAMEL\" \/>\n<meta property=\"article:publisher\" content=\"https:\/\/www.facebook.com\/Eurl.Hosna.DZ\/\" \/>\n<meta property=\"og:image\" content=\"https:\/\/eurlhosnakamel.dz\/dz\/wp-content\/uploads\/2020\/04\/39ADA-TERMO-550-ART-N\u00b000223-eurl-hosna-kamel-algerie.jpg\" \/>\n\t<meta property=\"og:image:width\" content=\"512\" \/>\n\t<meta property=\"og:image:height\" content=\"512\" \/>\n\t<meta property=\"og:image:type\" content=\"image\/jpeg\" \/>\n<meta name=\"twitter:card\" content=\"summary_large_image\" \/>\n<meta name=\"twitter:label1\" content=\"Dur\u00e9e de lecture estim\u00e9e\" \/>\n\t<meta name=\"twitter:data1\" content=\"1 minute\" \/>\n<script type=\"application\/ld+json\" class=\"yoast-schema-graph\">{\"@context\":\"https:\/\/schema.org\",\"@graph\":[{\"@type\":\"WebPage\",\"@id\":\"https:\/\/eurlhosnakamel.dz\/dz\/produit\/ada-termo-550-art-n00223\/\",\"url\":\"https:\/\/eurlhosnakamel.dz\/dz\/produit\/ada-termo-550-art-n00223\/\",\"name\":\"ADA TERMO 550 ART N\u00b000223 - EURL HOSNA KAMEL\",\"isPartOf\":{\"@id\":\"https:\/\/eurlhosnakamel.dz\/dz\/#website\"},\"primaryImageOfPage\":{\"@id\":\"https:\/\/eurlhosnakamel.dz\/dz\/produit\/ada-termo-550-art-n00223\/#primaryimage\"},\"image\":{\"@id\":\"https:\/\/eurlhosnakamel.dz\/dz\/produit\/ada-termo-550-art-n00223\/#primaryimage\"},\"thumbnailUrl\":\"https:\/\/eurlhosnakamel.dz\/dz\/wp-content\/uploads\/2020\/04\/39ADA-TERMO-550-ART-N\u00b000223-eurl-hosna-kamel-algerie.jpg\",\"datePublished\":\"2020-04-21T10:37:13+00:00\",\"dateModified\":\"2020-04-21T10:37:13+00:00\",\"description\":\"ADA TERMO 550 ART N\u00b000223 - EURL HOSNA KAMEL\",\"breadcrumb\":{\"@id\":\"https:\/\/eurlhosnakamel.dz\/dz\/produit\/ada-termo-550-art-n00223\/#breadcrumb\"},\"inLanguage\":\"fr-FR\",\"potentialAction\":[{\"@type\":\"ReadAction\",\"target\":[\"https:\/\/eurlhosnakamel.dz\/dz\/produit\/ada-termo-550-art-n00223\/\"]}]},{\"@type\":\"ImageObject\",\"inLanguage\":\"fr-FR\",\"@id\":\"https:\/\/eurlhosnakamel.dz\/dz\/produit\/ada-termo-550-art-n00223\/#primaryimage\",\"url\":\"https:\/\/eurlhosnakamel.dz\/dz\/wp-content\/uploads\/2020\/04\/39ADA-TERMO-550-ART-N\u00b000223-eurl-hosna-kamel-algerie.jpg\",\"contentUrl\":\"https:\/\/eurlhosnakamel.dz\/dz\/wp-content\/uploads\/2020\/04\/39ADA-TERMO-550-ART-N\u00b000223-eurl-hosna-kamel-algerie.jpg\",\"width\":512,\"height\":512},{\"@type\":\"BreadcrumbList\",\"@id\":\"https:\/\/eurlhosnakamel.dz\/dz\/produit\/ada-termo-550-art-n00223\/#breadcrumb\",\"itemListElement\":[{\"@type\":\"ListItem\",\"position\":1,\"name\":\"Accueil\",\"item\":\"https:\/\/eurlhosnakamel.dz\/dz\/\"},{\"@type\":\"ListItem\",\"position\":2,\"name\":\"Shop\",\"item\":\"https:\/\/eurlhosnakamel.dz\/dz\/shop\/\"},{\"@type\":\"ListItem\",\"position\":3,\"name\":\"ADA TERMO 550 ART N\u00b000223\"}]},{\"@type\":\"WebSite\",\"@id\":\"https:\/\/eurlhosnakamel.dz\/dz\/#website\",\"url\":\"https:\/\/eurlhosnakamel.dz\/dz\/\",\"name\":\"EURL HOSNA KAMEL\",\"description\":\"Fournisseur Premium d&#039;Outillages Professionnels en Alg\u00e9rie -\",\"publisher\":{\"@id\":\"https:\/\/eurlhosnakamel.dz\/dz\/#organization\"},\"potentialAction\":[{\"@type\":\"SearchAction\",\"target\":{\"@type\":\"EntryPoint\",\"urlTemplate\":\"https:\/\/eurlhosnakamel.dz\/dz\/?s={search_term_string}\"},\"query-input\":\"required name=search_term_string\"}],\"inLanguage\":\"fr-FR\"},{\"@type\":\"Organization\",\"@id\":\"https:\/\/eurlhosnakamel.dz\/dz\/#organization\",\"name\":\"EURL HOSNA KAMEL - Bosch alg\u00e9rie\",\"url\":\"https:\/\/eurlhosnakamel.dz\/dz\/\",\"logo\":{\"@type\":\"ImageObject\",\"inLanguage\":\"fr-FR\",\"@id\":\"https:\/\/eurlhosnakamel.dz\/dz\/#\/schema\/logo\/image\/\",\"url\":\"https:\/\/eurlhosnakamel.dz\/wp-content\/uploads\/2020\/04\/LOGO-HOSNA1.png\",\"contentUrl\":\"https:\/\/eurlhosnakamel.dz\/wp-content\/uploads\/2020\/04\/LOGO-HOSNA1.png\",\"width\":120,\"height\":127,\"caption\":\"EURL HOSNA KAMEL - Bosch alg\u00e9rie\"},\"image\":{\"@id\":\"https:\/\/eurlhosnakamel.dz\/dz\/#\/schema\/logo\/image\/\"},\"sameAs\":[\"https:\/\/www.facebook.com\/Eurl.Hosna.DZ\/\"]}]}<\/script>\n<!-- \/ Yoast SEO plugin. -->","yoast_head_json":{"title":"ADA TERMO 550 ART N\u00b000223 - EURL HOSNA KAMEL","description":"ADA TERMO 550 ART N\u00b000223 - EURL HOSNA KAMEL","robots":{"index":"index","follow":"follow","max-snippet":"max-snippet:-1","max-image-preview":"max-image-preview:large","max-video-preview":"max-video-preview:-1"},"canonical":"https:\/\/eurlhosnakamel.dz\/dz\/produit\/ada-termo-550-art-n00223\/","og_locale":"fr_FR","og_type":"article","og_title":"ADA TERMO 550 ART N\u00b000223 - EURL HOSNA KAMEL","og_description":"ADA TERMO 550 ART N\u00b000223 - EURL HOSNA KAMEL","og_url":"https:\/\/eurlhosnakamel.dz\/dz\/produit\/ada-termo-550-art-n00223\/","og_site_name":"EURL HOSNA KAMEL","article_publisher":"https:\/\/www.facebook.com\/Eurl.Hosna.DZ\/","og_image":[{"width":512,"height":512,"url":"https:\/\/eurlhosnakamel.dz\/dz\/wp-content\/uploads\/2020\/04\/39ADA-TERMO-550-ART-N\u00b000223-eurl-hosna-kamel-algerie.jpg","type":"image\/jpeg"}],"twitter_card":"summary_large_image","twitter_misc":{"Dur\u00e9e de lecture estim\u00e9e":"1 minute"},"schema":{"@context":"https:\/\/schema.org","@graph":[{"@type":"WebPage","@id":"https:\/\/eurlhosnakamel.dz\/dz\/produit\/ada-termo-550-art-n00223\/","url":"https:\/\/eurlhosnakamel.dz\/dz\/produit\/ada-termo-550-art-n00223\/","name":"ADA TERMO 550 ART N\u00b000223 - EURL HOSNA KAMEL","isPartOf":{"@id":"https:\/\/eurlhosnakamel.dz\/dz\/#website"},"primaryImageOfPage":{"@id":"https:\/\/eurlhosnakamel.dz\/dz\/produit\/ada-termo-550-art-n00223\/#primaryimage"},"image":{"@id":"https:\/\/eurlhosnakamel.dz\/dz\/produit\/ada-termo-550-art-n00223\/#primaryimage"},"thumbnailUrl":"https:\/\/eurlhosnakamel.dz\/dz\/wp-content\/uploads\/2020\/04\/39ADA-TERMO-550-ART-N\u00b000223-eurl-hosna-kamel-algerie.jpg","datePublished":"2020-04-21T10:37:13+00:00","dateModified":"2020-04-21T10:37:13+00:00","description":"ADA TERMO 550 ART N\u00b000223 - EURL HOSNA KAMEL","breadcrumb":{"@id":"https:\/\/eurlhosnakamel.dz\/dz\/produit\/ada-termo-550-art-n00223\/#breadcrumb"},"inLanguage":"fr-FR","potentialAction":[{"@type":"ReadAction","target":["https:\/\/eurlhosnakamel.dz\/dz\/produit\/ada-termo-550-art-n00223\/"]}]},{"@type":"ImageObject","inLanguage":"fr-FR","@id":"https:\/\/eurlhosnakamel.dz\/dz\/produit\/ada-termo-550-art-n00223\/#primaryimage","url":"https:\/\/eurlhosnakamel.dz\/dz\/wp-content\/uploads\/2020\/04\/39ADA-TERMO-550-ART-N\u00b000223-eurl-hosna-kamel-algerie.jpg","contentUrl":"https:\/\/eurlhosnakamel.dz\/dz\/wp-content\/uploads\/2020\/04\/39ADA-TERMO-550-ART-N\u00b000223-eurl-hosna-kamel-algerie.jpg","width":512,"height":512},{"@type":"BreadcrumbList","@id":"https:\/\/eurlhosnakamel.dz\/dz\/produit\/ada-termo-550-art-n00223\/#breadcrumb","itemListElement":[{"@type":"ListItem","position":1,"name":"Accueil","item":"https:\/\/eurlhosnakamel.dz\/dz\/"},{"@type":"ListItem","position":2,"name":"Shop","item":"https:\/\/eurlhosnakamel.dz\/dz\/shop\/"},{"@type":"ListItem","position":3,"name":"ADA TERMO 550 ART N\u00b000223"}]},{"@type":"WebSite","@id":"https:\/\/eurlhosnakamel.dz\/dz\/#website","url":"https:\/\/eurlhosnakamel.dz\/dz\/","name":"EURL HOSNA KAMEL","description":"Fournisseur Premium d&#039;Outillages Professionnels en Alg\u00e9rie -","publisher":{"@id":"https:\/\/eurlhosnakamel.dz\/dz\/#organization"},"potentialAction":[{"@type":"SearchAction","target":{"@type":"EntryPoint","urlTemplate":"https:\/\/eurlhosnakamel.dz\/dz\/?s={search_term_string}"},"query-input":"required name=search_term_string"}],"inLanguage":"fr-FR"},{"@type":"Organization","@id":"https:\/\/eurlhosnakamel.dz\/dz\/#organization","name":"EURL HOSNA KAMEL - Bosch alg\u00e9rie","url":"https:\/\/eurlhosnakamel.dz\/dz\/","logo":{"@type":"ImageObject","inLanguage":"fr-FR","@id":"https:\/\/eurlhosnakamel.dz\/dz\/#\/schema\/logo\/image\/","url":"https:\/\/eurlhosnakamel.dz\/wp-content\/uploads\/2020\/04\/LOGO-HOSNA1.png","contentUrl":"https:\/\/eurlhosnakamel.dz\/wp-content\/uploads\/2020\/04\/LOGO-HOSNA1.png","width":120,"height":127,"caption":"EURL HOSNA KAMEL - Bosch alg\u00e9rie"},"image":{"@id":"https:\/\/eurlhosnakamel.dz\/dz\/#\/schema\/logo\/image\/"},"sameAs":["https:\/\/www.facebook.com\/Eurl.Hosna.DZ\/"]}]}},"_links":{"self":[{"href":"https:\/\/eurlhosnakamel.dz\/dz\/wp-json\/wp\/v2\/product\/7071","targetHints":{"allow":["GET"]}}],"collection":[{"href":"https:\/\/eurlhosnakamel.dz\/dz\/wp-json\/wp\/v2\/product"}],"about":[{"href":"https:\/\/eurlhosnakamel.dz\/dz\/wp-json\/wp\/v2\/types\/product"}],"wp:featuredmedia":[{"embeddable":true,"href":"https:\/\/eurlhosnakamel.dz\/dz\/wp-json\/wp\/v2\/media\/7085"}],"wp:attachment":[{"href":"https:\/\/eurlhosnakamel.dz\/dz\/wp-json\/wp\/v2\/media?parent=7071"}],"wp:term":[{"taxonomy":"product_cat","embeddable":true,"href":"https:\/\/eurlhosnakamel.dz\/dz\/wp-json\/wp\/v2\/product_cat?post=7071"},{"taxonomy":"product_tag","embeddable":true,"href":"https:\/\/eurlhosnakamel.dz\/dz\/wp-json\/wp\/v2\/product_tag?post=7071"}],"curies":[{"name":"wp","href":"https:\/\/api.w.org\/{rel}","templated":true}]}}