{"id":7081,"date":"2020-04-21T10:33:52","date_gmt":"2020-04-21T10:33:52","guid":{"rendered":"https:\/\/lhchosting.com\/hosna\/?post_type=product&#038;p=7081"},"modified":"2020-04-21T10:42:35","modified_gmt":"2020-04-21T10:42:35","slug":"oleo-mac-debroussailleuse-25-cm3-tube-26-mm-fil-2-4-mm-sparta-250-t","status":"publish","type":"product","link":"https:\/\/eurlhosnakamel.dz\/dz\/produit\/oleo-mac-debroussailleuse-25-cm3-tube-26-mm-fil-2-4-mm-sparta-250-t\/","title":{"rendered":"OLEO MAC DEBROUSSAILLEUSE 25 cm3 TUBE 26 mm FIL 2.4 mm SPARTA 250 T"},"content":{"rendered":"<p>&nbsp;<\/p>\n<table id=\"tab_prod_accabb\">\n<tbody>\n<tr>\n<td>\n<h4>Accessoires<\/h4>\n<ul>\n<li><a href=\"http:\/\/www.oleomac.fr\/Livello.jsp?idMarchio=1&amp;idFamigliaRif=1&amp;idFamiglia=42&amp;idSottoFamiglia=85&amp;idProdotto=99\">Disques \u00e0 3 dents en acier sp\u00e9cial \u00d8 230 mm<\/a><\/li>\n<li><a href=\"http:\/\/www.oleomac.fr\/Livello.jsp?idMarchio=1&amp;idFamigliaRif=1&amp;idFamiglia=42&amp;idSottoFamiglia=88&amp;idProdotto=102\">T\u00eates universelles multiline \u00e0 6 fils \u00d8 73 mm<\/a><\/li>\n<li><a href=\"http:\/\/www.oleomac.fr\/Livello.jsp?idMarchio=1&amp;idFamigliaRif=1&amp;idFamiglia=42&amp;idSottoFamiglia=92&amp;idProdotto=106\">Sangle simple avec crochet<\/a><\/li>\n<li><a href=\"http:\/\/www.oleomac.fr\/Livello.jsp?idMarchio=1&amp;idFamigliaRif=1&amp;idFamiglia=42&amp;idSottoFamiglia=93&amp;idProdotto=108\">Sangle avec renfort<\/a><\/li>\n<li><a href=\"http:\/\/www.oleomac.fr\/Livello.jsp?idMarchio=1&amp;idFamigliaRif=1&amp;idFamiglia=42&amp;idSottoFamiglia=94&amp;idProdotto=109\">Sangle double \u00e0 d\u00e9crochage rapide<\/a><\/li>\n<li><a href=\"http:\/\/www.oleomac.fr\/Livello.jsp?idMarchio=1&amp;idFamigliaRif=1&amp;idFamiglia=42&amp;idSottoFamiglia=95&amp;idProdotto=110\">Sangle professionnelle<\/a><\/li>\n<li><a href=\"http:\/\/www.oleomac.fr\/Livello.jsp?idMarchio=1&amp;idFamigliaRif=1&amp;idFamiglia=42&amp;idSottoFamiglia=96&amp;idProdotto=111\">Sangle professionnelle \u00e0 d\u00e9crochage rapide<\/a><\/li>\n<li><a href=\"http:\/\/www.oleomac.fr\/Livello.jsp?idMarchio=1&amp;idFamigliaRif=1&amp;idFamiglia=42&amp;idSottoFamiglia=100&amp;idProdotto=119\">Pruner EP 90<\/a><\/li>\n<li><a href=\"http:\/\/www.oleomac.fr\/Livello.jsp?idMarchio=1&amp;idFamigliaRif=1&amp;idFamiglia=42&amp;idSottoFamiglia=85&amp;idProdotto=407\">Disques \u00e0 3 dents en acier sp\u00e9cial \u00d8 255 mm<\/a><\/li>\n<li><a href=\"http:\/\/www.oleomac.fr\/Livello.jsp?idMarchio=1&amp;idFamigliaRif=1&amp;idFamiglia=42&amp;idSottoFamiglia=86&amp;idProdotto=409\">T\u00eates &#8221;tap and go&#8221; \u00e0 2 fils en nylon \u00d8 105 mm<\/a><\/li>\n<li><a href=\"http:\/\/www.oleomac.fr\/Livello.jsp?idMarchio=1&amp;idFamigliaRif=1&amp;idFamiglia=42&amp;idSottoFamiglia=86&amp;idProdotto=413\">T\u00eates &#8221;tap and go&#8221; \u00e0 2 fils en nylon \u00d8 130 mm<\/a><\/li>\n<li><a href=\"http:\/\/www.oleomac.fr\/Livello.jsp?idMarchio=1&amp;idFamigliaRif=1&amp;idFamiglia=42&amp;idSottoFamiglia=86&amp;idProdotto=417\">T\u00eates &#8221;tap and go&#8221; \u00e0 2 fils en nylon \u00d8 130 mm<\/a><\/li>\n<li><a href=\"http:\/\/www.oleomac.fr\/Livello.jsp?idMarchio=1&amp;idFamigliaRif=1&amp;idFamiglia=42&amp;idSottoFamiglia=217&amp;idProdotto=421\">Disques \u00e0 3 dents en acier sp\u00e9cial \u00d8 255 mm<\/a><\/li>\n<li><a href=\"http:\/\/www.oleomac.fr\/Livello.jsp?idMarchio=1&amp;idFamigliaRif=1&amp;idFamiglia=42&amp;idSottoFamiglia=217&amp;idProdotto=422\">Disques \u00e0 3 dents en acier sp\u00e9cial \u00d8 305 mm<\/a><\/li>\n<li><a href=\"http:\/\/www.oleomac.fr\/Livello.jsp?idMarchio=1&amp;idFamigliaRif=1&amp;idFamiglia=42&amp;idSottoFamiglia=218&amp;idProdotto=423\">Disques \u00e0 4 dents en acier sp\u00e9cial \u00d8 230 mm<\/a><\/li>\n<li><a href=\"http:\/\/www.oleomac.fr\/Livello.jsp?idMarchio=1&amp;idFamigliaRif=1&amp;idFamiglia=42&amp;idSottoFamiglia=218&amp;idProdotto=424\">Disques \u00e0 4 dents en acier sp\u00e9cial \u00d8 255 mm<\/a><\/li>\n<li><a href=\"http:\/\/www.oleomac.fr\/Livello.jsp?idMarchio=1&amp;idFamigliaRif=1&amp;idFamiglia=42&amp;idSottoFamiglia=219&amp;idProdotto=425\">Disques \u00e0 8 dents en acier sp\u00e9cial \u00d8 230 mm<\/a><\/li>\n<li><a href=\"http:\/\/www.oleomac.fr\/Livello.jsp?idMarchio=1&amp;idFamigliaRif=1&amp;idFamiglia=42&amp;idSottoFamiglia=225&amp;idProdotto=438\">Prot\u00e8ge-lames annulaire<\/a><\/li>\n<li><a href=\"http:\/\/www.oleomac.fr\/Livello.jsp?idMarchio=1&amp;idFamigliaRif=1&amp;idFamiglia=42&amp;idSottoFamiglia=90&amp;idProdotto=454\">Protections en plastique pour d\u00e9broussailleuses (s\u00e9rie Sparta)<\/a><\/li>\n<li><a href=\"http:\/\/www.oleomac.fr\/Livello.jsp?idMarchio=1&amp;idFamigliaRif=1&amp;idFamiglia=42&amp;idSottoFamiglia=93&amp;idProdotto=459\">Sangle avec renfort confort<\/a><\/li>\n<li><a href=\"http:\/\/www.oleomac.fr\/Livello.jsp?idMarchio=1&amp;idFamigliaRif=1&amp;idFamiglia=42&amp;idSottoFamiglia=94&amp;idProdotto=460\">Sangle double<\/a><\/li>\n<\/ul>\n<\/td>\n<td>\n<h4>V\u00eatements<\/h4>\n<ul>\n<li><a href=\"http:\/\/www.oleomac.fr\/Livello.jsp?idMarchio=1&amp;idFamigliaRif=1&amp;idFamiglia=508&amp;idSottoFamiglia=176\">Salopette de protection pour d\u00e9broussailleuses<\/a><\/li>\n<li><a href=\"http:\/\/www.oleomac.fr\/Livello.jsp?idMarchio=1&amp;idFamigliaRif=1&amp;idFamiglia=508&amp;idSottoFamiglia=178\">Casque de protection<\/a><\/li>\n<li><a href=\"http:\/\/www.oleomac.fr\/Livello.jsp?idMarchio=1&amp;idFamigliaRif=1&amp;idFamiglia=508&amp;idSottoFamiglia=179\">Oreillettes anti-bruit<\/a><\/li>\n<li><a href=\"http:\/\/www.oleomac.fr\/Livello.jsp?idMarchio=1&amp;idFamigliaRif=1&amp;idFamiglia=508&amp;idSottoFamiglia=180\">Lunettes de protection<\/a><\/li>\n<li><a href=\"http:\/\/www.oleomac.fr\/Livello.jsp?idMarchio=1&amp;idFamigliaRif=1&amp;idFamiglia=508&amp;idSottoFamiglia=182\">Gants professionnels confort<\/a><\/li>\n<li><a href=\"http:\/\/www.oleomac.fr\/Livello.jsp?idMarchio=1&amp;idFamigliaRif=1&amp;idFamiglia=508&amp;idSottoFamiglia=183\">Visi\u00e8res de protection<\/a><\/li>\n<li><a href=\"http:\/\/www.oleomac.fr\/Livello.jsp?idMarchio=1&amp;idFamigliaRif=1&amp;idFamiglia=508&amp;idSottoFamiglia=184\">Bottes foresti\u00e8res contre les coupures<\/a><\/li>\n<li><a href=\"http:\/\/www.oleomac.fr\/Livello.jsp?idMarchio=1&amp;idFamigliaRif=1&amp;idFamiglia=508&amp;idSottoFamiglia=171\">Veste de protection standard<\/a><\/li>\n<\/ul>\n<\/td>\n<\/tr>\n<\/tbody>\n<\/table>\n","protected":false},"excerpt":{"rendered":"<table id=\"scheda_dati_tecnici\">\n<tbody>\n<tr>\n<td><strong>Puissance\/Cylindr\u00e9e<\/strong><\/td>\n<td>1,0 ch &#8211; 0,8 kW \/ 25,4 cm\u00b3<\/td>\n<\/tr>\n<tr>\n<td><strong>Diam\u00e8tre du tube<\/strong><\/td>\n<td>26 mm<\/td>\n<\/tr>\n<tr>\n<td><strong>Poign\u00e9e<\/strong><\/td>\n<td>guidon<\/td>\n<\/tr>\n<tr>\n<td><strong>Accessoire de coupe<\/strong><\/td>\n<td>T\u00eate Tap&#8217;n go \u00d8 130 mm &#8211; \u00d8 fil 2,40 mm &#8211; lame 3 dents \u00d8 255 mm<\/td>\n<\/tr>\n<tr>\n<td><strong>Harnais<\/strong><\/td>\n<td>simple<\/td>\n<\/tr>\n<tr>\n<td><strong>Capacit\u00e9 r\u00e9servoir carburant<\/strong><\/td>\n<td>0,75 L<\/td>\n<\/tr>\n<tr>\n<td><strong>Poids<\/strong><\/td>\n<td>6,2 Kg<\/td>\n<\/tr>\n<\/tbody>\n<\/table>\n","protected":false},"featured_media":7083,"template":"","meta":[],"product_cat":[957],"product_tag":[1425],"class_list":{"0":"post-7081","1":"product","2":"type-product","3":"status-publish","4":"has-post-thumbnail","6":"product_cat-jardinage","7":"product_tag-oleo-mac-debroussailleuse-25-cm3-tube-26-mm-fil-2-4-mm-sparta-250-t","8":"product_brand-oleomac","10":"first","11":"instock","12":"shipping-taxable","13":"product-type-simple","14":"col-xs-6 col-sm-4","15":"col-md-3 col-lg-3","16":"un-4-cols"},"yoast_head":"<!-- This site is optimized with the Yoast SEO plugin v22.5 - https:\/\/yoast.com\/wordpress\/plugins\/seo\/ -->\n<title>OLEO MAC DEBROUSSAILLEUSE 25 cm3 TUBE 26 mm FIL 2.4 mm SPARTA 250 T - EURL HOSNA KAMEL<\/title>\n<meta name=\"description\" content=\"OLEO MAC DEBROUSSAILLEUSE 25 cm3 TUBE 26 mm FIL 2.4 mm SPARTA 250 T - EURL HOSNA KAMEL\" \/>\n<meta name=\"robots\" content=\"index, follow, max-snippet:-1, max-image-preview:large, max-video-preview:-1\" \/>\n<link rel=\"canonical\" href=\"https:\/\/eurlhosnakamel.dz\/dz\/produit\/oleo-mac-debroussailleuse-25-cm3-tube-26-mm-fil-2-4-mm-sparta-250-t\/\" \/>\n<meta property=\"og:locale\" content=\"fr_FR\" \/>\n<meta property=\"og:type\" content=\"article\" \/>\n<meta property=\"og:title\" content=\"OLEO MAC DEBROUSSAILLEUSE 25 cm3 TUBE 26 mm FIL 2.4 mm SPARTA 250 T - EURL HOSNA KAMEL\" \/>\n<meta property=\"og:description\" content=\"OLEO MAC DEBROUSSAILLEUSE 25 cm3 TUBE 26 mm FIL 2.4 mm SPARTA 250 T - EURL HOSNA KAMEL\" \/>\n<meta property=\"og:url\" content=\"https:\/\/eurlhosnakamel.dz\/dz\/produit\/oleo-mac-debroussailleuse-25-cm3-tube-26-mm-fil-2-4-mm-sparta-250-t\/\" \/>\n<meta property=\"og:site_name\" content=\"EURL HOSNA KAMEL\" \/>\n<meta property=\"article:publisher\" content=\"https:\/\/www.facebook.com\/Eurl.Hosna.DZ\/\" \/>\n<meta property=\"article:modified_time\" content=\"2020-04-21T10:42:35+00:00\" \/>\n<meta property=\"og:image\" content=\"https:\/\/eurlhosnakamel.dz\/dz\/wp-content\/uploads\/2020\/04\/OLEO-MAC-DEBROUSSAILLEUSE-25-cm3-TUBE-26-mm-FIL-2.4-mm-SPARTA-250-T-eurl-hosna-kamel-algerie.jpg\" \/>\n\t<meta property=\"og:image:width\" content=\"512\" \/>\n\t<meta property=\"og:image:height\" content=\"512\" \/>\n\t<meta property=\"og:image:type\" content=\"image\/jpeg\" \/>\n<meta name=\"twitter:card\" content=\"summary_large_image\" \/>\n<meta name=\"twitter:label1\" content=\"Dur\u00e9e de lecture estim\u00e9e\" \/>\n\t<meta name=\"twitter:data1\" content=\"1 minute\" \/>\n<script type=\"application\/ld+json\" class=\"yoast-schema-graph\">{\"@context\":\"https:\/\/schema.org\",\"@graph\":[{\"@type\":\"WebPage\",\"@id\":\"https:\/\/eurlhosnakamel.dz\/dz\/produit\/oleo-mac-debroussailleuse-25-cm3-tube-26-mm-fil-2-4-mm-sparta-250-t\/\",\"url\":\"https:\/\/eurlhosnakamel.dz\/dz\/produit\/oleo-mac-debroussailleuse-25-cm3-tube-26-mm-fil-2-4-mm-sparta-250-t\/\",\"name\":\"OLEO MAC DEBROUSSAILLEUSE 25 cm3 TUBE 26 mm FIL 2.4 mm SPARTA 250 T - EURL HOSNA KAMEL\",\"isPartOf\":{\"@id\":\"https:\/\/eurlhosnakamel.dz\/dz\/#website\"},\"primaryImageOfPage\":{\"@id\":\"https:\/\/eurlhosnakamel.dz\/dz\/produit\/oleo-mac-debroussailleuse-25-cm3-tube-26-mm-fil-2-4-mm-sparta-250-t\/#primaryimage\"},\"image\":{\"@id\":\"https:\/\/eurlhosnakamel.dz\/dz\/produit\/oleo-mac-debroussailleuse-25-cm3-tube-26-mm-fil-2-4-mm-sparta-250-t\/#primaryimage\"},\"thumbnailUrl\":\"https:\/\/eurlhosnakamel.dz\/dz\/wp-content\/uploads\/2020\/04\/OLEO-MAC-DEBROUSSAILLEUSE-25-cm3-TUBE-26-mm-FIL-2.4-mm-SPARTA-250-T-eurl-hosna-kamel-algerie.jpg\",\"datePublished\":\"2020-04-21T10:33:52+00:00\",\"dateModified\":\"2020-04-21T10:42:35+00:00\",\"description\":\"OLEO MAC DEBROUSSAILLEUSE 25 cm3 TUBE 26 mm FIL 2.4 mm SPARTA 250 T - EURL HOSNA KAMEL\",\"breadcrumb\":{\"@id\":\"https:\/\/eurlhosnakamel.dz\/dz\/produit\/oleo-mac-debroussailleuse-25-cm3-tube-26-mm-fil-2-4-mm-sparta-250-t\/#breadcrumb\"},\"inLanguage\":\"fr-FR\",\"potentialAction\":[{\"@type\":\"ReadAction\",\"target\":[\"https:\/\/eurlhosnakamel.dz\/dz\/produit\/oleo-mac-debroussailleuse-25-cm3-tube-26-mm-fil-2-4-mm-sparta-250-t\/\"]}]},{\"@type\":\"ImageObject\",\"inLanguage\":\"fr-FR\",\"@id\":\"https:\/\/eurlhosnakamel.dz\/dz\/produit\/oleo-mac-debroussailleuse-25-cm3-tube-26-mm-fil-2-4-mm-sparta-250-t\/#primaryimage\",\"url\":\"https:\/\/eurlhosnakamel.dz\/dz\/wp-content\/uploads\/2020\/04\/OLEO-MAC-DEBROUSSAILLEUSE-25-cm3-TUBE-26-mm-FIL-2.4-mm-SPARTA-250-T-eurl-hosna-kamel-algerie.jpg\",\"contentUrl\":\"https:\/\/eurlhosnakamel.dz\/dz\/wp-content\/uploads\/2020\/04\/OLEO-MAC-DEBROUSSAILLEUSE-25-cm3-TUBE-26-mm-FIL-2.4-mm-SPARTA-250-T-eurl-hosna-kamel-algerie.jpg\",\"width\":512,\"height\":512},{\"@type\":\"BreadcrumbList\",\"@id\":\"https:\/\/eurlhosnakamel.dz\/dz\/produit\/oleo-mac-debroussailleuse-25-cm3-tube-26-mm-fil-2-4-mm-sparta-250-t\/#breadcrumb\",\"itemListElement\":[{\"@type\":\"ListItem\",\"position\":1,\"name\":\"Accueil\",\"item\":\"https:\/\/eurlhosnakamel.dz\/dz\/\"},{\"@type\":\"ListItem\",\"position\":2,\"name\":\"Shop\",\"item\":\"https:\/\/eurlhosnakamel.dz\/dz\/shop\/\"},{\"@type\":\"ListItem\",\"position\":3,\"name\":\"OLEO MAC DEBROUSSAILLEUSE 25 cm3 TUBE 26 mm FIL 2.4 mm SPARTA 250 T\"}]},{\"@type\":\"WebSite\",\"@id\":\"https:\/\/eurlhosnakamel.dz\/dz\/#website\",\"url\":\"https:\/\/eurlhosnakamel.dz\/dz\/\",\"name\":\"EURL HOSNA KAMEL\",\"description\":\"Fournisseur Premium d&#039;Outillages Professionnels en Alg\u00e9rie -\",\"publisher\":{\"@id\":\"https:\/\/eurlhosnakamel.dz\/dz\/#organization\"},\"potentialAction\":[{\"@type\":\"SearchAction\",\"target\":{\"@type\":\"EntryPoint\",\"urlTemplate\":\"https:\/\/eurlhosnakamel.dz\/dz\/?s={search_term_string}\"},\"query-input\":\"required name=search_term_string\"}],\"inLanguage\":\"fr-FR\"},{\"@type\":\"Organization\",\"@id\":\"https:\/\/eurlhosnakamel.dz\/dz\/#organization\",\"name\":\"EURL HOSNA KAMEL - Bosch alg\u00e9rie\",\"url\":\"https:\/\/eurlhosnakamel.dz\/dz\/\",\"logo\":{\"@type\":\"ImageObject\",\"inLanguage\":\"fr-FR\",\"@id\":\"https:\/\/eurlhosnakamel.dz\/dz\/#\/schema\/logo\/image\/\",\"url\":\"https:\/\/eurlhosnakamel.dz\/wp-content\/uploads\/2020\/04\/LOGO-HOSNA1.png\",\"contentUrl\":\"https:\/\/eurlhosnakamel.dz\/wp-content\/uploads\/2020\/04\/LOGO-HOSNA1.png\",\"width\":120,\"height\":127,\"caption\":\"EURL HOSNA KAMEL - Bosch alg\u00e9rie\"},\"image\":{\"@id\":\"https:\/\/eurlhosnakamel.dz\/dz\/#\/schema\/logo\/image\/\"},\"sameAs\":[\"https:\/\/www.facebook.com\/Eurl.Hosna.DZ\/\"]}]}<\/script>\n<!-- \/ Yoast SEO plugin. -->","yoast_head_json":{"title":"OLEO MAC DEBROUSSAILLEUSE 25 cm3 TUBE 26 mm FIL 2.4 mm SPARTA 250 T - EURL HOSNA KAMEL","description":"OLEO MAC DEBROUSSAILLEUSE 25 cm3 TUBE 26 mm FIL 2.4 mm SPARTA 250 T - EURL HOSNA KAMEL","robots":{"index":"index","follow":"follow","max-snippet":"max-snippet:-1","max-image-preview":"max-image-preview:large","max-video-preview":"max-video-preview:-1"},"canonical":"https:\/\/eurlhosnakamel.dz\/dz\/produit\/oleo-mac-debroussailleuse-25-cm3-tube-26-mm-fil-2-4-mm-sparta-250-t\/","og_locale":"fr_FR","og_type":"article","og_title":"OLEO MAC DEBROUSSAILLEUSE 25 cm3 TUBE 26 mm FIL 2.4 mm SPARTA 250 T - EURL HOSNA KAMEL","og_description":"OLEO MAC DEBROUSSAILLEUSE 25 cm3 TUBE 26 mm FIL 2.4 mm SPARTA 250 T - EURL HOSNA KAMEL","og_url":"https:\/\/eurlhosnakamel.dz\/dz\/produit\/oleo-mac-debroussailleuse-25-cm3-tube-26-mm-fil-2-4-mm-sparta-250-t\/","og_site_name":"EURL HOSNA KAMEL","article_publisher":"https:\/\/www.facebook.com\/Eurl.Hosna.DZ\/","article_modified_time":"2020-04-21T10:42:35+00:00","og_image":[{"width":512,"height":512,"url":"https:\/\/eurlhosnakamel.dz\/dz\/wp-content\/uploads\/2020\/04\/OLEO-MAC-DEBROUSSAILLEUSE-25-cm3-TUBE-26-mm-FIL-2.4-mm-SPARTA-250-T-eurl-hosna-kamel-algerie.jpg","type":"image\/jpeg"}],"twitter_card":"summary_large_image","twitter_misc":{"Dur\u00e9e de lecture estim\u00e9e":"1 minute"},"schema":{"@context":"https:\/\/schema.org","@graph":[{"@type":"WebPage","@id":"https:\/\/eurlhosnakamel.dz\/dz\/produit\/oleo-mac-debroussailleuse-25-cm3-tube-26-mm-fil-2-4-mm-sparta-250-t\/","url":"https:\/\/eurlhosnakamel.dz\/dz\/produit\/oleo-mac-debroussailleuse-25-cm3-tube-26-mm-fil-2-4-mm-sparta-250-t\/","name":"OLEO MAC DEBROUSSAILLEUSE 25 cm3 TUBE 26 mm FIL 2.4 mm SPARTA 250 T - EURL HOSNA KAMEL","isPartOf":{"@id":"https:\/\/eurlhosnakamel.dz\/dz\/#website"},"primaryImageOfPage":{"@id":"https:\/\/eurlhosnakamel.dz\/dz\/produit\/oleo-mac-debroussailleuse-25-cm3-tube-26-mm-fil-2-4-mm-sparta-250-t\/#primaryimage"},"image":{"@id":"https:\/\/eurlhosnakamel.dz\/dz\/produit\/oleo-mac-debroussailleuse-25-cm3-tube-26-mm-fil-2-4-mm-sparta-250-t\/#primaryimage"},"thumbnailUrl":"https:\/\/eurlhosnakamel.dz\/dz\/wp-content\/uploads\/2020\/04\/OLEO-MAC-DEBROUSSAILLEUSE-25-cm3-TUBE-26-mm-FIL-2.4-mm-SPARTA-250-T-eurl-hosna-kamel-algerie.jpg","datePublished":"2020-04-21T10:33:52+00:00","dateModified":"2020-04-21T10:42:35+00:00","description":"OLEO MAC DEBROUSSAILLEUSE 25 cm3 TUBE 26 mm FIL 2.4 mm SPARTA 250 T - EURL HOSNA KAMEL","breadcrumb":{"@id":"https:\/\/eurlhosnakamel.dz\/dz\/produit\/oleo-mac-debroussailleuse-25-cm3-tube-26-mm-fil-2-4-mm-sparta-250-t\/#breadcrumb"},"inLanguage":"fr-FR","potentialAction":[{"@type":"ReadAction","target":["https:\/\/eurlhosnakamel.dz\/dz\/produit\/oleo-mac-debroussailleuse-25-cm3-tube-26-mm-fil-2-4-mm-sparta-250-t\/"]}]},{"@type":"ImageObject","inLanguage":"fr-FR","@id":"https:\/\/eurlhosnakamel.dz\/dz\/produit\/oleo-mac-debroussailleuse-25-cm3-tube-26-mm-fil-2-4-mm-sparta-250-t\/#primaryimage","url":"https:\/\/eurlhosnakamel.dz\/dz\/wp-content\/uploads\/2020\/04\/OLEO-MAC-DEBROUSSAILLEUSE-25-cm3-TUBE-26-mm-FIL-2.4-mm-SPARTA-250-T-eurl-hosna-kamel-algerie.jpg","contentUrl":"https:\/\/eurlhosnakamel.dz\/dz\/wp-content\/uploads\/2020\/04\/OLEO-MAC-DEBROUSSAILLEUSE-25-cm3-TUBE-26-mm-FIL-2.4-mm-SPARTA-250-T-eurl-hosna-kamel-algerie.jpg","width":512,"height":512},{"@type":"BreadcrumbList","@id":"https:\/\/eurlhosnakamel.dz\/dz\/produit\/oleo-mac-debroussailleuse-25-cm3-tube-26-mm-fil-2-4-mm-sparta-250-t\/#breadcrumb","itemListElement":[{"@type":"ListItem","position":1,"name":"Accueil","item":"https:\/\/eurlhosnakamel.dz\/dz\/"},{"@type":"ListItem","position":2,"name":"Shop","item":"https:\/\/eurlhosnakamel.dz\/dz\/shop\/"},{"@type":"ListItem","position":3,"name":"OLEO MAC DEBROUSSAILLEUSE 25 cm3 TUBE 26 mm FIL 2.4 mm SPARTA 250 T"}]},{"@type":"WebSite","@id":"https:\/\/eurlhosnakamel.dz\/dz\/#website","url":"https:\/\/eurlhosnakamel.dz\/dz\/","name":"EURL HOSNA KAMEL","description":"Fournisseur Premium d&#039;Outillages Professionnels en Alg\u00e9rie -","publisher":{"@id":"https:\/\/eurlhosnakamel.dz\/dz\/#organization"},"potentialAction":[{"@type":"SearchAction","target":{"@type":"EntryPoint","urlTemplate":"https:\/\/eurlhosnakamel.dz\/dz\/?s={search_term_string}"},"query-input":"required name=search_term_string"}],"inLanguage":"fr-FR"},{"@type":"Organization","@id":"https:\/\/eurlhosnakamel.dz\/dz\/#organization","name":"EURL HOSNA KAMEL - Bosch alg\u00e9rie","url":"https:\/\/eurlhosnakamel.dz\/dz\/","logo":{"@type":"ImageObject","inLanguage":"fr-FR","@id":"https:\/\/eurlhosnakamel.dz\/dz\/#\/schema\/logo\/image\/","url":"https:\/\/eurlhosnakamel.dz\/wp-content\/uploads\/2020\/04\/LOGO-HOSNA1.png","contentUrl":"https:\/\/eurlhosnakamel.dz\/wp-content\/uploads\/2020\/04\/LOGO-HOSNA1.png","width":120,"height":127,"caption":"EURL HOSNA KAMEL - Bosch alg\u00e9rie"},"image":{"@id":"https:\/\/eurlhosnakamel.dz\/dz\/#\/schema\/logo\/image\/"},"sameAs":["https:\/\/www.facebook.com\/Eurl.Hosna.DZ\/"]}]}},"_links":{"self":[{"href":"https:\/\/eurlhosnakamel.dz\/dz\/wp-json\/wp\/v2\/product\/7081","targetHints":{"allow":["GET"]}}],"collection":[{"href":"https:\/\/eurlhosnakamel.dz\/dz\/wp-json\/wp\/v2\/product"}],"about":[{"href":"https:\/\/eurlhosnakamel.dz\/dz\/wp-json\/wp\/v2\/types\/product"}],"wp:featuredmedia":[{"embeddable":true,"href":"https:\/\/eurlhosnakamel.dz\/dz\/wp-json\/wp\/v2\/media\/7083"}],"wp:attachment":[{"href":"https:\/\/eurlhosnakamel.dz\/dz\/wp-json\/wp\/v2\/media?parent=7081"}],"wp:term":[{"taxonomy":"product_cat","embeddable":true,"href":"https:\/\/eurlhosnakamel.dz\/dz\/wp-json\/wp\/v2\/product_cat?post=7081"},{"taxonomy":"product_tag","embeddable":true,"href":"https:\/\/eurlhosnakamel.dz\/dz\/wp-json\/wp\/v2\/product_tag?post=7081"}],"curies":[{"name":"wp","href":"https:\/\/api.w.org\/{rel}","templated":true}]}}