{"id":7129,"date":"2020-04-21T11:10:57","date_gmt":"2020-04-21T11:10:57","guid":{"rendered":"https:\/\/lhchosting.com\/hosna\/?post_type=product&#038;p=7129"},"modified":"2020-04-21T11:10:58","modified_gmt":"2020-04-21T11:10:58","slug":"ada-toplineur-vert-3360-art-n00484-00507","status":"publish","type":"product","link":"https:\/\/eurlhosnakamel.dz\/dz\/produit\/ada-toplineur-vert-3360-art-n00484-00507\/","title":{"rendered":"ADA TOPLINEUR VERT 3*360 ART N\u00b000484\/00507"},"content":{"rendered":"<p><strong>Le laser multiligne (3D) ADA TOPLINER 3&#215;360 \u00b0 est un laser multiligne pour les professionnels.<\/strong><\/p>\n<p><strong>au moyen d&#8217;un laser \u00e0 c\u00f4ne, le Topliner projette une ligne \u00e0 360 \u00b0 horizontalement et 2 axes verticalement \u00e0 90 \u00b0 l&#8217;un de l&#8217;autre.\u00a0360 \u00b0 vertical\u00a0<\/strong><\/p>\n<p><strong>Le Topliner projette une croix au plafond et au sol juste \u00e0 c\u00f4t\u00e9 du laser, ce qui vous permet d&#8217;\u00e9tendre un fil \u00e0 plomb au sol et au plafond.<\/strong><\/p>\n<p><strong>Ce laser est id\u00e9al pour une utilisation \u00e0 l&#8217;int\u00e9rieur et \u00e0 l&#8217;ext\u00e9rieur (avec r\u00e9cepteur en option) pour les murs, les plafonds, le carrelage, les cuisines, les cl\u00f4tures, les fa\u00e7ades, etc.<\/strong><\/p>\n<p><strong>Faire tourner les coins \u00e0 90 \u00b0 pour les murs, les carreaux, les cuisines, etc. permet de gagner du temps avec ce Topliner 3&#215;360.<\/strong><\/p>\n<p><strong>L&#8217;ADA Topliner est un laser \u00e0 nivellement automatique avec une grande pr\u00e9cision de 2 mm \u00e0 10 m\u00e8tres.<\/strong><\/p>\n<p><strong>Et fonctionne sur des batteries li-ion de 3300 mA<\/strong><\/p>\n<p><strong>La dur\u00e9e de fonctionnement avec toutes les lignes allum\u00e9es est d&#8217;environ 8 heures, lorsque la batterie Li-ion est compl\u00e8tement charg\u00e9e. Les lignes peuvent \u00eatre allum\u00e9es et \u00e9teintes s\u00e9par\u00e9ment.<\/strong><\/p>\n<p><strong>Le laser fonctionne \u00e9galement lorsqu&#8217;il est connect\u00e9 au chargeur fourni \u00e0 230 Volts.<\/strong><\/p>\n<p><strong>Le Topliner 3&#215;360 \u00b0 dispose \u00e9galement d&#8217;un mode r\u00e9cepteur manuel, qui permet de d\u00e9tecter le faisceau laser avec un r\u00e9cepteur portable en option \u00e0 une distance comprise entre 20 et 40 m\u00e8tres du laser.<\/strong><\/p>\n<p><strong>Il est \u00e9galement possible de fixer les lignes de l&#8217;instrument simplement en pla\u00e7ant l&#8217;interrupteur en position m\u00e9diane, ce qui permet de placer le laser \u00e0 un angle.<\/strong><\/p>\n<p><strong>Il est \u00e9galement simple de placer le laser sur un tr\u00e9pied gr\u00e2ce \u00e0 sa connexion 1\/4 &#8220;et 5\/8&#8221;<\/strong><\/p>\n<p><strong>La connexion 5\/8 &#8220;repose sur le pied de rotation rotatif \u00e0 360 \u00b0 fourni avec un r\u00e9glage fin pour tourner le laser tr\u00e8s pr\u00e9cis\u00e9ment dans une certaine direction.<\/strong><\/p>\n","protected":false},"excerpt":{"rendered":"<h2><strong>ADA TOPLINER 3&#215;360 \u00b0 Vert<br \/>\n<\/strong><\/h2>\n<p><span>Distance de travail 20 m<br \/>\n<\/span><span>Distance de travail avec r\u00e9cepteur portable 40\/50 m<br \/>\n<\/span><span>Pr\u00e9cision \u00b1 0,2 mm \/ m<br \/>\n<\/span><span>Projection laser 3 lignes de 360 \u200b\u200b\u00b0<br \/>\n<\/span><span>Filetage pour tr\u00e9pied 1\/4 &#8220;5\/8&#8221;<br \/>\n<\/span><span>Laser classe 2<br \/>\n<\/span><span>Diode laser 532 nm, &lt;1 mW Poussi\u00e8re \/<br \/>\n<\/span><span>classe de densit\u00e9 d&#8217;eau IP 54<br \/>\n<\/span><span>Batterie Batterie Li-ion<br \/>\n<\/span><span>Tailles 130x160x60 mm<br \/>\n<\/span><span>Poids 0,9 kg inclus:<br \/>\n<\/span><span>Instrument laser<br \/>\n<\/span><span>Foudraal<br \/>\n<\/span><span>Rechargeable<br \/>\n<\/span><span>batterie<br \/>\n<\/span><span>Chargeur<br \/>\n<\/span><span>Laser<br \/>\n<\/span><span>cible<br \/>\n<\/span><span>assiette<br \/>\n<\/span><span>instructions<\/span><\/p>\n<h2><strong><br \/>\n<\/strong><\/h2>\n","protected":false},"featured_media":7141,"template":"","meta":[],"product_cat":[457],"product_tag":[1443],"class_list":{"0":"post-7129","1":"product","2":"type-product","3":"status-publish","4":"has-post-thumbnail","6":"product_cat-instruments-de-mesure","7":"product_tag-ada-toplineur-vert-3360-art-n00484-00507","8":"product_brand-ada","10":"first","11":"instock","12":"shipping-taxable","13":"product-type-simple","14":"col-xs-6 col-sm-4","15":"col-md-3 col-lg-3","16":"un-4-cols"},"yoast_head":"<!-- This site is optimized with the Yoast SEO plugin v22.5 - https:\/\/yoast.com\/wordpress\/plugins\/seo\/ -->\n<title>ADA TOPLINEUR VERT 3*360 ART N\u00b000484\/00507 - EURL HOSNA KAMEL<\/title>\n<meta name=\"description\" content=\"ADA TOPLINEUR VERT 3*360 ART N\u00b000484\/00507 - EURL HOSNA KAMEL\" \/>\n<meta name=\"robots\" content=\"index, follow, max-snippet:-1, max-image-preview:large, max-video-preview:-1\" \/>\n<link rel=\"canonical\" href=\"https:\/\/eurlhosnakamel.dz\/dz\/produit\/ada-toplineur-vert-3360-art-n00484-00507\/\" \/>\n<meta property=\"og:locale\" content=\"fr_FR\" \/>\n<meta property=\"og:type\" content=\"article\" \/>\n<meta property=\"og:title\" content=\"ADA TOPLINEUR VERT 3*360 ART N\u00b000484\/00507 - EURL HOSNA KAMEL\" \/>\n<meta property=\"og:description\" content=\"ADA TOPLINEUR VERT 3*360 ART N\u00b000484\/00507 - EURL HOSNA KAMEL\" \/>\n<meta property=\"og:url\" content=\"https:\/\/eurlhosnakamel.dz\/dz\/produit\/ada-toplineur-vert-3360-art-n00484-00507\/\" \/>\n<meta property=\"og:site_name\" content=\"EURL HOSNA KAMEL\" \/>\n<meta property=\"article:publisher\" content=\"https:\/\/www.facebook.com\/Eurl.Hosna.DZ\/\" \/>\n<meta property=\"article:modified_time\" content=\"2020-04-21T11:10:58+00:00\" \/>\n<meta property=\"og:image\" content=\"https:\/\/eurlhosnakamel.dz\/dz\/wp-content\/uploads\/2020\/04\/44ADA-TOPLINEUR-VERT-3360-ART-N\u00b000484-00507-eurl-hosna-kamel-algerie.jpg\" \/>\n\t<meta property=\"og:image:width\" content=\"512\" \/>\n\t<meta property=\"og:image:height\" content=\"512\" \/>\n\t<meta property=\"og:image:type\" content=\"image\/jpeg\" \/>\n<meta name=\"twitter:card\" content=\"summary_large_image\" \/>\n<meta name=\"twitter:label1\" content=\"Dur\u00e9e de lecture estim\u00e9e\" \/>\n\t<meta name=\"twitter:data1\" content=\"1 minute\" \/>\n<script type=\"application\/ld+json\" class=\"yoast-schema-graph\">{\"@context\":\"https:\/\/schema.org\",\"@graph\":[{\"@type\":\"WebPage\",\"@id\":\"https:\/\/eurlhosnakamel.dz\/dz\/produit\/ada-toplineur-vert-3360-art-n00484-00507\/\",\"url\":\"https:\/\/eurlhosnakamel.dz\/dz\/produit\/ada-toplineur-vert-3360-art-n00484-00507\/\",\"name\":\"ADA TOPLINEUR VERT 3*360 ART N\u00b000484\/00507 - EURL HOSNA KAMEL\",\"isPartOf\":{\"@id\":\"https:\/\/eurlhosnakamel.dz\/dz\/#website\"},\"primaryImageOfPage\":{\"@id\":\"https:\/\/eurlhosnakamel.dz\/dz\/produit\/ada-toplineur-vert-3360-art-n00484-00507\/#primaryimage\"},\"image\":{\"@id\":\"https:\/\/eurlhosnakamel.dz\/dz\/produit\/ada-toplineur-vert-3360-art-n00484-00507\/#primaryimage\"},\"thumbnailUrl\":\"https:\/\/eurlhosnakamel.dz\/dz\/wp-content\/uploads\/2020\/04\/44ADA-TOPLINEUR-VERT-3360-ART-N\u00b000484-00507-eurl-hosna-kamel-algerie.jpg\",\"datePublished\":\"2020-04-21T11:10:57+00:00\",\"dateModified\":\"2020-04-21T11:10:58+00:00\",\"description\":\"ADA TOPLINEUR VERT 3*360 ART N\u00b000484\/00507 - EURL HOSNA KAMEL\",\"breadcrumb\":{\"@id\":\"https:\/\/eurlhosnakamel.dz\/dz\/produit\/ada-toplineur-vert-3360-art-n00484-00507\/#breadcrumb\"},\"inLanguage\":\"fr-FR\",\"potentialAction\":[{\"@type\":\"ReadAction\",\"target\":[\"https:\/\/eurlhosnakamel.dz\/dz\/produit\/ada-toplineur-vert-3360-art-n00484-00507\/\"]}]},{\"@type\":\"ImageObject\",\"inLanguage\":\"fr-FR\",\"@id\":\"https:\/\/eurlhosnakamel.dz\/dz\/produit\/ada-toplineur-vert-3360-art-n00484-00507\/#primaryimage\",\"url\":\"https:\/\/eurlhosnakamel.dz\/dz\/wp-content\/uploads\/2020\/04\/44ADA-TOPLINEUR-VERT-3360-ART-N\u00b000484-00507-eurl-hosna-kamel-algerie.jpg\",\"contentUrl\":\"https:\/\/eurlhosnakamel.dz\/dz\/wp-content\/uploads\/2020\/04\/44ADA-TOPLINEUR-VERT-3360-ART-N\u00b000484-00507-eurl-hosna-kamel-algerie.jpg\",\"width\":512,\"height\":512},{\"@type\":\"BreadcrumbList\",\"@id\":\"https:\/\/eurlhosnakamel.dz\/dz\/produit\/ada-toplineur-vert-3360-art-n00484-00507\/#breadcrumb\",\"itemListElement\":[{\"@type\":\"ListItem\",\"position\":1,\"name\":\"Accueil\",\"item\":\"https:\/\/eurlhosnakamel.dz\/dz\/\"},{\"@type\":\"ListItem\",\"position\":2,\"name\":\"Shop\",\"item\":\"https:\/\/eurlhosnakamel.dz\/dz\/shop\/\"},{\"@type\":\"ListItem\",\"position\":3,\"name\":\"ADA TOPLINEUR VERT 3*360 ART N\u00b000484\/00507\"}]},{\"@type\":\"WebSite\",\"@id\":\"https:\/\/eurlhosnakamel.dz\/dz\/#website\",\"url\":\"https:\/\/eurlhosnakamel.dz\/dz\/\",\"name\":\"EURL HOSNA KAMEL\",\"description\":\"Fournisseur Premium d&#039;Outillages Professionnels en Alg\u00e9rie -\",\"publisher\":{\"@id\":\"https:\/\/eurlhosnakamel.dz\/dz\/#organization\"},\"potentialAction\":[{\"@type\":\"SearchAction\",\"target\":{\"@type\":\"EntryPoint\",\"urlTemplate\":\"https:\/\/eurlhosnakamel.dz\/dz\/?s={search_term_string}\"},\"query-input\":\"required name=search_term_string\"}],\"inLanguage\":\"fr-FR\"},{\"@type\":\"Organization\",\"@id\":\"https:\/\/eurlhosnakamel.dz\/dz\/#organization\",\"name\":\"EURL HOSNA KAMEL - Bosch alg\u00e9rie\",\"url\":\"https:\/\/eurlhosnakamel.dz\/dz\/\",\"logo\":{\"@type\":\"ImageObject\",\"inLanguage\":\"fr-FR\",\"@id\":\"https:\/\/eurlhosnakamel.dz\/dz\/#\/schema\/logo\/image\/\",\"url\":\"https:\/\/eurlhosnakamel.dz\/wp-content\/uploads\/2020\/04\/LOGO-HOSNA1.png\",\"contentUrl\":\"https:\/\/eurlhosnakamel.dz\/wp-content\/uploads\/2020\/04\/LOGO-HOSNA1.png\",\"width\":120,\"height\":127,\"caption\":\"EURL HOSNA KAMEL - Bosch alg\u00e9rie\"},\"image\":{\"@id\":\"https:\/\/eurlhosnakamel.dz\/dz\/#\/schema\/logo\/image\/\"},\"sameAs\":[\"https:\/\/www.facebook.com\/Eurl.Hosna.DZ\/\"]}]}<\/script>\n<!-- \/ Yoast SEO plugin. -->","yoast_head_json":{"title":"ADA TOPLINEUR VERT 3*360 ART N\u00b000484\/00507 - EURL HOSNA KAMEL","description":"ADA TOPLINEUR VERT 3*360 ART N\u00b000484\/00507 - EURL HOSNA KAMEL","robots":{"index":"index","follow":"follow","max-snippet":"max-snippet:-1","max-image-preview":"max-image-preview:large","max-video-preview":"max-video-preview:-1"},"canonical":"https:\/\/eurlhosnakamel.dz\/dz\/produit\/ada-toplineur-vert-3360-art-n00484-00507\/","og_locale":"fr_FR","og_type":"article","og_title":"ADA TOPLINEUR VERT 3*360 ART N\u00b000484\/00507 - EURL HOSNA KAMEL","og_description":"ADA TOPLINEUR VERT 3*360 ART N\u00b000484\/00507 - EURL HOSNA KAMEL","og_url":"https:\/\/eurlhosnakamel.dz\/dz\/produit\/ada-toplineur-vert-3360-art-n00484-00507\/","og_site_name":"EURL HOSNA KAMEL","article_publisher":"https:\/\/www.facebook.com\/Eurl.Hosna.DZ\/","article_modified_time":"2020-04-21T11:10:58+00:00","og_image":[{"width":512,"height":512,"url":"https:\/\/eurlhosnakamel.dz\/dz\/wp-content\/uploads\/2020\/04\/44ADA-TOPLINEUR-VERT-3360-ART-N\u00b000484-00507-eurl-hosna-kamel-algerie.jpg","type":"image\/jpeg"}],"twitter_card":"summary_large_image","twitter_misc":{"Dur\u00e9e de lecture estim\u00e9e":"1 minute"},"schema":{"@context":"https:\/\/schema.org","@graph":[{"@type":"WebPage","@id":"https:\/\/eurlhosnakamel.dz\/dz\/produit\/ada-toplineur-vert-3360-art-n00484-00507\/","url":"https:\/\/eurlhosnakamel.dz\/dz\/produit\/ada-toplineur-vert-3360-art-n00484-00507\/","name":"ADA TOPLINEUR VERT 3*360 ART N\u00b000484\/00507 - EURL HOSNA KAMEL","isPartOf":{"@id":"https:\/\/eurlhosnakamel.dz\/dz\/#website"},"primaryImageOfPage":{"@id":"https:\/\/eurlhosnakamel.dz\/dz\/produit\/ada-toplineur-vert-3360-art-n00484-00507\/#primaryimage"},"image":{"@id":"https:\/\/eurlhosnakamel.dz\/dz\/produit\/ada-toplineur-vert-3360-art-n00484-00507\/#primaryimage"},"thumbnailUrl":"https:\/\/eurlhosnakamel.dz\/dz\/wp-content\/uploads\/2020\/04\/44ADA-TOPLINEUR-VERT-3360-ART-N\u00b000484-00507-eurl-hosna-kamel-algerie.jpg","datePublished":"2020-04-21T11:10:57+00:00","dateModified":"2020-04-21T11:10:58+00:00","description":"ADA TOPLINEUR VERT 3*360 ART N\u00b000484\/00507 - EURL HOSNA KAMEL","breadcrumb":{"@id":"https:\/\/eurlhosnakamel.dz\/dz\/produit\/ada-toplineur-vert-3360-art-n00484-00507\/#breadcrumb"},"inLanguage":"fr-FR","potentialAction":[{"@type":"ReadAction","target":["https:\/\/eurlhosnakamel.dz\/dz\/produit\/ada-toplineur-vert-3360-art-n00484-00507\/"]}]},{"@type":"ImageObject","inLanguage":"fr-FR","@id":"https:\/\/eurlhosnakamel.dz\/dz\/produit\/ada-toplineur-vert-3360-art-n00484-00507\/#primaryimage","url":"https:\/\/eurlhosnakamel.dz\/dz\/wp-content\/uploads\/2020\/04\/44ADA-TOPLINEUR-VERT-3360-ART-N\u00b000484-00507-eurl-hosna-kamel-algerie.jpg","contentUrl":"https:\/\/eurlhosnakamel.dz\/dz\/wp-content\/uploads\/2020\/04\/44ADA-TOPLINEUR-VERT-3360-ART-N\u00b000484-00507-eurl-hosna-kamel-algerie.jpg","width":512,"height":512},{"@type":"BreadcrumbList","@id":"https:\/\/eurlhosnakamel.dz\/dz\/produit\/ada-toplineur-vert-3360-art-n00484-00507\/#breadcrumb","itemListElement":[{"@type":"ListItem","position":1,"name":"Accueil","item":"https:\/\/eurlhosnakamel.dz\/dz\/"},{"@type":"ListItem","position":2,"name":"Shop","item":"https:\/\/eurlhosnakamel.dz\/dz\/shop\/"},{"@type":"ListItem","position":3,"name":"ADA TOPLINEUR VERT 3*360 ART N\u00b000484\/00507"}]},{"@type":"WebSite","@id":"https:\/\/eurlhosnakamel.dz\/dz\/#website","url":"https:\/\/eurlhosnakamel.dz\/dz\/","name":"EURL HOSNA KAMEL","description":"Fournisseur Premium d&#039;Outillages Professionnels en Alg\u00e9rie -","publisher":{"@id":"https:\/\/eurlhosnakamel.dz\/dz\/#organization"},"potentialAction":[{"@type":"SearchAction","target":{"@type":"EntryPoint","urlTemplate":"https:\/\/eurlhosnakamel.dz\/dz\/?s={search_term_string}"},"query-input":"required name=search_term_string"}],"inLanguage":"fr-FR"},{"@type":"Organization","@id":"https:\/\/eurlhosnakamel.dz\/dz\/#organization","name":"EURL HOSNA KAMEL - Bosch alg\u00e9rie","url":"https:\/\/eurlhosnakamel.dz\/dz\/","logo":{"@type":"ImageObject","inLanguage":"fr-FR","@id":"https:\/\/eurlhosnakamel.dz\/dz\/#\/schema\/logo\/image\/","url":"https:\/\/eurlhosnakamel.dz\/wp-content\/uploads\/2020\/04\/LOGO-HOSNA1.png","contentUrl":"https:\/\/eurlhosnakamel.dz\/wp-content\/uploads\/2020\/04\/LOGO-HOSNA1.png","width":120,"height":127,"caption":"EURL HOSNA KAMEL - Bosch alg\u00e9rie"},"image":{"@id":"https:\/\/eurlhosnakamel.dz\/dz\/#\/schema\/logo\/image\/"},"sameAs":["https:\/\/www.facebook.com\/Eurl.Hosna.DZ\/"]}]}},"_links":{"self":[{"href":"https:\/\/eurlhosnakamel.dz\/dz\/wp-json\/wp\/v2\/product\/7129","targetHints":{"allow":["GET"]}}],"collection":[{"href":"https:\/\/eurlhosnakamel.dz\/dz\/wp-json\/wp\/v2\/product"}],"about":[{"href":"https:\/\/eurlhosnakamel.dz\/dz\/wp-json\/wp\/v2\/types\/product"}],"wp:featuredmedia":[{"embeddable":true,"href":"https:\/\/eurlhosnakamel.dz\/dz\/wp-json\/wp\/v2\/media\/7141"}],"wp:attachment":[{"href":"https:\/\/eurlhosnakamel.dz\/dz\/wp-json\/wp\/v2\/media?parent=7129"}],"wp:term":[{"taxonomy":"product_cat","embeddable":true,"href":"https:\/\/eurlhosnakamel.dz\/dz\/wp-json\/wp\/v2\/product_cat?post=7129"},{"taxonomy":"product_tag","embeddable":true,"href":"https:\/\/eurlhosnakamel.dz\/dz\/wp-json\/wp\/v2\/product_tag?post=7129"}],"curies":[{"name":"wp","href":"https:\/\/api.w.org\/{rel}","templated":true}]}}