{"id":7155,"date":"2020-04-21T11:10:58","date_gmt":"2020-04-21T11:10:58","guid":{"rendered":"https:\/\/lhchosting.com\/hosna\/?post_type=product&#038;p=7155"},"modified":"2020-04-21T11:12:33","modified_gmt":"2020-04-21T11:12:33","slug":"oleo-mac-tronconneuse-a-essence-64-cm3-61-cm-gs-650-61-r","status":"publish","type":"product","link":"https:\/\/eurlhosnakamel.dz\/dz\/produit\/oleo-mac-tronconneuse-a-essence-64-cm3-61-cm-gs-650-61-r\/","title":{"rendered":"OLEO MAC TRONCONNEUSE A ESSENCE 64 cm3 61 cm GS 650-61 R"},"content":{"rendered":"<table id=\"tab_prod_accabb\">\n<tbody>\n<tr>\n<td>\n<h4>Accessoires<\/h4>\n<ul>\n<li><a href=\"http:\/\/www.oleomac.fr\/Livello.jsp?idMarchio=1&amp;idFamigliaRif=1&amp;idFamiglia=11&amp;idSottoFamiglia=15&amp;idProdotto=32\">Rond \u00d8 3\/16&#8221; &#8211; 4,8 mm adapt\u00e9 \u00e0 cha\u00eene de type 20 BP, 95 VG, 21 BP, 21 LP<\/a><\/li>\n<li><a href=\"http:\/\/www.oleomac.fr\/Livello.jsp?idMarchio=1&amp;idFamigliaRif=1&amp;idFamiglia=11&amp;idSottoFamiglia=16&amp;idProdotto=33\">Embout rempla\u00e7able .325&#8221; x .058&#8221; adapt\u00e9 aux tron\u00e7onneuses 956, 962, 965 HD<\/a><\/li>\n<li><a href=\"http:\/\/www.oleomac.fr\/Livello.jsp?idMarchio=1&amp;idFamigliaRif=1&amp;idFamiglia=11&amp;idSottoFamiglia=16&amp;idProdotto=34\">Embout rempla\u00e7able .3\/8&#8221; x .058&#8221; adapt\u00e9 aux tron\u00e7onneuses 956, 962, 971, 981, 985 HD<\/a><\/li>\n<li><a href=\"http:\/\/www.oleomac.fr\/Livello.jsp?idMarchio=1&amp;idFamigliaRif=1&amp;idFamiglia=11&amp;idSottoFamiglia=17&amp;idProdotto=37\">Couvre-guide 40 cm<\/a><\/li>\n<li><a href=\"http:\/\/www.oleomac.fr\/Livello.jsp?idMarchio=1&amp;idFamigliaRif=1&amp;idFamiglia=11&amp;idSottoFamiglia=18&amp;idProdotto=38\">Limes plates longueur 6&#8221; &#8211; 150 mm<\/a><\/li>\n<li><a href=\"http:\/\/www.oleomac.fr\/Livello.jsp?idMarchio=1&amp;idFamigliaRif=1&amp;idFamiglia=11&amp;idSottoFamiglia=15&amp;idProdotto=397\">Rond \u00d8 7\/32&#8221; &#8211; 5,6 mm adapt\u00e9 \u00e0 cha\u00eene de type 59 AC, 73 DX, 73 LP, 73 DP<\/a><\/li>\n<li><a href=\"http:\/\/www.oleomac.fr\/Livello.jsp?idMarchio=1&amp;idFamigliaRif=1&amp;idFamiglia=11&amp;idSottoFamiglia=15&amp;idProdotto=398\">Rond \u00d8 13\/64&#8221; &#8211; 5,2 mm adapt\u00e9 \u00e0 cha\u00eenes de type 59 AC, 73 DX, 73 LP, 73 DP us\u00e9es<\/a><\/li>\n<li><a href=\"http:\/\/www.oleomac.fr\/Livello.jsp?idMarchio=1&amp;idFamigliaRif=1&amp;idFamiglia=11&amp;idSottoFamiglia=17&amp;idProdotto=399\">Couvre-guide 40 cm mini<\/a><\/li>\n<li><a href=\"http:\/\/www.oleomac.fr\/Livello.jsp?idMarchio=1&amp;idFamigliaRif=1&amp;idFamiglia=11&amp;idSottoFamiglia=17&amp;idProdotto=400\">Couvre-guide 45 cm<\/a><\/li>\n<li><a href=\"http:\/\/www.oleomac.fr\/Livello.jsp?idMarchio=1&amp;idFamigliaRif=1&amp;idFamiglia=11&amp;idSottoFamiglia=17&amp;idProdotto=401\">Couvre-guide 50 cm<\/a><\/li>\n<\/ul>\n<\/td>\n<td>\n<h4>V\u00eatements<\/h4>\n<ul>\n<li><a href=\"http:\/\/www.oleomac.fr\/Livello.jsp?idMarchio=1&amp;idFamigliaRif=1&amp;idFamiglia=508&amp;idSottoFamiglia=172\">Veste de protection contre les coupures<\/a><\/li>\n<li><a href=\"http:\/\/www.oleomac.fr\/Livello.jsp?idMarchio=1&amp;idFamigliaRif=1&amp;idFamiglia=508&amp;idSottoFamiglia=173\">Pantalon de protection contre les coupures<\/a><\/li>\n<li><a href=\"http:\/\/www.oleomac.fr\/Livello.jsp?idMarchio=1&amp;idFamigliaRif=1&amp;idFamiglia=508&amp;idSottoFamiglia=174\">Salopette de protection contre les coupures<\/a><\/li>\n<li><a href=\"http:\/\/www.oleomac.fr\/Livello.jsp?idMarchio=1&amp;idFamigliaRif=1&amp;idFamiglia=508&amp;idSottoFamiglia=175\">Gu\u00eatres de protection contre les coupures<\/a><\/li>\n<li><a href=\"http:\/\/www.oleomac.fr\/Livello.jsp?idMarchio=1&amp;idFamigliaRif=1&amp;idFamiglia=508&amp;idSottoFamiglia=177\">Casque de protection avec oreillettes et visi\u00e8re<\/a><\/li>\n<li><a href=\"http:\/\/www.oleomac.fr\/Livello.jsp?idMarchio=1&amp;idFamigliaRif=1&amp;idFamiglia=508&amp;idSottoFamiglia=179\">Oreillettes anti-bruit<\/a><\/li>\n<li><a href=\"http:\/\/www.oleomac.fr\/Livello.jsp?idMarchio=1&amp;idFamigliaRif=1&amp;idFamiglia=508&amp;idSottoFamiglia=181\">Gants professionnels contre les coupures<\/a><\/li>\n<li><a href=\"http:\/\/www.oleomac.fr\/Livello.jsp?idMarchio=1&amp;idFamigliaRif=1&amp;idFamiglia=508&amp;idSottoFamiglia=184\">Bottes foresti\u00e8res contre les coupures<\/a><\/li>\n<li><a href=\"http:\/\/www.oleomac.fr\/Livello.jsp?idMarchio=1&amp;idFamigliaRif=1&amp;idFamiglia=508&amp;idSottoFamiglia=185\">Chaussures foresti\u00e8res contre les coupures<\/a><\/li>\n<\/ul>\n<\/td>\n<\/tr>\n<\/tbody>\n<\/table>\n","protected":false},"excerpt":{"rendered":"<table id=\"scheda_dati_tecnici\">\n<tbody>\n<tr>\n<td><strong>Puissance\/Cylindr\u00e9e<\/strong><\/td>\n<td>4,7 ch &#8211; 3,5 kW \/ 61,5 cm\u00b3<\/td>\n<\/tr>\n<tr>\n<td><strong>Longueur guide<\/strong><\/td>\n<td>38-41-46-51 cm \/ 15&#8221;-16&#8221;-18&#8221;-20&#8221;<\/td>\n<\/tr>\n<tr>\n<td><strong>Cha\u00eene (pas x \u00e9paisseur)<\/strong><\/td>\n<td>.325&#8221;x.058&#8221; \/ 3\/8&#8221;x.058&#8221;<\/td>\n<\/tr>\n<tr>\n<td><strong>Pompe huile<\/strong><\/td>\n<td>automatique \/ r\u00e9glable<\/td>\n<\/tr>\n<tr>\n<td><strong>Capacit\u00e9 r\u00e9servoir huile\/carburant<\/strong><\/td>\n<td>0,45 L\/0,80 L<\/td>\n<\/tr>\n<tr>\n<td><strong>Poids<\/strong><\/td>\n<td>6,3 Kg<\/td>\n<\/tr>\n<\/tbody>\n<\/table>\n","protected":false},"featured_media":7157,"template":"","meta":[],"product_cat":[957],"product_tag":[1445],"class_list":{"0":"post-7155","1":"product","2":"type-product","3":"status-publish","4":"has-post-thumbnail","6":"product_cat-jardinage","7":"product_tag-oleo-mac-tronconneuse-a-essence-64-cm3-61-cm-gs-650-61-r","8":"product_brand-oleomac","10":"first","11":"instock","12":"shipping-taxable","13":"product-type-simple","14":"col-xs-6 col-sm-4","15":"col-md-3 col-lg-3","16":"un-4-cols"},"yoast_head":"<!-- This site is optimized with the Yoast SEO plugin v22.5 - https:\/\/yoast.com\/wordpress\/plugins\/seo\/ -->\n<title>OLEO MAC TRONCONNEUSE A ESSENCE 64 cm3 61 cm GS 650-61 R - EURL HOSNA KAMEL<\/title>\n<meta name=\"description\" content=\"OLEO MAC TRONCONNEUSE A ESSENCE 64 cm3 61 cm GS 650-61 R - EURL HOSNA KAMEL\" \/>\n<meta name=\"robots\" content=\"index, follow, max-snippet:-1, max-image-preview:large, max-video-preview:-1\" \/>\n<link rel=\"canonical\" href=\"https:\/\/eurlhosnakamel.dz\/dz\/produit\/oleo-mac-tronconneuse-a-essence-64-cm3-61-cm-gs-650-61-r\/\" \/>\n<meta property=\"og:locale\" content=\"fr_FR\" \/>\n<meta property=\"og:type\" content=\"article\" \/>\n<meta property=\"og:title\" content=\"OLEO MAC TRONCONNEUSE A ESSENCE 64 cm3 61 cm GS 650-61 R - EURL HOSNA KAMEL\" \/>\n<meta property=\"og:description\" content=\"OLEO MAC TRONCONNEUSE A ESSENCE 64 cm3 61 cm GS 650-61 R - EURL HOSNA KAMEL\" \/>\n<meta property=\"og:url\" content=\"https:\/\/eurlhosnakamel.dz\/dz\/produit\/oleo-mac-tronconneuse-a-essence-64-cm3-61-cm-gs-650-61-r\/\" \/>\n<meta property=\"og:site_name\" content=\"EURL HOSNA KAMEL\" \/>\n<meta property=\"article:publisher\" content=\"https:\/\/www.facebook.com\/Eurl.Hosna.DZ\/\" \/>\n<meta property=\"article:modified_time\" content=\"2020-04-21T11:12:33+00:00\" \/>\n<meta property=\"og:image\" content=\"https:\/\/eurlhosnakamel.dz\/dz\/wp-content\/uploads\/2020\/04\/OLEO-MAC-TRONC.-A-ESS.-64cm3-61cm-GS650-61R-eurl-hosna-kamel-algerie.jpg\" \/>\n\t<meta property=\"og:image:width\" content=\"512\" \/>\n\t<meta property=\"og:image:height\" content=\"512\" \/>\n\t<meta property=\"og:image:type\" content=\"image\/jpeg\" \/>\n<meta name=\"twitter:card\" content=\"summary_large_image\" \/>\n<meta name=\"twitter:label1\" content=\"Dur\u00e9e de lecture estim\u00e9e\" \/>\n\t<meta name=\"twitter:data1\" content=\"1 minute\" \/>\n<script type=\"application\/ld+json\" class=\"yoast-schema-graph\">{\"@context\":\"https:\/\/schema.org\",\"@graph\":[{\"@type\":\"WebPage\",\"@id\":\"https:\/\/eurlhosnakamel.dz\/dz\/produit\/oleo-mac-tronconneuse-a-essence-64-cm3-61-cm-gs-650-61-r\/\",\"url\":\"https:\/\/eurlhosnakamel.dz\/dz\/produit\/oleo-mac-tronconneuse-a-essence-64-cm3-61-cm-gs-650-61-r\/\",\"name\":\"OLEO MAC TRONCONNEUSE A ESSENCE 64 cm3 61 cm GS 650-61 R - EURL HOSNA KAMEL\",\"isPartOf\":{\"@id\":\"https:\/\/eurlhosnakamel.dz\/dz\/#website\"},\"primaryImageOfPage\":{\"@id\":\"https:\/\/eurlhosnakamel.dz\/dz\/produit\/oleo-mac-tronconneuse-a-essence-64-cm3-61-cm-gs-650-61-r\/#primaryimage\"},\"image\":{\"@id\":\"https:\/\/eurlhosnakamel.dz\/dz\/produit\/oleo-mac-tronconneuse-a-essence-64-cm3-61-cm-gs-650-61-r\/#primaryimage\"},\"thumbnailUrl\":\"https:\/\/eurlhosnakamel.dz\/dz\/wp-content\/uploads\/2020\/04\/OLEO-MAC-TRONC.-A-ESS.-64cm3-61cm-GS650-61R-eurl-hosna-kamel-algerie.jpg\",\"datePublished\":\"2020-04-21T11:10:58+00:00\",\"dateModified\":\"2020-04-21T11:12:33+00:00\",\"description\":\"OLEO MAC TRONCONNEUSE A ESSENCE 64 cm3 61 cm GS 650-61 R - EURL HOSNA KAMEL\",\"breadcrumb\":{\"@id\":\"https:\/\/eurlhosnakamel.dz\/dz\/produit\/oleo-mac-tronconneuse-a-essence-64-cm3-61-cm-gs-650-61-r\/#breadcrumb\"},\"inLanguage\":\"fr-FR\",\"potentialAction\":[{\"@type\":\"ReadAction\",\"target\":[\"https:\/\/eurlhosnakamel.dz\/dz\/produit\/oleo-mac-tronconneuse-a-essence-64-cm3-61-cm-gs-650-61-r\/\"]}]},{\"@type\":\"ImageObject\",\"inLanguage\":\"fr-FR\",\"@id\":\"https:\/\/eurlhosnakamel.dz\/dz\/produit\/oleo-mac-tronconneuse-a-essence-64-cm3-61-cm-gs-650-61-r\/#primaryimage\",\"url\":\"https:\/\/eurlhosnakamel.dz\/dz\/wp-content\/uploads\/2020\/04\/OLEO-MAC-TRONC.-A-ESS.-64cm3-61cm-GS650-61R-eurl-hosna-kamel-algerie.jpg\",\"contentUrl\":\"https:\/\/eurlhosnakamel.dz\/dz\/wp-content\/uploads\/2020\/04\/OLEO-MAC-TRONC.-A-ESS.-64cm3-61cm-GS650-61R-eurl-hosna-kamel-algerie.jpg\",\"width\":512,\"height\":512},{\"@type\":\"BreadcrumbList\",\"@id\":\"https:\/\/eurlhosnakamel.dz\/dz\/produit\/oleo-mac-tronconneuse-a-essence-64-cm3-61-cm-gs-650-61-r\/#breadcrumb\",\"itemListElement\":[{\"@type\":\"ListItem\",\"position\":1,\"name\":\"Accueil\",\"item\":\"https:\/\/eurlhosnakamel.dz\/dz\/\"},{\"@type\":\"ListItem\",\"position\":2,\"name\":\"Shop\",\"item\":\"https:\/\/eurlhosnakamel.dz\/dz\/shop\/\"},{\"@type\":\"ListItem\",\"position\":3,\"name\":\"OLEO MAC TRONCONNEUSE A ESSENCE 64 cm3 61 cm GS 650-61 R\"}]},{\"@type\":\"WebSite\",\"@id\":\"https:\/\/eurlhosnakamel.dz\/dz\/#website\",\"url\":\"https:\/\/eurlhosnakamel.dz\/dz\/\",\"name\":\"EURL HOSNA KAMEL\",\"description\":\"Fournisseur Premium d&#039;Outillages Professionnels en Alg\u00e9rie -\",\"publisher\":{\"@id\":\"https:\/\/eurlhosnakamel.dz\/dz\/#organization\"},\"potentialAction\":[{\"@type\":\"SearchAction\",\"target\":{\"@type\":\"EntryPoint\",\"urlTemplate\":\"https:\/\/eurlhosnakamel.dz\/dz\/?s={search_term_string}\"},\"query-input\":\"required name=search_term_string\"}],\"inLanguage\":\"fr-FR\"},{\"@type\":\"Organization\",\"@id\":\"https:\/\/eurlhosnakamel.dz\/dz\/#organization\",\"name\":\"EURL HOSNA KAMEL - Bosch alg\u00e9rie\",\"url\":\"https:\/\/eurlhosnakamel.dz\/dz\/\",\"logo\":{\"@type\":\"ImageObject\",\"inLanguage\":\"fr-FR\",\"@id\":\"https:\/\/eurlhosnakamel.dz\/dz\/#\/schema\/logo\/image\/\",\"url\":\"https:\/\/eurlhosnakamel.dz\/wp-content\/uploads\/2020\/04\/LOGO-HOSNA1.png\",\"contentUrl\":\"https:\/\/eurlhosnakamel.dz\/wp-content\/uploads\/2020\/04\/LOGO-HOSNA1.png\",\"width\":120,\"height\":127,\"caption\":\"EURL HOSNA KAMEL - Bosch alg\u00e9rie\"},\"image\":{\"@id\":\"https:\/\/eurlhosnakamel.dz\/dz\/#\/schema\/logo\/image\/\"},\"sameAs\":[\"https:\/\/www.facebook.com\/Eurl.Hosna.DZ\/\"]}]}<\/script>\n<!-- \/ Yoast SEO plugin. -->","yoast_head_json":{"title":"OLEO MAC TRONCONNEUSE A ESSENCE 64 cm3 61 cm GS 650-61 R - EURL HOSNA KAMEL","description":"OLEO MAC TRONCONNEUSE A ESSENCE 64 cm3 61 cm GS 650-61 R - EURL HOSNA KAMEL","robots":{"index":"index","follow":"follow","max-snippet":"max-snippet:-1","max-image-preview":"max-image-preview:large","max-video-preview":"max-video-preview:-1"},"canonical":"https:\/\/eurlhosnakamel.dz\/dz\/produit\/oleo-mac-tronconneuse-a-essence-64-cm3-61-cm-gs-650-61-r\/","og_locale":"fr_FR","og_type":"article","og_title":"OLEO MAC TRONCONNEUSE A ESSENCE 64 cm3 61 cm GS 650-61 R - EURL HOSNA KAMEL","og_description":"OLEO MAC TRONCONNEUSE A ESSENCE 64 cm3 61 cm GS 650-61 R - EURL HOSNA KAMEL","og_url":"https:\/\/eurlhosnakamel.dz\/dz\/produit\/oleo-mac-tronconneuse-a-essence-64-cm3-61-cm-gs-650-61-r\/","og_site_name":"EURL HOSNA KAMEL","article_publisher":"https:\/\/www.facebook.com\/Eurl.Hosna.DZ\/","article_modified_time":"2020-04-21T11:12:33+00:00","og_image":[{"width":512,"height":512,"url":"https:\/\/eurlhosnakamel.dz\/dz\/wp-content\/uploads\/2020\/04\/OLEO-MAC-TRONC.-A-ESS.-64cm3-61cm-GS650-61R-eurl-hosna-kamel-algerie.jpg","type":"image\/jpeg"}],"twitter_card":"summary_large_image","twitter_misc":{"Dur\u00e9e de lecture estim\u00e9e":"1 minute"},"schema":{"@context":"https:\/\/schema.org","@graph":[{"@type":"WebPage","@id":"https:\/\/eurlhosnakamel.dz\/dz\/produit\/oleo-mac-tronconneuse-a-essence-64-cm3-61-cm-gs-650-61-r\/","url":"https:\/\/eurlhosnakamel.dz\/dz\/produit\/oleo-mac-tronconneuse-a-essence-64-cm3-61-cm-gs-650-61-r\/","name":"OLEO MAC TRONCONNEUSE A ESSENCE 64 cm3 61 cm GS 650-61 R - EURL HOSNA KAMEL","isPartOf":{"@id":"https:\/\/eurlhosnakamel.dz\/dz\/#website"},"primaryImageOfPage":{"@id":"https:\/\/eurlhosnakamel.dz\/dz\/produit\/oleo-mac-tronconneuse-a-essence-64-cm3-61-cm-gs-650-61-r\/#primaryimage"},"image":{"@id":"https:\/\/eurlhosnakamel.dz\/dz\/produit\/oleo-mac-tronconneuse-a-essence-64-cm3-61-cm-gs-650-61-r\/#primaryimage"},"thumbnailUrl":"https:\/\/eurlhosnakamel.dz\/dz\/wp-content\/uploads\/2020\/04\/OLEO-MAC-TRONC.-A-ESS.-64cm3-61cm-GS650-61R-eurl-hosna-kamel-algerie.jpg","datePublished":"2020-04-21T11:10:58+00:00","dateModified":"2020-04-21T11:12:33+00:00","description":"OLEO MAC TRONCONNEUSE A ESSENCE 64 cm3 61 cm GS 650-61 R - EURL HOSNA KAMEL","breadcrumb":{"@id":"https:\/\/eurlhosnakamel.dz\/dz\/produit\/oleo-mac-tronconneuse-a-essence-64-cm3-61-cm-gs-650-61-r\/#breadcrumb"},"inLanguage":"fr-FR","potentialAction":[{"@type":"ReadAction","target":["https:\/\/eurlhosnakamel.dz\/dz\/produit\/oleo-mac-tronconneuse-a-essence-64-cm3-61-cm-gs-650-61-r\/"]}]},{"@type":"ImageObject","inLanguage":"fr-FR","@id":"https:\/\/eurlhosnakamel.dz\/dz\/produit\/oleo-mac-tronconneuse-a-essence-64-cm3-61-cm-gs-650-61-r\/#primaryimage","url":"https:\/\/eurlhosnakamel.dz\/dz\/wp-content\/uploads\/2020\/04\/OLEO-MAC-TRONC.-A-ESS.-64cm3-61cm-GS650-61R-eurl-hosna-kamel-algerie.jpg","contentUrl":"https:\/\/eurlhosnakamel.dz\/dz\/wp-content\/uploads\/2020\/04\/OLEO-MAC-TRONC.-A-ESS.-64cm3-61cm-GS650-61R-eurl-hosna-kamel-algerie.jpg","width":512,"height":512},{"@type":"BreadcrumbList","@id":"https:\/\/eurlhosnakamel.dz\/dz\/produit\/oleo-mac-tronconneuse-a-essence-64-cm3-61-cm-gs-650-61-r\/#breadcrumb","itemListElement":[{"@type":"ListItem","position":1,"name":"Accueil","item":"https:\/\/eurlhosnakamel.dz\/dz\/"},{"@type":"ListItem","position":2,"name":"Shop","item":"https:\/\/eurlhosnakamel.dz\/dz\/shop\/"},{"@type":"ListItem","position":3,"name":"OLEO MAC TRONCONNEUSE A ESSENCE 64 cm3 61 cm GS 650-61 R"}]},{"@type":"WebSite","@id":"https:\/\/eurlhosnakamel.dz\/dz\/#website","url":"https:\/\/eurlhosnakamel.dz\/dz\/","name":"EURL HOSNA KAMEL","description":"Fournisseur Premium d&#039;Outillages Professionnels en Alg\u00e9rie -","publisher":{"@id":"https:\/\/eurlhosnakamel.dz\/dz\/#organization"},"potentialAction":[{"@type":"SearchAction","target":{"@type":"EntryPoint","urlTemplate":"https:\/\/eurlhosnakamel.dz\/dz\/?s={search_term_string}"},"query-input":"required name=search_term_string"}],"inLanguage":"fr-FR"},{"@type":"Organization","@id":"https:\/\/eurlhosnakamel.dz\/dz\/#organization","name":"EURL HOSNA KAMEL - Bosch alg\u00e9rie","url":"https:\/\/eurlhosnakamel.dz\/dz\/","logo":{"@type":"ImageObject","inLanguage":"fr-FR","@id":"https:\/\/eurlhosnakamel.dz\/dz\/#\/schema\/logo\/image\/","url":"https:\/\/eurlhosnakamel.dz\/wp-content\/uploads\/2020\/04\/LOGO-HOSNA1.png","contentUrl":"https:\/\/eurlhosnakamel.dz\/wp-content\/uploads\/2020\/04\/LOGO-HOSNA1.png","width":120,"height":127,"caption":"EURL HOSNA KAMEL - Bosch alg\u00e9rie"},"image":{"@id":"https:\/\/eurlhosnakamel.dz\/dz\/#\/schema\/logo\/image\/"},"sameAs":["https:\/\/www.facebook.com\/Eurl.Hosna.DZ\/"]}]}},"_links":{"self":[{"href":"https:\/\/eurlhosnakamel.dz\/dz\/wp-json\/wp\/v2\/product\/7155","targetHints":{"allow":["GET"]}}],"collection":[{"href":"https:\/\/eurlhosnakamel.dz\/dz\/wp-json\/wp\/v2\/product"}],"about":[{"href":"https:\/\/eurlhosnakamel.dz\/dz\/wp-json\/wp\/v2\/types\/product"}],"wp:featuredmedia":[{"embeddable":true,"href":"https:\/\/eurlhosnakamel.dz\/dz\/wp-json\/wp\/v2\/media\/7157"}],"wp:attachment":[{"href":"https:\/\/eurlhosnakamel.dz\/dz\/wp-json\/wp\/v2\/media?parent=7155"}],"wp:term":[{"taxonomy":"product_cat","embeddable":true,"href":"https:\/\/eurlhosnakamel.dz\/dz\/wp-json\/wp\/v2\/product_cat?post=7155"},{"taxonomy":"product_tag","embeddable":true,"href":"https:\/\/eurlhosnakamel.dz\/dz\/wp-json\/wp\/v2\/product_tag?post=7155"}],"curies":[{"name":"wp","href":"https:\/\/api.w.org\/{rel}","templated":true}]}}