{"id":7199,"date":"2020-04-21T11:38:40","date_gmt":"2020-04-21T11:38:40","guid":{"rendered":"https:\/\/lhchosting.com\/hosna\/?post_type=product&#038;p=7199"},"modified":"2020-04-21T11:38:40","modified_gmt":"2020-04-21T11:38:40","slug":"ada-scanner-mural-120-art-n00485","status":"publish","type":"product","link":"https:\/\/eurlhosnakamel.dz\/dz\/produit\/ada-scanner-mural-120-art-n00485\/","title":{"rendered":"ADA SCANNER MURAL 120  ART N\u00b000485"},"content":{"rendered":"<p><strong>Le d\u00e9tecteur de m\u00e9taux, de c\u00e2bles \u00e9lectriques et de bois ADA Wall Scanner 120 PROF permet de d\u00e9tecter dans les murs, sols, plafonds de m\u00e9taux ferreux ou non ferreux, de c\u00e2bles \u00e9lectriques sous tension, ainsi que de constructions en bois, en produisant un signal \u00e9lectrique. Utilisation facile. En cas de d\u00e9tection, l\u2019appareil produit un signal sonore et lumineux : signal rouge. Si la zone est libre l\u2019appareil produit un signal vert. Il est possible de couper le signal sonore. L\u2019\u00e9talonnage est automatique en tout mode de fonctionnement. Les r\u00e9sultats sont faciles \u00e0 lire sur un grand afficheur num\u00e9rique. Construction r\u00e9sistante aux chocs : bo\u00eetier rigide, recouvrement de protection.<\/strong><\/p>\n","protected":false},"excerpt":{"rendered":"<h1>D\u00e9tecteur de m\u00e9taux, de c\u00e2bles \u00e9lectriques et de bois ADA Wall Scanner 120 PROF<\/h1>\n<table class=\"ch\" border=\"1\" cellspacing=\"0\" cellpadding=\"0\">\n<tbody>\n<tr>\n<td>Profondeur de d\u00e9tection de m\u00e9taux (magn\u00e9tiques), mm<\/td>\n<td>120<\/td>\n<\/tr>\n<tr>\n<td>Profondeur de d\u00e9tection de m\u00e9taux (non magn\u00e9tiques), mm<\/td>\n<td>80<\/td>\n<\/tr>\n<tr>\n<td>Profondeur de d\u00e9tection de c\u00e2blage sous tension, mm<\/td>\n<td>50<\/td>\n<\/tr>\n<tr>\n<td>Profondeur de d\u00e9tection de bois, mm<\/td>\n<td>38<\/td>\n<\/tr>\n<tr>\n<td>Arr\u00eat automatique, min<\/td>\n<td>5<\/td>\n<\/tr>\n<tr>\n<td>Temp\u00e9rature de fonctionnement, \u00b0\u0421<\/td>\n<td>-10 \u2026 +50<\/td>\n<\/tr>\n<tr>\n<td>Temp\u00e9rature de stockage, \u00b0\u0421<\/td>\n<td>-20 \u2026 +70<\/td>\n<\/tr>\n<tr>\n<td>Piles\/tension, unit\u00e9 \u0445 type\/Volt<\/td>\n<td>9-V piles alcalines<\/td>\n<\/tr>\n<tr>\n<td>Temps de fonctionnement, heure<\/td>\n<td>6<\/td>\n<\/tr>\n<tr>\n<td>Poids, kg<\/td>\n<td>0.27<\/td>\n<\/tr>\n<\/tbody>\n<\/table>\n","protected":false},"featured_media":7205,"template":"","meta":[],"product_cat":[457],"product_tag":[1463],"class_list":{"0":"post-7199","1":"product","2":"type-product","3":"status-publish","4":"has-post-thumbnail","6":"product_cat-instruments-de-mesure","7":"product_tag-ada-scanner-mural-120-art-n00485","8":"product_brand-ada","10":"first","11":"instock","12":"shipping-taxable","13":"product-type-simple","14":"col-xs-6 col-sm-4","15":"col-md-3 col-lg-3","16":"un-4-cols"},"yoast_head":"<!-- This site is optimized with the Yoast SEO plugin v22.5 - https:\/\/yoast.com\/wordpress\/plugins\/seo\/ -->\n<title>ADA SCANNER MURAL 120 ART N\u00b000485 - EURL HOSNA KAMEL<\/title>\n<meta name=\"description\" content=\"ADA SCANNER MURAL 120 ART N\u00b000485 - EURL HOSNA KAMEL\" \/>\n<meta name=\"robots\" content=\"index, follow, max-snippet:-1, max-image-preview:large, max-video-preview:-1\" \/>\n<link rel=\"canonical\" href=\"https:\/\/eurlhosnakamel.dz\/dz\/produit\/ada-scanner-mural-120-art-n00485\/\" \/>\n<meta property=\"og:locale\" content=\"fr_FR\" \/>\n<meta property=\"og:type\" content=\"article\" \/>\n<meta property=\"og:title\" content=\"ADA SCANNER MURAL 120 ART N\u00b000485 - EURL HOSNA KAMEL\" \/>\n<meta property=\"og:description\" content=\"ADA SCANNER MURAL 120 ART N\u00b000485 - EURL HOSNA KAMEL\" \/>\n<meta property=\"og:url\" content=\"https:\/\/eurlhosnakamel.dz\/dz\/produit\/ada-scanner-mural-120-art-n00485\/\" \/>\n<meta property=\"og:site_name\" content=\"EURL HOSNA KAMEL\" \/>\n<meta property=\"article:publisher\" content=\"https:\/\/www.facebook.com\/Eurl.Hosna.DZ\/\" \/>\n<meta property=\"og:image\" content=\"https:\/\/eurlhosnakamel.dz\/dz\/wp-content\/uploads\/2020\/04\/49ADA-SCANNER-MURAL-120-ART-N\u00b000485-eurl-hosna-kamel-algerie.jpg\" \/>\n\t<meta property=\"og:image:width\" content=\"512\" \/>\n\t<meta property=\"og:image:height\" content=\"512\" \/>\n\t<meta property=\"og:image:type\" content=\"image\/jpeg\" \/>\n<meta name=\"twitter:card\" content=\"summary_large_image\" \/>\n<meta name=\"twitter:label1\" content=\"Dur\u00e9e de lecture estim\u00e9e\" \/>\n\t<meta name=\"twitter:data1\" content=\"1 minute\" \/>\n<script type=\"application\/ld+json\" class=\"yoast-schema-graph\">{\"@context\":\"https:\/\/schema.org\",\"@graph\":[{\"@type\":\"WebPage\",\"@id\":\"https:\/\/eurlhosnakamel.dz\/dz\/produit\/ada-scanner-mural-120-art-n00485\/\",\"url\":\"https:\/\/eurlhosnakamel.dz\/dz\/produit\/ada-scanner-mural-120-art-n00485\/\",\"name\":\"ADA SCANNER MURAL 120 ART N\u00b000485 - EURL HOSNA KAMEL\",\"isPartOf\":{\"@id\":\"https:\/\/eurlhosnakamel.dz\/dz\/#website\"},\"primaryImageOfPage\":{\"@id\":\"https:\/\/eurlhosnakamel.dz\/dz\/produit\/ada-scanner-mural-120-art-n00485\/#primaryimage\"},\"image\":{\"@id\":\"https:\/\/eurlhosnakamel.dz\/dz\/produit\/ada-scanner-mural-120-art-n00485\/#primaryimage\"},\"thumbnailUrl\":\"https:\/\/eurlhosnakamel.dz\/dz\/wp-content\/uploads\/2020\/04\/49ADA-SCANNER-MURAL-120-ART-N\u00b000485-eurl-hosna-kamel-algerie.jpg\",\"datePublished\":\"2020-04-21T11:38:40+00:00\",\"dateModified\":\"2020-04-21T11:38:40+00:00\",\"description\":\"ADA SCANNER MURAL 120 ART N\u00b000485 - EURL HOSNA KAMEL\",\"breadcrumb\":{\"@id\":\"https:\/\/eurlhosnakamel.dz\/dz\/produit\/ada-scanner-mural-120-art-n00485\/#breadcrumb\"},\"inLanguage\":\"fr-FR\",\"potentialAction\":[{\"@type\":\"ReadAction\",\"target\":[\"https:\/\/eurlhosnakamel.dz\/dz\/produit\/ada-scanner-mural-120-art-n00485\/\"]}]},{\"@type\":\"ImageObject\",\"inLanguage\":\"fr-FR\",\"@id\":\"https:\/\/eurlhosnakamel.dz\/dz\/produit\/ada-scanner-mural-120-art-n00485\/#primaryimage\",\"url\":\"https:\/\/eurlhosnakamel.dz\/dz\/wp-content\/uploads\/2020\/04\/49ADA-SCANNER-MURAL-120-ART-N\u00b000485-eurl-hosna-kamel-algerie.jpg\",\"contentUrl\":\"https:\/\/eurlhosnakamel.dz\/dz\/wp-content\/uploads\/2020\/04\/49ADA-SCANNER-MURAL-120-ART-N\u00b000485-eurl-hosna-kamel-algerie.jpg\",\"width\":512,\"height\":512},{\"@type\":\"BreadcrumbList\",\"@id\":\"https:\/\/eurlhosnakamel.dz\/dz\/produit\/ada-scanner-mural-120-art-n00485\/#breadcrumb\",\"itemListElement\":[{\"@type\":\"ListItem\",\"position\":1,\"name\":\"Accueil\",\"item\":\"https:\/\/eurlhosnakamel.dz\/dz\/\"},{\"@type\":\"ListItem\",\"position\":2,\"name\":\"Shop\",\"item\":\"https:\/\/eurlhosnakamel.dz\/dz\/shop\/\"},{\"@type\":\"ListItem\",\"position\":3,\"name\":\"ADA SCANNER MURAL 120 ART N\u00b000485\"}]},{\"@type\":\"WebSite\",\"@id\":\"https:\/\/eurlhosnakamel.dz\/dz\/#website\",\"url\":\"https:\/\/eurlhosnakamel.dz\/dz\/\",\"name\":\"EURL HOSNA KAMEL\",\"description\":\"Fournisseur Premium d&#039;Outillages Professionnels en Alg\u00e9rie -\",\"publisher\":{\"@id\":\"https:\/\/eurlhosnakamel.dz\/dz\/#organization\"},\"potentialAction\":[{\"@type\":\"SearchAction\",\"target\":{\"@type\":\"EntryPoint\",\"urlTemplate\":\"https:\/\/eurlhosnakamel.dz\/dz\/?s={search_term_string}\"},\"query-input\":\"required name=search_term_string\"}],\"inLanguage\":\"fr-FR\"},{\"@type\":\"Organization\",\"@id\":\"https:\/\/eurlhosnakamel.dz\/dz\/#organization\",\"name\":\"EURL HOSNA KAMEL - Bosch alg\u00e9rie\",\"url\":\"https:\/\/eurlhosnakamel.dz\/dz\/\",\"logo\":{\"@type\":\"ImageObject\",\"inLanguage\":\"fr-FR\",\"@id\":\"https:\/\/eurlhosnakamel.dz\/dz\/#\/schema\/logo\/image\/\",\"url\":\"https:\/\/eurlhosnakamel.dz\/wp-content\/uploads\/2020\/04\/LOGO-HOSNA1.png\",\"contentUrl\":\"https:\/\/eurlhosnakamel.dz\/wp-content\/uploads\/2020\/04\/LOGO-HOSNA1.png\",\"width\":120,\"height\":127,\"caption\":\"EURL HOSNA KAMEL - Bosch alg\u00e9rie\"},\"image\":{\"@id\":\"https:\/\/eurlhosnakamel.dz\/dz\/#\/schema\/logo\/image\/\"},\"sameAs\":[\"https:\/\/www.facebook.com\/Eurl.Hosna.DZ\/\"]}]}<\/script>\n<!-- \/ Yoast SEO plugin. -->","yoast_head_json":{"title":"ADA SCANNER MURAL 120 ART N\u00b000485 - EURL HOSNA KAMEL","description":"ADA SCANNER MURAL 120 ART N\u00b000485 - EURL HOSNA KAMEL","robots":{"index":"index","follow":"follow","max-snippet":"max-snippet:-1","max-image-preview":"max-image-preview:large","max-video-preview":"max-video-preview:-1"},"canonical":"https:\/\/eurlhosnakamel.dz\/dz\/produit\/ada-scanner-mural-120-art-n00485\/","og_locale":"fr_FR","og_type":"article","og_title":"ADA SCANNER MURAL 120 ART N\u00b000485 - EURL HOSNA KAMEL","og_description":"ADA SCANNER MURAL 120 ART N\u00b000485 - EURL HOSNA KAMEL","og_url":"https:\/\/eurlhosnakamel.dz\/dz\/produit\/ada-scanner-mural-120-art-n00485\/","og_site_name":"EURL HOSNA KAMEL","article_publisher":"https:\/\/www.facebook.com\/Eurl.Hosna.DZ\/","og_image":[{"width":512,"height":512,"url":"https:\/\/eurlhosnakamel.dz\/dz\/wp-content\/uploads\/2020\/04\/49ADA-SCANNER-MURAL-120-ART-N\u00b000485-eurl-hosna-kamel-algerie.jpg","type":"image\/jpeg"}],"twitter_card":"summary_large_image","twitter_misc":{"Dur\u00e9e de lecture estim\u00e9e":"1 minute"},"schema":{"@context":"https:\/\/schema.org","@graph":[{"@type":"WebPage","@id":"https:\/\/eurlhosnakamel.dz\/dz\/produit\/ada-scanner-mural-120-art-n00485\/","url":"https:\/\/eurlhosnakamel.dz\/dz\/produit\/ada-scanner-mural-120-art-n00485\/","name":"ADA SCANNER MURAL 120 ART N\u00b000485 - EURL HOSNA KAMEL","isPartOf":{"@id":"https:\/\/eurlhosnakamel.dz\/dz\/#website"},"primaryImageOfPage":{"@id":"https:\/\/eurlhosnakamel.dz\/dz\/produit\/ada-scanner-mural-120-art-n00485\/#primaryimage"},"image":{"@id":"https:\/\/eurlhosnakamel.dz\/dz\/produit\/ada-scanner-mural-120-art-n00485\/#primaryimage"},"thumbnailUrl":"https:\/\/eurlhosnakamel.dz\/dz\/wp-content\/uploads\/2020\/04\/49ADA-SCANNER-MURAL-120-ART-N\u00b000485-eurl-hosna-kamel-algerie.jpg","datePublished":"2020-04-21T11:38:40+00:00","dateModified":"2020-04-21T11:38:40+00:00","description":"ADA SCANNER MURAL 120 ART N\u00b000485 - EURL HOSNA KAMEL","breadcrumb":{"@id":"https:\/\/eurlhosnakamel.dz\/dz\/produit\/ada-scanner-mural-120-art-n00485\/#breadcrumb"},"inLanguage":"fr-FR","potentialAction":[{"@type":"ReadAction","target":["https:\/\/eurlhosnakamel.dz\/dz\/produit\/ada-scanner-mural-120-art-n00485\/"]}]},{"@type":"ImageObject","inLanguage":"fr-FR","@id":"https:\/\/eurlhosnakamel.dz\/dz\/produit\/ada-scanner-mural-120-art-n00485\/#primaryimage","url":"https:\/\/eurlhosnakamel.dz\/dz\/wp-content\/uploads\/2020\/04\/49ADA-SCANNER-MURAL-120-ART-N\u00b000485-eurl-hosna-kamel-algerie.jpg","contentUrl":"https:\/\/eurlhosnakamel.dz\/dz\/wp-content\/uploads\/2020\/04\/49ADA-SCANNER-MURAL-120-ART-N\u00b000485-eurl-hosna-kamel-algerie.jpg","width":512,"height":512},{"@type":"BreadcrumbList","@id":"https:\/\/eurlhosnakamel.dz\/dz\/produit\/ada-scanner-mural-120-art-n00485\/#breadcrumb","itemListElement":[{"@type":"ListItem","position":1,"name":"Accueil","item":"https:\/\/eurlhosnakamel.dz\/dz\/"},{"@type":"ListItem","position":2,"name":"Shop","item":"https:\/\/eurlhosnakamel.dz\/dz\/shop\/"},{"@type":"ListItem","position":3,"name":"ADA SCANNER MURAL 120 ART N\u00b000485"}]},{"@type":"WebSite","@id":"https:\/\/eurlhosnakamel.dz\/dz\/#website","url":"https:\/\/eurlhosnakamel.dz\/dz\/","name":"EURL HOSNA KAMEL","description":"Fournisseur Premium d&#039;Outillages Professionnels en Alg\u00e9rie -","publisher":{"@id":"https:\/\/eurlhosnakamel.dz\/dz\/#organization"},"potentialAction":[{"@type":"SearchAction","target":{"@type":"EntryPoint","urlTemplate":"https:\/\/eurlhosnakamel.dz\/dz\/?s={search_term_string}"},"query-input":"required name=search_term_string"}],"inLanguage":"fr-FR"},{"@type":"Organization","@id":"https:\/\/eurlhosnakamel.dz\/dz\/#organization","name":"EURL HOSNA KAMEL - Bosch alg\u00e9rie","url":"https:\/\/eurlhosnakamel.dz\/dz\/","logo":{"@type":"ImageObject","inLanguage":"fr-FR","@id":"https:\/\/eurlhosnakamel.dz\/dz\/#\/schema\/logo\/image\/","url":"https:\/\/eurlhosnakamel.dz\/wp-content\/uploads\/2020\/04\/LOGO-HOSNA1.png","contentUrl":"https:\/\/eurlhosnakamel.dz\/wp-content\/uploads\/2020\/04\/LOGO-HOSNA1.png","width":120,"height":127,"caption":"EURL HOSNA KAMEL - Bosch alg\u00e9rie"},"image":{"@id":"https:\/\/eurlhosnakamel.dz\/dz\/#\/schema\/logo\/image\/"},"sameAs":["https:\/\/www.facebook.com\/Eurl.Hosna.DZ\/"]}]}},"_links":{"self":[{"href":"https:\/\/eurlhosnakamel.dz\/dz\/wp-json\/wp\/v2\/product\/7199","targetHints":{"allow":["GET"]}}],"collection":[{"href":"https:\/\/eurlhosnakamel.dz\/dz\/wp-json\/wp\/v2\/product"}],"about":[{"href":"https:\/\/eurlhosnakamel.dz\/dz\/wp-json\/wp\/v2\/types\/product"}],"wp:featuredmedia":[{"embeddable":true,"href":"https:\/\/eurlhosnakamel.dz\/dz\/wp-json\/wp\/v2\/media\/7205"}],"wp:attachment":[{"href":"https:\/\/eurlhosnakamel.dz\/dz\/wp-json\/wp\/v2\/media?parent=7199"}],"wp:term":[{"taxonomy":"product_cat","embeddable":true,"href":"https:\/\/eurlhosnakamel.dz\/dz\/wp-json\/wp\/v2\/product_cat?post=7199"},{"taxonomy":"product_tag","embeddable":true,"href":"https:\/\/eurlhosnakamel.dz\/dz\/wp-json\/wp\/v2\/product_tag?post=7199"}],"curies":[{"name":"wp","href":"https:\/\/api.w.org\/{rel}","templated":true}]}}