{"id":7213,"date":"2020-04-21T11:44:09","date_gmt":"2020-04-21T11:44:09","guid":{"rendered":"https:\/\/lhchosting.com\/hosna\/?post_type=product&#038;p=7213"},"modified":"2020-04-21T11:44:10","modified_gmt":"2020-04-21T11:44:10","slug":"ada-detecteur-humidite-zht100-70-art-n00516","status":"publish","type":"product","link":"https:\/\/eurlhosnakamel.dz\/dz\/produit\/ada-detecteur-humidite-zht100-70-art-n00516\/","title":{"rendered":"ADA DETECTEUR HUMIDITE ZHT100-70 ART N\u00b000516"},"content":{"rendered":"<p><strong>Thermo-hygrom\u00e8tre ADA ADA ZHT 100-70 est un outil num\u00e9rique de mesure d&#8217;humidit\u00e9 et de temp\u00e9rature 2 en 1!\u00a0Il est con\u00e7u pour combiner les fonctions d&#8217;un humidim\u00e8tre et d&#8217;un thermom\u00e8tre.\u00a0C&#8217;est l&#8217;outil id\u00e9al pour une utilisation pratique \u00e0 la fois dans les activit\u00e9s professionnelles et dans la vie quotidienne.<\/strong><\/p>\n<p><strong>Le dispositif de mesure d&#8217;humidit\u00e9 et de temp\u00e9rature ADA ZHT 100-70 poss\u00e8de un capteur d&#8217;humidit\u00e9 \/ capteur semi-conducteur.\u00a0ZHT 100-70 permet de mesurer l&#8217;humidit\u00e9 relative de 0% \u00e0 100% avec une r\u00e9solution de 0,1%, de mesurer la temp\u00e9rature de -20 \u00b0 C \u00e0 + 70 \u00b0 C avec une r\u00e9solution de 0,1 \u00b0 C, les valeurs minimales et maximales, la temp\u00e9rature du point de ros\u00e9e et le bulbe humide Temp\u00e9rature.\u00a0L&#8217;appareil a un r\u00e9tro\u00e9clairage d&#8217;affichage et une taille compacte.<\/strong><\/p>\n","protected":false},"excerpt":{"rendered":"<table>\n<tbody>\n<tr>\n<td><span>Plage d&#8217;humidit\u00e9<\/span><\/td>\n<td>0~100%<\/td>\n<\/tr>\n<tr>\n<td><span>R\u00e9solution<\/span><\/td>\n<td>0.1\u00b0C<\/td>\n<\/tr>\n<tr>\n<td><span>Pr\u00e9cision d&#8217;humidit\u00e9<\/span><\/td>\n<td><span>\u00b1 3% (20 \u00e0 80%); \u00b1 4,5% (0 \u00e0 20% et 80 \u00e0 100%)<\/span><\/td>\n<\/tr>\n<tr>\n<td><span>Plage de mesure (temp\u00e9rature)<\/span><\/td>\n<td><span>-20 \u00b0 C ~ 70 \u00b0 C \/ -4 \u00b0 F \u00e0 158 \u00b0 F<\/span><\/td>\n<\/tr>\n<tr>\n<td><span>R\u00e9solution<\/span><\/td>\n<td><span>0.1\u00b0C<\/span><\/td>\n<\/tr>\n<tr>\n<td><span>Pr\u00e9cision de la temp\u00e9rature<\/span><\/td>\n<td><span>\u00b1 1,0\u00ba\u0421 \/ \u00b1 1,8\u00baF<\/span><\/td>\n<\/tr>\n<tr>\n<td><span>Temp\u00e9rature du point de ros\u00e9e<\/span><\/td>\n<td><span>20 \u00b0 C ~ 70 \u00b0 C \/ -4 \u00b0 F \u00e0 158 \u00b0 F<\/span><\/td>\n<\/tr>\n<tr>\n<td><span>R\u00e9solution<\/span><\/td>\n<td><span>0.1\u00b0C<\/span><\/td>\n<\/tr>\n<tr>\n<td><span>Pr\u00e9cision de la temp\u00e9rature du point de ros\u00e9e<\/span><\/td>\n<td><span>\u00b1 1,5 \u00b0 C \/ \u00b1 2,7 \u00b0 F<\/span><\/td>\n<\/tr>\n<tr>\n<td><span>Mise \u00e0 jour des donn\u00e9es<\/span><\/td>\n<td><span>0,5 sec<\/span><\/td>\n<\/tr>\n<tr>\n<td><span>Temp\u00e9rature de fonctionnement<\/span><\/td>\n<td><span>-20 &#8230; + 60 \u00b0 \u0421, &lt;10 &#8211; 90% d&#8217;humidit\u00e9 relative, sans condensation<\/span><\/td>\n<\/tr>\n<tr>\n<td><span>Arr\u00eat automatique<\/span><\/td>\n<td><span>Apr\u00e8s 15 minutes d&#8217;inactivit\u00e9 (veille)<\/span><\/td>\n<\/tr>\n<tr>\n<td><span>Source de courant<\/span><\/td>\n<td><span>3&#215;1.5V AAA<\/span><\/td>\n<\/tr>\n<tr>\n<td>Dimensions<\/td>\n<td>168\u00d756\u00d730,5, mm<\/td>\n<\/tr>\n<tr>\n<td><span>Poids<\/span><\/td>\n<td><span>75 g<\/span><\/td>\n<\/tr>\n<\/tbody>\n<\/table>\n","protected":false},"featured_media":7221,"template":"","meta":[],"product_cat":[457],"product_tag":[1467],"class_list":{"0":"post-7213","1":"product","2":"type-product","3":"status-publish","4":"has-post-thumbnail","6":"product_cat-instruments-de-mesure","7":"product_tag-ada-detecteur-humidite-zht100-70-art-n00516","8":"product_brand-ada","10":"first","11":"instock","12":"shipping-taxable","13":"product-type-simple","14":"col-xs-6 col-sm-4","15":"col-md-3 col-lg-3","16":"un-4-cols"},"yoast_head":"<!-- This site is optimized with the Yoast SEO plugin v22.5 - https:\/\/yoast.com\/wordpress\/plugins\/seo\/ -->\n<title>ADA DETECTEUR HUMIDITE ZHT100-70 ART N\u00b000516 - EURL HOSNA KAMEL<\/title>\n<meta name=\"description\" content=\"ADA DETECTEUR HUMIDITE ZHT100-70 ART N\u00b000516 - EURL HOSNA KAMEL\" \/>\n<meta name=\"robots\" content=\"index, follow, max-snippet:-1, max-image-preview:large, max-video-preview:-1\" \/>\n<link rel=\"canonical\" href=\"https:\/\/eurlhosnakamel.dz\/dz\/produit\/ada-detecteur-humidite-zht100-70-art-n00516\/\" \/>\n<meta property=\"og:locale\" content=\"fr_FR\" \/>\n<meta property=\"og:type\" content=\"article\" \/>\n<meta property=\"og:title\" content=\"ADA DETECTEUR HUMIDITE ZHT100-70 ART N\u00b000516 - EURL HOSNA KAMEL\" \/>\n<meta property=\"og:description\" content=\"ADA DETECTEUR HUMIDITE ZHT100-70 ART N\u00b000516 - EURL HOSNA KAMEL\" \/>\n<meta property=\"og:url\" content=\"https:\/\/eurlhosnakamel.dz\/dz\/produit\/ada-detecteur-humidite-zht100-70-art-n00516\/\" \/>\n<meta property=\"og:site_name\" content=\"EURL HOSNA KAMEL\" \/>\n<meta property=\"article:publisher\" content=\"https:\/\/www.facebook.com\/Eurl.Hosna.DZ\/\" \/>\n<meta property=\"article:modified_time\" content=\"2020-04-21T11:44:10+00:00\" \/>\n<meta property=\"og:image\" content=\"https:\/\/eurlhosnakamel.dz\/dz\/wp-content\/uploads\/2020\/04\/50ADA-DETECTEUR-HUMIDITE-ZHT100-70-ART-N\u00b000516-eurl-hosna-kamel-algerie.jpg\" \/>\n\t<meta property=\"og:image:width\" content=\"512\" \/>\n\t<meta property=\"og:image:height\" content=\"512\" \/>\n\t<meta property=\"og:image:type\" content=\"image\/jpeg\" \/>\n<meta name=\"twitter:card\" content=\"summary_large_image\" \/>\n<meta name=\"twitter:label1\" content=\"Dur\u00e9e de lecture estim\u00e9e\" \/>\n\t<meta name=\"twitter:data1\" content=\"1 minute\" \/>\n<script type=\"application\/ld+json\" class=\"yoast-schema-graph\">{\"@context\":\"https:\/\/schema.org\",\"@graph\":[{\"@type\":\"WebPage\",\"@id\":\"https:\/\/eurlhosnakamel.dz\/dz\/produit\/ada-detecteur-humidite-zht100-70-art-n00516\/\",\"url\":\"https:\/\/eurlhosnakamel.dz\/dz\/produit\/ada-detecteur-humidite-zht100-70-art-n00516\/\",\"name\":\"ADA DETECTEUR HUMIDITE ZHT100-70 ART N\u00b000516 - EURL HOSNA KAMEL\",\"isPartOf\":{\"@id\":\"https:\/\/eurlhosnakamel.dz\/dz\/#website\"},\"primaryImageOfPage\":{\"@id\":\"https:\/\/eurlhosnakamel.dz\/dz\/produit\/ada-detecteur-humidite-zht100-70-art-n00516\/#primaryimage\"},\"image\":{\"@id\":\"https:\/\/eurlhosnakamel.dz\/dz\/produit\/ada-detecteur-humidite-zht100-70-art-n00516\/#primaryimage\"},\"thumbnailUrl\":\"https:\/\/eurlhosnakamel.dz\/dz\/wp-content\/uploads\/2020\/04\/50ADA-DETECTEUR-HUMIDITE-ZHT100-70-ART-N\u00b000516-eurl-hosna-kamel-algerie.jpg\",\"datePublished\":\"2020-04-21T11:44:09+00:00\",\"dateModified\":\"2020-04-21T11:44:10+00:00\",\"description\":\"ADA DETECTEUR HUMIDITE ZHT100-70 ART N\u00b000516 - EURL HOSNA KAMEL\",\"breadcrumb\":{\"@id\":\"https:\/\/eurlhosnakamel.dz\/dz\/produit\/ada-detecteur-humidite-zht100-70-art-n00516\/#breadcrumb\"},\"inLanguage\":\"fr-FR\",\"potentialAction\":[{\"@type\":\"ReadAction\",\"target\":[\"https:\/\/eurlhosnakamel.dz\/dz\/produit\/ada-detecteur-humidite-zht100-70-art-n00516\/\"]}]},{\"@type\":\"ImageObject\",\"inLanguage\":\"fr-FR\",\"@id\":\"https:\/\/eurlhosnakamel.dz\/dz\/produit\/ada-detecteur-humidite-zht100-70-art-n00516\/#primaryimage\",\"url\":\"https:\/\/eurlhosnakamel.dz\/dz\/wp-content\/uploads\/2020\/04\/50ADA-DETECTEUR-HUMIDITE-ZHT100-70-ART-N\u00b000516-eurl-hosna-kamel-algerie.jpg\",\"contentUrl\":\"https:\/\/eurlhosnakamel.dz\/dz\/wp-content\/uploads\/2020\/04\/50ADA-DETECTEUR-HUMIDITE-ZHT100-70-ART-N\u00b000516-eurl-hosna-kamel-algerie.jpg\",\"width\":512,\"height\":512},{\"@type\":\"BreadcrumbList\",\"@id\":\"https:\/\/eurlhosnakamel.dz\/dz\/produit\/ada-detecteur-humidite-zht100-70-art-n00516\/#breadcrumb\",\"itemListElement\":[{\"@type\":\"ListItem\",\"position\":1,\"name\":\"Accueil\",\"item\":\"https:\/\/eurlhosnakamel.dz\/dz\/\"},{\"@type\":\"ListItem\",\"position\":2,\"name\":\"Shop\",\"item\":\"https:\/\/eurlhosnakamel.dz\/dz\/shop\/\"},{\"@type\":\"ListItem\",\"position\":3,\"name\":\"ADA DETECTEUR HUMIDITE ZHT100-70 ART N\u00b000516\"}]},{\"@type\":\"WebSite\",\"@id\":\"https:\/\/eurlhosnakamel.dz\/dz\/#website\",\"url\":\"https:\/\/eurlhosnakamel.dz\/dz\/\",\"name\":\"EURL HOSNA KAMEL\",\"description\":\"Fournisseur Premium d&#039;Outillages Professionnels en Alg\u00e9rie -\",\"publisher\":{\"@id\":\"https:\/\/eurlhosnakamel.dz\/dz\/#organization\"},\"potentialAction\":[{\"@type\":\"SearchAction\",\"target\":{\"@type\":\"EntryPoint\",\"urlTemplate\":\"https:\/\/eurlhosnakamel.dz\/dz\/?s={search_term_string}\"},\"query-input\":\"required name=search_term_string\"}],\"inLanguage\":\"fr-FR\"},{\"@type\":\"Organization\",\"@id\":\"https:\/\/eurlhosnakamel.dz\/dz\/#organization\",\"name\":\"EURL HOSNA KAMEL - Bosch alg\u00e9rie\",\"url\":\"https:\/\/eurlhosnakamel.dz\/dz\/\",\"logo\":{\"@type\":\"ImageObject\",\"inLanguage\":\"fr-FR\",\"@id\":\"https:\/\/eurlhosnakamel.dz\/dz\/#\/schema\/logo\/image\/\",\"url\":\"https:\/\/eurlhosnakamel.dz\/wp-content\/uploads\/2020\/04\/LOGO-HOSNA1.png\",\"contentUrl\":\"https:\/\/eurlhosnakamel.dz\/wp-content\/uploads\/2020\/04\/LOGO-HOSNA1.png\",\"width\":120,\"height\":127,\"caption\":\"EURL HOSNA KAMEL - Bosch alg\u00e9rie\"},\"image\":{\"@id\":\"https:\/\/eurlhosnakamel.dz\/dz\/#\/schema\/logo\/image\/\"},\"sameAs\":[\"https:\/\/www.facebook.com\/Eurl.Hosna.DZ\/\"]}]}<\/script>\n<!-- \/ Yoast SEO plugin. -->","yoast_head_json":{"title":"ADA DETECTEUR HUMIDITE ZHT100-70 ART N\u00b000516 - EURL HOSNA KAMEL","description":"ADA DETECTEUR HUMIDITE ZHT100-70 ART N\u00b000516 - EURL HOSNA KAMEL","robots":{"index":"index","follow":"follow","max-snippet":"max-snippet:-1","max-image-preview":"max-image-preview:large","max-video-preview":"max-video-preview:-1"},"canonical":"https:\/\/eurlhosnakamel.dz\/dz\/produit\/ada-detecteur-humidite-zht100-70-art-n00516\/","og_locale":"fr_FR","og_type":"article","og_title":"ADA DETECTEUR HUMIDITE ZHT100-70 ART N\u00b000516 - EURL HOSNA KAMEL","og_description":"ADA DETECTEUR HUMIDITE ZHT100-70 ART N\u00b000516 - EURL HOSNA KAMEL","og_url":"https:\/\/eurlhosnakamel.dz\/dz\/produit\/ada-detecteur-humidite-zht100-70-art-n00516\/","og_site_name":"EURL HOSNA KAMEL","article_publisher":"https:\/\/www.facebook.com\/Eurl.Hosna.DZ\/","article_modified_time":"2020-04-21T11:44:10+00:00","og_image":[{"width":512,"height":512,"url":"https:\/\/eurlhosnakamel.dz\/dz\/wp-content\/uploads\/2020\/04\/50ADA-DETECTEUR-HUMIDITE-ZHT100-70-ART-N\u00b000516-eurl-hosna-kamel-algerie.jpg","type":"image\/jpeg"}],"twitter_card":"summary_large_image","twitter_misc":{"Dur\u00e9e de lecture estim\u00e9e":"1 minute"},"schema":{"@context":"https:\/\/schema.org","@graph":[{"@type":"WebPage","@id":"https:\/\/eurlhosnakamel.dz\/dz\/produit\/ada-detecteur-humidite-zht100-70-art-n00516\/","url":"https:\/\/eurlhosnakamel.dz\/dz\/produit\/ada-detecteur-humidite-zht100-70-art-n00516\/","name":"ADA DETECTEUR HUMIDITE ZHT100-70 ART N\u00b000516 - EURL HOSNA KAMEL","isPartOf":{"@id":"https:\/\/eurlhosnakamel.dz\/dz\/#website"},"primaryImageOfPage":{"@id":"https:\/\/eurlhosnakamel.dz\/dz\/produit\/ada-detecteur-humidite-zht100-70-art-n00516\/#primaryimage"},"image":{"@id":"https:\/\/eurlhosnakamel.dz\/dz\/produit\/ada-detecteur-humidite-zht100-70-art-n00516\/#primaryimage"},"thumbnailUrl":"https:\/\/eurlhosnakamel.dz\/dz\/wp-content\/uploads\/2020\/04\/50ADA-DETECTEUR-HUMIDITE-ZHT100-70-ART-N\u00b000516-eurl-hosna-kamel-algerie.jpg","datePublished":"2020-04-21T11:44:09+00:00","dateModified":"2020-04-21T11:44:10+00:00","description":"ADA DETECTEUR HUMIDITE ZHT100-70 ART N\u00b000516 - EURL HOSNA KAMEL","breadcrumb":{"@id":"https:\/\/eurlhosnakamel.dz\/dz\/produit\/ada-detecteur-humidite-zht100-70-art-n00516\/#breadcrumb"},"inLanguage":"fr-FR","potentialAction":[{"@type":"ReadAction","target":["https:\/\/eurlhosnakamel.dz\/dz\/produit\/ada-detecteur-humidite-zht100-70-art-n00516\/"]}]},{"@type":"ImageObject","inLanguage":"fr-FR","@id":"https:\/\/eurlhosnakamel.dz\/dz\/produit\/ada-detecteur-humidite-zht100-70-art-n00516\/#primaryimage","url":"https:\/\/eurlhosnakamel.dz\/dz\/wp-content\/uploads\/2020\/04\/50ADA-DETECTEUR-HUMIDITE-ZHT100-70-ART-N\u00b000516-eurl-hosna-kamel-algerie.jpg","contentUrl":"https:\/\/eurlhosnakamel.dz\/dz\/wp-content\/uploads\/2020\/04\/50ADA-DETECTEUR-HUMIDITE-ZHT100-70-ART-N\u00b000516-eurl-hosna-kamel-algerie.jpg","width":512,"height":512},{"@type":"BreadcrumbList","@id":"https:\/\/eurlhosnakamel.dz\/dz\/produit\/ada-detecteur-humidite-zht100-70-art-n00516\/#breadcrumb","itemListElement":[{"@type":"ListItem","position":1,"name":"Accueil","item":"https:\/\/eurlhosnakamel.dz\/dz\/"},{"@type":"ListItem","position":2,"name":"Shop","item":"https:\/\/eurlhosnakamel.dz\/dz\/shop\/"},{"@type":"ListItem","position":3,"name":"ADA DETECTEUR HUMIDITE ZHT100-70 ART N\u00b000516"}]},{"@type":"WebSite","@id":"https:\/\/eurlhosnakamel.dz\/dz\/#website","url":"https:\/\/eurlhosnakamel.dz\/dz\/","name":"EURL HOSNA KAMEL","description":"Fournisseur Premium d&#039;Outillages Professionnels en Alg\u00e9rie -","publisher":{"@id":"https:\/\/eurlhosnakamel.dz\/dz\/#organization"},"potentialAction":[{"@type":"SearchAction","target":{"@type":"EntryPoint","urlTemplate":"https:\/\/eurlhosnakamel.dz\/dz\/?s={search_term_string}"},"query-input":"required name=search_term_string"}],"inLanguage":"fr-FR"},{"@type":"Organization","@id":"https:\/\/eurlhosnakamel.dz\/dz\/#organization","name":"EURL HOSNA KAMEL - Bosch alg\u00e9rie","url":"https:\/\/eurlhosnakamel.dz\/dz\/","logo":{"@type":"ImageObject","inLanguage":"fr-FR","@id":"https:\/\/eurlhosnakamel.dz\/dz\/#\/schema\/logo\/image\/","url":"https:\/\/eurlhosnakamel.dz\/wp-content\/uploads\/2020\/04\/LOGO-HOSNA1.png","contentUrl":"https:\/\/eurlhosnakamel.dz\/wp-content\/uploads\/2020\/04\/LOGO-HOSNA1.png","width":120,"height":127,"caption":"EURL HOSNA KAMEL - Bosch alg\u00e9rie"},"image":{"@id":"https:\/\/eurlhosnakamel.dz\/dz\/#\/schema\/logo\/image\/"},"sameAs":["https:\/\/www.facebook.com\/Eurl.Hosna.DZ\/"]}]}},"_links":{"self":[{"href":"https:\/\/eurlhosnakamel.dz\/dz\/wp-json\/wp\/v2\/product\/7213","targetHints":{"allow":["GET"]}}],"collection":[{"href":"https:\/\/eurlhosnakamel.dz\/dz\/wp-json\/wp\/v2\/product"}],"about":[{"href":"https:\/\/eurlhosnakamel.dz\/dz\/wp-json\/wp\/v2\/types\/product"}],"wp:featuredmedia":[{"embeddable":true,"href":"https:\/\/eurlhosnakamel.dz\/dz\/wp-json\/wp\/v2\/media\/7221"}],"wp:attachment":[{"href":"https:\/\/eurlhosnakamel.dz\/dz\/wp-json\/wp\/v2\/media?parent=7213"}],"wp:term":[{"taxonomy":"product_cat","embeddable":true,"href":"https:\/\/eurlhosnakamel.dz\/dz\/wp-json\/wp\/v2\/product_cat?post=7213"},{"taxonomy":"product_tag","embeddable":true,"href":"https:\/\/eurlhosnakamel.dz\/dz\/wp-json\/wp\/v2\/product_tag?post=7213"}],"curies":[{"name":"wp","href":"https:\/\/api.w.org\/{rel}","templated":true}]}}