{"id":7241,"date":"2020-04-21T12:56:36","date_gmt":"2020-04-21T12:56:36","guid":{"rendered":"https:\/\/lhchosting.com\/hosna\/?post_type=product&#038;p=7241"},"modified":"2020-04-21T12:58:39","modified_gmt":"2020-04-21T12:58:39","slug":"oleo-mac-tariere-2-0-ch-1-5k-w-mtl-51","status":"publish","type":"product","link":"https:\/\/eurlhosnakamel.dz\/dz\/produit\/oleo-mac-tariere-2-0-ch-1-5k-w-mtl-51\/","title":{"rendered":"OLEO MAC TARIERE 2.0 CH -1.5K W MTL-51"},"content":{"rendered":"<table id=\"tab_prod_accabb\">\n<tbody>\n<tr>\n<td>\n<h4>Accessoires<\/h4>\n<ul>\n<li><a href=\"http:\/\/www.oleomac.fr\/Livello.jsp?idMarchio=1&amp;idFamigliaRif=1&amp;idFamiglia=157&amp;idSottoFamiglia=158&amp;idProdotto=175\">Foret \u00e0 1 V \u00d8 8&#215;100 cm pour mod\u00e8les MTL 40 &#8211; MTL 51 &#8211; MTL 81 R &#8211; MTL 85 R<\/a><\/li>\n<li><a href=\"http:\/\/www.oleomac.fr\/Livello.jsp?idMarchio=1&amp;idFamigliaRif=1&amp;idFamiglia=157&amp;idSottoFamiglia=160&amp;idProdotto=177\">Foret \u00e0 glace<\/a><\/li>\n<li><a href=\"http:\/\/www.oleomac.fr\/Livello.jsp?idMarchio=1&amp;idFamigliaRif=1&amp;idFamiglia=157&amp;idSottoFamiglia=159&amp;idProdotto=509\">Prolongation 30 cm<\/a><\/li>\n<li><a href=\"http:\/\/www.oleomac.fr\/Livello.jsp?idMarchio=1&amp;idFamigliaRif=1&amp;idFamiglia=157&amp;idSottoFamiglia=158&amp;idProdotto=510\">Foret \u00e0 1 V \u00d8 10&#215;100 cm pour mod\u00e8les MTL 40 &#8211; MTL 51 &#8211; MTL 81 R &#8211; MTL 85 R<\/a><\/li>\n<li><a href=\"http:\/\/www.oleomac.fr\/Livello.jsp?idMarchio=1&amp;idFamigliaRif=1&amp;idFamiglia=157&amp;idSottoFamiglia=158&amp;idProdotto=511\">Foret \u00e0 1 V \u00d8 15&#215;100 cm pour mod\u00e8les MTL 40 &#8211; MTL 51 &#8211; MTL 81 R &#8211; MTL 85 R<\/a><\/li>\n<li><a href=\"http:\/\/www.oleomac.fr\/Livello.jsp?idMarchio=1&amp;idFamigliaRif=1&amp;idFamiglia=157&amp;idSottoFamiglia=158&amp;idProdotto=536\">Foret \u00e0 1 V \u00d8 20&#215;100 cm pour mod\u00e8les MTL 40 &#8211; MTL 51 &#8211; MTL 81 R &#8211; MTL 85 R<\/a><\/li>\n<\/ul>\n<\/td>\n<td>\n<h4>V\u00eatements<\/h4>\n<ul>\n<li><a href=\"http:\/\/www.oleomac.fr\/Livello.jsp?idMarchio=1&amp;idFamigliaRif=1&amp;idFamiglia=508&amp;idSottoFamiglia=176\">Salopette de protection pour d\u00e9broussailleuses<\/a><\/li>\n<li><a href=\"http:\/\/www.oleomac.fr\/Livello.jsp?idMarchio=1&amp;idFamigliaRif=1&amp;idFamiglia=508&amp;idSottoFamiglia=177\">Casque de protection avec oreillettes et visi\u00e8re<\/a><\/li>\n<li><a href=\"http:\/\/www.oleomac.fr\/Livello.jsp?idMarchio=1&amp;idFamigliaRif=1&amp;idFamiglia=508&amp;idSottoFamiglia=179\">Oreillettes anti-bruit<\/a><\/li>\n<li><a href=\"http:\/\/www.oleomac.fr\/Livello.jsp?idMarchio=1&amp;idFamigliaRif=1&amp;idFamiglia=508&amp;idSottoFamiglia=182\">Gants professionnels confort<\/a><\/li>\n<li><a href=\"http:\/\/www.oleomac.fr\/Livello.jsp?idMarchio=1&amp;idFamigliaRif=1&amp;idFamiglia=508&amp;idSottoFamiglia=184\">Bottes foresti\u00e8res contre les coupures<\/a><\/li>\n<li><a href=\"http:\/\/www.oleomac.fr\/Livello.jsp?idMarchio=1&amp;idFamigliaRif=1&amp;idFamiglia=508&amp;idSottoFamiglia=185\">Chaussures foresti\u00e8res contre les coupures<\/a><\/li>\n<li><a href=\"http:\/\/www.oleomac.fr\/Livello.jsp?idMarchio=1&amp;idFamigliaRif=1&amp;idFamiglia=508&amp;idSottoFamiglia=171\">Veste de protection standard<\/a><\/li>\n<\/ul>\n<\/td>\n<\/tr>\n<\/tbody>\n<\/table>\n","protected":false},"excerpt":{"rendered":"<ul>\n<li>\n<div align=\"left\"><strong>\u00c9tudi\u00e9e pour les petites perforations dans tous les secteurs (c\u00e9pages et plantations, \u00e9clairage routier, supports de palissades) le mod\u00e8le MTL 51 est dot\u00e9 de moteur 2 temps Emak, cylindre chrom\u00e9, arbre moteur et bielle en acier forg\u00e9.<\/strong><\/div>\n<\/li>\n<li>\n<div align=\"left\"><strong>Les commandes du moteur sont r\u00e9unies en une seule main, solution id\u00e9ale pour les travaux individuels.<\/strong><\/div>\n<\/li>\n<li>\n<div align=\"left\"><strong>Le mod\u00e8le professionnel MTL 85 R, cr\u00e9\u00e9 pour des perforations plus larges et sur des terrains plus durs, exige la pr\u00e9sence de deux op\u00e9rateurs. Dot\u00e9 d\u2019inverseur de marche, il conjugue praticit\u00e9 et s\u00e9curit\u00e9.<\/strong><\/div>\n<\/li>\n<li>\n<div align=\"left\"><strong>La tari\u00e8re est \u00e9quip\u00e9e de poign\u00e9es repliables pour un transport facile et d\u2019un interrupteur automatique de s\u00e9curit\u00e9 pour couper le moteur en cas de perte de contr\u00f4le des commandes.<\/strong><\/div>\n<\/li>\n<\/ul>\n<table id=\"scheda_dati_tecnici\">\n<tbody>\n<tr>\n<td><strong>Puissance<\/strong><\/td>\n<td>2,0 ch &#8211; 1,5 kW<\/td>\n<\/tr>\n<tr>\n<td><strong>Cylindr\u00e9e<\/strong><\/td>\n<td>47,7 cm\u00b3<\/td>\n<\/tr>\n<tr>\n<td><strong>Rapport de r\u00e9duction<\/strong><\/td>\n<td>40 : 1<\/td>\n<\/tr>\n<tr>\n<td><strong>Diam\u00e8tre de la m\u00e8che<\/strong><\/td>\n<td>8-10-15-20 cm<\/td>\n<\/tr>\n<tr>\n<td><strong>Poids sans m\u00e8che<\/strong><\/td>\n<td>9,1 Kg<\/td>\n<\/tr>\n<\/tbody>\n<\/table>\n","protected":false},"featured_media":7243,"template":"","meta":[],"product_cat":[957],"product_tag":[1475],"class_list":{"0":"post-7241","1":"product","2":"type-product","3":"status-publish","4":"has-post-thumbnail","6":"product_cat-jardinage","7":"product_tag-oleo-mac-tariere-2-0-ch-1-5k-w-mtl-51","8":"product_brand-oleomac","10":"first","11":"instock","12":"shipping-taxable","13":"product-type-simple","14":"col-xs-6 col-sm-4","15":"col-md-3 col-lg-3","16":"un-4-cols"},"yoast_head":"<!-- This site is optimized with the Yoast SEO plugin v22.5 - https:\/\/yoast.com\/wordpress\/plugins\/seo\/ -->\n<title>OLEO MAC TARIERE 2.0 CH -1.5K W MTL-51 - EURL HOSNA KAMEL<\/title>\n<meta name=\"description\" content=\"OLEO MAC TARIERE 2.0 CH -1.5K W MTL-51 - EURL HOSNA KAMEL\" \/>\n<meta name=\"robots\" content=\"index, follow, max-snippet:-1, max-image-preview:large, max-video-preview:-1\" \/>\n<link rel=\"canonical\" href=\"https:\/\/eurlhosnakamel.dz\/dz\/produit\/oleo-mac-tariere-2-0-ch-1-5k-w-mtl-51\/\" \/>\n<meta property=\"og:locale\" content=\"fr_FR\" \/>\n<meta property=\"og:type\" content=\"article\" \/>\n<meta property=\"og:title\" content=\"OLEO MAC TARIERE 2.0 CH -1.5K W MTL-51 - EURL HOSNA KAMEL\" \/>\n<meta property=\"og:description\" content=\"OLEO MAC TARIERE 2.0 CH -1.5K W MTL-51 - EURL HOSNA KAMEL\" \/>\n<meta property=\"og:url\" content=\"https:\/\/eurlhosnakamel.dz\/dz\/produit\/oleo-mac-tariere-2-0-ch-1-5k-w-mtl-51\/\" \/>\n<meta property=\"og:site_name\" content=\"EURL HOSNA KAMEL\" \/>\n<meta property=\"article:publisher\" content=\"https:\/\/www.facebook.com\/Eurl.Hosna.DZ\/\" \/>\n<meta property=\"article:modified_time\" content=\"2020-04-21T12:58:39+00:00\" \/>\n<meta property=\"og:image\" content=\"https:\/\/eurlhosnakamel.dz\/dz\/wp-content\/uploads\/2020\/04\/OLEO-MAC-TARIERE-2.0-CH-1.5KW-MTL-51-eurl-hosna-kamel-algerie.jpg\" \/>\n\t<meta property=\"og:image:width\" content=\"512\" \/>\n\t<meta property=\"og:image:height\" content=\"512\" \/>\n\t<meta property=\"og:image:type\" content=\"image\/jpeg\" \/>\n<meta name=\"twitter:card\" content=\"summary_large_image\" \/>\n<meta name=\"twitter:label1\" content=\"Dur\u00e9e de lecture estim\u00e9e\" \/>\n\t<meta name=\"twitter:data1\" content=\"1 minute\" \/>\n<script type=\"application\/ld+json\" class=\"yoast-schema-graph\">{\"@context\":\"https:\/\/schema.org\",\"@graph\":[{\"@type\":\"WebPage\",\"@id\":\"https:\/\/eurlhosnakamel.dz\/dz\/produit\/oleo-mac-tariere-2-0-ch-1-5k-w-mtl-51\/\",\"url\":\"https:\/\/eurlhosnakamel.dz\/dz\/produit\/oleo-mac-tariere-2-0-ch-1-5k-w-mtl-51\/\",\"name\":\"OLEO MAC TARIERE 2.0 CH -1.5K W MTL-51 - EURL HOSNA KAMEL\",\"isPartOf\":{\"@id\":\"https:\/\/eurlhosnakamel.dz\/dz\/#website\"},\"primaryImageOfPage\":{\"@id\":\"https:\/\/eurlhosnakamel.dz\/dz\/produit\/oleo-mac-tariere-2-0-ch-1-5k-w-mtl-51\/#primaryimage\"},\"image\":{\"@id\":\"https:\/\/eurlhosnakamel.dz\/dz\/produit\/oleo-mac-tariere-2-0-ch-1-5k-w-mtl-51\/#primaryimage\"},\"thumbnailUrl\":\"https:\/\/eurlhosnakamel.dz\/dz\/wp-content\/uploads\/2020\/04\/OLEO-MAC-TARIERE-2.0-CH-1.5KW-MTL-51-eurl-hosna-kamel-algerie.jpg\",\"datePublished\":\"2020-04-21T12:56:36+00:00\",\"dateModified\":\"2020-04-21T12:58:39+00:00\",\"description\":\"OLEO MAC TARIERE 2.0 CH -1.5K W MTL-51 - EURL HOSNA KAMEL\",\"breadcrumb\":{\"@id\":\"https:\/\/eurlhosnakamel.dz\/dz\/produit\/oleo-mac-tariere-2-0-ch-1-5k-w-mtl-51\/#breadcrumb\"},\"inLanguage\":\"fr-FR\",\"potentialAction\":[{\"@type\":\"ReadAction\",\"target\":[\"https:\/\/eurlhosnakamel.dz\/dz\/produit\/oleo-mac-tariere-2-0-ch-1-5k-w-mtl-51\/\"]}]},{\"@type\":\"ImageObject\",\"inLanguage\":\"fr-FR\",\"@id\":\"https:\/\/eurlhosnakamel.dz\/dz\/produit\/oleo-mac-tariere-2-0-ch-1-5k-w-mtl-51\/#primaryimage\",\"url\":\"https:\/\/eurlhosnakamel.dz\/dz\/wp-content\/uploads\/2020\/04\/OLEO-MAC-TARIERE-2.0-CH-1.5KW-MTL-51-eurl-hosna-kamel-algerie.jpg\",\"contentUrl\":\"https:\/\/eurlhosnakamel.dz\/dz\/wp-content\/uploads\/2020\/04\/OLEO-MAC-TARIERE-2.0-CH-1.5KW-MTL-51-eurl-hosna-kamel-algerie.jpg\",\"width\":512,\"height\":512},{\"@type\":\"BreadcrumbList\",\"@id\":\"https:\/\/eurlhosnakamel.dz\/dz\/produit\/oleo-mac-tariere-2-0-ch-1-5k-w-mtl-51\/#breadcrumb\",\"itemListElement\":[{\"@type\":\"ListItem\",\"position\":1,\"name\":\"Accueil\",\"item\":\"https:\/\/eurlhosnakamel.dz\/dz\/\"},{\"@type\":\"ListItem\",\"position\":2,\"name\":\"Shop\",\"item\":\"https:\/\/eurlhosnakamel.dz\/dz\/shop\/\"},{\"@type\":\"ListItem\",\"position\":3,\"name\":\"OLEO MAC TARIERE 2.0 CH -1.5K W MTL-51\"}]},{\"@type\":\"WebSite\",\"@id\":\"https:\/\/eurlhosnakamel.dz\/dz\/#website\",\"url\":\"https:\/\/eurlhosnakamel.dz\/dz\/\",\"name\":\"EURL HOSNA KAMEL\",\"description\":\"Fournisseur Premium d&#039;Outillages Professionnels en Alg\u00e9rie -\",\"publisher\":{\"@id\":\"https:\/\/eurlhosnakamel.dz\/dz\/#organization\"},\"potentialAction\":[{\"@type\":\"SearchAction\",\"target\":{\"@type\":\"EntryPoint\",\"urlTemplate\":\"https:\/\/eurlhosnakamel.dz\/dz\/?s={search_term_string}\"},\"query-input\":\"required name=search_term_string\"}],\"inLanguage\":\"fr-FR\"},{\"@type\":\"Organization\",\"@id\":\"https:\/\/eurlhosnakamel.dz\/dz\/#organization\",\"name\":\"EURL HOSNA KAMEL - Bosch alg\u00e9rie\",\"url\":\"https:\/\/eurlhosnakamel.dz\/dz\/\",\"logo\":{\"@type\":\"ImageObject\",\"inLanguage\":\"fr-FR\",\"@id\":\"https:\/\/eurlhosnakamel.dz\/dz\/#\/schema\/logo\/image\/\",\"url\":\"https:\/\/eurlhosnakamel.dz\/wp-content\/uploads\/2020\/04\/LOGO-HOSNA1.png\",\"contentUrl\":\"https:\/\/eurlhosnakamel.dz\/wp-content\/uploads\/2020\/04\/LOGO-HOSNA1.png\",\"width\":120,\"height\":127,\"caption\":\"EURL HOSNA KAMEL - Bosch alg\u00e9rie\"},\"image\":{\"@id\":\"https:\/\/eurlhosnakamel.dz\/dz\/#\/schema\/logo\/image\/\"},\"sameAs\":[\"https:\/\/www.facebook.com\/Eurl.Hosna.DZ\/\"]}]}<\/script>\n<!-- \/ Yoast SEO plugin. -->","yoast_head_json":{"title":"OLEO MAC TARIERE 2.0 CH -1.5K W MTL-51 - EURL HOSNA KAMEL","description":"OLEO MAC TARIERE 2.0 CH -1.5K W MTL-51 - EURL HOSNA KAMEL","robots":{"index":"index","follow":"follow","max-snippet":"max-snippet:-1","max-image-preview":"max-image-preview:large","max-video-preview":"max-video-preview:-1"},"canonical":"https:\/\/eurlhosnakamel.dz\/dz\/produit\/oleo-mac-tariere-2-0-ch-1-5k-w-mtl-51\/","og_locale":"fr_FR","og_type":"article","og_title":"OLEO MAC TARIERE 2.0 CH -1.5K W MTL-51 - EURL HOSNA KAMEL","og_description":"OLEO MAC TARIERE 2.0 CH -1.5K W MTL-51 - EURL HOSNA KAMEL","og_url":"https:\/\/eurlhosnakamel.dz\/dz\/produit\/oleo-mac-tariere-2-0-ch-1-5k-w-mtl-51\/","og_site_name":"EURL HOSNA KAMEL","article_publisher":"https:\/\/www.facebook.com\/Eurl.Hosna.DZ\/","article_modified_time":"2020-04-21T12:58:39+00:00","og_image":[{"width":512,"height":512,"url":"https:\/\/eurlhosnakamel.dz\/dz\/wp-content\/uploads\/2020\/04\/OLEO-MAC-TARIERE-2.0-CH-1.5KW-MTL-51-eurl-hosna-kamel-algerie.jpg","type":"image\/jpeg"}],"twitter_card":"summary_large_image","twitter_misc":{"Dur\u00e9e de lecture estim\u00e9e":"1 minute"},"schema":{"@context":"https:\/\/schema.org","@graph":[{"@type":"WebPage","@id":"https:\/\/eurlhosnakamel.dz\/dz\/produit\/oleo-mac-tariere-2-0-ch-1-5k-w-mtl-51\/","url":"https:\/\/eurlhosnakamel.dz\/dz\/produit\/oleo-mac-tariere-2-0-ch-1-5k-w-mtl-51\/","name":"OLEO MAC TARIERE 2.0 CH -1.5K W MTL-51 - EURL HOSNA KAMEL","isPartOf":{"@id":"https:\/\/eurlhosnakamel.dz\/dz\/#website"},"primaryImageOfPage":{"@id":"https:\/\/eurlhosnakamel.dz\/dz\/produit\/oleo-mac-tariere-2-0-ch-1-5k-w-mtl-51\/#primaryimage"},"image":{"@id":"https:\/\/eurlhosnakamel.dz\/dz\/produit\/oleo-mac-tariere-2-0-ch-1-5k-w-mtl-51\/#primaryimage"},"thumbnailUrl":"https:\/\/eurlhosnakamel.dz\/dz\/wp-content\/uploads\/2020\/04\/OLEO-MAC-TARIERE-2.0-CH-1.5KW-MTL-51-eurl-hosna-kamel-algerie.jpg","datePublished":"2020-04-21T12:56:36+00:00","dateModified":"2020-04-21T12:58:39+00:00","description":"OLEO MAC TARIERE 2.0 CH -1.5K W MTL-51 - EURL HOSNA KAMEL","breadcrumb":{"@id":"https:\/\/eurlhosnakamel.dz\/dz\/produit\/oleo-mac-tariere-2-0-ch-1-5k-w-mtl-51\/#breadcrumb"},"inLanguage":"fr-FR","potentialAction":[{"@type":"ReadAction","target":["https:\/\/eurlhosnakamel.dz\/dz\/produit\/oleo-mac-tariere-2-0-ch-1-5k-w-mtl-51\/"]}]},{"@type":"ImageObject","inLanguage":"fr-FR","@id":"https:\/\/eurlhosnakamel.dz\/dz\/produit\/oleo-mac-tariere-2-0-ch-1-5k-w-mtl-51\/#primaryimage","url":"https:\/\/eurlhosnakamel.dz\/dz\/wp-content\/uploads\/2020\/04\/OLEO-MAC-TARIERE-2.0-CH-1.5KW-MTL-51-eurl-hosna-kamel-algerie.jpg","contentUrl":"https:\/\/eurlhosnakamel.dz\/dz\/wp-content\/uploads\/2020\/04\/OLEO-MAC-TARIERE-2.0-CH-1.5KW-MTL-51-eurl-hosna-kamel-algerie.jpg","width":512,"height":512},{"@type":"BreadcrumbList","@id":"https:\/\/eurlhosnakamel.dz\/dz\/produit\/oleo-mac-tariere-2-0-ch-1-5k-w-mtl-51\/#breadcrumb","itemListElement":[{"@type":"ListItem","position":1,"name":"Accueil","item":"https:\/\/eurlhosnakamel.dz\/dz\/"},{"@type":"ListItem","position":2,"name":"Shop","item":"https:\/\/eurlhosnakamel.dz\/dz\/shop\/"},{"@type":"ListItem","position":3,"name":"OLEO MAC TARIERE 2.0 CH -1.5K W MTL-51"}]},{"@type":"WebSite","@id":"https:\/\/eurlhosnakamel.dz\/dz\/#website","url":"https:\/\/eurlhosnakamel.dz\/dz\/","name":"EURL HOSNA KAMEL","description":"Fournisseur Premium d&#039;Outillages Professionnels en Alg\u00e9rie -","publisher":{"@id":"https:\/\/eurlhosnakamel.dz\/dz\/#organization"},"potentialAction":[{"@type":"SearchAction","target":{"@type":"EntryPoint","urlTemplate":"https:\/\/eurlhosnakamel.dz\/dz\/?s={search_term_string}"},"query-input":"required name=search_term_string"}],"inLanguage":"fr-FR"},{"@type":"Organization","@id":"https:\/\/eurlhosnakamel.dz\/dz\/#organization","name":"EURL HOSNA KAMEL - Bosch alg\u00e9rie","url":"https:\/\/eurlhosnakamel.dz\/dz\/","logo":{"@type":"ImageObject","inLanguage":"fr-FR","@id":"https:\/\/eurlhosnakamel.dz\/dz\/#\/schema\/logo\/image\/","url":"https:\/\/eurlhosnakamel.dz\/wp-content\/uploads\/2020\/04\/LOGO-HOSNA1.png","contentUrl":"https:\/\/eurlhosnakamel.dz\/wp-content\/uploads\/2020\/04\/LOGO-HOSNA1.png","width":120,"height":127,"caption":"EURL HOSNA KAMEL - Bosch alg\u00e9rie"},"image":{"@id":"https:\/\/eurlhosnakamel.dz\/dz\/#\/schema\/logo\/image\/"},"sameAs":["https:\/\/www.facebook.com\/Eurl.Hosna.DZ\/"]}]}},"_links":{"self":[{"href":"https:\/\/eurlhosnakamel.dz\/dz\/wp-json\/wp\/v2\/product\/7241","targetHints":{"allow":["GET"]}}],"collection":[{"href":"https:\/\/eurlhosnakamel.dz\/dz\/wp-json\/wp\/v2\/product"}],"about":[{"href":"https:\/\/eurlhosnakamel.dz\/dz\/wp-json\/wp\/v2\/types\/product"}],"wp:featuredmedia":[{"embeddable":true,"href":"https:\/\/eurlhosnakamel.dz\/dz\/wp-json\/wp\/v2\/media\/7243"}],"wp:attachment":[{"href":"https:\/\/eurlhosnakamel.dz\/dz\/wp-json\/wp\/v2\/media?parent=7241"}],"wp:term":[{"taxonomy":"product_cat","embeddable":true,"href":"https:\/\/eurlhosnakamel.dz\/dz\/wp-json\/wp\/v2\/product_cat?post=7241"},{"taxonomy":"product_tag","embeddable":true,"href":"https:\/\/eurlhosnakamel.dz\/dz\/wp-json\/wp\/v2\/product_tag?post=7241"}],"curies":[{"name":"wp","href":"https:\/\/api.w.org\/{rel}","templated":true}]}}